{"id":57631,"date":"2026-04-15T10:27:45","date_gmt":"2026-04-15T08:27:45","guid":{"rendered":"https:\/\/ironsky.pl\/sklep\/produkt\/dji-care-refresh-dji-osmo-pocket-3-karta\/"},"modified":"2026-04-15T10:28:17","modified_gmt":"2026-04-15T08:28:17","slug":"dji-care-refresh-dji-osmo-pocket-3-karta","status":"publish","type":"product","link":"https:\/\/ironsky.pl\/sklep\/produkt\/dji-care-refresh-dji-osmo-pocket-3-karta\/","title":{"rendered":"DJI Care Refresh DJI Osmo Pocket 3   &#8211; karta"},"content":{"rendered":"<h3>Ochrona serwisowa z DJI Care Refresh (plan roczny)<\/h3>\n<p>DJI Care Refresh to pakiet serwisowy umo\u017cliwiaj\u0105cy &#8211; odp\u0142atn\u0105 &#8211; wymian\u0119 uszkodzonego produktu na nowy. Obejmuje ona uszkodzenia powsta\u0142e nawet z winy u\u017cytkownika. Us\u0142uga mo\u017ce by\u0107 aktywowana w ka\u017cdym momencie &#8211; po 30 dniach od aktywacji urz\u0105dzenia konieczne b\u0119dzie przes\u0142anie do DJI <a href=\"https:\/\/repair.dji.com\/djicare\/customerupload\">filmu weryfikacyjnego<\/a>. \u0141\u0105czny czas us\u0142ugi, uwzgl\u0119dniaj\u0105c przed\u0142u\u017cenia wynosi 3 lata, a to a\u017c 6 wymian! Wi\u0119cej informacji znajdziesz poni\u017cej.<\/p>\n<p>\n<img decoding=\"async\" src=\"https:\/\/assets.innpro.pl\/16402\/21084\/01.png\" border=\"0\" alt=\"Zestaw urz\u0105dze\u0144 DJI, w tym gimbal, kamery i dron, u\u0142o\u017conych na jasnym tle\" \/>\n<\/p>\n<h3>DJI Osmo\u00a0Pocket 3<\/h3>\n<p>W przypadku DJI Pocket 3 koszt ka\u017cdej wymiany w ramach DJI Care Refresh wynosi: 219 PLN DJI Care Refresh (plan roczny) zapewnia dwie wymiany. DJI Care Refresh (pakiet 2-letni) zapewnia cztery wymiany.*<br \/>*W przypadku zg\u0142oszenia wypadku bezpo\u015brednio u producenta, kwota wymiany mo\u017ce ulec zmianie w zale\u017cno\u015bci od aktualnego kursu walut.<\/p>\n<p>\n<img decoding=\"async\" src=\"https:\/\/assets.innpro.pl\/16402\/21084\/2.png\" border=\"0\" alt=\"Zestaw akcesori\u00f3w DJI obejmuj\u0105cy kamer\u0119, etui, mikrofon, baterie i przewody na jasnym tle\" \/>\n<\/p>\n<h3>Jak aktywowa\u0107 DJI Care Refresh?<\/h3>\n<p>1. Wejd\u017a na stron\u0119 internetow\u0105 <a href=\"https:\/\/support.dji.com\/care\/active\">https:\/\/support.dji.com\/care\/active<\/a>.<\/p>\n<p>2. W trakcie procesu aktywacji podaj sw\u00f3j kod Care Refresh, numer seryjny urz\u0105dzenia (znajduje si\u0119 on bezpo\u015brednio na produkcie) oraz swoje dane (imi\u0119 i nazwisko, adres e-mail).<\/p>\n<p>3. Us\u0142uga zostanie aktywowana i automatycznie przypisana do odpowiedniego regionu. Potwierdzenie aktywacji DJI Care Refresh otrzymasz drog\u0105 mailow\u0105.<\/p>\n<p>\n<img decoding=\"async\" src=\"https:\/\/assets.innpro.pl\/16402\/21084\/5.jpg\" border=\"0\" alt=\"D\u0142o\u0144 trzyma kamer\u0119 DJI Osmo z ekranem, poni\u017cej ikony przedstawiaj\u0105ce kolizj\u0119, zu\u017cycie, utopienie i utrat\u0119 sygna\u0142u\" \/>\n<\/p>\n<h3>Wypadek \u2013 i co dalej?<\/h3>\n<p>Procedura post\u0119powania w razie wypadku jest bardzo prosta. Musisz tylko zg\u0142osi\u0107 awari\u0119 i wys\u0142a\u0107 uszkodzony sprz\u0119t do serwisu gwarancyjnego DJI \u2013 pami\u0119taj, aby doda\u0107 adnotacj\u0119, \u017ce masz wykupion\u0105 ochron\u0119 DJI Care Refresh. Gdy otrzymasz wycen\u0119 naprawy, zastan\u00f3w si\u0119, czy si\u0119 na ni\u0105 decydujesz, czy chcesz skorzysta\u0107 z wymiany w ramach us\u0142ugi. Je\u015bli wybierzesz drug\u0105 opcj\u0119, zap\u0142a\u0107 odpowiedni\u0105 kwot\u0119 \u2013 wymieniony sprz\u0119t otrzymasz priorytetowo. Co wi\u0119cej, je\u015bli znajdujesz si\u0119 w tym samym regionie, w kt\u00f3rym zakupiony zosta\u0142 pakiet serwisowy, koszty wysy\u0142ki pokryje producent!<\/p>\n<p>\u00a0<\/p>\n<p>1. Zg\u0142o\u015b usterk\u0119 i wy\u015blij produkt DJI do niemieckiego serwisu DJI z adnotacj\u0105, \u017ce masz DJI Care Refresh.<\/p>\n<p>2. Gdy otrzymasz wycen\u0119 naprawy, zdecyduj, czy chcesz z niej skorzysta\u0107, czy wolisz wymian\u0119 w ramach DJI Care Refresh.<\/p>\n<p>3. Po wybraniu opcji DJI Care Refresh zap\u0142a\u0107 za wymian\u0119 \u2013 nast\u0119pnie otrzymasz inny egzemplarz lub nowe cz\u0119\u015bci zamienne, na przyk\u0142ad gimbala, kamer\u0119, \u015bmig\u0142a.<\/p>\n<p>4. Wymieniony produkt zostanie do Ciebie dostarczony priorytetowo i z darmow\u0105 wysy\u0142k\u0105.<\/p>\n<p>\n<img decoding=\"async\" src=\"https:\/\/assets.innpro.pl\/16402\/21084\/4.jpg\" border=\"0\" alt=\"D\u0142o\u0144 montuje modu\u0142 na kamerze DJI Osmo, poni\u017cej ikony przedstawiaj\u0105ce etapy zg\u0142oszenia, wyceny, op\u0142aty i wysy\u0142ki\" \/>\n<\/p>\n<h3>Czego nie obejmuje DJI Care Refresh?<\/h3>\n<p>1) Zaginionego b\u0105d\u017a cz\u0119\u015bciowo zaginionego sprz\u0119tu.<\/p>\n<p>2) Skradzionego lub porzuconego produktu.<\/p>\n<p>3) Dodatkowych akcesori\u00f3w.<\/p>\n<p>4) Celowej utraty produktu.<\/p>\n<p>5) Uszkodze\u0144 obudowy, kt\u00f3re nie wp\u0142ywaj\u0105 na dzia\u0142anie produktu.<\/p>\n<p>6) Bezpo\u015brednich lub niebezpo\u015brednich uszkodze\u0144 spowodowanych dzia\u0142aniem si\u0142 wy\u017cszych.<\/p>\n<p>7) Usterek powsta\u0142ych poza okresem wa\u017cno\u015bci DJI Care Refresh.<\/p>\n<p>8) Dodatkowych op\u0142at zwi\u0105zanych z ulepszaniem modelu, poprawianiem jego osi\u0105g\u00f3w.<\/p>\n<p>9) Usterek wynikaj\u0105cych z przeprowadzania modyfikacji, kt\u00f3re nie s\u0105 zgodne z zaleceniami znajduj\u0105cymi si\u0119 w podr\u0119czniku u\u017cytkownika b\u0105d\u017a z u\u017cywania niekompatybilnych akumulator\u00f3w i \u0142adowarki.<\/p>\n<p>10) Usterek wynikaj\u0105cych z korzystania z nieautoryzowanych akcesori\u00f3w, akumulator\u00f3w b\u0105d\u017a oprogramowania.<\/p>\n<p>\n<img decoding=\"async\" src=\"https:\/\/assets.innpro.pl\/16402\/21084\/9.jpg\" border=\"0\" alt=\"raficzna ilustracja tarczy z zegarem symbolizuj\u0105ca ochron\u0119 i czas na jasnym tle\" \/>\n<\/p>\n<h3>Mo\u017cliwo\u015b\u0107 przed\u0142u\u017cenia ochrony*<\/h3>\n<p>Mo\u017cesz przed\u0142u\u017cy\u0107 swoj\u0105 ochron\u0119 serwisow\u0105 DJI Care Refresh do maksymalnie 3 lat. Je\u015bli chcesz to zrobi\u0107, wykup dodatkowy roczny plan.<\/p>\n<p>\u2022 W wypadku planu rocznego DJI Care Refresh mo\u017cliwe jest przed\u0142u\u017cenie ochrony 2 razy poprzez wykupienie 2 kolejnych plan\u00f3w rocznych:\u00a0<strong>plan roczny + plan roczny + plan roczny<\/strong>.<\/p>\n<p>\u2022 W wypadku planu 2-letniego DJI Care Refresh mo\u017cliwe jest przed\u0142u\u017cenie ochrony tylko raz poprzez wykupienie jednego dodatkowego planu rocznego:\u00a0<strong>plan 2-letni + plan roczny<\/strong>.<\/p>\n<p>Uwaga: nie ma mo\u017cliwo\u015bci przed\u0142u\u017cenia ochrony poprzez zakup kolejnego planu 2-letniego.<\/p>\n<p>Aby przed\u0142u\u017cy\u0107 ochron\u0119, nale\u017cy spe\u0142ni\u0107 nast\u0119puj\u0105ce warunki:<\/p>\n<p>\u2022 Zakup us\u0142ugi DJI Care Refresh w jednym z nast\u0119puj\u0105cych wariant\u00f3w: plan roczny DJI Care Refresh \/ plan 2-letni DJI Care Refresh \/ plan roczny DJI Care Refresh i DJI Care Refresh + \/ plan roczny DJI Care Refresh oraz dodatkowy plan roczny (odnowienie).<\/p>\n<p>\u2022 Okres wa\u017cno\u015bci zakupionej us\u0142ugi DJI Care Refresh jeszcze nie up\u0142yn\u0105\u0142 lub up\u0142yn\u0105\u0142 w ci\u0105gu 15 dni.<\/p>\n<p>\u00a0<\/p>\n<p>*Wi\u0119cej na temat DJI Care Refresh znajdziesz w\u00a0<a href=\"https:\/\/s3.eu-central-1.amazonaws.com\/files.innpro.pl\/DJI\/DJI-CARE.pdf\">tym<\/a>\u00a0dokumencie.<\/p>\n<div class=\"table-wrapper\">\n<\/div>\n","protected":false},"excerpt":{"rendered":"<p>Ochrona serwisowa z DJI Care Refresh (plan roczny) DJI Care Refresh to pakiet serwisowy umo\u017cliwiaj\u0105cy &#8211; odp\u0142atn\u0105 &#8211; wymian\u0119 uszkodzonego<\/p>\n","protected":false},"featured_media":0,"comment_status":"closed","ping_status":"open","template":"","meta":{"_acf_changed":false},"product_brand":[],"product_cat":[6166,1088],"product_tag":[],"class_list":{"0":"post-57631","1":"product","2":"type-product","3":"status-publish","5":"product_cat-dji-care-refresh","6":"product_cat-drony","7":"pa_producent-dji","9":"first","10":"instock","11":"taxable","12":"shipping-taxable","13":"purchasable","14":"product-type-simple"},"acf":[],"yoast_head":"<!-- This site is optimized with the Yoast SEO plugin v27.2 - https:\/\/yoast.com\/product\/yoast-seo-wordpress\/ -->\n<title>DJI Care Refresh DJI Osmo Pocket 3  - karta - IRONSKY.PL Sklep z Dronami<\/title>\n<meta name=\"description\" content=\"DJI Care Refresh DJI Osmo Pocket 3  - karta - \u2705 sklep z dronami i fachowym doradztwem. \u2705 Tutaj kupisz produkty DJI, Yuneec, Parrot, Syma i wiele innych, a tak\u017ce kursy i licencje na operatora drona.\" \/>\n<meta name=\"robots\" content=\"index, follow, max-snippet:-1, max-image-preview:large, max-video-preview:-1\" \/>\n<link rel=\"canonical\" href=\"https:\/\/ironsky.pl\/sklep\/produkt\/dji-care-refresh-dji-osmo-pocket-3-karta\/\" \/>\n<meta property=\"og:locale\" content=\"pl_PL\" \/>\n<meta property=\"og:type\" content=\"article\" \/>\n<meta property=\"og:title\" content=\"DJI Care Refresh DJI Osmo Pocket 3  - karta - IRONSKY.PL Sklep z Dronami\" \/>\n<meta property=\"og:description\" content=\"DJI Care Refresh DJI Osmo Pocket 3  - karta - \u2705 sklep z dronami i fachowym doradztwem. \u2705 Tutaj kupisz produkty DJI, Yuneec, Parrot, Syma i wiele innych, a tak\u017ce kursy i licencje na operatora drona.\" \/>\n<meta property=\"og:url\" content=\"https:\/\/ironsky.pl\/sklep\/produkt\/dji-care-refresh-dji-osmo-pocket-3-karta\/\" \/>\n<meta property=\"og:site_name\" content=\"IRONSKY.PL Sklep z Dronami\" \/>\n<meta property=\"article:modified_time\" content=\"2026-04-15T08:28:17+00:00\" \/>\n<meta property=\"og:image\" content=\"https:\/\/assets.innpro.pl\/16402\/21084\/01.png\" \/>\n<meta name=\"twitter:card\" content=\"summary_large_image\" \/>\n<meta name=\"twitter:label1\" content=\"Szacowany czas czytania\" \/>\n\t<meta name=\"twitter:data1\" content=\"3 minuty\" \/>\n<script type=\"application\/ld+json\" class=\"yoast-schema-graph\">{\"@context\":\"https:\/\/schema.org\",\"@graph\":[{\"@type\":\"WebPage\",\"@id\":\"https:\/\/ironsky.pl\/sklep\/produkt\/dji-care-refresh-dji-osmo-pocket-3-karta\/\",\"url\":\"https:\/\/ironsky.pl\/sklep\/produkt\/dji-care-refresh-dji-osmo-pocket-3-karta\/\",\"name\":\"DJI Care Refresh DJI Osmo Pocket 3 - karta - IRONSKY.PL Sklep z Dronami\",\"isPartOf\":{\"@id\":\"https:\/\/ironsky.pl\/sklep\/#website\"},\"primaryImageOfPage\":{\"@id\":\"https:\/\/ironsky.pl\/sklep\/produkt\/dji-care-refresh-dji-osmo-pocket-3-karta\/#primaryimage\"},\"image\":{\"@id\":\"https:\/\/ironsky.pl\/sklep\/produkt\/dji-care-refresh-dji-osmo-pocket-3-karta\/#primaryimage\"},\"thumbnailUrl\":\"https:\/\/assets.innpro.pl\/16402\/21084\/01.png\",\"datePublished\":\"2026-04-15T08:27:45+00:00\",\"dateModified\":\"2026-04-15T08:28:17+00:00\",\"description\":\"DJI Care Refresh DJI Osmo Pocket 3 - karta - \u2705 sklep z dronami i fachowym doradztwem. \u2705 Tutaj kupisz produkty DJI, Yuneec, Parrot, Syma i wiele innych, a tak\u017ce kursy i licencje na operatora drona.\",\"breadcrumb\":{\"@id\":\"https:\/\/ironsky.pl\/sklep\/produkt\/dji-care-refresh-dji-osmo-pocket-3-karta\/#breadcrumb\"},\"inLanguage\":\"pl-PL\",\"potentialAction\":[{\"@type\":\"ReadAction\",\"target\":[\"https:\/\/ironsky.pl\/sklep\/produkt\/dji-care-refresh-dji-osmo-pocket-3-karta\/\"]}]},{\"@type\":\"ImageObject\",\"inLanguage\":\"pl-PL\",\"@id\":\"https:\/\/ironsky.pl\/sklep\/produkt\/dji-care-refresh-dji-osmo-pocket-3-karta\/#primaryimage\",\"url\":\"https:\/\/assets.innpro.pl\/16402\/21084\/01.png\",\"contentUrl\":\"https:\/\/assets.innpro.pl\/16402\/21084\/01.png\"},{\"@type\":\"BreadcrumbList\",\"@id\":\"https:\/\/ironsky.pl\/sklep\/produkt\/dji-care-refresh-dji-osmo-pocket-3-karta\/#breadcrumb\",\"itemListElement\":[{\"@type\":\"ListItem\",\"position\":1,\"name\":\"Strona g\u0142\u00f3wna\",\"item\":\"https:\/\/ironsky.pl\/sklep\/\"},{\"@type\":\"ListItem\",\"position\":2,\"name\":\"Wszystkie produkty\",\"item\":\"https:\/\/ironsky.pl\/sklep\/produkty\/\"},{\"@type\":\"ListItem\",\"position\":3,\"name\":\"DJI Care Refresh DJI Osmo Pocket 3 &#8211; karta\"}]},{\"@type\":\"WebSite\",\"@id\":\"https:\/\/ironsky.pl\/sklep\/#website\",\"url\":\"https:\/\/ironsky.pl\/sklep\/\",\"name\":\"IRONSKY.PL Sklep z Dronami\",\"description\":\"IRONSKY.PL Sklep z Dronami\",\"potentialAction\":[{\"@type\":\"SearchAction\",\"target\":{\"@type\":\"EntryPoint\",\"urlTemplate\":\"https:\/\/ironsky.pl\/sklep\/?s={search_term_string}\"},\"query-input\":{\"@type\":\"PropertyValueSpecification\",\"valueRequired\":true,\"valueName\":\"search_term_string\"}}],\"inLanguage\":\"pl-PL\"}]}<\/script>\n<!-- \/ Yoast SEO plugin. -->","yoast_head_json":{"title":"DJI Care Refresh DJI Osmo Pocket 3  - karta - IRONSKY.PL Sklep z Dronami","description":"DJI Care Refresh DJI Osmo Pocket 3  - karta - \u2705 sklep z dronami i fachowym doradztwem. \u2705 Tutaj kupisz produkty DJI, Yuneec, Parrot, Syma i wiele innych, a tak\u017ce kursy i licencje na operatora drona.","robots":{"index":"index","follow":"follow","max-snippet":"max-snippet:-1","max-image-preview":"max-image-preview:large","max-video-preview":"max-video-preview:-1"},"canonical":"https:\/\/ironsky.pl\/sklep\/produkt\/dji-care-refresh-dji-osmo-pocket-3-karta\/","og_locale":"pl_PL","og_type":"article","og_title":"DJI Care Refresh DJI Osmo Pocket 3  - karta - IRONSKY.PL Sklep z Dronami","og_description":"DJI Care Refresh DJI Osmo Pocket 3  - karta - \u2705 sklep z dronami i fachowym doradztwem. \u2705 Tutaj kupisz produkty DJI, Yuneec, Parrot, Syma i wiele innych, a tak\u017ce kursy i licencje na operatora drona.","og_url":"https:\/\/ironsky.pl\/sklep\/produkt\/dji-care-refresh-dji-osmo-pocket-3-karta\/","og_site_name":"IRONSKY.PL Sklep z Dronami","article_modified_time":"2026-04-15T08:28:17+00:00","og_image":[{"url":"https:\/\/assets.innpro.pl\/16402\/21084\/01.png","type":"","width":"","height":""}],"twitter_card":"summary_large_image","twitter_misc":{"Szacowany czas czytania":"3 minuty"},"schema":{"@context":"https:\/\/schema.org","@graph":[{"@type":"WebPage","@id":"https:\/\/ironsky.pl\/sklep\/produkt\/dji-care-refresh-dji-osmo-pocket-3-karta\/","url":"https:\/\/ironsky.pl\/sklep\/produkt\/dji-care-refresh-dji-osmo-pocket-3-karta\/","name":"DJI Care Refresh DJI Osmo Pocket 3 - karta - IRONSKY.PL Sklep z Dronami","isPartOf":{"@id":"https:\/\/ironsky.pl\/sklep\/#website"},"primaryImageOfPage":{"@id":"https:\/\/ironsky.pl\/sklep\/produkt\/dji-care-refresh-dji-osmo-pocket-3-karta\/#primaryimage"},"image":{"@id":"https:\/\/ironsky.pl\/sklep\/produkt\/dji-care-refresh-dji-osmo-pocket-3-karta\/#primaryimage"},"thumbnailUrl":"https:\/\/assets.innpro.pl\/16402\/21084\/01.png","datePublished":"2026-04-15T08:27:45+00:00","dateModified":"2026-04-15T08:28:17+00:00","description":"DJI Care Refresh DJI Osmo Pocket 3 - karta - \u2705 sklep z dronami i fachowym doradztwem. \u2705 Tutaj kupisz produkty DJI, Yuneec, Parrot, Syma i wiele innych, a tak\u017ce kursy i licencje na operatora drona.","breadcrumb":{"@id":"https:\/\/ironsky.pl\/sklep\/produkt\/dji-care-refresh-dji-osmo-pocket-3-karta\/#breadcrumb"},"inLanguage":"pl-PL","potentialAction":[{"@type":"ReadAction","target":["https:\/\/ironsky.pl\/sklep\/produkt\/dji-care-refresh-dji-osmo-pocket-3-karta\/"]}]},{"@type":"ImageObject","inLanguage":"pl-PL","@id":"https:\/\/ironsky.pl\/sklep\/produkt\/dji-care-refresh-dji-osmo-pocket-3-karta\/#primaryimage","url":"https:\/\/assets.innpro.pl\/16402\/21084\/01.png","contentUrl":"https:\/\/assets.innpro.pl\/16402\/21084\/01.png"},{"@type":"BreadcrumbList","@id":"https:\/\/ironsky.pl\/sklep\/produkt\/dji-care-refresh-dji-osmo-pocket-3-karta\/#breadcrumb","itemListElement":[{"@type":"ListItem","position":1,"name":"Strona g\u0142\u00f3wna","item":"https:\/\/ironsky.pl\/sklep\/"},{"@type":"ListItem","position":2,"name":"Wszystkie produkty","item":"https:\/\/ironsky.pl\/sklep\/produkty\/"},{"@type":"ListItem","position":3,"name":"DJI Care Refresh DJI Osmo Pocket 3 &#8211; karta"}]},{"@type":"WebSite","@id":"https:\/\/ironsky.pl\/sklep\/#website","url":"https:\/\/ironsky.pl\/sklep\/","name":"IRONSKY.PL Sklep z Dronami","description":"IRONSKY.PL Sklep z Dronami","potentialAction":[{"@type":"SearchAction","target":{"@type":"EntryPoint","urlTemplate":"https:\/\/ironsky.pl\/sklep\/?s={search_term_string}"},"query-input":{"@type":"PropertyValueSpecification","valueRequired":true,"valueName":"search_term_string"}}],"inLanguage":"pl-PL"}]}},"_links":{"self":[{"href":"https:\/\/ironsky.pl\/sklep\/wp-json\/wp\/v2\/product\/57631","targetHints":{"allow":["GET"]}}],"collection":[{"href":"https:\/\/ironsky.pl\/sklep\/wp-json\/wp\/v2\/product"}],"about":[{"href":"https:\/\/ironsky.pl\/sklep\/wp-json\/wp\/v2\/types\/product"}],"replies":[{"embeddable":true,"href":"https:\/\/ironsky.pl\/sklep\/wp-json\/wp\/v2\/comments?post=57631"}],"wp:attachment":[{"href":"https:\/\/ironsky.pl\/sklep\/wp-json\/wp\/v2\/media?parent=57631"}],"wp:term":[{"taxonomy":"product_brand","embeddable":true,"href":"https:\/\/ironsky.pl\/sklep\/wp-json\/wp\/v2\/product_brand?post=57631"},{"taxonomy":"product_cat","embeddable":true,"href":"https:\/\/ironsky.pl\/sklep\/wp-json\/wp\/v2\/product_cat?post=57631"},{"taxonomy":"product_tag","embeddable":true,"href":"https:\/\/ironsky.pl\/sklep\/wp-json\/wp\/v2\/product_tag?post=57631"}],"curies":[{"name":"wp","href":"https:\/\/api.w.org\/{rel}","templated":true}]}}