{"id":57630,"date":"2026-04-15T10:27:45","date_gmt":"2026-04-15T08:27:45","guid":{"rendered":"https:\/\/ironsky.pl\/sklep\/produkt\/przenosny-ekran-projekcyjny-blitzwolf-bw-vs6-120-2\/"},"modified":"2026-04-15T10:28:16","modified_gmt":"2026-04-15T08:28:16","slug":"przenosny-ekran-projekcyjny-blitzwolf-bw-vs6-120-2","status":"publish","type":"product","link":"https:\/\/ironsky.pl\/sklep\/produkt\/przenosny-ekran-projekcyjny-blitzwolf-bw-vs6-120-2\/","title":{"rendered":"Przeno\u015bny ekran projekcyjny BlitzWolf BW-VS6 120&#8243;"},"content":{"rendered":"<h3>Przeno\u015bny ekran projekcyjny BlitzWolf BW-VS6 120&#8243;<\/h3>\n<p>Poczuj si\u0119 jak w kinie, gdzie tylko zechcesz. Przeno\u015bny ekran projekcyjny BlitzWolf BW-VS6 \u015bwietnie sprawdzi si\u0119 zar\u00f3wno w domu, jak i w ogrodzie \u2013 dzi\u0119ki stabilnej podstawie nie b\u0119dzie si\u0119 chwia\u0142 ani przewraca\u0142. Pozwala cieszy\u0107 si\u0119 doskona\u0142\u0105 jako\u015bci\u0105 obrazu i wiernym odwzorowaniem kolor\u00f3w, a do jego wykonania zastosowano trwa\u0142e, solidne materia\u0142y. Ekran jest te\u017c bardzo prosty w monta\u017cu i wygodny w transporcie.<\/p>\n<p><img decoding=\"async\" src=\"https:\/\/b2b.innpro.pl\/data\/include\/cms\/12Blitzwolf\/BW-VS6-120inch\/4.jpg\" alt=\"12Blitzwolf\/BW-VS6-120inch\/4\"><\/p>\n<h3>\u015awietna jako\u015b\u0107 obrazu<\/h3>\n<p>Do\u015bwiadcz niezapomnianych emocji podczas ogl\u0105dania film\u00f3w czy seriali. Ekran BlitzWolf doskonale nadaje si\u0119 do wy\u015bwietlania obrazu w 4K i zapewnia szeroki k\u0105t widzenia 160\u00b0 \u2013 teraz w dowolnym miejscu poczujesz si\u0119 jak na sali kinowej! Model BW-VS6 zapewnia te\u017c \u015bwietnie odwzorowane, \u017cywe, naturalne kolory. Teraz ogl\u0105danie film\u00f3w mo\u017ce by\u0107 jeszcze przyjemniejsze!<\/p>\n<p><img decoding=\"async\" src=\"https:\/\/b2b.innpro.pl\/data\/include\/cms\/12Blitzwolf\/BW-VS6-120inch\/3.jpg\" alt=\"12Blitzwolf\/BW-VS6-120inch\/3\"><\/p>\n<h3>Najwy\u017csza jako\u015b\u0107 wykonania<\/h3>\n<p>Podstawa BW-VS6 powsta\u0142a z trwa\u0142ego stopu aluminium, dzi\u0119ki czemu jest bardzo stabilna i odporna na uszkodzenia. Z kolei do wykonania ekranu zastosowano wzmocniony poliester, kt\u00f3ry jest wyj\u0105tkowo wytrzyma\u0142y i si\u0119 nie marszczy \u2013 nie obawiaj si\u0119 niechcianych fa\u0142d czy zniekszta\u0142ce\u0144.<\/p>\n<p><img decoding=\"async\" src=\"https:\/\/b2b.innpro.pl\/data\/include\/cms\/12Blitzwolf\/BW-VS6-120inch\/1.jpg\" alt=\"12Blitzwolf\/BW-VS6-120inch\/1\"><\/p>\n<h3>Prosty monta\u017c i transport<\/h3>\n<p>Impreza ze znajomymi, grill w ogrodzie, wiecz\u00f3r filmowy z bliskimi czy camping \u2013 ekran BW-VS6 sprawdzi si\u0119 w tych i wielu innych sytuacjach. Jego monta\u017c jest bardzo prosty i szybki, a dzi\u0119ki do\u0142\u0105czonym do zestawu akcesoriom mo\u017cesz bez przeszk\u00f3d korzysta\u0107 z niego na dworze \u2013 nawet gdy wieje wiatr. Nie obawiaj si\u0119, \u017ce b\u0119dzie si\u0119 chwia\u0107 albo si\u0119 przewr\u00f3ci! Co wi\u0119cej, po z\u0142o\u017ceniu ekran zajmuje naprawd\u0119 niewiele miejsca \u2013 z \u0142atwo\u015bci\u0105 zmie\u015bcisz go w torbie i zabierzesz ze sob\u0105, gdzie tylko zechcesz.<\/p>\n<p><img decoding=\"async\" src=\"https:\/\/b2b.innpro.pl\/data\/include\/cms\/12Blitzwolf\/BW-VS6-120inch\/2.jpg\" alt=\"12Blitzwolf\/BW-VS6-120inch\/2\"><\/p>\n<h3>W zestawie<\/h3>\n<ul>\n<li>Ekran projekcyjny<\/li>\n<li>Podstawa<\/li>\n<li>Akcesoria monta\u017cowe<\/li>\n<\/ul>\n<div class=\"table-wrapper\">\n<table>\n<tbody>\n<tr>\n<th>Producent<\/th>\n<td>BlitzWolf<\/td>\n<\/tr>\n<tr>\n<th>Model<\/th>\n<td>BW-VS6<\/td>\n<\/tr>\n<tr>\n<th>Rozmiar<\/th>\n<td>120&#8243;<\/td>\n<\/tr>\n<tr>\n<th>K\u0105t widzenia<\/th>\n<td>160\u00b0<\/td>\n<\/tr>\n<tr>\n<th>Wymiary projekcji<\/th>\n<td>265 x 149 cm<\/td>\n<\/tr>\n<tr>\n<th>Wymiary po roz\u0142o\u017ceniu<\/th>\n<td>276 x 207 x 49 cm<\/td>\n<\/tr>\n<\/tbody>\n<\/table>\n<\/div>\n","protected":false},"excerpt":{"rendered":"<p>Przeno\u015bny ekran projekcyjny BlitzWolf BW-VS6 120&#8243; Poczuj si\u0119 jak w kinie, gdzie tylko zechcesz. Przeno\u015bny ekran projekcyjny BlitzWolf BW-VS6 \u015bwietnie<\/p>\n","protected":false},"featured_media":44227,"comment_status":"closed","ping_status":"open","template":"","meta":{"_acf_changed":false},"product_brand":[],"product_cat":[5929,5971,5953],"product_tag":[],"class_list":{"0":"post-57630","1":"product","2":"type-product","3":"status-publish","4":"has-post-thumbnail","6":"product_cat-akcesoria-it","7":"product_cat-ekrany-projekcyjne","8":"product_cat-projekcja","9":"pa_okres-gwarancji-5768","10":"pa_producent-blitzwolf","12":"first","13":"outofstock","14":"taxable","15":"shipping-taxable","16":"purchasable","17":"product-type-simple"},"acf":[],"yoast_head":"<!-- This site is optimized with the Yoast SEO plugin v27.2 - https:\/\/yoast.com\/product\/yoast-seo-wordpress\/ -->\n<title>Przeno\u015bny ekran projekcyjny BlitzWolf BW-VS6 120&quot; - IRONSKY.PL Sklep z Dronami<\/title>\n<meta name=\"description\" content=\"Przeno\u015bny ekran projekcyjny BlitzWolf BW-VS6 120&quot; - \u2705 sklep z dronami i fachowym doradztwem. \u2705 Tutaj kupisz produkty DJI, Yuneec, Parrot, Syma i wiele innych, a tak\u017ce kursy i licencje na operatora drona.\" \/>\n<meta name=\"robots\" content=\"index, follow, max-snippet:-1, max-image-preview:large, max-video-preview:-1\" \/>\n<link rel=\"canonical\" href=\"https:\/\/ironsky.pl\/sklep\/produkt\/przenosny-ekran-projekcyjny-blitzwolf-bw-vs6-120-2\/\" \/>\n<meta property=\"og:locale\" content=\"pl_PL\" \/>\n<meta property=\"og:type\" content=\"article\" \/>\n<meta property=\"og:title\" content=\"Przeno\u015bny ekran projekcyjny BlitzWolf BW-VS6 120&quot; - IRONSKY.PL Sklep z Dronami\" \/>\n<meta property=\"og:description\" content=\"Przeno\u015bny ekran projekcyjny BlitzWolf BW-VS6 120&quot; - \u2705 sklep z dronami i fachowym doradztwem. \u2705 Tutaj kupisz produkty DJI, Yuneec, Parrot, Syma i wiele innych, a tak\u017ce kursy i licencje na operatora drona.\" \/>\n<meta property=\"og:url\" content=\"https:\/\/ironsky.pl\/sklep\/produkt\/przenosny-ekran-projekcyjny-blitzwolf-bw-vs6-120-2\/\" \/>\n<meta property=\"og:site_name\" content=\"IRONSKY.PL Sklep z Dronami\" \/>\n<meta property=\"article:modified_time\" content=\"2026-04-15T08:28:16+00:00\" \/>\n<meta property=\"og:image\" content=\"https:\/\/ironsky.pl\/sklep\/wp-content\/uploads\/2025\/06\/35929_1.jpg\" \/>\n\t<meta property=\"og:image:width\" content=\"800\" \/>\n\t<meta property=\"og:image:height\" content=\"800\" \/>\n\t<meta property=\"og:image:type\" content=\"image\/jpeg\" \/>\n<meta name=\"twitter:card\" content=\"summary_large_image\" \/>\n<meta name=\"twitter:label1\" content=\"Szacowany czas czytania\" \/>\n\t<meta name=\"twitter:data1\" content=\"2 minuty\" \/>\n<script type=\"application\/ld+json\" class=\"yoast-schema-graph\">{\"@context\":\"https:\/\/schema.org\",\"@graph\":[{\"@type\":\"WebPage\",\"@id\":\"https:\/\/ironsky.pl\/sklep\/produkt\/przenosny-ekran-projekcyjny-blitzwolf-bw-vs6-120-2\/\",\"url\":\"https:\/\/ironsky.pl\/sklep\/produkt\/przenosny-ekran-projekcyjny-blitzwolf-bw-vs6-120-2\/\",\"name\":\"Przeno\u015bny ekran projekcyjny BlitzWolf BW-VS6 120\\\" - IRONSKY.PL Sklep z Dronami\",\"isPartOf\":{\"@id\":\"https:\/\/ironsky.pl\/sklep\/#website\"},\"primaryImageOfPage\":{\"@id\":\"https:\/\/ironsky.pl\/sklep\/produkt\/przenosny-ekran-projekcyjny-blitzwolf-bw-vs6-120-2\/#primaryimage\"},\"image\":{\"@id\":\"https:\/\/ironsky.pl\/sklep\/produkt\/przenosny-ekran-projekcyjny-blitzwolf-bw-vs6-120-2\/#primaryimage\"},\"thumbnailUrl\":\"https:\/\/ironsky.pl\/sklep\/wp-content\/uploads\/2025\/06\/35929_1.jpg\",\"datePublished\":\"2026-04-15T08:27:45+00:00\",\"dateModified\":\"2026-04-15T08:28:16+00:00\",\"description\":\"Przeno\u015bny ekran projekcyjny BlitzWolf BW-VS6 120\\\" - \u2705 sklep z dronami i fachowym doradztwem. \u2705 Tutaj kupisz produkty DJI, Yuneec, Parrot, Syma i wiele innych, a tak\u017ce kursy i licencje na operatora drona.\",\"breadcrumb\":{\"@id\":\"https:\/\/ironsky.pl\/sklep\/produkt\/przenosny-ekran-projekcyjny-blitzwolf-bw-vs6-120-2\/#breadcrumb\"},\"inLanguage\":\"pl-PL\",\"potentialAction\":[{\"@type\":\"ReadAction\",\"target\":[\"https:\/\/ironsky.pl\/sklep\/produkt\/przenosny-ekran-projekcyjny-blitzwolf-bw-vs6-120-2\/\"]}]},{\"@type\":\"ImageObject\",\"inLanguage\":\"pl-PL\",\"@id\":\"https:\/\/ironsky.pl\/sklep\/produkt\/przenosny-ekran-projekcyjny-blitzwolf-bw-vs6-120-2\/#primaryimage\",\"url\":\"https:\/\/ironsky.pl\/sklep\/wp-content\/uploads\/2025\/06\/35929_1.jpg\",\"contentUrl\":\"https:\/\/ironsky.pl\/sklep\/wp-content\/uploads\/2025\/06\/35929_1.jpg\",\"width\":800,\"height\":800},{\"@type\":\"BreadcrumbList\",\"@id\":\"https:\/\/ironsky.pl\/sklep\/produkt\/przenosny-ekran-projekcyjny-blitzwolf-bw-vs6-120-2\/#breadcrumb\",\"itemListElement\":[{\"@type\":\"ListItem\",\"position\":1,\"name\":\"Strona g\u0142\u00f3wna\",\"item\":\"https:\/\/ironsky.pl\/sklep\/\"},{\"@type\":\"ListItem\",\"position\":2,\"name\":\"Wszystkie produkty\",\"item\":\"https:\/\/ironsky.pl\/sklep\/produkty\/\"},{\"@type\":\"ListItem\",\"position\":3,\"name\":\"Przeno\u015bny ekran projekcyjny BlitzWolf BW-VS6 120&#8243;\"}]},{\"@type\":\"WebSite\",\"@id\":\"https:\/\/ironsky.pl\/sklep\/#website\",\"url\":\"https:\/\/ironsky.pl\/sklep\/\",\"name\":\"IRONSKY.PL Sklep z Dronami\",\"description\":\"IRONSKY.PL Sklep z Dronami\",\"potentialAction\":[{\"@type\":\"SearchAction\",\"target\":{\"@type\":\"EntryPoint\",\"urlTemplate\":\"https:\/\/ironsky.pl\/sklep\/?s={search_term_string}\"},\"query-input\":{\"@type\":\"PropertyValueSpecification\",\"valueRequired\":true,\"valueName\":\"search_term_string\"}}],\"inLanguage\":\"pl-PL\"}]}<\/script>\n<!-- \/ Yoast SEO plugin. -->","yoast_head_json":{"title":"Przeno\u015bny ekran projekcyjny BlitzWolf BW-VS6 120\" - IRONSKY.PL Sklep z Dronami","description":"Przeno\u015bny ekran projekcyjny BlitzWolf BW-VS6 120\" - \u2705 sklep z dronami i fachowym doradztwem. \u2705 Tutaj kupisz produkty DJI, Yuneec, Parrot, Syma i wiele innych, a tak\u017ce kursy i licencje na operatora drona.","robots":{"index":"index","follow":"follow","max-snippet":"max-snippet:-1","max-image-preview":"max-image-preview:large","max-video-preview":"max-video-preview:-1"},"canonical":"https:\/\/ironsky.pl\/sklep\/produkt\/przenosny-ekran-projekcyjny-blitzwolf-bw-vs6-120-2\/","og_locale":"pl_PL","og_type":"article","og_title":"Przeno\u015bny ekran projekcyjny BlitzWolf BW-VS6 120\" - IRONSKY.PL Sklep z Dronami","og_description":"Przeno\u015bny ekran projekcyjny BlitzWolf BW-VS6 120\" - \u2705 sklep z dronami i fachowym doradztwem. \u2705 Tutaj kupisz produkty DJI, Yuneec, Parrot, Syma i wiele innych, a tak\u017ce kursy i licencje na operatora drona.","og_url":"https:\/\/ironsky.pl\/sklep\/produkt\/przenosny-ekran-projekcyjny-blitzwolf-bw-vs6-120-2\/","og_site_name":"IRONSKY.PL Sklep z Dronami","article_modified_time":"2026-04-15T08:28:16+00:00","og_image":[{"width":800,"height":800,"url":"https:\/\/ironsky.pl\/sklep\/wp-content\/uploads\/2025\/06\/35929_1.jpg","type":"image\/jpeg"}],"twitter_card":"summary_large_image","twitter_misc":{"Szacowany czas czytania":"2 minuty"},"schema":{"@context":"https:\/\/schema.org","@graph":[{"@type":"WebPage","@id":"https:\/\/ironsky.pl\/sklep\/produkt\/przenosny-ekran-projekcyjny-blitzwolf-bw-vs6-120-2\/","url":"https:\/\/ironsky.pl\/sklep\/produkt\/przenosny-ekran-projekcyjny-blitzwolf-bw-vs6-120-2\/","name":"Przeno\u015bny ekran projekcyjny BlitzWolf BW-VS6 120\" - IRONSKY.PL Sklep z Dronami","isPartOf":{"@id":"https:\/\/ironsky.pl\/sklep\/#website"},"primaryImageOfPage":{"@id":"https:\/\/ironsky.pl\/sklep\/produkt\/przenosny-ekran-projekcyjny-blitzwolf-bw-vs6-120-2\/#primaryimage"},"image":{"@id":"https:\/\/ironsky.pl\/sklep\/produkt\/przenosny-ekran-projekcyjny-blitzwolf-bw-vs6-120-2\/#primaryimage"},"thumbnailUrl":"https:\/\/ironsky.pl\/sklep\/wp-content\/uploads\/2025\/06\/35929_1.jpg","datePublished":"2026-04-15T08:27:45+00:00","dateModified":"2026-04-15T08:28:16+00:00","description":"Przeno\u015bny ekran projekcyjny BlitzWolf BW-VS6 120\" - \u2705 sklep z dronami i fachowym doradztwem. \u2705 Tutaj kupisz produkty DJI, Yuneec, Parrot, Syma i wiele innych, a tak\u017ce kursy i licencje na operatora drona.","breadcrumb":{"@id":"https:\/\/ironsky.pl\/sklep\/produkt\/przenosny-ekran-projekcyjny-blitzwolf-bw-vs6-120-2\/#breadcrumb"},"inLanguage":"pl-PL","potentialAction":[{"@type":"ReadAction","target":["https:\/\/ironsky.pl\/sklep\/produkt\/przenosny-ekran-projekcyjny-blitzwolf-bw-vs6-120-2\/"]}]},{"@type":"ImageObject","inLanguage":"pl-PL","@id":"https:\/\/ironsky.pl\/sklep\/produkt\/przenosny-ekran-projekcyjny-blitzwolf-bw-vs6-120-2\/#primaryimage","url":"https:\/\/ironsky.pl\/sklep\/wp-content\/uploads\/2025\/06\/35929_1.jpg","contentUrl":"https:\/\/ironsky.pl\/sklep\/wp-content\/uploads\/2025\/06\/35929_1.jpg","width":800,"height":800},{"@type":"BreadcrumbList","@id":"https:\/\/ironsky.pl\/sklep\/produkt\/przenosny-ekran-projekcyjny-blitzwolf-bw-vs6-120-2\/#breadcrumb","itemListElement":[{"@type":"ListItem","position":1,"name":"Strona g\u0142\u00f3wna","item":"https:\/\/ironsky.pl\/sklep\/"},{"@type":"ListItem","position":2,"name":"Wszystkie produkty","item":"https:\/\/ironsky.pl\/sklep\/produkty\/"},{"@type":"ListItem","position":3,"name":"Przeno\u015bny ekran projekcyjny BlitzWolf BW-VS6 120&#8243;"}]},{"@type":"WebSite","@id":"https:\/\/ironsky.pl\/sklep\/#website","url":"https:\/\/ironsky.pl\/sklep\/","name":"IRONSKY.PL Sklep z Dronami","description":"IRONSKY.PL Sklep z Dronami","potentialAction":[{"@type":"SearchAction","target":{"@type":"EntryPoint","urlTemplate":"https:\/\/ironsky.pl\/sklep\/?s={search_term_string}"},"query-input":{"@type":"PropertyValueSpecification","valueRequired":true,"valueName":"search_term_string"}}],"inLanguage":"pl-PL"}]}},"_links":{"self":[{"href":"https:\/\/ironsky.pl\/sklep\/wp-json\/wp\/v2\/product\/57630","targetHints":{"allow":["GET"]}}],"collection":[{"href":"https:\/\/ironsky.pl\/sklep\/wp-json\/wp\/v2\/product"}],"about":[{"href":"https:\/\/ironsky.pl\/sklep\/wp-json\/wp\/v2\/types\/product"}],"replies":[{"embeddable":true,"href":"https:\/\/ironsky.pl\/sklep\/wp-json\/wp\/v2\/comments?post=57630"}],"wp:featuredmedia":[{"embeddable":true,"href":"https:\/\/ironsky.pl\/sklep\/wp-json\/wp\/v2\/media\/44227"}],"wp:attachment":[{"href":"https:\/\/ironsky.pl\/sklep\/wp-json\/wp\/v2\/media?parent=57630"}],"wp:term":[{"taxonomy":"product_brand","embeddable":true,"href":"https:\/\/ironsky.pl\/sklep\/wp-json\/wp\/v2\/product_brand?post=57630"},{"taxonomy":"product_cat","embeddable":true,"href":"https:\/\/ironsky.pl\/sklep\/wp-json\/wp\/v2\/product_cat?post=57630"},{"taxonomy":"product_tag","embeddable":true,"href":"https:\/\/ironsky.pl\/sklep\/wp-json\/wp\/v2\/product_tag?post=57630"}],"curies":[{"name":"wp","href":"https:\/\/api.w.org\/{rel}","templated":true}]}}