{"id":57628,"date":"2026-04-15T10:27:45","date_gmt":"2026-04-15T08:27:45","guid":{"rendered":"https:\/\/ironsky.pl\/sklep\/produkt\/subskrypcja-imou-protect-basic-1-rok\/"},"modified":"2026-04-15T10:28:14","modified_gmt":"2026-04-15T08:28:14","slug":"subskrypcja-imou-protect-basic-1-rok","status":"publish","type":"product","link":"https:\/\/ironsky.pl\/sklep\/produkt\/subskrypcja-imou-protect-basic-1-rok\/","title":{"rendered":"Subskrypcja IMOU Protect Basic 1 rok"},"content":{"rendered":"<h3>Karta IMOU Protect Basic (Plan Roczny)<\/h3>\n<p>Z kart\u0105 zyskujesz roczn\u0105 subskrypcj\u0119 wspieraj\u0105c\u0105 dla Twoich produkt\u00f3w IMOU. W jej ramach otrzymujesz zaawansowan\u0105 technologi\u0119 przetwarzania w chmurze, a tak\u017ce ulepszone zabezpieczenia. Wybierz IMOU Protect i ciesz si\u0119 jeszcze wi\u0119kszym komfortem. Uwaga: Abonament jest przeznaczony tylko dla pojedynczej kamery, nie dotyczy kamer typu DUAL.<\/p>\n<p><img decoding=\"async\" src=\"https:\/\/b2b.innpro.pl\/data\/include\/cms\/IMOU\/IOAB\/4.jpg\" border=\"0\" alt=\"IMOU\/IOAB\/4\" \/><\/p>\n<h3>Bezpiecze\u0144stwo przechowywania danych<\/h3>\n<p>Po\u017cegnaj tradycyjne karty SD i ich ograniczenia. System przechowywania danych w chmurze to cz\u0119\u015b\u0107 pakietu Imou Protect, kt\u00f3ra umo\u017cliwia ci przechowywanie i udost\u0119pnianie nagra\u0144 przez okres do 7 dni, zapewniaj\u0105c jednocze\u015bnie maksymaln\u0105 ochron\u0119 Twojej prywatno\u015bci i bezpiecze\u0144stwa danych.<\/p>\n<p><img decoding=\"async\" src=\"https:\/\/b2b.innpro.pl\/data\/include\/cms\/IMOU\/IOAB\/1.jpg\" border=\"0\" alt=\"IMOU\/IOAB\/1\" \/><\/p>\n<h3>Analiza alert\u00f3w i wsp\u00f3\u0142dzielenie dost\u0119pu<\/h3>\n<p>Z subskrypcj\u0105 zyskujesz dost\u0119p do darmowych raport\u00f3w bezpiecze\u0144stwa. Monitoruj i analizuj statystyki dotycz\u0105ce generowanych alert\u00f3w, aby mie\u0107 pe\u0142n\u0105 \u015bwiadomo\u015b\u0107 dziennej aktywno\u015bci alarmowej. Teraz mo\u017cesz te\u017c podzieli\u0107 si\u0119 dost\u0119pem do urz\u0105dze\u0144 \u2014 Imou Protect umo\u017cliwia wsp\u00f3lne zarz\u0105dzanie powiadomieniami, zapisami w chmurze i po\u0142\u0105czonymi urz\u0105dzeniami nawet 10 osobom.<\/p>\n<p><img decoding=\"async\" src=\"https:\/\/b2b.innpro.pl\/data\/include\/cms\/IMOU\/IOAB\/2.jpg\" border=\"0\" alt=\"IMOU\/IOAB\/2\" \/><\/p>\n<h3>Twoja prywatno\u015b\u0107 jest najwa\u017cniejsza<\/h3>\n<p>Imou Protect dba o Twoj\u0105 prywatno\u015b\u0107. Us\u0142uga jest zgodna z mi\u0119dzynarodowymi standardami bezpiecze\u0144stwa danych, w tym ISO 27001, ISO 27017, ISO 27018, ISO 27701, przesz\u0142a testy ochrony prywatno\u015bci w zakresie us\u0142ug IoT i posiada certyfikat CSA STAR3, gwarantuj\u0105c najwy\u017cszy poziom ochrony danych osobowych.<\/p>\n<p><img decoding=\"async\" src=\"https:\/\/b2b.innpro.pl\/data\/include\/cms\/IMOU\/IOAB\/5.jpg\" border=\"0\" alt=\"IMOU\/IOAB\/5\" \/><\/p>\n<div class=\"table-wrapper\">\n<table>\n<tbody>\n<tr>\n<th>Producent<\/th>\n<td>IMOU<\/td>\n<\/tr>\n<tr>\n<th>Kod produktu<\/th>\n<td>IOAB<\/td>\n<\/tr>\n<tr>\n<th>Okres trwania subskrypcji<\/th>\n<td>1 rok<\/td>\n<\/tr>\n<\/tbody>\n<\/table>\n<\/div>\n","protected":false},"excerpt":{"rendered":"<p>Karta IMOU Protect Basic (Plan Roczny) Z kart\u0105 zyskujesz roczn\u0105 subskrypcj\u0119 wspieraj\u0105c\u0105 dla Twoich produkt\u00f3w IMOU. W jej ramach otrzymujesz<\/p>\n","protected":false},"featured_media":44213,"comment_status":"closed","ping_status":"open","template":"","meta":{"_acf_changed":false},"product_brand":[],"product_cat":[5929,5962],"product_tag":[],"class_list":{"0":"post-57628","1":"product","2":"type-product","3":"status-publish","4":"has-post-thumbnail","6":"product_cat-akcesoria-it","7":"product_cat-pozostale-akcesoria-it","8":"pa_okres-gwarancji-5775","9":"pa_producent-imou","11":"first","12":"outofstock","13":"taxable","14":"shipping-taxable","15":"purchasable","16":"product-type-simple"},"acf":[],"yoast_head":"<!-- This site is optimized with the Yoast SEO plugin v27.2 - https:\/\/yoast.com\/product\/yoast-seo-wordpress\/ -->\n<title>Subskrypcja IMOU Protect Basic 1 rok - IRONSKY.PL Sklep z Dronami<\/title>\n<meta name=\"description\" content=\"Subskrypcja IMOU Protect Basic 1 rok - \u2705 sklep z dronami i fachowym doradztwem. \u2705 Tutaj kupisz produkty DJI, Yuneec, Parrot, Syma i wiele innych, a tak\u017ce kursy i licencje na operatora drona.\" \/>\n<meta name=\"robots\" content=\"index, follow, max-snippet:-1, max-image-preview:large, max-video-preview:-1\" \/>\n<link rel=\"canonical\" href=\"https:\/\/ironsky.pl\/sklep\/produkt\/subskrypcja-imou-protect-basic-1-rok\/\" \/>\n<meta property=\"og:locale\" content=\"pl_PL\" \/>\n<meta property=\"og:type\" content=\"article\" \/>\n<meta property=\"og:title\" content=\"Subskrypcja IMOU Protect Basic 1 rok - IRONSKY.PL Sklep z Dronami\" \/>\n<meta property=\"og:description\" content=\"Subskrypcja IMOU Protect Basic 1 rok - \u2705 sklep z dronami i fachowym doradztwem. \u2705 Tutaj kupisz produkty DJI, Yuneec, Parrot, Syma i wiele innych, a tak\u017ce kursy i licencje na operatora drona.\" \/>\n<meta property=\"og:url\" content=\"https:\/\/ironsky.pl\/sklep\/produkt\/subskrypcja-imou-protect-basic-1-rok\/\" \/>\n<meta property=\"og:site_name\" content=\"IRONSKY.PL Sklep z Dronami\" \/>\n<meta property=\"article:modified_time\" content=\"2026-04-15T08:28:14+00:00\" \/>\n<meta property=\"og:image\" content=\"https:\/\/ironsky.pl\/sklep\/wp-content\/uploads\/2025\/06\/35891_3.jpg\" \/>\n\t<meta property=\"og:image:width\" content=\"800\" \/>\n\t<meta property=\"og:image:height\" content=\"800\" \/>\n\t<meta property=\"og:image:type\" content=\"image\/jpeg\" \/>\n<meta name=\"twitter:card\" content=\"summary_large_image\" \/>\n<meta name=\"twitter:label1\" content=\"Szacowany czas czytania\" \/>\n\t<meta name=\"twitter:data1\" content=\"1 minuta\" \/>\n<script type=\"application\/ld+json\" class=\"yoast-schema-graph\">{\"@context\":\"https:\/\/schema.org\",\"@graph\":[{\"@type\":\"WebPage\",\"@id\":\"https:\/\/ironsky.pl\/sklep\/produkt\/subskrypcja-imou-protect-basic-1-rok\/\",\"url\":\"https:\/\/ironsky.pl\/sklep\/produkt\/subskrypcja-imou-protect-basic-1-rok\/\",\"name\":\"Subskrypcja IMOU Protect Basic 1 rok - IRONSKY.PL Sklep z Dronami\",\"isPartOf\":{\"@id\":\"https:\/\/ironsky.pl\/sklep\/#website\"},\"primaryImageOfPage\":{\"@id\":\"https:\/\/ironsky.pl\/sklep\/produkt\/subskrypcja-imou-protect-basic-1-rok\/#primaryimage\"},\"image\":{\"@id\":\"https:\/\/ironsky.pl\/sklep\/produkt\/subskrypcja-imou-protect-basic-1-rok\/#primaryimage\"},\"thumbnailUrl\":\"https:\/\/ironsky.pl\/sklep\/wp-content\/uploads\/2025\/06\/35891_3.jpg\",\"datePublished\":\"2026-04-15T08:27:45+00:00\",\"dateModified\":\"2026-04-15T08:28:14+00:00\",\"description\":\"Subskrypcja IMOU Protect Basic 1 rok - \u2705 sklep z dronami i fachowym doradztwem. \u2705 Tutaj kupisz produkty DJI, Yuneec, Parrot, Syma i wiele innych, a tak\u017ce kursy i licencje na operatora drona.\",\"breadcrumb\":{\"@id\":\"https:\/\/ironsky.pl\/sklep\/produkt\/subskrypcja-imou-protect-basic-1-rok\/#breadcrumb\"},\"inLanguage\":\"pl-PL\",\"potentialAction\":[{\"@type\":\"ReadAction\",\"target\":[\"https:\/\/ironsky.pl\/sklep\/produkt\/subskrypcja-imou-protect-basic-1-rok\/\"]}]},{\"@type\":\"ImageObject\",\"inLanguage\":\"pl-PL\",\"@id\":\"https:\/\/ironsky.pl\/sklep\/produkt\/subskrypcja-imou-protect-basic-1-rok\/#primaryimage\",\"url\":\"https:\/\/ironsky.pl\/sklep\/wp-content\/uploads\/2025\/06\/35891_3.jpg\",\"contentUrl\":\"https:\/\/ironsky.pl\/sklep\/wp-content\/uploads\/2025\/06\/35891_3.jpg\",\"width\":800,\"height\":800},{\"@type\":\"BreadcrumbList\",\"@id\":\"https:\/\/ironsky.pl\/sklep\/produkt\/subskrypcja-imou-protect-basic-1-rok\/#breadcrumb\",\"itemListElement\":[{\"@type\":\"ListItem\",\"position\":1,\"name\":\"Strona g\u0142\u00f3wna\",\"item\":\"https:\/\/ironsky.pl\/sklep\/\"},{\"@type\":\"ListItem\",\"position\":2,\"name\":\"Wszystkie produkty\",\"item\":\"https:\/\/ironsky.pl\/sklep\/produkty\/\"},{\"@type\":\"ListItem\",\"position\":3,\"name\":\"Subskrypcja IMOU Protect Basic 1 rok\"}]},{\"@type\":\"WebSite\",\"@id\":\"https:\/\/ironsky.pl\/sklep\/#website\",\"url\":\"https:\/\/ironsky.pl\/sklep\/\",\"name\":\"IRONSKY.PL Sklep z Dronami\",\"description\":\"IRONSKY.PL Sklep z Dronami\",\"potentialAction\":[{\"@type\":\"SearchAction\",\"target\":{\"@type\":\"EntryPoint\",\"urlTemplate\":\"https:\/\/ironsky.pl\/sklep\/?s={search_term_string}\"},\"query-input\":{\"@type\":\"PropertyValueSpecification\",\"valueRequired\":true,\"valueName\":\"search_term_string\"}}],\"inLanguage\":\"pl-PL\"}]}<\/script>\n<!-- \/ Yoast SEO plugin. -->","yoast_head_json":{"title":"Subskrypcja IMOU Protect Basic 1 rok - IRONSKY.PL Sklep z Dronami","description":"Subskrypcja IMOU Protect Basic 1 rok - \u2705 sklep z dronami i fachowym doradztwem. \u2705 Tutaj kupisz produkty DJI, Yuneec, Parrot, Syma i wiele innych, a tak\u017ce kursy i licencje na operatora drona.","robots":{"index":"index","follow":"follow","max-snippet":"max-snippet:-1","max-image-preview":"max-image-preview:large","max-video-preview":"max-video-preview:-1"},"canonical":"https:\/\/ironsky.pl\/sklep\/produkt\/subskrypcja-imou-protect-basic-1-rok\/","og_locale":"pl_PL","og_type":"article","og_title":"Subskrypcja IMOU Protect Basic 1 rok - IRONSKY.PL Sklep z Dronami","og_description":"Subskrypcja IMOU Protect Basic 1 rok - \u2705 sklep z dronami i fachowym doradztwem. \u2705 Tutaj kupisz produkty DJI, Yuneec, Parrot, Syma i wiele innych, a tak\u017ce kursy i licencje na operatora drona.","og_url":"https:\/\/ironsky.pl\/sklep\/produkt\/subskrypcja-imou-protect-basic-1-rok\/","og_site_name":"IRONSKY.PL Sklep z Dronami","article_modified_time":"2026-04-15T08:28:14+00:00","og_image":[{"width":800,"height":800,"url":"https:\/\/ironsky.pl\/sklep\/wp-content\/uploads\/2025\/06\/35891_3.jpg","type":"image\/jpeg"}],"twitter_card":"summary_large_image","twitter_misc":{"Szacowany czas czytania":"1 minuta"},"schema":{"@context":"https:\/\/schema.org","@graph":[{"@type":"WebPage","@id":"https:\/\/ironsky.pl\/sklep\/produkt\/subskrypcja-imou-protect-basic-1-rok\/","url":"https:\/\/ironsky.pl\/sklep\/produkt\/subskrypcja-imou-protect-basic-1-rok\/","name":"Subskrypcja IMOU Protect Basic 1 rok - IRONSKY.PL Sklep z Dronami","isPartOf":{"@id":"https:\/\/ironsky.pl\/sklep\/#website"},"primaryImageOfPage":{"@id":"https:\/\/ironsky.pl\/sklep\/produkt\/subskrypcja-imou-protect-basic-1-rok\/#primaryimage"},"image":{"@id":"https:\/\/ironsky.pl\/sklep\/produkt\/subskrypcja-imou-protect-basic-1-rok\/#primaryimage"},"thumbnailUrl":"https:\/\/ironsky.pl\/sklep\/wp-content\/uploads\/2025\/06\/35891_3.jpg","datePublished":"2026-04-15T08:27:45+00:00","dateModified":"2026-04-15T08:28:14+00:00","description":"Subskrypcja IMOU Protect Basic 1 rok - \u2705 sklep z dronami i fachowym doradztwem. \u2705 Tutaj kupisz produkty DJI, Yuneec, Parrot, Syma i wiele innych, a tak\u017ce kursy i licencje na operatora drona.","breadcrumb":{"@id":"https:\/\/ironsky.pl\/sklep\/produkt\/subskrypcja-imou-protect-basic-1-rok\/#breadcrumb"},"inLanguage":"pl-PL","potentialAction":[{"@type":"ReadAction","target":["https:\/\/ironsky.pl\/sklep\/produkt\/subskrypcja-imou-protect-basic-1-rok\/"]}]},{"@type":"ImageObject","inLanguage":"pl-PL","@id":"https:\/\/ironsky.pl\/sklep\/produkt\/subskrypcja-imou-protect-basic-1-rok\/#primaryimage","url":"https:\/\/ironsky.pl\/sklep\/wp-content\/uploads\/2025\/06\/35891_3.jpg","contentUrl":"https:\/\/ironsky.pl\/sklep\/wp-content\/uploads\/2025\/06\/35891_3.jpg","width":800,"height":800},{"@type":"BreadcrumbList","@id":"https:\/\/ironsky.pl\/sklep\/produkt\/subskrypcja-imou-protect-basic-1-rok\/#breadcrumb","itemListElement":[{"@type":"ListItem","position":1,"name":"Strona g\u0142\u00f3wna","item":"https:\/\/ironsky.pl\/sklep\/"},{"@type":"ListItem","position":2,"name":"Wszystkie produkty","item":"https:\/\/ironsky.pl\/sklep\/produkty\/"},{"@type":"ListItem","position":3,"name":"Subskrypcja IMOU Protect Basic 1 rok"}]},{"@type":"WebSite","@id":"https:\/\/ironsky.pl\/sklep\/#website","url":"https:\/\/ironsky.pl\/sklep\/","name":"IRONSKY.PL Sklep z Dronami","description":"IRONSKY.PL Sklep z Dronami","potentialAction":[{"@type":"SearchAction","target":{"@type":"EntryPoint","urlTemplate":"https:\/\/ironsky.pl\/sklep\/?s={search_term_string}"},"query-input":{"@type":"PropertyValueSpecification","valueRequired":true,"valueName":"search_term_string"}}],"inLanguage":"pl-PL"}]}},"_links":{"self":[{"href":"https:\/\/ironsky.pl\/sklep\/wp-json\/wp\/v2\/product\/57628","targetHints":{"allow":["GET"]}}],"collection":[{"href":"https:\/\/ironsky.pl\/sklep\/wp-json\/wp\/v2\/product"}],"about":[{"href":"https:\/\/ironsky.pl\/sklep\/wp-json\/wp\/v2\/types\/product"}],"replies":[{"embeddable":true,"href":"https:\/\/ironsky.pl\/sklep\/wp-json\/wp\/v2\/comments?post=57628"}],"wp:featuredmedia":[{"embeddable":true,"href":"https:\/\/ironsky.pl\/sklep\/wp-json\/wp\/v2\/media\/44213"}],"wp:attachment":[{"href":"https:\/\/ironsky.pl\/sklep\/wp-json\/wp\/v2\/media?parent=57628"}],"wp:term":[{"taxonomy":"product_brand","embeddable":true,"href":"https:\/\/ironsky.pl\/sklep\/wp-json\/wp\/v2\/product_brand?post=57628"},{"taxonomy":"product_cat","embeddable":true,"href":"https:\/\/ironsky.pl\/sklep\/wp-json\/wp\/v2\/product_cat?post=57628"},{"taxonomy":"product_tag","embeddable":true,"href":"https:\/\/ironsky.pl\/sklep\/wp-json\/wp\/v2\/product_tag?post=57628"}],"curies":[{"name":"wp","href":"https:\/\/api.w.org\/{rel}","templated":true}]}}