{"id":57615,"date":"2026-04-15T10:27:45","date_gmt":"2026-04-15T08:27:45","guid":{"rendered":"https:\/\/ironsky.pl\/sklep\/produkt\/zestaw-filtrow-freewell-mega-pack-dji-mini-4-pro-16-szt\/"},"modified":"2026-04-15T10:28:05","modified_gmt":"2026-04-15T08:28:05","slug":"zestaw-filtrow-freewell-mega-pack-dji-mini-4-pro-16-szt","status":"publish","type":"product","link":"https:\/\/ironsky.pl\/sklep\/produkt\/zestaw-filtrow-freewell-mega-pack-dji-mini-4-pro-16-szt\/","title":{"rendered":"Zestaw filtr\u00f3w FREEWELL Mega Pack DJI Mini 4 Pro 16 szt."},"content":{"rendered":"<h3>Zestaw 16 filtr\u00f3w Freewell do drona DJI Mini 4 Pro Mega Pack<\/h3>\n<p>Odkryj nieograniczone mo\u017cliwo\u015bci tw\u00f3rcze dzi\u0119ki propozycji Freewell, dedykowanej dronowi DJI Mini 4 Pro. Zestaw zawiera r\u00f3\u017cnorodne filtry, w tym ND16-ND1000, ND16\/PL-ND256\/PL, UV, CPL, Snow Mist 1\/4 i filtr Light Pollution, dzi\u0119ki czemu mo\u017cesz przygotowa\u0107 si\u0119 na nagrywanie w ka\u017cdych warunkach. Wszystkie elementy zestawu zosta\u0142y zaprojektowane z wyj\u0105tkow\u0105 staranno\u015bci\u0105 i wyr\u00f3\u017cniaj\u0105 si\u0119 wysok\u0105 jako\u015bci\u0105.<\/p>\n<p><img decoding=\"async\" src=\"https:\/\/b2b.innpro.pl\/data\/include\/cms\/Freewell\/FW-MN4-MEGA\/2.jpg\" border=\"0\" alt=\"Freewell\/FW-MN4-MEGA\/2\" \/><\/p>\n<h3>Precyzyjna kontrola ekspozycji<\/h3>\n<p>Filtry ND pozwalaj\u0105 na kontrolowanie ilo\u015bci \u015bwiat\u0142a wpadaj\u0105cego do obiektywu, umo\u017cliwiaj\u0105c precyzyjne dostosowanie ekspozycji. Umo\u017cliwiaj\u0105 tak\u017ce stworzenie efektu polaryzacji, co znacz\u0105co poprawia wyrazisto\u015b\u0107 i nasycenie kolor\u00f3w w nagraniach.<\/p>\n<p><img decoding=\"async\" src=\"https:\/\/b2b.innpro.pl\/data\/include\/cms\/Freewell\/FW-MN4-MEGA\/1.jpg\" border=\"0\" alt=\"Freewell\/FW-MN4-MEGA\/1\" \/><\/p>\n<h3>Ochrona i wielofunkcyjno\u015b\u0107<\/h3>\n<p>Filtry UV i CPL oferuj\u0105 dodatkow\u0105 ochron\u0119 i wszechstronno\u015b\u0107. Filtr UV chroni obiektyw przed szkodliwym promieniowaniem UV, a filtr CPL efektywnie redukuje odblaski i refleksy \u015bwietlne, zapewniaj\u0105c wy\u017csz\u0105 jako\u015b\u0107 obrazu nawet w trudnych warunkach o\u015bwietleniowych.<\/p>\n<p><img decoding=\"async\" src=\"https:\/\/b2b.innpro.pl\/data\/include\/cms\/Freewell\/FW-MN4-MEGA\/4.jpg\" border=\"0\" alt=\"Freewell\/FW-MN4-MEGA\/4\" \/><\/p>\n<h3>Rozszerzenie mo\u017cliwo\u015bci tw\u00f3rczych<\/h3>\n<p>Specjalistyczne filtry, takie jak Snow Mist 1\/4 i Light Pollution otwieraj\u0105 nowe mo\u017cliwo\u015bci tw\u00f3rcze. Snow Mist 1\/4 dodaje nagraniom eterycznego, marzycielskiego charakteru, a Light Pollution pozwala na uzyskanie wyra\u017anych i czystych nocnych krajobraz\u00f3w.<\/p>\n<p><img decoding=\"async\" src=\"https:\/\/b2b.innpro.pl\/data\/include\/cms\/Freewell\/FW-MN4-MEGA\/5.jpg\" border=\"0\" alt=\"Freewell\/FW-MN4-MEGA\/5\" \/><\/p>\n<h3>Bezpiecze\u0144stwo u\u017cytkowania<\/h3>\n<p>Dzi\u0119ki technologii GimbalSafe mo\u017cesz mie\u0107 pewno\u015b\u0107, \u017ce \u017caden z filtr\u00f3w nie obci\u0105\u017cy gimbala drona. Akcesoria cechuj\u0105 si\u0119 tak\u017ce pow\u0142okami odpornymi na kurz, zarysowania i t\u0142uszcz. S\u0105 tak\u017ce neutralne kolorystycznie, zapewniaj\u0105c najlepsz\u0105 jako\u015b\u0107 obrazu na zewn\u0105trz.<\/p>\n<p><img decoding=\"async\" src=\"https:\/\/b2b.innpro.pl\/data\/include\/cms\/Freewell\/FW-MN4-MEGA\/3.jpg\" border=\"0\" alt=\"Freewell\/FW-MN4-MEGA\/3\" \/><\/p>\n<h3>W zestawie:<\/h3>\n<ul>\n<li>Filtr ND16<\/li>\n<li>Filtr ND32<\/li>\n<li>Filtr ND64<\/li>\n<li>Filtr ND128<\/li>\n<li>Filtr ND256<\/li>\n<li>Filtr ND512<\/li>\n<li>Filtr ND1000<\/li>\n<li>Filtr SMIST1\/4<\/li>\n<li>Filtr UV<\/li>\n<li>Filtr LPR<\/li>\n<li>Filtr CPL<\/li>\n<li>Filtr ND16\/PL<\/li>\n<li>Filtr ND32\/PL<\/li>\n<li>Filtr ND64\/PL<\/li>\n<li>Filte ND128\/PL<\/li>\n<li>Filtr ND256\/PL<\/li>\n<li>Etui ochronne<\/li>\n<li>\u015aciereczka do czyszczenia<\/li>\n<\/ul>\n<div class=\"table-wrapper\">\n<table>\n<tbody>\n<tr>\n<th>Producent<\/th>\n<td>Freewell<\/td>\n<\/tr>\n<tr>\n<th>Model<\/th>\n<td>FW-MN4-MEGA<\/td>\n<\/tr>\n<tr>\n<th>Kompatybilno\u015b\u0107<\/th>\n<td>DJI Mini 4 Pro<\/td>\n<\/tr>\n<\/tbody>\n<\/table>\n<\/div>\n","protected":false},"excerpt":{"rendered":"<p>Zestaw 16 filtr\u00f3w Freewell do drona DJI Mini 4 Pro Mega Pack Odkryj nieograniczone mo\u017cliwo\u015bci tw\u00f3rcze dzi\u0119ki propozycji Freewell, dedykowanej<\/p>\n","protected":false},"featured_media":57616,"comment_status":"closed","ping_status":"open","template":"","meta":{"_acf_changed":false},"product_brand":[],"product_cat":[6167,1088,6200],"product_tag":[],"class_list":{"0":"post-57615","1":"product","2":"type-product","3":"status-publish","4":"has-post-thumbnail","6":"product_cat-akcesoria-do-dronow","7":"product_cat-drony","8":"product_cat-filtry-do-dronow-akcesoria-do-dronow","9":"pa_okres-gwarancji-5757","10":"pa_producent-freewell","12":"first","13":"outofstock","14":"taxable","15":"shipping-taxable","16":"purchasable","17":"product-type-simple"},"acf":[],"yoast_head":"<!-- This site is optimized with the Yoast SEO plugin v27.2 - https:\/\/yoast.com\/product\/yoast-seo-wordpress\/ -->\n<title>Zestaw filtr\u00f3w FREEWELL Mega Pack DJI Mini 4 Pro 16 szt. - IRONSKY.PL Sklep z Dronami<\/title>\n<meta name=\"description\" content=\"Zestaw filtr\u00f3w FREEWELL Mega Pack DJI Mini 4 Pro 16 szt. - \u2705 sklep z dronami i fachowym doradztwem. \u2705 Tutaj kupisz produkty DJI, Yuneec, Parrot, Syma i wiele innych, a tak\u017ce kursy i licencje na operatora drona.\" \/>\n<meta name=\"robots\" content=\"index, follow, max-snippet:-1, max-image-preview:large, max-video-preview:-1\" \/>\n<link rel=\"canonical\" href=\"https:\/\/ironsky.pl\/sklep\/produkt\/zestaw-filtrow-freewell-mega-pack-dji-mini-4-pro-16-szt\/\" \/>\n<meta property=\"og:locale\" content=\"pl_PL\" \/>\n<meta property=\"og:type\" content=\"article\" \/>\n<meta property=\"og:title\" content=\"Zestaw filtr\u00f3w FREEWELL Mega Pack DJI Mini 4 Pro 16 szt. - IRONSKY.PL Sklep z Dronami\" \/>\n<meta property=\"og:description\" content=\"Zestaw filtr\u00f3w FREEWELL Mega Pack DJI Mini 4 Pro 16 szt. - \u2705 sklep z dronami i fachowym doradztwem. \u2705 Tutaj kupisz produkty DJI, Yuneec, Parrot, Syma i wiele innych, a tak\u017ce kursy i licencje na operatora drona.\" \/>\n<meta property=\"og:url\" content=\"https:\/\/ironsky.pl\/sklep\/produkt\/zestaw-filtrow-freewell-mega-pack-dji-mini-4-pro-16-szt\/\" \/>\n<meta property=\"og:site_name\" content=\"IRONSKY.PL Sklep z Dronami\" \/>\n<meta property=\"article:modified_time\" content=\"2026-04-15T08:28:05+00:00\" \/>\n<meta property=\"og:image\" content=\"https:\/\/ironsky.pl\/sklep\/wp-content\/uploads\/2026\/04\/35809_1.jpg\" \/>\n\t<meta property=\"og:image:width\" content=\"800\" \/>\n\t<meta property=\"og:image:height\" content=\"800\" \/>\n\t<meta property=\"og:image:type\" content=\"image\/jpeg\" \/>\n<meta name=\"twitter:card\" content=\"summary_large_image\" \/>\n<meta name=\"twitter:label1\" content=\"Szacowany czas czytania\" \/>\n\t<meta name=\"twitter:data1\" content=\"2 minuty\" \/>\n<script type=\"application\/ld+json\" class=\"yoast-schema-graph\">{\"@context\":\"https:\/\/schema.org\",\"@graph\":[{\"@type\":\"WebPage\",\"@id\":\"https:\/\/ironsky.pl\/sklep\/produkt\/zestaw-filtrow-freewell-mega-pack-dji-mini-4-pro-16-szt\/\",\"url\":\"https:\/\/ironsky.pl\/sklep\/produkt\/zestaw-filtrow-freewell-mega-pack-dji-mini-4-pro-16-szt\/\",\"name\":\"Zestaw filtr\u00f3w FREEWELL Mega Pack DJI Mini 4 Pro 16 szt. - IRONSKY.PL Sklep z Dronami\",\"isPartOf\":{\"@id\":\"https:\/\/ironsky.pl\/sklep\/#website\"},\"primaryImageOfPage\":{\"@id\":\"https:\/\/ironsky.pl\/sklep\/produkt\/zestaw-filtrow-freewell-mega-pack-dji-mini-4-pro-16-szt\/#primaryimage\"},\"image\":{\"@id\":\"https:\/\/ironsky.pl\/sklep\/produkt\/zestaw-filtrow-freewell-mega-pack-dji-mini-4-pro-16-szt\/#primaryimage\"},\"thumbnailUrl\":\"https:\/\/ironsky.pl\/sklep\/wp-content\/uploads\/2026\/04\/35809_1.jpg\",\"datePublished\":\"2026-04-15T08:27:45+00:00\",\"dateModified\":\"2026-04-15T08:28:05+00:00\",\"description\":\"Zestaw filtr\u00f3w FREEWELL Mega Pack DJI Mini 4 Pro 16 szt. - \u2705 sklep z dronami i fachowym doradztwem. \u2705 Tutaj kupisz produkty DJI, Yuneec, Parrot, Syma i wiele innych, a tak\u017ce kursy i licencje na operatora drona.\",\"breadcrumb\":{\"@id\":\"https:\/\/ironsky.pl\/sklep\/produkt\/zestaw-filtrow-freewell-mega-pack-dji-mini-4-pro-16-szt\/#breadcrumb\"},\"inLanguage\":\"pl-PL\",\"potentialAction\":[{\"@type\":\"ReadAction\",\"target\":[\"https:\/\/ironsky.pl\/sklep\/produkt\/zestaw-filtrow-freewell-mega-pack-dji-mini-4-pro-16-szt\/\"]}]},{\"@type\":\"ImageObject\",\"inLanguage\":\"pl-PL\",\"@id\":\"https:\/\/ironsky.pl\/sklep\/produkt\/zestaw-filtrow-freewell-mega-pack-dji-mini-4-pro-16-szt\/#primaryimage\",\"url\":\"https:\/\/ironsky.pl\/sklep\/wp-content\/uploads\/2026\/04\/35809_1.jpg\",\"contentUrl\":\"https:\/\/ironsky.pl\/sklep\/wp-content\/uploads\/2026\/04\/35809_1.jpg\",\"width\":800,\"height\":800},{\"@type\":\"BreadcrumbList\",\"@id\":\"https:\/\/ironsky.pl\/sklep\/produkt\/zestaw-filtrow-freewell-mega-pack-dji-mini-4-pro-16-szt\/#breadcrumb\",\"itemListElement\":[{\"@type\":\"ListItem\",\"position\":1,\"name\":\"Strona g\u0142\u00f3wna\",\"item\":\"https:\/\/ironsky.pl\/sklep\/\"},{\"@type\":\"ListItem\",\"position\":2,\"name\":\"Wszystkie produkty\",\"item\":\"https:\/\/ironsky.pl\/sklep\/produkty\/\"},{\"@type\":\"ListItem\",\"position\":3,\"name\":\"Zestaw filtr\u00f3w FREEWELL Mega Pack DJI Mini 4 Pro 16 szt.\"}]},{\"@type\":\"WebSite\",\"@id\":\"https:\/\/ironsky.pl\/sklep\/#website\",\"url\":\"https:\/\/ironsky.pl\/sklep\/\",\"name\":\"IRONSKY.PL Sklep z Dronami\",\"description\":\"IRONSKY.PL Sklep z Dronami\",\"potentialAction\":[{\"@type\":\"SearchAction\",\"target\":{\"@type\":\"EntryPoint\",\"urlTemplate\":\"https:\/\/ironsky.pl\/sklep\/?s={search_term_string}\"},\"query-input\":{\"@type\":\"PropertyValueSpecification\",\"valueRequired\":true,\"valueName\":\"search_term_string\"}}],\"inLanguage\":\"pl-PL\"}]}<\/script>\n<!-- \/ Yoast SEO plugin. -->","yoast_head_json":{"title":"Zestaw filtr\u00f3w FREEWELL Mega Pack DJI Mini 4 Pro 16 szt. - IRONSKY.PL Sklep z Dronami","description":"Zestaw filtr\u00f3w FREEWELL Mega Pack DJI Mini 4 Pro 16 szt. - \u2705 sklep z dronami i fachowym doradztwem. \u2705 Tutaj kupisz produkty DJI, Yuneec, Parrot, Syma i wiele innych, a tak\u017ce kursy i licencje na operatora drona.","robots":{"index":"index","follow":"follow","max-snippet":"max-snippet:-1","max-image-preview":"max-image-preview:large","max-video-preview":"max-video-preview:-1"},"canonical":"https:\/\/ironsky.pl\/sklep\/produkt\/zestaw-filtrow-freewell-mega-pack-dji-mini-4-pro-16-szt\/","og_locale":"pl_PL","og_type":"article","og_title":"Zestaw filtr\u00f3w FREEWELL Mega Pack DJI Mini 4 Pro 16 szt. - IRONSKY.PL Sklep z Dronami","og_description":"Zestaw filtr\u00f3w FREEWELL Mega Pack DJI Mini 4 Pro 16 szt. - \u2705 sklep z dronami i fachowym doradztwem. \u2705 Tutaj kupisz produkty DJI, Yuneec, Parrot, Syma i wiele innych, a tak\u017ce kursy i licencje na operatora drona.","og_url":"https:\/\/ironsky.pl\/sklep\/produkt\/zestaw-filtrow-freewell-mega-pack-dji-mini-4-pro-16-szt\/","og_site_name":"IRONSKY.PL Sklep z Dronami","article_modified_time":"2026-04-15T08:28:05+00:00","og_image":[{"width":800,"height":800,"url":"https:\/\/ironsky.pl\/sklep\/wp-content\/uploads\/2026\/04\/35809_1.jpg","type":"image\/jpeg"}],"twitter_card":"summary_large_image","twitter_misc":{"Szacowany czas czytania":"2 minuty"},"schema":{"@context":"https:\/\/schema.org","@graph":[{"@type":"WebPage","@id":"https:\/\/ironsky.pl\/sklep\/produkt\/zestaw-filtrow-freewell-mega-pack-dji-mini-4-pro-16-szt\/","url":"https:\/\/ironsky.pl\/sklep\/produkt\/zestaw-filtrow-freewell-mega-pack-dji-mini-4-pro-16-szt\/","name":"Zestaw filtr\u00f3w FREEWELL Mega Pack DJI Mini 4 Pro 16 szt. - IRONSKY.PL Sklep z Dronami","isPartOf":{"@id":"https:\/\/ironsky.pl\/sklep\/#website"},"primaryImageOfPage":{"@id":"https:\/\/ironsky.pl\/sklep\/produkt\/zestaw-filtrow-freewell-mega-pack-dji-mini-4-pro-16-szt\/#primaryimage"},"image":{"@id":"https:\/\/ironsky.pl\/sklep\/produkt\/zestaw-filtrow-freewell-mega-pack-dji-mini-4-pro-16-szt\/#primaryimage"},"thumbnailUrl":"https:\/\/ironsky.pl\/sklep\/wp-content\/uploads\/2026\/04\/35809_1.jpg","datePublished":"2026-04-15T08:27:45+00:00","dateModified":"2026-04-15T08:28:05+00:00","description":"Zestaw filtr\u00f3w FREEWELL Mega Pack DJI Mini 4 Pro 16 szt. - \u2705 sklep z dronami i fachowym doradztwem. \u2705 Tutaj kupisz produkty DJI, Yuneec, Parrot, Syma i wiele innych, a tak\u017ce kursy i licencje na operatora drona.","breadcrumb":{"@id":"https:\/\/ironsky.pl\/sklep\/produkt\/zestaw-filtrow-freewell-mega-pack-dji-mini-4-pro-16-szt\/#breadcrumb"},"inLanguage":"pl-PL","potentialAction":[{"@type":"ReadAction","target":["https:\/\/ironsky.pl\/sklep\/produkt\/zestaw-filtrow-freewell-mega-pack-dji-mini-4-pro-16-szt\/"]}]},{"@type":"ImageObject","inLanguage":"pl-PL","@id":"https:\/\/ironsky.pl\/sklep\/produkt\/zestaw-filtrow-freewell-mega-pack-dji-mini-4-pro-16-szt\/#primaryimage","url":"https:\/\/ironsky.pl\/sklep\/wp-content\/uploads\/2026\/04\/35809_1.jpg","contentUrl":"https:\/\/ironsky.pl\/sklep\/wp-content\/uploads\/2026\/04\/35809_1.jpg","width":800,"height":800},{"@type":"BreadcrumbList","@id":"https:\/\/ironsky.pl\/sklep\/produkt\/zestaw-filtrow-freewell-mega-pack-dji-mini-4-pro-16-szt\/#breadcrumb","itemListElement":[{"@type":"ListItem","position":1,"name":"Strona g\u0142\u00f3wna","item":"https:\/\/ironsky.pl\/sklep\/"},{"@type":"ListItem","position":2,"name":"Wszystkie produkty","item":"https:\/\/ironsky.pl\/sklep\/produkty\/"},{"@type":"ListItem","position":3,"name":"Zestaw filtr\u00f3w FREEWELL Mega Pack DJI Mini 4 Pro 16 szt."}]},{"@type":"WebSite","@id":"https:\/\/ironsky.pl\/sklep\/#website","url":"https:\/\/ironsky.pl\/sklep\/","name":"IRONSKY.PL Sklep z Dronami","description":"IRONSKY.PL Sklep z Dronami","potentialAction":[{"@type":"SearchAction","target":{"@type":"EntryPoint","urlTemplate":"https:\/\/ironsky.pl\/sklep\/?s={search_term_string}"},"query-input":{"@type":"PropertyValueSpecification","valueRequired":true,"valueName":"search_term_string"}}],"inLanguage":"pl-PL"}]}},"_links":{"self":[{"href":"https:\/\/ironsky.pl\/sklep\/wp-json\/wp\/v2\/product\/57615","targetHints":{"allow":["GET"]}}],"collection":[{"href":"https:\/\/ironsky.pl\/sklep\/wp-json\/wp\/v2\/product"}],"about":[{"href":"https:\/\/ironsky.pl\/sklep\/wp-json\/wp\/v2\/types\/product"}],"replies":[{"embeddable":true,"href":"https:\/\/ironsky.pl\/sklep\/wp-json\/wp\/v2\/comments?post=57615"}],"wp:featuredmedia":[{"embeddable":true,"href":"https:\/\/ironsky.pl\/sklep\/wp-json\/wp\/v2\/media\/57616"}],"wp:attachment":[{"href":"https:\/\/ironsky.pl\/sklep\/wp-json\/wp\/v2\/media?parent=57615"}],"wp:term":[{"taxonomy":"product_brand","embeddable":true,"href":"https:\/\/ironsky.pl\/sklep\/wp-json\/wp\/v2\/product_brand?post=57615"},{"taxonomy":"product_cat","embeddable":true,"href":"https:\/\/ironsky.pl\/sklep\/wp-json\/wp\/v2\/product_cat?post=57615"},{"taxonomy":"product_tag","embeddable":true,"href":"https:\/\/ironsky.pl\/sklep\/wp-json\/wp\/v2\/product_tag?post=57615"}],"curies":[{"name":"wp","href":"https:\/\/api.w.org\/{rel}","templated":true}]}}