{"id":57613,"date":"2026-04-15T10:27:45","date_gmt":"2026-04-15T08:27:45","guid":{"rendered":"https:\/\/ironsky.pl\/sklep\/produkt\/zestaw-filtrow-freewell-all-day-do-dji-osmo-pocket-3-8-szt\/"},"modified":"2026-04-15T10:28:03","modified_gmt":"2026-04-15T08:28:03","slug":"zestaw-filtrow-freewell-all-day-do-dji-osmo-pocket-3-8-szt","status":"publish","type":"product","link":"https:\/\/ironsky.pl\/sklep\/produkt\/zestaw-filtrow-freewell-all-day-do-dji-osmo-pocket-3-8-szt\/","title":{"rendered":"Zestaw filtr\u00f3w FREEWELL All Day do DJI Osmo Pocket 3 8 szt."},"content":{"rendered":"<h3>Freewell DJI Osmo Pocket 3 &#8211; All Day -8Pack<\/h3>\n<p>All Day Kit to kompletny zestaw 8 filtr\u00f3w przeznaczonych do DJI Osmo Pocket 3. W sk\u0142ad zestawu wchodz\u0105 filtry ND8\/PL, ND16\/PL, ND32\/PL, ND64\/PL, CPL, ND8, ND16 i ND32, dzi\u0119ki kt\u00f3rym mo\u017cesz zredukowa\u0107 ilo\u015b\u0107 wpadaj\u0105cego do soczewki \u015bwiat\u0142a, a tak\u017ce osi\u0105gn\u0105\u0107 zaawansowane efekty, takie jak zredukowanie odblask\u00f3w \u015bwiat\u0142a na powierzchni wody przy jednoczesnym wyd\u0142u\u017ceniu czasu na\u015bwietlania. Tw\u00f3rz zapieraj\u0105ce dech w piersiach zdj\u0119cia i eksperymentuj z filtrami Freewell! Filtry s\u0105 lekkie i maj\u0105 magnetyczn\u0105 konstrukcj\u0119, a ich monta\u017c jest b\u0142yskawiczny. W zestawie znajdziesz specjalne etui do przechowywania filtr\u00f3w oraz \u015bciereczk\u0119.<\/p>\n<p><img decoding=\"async\" src=\"https:\/\/b2b.innpro.pl\/data\/include\/cms\/Freewell\/FW-OP3-ALD\/1.jpg\" alt=\"Freewell\/FW-OP3-ALD\/1\"><\/p>\n<h3>Filtr CPL<\/h3>\n<p>Filtr polaryzacyjny CPL zosta\u0142 zaprojektowany po to, by zredukowa\u0107 odbijaj\u0105ce si\u0119 od r\u00f3\u017cnych powierzchni \u015bwiat\u0142o, zapewniaj\u0105c jednocze\u015bnie neutralno\u015b\u0107 kolor\u00f3w. Jest lekki i zosta\u0142 pokryty specjaln\u0105 pow\u0142ok\u0105, kt\u00f3ra zapewnia optymaln\u0105 jako\u015b\u0107 obrazu. Twoje zdj\u0119cia mog\u0105 zyska\u0107 jeszcze wi\u0119ksz\u0105 g\u0142\u0119bi\u0119 i b\u0119d\u0105 zachwyca\u0107 naturalno\u015bci\u0105.<\/p>\n<p><img decoding=\"async\" src=\"https:\/\/b2b.innpro.pl\/data\/include\/cms\/Freewell\/FW-OP3-ALD\/4.jpg\" alt=\"Freewell\/FW-OP3-ALD\/4\"><\/p>\n<h3>Filtry ND<\/h3>\n<p>Filtry optyczne ND (Neutral Density) pozwalaj\u0105 na redukcj\u0119 ilo\u015bci \u015bwiat\u0142a docieraj\u0105cego do matrycy aparatu fotograficznego lub kamery, bez zmiany barwy lub tonacji zdj\u0119cia. Filtry te s\u0105 bardzo przydatne w przypadku, gdy potrzebujemy wyd\u0142u\u017cy\u0107 czas na\u015bwietlania lub zwi\u0119kszy\u0107 g\u0142\u0119bi\u0119 ostro\u015bci, ale przy tym zachowa\u0107 odpowiedni\u0105 ekspozycj\u0119. W efekcie uzyskasz rozmycie ruchomych element\u00f3w \u2014 np. wody, czy chmur.<\/p>\n<p><img decoding=\"async\" src=\"https:\/\/b2b.innpro.pl\/data\/include\/cms\/Freewell\/FW-OP3-ALD\/3.jpg\" alt=\"Freewell\/FW-OP3-ALD\/3\"><\/p>\n<h3>Filtry optyczne ND\/PL<\/h3>\n<p>W zestawie znajdziesz 4 r\u00f3\u017cne filtry ND\/PL. Jest to kombinacja filtru ND (Neutral Density) i filtru CPL (Circular Polarizing). \u0141\u0105cz\u0105 w\u0142a\u015bciwo\u015bci obu filtr\u00f3w, dzi\u0119ki czemu mo\u017cesz uzyska\u0107 fantastyczne efekty. S\u0142u\u017c\u0105 do redukcji ilo\u015bci \u015bwiat\u0142a i pozwalaj\u0105 wyd\u0142u\u017cy\u0107 czas na\u015bwietlania. W swoich fotografiach mo\u017cesz uzyska\u0107 efekt rozmycia wody lub chmur. Co wi\u0119cej, ND\/PL umo\u017cliwiaj\u0105 redukcj\u0119 odblask\u00f3w \u015bwiat\u0142a z powierzchni takich jak woda, szk\u0142o itp. Zastosowanie filtr\u00f3w pozwoli Ci uzyska\u0107 bardziej klarowne, naturalne zdj\u0119cia krajobrazu. Filtry ND\/PL s\u0105 dost\u0119pne w r\u00f3\u017cnych stopniach redukcji \u015bwiat\u0142a i polaryzacji, co pozwala na dopasowanie ich do konkretnych warunk\u00f3w o\u015bwietleniowych i efektu, na jakim Ci zale\u017cy.<\/p>\n<p><img decoding=\"async\" src=\"https:\/\/b2b.innpro.pl\/data\/include\/cms\/Freewell\/FW-OP3-ALD\/2.jpg\" alt=\"Freewell\/FW-OP3-ALD\/2\"><\/p>\n<h3>W zestawie<\/h3>\n<ul>\n<li>Filtry<\/li>\n<li>Etui<\/li>\n<li>\u015aciereczka do czyszczenia<\/li>\n<\/ul>\n<div class=\"table-wrapper\">\n<table>\n<tbody>\n<tr>\n<th>Producent <\/th>\n<td>Freewell<\/td>\n<\/tr>\n<tr>\n<th>Model <\/th>\n<td>FW-OP3-ALD<\/td>\n<\/tr>\n<tr>\n<th>Kompatybilno\u015b\u0107 <\/th>\n<td>DJI Osmo Pocket 3<\/td>\n<\/tr>\n<tr>\n<th>Typ filtra <\/th>\n<td>ND8\/PL, ND16\/PL, ND32\/PL, ND64\/PL, CPL, ND8, ND16 i ND32<\/td>\n<\/tr>\n<tr>\n<th>Pow\u0142oki optyczne <\/th>\n<td>Py\u0142oszczelna, odporna na zarysowania, olejoodporna<\/td>\n<\/tr>\n<\/tbody>\n<\/table>\n<\/div>\n","protected":false},"excerpt":{"rendered":"<p>Freewell DJI Osmo Pocket 3 &#8211; All Day -8Pack All Day Kit to kompletny zestaw 8 filtr\u00f3w przeznaczonych do DJI<\/p>\n","protected":false},"featured_media":57614,"comment_status":"closed","ping_status":"open","template":"","meta":{"_acf_changed":false},"product_brand":[],"product_cat":[6167,6170,1088],"product_tag":[],"class_list":{"0":"post-57613","1":"product","2":"type-product","3":"status-publish","4":"has-post-thumbnail","6":"product_cat-akcesoria-do-dronow","7":"product_cat-dji-akcesoria-do-dronow","8":"product_cat-drony","9":"pa_okres-gwarancji-5754","10":"pa_producent-freewell","12":"first","13":"outofstock","14":"taxable","15":"shipping-taxable","16":"purchasable","17":"product-type-simple"},"acf":[],"yoast_head":"<!-- This site is optimized with the Yoast SEO plugin v27.2 - https:\/\/yoast.com\/product\/yoast-seo-wordpress\/ -->\n<title>Zestaw filtr\u00f3w FREEWELL All Day do DJI Osmo Pocket 3 8 szt. - IRONSKY.PL Sklep z Dronami<\/title>\n<meta name=\"description\" content=\"Zestaw filtr\u00f3w FREEWELL All Day do DJI Osmo Pocket 3 8 szt. - \u2705 sklep z dronami i fachowym doradztwem. \u2705 Tutaj kupisz produkty DJI, Yuneec, Parrot, Syma i wiele innych, a tak\u017ce kursy i licencje na operatora drona.\" \/>\n<meta name=\"robots\" content=\"index, follow, max-snippet:-1, max-image-preview:large, max-video-preview:-1\" \/>\n<link rel=\"canonical\" href=\"https:\/\/ironsky.pl\/sklep\/produkt\/zestaw-filtrow-freewell-all-day-do-dji-osmo-pocket-3-8-szt\/\" \/>\n<meta property=\"og:locale\" content=\"pl_PL\" \/>\n<meta property=\"og:type\" content=\"article\" \/>\n<meta property=\"og:title\" content=\"Zestaw filtr\u00f3w FREEWELL All Day do DJI Osmo Pocket 3 8 szt. - IRONSKY.PL Sklep z Dronami\" \/>\n<meta property=\"og:description\" content=\"Zestaw filtr\u00f3w FREEWELL All Day do DJI Osmo Pocket 3 8 szt. - \u2705 sklep z dronami i fachowym doradztwem. \u2705 Tutaj kupisz produkty DJI, Yuneec, Parrot, Syma i wiele innych, a tak\u017ce kursy i licencje na operatora drona.\" \/>\n<meta property=\"og:url\" content=\"https:\/\/ironsky.pl\/sklep\/produkt\/zestaw-filtrow-freewell-all-day-do-dji-osmo-pocket-3-8-szt\/\" \/>\n<meta property=\"og:site_name\" content=\"IRONSKY.PL Sklep z Dronami\" \/>\n<meta property=\"article:modified_time\" content=\"2026-04-15T08:28:03+00:00\" \/>\n<meta property=\"og:image\" content=\"https:\/\/ironsky.pl\/sklep\/wp-content\/uploads\/2026\/04\/35803_1.webp\" \/>\n\t<meta property=\"og:image:width\" content=\"800\" \/>\n\t<meta property=\"og:image:height\" content=\"800\" \/>\n\t<meta property=\"og:image:type\" content=\"image\/webp\" \/>\n<meta name=\"twitter:card\" content=\"summary_large_image\" \/>\n<meta name=\"twitter:label1\" content=\"Szacowany czas czytania\" \/>\n\t<meta name=\"twitter:data1\" content=\"2 minuty\" \/>\n<script type=\"application\/ld+json\" class=\"yoast-schema-graph\">{\"@context\":\"https:\/\/schema.org\",\"@graph\":[{\"@type\":\"WebPage\",\"@id\":\"https:\/\/ironsky.pl\/sklep\/produkt\/zestaw-filtrow-freewell-all-day-do-dji-osmo-pocket-3-8-szt\/\",\"url\":\"https:\/\/ironsky.pl\/sklep\/produkt\/zestaw-filtrow-freewell-all-day-do-dji-osmo-pocket-3-8-szt\/\",\"name\":\"Zestaw filtr\u00f3w FREEWELL All Day do DJI Osmo Pocket 3 8 szt. - IRONSKY.PL Sklep z Dronami\",\"isPartOf\":{\"@id\":\"https:\/\/ironsky.pl\/sklep\/#website\"},\"primaryImageOfPage\":{\"@id\":\"https:\/\/ironsky.pl\/sklep\/produkt\/zestaw-filtrow-freewell-all-day-do-dji-osmo-pocket-3-8-szt\/#primaryimage\"},\"image\":{\"@id\":\"https:\/\/ironsky.pl\/sklep\/produkt\/zestaw-filtrow-freewell-all-day-do-dji-osmo-pocket-3-8-szt\/#primaryimage\"},\"thumbnailUrl\":\"https:\/\/ironsky.pl\/sklep\/wp-content\/uploads\/2026\/04\/35803_1.webp\",\"datePublished\":\"2026-04-15T08:27:45+00:00\",\"dateModified\":\"2026-04-15T08:28:03+00:00\",\"description\":\"Zestaw filtr\u00f3w FREEWELL All Day do DJI Osmo Pocket 3 8 szt. - \u2705 sklep z dronami i fachowym doradztwem. \u2705 Tutaj kupisz produkty DJI, Yuneec, Parrot, Syma i wiele innych, a tak\u017ce kursy i licencje na operatora drona.\",\"breadcrumb\":{\"@id\":\"https:\/\/ironsky.pl\/sklep\/produkt\/zestaw-filtrow-freewell-all-day-do-dji-osmo-pocket-3-8-szt\/#breadcrumb\"},\"inLanguage\":\"pl-PL\",\"potentialAction\":[{\"@type\":\"ReadAction\",\"target\":[\"https:\/\/ironsky.pl\/sklep\/produkt\/zestaw-filtrow-freewell-all-day-do-dji-osmo-pocket-3-8-szt\/\"]}]},{\"@type\":\"ImageObject\",\"inLanguage\":\"pl-PL\",\"@id\":\"https:\/\/ironsky.pl\/sklep\/produkt\/zestaw-filtrow-freewell-all-day-do-dji-osmo-pocket-3-8-szt\/#primaryimage\",\"url\":\"https:\/\/ironsky.pl\/sklep\/wp-content\/uploads\/2026\/04\/35803_1.webp\",\"contentUrl\":\"https:\/\/ironsky.pl\/sklep\/wp-content\/uploads\/2026\/04\/35803_1.webp\",\"width\":800,\"height\":800},{\"@type\":\"BreadcrumbList\",\"@id\":\"https:\/\/ironsky.pl\/sklep\/produkt\/zestaw-filtrow-freewell-all-day-do-dji-osmo-pocket-3-8-szt\/#breadcrumb\",\"itemListElement\":[{\"@type\":\"ListItem\",\"position\":1,\"name\":\"Strona g\u0142\u00f3wna\",\"item\":\"https:\/\/ironsky.pl\/sklep\/\"},{\"@type\":\"ListItem\",\"position\":2,\"name\":\"Wszystkie produkty\",\"item\":\"https:\/\/ironsky.pl\/sklep\/produkty\/\"},{\"@type\":\"ListItem\",\"position\":3,\"name\":\"Zestaw filtr\u00f3w FREEWELL All Day do DJI Osmo Pocket 3 8 szt.\"}]},{\"@type\":\"WebSite\",\"@id\":\"https:\/\/ironsky.pl\/sklep\/#website\",\"url\":\"https:\/\/ironsky.pl\/sklep\/\",\"name\":\"IRONSKY.PL Sklep z Dronami\",\"description\":\"IRONSKY.PL Sklep z Dronami\",\"potentialAction\":[{\"@type\":\"SearchAction\",\"target\":{\"@type\":\"EntryPoint\",\"urlTemplate\":\"https:\/\/ironsky.pl\/sklep\/?s={search_term_string}\"},\"query-input\":{\"@type\":\"PropertyValueSpecification\",\"valueRequired\":true,\"valueName\":\"search_term_string\"}}],\"inLanguage\":\"pl-PL\"}]}<\/script>\n<!-- \/ Yoast SEO plugin. -->","yoast_head_json":{"title":"Zestaw filtr\u00f3w FREEWELL All Day do DJI Osmo Pocket 3 8 szt. - IRONSKY.PL Sklep z Dronami","description":"Zestaw filtr\u00f3w FREEWELL All Day do DJI Osmo Pocket 3 8 szt. - \u2705 sklep z dronami i fachowym doradztwem. \u2705 Tutaj kupisz produkty DJI, Yuneec, Parrot, Syma i wiele innych, a tak\u017ce kursy i licencje na operatora drona.","robots":{"index":"index","follow":"follow","max-snippet":"max-snippet:-1","max-image-preview":"max-image-preview:large","max-video-preview":"max-video-preview:-1"},"canonical":"https:\/\/ironsky.pl\/sklep\/produkt\/zestaw-filtrow-freewell-all-day-do-dji-osmo-pocket-3-8-szt\/","og_locale":"pl_PL","og_type":"article","og_title":"Zestaw filtr\u00f3w FREEWELL All Day do DJI Osmo Pocket 3 8 szt. - IRONSKY.PL Sklep z Dronami","og_description":"Zestaw filtr\u00f3w FREEWELL All Day do DJI Osmo Pocket 3 8 szt. - \u2705 sklep z dronami i fachowym doradztwem. \u2705 Tutaj kupisz produkty DJI, Yuneec, Parrot, Syma i wiele innych, a tak\u017ce kursy i licencje na operatora drona.","og_url":"https:\/\/ironsky.pl\/sklep\/produkt\/zestaw-filtrow-freewell-all-day-do-dji-osmo-pocket-3-8-szt\/","og_site_name":"IRONSKY.PL Sklep z Dronami","article_modified_time":"2026-04-15T08:28:03+00:00","og_image":[{"width":800,"height":800,"url":"https:\/\/ironsky.pl\/sklep\/wp-content\/uploads\/2026\/04\/35803_1.webp","type":"image\/webp"}],"twitter_card":"summary_large_image","twitter_misc":{"Szacowany czas czytania":"2 minuty"},"schema":{"@context":"https:\/\/schema.org","@graph":[{"@type":"WebPage","@id":"https:\/\/ironsky.pl\/sklep\/produkt\/zestaw-filtrow-freewell-all-day-do-dji-osmo-pocket-3-8-szt\/","url":"https:\/\/ironsky.pl\/sklep\/produkt\/zestaw-filtrow-freewell-all-day-do-dji-osmo-pocket-3-8-szt\/","name":"Zestaw filtr\u00f3w FREEWELL All Day do DJI Osmo Pocket 3 8 szt. - IRONSKY.PL Sklep z Dronami","isPartOf":{"@id":"https:\/\/ironsky.pl\/sklep\/#website"},"primaryImageOfPage":{"@id":"https:\/\/ironsky.pl\/sklep\/produkt\/zestaw-filtrow-freewell-all-day-do-dji-osmo-pocket-3-8-szt\/#primaryimage"},"image":{"@id":"https:\/\/ironsky.pl\/sklep\/produkt\/zestaw-filtrow-freewell-all-day-do-dji-osmo-pocket-3-8-szt\/#primaryimage"},"thumbnailUrl":"https:\/\/ironsky.pl\/sklep\/wp-content\/uploads\/2026\/04\/35803_1.webp","datePublished":"2026-04-15T08:27:45+00:00","dateModified":"2026-04-15T08:28:03+00:00","description":"Zestaw filtr\u00f3w FREEWELL All Day do DJI Osmo Pocket 3 8 szt. - \u2705 sklep z dronami i fachowym doradztwem. \u2705 Tutaj kupisz produkty DJI, Yuneec, Parrot, Syma i wiele innych, a tak\u017ce kursy i licencje na operatora drona.","breadcrumb":{"@id":"https:\/\/ironsky.pl\/sklep\/produkt\/zestaw-filtrow-freewell-all-day-do-dji-osmo-pocket-3-8-szt\/#breadcrumb"},"inLanguage":"pl-PL","potentialAction":[{"@type":"ReadAction","target":["https:\/\/ironsky.pl\/sklep\/produkt\/zestaw-filtrow-freewell-all-day-do-dji-osmo-pocket-3-8-szt\/"]}]},{"@type":"ImageObject","inLanguage":"pl-PL","@id":"https:\/\/ironsky.pl\/sklep\/produkt\/zestaw-filtrow-freewell-all-day-do-dji-osmo-pocket-3-8-szt\/#primaryimage","url":"https:\/\/ironsky.pl\/sklep\/wp-content\/uploads\/2026\/04\/35803_1.webp","contentUrl":"https:\/\/ironsky.pl\/sklep\/wp-content\/uploads\/2026\/04\/35803_1.webp","width":800,"height":800},{"@type":"BreadcrumbList","@id":"https:\/\/ironsky.pl\/sklep\/produkt\/zestaw-filtrow-freewell-all-day-do-dji-osmo-pocket-3-8-szt\/#breadcrumb","itemListElement":[{"@type":"ListItem","position":1,"name":"Strona g\u0142\u00f3wna","item":"https:\/\/ironsky.pl\/sklep\/"},{"@type":"ListItem","position":2,"name":"Wszystkie produkty","item":"https:\/\/ironsky.pl\/sklep\/produkty\/"},{"@type":"ListItem","position":3,"name":"Zestaw filtr\u00f3w FREEWELL All Day do DJI Osmo Pocket 3 8 szt."}]},{"@type":"WebSite","@id":"https:\/\/ironsky.pl\/sklep\/#website","url":"https:\/\/ironsky.pl\/sklep\/","name":"IRONSKY.PL Sklep z Dronami","description":"IRONSKY.PL Sklep z Dronami","potentialAction":[{"@type":"SearchAction","target":{"@type":"EntryPoint","urlTemplate":"https:\/\/ironsky.pl\/sklep\/?s={search_term_string}"},"query-input":{"@type":"PropertyValueSpecification","valueRequired":true,"valueName":"search_term_string"}}],"inLanguage":"pl-PL"}]}},"_links":{"self":[{"href":"https:\/\/ironsky.pl\/sklep\/wp-json\/wp\/v2\/product\/57613","targetHints":{"allow":["GET"]}}],"collection":[{"href":"https:\/\/ironsky.pl\/sklep\/wp-json\/wp\/v2\/product"}],"about":[{"href":"https:\/\/ironsky.pl\/sklep\/wp-json\/wp\/v2\/types\/product"}],"replies":[{"embeddable":true,"href":"https:\/\/ironsky.pl\/sklep\/wp-json\/wp\/v2\/comments?post=57613"}],"wp:featuredmedia":[{"embeddable":true,"href":"https:\/\/ironsky.pl\/sklep\/wp-json\/wp\/v2\/media\/57614"}],"wp:attachment":[{"href":"https:\/\/ironsky.pl\/sklep\/wp-json\/wp\/v2\/media?parent=57613"}],"wp:term":[{"taxonomy":"product_brand","embeddable":true,"href":"https:\/\/ironsky.pl\/sklep\/wp-json\/wp\/v2\/product_brand?post=57613"},{"taxonomy":"product_cat","embeddable":true,"href":"https:\/\/ironsky.pl\/sklep\/wp-json\/wp\/v2\/product_cat?post=57613"},{"taxonomy":"product_tag","embeddable":true,"href":"https:\/\/ironsky.pl\/sklep\/wp-json\/wp\/v2\/product_tag?post=57613"}],"curies":[{"name":"wp","href":"https:\/\/api.w.org\/{rel}","templated":true}]}}