{"id":57611,"date":"2026-04-15T10:27:45","date_gmt":"2026-04-15T08:27:45","guid":{"rendered":"https:\/\/ironsky.pl\/sklep\/produkt\/zestaw-filtrow-freewell-mega-kit-do-dji-osmo-pocket-3-14-szt\/"},"modified":"2026-04-15T10:28:01","modified_gmt":"2026-04-15T08:28:01","slug":"zestaw-filtrow-freewell-mega-kit-do-dji-osmo-pocket-3-14-szt","status":"publish","type":"product","link":"https:\/\/ironsky.pl\/sklep\/produkt\/zestaw-filtrow-freewell-mega-kit-do-dji-osmo-pocket-3-14-szt\/","title":{"rendered":"Zestaw filtr\u00f3w FREEWELL Mega Kit do DJI Osmo Pocket 3 (14 szt.)"},"content":{"rendered":"<h3>Freewell DJI Osmo Pocket 3 &#8211; Mega Kit -14Pack<\/h3>\n<p>Zestaw zawiera a\u017c 14 filtr\u00f3w, kt\u00f3re pozwol\u0105 Ci uwieczni\u0107 wyj\u0105tkowe momenty. Za ich pomoc\u0105 uzyskasz wyostrzone, pe\u0142ne detali krajobrazy, uchwycisz nocne niebo lub uzyskasz mi\u0119kk\u0105 po\u015bwiat\u0119 wok\u00f3\u0142 jasnych punkt\u00f3w w kadrze. Filtry wyr\u00f3\u017cniaj\u0105 si\u0119 tak\u017ce magnetyczn\u0105, odporn\u0105 na zarysowania i t\u0142uste plamy konstrukcj\u0105. <\/p>\n<p><img decoding=\"async\" src=\"https:\/\/b2b.innpro.pl\/data\/include\/cms\/Freewell\/FW-OP3-MEGA\/3.jpg\" alt=\"Freewell\/FW-OP3-MEGA\/3\"><\/p>\n<h3>Dla doskona\u0142ych materia\u0142\u00f3w<\/h3>\n<p>Tw\u00f3rz zachwycaj\u0105ce materia\u0142y z pomoc\u0105 swojej DJI Osmo Pocket 3. Filtry ND i ND\/PL reguluj\u0105 ilo\u015b\u0107 \u015bwiat\u0142a wpadaj\u0105cego do obiektywu, zwi\u0119kszaj\u0105 kontrast i wyostrzaj\u0105 detale. Z kolei Snow Mist delikatnie zmniejsza kontrast i tworzy mi\u0119kk\u0105 po\u015bwiat\u0119 wok\u00f3\u0142 jasnych punkt\u00f3w.  Dla wyj\u0105tkowych uj\u0119\u0107 nocnego nieba wybierz filtr LPR (Light Pollution Reduction) zmniejsza wp\u0142ywa \u017c\u00f3\u0142tego \u015bwiat\u0142a lamp. Natomiast CPL redukuje odblaski i zapewnia naturalne kolory.<\/p>\n<p><img decoding=\"async\" src=\"https:\/\/b2b.innpro.pl\/data\/include\/cms\/Freewell\/FW-OP3-MEGA\/4.jpg\" alt=\"Freewell\/FW-OP3-MEGA\/4\"><\/p>\n<h3>Przemy\u015blana konstrukcja<\/h3>\n<p>Filtry s\u0105 lekkie i w pe\u0142ni dopasowane do DJI Osmo Pocket 3, dzi\u0119ki czemu mo\u017cesz wygodnie z nich korzysta\u0107. Co wi\u0119cej, magnetyczna konstrukcja u\u0142atwia monta\u017c, wi\u0119c b\u0142yskawicznie na\u0142o\u017cysz filtr na obiektyw. Dodatkowo jest odporny na kurz, zarysowania i ciecze \u2013 mo\u017cesz mie\u0107 pewno\u015b\u0107, \u017ce d\u0142ugo Ci pos\u0142u\u017cy. <\/p>\n<p><img decoding=\"async\" src=\"https:\/\/b2b.innpro.pl\/data\/include\/cms\/Freewell\/FW-OP3-MEGA\/1.jpg\" alt=\"Freewell\/FW-OP3-MEGA\/1\"><\/p>\n<h3>W zestawie<\/h3>\n<ul>\n<li>filtry: ND8\/ND16\/ND32\/ND64\/ND128\/ND256\/ND1000\/ND8PL\/ND16PL\/ND32PL\/ND64PL\/ SMIST1\/4\/LPR\/CPL<\/li>\n<li>etui ochronne<\/li>\n<li>\u015bciereczka do czyszczenia<\/li>\n<\/ul>\n<div class=\"table-wrapper\">\n<table>\n<tbody>\n<tr>\n<th>Producent<\/th>\n<td>Freewell<\/td>\n<\/tr>\n<tr>\n<th>Model<\/th>\n<td>FW-OP3-MEGA<\/td>\n<\/tr>\n<tr>\n<th>Pasuje do<\/th>\n<td>DJI Osmo Pocket 3<\/td>\n<\/tr>\n<\/tbody>\n<\/table>\n<\/div>\n","protected":false},"excerpt":{"rendered":"<p>Freewell DJI Osmo Pocket 3 &#8211; Mega Kit -14Pack Zestaw zawiera a\u017c 14 filtr\u00f3w, kt\u00f3re pozwol\u0105 Ci uwieczni\u0107 wyj\u0105tkowe momenty.<\/p>\n","protected":false},"featured_media":57612,"comment_status":"closed","ping_status":"open","template":"","meta":{"_acf_changed":false},"product_brand":[],"product_cat":[6167,6170,1088],"product_tag":[],"class_list":{"0":"post-57611","1":"product","2":"type-product","3":"status-publish","4":"has-post-thumbnail","6":"product_cat-akcesoria-do-dronow","7":"product_cat-dji-akcesoria-do-dronow","8":"product_cat-drony","9":"pa_okres-gwarancji-5754","10":"pa_producent-freewell","12":"first","13":"outofstock","14":"taxable","15":"shipping-taxable","16":"purchasable","17":"product-type-simple"},"acf":[],"yoast_head":"<!-- This site is optimized with the Yoast SEO plugin v27.2 - https:\/\/yoast.com\/product\/yoast-seo-wordpress\/ -->\n<title>Zestaw filtr\u00f3w FREEWELL Mega Kit do DJI Osmo Pocket 3 (14 szt.) - IRONSKY.PL Sklep z Dronami<\/title>\n<meta name=\"description\" content=\"Zestaw filtr\u00f3w FREEWELL Mega Kit do DJI Osmo Pocket 3 (14 szt.) - \u2705 sklep z dronami i fachowym doradztwem. \u2705 Tutaj kupisz produkty DJI, Yuneec, Parrot, Syma i wiele innych, a tak\u017ce kursy i licencje na operatora drona.\" \/>\n<meta name=\"robots\" content=\"index, follow, max-snippet:-1, max-image-preview:large, max-video-preview:-1\" \/>\n<link rel=\"canonical\" href=\"https:\/\/ironsky.pl\/sklep\/produkt\/zestaw-filtrow-freewell-mega-kit-do-dji-osmo-pocket-3-14-szt\/\" \/>\n<meta property=\"og:locale\" content=\"pl_PL\" \/>\n<meta property=\"og:type\" content=\"article\" \/>\n<meta property=\"og:title\" content=\"Zestaw filtr\u00f3w FREEWELL Mega Kit do DJI Osmo Pocket 3 (14 szt.) - IRONSKY.PL Sklep z Dronami\" \/>\n<meta property=\"og:description\" content=\"Zestaw filtr\u00f3w FREEWELL Mega Kit do DJI Osmo Pocket 3 (14 szt.) - \u2705 sklep z dronami i fachowym doradztwem. \u2705 Tutaj kupisz produkty DJI, Yuneec, Parrot, Syma i wiele innych, a tak\u017ce kursy i licencje na operatora drona.\" \/>\n<meta property=\"og:url\" content=\"https:\/\/ironsky.pl\/sklep\/produkt\/zestaw-filtrow-freewell-mega-kit-do-dji-osmo-pocket-3-14-szt\/\" \/>\n<meta property=\"og:site_name\" content=\"IRONSKY.PL Sklep z Dronami\" \/>\n<meta property=\"article:modified_time\" content=\"2026-04-15T08:28:01+00:00\" \/>\n<meta property=\"og:image\" content=\"https:\/\/ironsky.pl\/sklep\/wp-content\/uploads\/2026\/04\/35798_1.jpg\" \/>\n\t<meta property=\"og:image:width\" content=\"800\" \/>\n\t<meta property=\"og:image:height\" content=\"800\" \/>\n\t<meta property=\"og:image:type\" content=\"image\/jpeg\" \/>\n<meta name=\"twitter:card\" content=\"summary_large_image\" \/>\n<meta name=\"twitter:label1\" content=\"Szacowany czas czytania\" \/>\n\t<meta name=\"twitter:data1\" content=\"1 minuta\" \/>\n<script type=\"application\/ld+json\" class=\"yoast-schema-graph\">{\"@context\":\"https:\/\/schema.org\",\"@graph\":[{\"@type\":\"WebPage\",\"@id\":\"https:\/\/ironsky.pl\/sklep\/produkt\/zestaw-filtrow-freewell-mega-kit-do-dji-osmo-pocket-3-14-szt\/\",\"url\":\"https:\/\/ironsky.pl\/sklep\/produkt\/zestaw-filtrow-freewell-mega-kit-do-dji-osmo-pocket-3-14-szt\/\",\"name\":\"Zestaw filtr\u00f3w FREEWELL Mega Kit do DJI Osmo Pocket 3 (14 szt.) - IRONSKY.PL Sklep z Dronami\",\"isPartOf\":{\"@id\":\"https:\/\/ironsky.pl\/sklep\/#website\"},\"primaryImageOfPage\":{\"@id\":\"https:\/\/ironsky.pl\/sklep\/produkt\/zestaw-filtrow-freewell-mega-kit-do-dji-osmo-pocket-3-14-szt\/#primaryimage\"},\"image\":{\"@id\":\"https:\/\/ironsky.pl\/sklep\/produkt\/zestaw-filtrow-freewell-mega-kit-do-dji-osmo-pocket-3-14-szt\/#primaryimage\"},\"thumbnailUrl\":\"https:\/\/ironsky.pl\/sklep\/wp-content\/uploads\/2026\/04\/35798_1.jpg\",\"datePublished\":\"2026-04-15T08:27:45+00:00\",\"dateModified\":\"2026-04-15T08:28:01+00:00\",\"description\":\"Zestaw filtr\u00f3w FREEWELL Mega Kit do DJI Osmo Pocket 3 (14 szt.) - \u2705 sklep z dronami i fachowym doradztwem. \u2705 Tutaj kupisz produkty DJI, Yuneec, Parrot, Syma i wiele innych, a tak\u017ce kursy i licencje na operatora drona.\",\"breadcrumb\":{\"@id\":\"https:\/\/ironsky.pl\/sklep\/produkt\/zestaw-filtrow-freewell-mega-kit-do-dji-osmo-pocket-3-14-szt\/#breadcrumb\"},\"inLanguage\":\"pl-PL\",\"potentialAction\":[{\"@type\":\"ReadAction\",\"target\":[\"https:\/\/ironsky.pl\/sklep\/produkt\/zestaw-filtrow-freewell-mega-kit-do-dji-osmo-pocket-3-14-szt\/\"]}]},{\"@type\":\"ImageObject\",\"inLanguage\":\"pl-PL\",\"@id\":\"https:\/\/ironsky.pl\/sklep\/produkt\/zestaw-filtrow-freewell-mega-kit-do-dji-osmo-pocket-3-14-szt\/#primaryimage\",\"url\":\"https:\/\/ironsky.pl\/sklep\/wp-content\/uploads\/2026\/04\/35798_1.jpg\",\"contentUrl\":\"https:\/\/ironsky.pl\/sklep\/wp-content\/uploads\/2026\/04\/35798_1.jpg\",\"width\":800,\"height\":800},{\"@type\":\"BreadcrumbList\",\"@id\":\"https:\/\/ironsky.pl\/sklep\/produkt\/zestaw-filtrow-freewell-mega-kit-do-dji-osmo-pocket-3-14-szt\/#breadcrumb\",\"itemListElement\":[{\"@type\":\"ListItem\",\"position\":1,\"name\":\"Strona g\u0142\u00f3wna\",\"item\":\"https:\/\/ironsky.pl\/sklep\/\"},{\"@type\":\"ListItem\",\"position\":2,\"name\":\"Wszystkie produkty\",\"item\":\"https:\/\/ironsky.pl\/sklep\/produkty\/\"},{\"@type\":\"ListItem\",\"position\":3,\"name\":\"Zestaw filtr\u00f3w FREEWELL Mega Kit do DJI Osmo Pocket 3 (14 szt.)\"}]},{\"@type\":\"WebSite\",\"@id\":\"https:\/\/ironsky.pl\/sklep\/#website\",\"url\":\"https:\/\/ironsky.pl\/sklep\/\",\"name\":\"IRONSKY.PL Sklep z Dronami\",\"description\":\"IRONSKY.PL Sklep z Dronami\",\"potentialAction\":[{\"@type\":\"SearchAction\",\"target\":{\"@type\":\"EntryPoint\",\"urlTemplate\":\"https:\/\/ironsky.pl\/sklep\/?s={search_term_string}\"},\"query-input\":{\"@type\":\"PropertyValueSpecification\",\"valueRequired\":true,\"valueName\":\"search_term_string\"}}],\"inLanguage\":\"pl-PL\"}]}<\/script>\n<!-- \/ Yoast SEO plugin. -->","yoast_head_json":{"title":"Zestaw filtr\u00f3w FREEWELL Mega Kit do DJI Osmo Pocket 3 (14 szt.) - IRONSKY.PL Sklep z Dronami","description":"Zestaw filtr\u00f3w FREEWELL Mega Kit do DJI Osmo Pocket 3 (14 szt.) - \u2705 sklep z dronami i fachowym doradztwem. \u2705 Tutaj kupisz produkty DJI, Yuneec, Parrot, Syma i wiele innych, a tak\u017ce kursy i licencje na operatora drona.","robots":{"index":"index","follow":"follow","max-snippet":"max-snippet:-1","max-image-preview":"max-image-preview:large","max-video-preview":"max-video-preview:-1"},"canonical":"https:\/\/ironsky.pl\/sklep\/produkt\/zestaw-filtrow-freewell-mega-kit-do-dji-osmo-pocket-3-14-szt\/","og_locale":"pl_PL","og_type":"article","og_title":"Zestaw filtr\u00f3w FREEWELL Mega Kit do DJI Osmo Pocket 3 (14 szt.) - IRONSKY.PL Sklep z Dronami","og_description":"Zestaw filtr\u00f3w FREEWELL Mega Kit do DJI Osmo Pocket 3 (14 szt.) - \u2705 sklep z dronami i fachowym doradztwem. \u2705 Tutaj kupisz produkty DJI, Yuneec, Parrot, Syma i wiele innych, a tak\u017ce kursy i licencje na operatora drona.","og_url":"https:\/\/ironsky.pl\/sklep\/produkt\/zestaw-filtrow-freewell-mega-kit-do-dji-osmo-pocket-3-14-szt\/","og_site_name":"IRONSKY.PL Sklep z Dronami","article_modified_time":"2026-04-15T08:28:01+00:00","og_image":[{"width":800,"height":800,"url":"https:\/\/ironsky.pl\/sklep\/wp-content\/uploads\/2026\/04\/35798_1.jpg","type":"image\/jpeg"}],"twitter_card":"summary_large_image","twitter_misc":{"Szacowany czas czytania":"1 minuta"},"schema":{"@context":"https:\/\/schema.org","@graph":[{"@type":"WebPage","@id":"https:\/\/ironsky.pl\/sklep\/produkt\/zestaw-filtrow-freewell-mega-kit-do-dji-osmo-pocket-3-14-szt\/","url":"https:\/\/ironsky.pl\/sklep\/produkt\/zestaw-filtrow-freewell-mega-kit-do-dji-osmo-pocket-3-14-szt\/","name":"Zestaw filtr\u00f3w FREEWELL Mega Kit do DJI Osmo Pocket 3 (14 szt.) - IRONSKY.PL Sklep z Dronami","isPartOf":{"@id":"https:\/\/ironsky.pl\/sklep\/#website"},"primaryImageOfPage":{"@id":"https:\/\/ironsky.pl\/sklep\/produkt\/zestaw-filtrow-freewell-mega-kit-do-dji-osmo-pocket-3-14-szt\/#primaryimage"},"image":{"@id":"https:\/\/ironsky.pl\/sklep\/produkt\/zestaw-filtrow-freewell-mega-kit-do-dji-osmo-pocket-3-14-szt\/#primaryimage"},"thumbnailUrl":"https:\/\/ironsky.pl\/sklep\/wp-content\/uploads\/2026\/04\/35798_1.jpg","datePublished":"2026-04-15T08:27:45+00:00","dateModified":"2026-04-15T08:28:01+00:00","description":"Zestaw filtr\u00f3w FREEWELL Mega Kit do DJI Osmo Pocket 3 (14 szt.) - \u2705 sklep z dronami i fachowym doradztwem. \u2705 Tutaj kupisz produkty DJI, Yuneec, Parrot, Syma i wiele innych, a tak\u017ce kursy i licencje na operatora drona.","breadcrumb":{"@id":"https:\/\/ironsky.pl\/sklep\/produkt\/zestaw-filtrow-freewell-mega-kit-do-dji-osmo-pocket-3-14-szt\/#breadcrumb"},"inLanguage":"pl-PL","potentialAction":[{"@type":"ReadAction","target":["https:\/\/ironsky.pl\/sklep\/produkt\/zestaw-filtrow-freewell-mega-kit-do-dji-osmo-pocket-3-14-szt\/"]}]},{"@type":"ImageObject","inLanguage":"pl-PL","@id":"https:\/\/ironsky.pl\/sklep\/produkt\/zestaw-filtrow-freewell-mega-kit-do-dji-osmo-pocket-3-14-szt\/#primaryimage","url":"https:\/\/ironsky.pl\/sklep\/wp-content\/uploads\/2026\/04\/35798_1.jpg","contentUrl":"https:\/\/ironsky.pl\/sklep\/wp-content\/uploads\/2026\/04\/35798_1.jpg","width":800,"height":800},{"@type":"BreadcrumbList","@id":"https:\/\/ironsky.pl\/sklep\/produkt\/zestaw-filtrow-freewell-mega-kit-do-dji-osmo-pocket-3-14-szt\/#breadcrumb","itemListElement":[{"@type":"ListItem","position":1,"name":"Strona g\u0142\u00f3wna","item":"https:\/\/ironsky.pl\/sklep\/"},{"@type":"ListItem","position":2,"name":"Wszystkie produkty","item":"https:\/\/ironsky.pl\/sklep\/produkty\/"},{"@type":"ListItem","position":3,"name":"Zestaw filtr\u00f3w FREEWELL Mega Kit do DJI Osmo Pocket 3 (14 szt.)"}]},{"@type":"WebSite","@id":"https:\/\/ironsky.pl\/sklep\/#website","url":"https:\/\/ironsky.pl\/sklep\/","name":"IRONSKY.PL Sklep z Dronami","description":"IRONSKY.PL Sklep z Dronami","potentialAction":[{"@type":"SearchAction","target":{"@type":"EntryPoint","urlTemplate":"https:\/\/ironsky.pl\/sklep\/?s={search_term_string}"},"query-input":{"@type":"PropertyValueSpecification","valueRequired":true,"valueName":"search_term_string"}}],"inLanguage":"pl-PL"}]}},"_links":{"self":[{"href":"https:\/\/ironsky.pl\/sklep\/wp-json\/wp\/v2\/product\/57611","targetHints":{"allow":["GET"]}}],"collection":[{"href":"https:\/\/ironsky.pl\/sklep\/wp-json\/wp\/v2\/product"}],"about":[{"href":"https:\/\/ironsky.pl\/sklep\/wp-json\/wp\/v2\/types\/product"}],"replies":[{"embeddable":true,"href":"https:\/\/ironsky.pl\/sklep\/wp-json\/wp\/v2\/comments?post=57611"}],"wp:featuredmedia":[{"embeddable":true,"href":"https:\/\/ironsky.pl\/sklep\/wp-json\/wp\/v2\/media\/57612"}],"wp:attachment":[{"href":"https:\/\/ironsky.pl\/sklep\/wp-json\/wp\/v2\/media?parent=57611"}],"wp:term":[{"taxonomy":"product_brand","embeddable":true,"href":"https:\/\/ironsky.pl\/sklep\/wp-json\/wp\/v2\/product_brand?post=57611"},{"taxonomy":"product_cat","embeddable":true,"href":"https:\/\/ironsky.pl\/sklep\/wp-json\/wp\/v2\/product_cat?post=57611"},{"taxonomy":"product_tag","embeddable":true,"href":"https:\/\/ironsky.pl\/sklep\/wp-json\/wp\/v2\/product_tag?post=57611"}],"curies":[{"name":"wp","href":"https:\/\/api.w.org\/{rel}","templated":true}]}}