{"id":57559,"date":"2026-04-15T10:27:00","date_gmt":"2026-04-15T08:27:00","guid":{"rendered":"https:\/\/ironsky.pl\/sklep\/produkt\/odbiornik-wideo-dji-video-receiver\/"},"modified":"2026-04-15T10:27:34","modified_gmt":"2026-04-15T08:27:34","slug":"odbiornik-wideo-dji-video-receiver","status":"publish","type":"product","link":"https:\/\/ironsky.pl\/sklep\/produkt\/odbiornik-wideo-dji-video-receiver\/","title":{"rendered":"Odbiornik wideo DJI Video Receiver"},"content":{"rendered":"<h3>Odbiornik sygna\u0142u wideo DJI<\/h3>\n<p>Odbiornik DJI Video Receiver jest kompatybilny z nadajnikiem DJI Video Transmitter i w takiej konfiguracji \u015bwietnie sprawdzi si\u0119 na planie filmowym. Je\u015bli u\u017cyjesz go w po\u0142\u0105czeniu z kamer\u0105 filmow\u0105 tak\u0105 jak ARRI lub RED, zyskasz mo\u017cliwo\u015b\u0107 wygodnego przesy\u0142ania metadanych i wyprowadzania sygna\u0142u wideo z u\u0142amkow\u0105 liczb\u0105 klatek na sekund\u0119. Urz\u0105dzenie obs\u0142uguje system O3 Pro, dzi\u0119ki czemu pozwala na transmisj\u0119 obrazu 1080p\/60FPS o zasi\u0119gu do 4 km. Co wi\u0119cej, mo\u017cesz po\u0142\u0105czy\u0107 ze swoim nadajnikiem nielimitowan\u0105 liczb\u0119 odbiornik\u00f3w (w trybie Broadcast). DJI Video Receiver jest te\u017c kompatybilny z DJI Master Wheels. Uwaga: aby korzysta\u0107 z odbiornika DJI Video Receiver, niezb\u0119dny jest nadajnik DJI Video Transmitter.<\/p>\n<p><img decoding=\"async\" src=\"https:\/\/b2b.innpro.pl\/data\/include\/cms\/12DJI\/DJI-Video-Receiver\/4.jpg\" border=\"0\" alt=\"12DJI\/DJI-Video-Receiver\/4\" \/><\/p>\n<h3>Niemal nieograniczone mo\u017cliwo\u015bci<\/h3>\n<p>Odbiornik obs\u0142uguje transmisj\u0119 metadanych przez SDI, co oznacza, \u017ce za jego pomoc\u0105 mo\u017cesz wygodnie przesy\u0142a\u0107 nazwy plik\u00f3w, kody czasowe czy ustawienia kamery do monitor\u00f3w oraz QTAKE. DJI Video Receiver pozwala te\u017c na po\u0142\u0105czenia g\u0142osowe w czasie rzeczywistym (jeden-jeden), u\u0142atwiaj\u0105c komunikacj\u0119 mi\u0119dzy operatorem a re\u017cyserem. Urz\u0105dzenie oferuje tak\u017ce 2 tryby pracy. Tryb Broadcast umo\u017cliwia pod\u0142\u0105czenie nielimitowanej liczby odbiornik\u00f3w do nadajnika, dzi\u0119ki czemu wiele zespo\u0142\u00f3w mo\u017ce sprawnie monitorowa\u0107 prac\u0119 na planie filmowym. Z kolei tryb Control nadaje si\u0119 do zdalnego sterowania Roninem 2, DJI RS 3 Pro i ostro\u015bci\u0105 kamery.<\/p>\n<p><img decoding=\"async\" src=\"https:\/\/b2b.innpro.pl\/data\/include\/cms\/12DJI\/DJI-Video-Receiver\/1.jpg\" border=\"0\" alt=\"12DJI\/DJI-Video-Receiver\/1\" \/><\/p>\n<h3>W zestawie<\/h3>\n<ul>\n<li>Odbiornik DJI Video Receiver<\/li>\n<li>Adapter akumulatora NP-F<\/li>\n<li>Adapter akumulatora WB37<\/li>\n<li>Antena do transmisji wideo Ronin x2<\/li>\n<li>Kabel USB-C<\/li>\n<li>Kabel SDI<\/li>\n<li>Kabel zasilaj\u0105cy DC do P-TAP<\/li>\n<li>Zestaw monta\u017cowy<\/li>\n<\/ul>\n<div class=\"table-wrapper\">\n<table>\n<tbody>\n<tr>\n<th>Waga<\/th>\n<td>Ok. 350 g (bez anten)<\/td>\n<\/tr>\n<tr>\n<th>Wymiary<\/th>\n<td>127 x 87 x 26 mm (D x S x W, bez anten)<\/td>\n<\/tr>\n<tr>\n<th>Cz\u0119stotliwo\u015b\u0107 robocza<\/th>\n<td>\n<p>Pasmo przenoszenia Pasma przenoszenia inne ni\u017c DFS: 2,4000-2,4835 GHz; 5,150-5,250 GHz; 5,725-5,850 GHz; Pasmo przenoszenia DFS: 5,250-5,350 GHz; 5,470-5,725 GHz; 5,725-5,850 GHz;<\/p>\n<p>*W niekt\u00f3rych pa\u0144stwach i regionach cz\u0119stotliwo\u015bci 5,1 \/ 5,2 \/ 5,8 GHz s\u0105 zakazane lub cz\u0119stotliwo\u015bci 5,1 \/ 5,2 GHz s\u0105 dozwolone do u\u017cytku tylko wewn\u0105trz budynk\u00f3w. Aby uzyska\u0107 wi\u0119cej informacji, sprawd\u017a obowi\u0105zuj\u0105ce przepisy. Cz\u0119stotliwo\u015bci 5,600-5,650 GHz nie s\u0105 u\u017cywane.<\/p>\n<\/td>\n<\/tr>\n<tr>\n<th>Moc nadajnika (EIRP)<\/th>\n<td>2,4000-2,4835 GHz: &lt; 33 dBm (FCC); &lt; 20 dBm (SRRC \/ CE \/ MIC); 5,725-5,850 GHz: &lt; 33 dBm (FCC); &lt; 14 dBm (CE); &lt; 23 dBm (SRRC);<\/td>\n<\/tr>\n<tr>\n<th>Maks. pasmo przenoszenia<\/th>\n<td>40 MHz<\/td>\n<\/tr>\n<tr>\n<th>Maks. bitrate<\/th>\n<td>40 Mbps<\/td>\n<\/tr>\n<tr>\n<th>Zu\u017cycie energii<\/th>\n<td>9 W<\/td>\n<\/tr>\n<tr>\n<th>Napi\u0119cie zasilania<\/th>\n<td>6-18 V<\/td>\n<\/tr>\n<tr>\n<th>Napi\u0119cie wyj\u015bciowe<\/th>\n<td>Port wyj\u015bciowy zasilania: 6-18 V<\/td>\n<\/tr>\n<tr>\n<th>Czas pracy<\/th>\n<td>Ok. 3 h 50 min *Przetestowano w temperaturze pokojowej 25\u00b0C podczas zasilania za pomoc\u0105 inteligentnego akumulatora WB37 i w po\u0142\u0105czeniu z nadajnikiem DJI Video Transmitter.<\/td>\n<\/tr>\n<tr>\n<th>Format wideo (wyj\u015bcie)<\/th>\n<td>Z nadajnikiem DJI Video Transmitter: 1080p: 23,98\/24\/25\/29,97\/30\/50\/59,94\/60FPS; 720p: 50\/59,94\/60FPS; Z Roninem 4D: 1080p: 24\/25\/30\/48\/50\/60FPS;<\/td>\n<\/tr>\n<tr>\n<th>Format audio (wej\u015bcie)<\/th>\n<td>Wbudowany interfejs SDI, wbudowany interfejs HDMI<\/td>\n<\/tr>\n<tr>\n<th>Format audio (wyj\u015bcie)<\/th>\n<td>PCM<\/td>\n<\/tr>\n<tr>\n<th>System transmisji wideo<\/th>\n<td>O3 Pro<\/td>\n<\/tr>\n<tr>\n<th>Op\u00f3\u017anienie transmisji wideo<\/th>\n<td>70 ms *Zmierzono podczas nagrywania wideo 1080p\/60FPS.<\/td>\n<\/tr>\n<tr>\n<th>Kodeki wideo<\/th>\n<td>H.264<\/td>\n<\/tr>\n<tr>\n<th>Maks. zasi\u0119g transmisji<\/th>\n<td>6 m (FCC); 4 km (CE \/ SRRC \/ MIC); *Zmierzono w otwartym \u015brodowisku, bez przeszk\u00f3d i zak\u0142\u00f3ce\u0144.<\/td>\n<\/tr>\n<tr>\n<th>Temperatura pracy<\/th>\n<td>Od -10\u00b0C do 45\u00b0C<\/td>\n<\/tr>\n<\/tbody>\n<\/table>\n<\/div>\n","protected":false},"excerpt":{"rendered":"<p>Odbiornik sygna\u0142u wideo DJI Odbiornik DJI Video Receiver jest kompatybilny z nadajnikiem DJI Video Transmitter i w takiej konfiguracji \u015bwietnie<\/p>\n","protected":false},"featured_media":57560,"comment_status":"closed","ping_status":"open","template":"","meta":{"_acf_changed":false},"product_brand":[],"product_cat":[1130,6174,1128],"product_tag":[],"class_list":{"0":"post-57559","1":"product","2":"type-product","3":"status-publish","4":"has-post-thumbnail","6":"product_cat-akcesoria-foto","7":"product_cat-do-aparatow-i-kamer","8":"product_cat-foto-wideo","9":"pa_okres-gwarancji-5757","10":"pa_producent-dji","12":"first","13":"outofstock","14":"taxable","15":"shipping-taxable","16":"purchasable","17":"product-type-simple"},"acf":[],"yoast_head":"<!-- This site is optimized with the Yoast SEO plugin v27.2 - https:\/\/yoast.com\/product\/yoast-seo-wordpress\/ -->\n<title>Odbiornik wideo DJI Video Receiver - IRONSKY.PL Sklep z Dronami<\/title>\n<meta name=\"description\" content=\"Odbiornik wideo DJI Video Receiver - \u2705 sklep z dronami i fachowym doradztwem. \u2705 Tutaj kupisz produkty DJI, Yuneec, Parrot, Syma i wiele innych, a tak\u017ce kursy i licencje na operatora drona.\" \/>\n<meta name=\"robots\" content=\"index, follow, max-snippet:-1, max-image-preview:large, max-video-preview:-1\" \/>\n<link rel=\"canonical\" href=\"https:\/\/ironsky.pl\/sklep\/produkt\/odbiornik-wideo-dji-video-receiver\/\" \/>\n<meta property=\"og:locale\" content=\"pl_PL\" \/>\n<meta property=\"og:type\" content=\"article\" \/>\n<meta property=\"og:title\" content=\"Odbiornik wideo DJI Video Receiver - IRONSKY.PL Sklep z Dronami\" \/>\n<meta property=\"og:description\" content=\"Odbiornik wideo DJI Video Receiver - \u2705 sklep z dronami i fachowym doradztwem. \u2705 Tutaj kupisz produkty DJI, Yuneec, Parrot, Syma i wiele innych, a tak\u017ce kursy i licencje na operatora drona.\" \/>\n<meta property=\"og:url\" content=\"https:\/\/ironsky.pl\/sklep\/produkt\/odbiornik-wideo-dji-video-receiver\/\" \/>\n<meta property=\"og:site_name\" content=\"IRONSKY.PL Sklep z Dronami\" \/>\n<meta property=\"article:modified_time\" content=\"2026-04-15T08:27:34+00:00\" \/>\n<meta property=\"og:image\" content=\"https:\/\/ironsky.pl\/sklep\/wp-content\/uploads\/2026\/04\/35701_1.jpg\" \/>\n\t<meta property=\"og:image:width\" content=\"800\" \/>\n\t<meta property=\"og:image:height\" content=\"800\" \/>\n\t<meta property=\"og:image:type\" content=\"image\/jpeg\" \/>\n<meta name=\"twitter:card\" content=\"summary_large_image\" \/>\n<meta name=\"twitter:label1\" content=\"Szacowany czas czytania\" \/>\n\t<meta name=\"twitter:data1\" content=\"3 minuty\" \/>\n<script type=\"application\/ld+json\" class=\"yoast-schema-graph\">{\"@context\":\"https:\/\/schema.org\",\"@graph\":[{\"@type\":\"WebPage\",\"@id\":\"https:\/\/ironsky.pl\/sklep\/produkt\/odbiornik-wideo-dji-video-receiver\/\",\"url\":\"https:\/\/ironsky.pl\/sklep\/produkt\/odbiornik-wideo-dji-video-receiver\/\",\"name\":\"Odbiornik wideo DJI Video Receiver - IRONSKY.PL Sklep z Dronami\",\"isPartOf\":{\"@id\":\"https:\/\/ironsky.pl\/sklep\/#website\"},\"primaryImageOfPage\":{\"@id\":\"https:\/\/ironsky.pl\/sklep\/produkt\/odbiornik-wideo-dji-video-receiver\/#primaryimage\"},\"image\":{\"@id\":\"https:\/\/ironsky.pl\/sklep\/produkt\/odbiornik-wideo-dji-video-receiver\/#primaryimage\"},\"thumbnailUrl\":\"https:\/\/ironsky.pl\/sklep\/wp-content\/uploads\/2026\/04\/35701_1.jpg\",\"datePublished\":\"2026-04-15T08:27:00+00:00\",\"dateModified\":\"2026-04-15T08:27:34+00:00\",\"description\":\"Odbiornik wideo DJI Video Receiver - \u2705 sklep z dronami i fachowym doradztwem. \u2705 Tutaj kupisz produkty DJI, Yuneec, Parrot, Syma i wiele innych, a tak\u017ce kursy i licencje na operatora drona.\",\"breadcrumb\":{\"@id\":\"https:\/\/ironsky.pl\/sklep\/produkt\/odbiornik-wideo-dji-video-receiver\/#breadcrumb\"},\"inLanguage\":\"pl-PL\",\"potentialAction\":[{\"@type\":\"ReadAction\",\"target\":[\"https:\/\/ironsky.pl\/sklep\/produkt\/odbiornik-wideo-dji-video-receiver\/\"]}]},{\"@type\":\"ImageObject\",\"inLanguage\":\"pl-PL\",\"@id\":\"https:\/\/ironsky.pl\/sklep\/produkt\/odbiornik-wideo-dji-video-receiver\/#primaryimage\",\"url\":\"https:\/\/ironsky.pl\/sklep\/wp-content\/uploads\/2026\/04\/35701_1.jpg\",\"contentUrl\":\"https:\/\/ironsky.pl\/sklep\/wp-content\/uploads\/2026\/04\/35701_1.jpg\",\"width\":800,\"height\":800},{\"@type\":\"BreadcrumbList\",\"@id\":\"https:\/\/ironsky.pl\/sklep\/produkt\/odbiornik-wideo-dji-video-receiver\/#breadcrumb\",\"itemListElement\":[{\"@type\":\"ListItem\",\"position\":1,\"name\":\"Strona g\u0142\u00f3wna\",\"item\":\"https:\/\/ironsky.pl\/sklep\/\"},{\"@type\":\"ListItem\",\"position\":2,\"name\":\"Wszystkie produkty\",\"item\":\"https:\/\/ironsky.pl\/sklep\/produkty\/\"},{\"@type\":\"ListItem\",\"position\":3,\"name\":\"Odbiornik wideo DJI Video Receiver\"}]},{\"@type\":\"WebSite\",\"@id\":\"https:\/\/ironsky.pl\/sklep\/#website\",\"url\":\"https:\/\/ironsky.pl\/sklep\/\",\"name\":\"IRONSKY.PL Sklep z Dronami\",\"description\":\"IRONSKY.PL Sklep z Dronami\",\"potentialAction\":[{\"@type\":\"SearchAction\",\"target\":{\"@type\":\"EntryPoint\",\"urlTemplate\":\"https:\/\/ironsky.pl\/sklep\/?s={search_term_string}\"},\"query-input\":{\"@type\":\"PropertyValueSpecification\",\"valueRequired\":true,\"valueName\":\"search_term_string\"}}],\"inLanguage\":\"pl-PL\"}]}<\/script>\n<!-- \/ Yoast SEO plugin. -->","yoast_head_json":{"title":"Odbiornik wideo DJI Video Receiver - IRONSKY.PL Sklep z Dronami","description":"Odbiornik wideo DJI Video Receiver - \u2705 sklep z dronami i fachowym doradztwem. \u2705 Tutaj kupisz produkty DJI, Yuneec, Parrot, Syma i wiele innych, a tak\u017ce kursy i licencje na operatora drona.","robots":{"index":"index","follow":"follow","max-snippet":"max-snippet:-1","max-image-preview":"max-image-preview:large","max-video-preview":"max-video-preview:-1"},"canonical":"https:\/\/ironsky.pl\/sklep\/produkt\/odbiornik-wideo-dji-video-receiver\/","og_locale":"pl_PL","og_type":"article","og_title":"Odbiornik wideo DJI Video Receiver - IRONSKY.PL Sklep z Dronami","og_description":"Odbiornik wideo DJI Video Receiver - \u2705 sklep z dronami i fachowym doradztwem. \u2705 Tutaj kupisz produkty DJI, Yuneec, Parrot, Syma i wiele innych, a tak\u017ce kursy i licencje na operatora drona.","og_url":"https:\/\/ironsky.pl\/sklep\/produkt\/odbiornik-wideo-dji-video-receiver\/","og_site_name":"IRONSKY.PL Sklep z Dronami","article_modified_time":"2026-04-15T08:27:34+00:00","og_image":[{"width":800,"height":800,"url":"https:\/\/ironsky.pl\/sklep\/wp-content\/uploads\/2026\/04\/35701_1.jpg","type":"image\/jpeg"}],"twitter_card":"summary_large_image","twitter_misc":{"Szacowany czas czytania":"3 minuty"},"schema":{"@context":"https:\/\/schema.org","@graph":[{"@type":"WebPage","@id":"https:\/\/ironsky.pl\/sklep\/produkt\/odbiornik-wideo-dji-video-receiver\/","url":"https:\/\/ironsky.pl\/sklep\/produkt\/odbiornik-wideo-dji-video-receiver\/","name":"Odbiornik wideo DJI Video Receiver - IRONSKY.PL Sklep z Dronami","isPartOf":{"@id":"https:\/\/ironsky.pl\/sklep\/#website"},"primaryImageOfPage":{"@id":"https:\/\/ironsky.pl\/sklep\/produkt\/odbiornik-wideo-dji-video-receiver\/#primaryimage"},"image":{"@id":"https:\/\/ironsky.pl\/sklep\/produkt\/odbiornik-wideo-dji-video-receiver\/#primaryimage"},"thumbnailUrl":"https:\/\/ironsky.pl\/sklep\/wp-content\/uploads\/2026\/04\/35701_1.jpg","datePublished":"2026-04-15T08:27:00+00:00","dateModified":"2026-04-15T08:27:34+00:00","description":"Odbiornik wideo DJI Video Receiver - \u2705 sklep z dronami i fachowym doradztwem. \u2705 Tutaj kupisz produkty DJI, Yuneec, Parrot, Syma i wiele innych, a tak\u017ce kursy i licencje na operatora drona.","breadcrumb":{"@id":"https:\/\/ironsky.pl\/sklep\/produkt\/odbiornik-wideo-dji-video-receiver\/#breadcrumb"},"inLanguage":"pl-PL","potentialAction":[{"@type":"ReadAction","target":["https:\/\/ironsky.pl\/sklep\/produkt\/odbiornik-wideo-dji-video-receiver\/"]}]},{"@type":"ImageObject","inLanguage":"pl-PL","@id":"https:\/\/ironsky.pl\/sklep\/produkt\/odbiornik-wideo-dji-video-receiver\/#primaryimage","url":"https:\/\/ironsky.pl\/sklep\/wp-content\/uploads\/2026\/04\/35701_1.jpg","contentUrl":"https:\/\/ironsky.pl\/sklep\/wp-content\/uploads\/2026\/04\/35701_1.jpg","width":800,"height":800},{"@type":"BreadcrumbList","@id":"https:\/\/ironsky.pl\/sklep\/produkt\/odbiornik-wideo-dji-video-receiver\/#breadcrumb","itemListElement":[{"@type":"ListItem","position":1,"name":"Strona g\u0142\u00f3wna","item":"https:\/\/ironsky.pl\/sklep\/"},{"@type":"ListItem","position":2,"name":"Wszystkie produkty","item":"https:\/\/ironsky.pl\/sklep\/produkty\/"},{"@type":"ListItem","position":3,"name":"Odbiornik wideo DJI Video Receiver"}]},{"@type":"WebSite","@id":"https:\/\/ironsky.pl\/sklep\/#website","url":"https:\/\/ironsky.pl\/sklep\/","name":"IRONSKY.PL Sklep z Dronami","description":"IRONSKY.PL Sklep z Dronami","potentialAction":[{"@type":"SearchAction","target":{"@type":"EntryPoint","urlTemplate":"https:\/\/ironsky.pl\/sklep\/?s={search_term_string}"},"query-input":{"@type":"PropertyValueSpecification","valueRequired":true,"valueName":"search_term_string"}}],"inLanguage":"pl-PL"}]}},"_links":{"self":[{"href":"https:\/\/ironsky.pl\/sklep\/wp-json\/wp\/v2\/product\/57559","targetHints":{"allow":["GET"]}}],"collection":[{"href":"https:\/\/ironsky.pl\/sklep\/wp-json\/wp\/v2\/product"}],"about":[{"href":"https:\/\/ironsky.pl\/sklep\/wp-json\/wp\/v2\/types\/product"}],"replies":[{"embeddable":true,"href":"https:\/\/ironsky.pl\/sklep\/wp-json\/wp\/v2\/comments?post=57559"}],"wp:featuredmedia":[{"embeddable":true,"href":"https:\/\/ironsky.pl\/sklep\/wp-json\/wp\/v2\/media\/57560"}],"wp:attachment":[{"href":"https:\/\/ironsky.pl\/sklep\/wp-json\/wp\/v2\/media?parent=57559"}],"wp:term":[{"taxonomy":"product_brand","embeddable":true,"href":"https:\/\/ironsky.pl\/sklep\/wp-json\/wp\/v2\/product_brand?post=57559"},{"taxonomy":"product_cat","embeddable":true,"href":"https:\/\/ironsky.pl\/sklep\/wp-json\/wp\/v2\/product_cat?post=57559"},{"taxonomy":"product_tag","embeddable":true,"href":"https:\/\/ironsky.pl\/sklep\/wp-json\/wp\/v2\/product_tag?post=57559"}],"curies":[{"name":"wp","href":"https:\/\/api.w.org\/{rel}","templated":true}]}}