{"id":57553,"date":"2026-04-15T10:27:00","date_gmt":"2026-04-15T08:27:00","guid":{"rendered":"https:\/\/ironsky.pl\/sklep\/produkt\/uchwyt-rowerowy-sunnylife-zj669-do-dji-rc-2\/"},"modified":"2026-04-15T10:27:27","modified_gmt":"2026-04-15T08:27:27","slug":"uchwyt-rowerowy-sunnylife-zj669-do-dji-rc-2","status":"publish","type":"product","link":"https:\/\/ironsky.pl\/sklep\/produkt\/uchwyt-rowerowy-sunnylife-zj669-do-dji-rc-2\/","title":{"rendered":"Uchwyt rowerowy SUNNYLIFE ZJ669 do DJI RC 2"},"content":{"rendered":"<h3>Uchwyt rowerowy Sunnylife do kontrolera DJI RC 2 (ZJ669)<\/h3>\n<p>Uchwyt rowerowy Sunnylife zaprojektowany zosta\u0142 z my\u015bl\u0105 o mi\u0142o\u015bnikach dron\u00f3w i aktywnego wypoczynku. Umo\u017cliwia swobodne operowanie kontrolerem DJI RC 2 podczas jazdy na rowerze, co pozwala cieszy\u0107 si\u0119 dynamicznymi uj\u0119ciami bez konieczno\u015bci zatrzymywania si\u0119. Wykonany zosta\u0142 z obrabianego stopu aluminium, kt\u00f3ry zapewnia wytrzyma\u0142o\u015b\u0107 i bezpieczne u\u017cytkowanie. Dzi\u0119ki precyzyjnie dopasowanej konstrukcji i solidnym \u015brubom akcesorium stabilnie \u0142\u0105czy si\u0119 z kontrolerem, eliminuj\u0105c ryzyko przypadkowego od\u0142\u0105czenia.<\/p>\n<p><img decoding=\"async\" src=\"https:\/\/b2b.innpro.pl\/data\/include\/cms\/Sunnylife\/ZJ669\/1.jpg\" alt=\"Sunnylife\/ZJ669\/1\"><\/p>\n<h3>Solidne mocowanie<\/h3>\n<p>Zastosowanie stopu aluminium zapewni\u0142o uchwytowi nie tylko elegancki wygl\u0105d, ale przede wszystkim niezawodno\u015b\u0107 i d\u0142ug\u0105 \u017cywotno\u015b\u0107. Produkt wyposa\u017cono tak\u017ce w mi\u0119kk\u0105 podk\u0142adk\u0119. Z powodzeniem wykorzystasz go podczas jazdy rowerem, skuterem lub elektrycznym pojazdem dwuko\u0142owym, maj\u0105c pewno\u015b\u0107, \u017ce Twoje urz\u0105dzenie stabilnie utrzyma si\u0119 w odpowiednim miejscu.<\/p>\n<p><img decoding=\"async\" src=\"https:\/\/b2b.innpro.pl\/data\/include\/cms\/Sunnylife\/ZJ669\/3.jpg\" alt=\"Sunnylife\/ZJ669\/3\"><\/p>\n<h3>Wiele mo\u017cliwo\u015bci zastosowania<\/h3>\n<p>Produkt Sunnylife sprawdzi si\u0119 jako niezale\u017cny uchwyt do kamer sportowych, kompatybilny mi\u0119dzy innymi z seriami ACTION, GoPro i Insta360. Dzi\u0119ki temu mo\u017cesz cieszy\u0107 si\u0119 du\u017c\u0105 swobod\u0105 i wykorzysta\u0107 akcesorium w r\u00f3\u017cnych warunkach.<\/p>\n<p><img decoding=\"async\" src=\"https:\/\/b2b.innpro.pl\/data\/include\/cms\/Sunnylife\/ZJ669\/2.jpg\" alt=\"Sunnylife\/ZJ669\/2\"><\/p>\n<h3>\u0141atwo\u015b\u0107 monta\u017cu i mo\u017cliwo\u015b\u0107 regulacji<\/h3>\n<p>Monta\u017c uchwytu odbywa si\u0119 szybko i bezproblemowo, a regulacja k\u0105ta nagrywania jest \u0142atwa i intuicyjna. Mo\u017cesz wi\u0119c w pe\u0142ni skupi\u0107 si\u0119 na drodze i otoczeniu, jednocze\u015bnie dokumentuj\u0105c swoj\u0105 przygod\u0119. Z produktem rowerowym Sunnylife ka\u017cda przeja\u017cd\u017cka na stanie si\u0119 niezapomnian\u0105 przygod\u0105. Niezale\u017cnie od tego, czy chcesz uchwyci\u0107 malownicze krajobrazy, czy dynamiczne sceny miejskie \u2013 teraz zrealizujesz ka\u017cd\u0105 wizj\u0119 z \u0142atwo\u015bci\u0105!<\/p>\n<p><img decoding=\"async\" src=\"https:\/\/b2b.innpro.pl\/data\/include\/cms\/Sunnylife\/ZJ669\/4.jpg\" alt=\"Sunnylife\/ZJ669\/4\"><\/p>\n<div class=\"table-wrapper\">\n<table>\n<tbody>\n<tr>\n<th>Producent<\/th>\n<td>Sunnylife<\/td>\n<\/tr>\n<tr>\n<th>Model<\/th>\n<td>ZJ669<\/td>\n<\/tr>\n<tr>\n<th>Kompatybilno\u015b\u0107<\/th>\n<td>DJI RC 2<\/td>\n<\/tr>\n<tr>\n<th>Materia\u0142<\/th>\n<td>stop aluminium + tworzywo sztuczne<\/td>\n<\/tr>\n<\/tbody>\n<\/table>\n<\/div>\n","protected":false},"excerpt":{"rendered":"<p>Uchwyt rowerowy Sunnylife do kontrolera DJI RC 2 (ZJ669) Uchwyt rowerowy Sunnylife zaprojektowany zosta\u0142 z my\u015bl\u0105 o mi\u0142o\u015bnikach dron\u00f3w i<\/p>\n","protected":false},"featured_media":57554,"comment_status":"closed","ping_status":"open","template":"","meta":{"_acf_changed":false},"product_brand":[],"product_cat":[6167,6170,1088],"product_tag":[],"class_list":{"0":"post-57553","1":"product","2":"type-product","3":"status-publish","4":"has-post-thumbnail","6":"product_cat-akcesoria-do-dronow","7":"product_cat-dji-akcesoria-do-dronow","8":"product_cat-drony","9":"pa_okres-gwarancji-5754","10":"pa_producent-sunnylife","12":"first","13":"outofstock","14":"taxable","15":"shipping-taxable","16":"purchasable","17":"product-type-simple"},"acf":[],"yoast_head":"<!-- This site is optimized with the Yoast SEO plugin v27.2 - https:\/\/yoast.com\/product\/yoast-seo-wordpress\/ -->\n<title>Uchwyt rowerowy SUNNYLIFE ZJ669 do DJI RC 2 - IRONSKY.PL Sklep z Dronami<\/title>\n<meta name=\"description\" content=\"Uchwyt rowerowy SUNNYLIFE ZJ669 do DJI RC 2 - \u2705 sklep z dronami i fachowym doradztwem. \u2705 Tutaj kupisz produkty DJI, Yuneec, Parrot, Syma i wiele innych, a tak\u017ce kursy i licencje na operatora drona.\" \/>\n<meta name=\"robots\" content=\"index, follow, max-snippet:-1, max-image-preview:large, max-video-preview:-1\" \/>\n<link rel=\"canonical\" href=\"https:\/\/ironsky.pl\/sklep\/produkt\/uchwyt-rowerowy-sunnylife-zj669-do-dji-rc-2\/\" \/>\n<meta property=\"og:locale\" content=\"pl_PL\" \/>\n<meta property=\"og:type\" content=\"article\" \/>\n<meta property=\"og:title\" content=\"Uchwyt rowerowy SUNNYLIFE ZJ669 do DJI RC 2 - IRONSKY.PL Sklep z Dronami\" \/>\n<meta property=\"og:description\" content=\"Uchwyt rowerowy SUNNYLIFE ZJ669 do DJI RC 2 - \u2705 sklep z dronami i fachowym doradztwem. \u2705 Tutaj kupisz produkty DJI, Yuneec, Parrot, Syma i wiele innych, a tak\u017ce kursy i licencje na operatora drona.\" \/>\n<meta property=\"og:url\" content=\"https:\/\/ironsky.pl\/sklep\/produkt\/uchwyt-rowerowy-sunnylife-zj669-do-dji-rc-2\/\" \/>\n<meta property=\"og:site_name\" content=\"IRONSKY.PL Sklep z Dronami\" \/>\n<meta property=\"article:modified_time\" content=\"2026-04-15T08:27:27+00:00\" \/>\n<meta property=\"og:image\" content=\"https:\/\/ironsky.pl\/sklep\/wp-content\/uploads\/2026\/04\/35664_1.jpg\" \/>\n\t<meta property=\"og:image:width\" content=\"800\" \/>\n\t<meta property=\"og:image:height\" content=\"801\" \/>\n\t<meta property=\"og:image:type\" content=\"image\/jpeg\" \/>\n<meta name=\"twitter:card\" content=\"summary_large_image\" \/>\n<meta name=\"twitter:label1\" content=\"Szacowany czas czytania\" \/>\n\t<meta name=\"twitter:data1\" content=\"1 minuta\" \/>\n<script type=\"application\/ld+json\" class=\"yoast-schema-graph\">{\"@context\":\"https:\/\/schema.org\",\"@graph\":[{\"@type\":\"WebPage\",\"@id\":\"https:\/\/ironsky.pl\/sklep\/produkt\/uchwyt-rowerowy-sunnylife-zj669-do-dji-rc-2\/\",\"url\":\"https:\/\/ironsky.pl\/sklep\/produkt\/uchwyt-rowerowy-sunnylife-zj669-do-dji-rc-2\/\",\"name\":\"Uchwyt rowerowy SUNNYLIFE ZJ669 do DJI RC 2 - IRONSKY.PL Sklep z Dronami\",\"isPartOf\":{\"@id\":\"https:\/\/ironsky.pl\/sklep\/#website\"},\"primaryImageOfPage\":{\"@id\":\"https:\/\/ironsky.pl\/sklep\/produkt\/uchwyt-rowerowy-sunnylife-zj669-do-dji-rc-2\/#primaryimage\"},\"image\":{\"@id\":\"https:\/\/ironsky.pl\/sklep\/produkt\/uchwyt-rowerowy-sunnylife-zj669-do-dji-rc-2\/#primaryimage\"},\"thumbnailUrl\":\"https:\/\/ironsky.pl\/sklep\/wp-content\/uploads\/2026\/04\/35664_1.jpg\",\"datePublished\":\"2026-04-15T08:27:00+00:00\",\"dateModified\":\"2026-04-15T08:27:27+00:00\",\"description\":\"Uchwyt rowerowy SUNNYLIFE ZJ669 do DJI RC 2 - \u2705 sklep z dronami i fachowym doradztwem. \u2705 Tutaj kupisz produkty DJI, Yuneec, Parrot, Syma i wiele innych, a tak\u017ce kursy i licencje na operatora drona.\",\"breadcrumb\":{\"@id\":\"https:\/\/ironsky.pl\/sklep\/produkt\/uchwyt-rowerowy-sunnylife-zj669-do-dji-rc-2\/#breadcrumb\"},\"inLanguage\":\"pl-PL\",\"potentialAction\":[{\"@type\":\"ReadAction\",\"target\":[\"https:\/\/ironsky.pl\/sklep\/produkt\/uchwyt-rowerowy-sunnylife-zj669-do-dji-rc-2\/\"]}]},{\"@type\":\"ImageObject\",\"inLanguage\":\"pl-PL\",\"@id\":\"https:\/\/ironsky.pl\/sklep\/produkt\/uchwyt-rowerowy-sunnylife-zj669-do-dji-rc-2\/#primaryimage\",\"url\":\"https:\/\/ironsky.pl\/sklep\/wp-content\/uploads\/2026\/04\/35664_1.jpg\",\"contentUrl\":\"https:\/\/ironsky.pl\/sklep\/wp-content\/uploads\/2026\/04\/35664_1.jpg\",\"width\":800,\"height\":801},{\"@type\":\"BreadcrumbList\",\"@id\":\"https:\/\/ironsky.pl\/sklep\/produkt\/uchwyt-rowerowy-sunnylife-zj669-do-dji-rc-2\/#breadcrumb\",\"itemListElement\":[{\"@type\":\"ListItem\",\"position\":1,\"name\":\"Strona g\u0142\u00f3wna\",\"item\":\"https:\/\/ironsky.pl\/sklep\/\"},{\"@type\":\"ListItem\",\"position\":2,\"name\":\"Wszystkie produkty\",\"item\":\"https:\/\/ironsky.pl\/sklep\/produkty\/\"},{\"@type\":\"ListItem\",\"position\":3,\"name\":\"Uchwyt rowerowy SUNNYLIFE ZJ669 do DJI RC 2\"}]},{\"@type\":\"WebSite\",\"@id\":\"https:\/\/ironsky.pl\/sklep\/#website\",\"url\":\"https:\/\/ironsky.pl\/sklep\/\",\"name\":\"IRONSKY.PL Sklep z Dronami\",\"description\":\"IRONSKY.PL Sklep z Dronami\",\"potentialAction\":[{\"@type\":\"SearchAction\",\"target\":{\"@type\":\"EntryPoint\",\"urlTemplate\":\"https:\/\/ironsky.pl\/sklep\/?s={search_term_string}\"},\"query-input\":{\"@type\":\"PropertyValueSpecification\",\"valueRequired\":true,\"valueName\":\"search_term_string\"}}],\"inLanguage\":\"pl-PL\"}]}<\/script>\n<!-- \/ Yoast SEO plugin. -->","yoast_head_json":{"title":"Uchwyt rowerowy SUNNYLIFE ZJ669 do DJI RC 2 - IRONSKY.PL Sklep z Dronami","description":"Uchwyt rowerowy SUNNYLIFE ZJ669 do DJI RC 2 - \u2705 sklep z dronami i fachowym doradztwem. \u2705 Tutaj kupisz produkty DJI, Yuneec, Parrot, Syma i wiele innych, a tak\u017ce kursy i licencje na operatora drona.","robots":{"index":"index","follow":"follow","max-snippet":"max-snippet:-1","max-image-preview":"max-image-preview:large","max-video-preview":"max-video-preview:-1"},"canonical":"https:\/\/ironsky.pl\/sklep\/produkt\/uchwyt-rowerowy-sunnylife-zj669-do-dji-rc-2\/","og_locale":"pl_PL","og_type":"article","og_title":"Uchwyt rowerowy SUNNYLIFE ZJ669 do DJI RC 2 - IRONSKY.PL Sklep z Dronami","og_description":"Uchwyt rowerowy SUNNYLIFE ZJ669 do DJI RC 2 - \u2705 sklep z dronami i fachowym doradztwem. \u2705 Tutaj kupisz produkty DJI, Yuneec, Parrot, Syma i wiele innych, a tak\u017ce kursy i licencje na operatora drona.","og_url":"https:\/\/ironsky.pl\/sklep\/produkt\/uchwyt-rowerowy-sunnylife-zj669-do-dji-rc-2\/","og_site_name":"IRONSKY.PL Sklep z Dronami","article_modified_time":"2026-04-15T08:27:27+00:00","og_image":[{"width":800,"height":801,"url":"https:\/\/ironsky.pl\/sklep\/wp-content\/uploads\/2026\/04\/35664_1.jpg","type":"image\/jpeg"}],"twitter_card":"summary_large_image","twitter_misc":{"Szacowany czas czytania":"1 minuta"},"schema":{"@context":"https:\/\/schema.org","@graph":[{"@type":"WebPage","@id":"https:\/\/ironsky.pl\/sklep\/produkt\/uchwyt-rowerowy-sunnylife-zj669-do-dji-rc-2\/","url":"https:\/\/ironsky.pl\/sklep\/produkt\/uchwyt-rowerowy-sunnylife-zj669-do-dji-rc-2\/","name":"Uchwyt rowerowy SUNNYLIFE ZJ669 do DJI RC 2 - IRONSKY.PL Sklep z Dronami","isPartOf":{"@id":"https:\/\/ironsky.pl\/sklep\/#website"},"primaryImageOfPage":{"@id":"https:\/\/ironsky.pl\/sklep\/produkt\/uchwyt-rowerowy-sunnylife-zj669-do-dji-rc-2\/#primaryimage"},"image":{"@id":"https:\/\/ironsky.pl\/sklep\/produkt\/uchwyt-rowerowy-sunnylife-zj669-do-dji-rc-2\/#primaryimage"},"thumbnailUrl":"https:\/\/ironsky.pl\/sklep\/wp-content\/uploads\/2026\/04\/35664_1.jpg","datePublished":"2026-04-15T08:27:00+00:00","dateModified":"2026-04-15T08:27:27+00:00","description":"Uchwyt rowerowy SUNNYLIFE ZJ669 do DJI RC 2 - \u2705 sklep z dronami i fachowym doradztwem. \u2705 Tutaj kupisz produkty DJI, Yuneec, Parrot, Syma i wiele innych, a tak\u017ce kursy i licencje na operatora drona.","breadcrumb":{"@id":"https:\/\/ironsky.pl\/sklep\/produkt\/uchwyt-rowerowy-sunnylife-zj669-do-dji-rc-2\/#breadcrumb"},"inLanguage":"pl-PL","potentialAction":[{"@type":"ReadAction","target":["https:\/\/ironsky.pl\/sklep\/produkt\/uchwyt-rowerowy-sunnylife-zj669-do-dji-rc-2\/"]}]},{"@type":"ImageObject","inLanguage":"pl-PL","@id":"https:\/\/ironsky.pl\/sklep\/produkt\/uchwyt-rowerowy-sunnylife-zj669-do-dji-rc-2\/#primaryimage","url":"https:\/\/ironsky.pl\/sklep\/wp-content\/uploads\/2026\/04\/35664_1.jpg","contentUrl":"https:\/\/ironsky.pl\/sklep\/wp-content\/uploads\/2026\/04\/35664_1.jpg","width":800,"height":801},{"@type":"BreadcrumbList","@id":"https:\/\/ironsky.pl\/sklep\/produkt\/uchwyt-rowerowy-sunnylife-zj669-do-dji-rc-2\/#breadcrumb","itemListElement":[{"@type":"ListItem","position":1,"name":"Strona g\u0142\u00f3wna","item":"https:\/\/ironsky.pl\/sklep\/"},{"@type":"ListItem","position":2,"name":"Wszystkie produkty","item":"https:\/\/ironsky.pl\/sklep\/produkty\/"},{"@type":"ListItem","position":3,"name":"Uchwyt rowerowy SUNNYLIFE ZJ669 do DJI RC 2"}]},{"@type":"WebSite","@id":"https:\/\/ironsky.pl\/sklep\/#website","url":"https:\/\/ironsky.pl\/sklep\/","name":"IRONSKY.PL Sklep z Dronami","description":"IRONSKY.PL Sklep z Dronami","potentialAction":[{"@type":"SearchAction","target":{"@type":"EntryPoint","urlTemplate":"https:\/\/ironsky.pl\/sklep\/?s={search_term_string}"},"query-input":{"@type":"PropertyValueSpecification","valueRequired":true,"valueName":"search_term_string"}}],"inLanguage":"pl-PL"}]}},"_links":{"self":[{"href":"https:\/\/ironsky.pl\/sklep\/wp-json\/wp\/v2\/product\/57553","targetHints":{"allow":["GET"]}}],"collection":[{"href":"https:\/\/ironsky.pl\/sklep\/wp-json\/wp\/v2\/product"}],"about":[{"href":"https:\/\/ironsky.pl\/sklep\/wp-json\/wp\/v2\/types\/product"}],"replies":[{"embeddable":true,"href":"https:\/\/ironsky.pl\/sklep\/wp-json\/wp\/v2\/comments?post=57553"}],"wp:featuredmedia":[{"embeddable":true,"href":"https:\/\/ironsky.pl\/sklep\/wp-json\/wp\/v2\/media\/57554"}],"wp:attachment":[{"href":"https:\/\/ironsky.pl\/sklep\/wp-json\/wp\/v2\/media?parent=57553"}],"wp:term":[{"taxonomy":"product_brand","embeddable":true,"href":"https:\/\/ironsky.pl\/sklep\/wp-json\/wp\/v2\/product_brand?post=57553"},{"taxonomy":"product_cat","embeddable":true,"href":"https:\/\/ironsky.pl\/sklep\/wp-json\/wp\/v2\/product_cat?post=57553"},{"taxonomy":"product_tag","embeddable":true,"href":"https:\/\/ironsky.pl\/sklep\/wp-json\/wp\/v2\/product_tag?post=57553"}],"curies":[{"name":"wp","href":"https:\/\/api.w.org\/{rel}","templated":true}]}}