{"id":57548,"date":"2026-04-15T10:27:00","date_gmt":"2026-04-15T08:27:00","guid":{"rendered":"https:\/\/ironsky.pl\/sklep\/produkt\/reflektor-chengzhi-gl60-mini-65w\/"},"modified":"2026-04-15T10:27:23","modified_gmt":"2026-04-15T08:27:23","slug":"reflektor-chengzhi-gl60-mini-65w","status":"publish","type":"product","link":"https:\/\/ironsky.pl\/sklep\/produkt\/reflektor-chengzhi-gl60-mini-65w\/","title":{"rendered":"Reflektor CHENGZHI GL60 mini 65W"},"content":{"rendered":"<p><img decoding=\"async\" src=\"\/data\/include\/cms\/enterprise\/oswietlenie-gl60-mini\/czi-dji-m30-serie-suchscheinwerfer-gl60-3.jpg\" border=\"0\" width=\"100%\" height=\"NaN\" \/><\/p>\n<h3>O\u015bwietlenie GL60 mini<\/h3>\n<p>GL60 Mini Gimbal Searchlight, charakteryzuje si\u0119 niewielk\u0105 mas\u0105 i du\u017c\u0105 moc\u0105 znamionow\u0105 65 W. Mo\u017ce emitowa\u0107 silny strumie\u0144 \u015bwiat\u0142a 7000 lumen\u00f3w, zapewniaj\u0105c efektywn\u0105 odleg\u0142o\u015b\u0107 poszukiwa\u0144 do 150 metr\u00f3w. Dzi\u0119ki jednolitej jasno\u015bci i sp\u00f3jno\u015bci barwy, skutecznie sprawdzi si\u0119 podczas nocnych inspekcji, wyznaczania lokalizacji, akcji poszukiwawczo-ratowniczych i innych zastosowa\u0144.<\/p>\n<p><img decoding=\"async\" src=\"\/data\/include\/cms\/enterprise\/oswietlenie-gl60-mini\/czi-dji-m30-serie-suchscheinwerfer-gl60-mini.jpg\" border=\"0\" width=\"100%\" \/><\/p>\n<h3><span>3-osiowy gimbal<\/span><\/h3>\n<p><span>Zastosowanie 3-osiowej technologii stabilizacji gimbala sprawia, \u017ce GL60 mini mo\u017ce precyzyjnie zmienia\u0107 swoje po\u0142o\u017cenie wzgl\u0119dem wykonywanych manewr\u00f3w, co dodatkowo zwi\u0119ksza stabilno\u015b\u0107 i odporno\u015b\u0107 na wstrz\u0105sy.<\/span><\/p>\n<h3>Zawarto\u015b\u0107 zestawu<\/h3>\n<ul>\n<li>O\u015bwietlenie GL60 mini<\/li>\n<li>Walizka transportowa<\/li>\n<\/ul>\n<div class=\"table-wrapper\">\n<table>\n<tbody>\n<tr>\n<th>Model<\/th>\n<td>GL60 mini<\/td>\n<\/tr>\n<tr>\n<th>Interfejs<\/th>\n<td>DJI OSDK<\/td>\n<\/tr>\n<tr>\n<th>Waga<\/th>\n<td>240 g<\/td>\n<\/tr>\n<tr>\n<th>Wymiary<\/th>\n<td>158 x 87 x 82 mm<\/td>\n<\/tr>\n<tr>\n<th>Moc ca\u0142kowita<\/th>\n<td>65W<\/td>\n<\/tr>\n<tr>\n<th>Moc lamp LED<\/th>\n<td>60W<\/td>\n<\/tr>\n<tr>\n<th>Napi\u0119cie<\/th>\n<td>24V<\/td>\n<\/tr>\n<tr>\n<th>Ilo\u015b\u0107 lumen\u00f3w<\/th>\n<td>7000\u00b13%<\/td>\n<\/tr>\n<tr>\n<th>Strumie\u0144 \u015bwiat\u0142a (FOV)<\/th>\n<td>13\u00b0<\/td>\n<\/tr>\n<tr>\n<th>Zasi\u0119g \u015bwiecenia<\/th>\n<td style=\"text-align: center; vertical-align: middle;\">\n<table style=\"width: 100%; margin-left: auto; margin-right: auto;\">\n<tbody>\n<tr>\n<td style=\"width: 33%; text-align: left;\">150m<\/td>\n<td style=\"width: 33%; text-align: left;\">100m<\/td>\n<td style=\"width: 33%; text-align: left;\">50m<\/td>\n<\/tr>\n<\/tbody>\n<\/table>\n<\/td>\n<\/tr>\n<tr>\n<th>\u015arednica wi\u0105zki \u015bwiat\u0142a<\/th>\n<td style=\"text-align: center; vertical-align: middle;\">\n<table style=\"width: 100%; margin-left: auto; margin-right: auto;\">\n<tbody>\n<tr>\n<td style=\"width: 33%; text-align: left;\">34m<\/td>\n<td style=\"width: 33%; text-align: left;\">22.8m<\/td>\n<td style=\"width: 33%; text-align: left;\">11.4m<\/td>\n<\/tr>\n<\/tbody>\n<\/table>\n<\/td>\n<\/tr>\n<tr>\n<th>Obszar\u00a0o\u015bwietlenia<\/th>\n<td style=\"text-align: center; vertical-align: middle;\">\n<table style=\"width: 100%; margin-left: auto; margin-right: auto;\">\n<tbody>\n<tr>\n<td style=\"width: 33%; text-align: left;\">917m<sup>2<\/sup><\/td>\n<td style=\"width: 33%; text-align: left;\">407<span>m<\/span><sup>2<\/sup><\/td>\n<td style=\"width: 33%; text-align: left;\">102<span>m<\/span><sup>2<\/sup><\/td>\n<\/tr>\n<\/tbody>\n<\/table>\n<\/td>\n<\/tr>\n<tr>\n<th>O\u015bwietlenie centralne\/Lux<\/th>\n<td style=\"text-align: center; vertical-align: middle;\">\n<table style=\"width: 100%; margin-left: auto; margin-right: auto;\">\n<tbody>\n<tr>\n<td style=\"width: 33%; text-align: left;\">7<\/td>\n<td style=\"width: 33%; text-align: left;\">16<\/td>\n<td style=\"width: 33%; text-align: left;\">60<\/td>\n<\/tr>\n<\/tbody>\n<\/table>\n<\/td>\n<\/tr>\n<tr>\n<th>Zakres obrotu gimbala<\/th>\n<td>O\u015b Pitch<br \/>O\u015b Yaw\u00a0<\/td>\n<\/tr>\n<tr>\n<th>Zakres regulaci po\u0142o\u017cenia gimbal<\/th>\n<td>O\u015b Pitch: -70<span>\u00b0<\/span>~+90\u00b0; O\u015b Yaw: \u00b1125\u00b0; O\u015b Roll: \u00b1125\u00b0<\/td>\n<\/tr>\n<tr>\n<th>Temperatura pracy<\/th>\n<td>-20~+50\u00b0C<\/td>\n<\/tr>\n<tr>\n<th>Kompatybilno\u015b\u0107<\/th>\n<td>DJI\u00a0Matrice 30, Matrice 30T<\/td>\n<\/tr>\n<\/tbody>\n<\/table>\n<\/div>\n","protected":false},"excerpt":{"rendered":"<p>O\u015bwietlenie GL60 mini GL60 Mini Gimbal Searchlight, charakteryzuje si\u0119 niewielk\u0105 mas\u0105 i du\u017c\u0105 moc\u0105 znamionow\u0105 65 W. Mo\u017ce emitowa\u0107 silny<\/p>\n","protected":false},"featured_media":57549,"comment_status":"closed","ping_status":"open","template":"","meta":{"_acf_changed":false},"product_brand":[],"product_cat":[1088,1105,6188],"product_tag":[],"class_list":{"0":"post-57548","1":"product","2":"type-product","3":"status-publish","4":"has-post-thumbnail","6":"product_cat-drony","7":"product_cat-przemyslowe","8":"product_cat-inne-urzadzenia","9":"pa_okres-gwarancji-5757","10":"pa_producent-chengzhi","12":"first","13":"outofstock","14":"taxable","15":"shipping-taxable","16":"purchasable","17":"product-type-simple"},"acf":[],"yoast_head":"<!-- This site is optimized with the Yoast SEO plugin v27.2 - https:\/\/yoast.com\/product\/yoast-seo-wordpress\/ -->\n<title>Reflektor CHENGZHI GL60 mini 65W - IRONSKY.PL Sklep z Dronami<\/title>\n<meta name=\"description\" content=\"Reflektor CHENGZHI GL60 mini 65W - \u2705 sklep z dronami i fachowym doradztwem. \u2705 Tutaj kupisz produkty DJI, Yuneec, Parrot, Syma i wiele innych, a tak\u017ce kursy i licencje na operatora drona.\" \/>\n<meta name=\"robots\" content=\"index, follow, max-snippet:-1, max-image-preview:large, max-video-preview:-1\" \/>\n<link rel=\"canonical\" href=\"https:\/\/ironsky.pl\/sklep\/produkt\/reflektor-chengzhi-gl60-mini-65w\/\" \/>\n<meta property=\"og:locale\" content=\"pl_PL\" \/>\n<meta property=\"og:type\" content=\"article\" \/>\n<meta property=\"og:title\" content=\"Reflektor CHENGZHI GL60 mini 65W - IRONSKY.PL Sklep z Dronami\" \/>\n<meta property=\"og:description\" content=\"Reflektor CHENGZHI GL60 mini 65W - \u2705 sklep z dronami i fachowym doradztwem. \u2705 Tutaj kupisz produkty DJI, Yuneec, Parrot, Syma i wiele innych, a tak\u017ce kursy i licencje na operatora drona.\" \/>\n<meta property=\"og:url\" content=\"https:\/\/ironsky.pl\/sklep\/produkt\/reflektor-chengzhi-gl60-mini-65w\/\" \/>\n<meta property=\"og:site_name\" content=\"IRONSKY.PL Sklep z Dronami\" \/>\n<meta property=\"article:modified_time\" content=\"2026-04-15T08:27:23+00:00\" \/>\n<meta property=\"og:image\" content=\"https:\/\/ironsky.pl\/sklep\/wp-content\/uploads\/2026\/04\/35497_1.jpg\" \/>\n\t<meta property=\"og:image:width\" content=\"800\" \/>\n\t<meta property=\"og:image:height\" content=\"800\" \/>\n\t<meta property=\"og:image:type\" content=\"image\/jpeg\" \/>\n<meta name=\"twitter:card\" content=\"summary_large_image\" \/>\n<meta name=\"twitter:label1\" content=\"Szacowany czas czytania\" \/>\n\t<meta name=\"twitter:data1\" content=\"1 minuta\" \/>\n<script type=\"application\/ld+json\" class=\"yoast-schema-graph\">{\"@context\":\"https:\/\/schema.org\",\"@graph\":[{\"@type\":\"WebPage\",\"@id\":\"https:\/\/ironsky.pl\/sklep\/produkt\/reflektor-chengzhi-gl60-mini-65w\/\",\"url\":\"https:\/\/ironsky.pl\/sklep\/produkt\/reflektor-chengzhi-gl60-mini-65w\/\",\"name\":\"Reflektor CHENGZHI GL60 mini 65W - IRONSKY.PL Sklep z Dronami\",\"isPartOf\":{\"@id\":\"https:\/\/ironsky.pl\/sklep\/#website\"},\"primaryImageOfPage\":{\"@id\":\"https:\/\/ironsky.pl\/sklep\/produkt\/reflektor-chengzhi-gl60-mini-65w\/#primaryimage\"},\"image\":{\"@id\":\"https:\/\/ironsky.pl\/sklep\/produkt\/reflektor-chengzhi-gl60-mini-65w\/#primaryimage\"},\"thumbnailUrl\":\"https:\/\/ironsky.pl\/sklep\/wp-content\/uploads\/2026\/04\/35497_1.jpg\",\"datePublished\":\"2026-04-15T08:27:00+00:00\",\"dateModified\":\"2026-04-15T08:27:23+00:00\",\"description\":\"Reflektor CHENGZHI GL60 mini 65W - \u2705 sklep z dronami i fachowym doradztwem. \u2705 Tutaj kupisz produkty DJI, Yuneec, Parrot, Syma i wiele innych, a tak\u017ce kursy i licencje na operatora drona.\",\"breadcrumb\":{\"@id\":\"https:\/\/ironsky.pl\/sklep\/produkt\/reflektor-chengzhi-gl60-mini-65w\/#breadcrumb\"},\"inLanguage\":\"pl-PL\",\"potentialAction\":[{\"@type\":\"ReadAction\",\"target\":[\"https:\/\/ironsky.pl\/sklep\/produkt\/reflektor-chengzhi-gl60-mini-65w\/\"]}]},{\"@type\":\"ImageObject\",\"inLanguage\":\"pl-PL\",\"@id\":\"https:\/\/ironsky.pl\/sklep\/produkt\/reflektor-chengzhi-gl60-mini-65w\/#primaryimage\",\"url\":\"https:\/\/ironsky.pl\/sklep\/wp-content\/uploads\/2026\/04\/35497_1.jpg\",\"contentUrl\":\"https:\/\/ironsky.pl\/sklep\/wp-content\/uploads\/2026\/04\/35497_1.jpg\",\"width\":800,\"height\":800},{\"@type\":\"BreadcrumbList\",\"@id\":\"https:\/\/ironsky.pl\/sklep\/produkt\/reflektor-chengzhi-gl60-mini-65w\/#breadcrumb\",\"itemListElement\":[{\"@type\":\"ListItem\",\"position\":1,\"name\":\"Strona g\u0142\u00f3wna\",\"item\":\"https:\/\/ironsky.pl\/sklep\/\"},{\"@type\":\"ListItem\",\"position\":2,\"name\":\"Wszystkie produkty\",\"item\":\"https:\/\/ironsky.pl\/sklep\/produkty\/\"},{\"@type\":\"ListItem\",\"position\":3,\"name\":\"Reflektor CHENGZHI GL60 mini 65W\"}]},{\"@type\":\"WebSite\",\"@id\":\"https:\/\/ironsky.pl\/sklep\/#website\",\"url\":\"https:\/\/ironsky.pl\/sklep\/\",\"name\":\"IRONSKY.PL Sklep z Dronami\",\"description\":\"IRONSKY.PL Sklep z Dronami\",\"potentialAction\":[{\"@type\":\"SearchAction\",\"target\":{\"@type\":\"EntryPoint\",\"urlTemplate\":\"https:\/\/ironsky.pl\/sklep\/?s={search_term_string}\"},\"query-input\":{\"@type\":\"PropertyValueSpecification\",\"valueRequired\":true,\"valueName\":\"search_term_string\"}}],\"inLanguage\":\"pl-PL\"}]}<\/script>\n<!-- \/ Yoast SEO plugin. -->","yoast_head_json":{"title":"Reflektor CHENGZHI GL60 mini 65W - IRONSKY.PL Sklep z Dronami","description":"Reflektor CHENGZHI GL60 mini 65W - \u2705 sklep z dronami i fachowym doradztwem. \u2705 Tutaj kupisz produkty DJI, Yuneec, Parrot, Syma i wiele innych, a tak\u017ce kursy i licencje na operatora drona.","robots":{"index":"index","follow":"follow","max-snippet":"max-snippet:-1","max-image-preview":"max-image-preview:large","max-video-preview":"max-video-preview:-1"},"canonical":"https:\/\/ironsky.pl\/sklep\/produkt\/reflektor-chengzhi-gl60-mini-65w\/","og_locale":"pl_PL","og_type":"article","og_title":"Reflektor CHENGZHI GL60 mini 65W - IRONSKY.PL Sklep z Dronami","og_description":"Reflektor CHENGZHI GL60 mini 65W - \u2705 sklep z dronami i fachowym doradztwem. \u2705 Tutaj kupisz produkty DJI, Yuneec, Parrot, Syma i wiele innych, a tak\u017ce kursy i licencje na operatora drona.","og_url":"https:\/\/ironsky.pl\/sklep\/produkt\/reflektor-chengzhi-gl60-mini-65w\/","og_site_name":"IRONSKY.PL Sklep z Dronami","article_modified_time":"2026-04-15T08:27:23+00:00","og_image":[{"width":800,"height":800,"url":"https:\/\/ironsky.pl\/sklep\/wp-content\/uploads\/2026\/04\/35497_1.jpg","type":"image\/jpeg"}],"twitter_card":"summary_large_image","twitter_misc":{"Szacowany czas czytania":"1 minuta"},"schema":{"@context":"https:\/\/schema.org","@graph":[{"@type":"WebPage","@id":"https:\/\/ironsky.pl\/sklep\/produkt\/reflektor-chengzhi-gl60-mini-65w\/","url":"https:\/\/ironsky.pl\/sklep\/produkt\/reflektor-chengzhi-gl60-mini-65w\/","name":"Reflektor CHENGZHI GL60 mini 65W - IRONSKY.PL Sklep z Dronami","isPartOf":{"@id":"https:\/\/ironsky.pl\/sklep\/#website"},"primaryImageOfPage":{"@id":"https:\/\/ironsky.pl\/sklep\/produkt\/reflektor-chengzhi-gl60-mini-65w\/#primaryimage"},"image":{"@id":"https:\/\/ironsky.pl\/sklep\/produkt\/reflektor-chengzhi-gl60-mini-65w\/#primaryimage"},"thumbnailUrl":"https:\/\/ironsky.pl\/sklep\/wp-content\/uploads\/2026\/04\/35497_1.jpg","datePublished":"2026-04-15T08:27:00+00:00","dateModified":"2026-04-15T08:27:23+00:00","description":"Reflektor CHENGZHI GL60 mini 65W - \u2705 sklep z dronami i fachowym doradztwem. \u2705 Tutaj kupisz produkty DJI, Yuneec, Parrot, Syma i wiele innych, a tak\u017ce kursy i licencje na operatora drona.","breadcrumb":{"@id":"https:\/\/ironsky.pl\/sklep\/produkt\/reflektor-chengzhi-gl60-mini-65w\/#breadcrumb"},"inLanguage":"pl-PL","potentialAction":[{"@type":"ReadAction","target":["https:\/\/ironsky.pl\/sklep\/produkt\/reflektor-chengzhi-gl60-mini-65w\/"]}]},{"@type":"ImageObject","inLanguage":"pl-PL","@id":"https:\/\/ironsky.pl\/sklep\/produkt\/reflektor-chengzhi-gl60-mini-65w\/#primaryimage","url":"https:\/\/ironsky.pl\/sklep\/wp-content\/uploads\/2026\/04\/35497_1.jpg","contentUrl":"https:\/\/ironsky.pl\/sklep\/wp-content\/uploads\/2026\/04\/35497_1.jpg","width":800,"height":800},{"@type":"BreadcrumbList","@id":"https:\/\/ironsky.pl\/sklep\/produkt\/reflektor-chengzhi-gl60-mini-65w\/#breadcrumb","itemListElement":[{"@type":"ListItem","position":1,"name":"Strona g\u0142\u00f3wna","item":"https:\/\/ironsky.pl\/sklep\/"},{"@type":"ListItem","position":2,"name":"Wszystkie produkty","item":"https:\/\/ironsky.pl\/sklep\/produkty\/"},{"@type":"ListItem","position":3,"name":"Reflektor CHENGZHI GL60 mini 65W"}]},{"@type":"WebSite","@id":"https:\/\/ironsky.pl\/sklep\/#website","url":"https:\/\/ironsky.pl\/sklep\/","name":"IRONSKY.PL Sklep z Dronami","description":"IRONSKY.PL Sklep z Dronami","potentialAction":[{"@type":"SearchAction","target":{"@type":"EntryPoint","urlTemplate":"https:\/\/ironsky.pl\/sklep\/?s={search_term_string}"},"query-input":{"@type":"PropertyValueSpecification","valueRequired":true,"valueName":"search_term_string"}}],"inLanguage":"pl-PL"}]}},"_links":{"self":[{"href":"https:\/\/ironsky.pl\/sklep\/wp-json\/wp\/v2\/product\/57548","targetHints":{"allow":["GET"]}}],"collection":[{"href":"https:\/\/ironsky.pl\/sklep\/wp-json\/wp\/v2\/product"}],"about":[{"href":"https:\/\/ironsky.pl\/sklep\/wp-json\/wp\/v2\/types\/product"}],"replies":[{"embeddable":true,"href":"https:\/\/ironsky.pl\/sklep\/wp-json\/wp\/v2\/comments?post=57548"}],"wp:featuredmedia":[{"embeddable":true,"href":"https:\/\/ironsky.pl\/sklep\/wp-json\/wp\/v2\/media\/57549"}],"wp:attachment":[{"href":"https:\/\/ironsky.pl\/sklep\/wp-json\/wp\/v2\/media?parent=57548"}],"wp:term":[{"taxonomy":"product_brand","embeddable":true,"href":"https:\/\/ironsky.pl\/sklep\/wp-json\/wp\/v2\/product_brand?post=57548"},{"taxonomy":"product_cat","embeddable":true,"href":"https:\/\/ironsky.pl\/sklep\/wp-json\/wp\/v2\/product_cat?post=57548"},{"taxonomy":"product_tag","embeddable":true,"href":"https:\/\/ironsky.pl\/sklep\/wp-json\/wp\/v2\/product_tag?post=57548"}],"curies":[{"name":"wp","href":"https:\/\/api.w.org\/{rel}","templated":true}]}}