{"id":57533,"date":"2026-04-15T10:27:00","date_gmt":"2026-04-15T08:27:00","guid":{"rendered":"https:\/\/ironsky.pl\/sklep\/produkt\/hub-dji-lidar-range-finder-rs-transmission-cable-hub\/"},"modified":"2026-04-15T10:27:15","modified_gmt":"2026-04-15T08:27:15","slug":"hub-dji-lidar-range-finder-rs-transmission-cable-hub","status":"publish","type":"product","link":"https:\/\/ironsky.pl\/sklep\/produkt\/hub-dji-lidar-range-finder-rs-transmission-cable-hub\/","title":{"rendered":"Hub DJI LiDAR Range Finder (RS) Transmission Cable Hub"},"content":{"rendered":"<h3>DJI LiDAR Range Finder (RS) to Transmission Cable Hub<\/h3>\n<p>DJI LiDAR Range Finder (RS) to Transmission Cable Hub to przydatne akcesorium, kt\u00f3re sk\u0142ada si\u0119 z 4 kabli. Mo\u017cesz u\u017cy\u0107 ich do pod\u0142\u0105czenia odpowiednio dalmierza DJI LiDAR Range Finder (RS), nadajnika DJI Video Transmitter, silnika regulacji ostro\u015bci DJI RS Focus Motor (2022) oraz \u017ar\u00f3d\u0142a zasilania. \u0141\u0105cz\u0105c dalmierz LiDAR (RS) z nadajnikiem i innymi akcesoriami, jeste\u015b w stanie stworzy\u0107 kompletny system regulacji ostro\u015bci i monitorowania dla dowolnej konfiguracji kamery i obiektywu r\u0119cznego. Uwaga: nale\u017cy korzysta\u0107 z zewn\u0119trznego \u017ar\u00f3d\u0142a zasilania 12-17 V.<\/p>\n<p><img decoding=\"async\" src=\"https:\/\/b2b.innpro.pl\/data\/include\/cms\/12DJI\/DJI-LiDAR-Range-Finder-RS-Transmission-Cable-Hub\/1.jpg\" alt=\"12DJI\/DJI-LiDAR-Range-Finder-RS-Transmission-Cable-Hub\/1\"><\/p>\n<h3>Mn\u00f3stwo mo\u017cliwo\u015bci<\/h3>\n<p>Produkt znajdzie zastosowanie na planach filmowych i przyda si\u0119 profesjonalnym tw\u00f3rcom. Umo\u017cliwia automatyczn\u0105 regulacj\u0119 ostro\u015bci podczas korzystania z r\u0119cznych obiektyw\u00f3w, pozwalaj\u0105c te\u017c na ich kalibracj\u0119. Co wi\u0119cej, \u0142\u0105cz\u0105c port komunikacyjny USB-C akcesorium ze stabilizatorem DJI RS 3 Pro przy u\u017cyciu kabla DJI R MCC (USB-C), mo\u017cesz stworzy\u0107 wzajemne po\u0142\u0105czenie mi\u0119dzy DJI RS 3 Pro, systemem DJI Transmission i dalmierzem LiDAR (RS). W ten spos\u00f3b uzyskasz niezr\u00f3wnan\u0105 stabilizacj\u0119, zdalny monitoring i sterowanie, a tak\u017ce automatyczn\u0105 regulacj\u0119 ostro\u015bci.<\/p>\n<p><img decoding=\"async\" src=\"https:\/\/b2b.innpro.pl\/data\/include\/cms\/12DJI\/DJI-LiDAR-Range-Finder-RS-Transmission-Cable-Hub\/4.jpg\" alt=\"12DJI\/DJI-LiDAR-Range-Finder-RS-Transmission-Cable-Hub\/4\"><\/p>\n<h3>W zestawie<\/h3>\n<ul>\n<li>DJI LiDAR Range Finder (RS) to Transmission Cable Hub<\/li>\n<li>\u015aruba 1\/4-20 x2<\/li>\n<li>\u015aruba M4 (10 mm) x2<\/li>\n<\/ul>\n<div class=\"table-wrapper\">\n<table>\n<tbody>\n<tr>\n<th>Producent<\/th>\n<td>DJI<\/td>\n<\/tr>\n<tr>\n<th>Nazwa<\/th>\n<td>DJI LiDAR Range Finder (RS) to Transmission Cable Hub<\/td>\n<\/tr>\n<tr>\n<th>Model<\/th>\n<td>CP.RN.00000313.01<\/td>\n<\/tr>\n<tr>\n<th>Dost\u0119pne kable i porty<\/th>\n<td>Podw\u00f3jny kabel po\u0142\u0105czeniowy USB-C LiDAR (40 cm), Kabel po\u0142\u0105czeniowy USB-C Focus Motor (40 cm), Kabel zasilaj\u0105cy P-Tap (40 cm), Kabel rozga\u0142\u0119ziaj\u0105cy DC-OUT i USB-C (40 cm), port komunikacyjny USB-C<\/td>\n<\/tr>\n<tr>\n<th>Napi\u0119cie robocze<\/th>\n<td>12-17 V<\/td>\n<\/tr>\n<tr>\n<th>Kompatybilno\u015b\u0107<\/th>\n<td>Dalmierz DJI LiDAR Range Finder (RS), silnik regulacji ostro\u015bci DJI Focus Motor (2022), nadajnik DJI Video Transmitter, DJI RS 3 Pro, uchwyty r\u0119czne DJI Ronin 4D Hand Grips Combo<\/td>\n<\/tr>\n<\/tbody>\n<\/table>\n<\/div>\n","protected":false},"excerpt":{"rendered":"<p>DJI LiDAR Range Finder (RS) to Transmission Cable Hub DJI LiDAR Range Finder (RS) to Transmission Cable Hub to przydatne<\/p>\n","protected":false},"featured_media":57534,"comment_status":"closed","ping_status":"open","template":"","meta":{"_acf_changed":false},"product_brand":[],"product_cat":[1130,6174,1128],"product_tag":[],"class_list":{"0":"post-57533","1":"product","2":"type-product","3":"status-publish","4":"has-post-thumbnail","6":"product_cat-akcesoria-foto","7":"product_cat-do-aparatow-i-kamer","8":"product_cat-foto-wideo","9":"pa_okres-gwarancji-5757","10":"pa_producent-dji","12":"first","13":"outofstock","14":"taxable","15":"shipping-taxable","16":"purchasable","17":"product-type-simple"},"acf":[],"yoast_head":"<!-- This site is optimized with the Yoast SEO plugin v27.2 - https:\/\/yoast.com\/product\/yoast-seo-wordpress\/ -->\n<title>Hub DJI LiDAR Range Finder (RS) Transmission Cable Hub - IRONSKY.PL Sklep z Dronami<\/title>\n<meta name=\"description\" content=\"Hub DJI LiDAR Range Finder (RS) Transmission Cable Hub - \u2705 sklep z dronami i fachowym doradztwem. \u2705 Tutaj kupisz produkty DJI, Yuneec, Parrot, Syma i wiele innych, a tak\u017ce kursy i licencje na operatora drona.\" \/>\n<meta name=\"robots\" content=\"index, follow, max-snippet:-1, max-image-preview:large, max-video-preview:-1\" \/>\n<link rel=\"canonical\" href=\"https:\/\/ironsky.pl\/sklep\/produkt\/hub-dji-lidar-range-finder-rs-transmission-cable-hub\/\" \/>\n<meta property=\"og:locale\" content=\"pl_PL\" \/>\n<meta property=\"og:type\" content=\"article\" \/>\n<meta property=\"og:title\" content=\"Hub DJI LiDAR Range Finder (RS) Transmission Cable Hub - IRONSKY.PL Sklep z Dronami\" \/>\n<meta property=\"og:description\" content=\"Hub DJI LiDAR Range Finder (RS) Transmission Cable Hub - \u2705 sklep z dronami i fachowym doradztwem. \u2705 Tutaj kupisz produkty DJI, Yuneec, Parrot, Syma i wiele innych, a tak\u017ce kursy i licencje na operatora drona.\" \/>\n<meta property=\"og:url\" content=\"https:\/\/ironsky.pl\/sklep\/produkt\/hub-dji-lidar-range-finder-rs-transmission-cable-hub\/\" \/>\n<meta property=\"og:site_name\" content=\"IRONSKY.PL Sklep z Dronami\" \/>\n<meta property=\"article:modified_time\" content=\"2026-04-15T08:27:15+00:00\" \/>\n<meta property=\"og:image\" content=\"https:\/\/ironsky.pl\/sklep\/wp-content\/uploads\/2026\/04\/35487_1.jpg\" \/>\n\t<meta property=\"og:image:width\" content=\"800\" \/>\n\t<meta property=\"og:image:height\" content=\"800\" \/>\n\t<meta property=\"og:image:type\" content=\"image\/jpeg\" \/>\n<meta name=\"twitter:card\" content=\"summary_large_image\" \/>\n<meta name=\"twitter:label1\" content=\"Szacowany czas czytania\" \/>\n\t<meta name=\"twitter:data1\" content=\"2 minuty\" \/>\n<script type=\"application\/ld+json\" class=\"yoast-schema-graph\">{\"@context\":\"https:\/\/schema.org\",\"@graph\":[{\"@type\":\"WebPage\",\"@id\":\"https:\/\/ironsky.pl\/sklep\/produkt\/hub-dji-lidar-range-finder-rs-transmission-cable-hub\/\",\"url\":\"https:\/\/ironsky.pl\/sklep\/produkt\/hub-dji-lidar-range-finder-rs-transmission-cable-hub\/\",\"name\":\"Hub DJI LiDAR Range Finder (RS) Transmission Cable Hub - IRONSKY.PL Sklep z Dronami\",\"isPartOf\":{\"@id\":\"https:\/\/ironsky.pl\/sklep\/#website\"},\"primaryImageOfPage\":{\"@id\":\"https:\/\/ironsky.pl\/sklep\/produkt\/hub-dji-lidar-range-finder-rs-transmission-cable-hub\/#primaryimage\"},\"image\":{\"@id\":\"https:\/\/ironsky.pl\/sklep\/produkt\/hub-dji-lidar-range-finder-rs-transmission-cable-hub\/#primaryimage\"},\"thumbnailUrl\":\"https:\/\/ironsky.pl\/sklep\/wp-content\/uploads\/2026\/04\/35487_1.jpg\",\"datePublished\":\"2026-04-15T08:27:00+00:00\",\"dateModified\":\"2026-04-15T08:27:15+00:00\",\"description\":\"Hub DJI LiDAR Range Finder (RS) Transmission Cable Hub - \u2705 sklep z dronami i fachowym doradztwem. \u2705 Tutaj kupisz produkty DJI, Yuneec, Parrot, Syma i wiele innych, a tak\u017ce kursy i licencje na operatora drona.\",\"breadcrumb\":{\"@id\":\"https:\/\/ironsky.pl\/sklep\/produkt\/hub-dji-lidar-range-finder-rs-transmission-cable-hub\/#breadcrumb\"},\"inLanguage\":\"pl-PL\",\"potentialAction\":[{\"@type\":\"ReadAction\",\"target\":[\"https:\/\/ironsky.pl\/sklep\/produkt\/hub-dji-lidar-range-finder-rs-transmission-cable-hub\/\"]}]},{\"@type\":\"ImageObject\",\"inLanguage\":\"pl-PL\",\"@id\":\"https:\/\/ironsky.pl\/sklep\/produkt\/hub-dji-lidar-range-finder-rs-transmission-cable-hub\/#primaryimage\",\"url\":\"https:\/\/ironsky.pl\/sklep\/wp-content\/uploads\/2026\/04\/35487_1.jpg\",\"contentUrl\":\"https:\/\/ironsky.pl\/sklep\/wp-content\/uploads\/2026\/04\/35487_1.jpg\",\"width\":800,\"height\":800},{\"@type\":\"BreadcrumbList\",\"@id\":\"https:\/\/ironsky.pl\/sklep\/produkt\/hub-dji-lidar-range-finder-rs-transmission-cable-hub\/#breadcrumb\",\"itemListElement\":[{\"@type\":\"ListItem\",\"position\":1,\"name\":\"Strona g\u0142\u00f3wna\",\"item\":\"https:\/\/ironsky.pl\/sklep\/\"},{\"@type\":\"ListItem\",\"position\":2,\"name\":\"Wszystkie produkty\",\"item\":\"https:\/\/ironsky.pl\/sklep\/produkty\/\"},{\"@type\":\"ListItem\",\"position\":3,\"name\":\"Hub DJI LiDAR Range Finder (RS) Transmission Cable Hub\"}]},{\"@type\":\"WebSite\",\"@id\":\"https:\/\/ironsky.pl\/sklep\/#website\",\"url\":\"https:\/\/ironsky.pl\/sklep\/\",\"name\":\"IRONSKY.PL Sklep z Dronami\",\"description\":\"IRONSKY.PL Sklep z Dronami\",\"potentialAction\":[{\"@type\":\"SearchAction\",\"target\":{\"@type\":\"EntryPoint\",\"urlTemplate\":\"https:\/\/ironsky.pl\/sklep\/?s={search_term_string}\"},\"query-input\":{\"@type\":\"PropertyValueSpecification\",\"valueRequired\":true,\"valueName\":\"search_term_string\"}}],\"inLanguage\":\"pl-PL\"}]}<\/script>\n<!-- \/ Yoast SEO plugin. -->","yoast_head_json":{"title":"Hub DJI LiDAR Range Finder (RS) Transmission Cable Hub - IRONSKY.PL Sklep z Dronami","description":"Hub DJI LiDAR Range Finder (RS) Transmission Cable Hub - \u2705 sklep z dronami i fachowym doradztwem. \u2705 Tutaj kupisz produkty DJI, Yuneec, Parrot, Syma i wiele innych, a tak\u017ce kursy i licencje na operatora drona.","robots":{"index":"index","follow":"follow","max-snippet":"max-snippet:-1","max-image-preview":"max-image-preview:large","max-video-preview":"max-video-preview:-1"},"canonical":"https:\/\/ironsky.pl\/sklep\/produkt\/hub-dji-lidar-range-finder-rs-transmission-cable-hub\/","og_locale":"pl_PL","og_type":"article","og_title":"Hub DJI LiDAR Range Finder (RS) Transmission Cable Hub - IRONSKY.PL Sklep z Dronami","og_description":"Hub DJI LiDAR Range Finder (RS) Transmission Cable Hub - \u2705 sklep z dronami i fachowym doradztwem. \u2705 Tutaj kupisz produkty DJI, Yuneec, Parrot, Syma i wiele innych, a tak\u017ce kursy i licencje na operatora drona.","og_url":"https:\/\/ironsky.pl\/sklep\/produkt\/hub-dji-lidar-range-finder-rs-transmission-cable-hub\/","og_site_name":"IRONSKY.PL Sklep z Dronami","article_modified_time":"2026-04-15T08:27:15+00:00","og_image":[{"width":800,"height":800,"url":"https:\/\/ironsky.pl\/sklep\/wp-content\/uploads\/2026\/04\/35487_1.jpg","type":"image\/jpeg"}],"twitter_card":"summary_large_image","twitter_misc":{"Szacowany czas czytania":"2 minuty"},"schema":{"@context":"https:\/\/schema.org","@graph":[{"@type":"WebPage","@id":"https:\/\/ironsky.pl\/sklep\/produkt\/hub-dji-lidar-range-finder-rs-transmission-cable-hub\/","url":"https:\/\/ironsky.pl\/sklep\/produkt\/hub-dji-lidar-range-finder-rs-transmission-cable-hub\/","name":"Hub DJI LiDAR Range Finder (RS) Transmission Cable Hub - IRONSKY.PL Sklep z Dronami","isPartOf":{"@id":"https:\/\/ironsky.pl\/sklep\/#website"},"primaryImageOfPage":{"@id":"https:\/\/ironsky.pl\/sklep\/produkt\/hub-dji-lidar-range-finder-rs-transmission-cable-hub\/#primaryimage"},"image":{"@id":"https:\/\/ironsky.pl\/sklep\/produkt\/hub-dji-lidar-range-finder-rs-transmission-cable-hub\/#primaryimage"},"thumbnailUrl":"https:\/\/ironsky.pl\/sklep\/wp-content\/uploads\/2026\/04\/35487_1.jpg","datePublished":"2026-04-15T08:27:00+00:00","dateModified":"2026-04-15T08:27:15+00:00","description":"Hub DJI LiDAR Range Finder (RS) Transmission Cable Hub - \u2705 sklep z dronami i fachowym doradztwem. \u2705 Tutaj kupisz produkty DJI, Yuneec, Parrot, Syma i wiele innych, a tak\u017ce kursy i licencje na operatora drona.","breadcrumb":{"@id":"https:\/\/ironsky.pl\/sklep\/produkt\/hub-dji-lidar-range-finder-rs-transmission-cable-hub\/#breadcrumb"},"inLanguage":"pl-PL","potentialAction":[{"@type":"ReadAction","target":["https:\/\/ironsky.pl\/sklep\/produkt\/hub-dji-lidar-range-finder-rs-transmission-cable-hub\/"]}]},{"@type":"ImageObject","inLanguage":"pl-PL","@id":"https:\/\/ironsky.pl\/sklep\/produkt\/hub-dji-lidar-range-finder-rs-transmission-cable-hub\/#primaryimage","url":"https:\/\/ironsky.pl\/sklep\/wp-content\/uploads\/2026\/04\/35487_1.jpg","contentUrl":"https:\/\/ironsky.pl\/sklep\/wp-content\/uploads\/2026\/04\/35487_1.jpg","width":800,"height":800},{"@type":"BreadcrumbList","@id":"https:\/\/ironsky.pl\/sklep\/produkt\/hub-dji-lidar-range-finder-rs-transmission-cable-hub\/#breadcrumb","itemListElement":[{"@type":"ListItem","position":1,"name":"Strona g\u0142\u00f3wna","item":"https:\/\/ironsky.pl\/sklep\/"},{"@type":"ListItem","position":2,"name":"Wszystkie produkty","item":"https:\/\/ironsky.pl\/sklep\/produkty\/"},{"@type":"ListItem","position":3,"name":"Hub DJI LiDAR Range Finder (RS) Transmission Cable Hub"}]},{"@type":"WebSite","@id":"https:\/\/ironsky.pl\/sklep\/#website","url":"https:\/\/ironsky.pl\/sklep\/","name":"IRONSKY.PL Sklep z Dronami","description":"IRONSKY.PL Sklep z Dronami","potentialAction":[{"@type":"SearchAction","target":{"@type":"EntryPoint","urlTemplate":"https:\/\/ironsky.pl\/sklep\/?s={search_term_string}"},"query-input":{"@type":"PropertyValueSpecification","valueRequired":true,"valueName":"search_term_string"}}],"inLanguage":"pl-PL"}]}},"_links":{"self":[{"href":"https:\/\/ironsky.pl\/sklep\/wp-json\/wp\/v2\/product\/57533","targetHints":{"allow":["GET"]}}],"collection":[{"href":"https:\/\/ironsky.pl\/sklep\/wp-json\/wp\/v2\/product"}],"about":[{"href":"https:\/\/ironsky.pl\/sklep\/wp-json\/wp\/v2\/types\/product"}],"replies":[{"embeddable":true,"href":"https:\/\/ironsky.pl\/sklep\/wp-json\/wp\/v2\/comments?post=57533"}],"wp:featuredmedia":[{"embeddable":true,"href":"https:\/\/ironsky.pl\/sklep\/wp-json\/wp\/v2\/media\/57534"}],"wp:attachment":[{"href":"https:\/\/ironsky.pl\/sklep\/wp-json\/wp\/v2\/media?parent=57533"}],"wp:term":[{"taxonomy":"product_brand","embeddable":true,"href":"https:\/\/ironsky.pl\/sklep\/wp-json\/wp\/v2\/product_brand?post=57533"},{"taxonomy":"product_cat","embeddable":true,"href":"https:\/\/ironsky.pl\/sklep\/wp-json\/wp\/v2\/product_cat?post=57533"},{"taxonomy":"product_tag","embeddable":true,"href":"https:\/\/ironsky.pl\/sklep\/wp-json\/wp\/v2\/product_tag?post=57533"}],"curies":[{"name":"wp","href":"https:\/\/api.w.org\/{rel}","templated":true}]}}