{"id":57515,"date":"2026-04-15T10:27:00","date_gmt":"2026-04-15T08:27:00","guid":{"rendered":"https:\/\/ironsky.pl\/sklep\/produkt\/oslona-przeciwsloneczna-sunnylife-n4p-zg699-d-do-dji-mini-4-pro-szara\/"},"modified":"2026-04-15T10:27:05","modified_gmt":"2026-04-15T08:27:05","slug":"oslona-przeciwsloneczna-sunnylife-n4p-zg699-d-do-dji-mini-4-pro-szara","status":"publish","type":"product","link":"https:\/\/ironsky.pl\/sklep\/produkt\/oslona-przeciwsloneczna-sunnylife-n4p-zg699-d-do-dji-mini-4-pro-szara\/","title":{"rendered":"Os\u0142ona przeciws\u0142oneczna SUNNYLIFE N4P-ZG699-D do DJI Mini 4 Pro (szara)"},"content":{"rendered":"<h3>Os\u0142ona przeciws\u0142oneczna obiektywu Sunnylife do DJI Mini 4 Pro (szara)<\/h3>\n<p>\u00a0<\/p>\n<p>Sunnylife N4P-ZG699-D to przeciwodblaskowa os\u0142ona gimbala, kt\u00f3ra zapobiega dostawaniu si\u0119 nadmiaru \u015bwiat\u0142a do obiektywu. Jej konstrukcja nie zaburza widoczno\u015bci \u017cadnej z kamer, a tak\u017ce ochrania je w czasie l\u0105dowania dzi\u0119ki n\u00f3\u017ckom o wysoko\u015bci 8mm. Akcesorium to jest niezwykle lekkie i \u0142atwe w instalacji &#8211; wystarczy wsun\u0105\u0107 je na drona i gotowe!<\/p>\n<p>\u00a0<\/p>\n<p><img decoding=\"async\" src=\"https:\/\/assets.innpro.pl\/1866\/2015\/5.jpg\" border=\"0\" \/><\/p>\n<h3>Zawarto\u015b\u0107 zestawu:<\/h3>\n<p>Os\u0142on\u0119 obiektywu<\/p>\n<div class=\"table-wrapper\">\n<p>\u00a0<\/p>\n<h3>Specyfikacja<\/h3>\n<table>\n<tbody>\n<tr>\n<th>Marka<\/th>\n<td>Sunnylife<\/td>\n<\/tr>\n<tr>\n<th>Model<\/th>\n<td>N4P-ZG699-D<\/td>\n<\/tr>\n<tr>\n<th>Kompatybilno\u015b\u0107<\/th>\n<td>DJI Mini 4 Pro<\/td>\n<\/tr>\n<tr>\n<th>Kolor<\/th>\n<td>Szary<\/td>\n<\/tr>\n<tr>\n<th>Waga<\/th>\n<td>14g<\/td>\n<\/tr>\n<tr>\n<th>Materia\u0142<\/th>\n<td>Plastik<\/td>\n<\/tr>\n<tr>\n<th>\u00a0<\/th>\n<td>\u00a0<\/td>\n<\/tr>\n<\/tbody>\n<\/table>\n<\/div>\n","protected":false},"excerpt":{"rendered":"<p>Os\u0142ona przeciws\u0142oneczna obiektywu Sunnylife do DJI Mini 4 Pro (szara) \u00a0 Sunnylife N4P-ZG699-D to przeciwodblaskowa os\u0142ona gimbala, kt\u00f3ra zapobiega dostawaniu<\/p>\n","protected":false},"featured_media":57516,"comment_status":"closed","ping_status":"open","template":"","meta":{"_acf_changed":false},"product_brand":[],"product_cat":[6167,6170,1088],"product_tag":[],"class_list":{"0":"post-57515","1":"product","2":"type-product","3":"status-publish","4":"has-post-thumbnail","6":"product_cat-akcesoria-do-dronow","7":"product_cat-dji-akcesoria-do-dronow","8":"product_cat-drony","9":"pa_okres-gwarancji-5754","10":"pa_producent-sunnylife","12":"first","13":"outofstock","14":"taxable","15":"shipping-taxable","16":"purchasable","17":"product-type-simple"},"acf":[],"yoast_head":"<!-- This site is optimized with the Yoast SEO plugin v27.2 - https:\/\/yoast.com\/product\/yoast-seo-wordpress\/ -->\n<title>Os\u0142ona przeciws\u0142oneczna SUNNYLIFE N4P-ZG699-D do DJI Mini 4 Pro (szara) - IRONSKY.PL Sklep z Dronami<\/title>\n<meta name=\"description\" content=\"Os\u0142ona przeciws\u0142oneczna SUNNYLIFE N4P-ZG699-D do DJI Mini 4 Pro (szara) - \u2705 sklep z dronami i fachowym doradztwem. \u2705 Tutaj kupisz produkty DJI, Yuneec, Parrot, Syma i wiele innych, a tak\u017ce kursy i licencje na operatora drona.\" \/>\n<meta name=\"robots\" content=\"index, follow, max-snippet:-1, max-image-preview:large, max-video-preview:-1\" \/>\n<link rel=\"canonical\" href=\"https:\/\/ironsky.pl\/sklep\/produkt\/oslona-przeciwsloneczna-sunnylife-n4p-zg699-d-do-dji-mini-4-pro-szara\/\" \/>\n<meta property=\"og:locale\" content=\"pl_PL\" \/>\n<meta property=\"og:type\" content=\"article\" \/>\n<meta property=\"og:title\" content=\"Os\u0142ona przeciws\u0142oneczna SUNNYLIFE N4P-ZG699-D do DJI Mini 4 Pro (szara) - IRONSKY.PL Sklep z Dronami\" \/>\n<meta property=\"og:description\" content=\"Os\u0142ona przeciws\u0142oneczna SUNNYLIFE N4P-ZG699-D do DJI Mini 4 Pro (szara) - \u2705 sklep z dronami i fachowym doradztwem. \u2705 Tutaj kupisz produkty DJI, Yuneec, Parrot, Syma i wiele innych, a tak\u017ce kursy i licencje na operatora drona.\" \/>\n<meta property=\"og:url\" content=\"https:\/\/ironsky.pl\/sklep\/produkt\/oslona-przeciwsloneczna-sunnylife-n4p-zg699-d-do-dji-mini-4-pro-szara\/\" \/>\n<meta property=\"og:site_name\" content=\"IRONSKY.PL Sklep z Dronami\" \/>\n<meta property=\"article:modified_time\" content=\"2026-04-15T08:27:05+00:00\" \/>\n<meta property=\"og:image\" content=\"https:\/\/ironsky.pl\/sklep\/wp-content\/uploads\/2026\/04\/35473_1.webp\" \/>\n\t<meta property=\"og:image:width\" content=\"800\" \/>\n\t<meta property=\"og:image:height\" content=\"800\" \/>\n\t<meta property=\"og:image:type\" content=\"image\/webp\" \/>\n<meta name=\"twitter:card\" content=\"summary_large_image\" \/>\n<script type=\"application\/ld+json\" class=\"yoast-schema-graph\">{\"@context\":\"https:\/\/schema.org\",\"@graph\":[{\"@type\":\"WebPage\",\"@id\":\"https:\/\/ironsky.pl\/sklep\/produkt\/oslona-przeciwsloneczna-sunnylife-n4p-zg699-d-do-dji-mini-4-pro-szara\/\",\"url\":\"https:\/\/ironsky.pl\/sklep\/produkt\/oslona-przeciwsloneczna-sunnylife-n4p-zg699-d-do-dji-mini-4-pro-szara\/\",\"name\":\"Os\u0142ona przeciws\u0142oneczna SUNNYLIFE N4P-ZG699-D do DJI Mini 4 Pro (szara) - IRONSKY.PL Sklep z Dronami\",\"isPartOf\":{\"@id\":\"https:\/\/ironsky.pl\/sklep\/#website\"},\"primaryImageOfPage\":{\"@id\":\"https:\/\/ironsky.pl\/sklep\/produkt\/oslona-przeciwsloneczna-sunnylife-n4p-zg699-d-do-dji-mini-4-pro-szara\/#primaryimage\"},\"image\":{\"@id\":\"https:\/\/ironsky.pl\/sklep\/produkt\/oslona-przeciwsloneczna-sunnylife-n4p-zg699-d-do-dji-mini-4-pro-szara\/#primaryimage\"},\"thumbnailUrl\":\"https:\/\/ironsky.pl\/sklep\/wp-content\/uploads\/2026\/04\/35473_1.webp\",\"datePublished\":\"2026-04-15T08:27:00+00:00\",\"dateModified\":\"2026-04-15T08:27:05+00:00\",\"description\":\"Os\u0142ona przeciws\u0142oneczna SUNNYLIFE N4P-ZG699-D do DJI Mini 4 Pro (szara) - \u2705 sklep z dronami i fachowym doradztwem. \u2705 Tutaj kupisz produkty DJI, Yuneec, Parrot, Syma i wiele innych, a tak\u017ce kursy i licencje na operatora drona.\",\"breadcrumb\":{\"@id\":\"https:\/\/ironsky.pl\/sklep\/produkt\/oslona-przeciwsloneczna-sunnylife-n4p-zg699-d-do-dji-mini-4-pro-szara\/#breadcrumb\"},\"inLanguage\":\"pl-PL\",\"potentialAction\":[{\"@type\":\"ReadAction\",\"target\":[\"https:\/\/ironsky.pl\/sklep\/produkt\/oslona-przeciwsloneczna-sunnylife-n4p-zg699-d-do-dji-mini-4-pro-szara\/\"]}]},{\"@type\":\"ImageObject\",\"inLanguage\":\"pl-PL\",\"@id\":\"https:\/\/ironsky.pl\/sklep\/produkt\/oslona-przeciwsloneczna-sunnylife-n4p-zg699-d-do-dji-mini-4-pro-szara\/#primaryimage\",\"url\":\"https:\/\/ironsky.pl\/sklep\/wp-content\/uploads\/2026\/04\/35473_1.webp\",\"contentUrl\":\"https:\/\/ironsky.pl\/sklep\/wp-content\/uploads\/2026\/04\/35473_1.webp\",\"width\":800,\"height\":800},{\"@type\":\"BreadcrumbList\",\"@id\":\"https:\/\/ironsky.pl\/sklep\/produkt\/oslona-przeciwsloneczna-sunnylife-n4p-zg699-d-do-dji-mini-4-pro-szara\/#breadcrumb\",\"itemListElement\":[{\"@type\":\"ListItem\",\"position\":1,\"name\":\"Strona g\u0142\u00f3wna\",\"item\":\"https:\/\/ironsky.pl\/sklep\/\"},{\"@type\":\"ListItem\",\"position\":2,\"name\":\"Wszystkie produkty\",\"item\":\"https:\/\/ironsky.pl\/sklep\/produkty\/\"},{\"@type\":\"ListItem\",\"position\":3,\"name\":\"Os\u0142ona przeciws\u0142oneczna SUNNYLIFE N4P-ZG699-D do DJI Mini 4 Pro (szara)\"}]},{\"@type\":\"WebSite\",\"@id\":\"https:\/\/ironsky.pl\/sklep\/#website\",\"url\":\"https:\/\/ironsky.pl\/sklep\/\",\"name\":\"IRONSKY.PL Sklep z Dronami\",\"description\":\"IRONSKY.PL Sklep z Dronami\",\"potentialAction\":[{\"@type\":\"SearchAction\",\"target\":{\"@type\":\"EntryPoint\",\"urlTemplate\":\"https:\/\/ironsky.pl\/sklep\/?s={search_term_string}\"},\"query-input\":{\"@type\":\"PropertyValueSpecification\",\"valueRequired\":true,\"valueName\":\"search_term_string\"}}],\"inLanguage\":\"pl-PL\"}]}<\/script>\n<!-- \/ Yoast SEO plugin. -->","yoast_head_json":{"title":"Os\u0142ona przeciws\u0142oneczna SUNNYLIFE N4P-ZG699-D do DJI Mini 4 Pro (szara) - IRONSKY.PL Sklep z Dronami","description":"Os\u0142ona przeciws\u0142oneczna SUNNYLIFE N4P-ZG699-D do DJI Mini 4 Pro (szara) - \u2705 sklep z dronami i fachowym doradztwem. \u2705 Tutaj kupisz produkty DJI, Yuneec, Parrot, Syma i wiele innych, a tak\u017ce kursy i licencje na operatora drona.","robots":{"index":"index","follow":"follow","max-snippet":"max-snippet:-1","max-image-preview":"max-image-preview:large","max-video-preview":"max-video-preview:-1"},"canonical":"https:\/\/ironsky.pl\/sklep\/produkt\/oslona-przeciwsloneczna-sunnylife-n4p-zg699-d-do-dji-mini-4-pro-szara\/","og_locale":"pl_PL","og_type":"article","og_title":"Os\u0142ona przeciws\u0142oneczna SUNNYLIFE N4P-ZG699-D do DJI Mini 4 Pro (szara) - IRONSKY.PL Sklep z Dronami","og_description":"Os\u0142ona przeciws\u0142oneczna SUNNYLIFE N4P-ZG699-D do DJI Mini 4 Pro (szara) - \u2705 sklep z dronami i fachowym doradztwem. \u2705 Tutaj kupisz produkty DJI, Yuneec, Parrot, Syma i wiele innych, a tak\u017ce kursy i licencje na operatora drona.","og_url":"https:\/\/ironsky.pl\/sklep\/produkt\/oslona-przeciwsloneczna-sunnylife-n4p-zg699-d-do-dji-mini-4-pro-szara\/","og_site_name":"IRONSKY.PL Sklep z Dronami","article_modified_time":"2026-04-15T08:27:05+00:00","og_image":[{"width":800,"height":800,"url":"https:\/\/ironsky.pl\/sklep\/wp-content\/uploads\/2026\/04\/35473_1.webp","type":"image\/webp"}],"twitter_card":"summary_large_image","schema":{"@context":"https:\/\/schema.org","@graph":[{"@type":"WebPage","@id":"https:\/\/ironsky.pl\/sklep\/produkt\/oslona-przeciwsloneczna-sunnylife-n4p-zg699-d-do-dji-mini-4-pro-szara\/","url":"https:\/\/ironsky.pl\/sklep\/produkt\/oslona-przeciwsloneczna-sunnylife-n4p-zg699-d-do-dji-mini-4-pro-szara\/","name":"Os\u0142ona przeciws\u0142oneczna SUNNYLIFE N4P-ZG699-D do DJI Mini 4 Pro (szara) - IRONSKY.PL Sklep z Dronami","isPartOf":{"@id":"https:\/\/ironsky.pl\/sklep\/#website"},"primaryImageOfPage":{"@id":"https:\/\/ironsky.pl\/sklep\/produkt\/oslona-przeciwsloneczna-sunnylife-n4p-zg699-d-do-dji-mini-4-pro-szara\/#primaryimage"},"image":{"@id":"https:\/\/ironsky.pl\/sklep\/produkt\/oslona-przeciwsloneczna-sunnylife-n4p-zg699-d-do-dji-mini-4-pro-szara\/#primaryimage"},"thumbnailUrl":"https:\/\/ironsky.pl\/sklep\/wp-content\/uploads\/2026\/04\/35473_1.webp","datePublished":"2026-04-15T08:27:00+00:00","dateModified":"2026-04-15T08:27:05+00:00","description":"Os\u0142ona przeciws\u0142oneczna SUNNYLIFE N4P-ZG699-D do DJI Mini 4 Pro (szara) - \u2705 sklep z dronami i fachowym doradztwem. \u2705 Tutaj kupisz produkty DJI, Yuneec, Parrot, Syma i wiele innych, a tak\u017ce kursy i licencje na operatora drona.","breadcrumb":{"@id":"https:\/\/ironsky.pl\/sklep\/produkt\/oslona-przeciwsloneczna-sunnylife-n4p-zg699-d-do-dji-mini-4-pro-szara\/#breadcrumb"},"inLanguage":"pl-PL","potentialAction":[{"@type":"ReadAction","target":["https:\/\/ironsky.pl\/sklep\/produkt\/oslona-przeciwsloneczna-sunnylife-n4p-zg699-d-do-dji-mini-4-pro-szara\/"]}]},{"@type":"ImageObject","inLanguage":"pl-PL","@id":"https:\/\/ironsky.pl\/sklep\/produkt\/oslona-przeciwsloneczna-sunnylife-n4p-zg699-d-do-dji-mini-4-pro-szara\/#primaryimage","url":"https:\/\/ironsky.pl\/sklep\/wp-content\/uploads\/2026\/04\/35473_1.webp","contentUrl":"https:\/\/ironsky.pl\/sklep\/wp-content\/uploads\/2026\/04\/35473_1.webp","width":800,"height":800},{"@type":"BreadcrumbList","@id":"https:\/\/ironsky.pl\/sklep\/produkt\/oslona-przeciwsloneczna-sunnylife-n4p-zg699-d-do-dji-mini-4-pro-szara\/#breadcrumb","itemListElement":[{"@type":"ListItem","position":1,"name":"Strona g\u0142\u00f3wna","item":"https:\/\/ironsky.pl\/sklep\/"},{"@type":"ListItem","position":2,"name":"Wszystkie produkty","item":"https:\/\/ironsky.pl\/sklep\/produkty\/"},{"@type":"ListItem","position":3,"name":"Os\u0142ona przeciws\u0142oneczna SUNNYLIFE N4P-ZG699-D do DJI Mini 4 Pro (szara)"}]},{"@type":"WebSite","@id":"https:\/\/ironsky.pl\/sklep\/#website","url":"https:\/\/ironsky.pl\/sklep\/","name":"IRONSKY.PL Sklep z Dronami","description":"IRONSKY.PL Sklep z Dronami","potentialAction":[{"@type":"SearchAction","target":{"@type":"EntryPoint","urlTemplate":"https:\/\/ironsky.pl\/sklep\/?s={search_term_string}"},"query-input":{"@type":"PropertyValueSpecification","valueRequired":true,"valueName":"search_term_string"}}],"inLanguage":"pl-PL"}]}},"_links":{"self":[{"href":"https:\/\/ironsky.pl\/sklep\/wp-json\/wp\/v2\/product\/57515","targetHints":{"allow":["GET"]}}],"collection":[{"href":"https:\/\/ironsky.pl\/sklep\/wp-json\/wp\/v2\/product"}],"about":[{"href":"https:\/\/ironsky.pl\/sklep\/wp-json\/wp\/v2\/types\/product"}],"replies":[{"embeddable":true,"href":"https:\/\/ironsky.pl\/sklep\/wp-json\/wp\/v2\/comments?post=57515"}],"wp:featuredmedia":[{"embeddable":true,"href":"https:\/\/ironsky.pl\/sklep\/wp-json\/wp\/v2\/media\/57516"}],"wp:attachment":[{"href":"https:\/\/ironsky.pl\/sklep\/wp-json\/wp\/v2\/media?parent=57515"}],"wp:term":[{"taxonomy":"product_brand","embeddable":true,"href":"https:\/\/ironsky.pl\/sklep\/wp-json\/wp\/v2\/product_brand?post=57515"},{"taxonomy":"product_cat","embeddable":true,"href":"https:\/\/ironsky.pl\/sklep\/wp-json\/wp\/v2\/product_cat?post=57515"},{"taxonomy":"product_tag","embeddable":true,"href":"https:\/\/ironsky.pl\/sklep\/wp-json\/wp\/v2\/product_tag?post=57515"}],"curies":[{"name":"wp","href":"https:\/\/api.w.org\/{rel}","templated":true}]}}