{"id":57513,"date":"2026-04-15T10:27:00","date_gmt":"2026-04-15T08:27:00","guid":{"rendered":"https:\/\/ironsky.pl\/sklep\/produkt\/zestaw-filtrow-nd-pl-sunnylife-do-dji-air-3-nd4-8-16-32\/"},"modified":"2026-04-15T10:27:03","modified_gmt":"2026-04-15T08:27:03","slug":"zestaw-filtrow-nd-pl-sunnylife-do-dji-air-3-nd4-8-16-32","status":"publish","type":"product","link":"https:\/\/ironsky.pl\/sklep\/produkt\/zestaw-filtrow-nd-pl-sunnylife-do-dji-air-3-nd4-8-16-32\/","title":{"rendered":"Zestaw filtr\u00f3w ND\/PL SUNNYLIFE do DJI Air 3 ND4\/8\/16\/32"},"content":{"rendered":"<h3>Zestaw fiiltr\u00f3w ND4\/PL, ND8\/PL, ND16\/PL, ND32\/PL Sunnylife do drona DJI Air 3<\/h3>\n<p>Sunnylife A3-FI686 to zestaw filtr\u00f3w obiektywu do drona DJI AIR 3, kt\u00f3re pozwol\u0105 u\u017cytkownikowi poszerzy\u0107 jego mo\u017cliwo\u015bci i zyska\u0107 materia\u0142 jeszcze lepszej jako\u015bci. Filtry te cechuje jednocze\u015bnie lekka budowa i wytrzyma\u0142o\u015b\u0107, a tak\u017ce wysoka jako\u015b\u0107 szkie\u0142. Polaryzacj\u0119 mo\u017cna zmienia\u0107 obracaj\u0105c filtr za pomoc\u0105 z\u0142otej obr\u0119czy wok\u00f3\u0142 niego.<\/p>\n<p><img decoding=\"async\" src=\"https:\/\/assets.innpro.pl\/1890\/2037\/2.jpg\" border=\"0\" alt=\"\" \/><\/p>\n<h3>Filtry CPL<\/h3>\n<p>Filtr CPL pozwalaj\u0105 pozby\u0107 si\u0119 odblask\u00f3w od powierzchni niemetalicznych, a tak\u017ce nasyci\u0107 barwy i podkre\u015bli\u0107 pi\u0119kno nieba, chmur i w\u00f3d. \u015awietnie sprawdza si\u0119 przy fotografowaniu przez szyb\u0119 oraz nad lub pod wod\u0105.\u00a0<\/p>\n<p><img decoding=\"async\" src=\"https:\/\/assets.innpro.pl\/1890\/2037\/4.jpg\" border=\"0\" alt=\"\" \/><\/p>\n<h3>Filtry ND\/PL<\/h3>\n<p>Filtry ND\/PL zapobiegaj\u0105 prze\u015bwietleniu obrazu, co sprawia, \u017ce kolory s\u0105 g\u0142\u0119bsze i lepiej nasycone. Co wi\u0119cej, dzi\u0119ki skr\u00f3ceniu czasu otwarcia migawki u\u017cytkownik mo\u017ce uchwyci\u0107 ostre jak brzytwa detale. Po wyd\u0142u\u017ceniu czasu otwarcia migawki mo\u017cna uzyska\u0107 pi\u0119kne zdj\u0119cia wody dzi\u0119ki redukcji \u015bwiat\u0142a spolaryzowanego.<\/p>\n<p><img decoding=\"async\" src=\"https:\/\/assets.innpro.pl\/1890\/2037\/1.jpg\" border=\"0\" alt=\"\" \/><\/p>\n<h3>Odporna pow\u0142oka<\/h3>\n<p>Wierzchnia pow\u0142oka soczewki jest odporna na wod\u0119, t\u0142uszcze i zarysowania efektywnie chroni\u0105c obiektyw kamery przed uszkodzeniami.<\/p>\n<p><img decoding=\"async\" src=\"https:\/\/assets.innpro.pl\/1890\/2037\/6.jpg\" border=\"0\" alt=\"\" \/><\/p>\n<h3>Wysokiej jako\u015bci etui<\/h3>\n<p>Filtry zapakowane s\u0105 w eleganckie czarne etui ze z\u0142otym logiem producenta. Wn\u0119trze stanowi tacka wykonana z mi\u0119kkiej pianki EVA, kt\u00f3ra zapewnia bezpiecze\u0144stwo i trzyma przytrzymuje filtry w jednym miejscu.\u00a0<\/p>\n<p><img decoding=\"async\" src=\"https:\/\/assets.innpro.pl\/1890\/2037\/3.jpg\" border=\"0\" alt=\"\" \/><\/p>\n<h3>Szybka instalacja filtr\u00f3w<\/h3>\n<p>Filtry s\u0105 bardzo proste w instalacji &#8211; wystarczy na\u0142o\u017cy\u0107 je na obiektyw i przekr\u0119ci\u0107, aby zosta\u0142y solidnie przymocowane.\u00a0<\/p>\n<p><img decoding=\"async\" src=\"https:\/\/assets.innpro.pl\/1890\/2037\/5.jpg\" border=\"0\" alt=\"\" \/><\/p>\n<div class=\"table-wrapper\">\n<p>\u00a0<\/p>\n<h3>Specyfikacja<\/h3>\n<table>\n<tbody>\n<tr>\n<th>Marka<\/th>\n<td>Sunnylife<\/td>\n<\/tr>\n<tr>\n<th>Kompatybilno\u015b\u0107<\/th>\n<td>AIR 3<\/td>\n<\/tr>\n<tr>\n<th>Waga pojedynczego filtra<\/th>\n<td>4g<\/td>\n<\/tr>\n<tr>\n<th>Materia\u0142<\/th>\n<td>Stop aluminium, szk\u0142o<\/td>\n<\/tr>\n<tr>\n<th>\u00a0<\/th>\n<td>\u00a0<\/td>\n<\/tr>\n<\/tbody>\n<\/table>\n<\/div>\n<style type=\"text\/css\"><!--\ntd {border: 1px solid #cccccc;}br {mso-data-placement:same-cell;}\n--><\/style>\n","protected":false},"excerpt":{"rendered":"<p>Zestaw fiiltr\u00f3w ND4\/PL, ND8\/PL, ND16\/PL, ND32\/PL Sunnylife do drona DJI Air 3 Sunnylife A3-FI686 to zestaw filtr\u00f3w obiektywu do drona<\/p>\n","protected":false},"featured_media":57514,"comment_status":"closed","ping_status":"open","template":"","meta":{"_acf_changed":false},"product_brand":[],"product_cat":[6167,1088,6200],"product_tag":[],"class_list":{"0":"post-57513","1":"product","2":"type-product","3":"status-publish","4":"has-post-thumbnail","6":"product_cat-akcesoria-do-dronow","7":"product_cat-drony","8":"product_cat-filtry-do-dronow-akcesoria-do-dronow","9":"pa_okres-gwarancji-5754","10":"pa_producent-sunnylife","12":"first","13":"outofstock","14":"taxable","15":"shipping-taxable","16":"purchasable","17":"product-type-simple"},"acf":[],"yoast_head":"<!-- This site is optimized with the Yoast SEO plugin v27.2 - https:\/\/yoast.com\/product\/yoast-seo-wordpress\/ -->\n<title>Zestaw filtr\u00f3w ND\/PL SUNNYLIFE do DJI Air 3 ND4\/8\/16\/32 - IRONSKY.PL Sklep z Dronami<\/title>\n<meta name=\"description\" content=\"Zestaw filtr\u00f3w ND\/PL SUNNYLIFE do DJI Air 3 ND4\/8\/16\/32 - \u2705 sklep z dronami i fachowym doradztwem. \u2705 Tutaj kupisz produkty DJI, Yuneec, Parrot, Syma i wiele innych, a tak\u017ce kursy i licencje na operatora drona.\" \/>\n<meta name=\"robots\" content=\"index, follow, max-snippet:-1, max-image-preview:large, max-video-preview:-1\" \/>\n<link rel=\"canonical\" href=\"https:\/\/ironsky.pl\/sklep\/produkt\/zestaw-filtrow-nd-pl-sunnylife-do-dji-air-3-nd4-8-16-32\/\" \/>\n<meta property=\"og:locale\" content=\"pl_PL\" \/>\n<meta property=\"og:type\" content=\"article\" \/>\n<meta property=\"og:title\" content=\"Zestaw filtr\u00f3w ND\/PL SUNNYLIFE do DJI Air 3 ND4\/8\/16\/32 - IRONSKY.PL Sklep z Dronami\" \/>\n<meta property=\"og:description\" content=\"Zestaw filtr\u00f3w ND\/PL SUNNYLIFE do DJI Air 3 ND4\/8\/16\/32 - \u2705 sklep z dronami i fachowym doradztwem. \u2705 Tutaj kupisz produkty DJI, Yuneec, Parrot, Syma i wiele innych, a tak\u017ce kursy i licencje na operatora drona.\" \/>\n<meta property=\"og:url\" content=\"https:\/\/ironsky.pl\/sklep\/produkt\/zestaw-filtrow-nd-pl-sunnylife-do-dji-air-3-nd4-8-16-32\/\" \/>\n<meta property=\"og:site_name\" content=\"IRONSKY.PL Sklep z Dronami\" \/>\n<meta property=\"article:modified_time\" content=\"2026-04-15T08:27:03+00:00\" \/>\n<meta property=\"og:image\" content=\"https:\/\/ironsky.pl\/sklep\/wp-content\/uploads\/2026\/04\/35462_1.webp\" \/>\n\t<meta property=\"og:image:width\" content=\"800\" \/>\n\t<meta property=\"og:image:height\" content=\"800\" \/>\n\t<meta property=\"og:image:type\" content=\"image\/webp\" \/>\n<meta name=\"twitter:card\" content=\"summary_large_image\" \/>\n<meta name=\"twitter:label1\" content=\"Szacowany czas czytania\" \/>\n\t<meta name=\"twitter:data1\" content=\"1 minuta\" \/>\n<script type=\"application\/ld+json\" class=\"yoast-schema-graph\">{\"@context\":\"https:\/\/schema.org\",\"@graph\":[{\"@type\":\"WebPage\",\"@id\":\"https:\/\/ironsky.pl\/sklep\/produkt\/zestaw-filtrow-nd-pl-sunnylife-do-dji-air-3-nd4-8-16-32\/\",\"url\":\"https:\/\/ironsky.pl\/sklep\/produkt\/zestaw-filtrow-nd-pl-sunnylife-do-dji-air-3-nd4-8-16-32\/\",\"name\":\"Zestaw filtr\u00f3w ND\/PL SUNNYLIFE do DJI Air 3 ND4\/8\/16\/32 - IRONSKY.PL Sklep z Dronami\",\"isPartOf\":{\"@id\":\"https:\/\/ironsky.pl\/sklep\/#website\"},\"primaryImageOfPage\":{\"@id\":\"https:\/\/ironsky.pl\/sklep\/produkt\/zestaw-filtrow-nd-pl-sunnylife-do-dji-air-3-nd4-8-16-32\/#primaryimage\"},\"image\":{\"@id\":\"https:\/\/ironsky.pl\/sklep\/produkt\/zestaw-filtrow-nd-pl-sunnylife-do-dji-air-3-nd4-8-16-32\/#primaryimage\"},\"thumbnailUrl\":\"https:\/\/ironsky.pl\/sklep\/wp-content\/uploads\/2026\/04\/35462_1.webp\",\"datePublished\":\"2026-04-15T08:27:00+00:00\",\"dateModified\":\"2026-04-15T08:27:03+00:00\",\"description\":\"Zestaw filtr\u00f3w ND\/PL SUNNYLIFE do DJI Air 3 ND4\/8\/16\/32 - \u2705 sklep z dronami i fachowym doradztwem. \u2705 Tutaj kupisz produkty DJI, Yuneec, Parrot, Syma i wiele innych, a tak\u017ce kursy i licencje na operatora drona.\",\"breadcrumb\":{\"@id\":\"https:\/\/ironsky.pl\/sklep\/produkt\/zestaw-filtrow-nd-pl-sunnylife-do-dji-air-3-nd4-8-16-32\/#breadcrumb\"},\"inLanguage\":\"pl-PL\",\"potentialAction\":[{\"@type\":\"ReadAction\",\"target\":[\"https:\/\/ironsky.pl\/sklep\/produkt\/zestaw-filtrow-nd-pl-sunnylife-do-dji-air-3-nd4-8-16-32\/\"]}]},{\"@type\":\"ImageObject\",\"inLanguage\":\"pl-PL\",\"@id\":\"https:\/\/ironsky.pl\/sklep\/produkt\/zestaw-filtrow-nd-pl-sunnylife-do-dji-air-3-nd4-8-16-32\/#primaryimage\",\"url\":\"https:\/\/ironsky.pl\/sklep\/wp-content\/uploads\/2026\/04\/35462_1.webp\",\"contentUrl\":\"https:\/\/ironsky.pl\/sklep\/wp-content\/uploads\/2026\/04\/35462_1.webp\",\"width\":800,\"height\":800},{\"@type\":\"BreadcrumbList\",\"@id\":\"https:\/\/ironsky.pl\/sklep\/produkt\/zestaw-filtrow-nd-pl-sunnylife-do-dji-air-3-nd4-8-16-32\/#breadcrumb\",\"itemListElement\":[{\"@type\":\"ListItem\",\"position\":1,\"name\":\"Strona g\u0142\u00f3wna\",\"item\":\"https:\/\/ironsky.pl\/sklep\/\"},{\"@type\":\"ListItem\",\"position\":2,\"name\":\"Wszystkie produkty\",\"item\":\"https:\/\/ironsky.pl\/sklep\/produkty\/\"},{\"@type\":\"ListItem\",\"position\":3,\"name\":\"Zestaw filtr\u00f3w ND\/PL SUNNYLIFE do DJI Air 3 ND4\/8\/16\/32\"}]},{\"@type\":\"WebSite\",\"@id\":\"https:\/\/ironsky.pl\/sklep\/#website\",\"url\":\"https:\/\/ironsky.pl\/sklep\/\",\"name\":\"IRONSKY.PL Sklep z Dronami\",\"description\":\"IRONSKY.PL Sklep z Dronami\",\"potentialAction\":[{\"@type\":\"SearchAction\",\"target\":{\"@type\":\"EntryPoint\",\"urlTemplate\":\"https:\/\/ironsky.pl\/sklep\/?s={search_term_string}\"},\"query-input\":{\"@type\":\"PropertyValueSpecification\",\"valueRequired\":true,\"valueName\":\"search_term_string\"}}],\"inLanguage\":\"pl-PL\"}]}<\/script>\n<!-- \/ Yoast SEO plugin. -->","yoast_head_json":{"title":"Zestaw filtr\u00f3w ND\/PL SUNNYLIFE do DJI Air 3 ND4\/8\/16\/32 - IRONSKY.PL Sklep z Dronami","description":"Zestaw filtr\u00f3w ND\/PL SUNNYLIFE do DJI Air 3 ND4\/8\/16\/32 - \u2705 sklep z dronami i fachowym doradztwem. \u2705 Tutaj kupisz produkty DJI, Yuneec, Parrot, Syma i wiele innych, a tak\u017ce kursy i licencje na operatora drona.","robots":{"index":"index","follow":"follow","max-snippet":"max-snippet:-1","max-image-preview":"max-image-preview:large","max-video-preview":"max-video-preview:-1"},"canonical":"https:\/\/ironsky.pl\/sklep\/produkt\/zestaw-filtrow-nd-pl-sunnylife-do-dji-air-3-nd4-8-16-32\/","og_locale":"pl_PL","og_type":"article","og_title":"Zestaw filtr\u00f3w ND\/PL SUNNYLIFE do DJI Air 3 ND4\/8\/16\/32 - IRONSKY.PL Sklep z Dronami","og_description":"Zestaw filtr\u00f3w ND\/PL SUNNYLIFE do DJI Air 3 ND4\/8\/16\/32 - \u2705 sklep z dronami i fachowym doradztwem. \u2705 Tutaj kupisz produkty DJI, Yuneec, Parrot, Syma i wiele innych, a tak\u017ce kursy i licencje na operatora drona.","og_url":"https:\/\/ironsky.pl\/sklep\/produkt\/zestaw-filtrow-nd-pl-sunnylife-do-dji-air-3-nd4-8-16-32\/","og_site_name":"IRONSKY.PL Sklep z Dronami","article_modified_time":"2026-04-15T08:27:03+00:00","og_image":[{"width":800,"height":800,"url":"https:\/\/ironsky.pl\/sklep\/wp-content\/uploads\/2026\/04\/35462_1.webp","type":"image\/webp"}],"twitter_card":"summary_large_image","twitter_misc":{"Szacowany czas czytania":"1 minuta"},"schema":{"@context":"https:\/\/schema.org","@graph":[{"@type":"WebPage","@id":"https:\/\/ironsky.pl\/sklep\/produkt\/zestaw-filtrow-nd-pl-sunnylife-do-dji-air-3-nd4-8-16-32\/","url":"https:\/\/ironsky.pl\/sklep\/produkt\/zestaw-filtrow-nd-pl-sunnylife-do-dji-air-3-nd4-8-16-32\/","name":"Zestaw filtr\u00f3w ND\/PL SUNNYLIFE do DJI Air 3 ND4\/8\/16\/32 - IRONSKY.PL Sklep z Dronami","isPartOf":{"@id":"https:\/\/ironsky.pl\/sklep\/#website"},"primaryImageOfPage":{"@id":"https:\/\/ironsky.pl\/sklep\/produkt\/zestaw-filtrow-nd-pl-sunnylife-do-dji-air-3-nd4-8-16-32\/#primaryimage"},"image":{"@id":"https:\/\/ironsky.pl\/sklep\/produkt\/zestaw-filtrow-nd-pl-sunnylife-do-dji-air-3-nd4-8-16-32\/#primaryimage"},"thumbnailUrl":"https:\/\/ironsky.pl\/sklep\/wp-content\/uploads\/2026\/04\/35462_1.webp","datePublished":"2026-04-15T08:27:00+00:00","dateModified":"2026-04-15T08:27:03+00:00","description":"Zestaw filtr\u00f3w ND\/PL SUNNYLIFE do DJI Air 3 ND4\/8\/16\/32 - \u2705 sklep z dronami i fachowym doradztwem. \u2705 Tutaj kupisz produkty DJI, Yuneec, Parrot, Syma i wiele innych, a tak\u017ce kursy i licencje na operatora drona.","breadcrumb":{"@id":"https:\/\/ironsky.pl\/sklep\/produkt\/zestaw-filtrow-nd-pl-sunnylife-do-dji-air-3-nd4-8-16-32\/#breadcrumb"},"inLanguage":"pl-PL","potentialAction":[{"@type":"ReadAction","target":["https:\/\/ironsky.pl\/sklep\/produkt\/zestaw-filtrow-nd-pl-sunnylife-do-dji-air-3-nd4-8-16-32\/"]}]},{"@type":"ImageObject","inLanguage":"pl-PL","@id":"https:\/\/ironsky.pl\/sklep\/produkt\/zestaw-filtrow-nd-pl-sunnylife-do-dji-air-3-nd4-8-16-32\/#primaryimage","url":"https:\/\/ironsky.pl\/sklep\/wp-content\/uploads\/2026\/04\/35462_1.webp","contentUrl":"https:\/\/ironsky.pl\/sklep\/wp-content\/uploads\/2026\/04\/35462_1.webp","width":800,"height":800},{"@type":"BreadcrumbList","@id":"https:\/\/ironsky.pl\/sklep\/produkt\/zestaw-filtrow-nd-pl-sunnylife-do-dji-air-3-nd4-8-16-32\/#breadcrumb","itemListElement":[{"@type":"ListItem","position":1,"name":"Strona g\u0142\u00f3wna","item":"https:\/\/ironsky.pl\/sklep\/"},{"@type":"ListItem","position":2,"name":"Wszystkie produkty","item":"https:\/\/ironsky.pl\/sklep\/produkty\/"},{"@type":"ListItem","position":3,"name":"Zestaw filtr\u00f3w ND\/PL SUNNYLIFE do DJI Air 3 ND4\/8\/16\/32"}]},{"@type":"WebSite","@id":"https:\/\/ironsky.pl\/sklep\/#website","url":"https:\/\/ironsky.pl\/sklep\/","name":"IRONSKY.PL Sklep z Dronami","description":"IRONSKY.PL Sklep z Dronami","potentialAction":[{"@type":"SearchAction","target":{"@type":"EntryPoint","urlTemplate":"https:\/\/ironsky.pl\/sklep\/?s={search_term_string}"},"query-input":{"@type":"PropertyValueSpecification","valueRequired":true,"valueName":"search_term_string"}}],"inLanguage":"pl-PL"}]}},"_links":{"self":[{"href":"https:\/\/ironsky.pl\/sklep\/wp-json\/wp\/v2\/product\/57513","targetHints":{"allow":["GET"]}}],"collection":[{"href":"https:\/\/ironsky.pl\/sklep\/wp-json\/wp\/v2\/product"}],"about":[{"href":"https:\/\/ironsky.pl\/sklep\/wp-json\/wp\/v2\/types\/product"}],"replies":[{"embeddable":true,"href":"https:\/\/ironsky.pl\/sklep\/wp-json\/wp\/v2\/comments?post=57513"}],"wp:featuredmedia":[{"embeddable":true,"href":"https:\/\/ironsky.pl\/sklep\/wp-json\/wp\/v2\/media\/57514"}],"wp:attachment":[{"href":"https:\/\/ironsky.pl\/sklep\/wp-json\/wp\/v2\/media?parent=57513"}],"wp:term":[{"taxonomy":"product_brand","embeddable":true,"href":"https:\/\/ironsky.pl\/sklep\/wp-json\/wp\/v2\/product_brand?post=57513"},{"taxonomy":"product_cat","embeddable":true,"href":"https:\/\/ironsky.pl\/sklep\/wp-json\/wp\/v2\/product_cat?post=57513"},{"taxonomy":"product_tag","embeddable":true,"href":"https:\/\/ironsky.pl\/sklep\/wp-json\/wp\/v2\/product_tag?post=57513"}],"curies":[{"name":"wp","href":"https:\/\/api.w.org\/{rel}","templated":true}]}}