{"id":57506,"date":"2026-04-15T10:26:33","date_gmt":"2026-04-15T08:26:33","guid":{"rendered":"https:\/\/ironsky.pl\/sklep\/produkt\/etui-sunnylife-n4p-b696-dji-mini-4-pro\/"},"modified":"2026-04-15T10:26:58","modified_gmt":"2026-04-15T08:26:58","slug":"etui-sunnylife-n4p-b696-dji-mini-4-pro","status":"publish","type":"product","link":"https:\/\/ironsky.pl\/sklep\/produkt\/etui-sunnylife-n4p-b696-dji-mini-4-pro\/","title":{"rendered":"Etui SUNNYLIFE N4P-B696 DJI Mini 4 Pro"},"content":{"rendered":"<h3>Futera\u0142 Sunnylife N4P-B696 do drona MINI 4 Pro<\/h3>\n<p>Sunnylife N4P-B696 to por\u0119czny futera\u0142 na drona DJI Mini 4 Pro wy\u015bcie\u0142any w \u015brodku przyjemnym w dotyku, mi\u0119kkim materia\u0142em. Futera\u0142 wykonany jest z wytrzyma\u0142ego materia\u0142u, kt\u00f3ry zapewni dronowi bezpiecze\u0144stwo i zminimalizuje wp\u0142yw ewentualnych wstrz\u0105s\u00f3w. Nie ma konieczno\u015bci zdejmowania skrzyde\u0142 ani zabezpieczenia na gimbala &#8211; dron zmie\u015bci si\u0119 bez problemu razem z nimi.\u00a0<\/p>\n<p><img decoding=\"async\" src=\"https:\/\/assets.innpro.pl\/1840\/1989\/1.jpg\" border=\"0\" alt=\"\" \/><\/p>\n<h3>Doskona\u0142a ochrona<\/h3>\n<p>Sunnylife N4P-B696 to futera\u0142, kt\u00f3ry nie tylko wygl\u0105da \u015bwietnie, ale przede wszystkim chroni Twojego drona. Wy\u015bci\u00f3\u0142ka wykonana z mi\u0119kkiego materia\u0142u zapewnia bezpiecze\u0144stwo minimalizuj\u0105c wp\u0142yw ewentualnych wstrz\u0105s\u00f3w podczas transportu.<\/p>\n<p><img decoding=\"async\" src=\"https:\/\/assets.innpro.pl\/1840\/1989\/3.jpg\" border=\"0\" alt=\"\" \/><\/p>\n<h3>Bezproblemowe przechowywanie z akcesoriami<\/h3>\n<p>Dzi\u0119ki przemy\u015blanemu projektowi tego futera\u0142u, nie musisz martwi\u0107 si\u0119 zdejmowaniem skrzyde\u0142 ani demonta\u017cem zabezpieczenia na gimbala. Wszystko to zmie\u015bci si\u0119 wewn\u0105trz futera\u0142u razem z dronem, co sprawia, \u017ce oszcz\u0119dzasz czas.<\/p>\n<p><img decoding=\"async\" src=\"https:\/\/assets.innpro.pl\/1840\/1989\/4.jpg\" border=\"0\" alt=\"\" \/><\/p>\n<h3>Idealne dopasowanie<\/h3>\n<p>Ten futera\u0142 zosta\u0142 specjalnie zaprojektowany do kompatybilno\u015bci z DJI Mini 4 Pro, co oznacza, \u017ce pasuje idealnie. Nie ma potrzeby dostosowywania futera\u0142u do swojego drona &#8211; wszystko jest gotowe do u\u017cycia.<\/p>\n<p><img decoding=\"async\" src=\"https:\/\/assets.innpro.pl\/1840\/1989\/5.jpg\" border=\"0\" alt=\"\" \/><\/p>\n<h3>Lekki i przeno\u015bny<\/h3>\n<p>Dzi\u0119ki niskiej wadze, wynosz\u0105cej jedynie 188g, oraz kompaktowym wymiarom (182 x 122 x 75mm), futera\u0142 ten jest wyj\u0105tkowo przeno\u015bny. Mo\u017cesz zabra\u0107 swojego drona wraz z futera\u0142em praktycznie wsz\u0119dzie, nie martwi\u0105c si\u0119 o dodatkowe obci\u0105\u017cenie.<\/p>\n<p><img decoding=\"async\" src=\"https:\/\/assets.innpro.pl\/1840\/1989\/7.jpg\" border=\"0\" alt=\"\" \/><\/p>\n<div class=\"table-wrapper\">\n<p>\u00a0<\/p>\n<h3>Specyfikacja<\/h3>\n<table>\n<tbody>\n<tr>\n<th>Marka<\/th>\n<td>Sunnylife<\/td>\n<\/tr>\n<tr>\n<th>Model<\/th>\n<td>N4P-B696<\/td>\n<\/tr>\n<tr>\n<th>Kolor<\/th>\n<td>Ciemnoszary<\/td>\n<\/tr>\n<tr>\n<th>Kompatybilno\u015b\u0107<\/th>\n<td>DJI Mini 4 Pro<\/td>\n<\/tr>\n<tr>\n<th>Waga<\/th>\n<td>188g<\/td>\n<\/tr>\n<tr>\n<th>Wymiary<\/th>\n<td>182 x 122 x 75mm<\/td>\n<\/tr>\n<tr>\n<th>\u00a0<\/th>\n<td>\u00a0<\/td>\n<\/tr>\n<\/tbody>\n<\/table>\n<\/div>\n","protected":false},"excerpt":{"rendered":"<p>Futera\u0142 Sunnylife N4P-B696 do drona MINI 4 Pro Sunnylife N4P-B696 to por\u0119czny futera\u0142 na drona DJI Mini 4 Pro wy\u015bcie\u0142any<\/p>\n","protected":false},"featured_media":57507,"comment_status":"closed","ping_status":"open","template":"","meta":{"_acf_changed":false},"product_brand":[],"product_cat":[6167,1088,6171],"product_tag":[],"class_list":{"0":"post-57506","1":"product","2":"type-product","3":"status-publish","4":"has-post-thumbnail","6":"product_cat-akcesoria-do-dronow","7":"product_cat-drony","8":"product_cat-torby-i-walizki","9":"pa_okres-gwarancji-5754","10":"pa_producent-sunnylife","12":"first","13":"outofstock","14":"taxable","15":"shipping-taxable","16":"purchasable","17":"product-type-simple"},"acf":[],"yoast_head":"<!-- This site is optimized with the Yoast SEO plugin v27.2 - https:\/\/yoast.com\/product\/yoast-seo-wordpress\/ -->\n<title>Etui SUNNYLIFE N4P-B696 DJI Mini 4 Pro - IRONSKY.PL Sklep z Dronami<\/title>\n<meta name=\"description\" content=\"Etui SUNNYLIFE N4P-B696 DJI Mini 4 Pro - \u2705 sklep z dronami i fachowym doradztwem. \u2705 Tutaj kupisz produkty DJI, Yuneec, Parrot, Syma i wiele innych, a tak\u017ce kursy i licencje na operatora drona.\" \/>\n<meta name=\"robots\" content=\"index, follow, max-snippet:-1, max-image-preview:large, max-video-preview:-1\" \/>\n<link rel=\"canonical\" href=\"https:\/\/ironsky.pl\/sklep\/produkt\/etui-sunnylife-n4p-b696-dji-mini-4-pro\/\" \/>\n<meta property=\"og:locale\" content=\"pl_PL\" \/>\n<meta property=\"og:type\" content=\"article\" \/>\n<meta property=\"og:title\" content=\"Etui SUNNYLIFE N4P-B696 DJI Mini 4 Pro - IRONSKY.PL Sklep z Dronami\" \/>\n<meta property=\"og:description\" content=\"Etui SUNNYLIFE N4P-B696 DJI Mini 4 Pro - \u2705 sklep z dronami i fachowym doradztwem. \u2705 Tutaj kupisz produkty DJI, Yuneec, Parrot, Syma i wiele innych, a tak\u017ce kursy i licencje na operatora drona.\" \/>\n<meta property=\"og:url\" content=\"https:\/\/ironsky.pl\/sklep\/produkt\/etui-sunnylife-n4p-b696-dji-mini-4-pro\/\" \/>\n<meta property=\"og:site_name\" content=\"IRONSKY.PL Sklep z Dronami\" \/>\n<meta property=\"article:modified_time\" content=\"2026-04-15T08:26:58+00:00\" \/>\n<meta property=\"og:image\" content=\"https:\/\/ironsky.pl\/sklep\/wp-content\/uploads\/2026\/04\/35460_1.webp\" \/>\n\t<meta property=\"og:image:width\" content=\"800\" \/>\n\t<meta property=\"og:image:height\" content=\"800\" \/>\n\t<meta property=\"og:image:type\" content=\"image\/webp\" \/>\n<meta name=\"twitter:card\" content=\"summary_large_image\" \/>\n<meta name=\"twitter:label1\" content=\"Szacowany czas czytania\" \/>\n\t<meta name=\"twitter:data1\" content=\"1 minuta\" \/>\n<script type=\"application\/ld+json\" class=\"yoast-schema-graph\">{\"@context\":\"https:\/\/schema.org\",\"@graph\":[{\"@type\":\"WebPage\",\"@id\":\"https:\/\/ironsky.pl\/sklep\/produkt\/etui-sunnylife-n4p-b696-dji-mini-4-pro\/\",\"url\":\"https:\/\/ironsky.pl\/sklep\/produkt\/etui-sunnylife-n4p-b696-dji-mini-4-pro\/\",\"name\":\"Etui SUNNYLIFE N4P-B696 DJI Mini 4 Pro - IRONSKY.PL Sklep z Dronami\",\"isPartOf\":{\"@id\":\"https:\/\/ironsky.pl\/sklep\/#website\"},\"primaryImageOfPage\":{\"@id\":\"https:\/\/ironsky.pl\/sklep\/produkt\/etui-sunnylife-n4p-b696-dji-mini-4-pro\/#primaryimage\"},\"image\":{\"@id\":\"https:\/\/ironsky.pl\/sklep\/produkt\/etui-sunnylife-n4p-b696-dji-mini-4-pro\/#primaryimage\"},\"thumbnailUrl\":\"https:\/\/ironsky.pl\/sklep\/wp-content\/uploads\/2026\/04\/35460_1.webp\",\"datePublished\":\"2026-04-15T08:26:33+00:00\",\"dateModified\":\"2026-04-15T08:26:58+00:00\",\"description\":\"Etui SUNNYLIFE N4P-B696 DJI Mini 4 Pro - \u2705 sklep z dronami i fachowym doradztwem. \u2705 Tutaj kupisz produkty DJI, Yuneec, Parrot, Syma i wiele innych, a tak\u017ce kursy i licencje na operatora drona.\",\"breadcrumb\":{\"@id\":\"https:\/\/ironsky.pl\/sklep\/produkt\/etui-sunnylife-n4p-b696-dji-mini-4-pro\/#breadcrumb\"},\"inLanguage\":\"pl-PL\",\"potentialAction\":[{\"@type\":\"ReadAction\",\"target\":[\"https:\/\/ironsky.pl\/sklep\/produkt\/etui-sunnylife-n4p-b696-dji-mini-4-pro\/\"]}]},{\"@type\":\"ImageObject\",\"inLanguage\":\"pl-PL\",\"@id\":\"https:\/\/ironsky.pl\/sklep\/produkt\/etui-sunnylife-n4p-b696-dji-mini-4-pro\/#primaryimage\",\"url\":\"https:\/\/ironsky.pl\/sklep\/wp-content\/uploads\/2026\/04\/35460_1.webp\",\"contentUrl\":\"https:\/\/ironsky.pl\/sklep\/wp-content\/uploads\/2026\/04\/35460_1.webp\",\"width\":800,\"height\":800},{\"@type\":\"BreadcrumbList\",\"@id\":\"https:\/\/ironsky.pl\/sklep\/produkt\/etui-sunnylife-n4p-b696-dji-mini-4-pro\/#breadcrumb\",\"itemListElement\":[{\"@type\":\"ListItem\",\"position\":1,\"name\":\"Strona g\u0142\u00f3wna\",\"item\":\"https:\/\/ironsky.pl\/sklep\/\"},{\"@type\":\"ListItem\",\"position\":2,\"name\":\"Wszystkie produkty\",\"item\":\"https:\/\/ironsky.pl\/sklep\/produkty\/\"},{\"@type\":\"ListItem\",\"position\":3,\"name\":\"Etui SUNNYLIFE N4P-B696 DJI Mini 4 Pro\"}]},{\"@type\":\"WebSite\",\"@id\":\"https:\/\/ironsky.pl\/sklep\/#website\",\"url\":\"https:\/\/ironsky.pl\/sklep\/\",\"name\":\"IRONSKY.PL Sklep z Dronami\",\"description\":\"IRONSKY.PL Sklep z Dronami\",\"potentialAction\":[{\"@type\":\"SearchAction\",\"target\":{\"@type\":\"EntryPoint\",\"urlTemplate\":\"https:\/\/ironsky.pl\/sklep\/?s={search_term_string}\"},\"query-input\":{\"@type\":\"PropertyValueSpecification\",\"valueRequired\":true,\"valueName\":\"search_term_string\"}}],\"inLanguage\":\"pl-PL\"}]}<\/script>\n<!-- \/ Yoast SEO plugin. -->","yoast_head_json":{"title":"Etui SUNNYLIFE N4P-B696 DJI Mini 4 Pro - IRONSKY.PL Sklep z Dronami","description":"Etui SUNNYLIFE N4P-B696 DJI Mini 4 Pro - \u2705 sklep z dronami i fachowym doradztwem. \u2705 Tutaj kupisz produkty DJI, Yuneec, Parrot, Syma i wiele innych, a tak\u017ce kursy i licencje na operatora drona.","robots":{"index":"index","follow":"follow","max-snippet":"max-snippet:-1","max-image-preview":"max-image-preview:large","max-video-preview":"max-video-preview:-1"},"canonical":"https:\/\/ironsky.pl\/sklep\/produkt\/etui-sunnylife-n4p-b696-dji-mini-4-pro\/","og_locale":"pl_PL","og_type":"article","og_title":"Etui SUNNYLIFE N4P-B696 DJI Mini 4 Pro - IRONSKY.PL Sklep z Dronami","og_description":"Etui SUNNYLIFE N4P-B696 DJI Mini 4 Pro - \u2705 sklep z dronami i fachowym doradztwem. \u2705 Tutaj kupisz produkty DJI, Yuneec, Parrot, Syma i wiele innych, a tak\u017ce kursy i licencje na operatora drona.","og_url":"https:\/\/ironsky.pl\/sklep\/produkt\/etui-sunnylife-n4p-b696-dji-mini-4-pro\/","og_site_name":"IRONSKY.PL Sklep z Dronami","article_modified_time":"2026-04-15T08:26:58+00:00","og_image":[{"width":800,"height":800,"url":"https:\/\/ironsky.pl\/sklep\/wp-content\/uploads\/2026\/04\/35460_1.webp","type":"image\/webp"}],"twitter_card":"summary_large_image","twitter_misc":{"Szacowany czas czytania":"1 minuta"},"schema":{"@context":"https:\/\/schema.org","@graph":[{"@type":"WebPage","@id":"https:\/\/ironsky.pl\/sklep\/produkt\/etui-sunnylife-n4p-b696-dji-mini-4-pro\/","url":"https:\/\/ironsky.pl\/sklep\/produkt\/etui-sunnylife-n4p-b696-dji-mini-4-pro\/","name":"Etui SUNNYLIFE N4P-B696 DJI Mini 4 Pro - IRONSKY.PL Sklep z Dronami","isPartOf":{"@id":"https:\/\/ironsky.pl\/sklep\/#website"},"primaryImageOfPage":{"@id":"https:\/\/ironsky.pl\/sklep\/produkt\/etui-sunnylife-n4p-b696-dji-mini-4-pro\/#primaryimage"},"image":{"@id":"https:\/\/ironsky.pl\/sklep\/produkt\/etui-sunnylife-n4p-b696-dji-mini-4-pro\/#primaryimage"},"thumbnailUrl":"https:\/\/ironsky.pl\/sklep\/wp-content\/uploads\/2026\/04\/35460_1.webp","datePublished":"2026-04-15T08:26:33+00:00","dateModified":"2026-04-15T08:26:58+00:00","description":"Etui SUNNYLIFE N4P-B696 DJI Mini 4 Pro - \u2705 sklep z dronami i fachowym doradztwem. \u2705 Tutaj kupisz produkty DJI, Yuneec, Parrot, Syma i wiele innych, a tak\u017ce kursy i licencje na operatora drona.","breadcrumb":{"@id":"https:\/\/ironsky.pl\/sklep\/produkt\/etui-sunnylife-n4p-b696-dji-mini-4-pro\/#breadcrumb"},"inLanguage":"pl-PL","potentialAction":[{"@type":"ReadAction","target":["https:\/\/ironsky.pl\/sklep\/produkt\/etui-sunnylife-n4p-b696-dji-mini-4-pro\/"]}]},{"@type":"ImageObject","inLanguage":"pl-PL","@id":"https:\/\/ironsky.pl\/sklep\/produkt\/etui-sunnylife-n4p-b696-dji-mini-4-pro\/#primaryimage","url":"https:\/\/ironsky.pl\/sklep\/wp-content\/uploads\/2026\/04\/35460_1.webp","contentUrl":"https:\/\/ironsky.pl\/sklep\/wp-content\/uploads\/2026\/04\/35460_1.webp","width":800,"height":800},{"@type":"BreadcrumbList","@id":"https:\/\/ironsky.pl\/sklep\/produkt\/etui-sunnylife-n4p-b696-dji-mini-4-pro\/#breadcrumb","itemListElement":[{"@type":"ListItem","position":1,"name":"Strona g\u0142\u00f3wna","item":"https:\/\/ironsky.pl\/sklep\/"},{"@type":"ListItem","position":2,"name":"Wszystkie produkty","item":"https:\/\/ironsky.pl\/sklep\/produkty\/"},{"@type":"ListItem","position":3,"name":"Etui SUNNYLIFE N4P-B696 DJI Mini 4 Pro"}]},{"@type":"WebSite","@id":"https:\/\/ironsky.pl\/sklep\/#website","url":"https:\/\/ironsky.pl\/sklep\/","name":"IRONSKY.PL Sklep z Dronami","description":"IRONSKY.PL Sklep z Dronami","potentialAction":[{"@type":"SearchAction","target":{"@type":"EntryPoint","urlTemplate":"https:\/\/ironsky.pl\/sklep\/?s={search_term_string}"},"query-input":{"@type":"PropertyValueSpecification","valueRequired":true,"valueName":"search_term_string"}}],"inLanguage":"pl-PL"}]}},"_links":{"self":[{"href":"https:\/\/ironsky.pl\/sklep\/wp-json\/wp\/v2\/product\/57506","targetHints":{"allow":["GET"]}}],"collection":[{"href":"https:\/\/ironsky.pl\/sklep\/wp-json\/wp\/v2\/product"}],"about":[{"href":"https:\/\/ironsky.pl\/sklep\/wp-json\/wp\/v2\/types\/product"}],"replies":[{"embeddable":true,"href":"https:\/\/ironsky.pl\/sklep\/wp-json\/wp\/v2\/comments?post=57506"}],"wp:featuredmedia":[{"embeddable":true,"href":"https:\/\/ironsky.pl\/sklep\/wp-json\/wp\/v2\/media\/57507"}],"wp:attachment":[{"href":"https:\/\/ironsky.pl\/sklep\/wp-json\/wp\/v2\/media?parent=57506"}],"wp:term":[{"taxonomy":"product_brand","embeddable":true,"href":"https:\/\/ironsky.pl\/sklep\/wp-json\/wp\/v2\/product_brand?post=57506"},{"taxonomy":"product_cat","embeddable":true,"href":"https:\/\/ironsky.pl\/sklep\/wp-json\/wp\/v2\/product_cat?post=57506"},{"taxonomy":"product_tag","embeddable":true,"href":"https:\/\/ironsky.pl\/sklep\/wp-json\/wp\/v2\/product_tag?post=57506"}],"curies":[{"name":"wp","href":"https:\/\/api.w.org\/{rel}","templated":true}]}}