{"id":57502,"date":"2026-04-15T10:26:33","date_gmt":"2026-04-15T08:26:33","guid":{"rendered":"https:\/\/ironsky.pl\/sklep\/produkt\/kabel-vention-ahcbh-hdmi-2-0-przedluzajacy-2m-czarny\/"},"modified":"2026-04-15T10:26:54","modified_gmt":"2026-04-15T08:26:54","slug":"kabel-vention-ahcbh-hdmi-2-0-przedluzajacy-2m-czarny","status":"publish","type":"product","link":"https:\/\/ironsky.pl\/sklep\/produkt\/kabel-vention-ahcbh-hdmi-2-0-przedluzajacy-2m-czarny\/","title":{"rendered":"Kabel VENTION AHCBH HDMI 2.0 przed\u0142u\u017caj\u0105cy 2m (czarny)"},"content":{"rendered":"<h3>Kabel przed\u0142u\u017caj\u0105cy HDMI Vention AHCBH 4K HD 2m<\/h3>\n<p><p>Kabel przed\u0142u\u017caj\u0105cy HDMI marki Vention pomo\u017ce Ci rozwi\u0105za\u0107 problem zbyt kr\u00f3tkich przewod\u00f3w. Obs\u0142uguje rozdzielczo\u015b\u0107 4K, dzi\u0119ki czemu mo\u017ce zapewni\u0107 wysokiej jako\u015bci obraz, a jego potr\u00f3jne ekranowanie gwarantuje niezr\u00f3wnan\u0105 stabilno\u015b\u0107 transmisji i odporno\u015b\u0107 na zak\u0142\u00f3cenia. Jego dodatkowym atutem jest solidne wykonanie \u2013 pow\u0142oka z PVC chroni go przed uszkodzeniami i pl\u0105taniem, a poz\u0142acane z\u0142\u0105cza s\u0105 odporne na korozj\u0119 i cechuj\u0105 si\u0119 d\u0142ug\u0105 \u017cywotno\u015bci\u0105. Co wi\u0119cej, kabel jest kompatybilny z wieloma popularnymi urz\u0105dzeniami takimi jak laptopy, komputery, telewizory, projektory i konsole do gier.<\/p>\n<\/p>\n<p><img decoding=\"async\" src=\"https:\/\/assets.innpro.pl\/1397\/1500\/2.jpg\" border=\"0\" alt=\"\"><\/p>\n<h3>\u015awietna jako\u015b\u0107 obrazu<\/h3>\n<p><p>Ulepszony standard HDMI 2.0 zapewnia rozdzielczo\u015b\u0107 4K, cz\u0119stotliwo\u015b\u0107 od\u015bwie\u017cania na poziomie 60 Hz oraz pasmo przenoszenia 18 Gbps. Dzi\u0119ki temu wy\u015bwietlane obrazy zaskocz\u0105 Ci\u0119 p\u0142ynno\u015bci\u0105 i bogactwem szczeg\u00f3\u0142\u00f3w. Kabel Vention obs\u0142uguje te\u017c technologi\u0119 HDR, kt\u00f3ra pozwala cieszy\u0107 si\u0119 wyrazist\u0105, pi\u0119kn\u0105 kolorystyk\u0105. Na uwag\u0119 zas\u0142uguje tak\u017ce wsparcie dla 3D. Teraz we w\u0142asnym pokoju poczujesz si\u0119 jak na sali kinowej!<\/p>\n<\/p>\n<p><img decoding=\"async\" src=\"https:\/\/assets.innpro.pl\/1397\/1500\/3.jpg\" border=\"0\" alt=\"\"><\/p>\n<div class=\"table-wrapper\">\n<p>&nbsp;<\/p>\n<h3><\/h3>\n<table>\n<tbody>\n<tr>\n<th>Producent<\/th>\n<td>Vention<\/td>\n<\/tr>\n<tr>\n<th>Model<\/th>\n<td>AHCBH<\/td>\n<\/tr>\n<tr>\n<th>Kolor<\/th>\n<td>Czarny<\/td>\n<\/tr>\n<tr>\n<th>Maks. rozdzielczo\u015b\u0107<\/th>\n<td>4K@60Hz<\/td>\n<\/tr>\n<tr>\n<th>Obs\u0142ugiwane technologie<\/th>\n<td>3D, HDR<\/td>\n<\/tr>\n<tr>\n<th>Materia\u0142<\/th>\n<td>PVC<\/td>\n<\/tr>\n<tr>\n<th>D\u0142ugo\u015b\u0107 kabla<\/th>\n<td>2 m<\/td>\n<\/tr>\n<\/tbody>\n<\/table>\n<\/div>\n","protected":false},"excerpt":{"rendered":"<p>Kabel przed\u0142u\u017caj\u0105cy HDMI Vention AHCBH 4K HD 2m Kabel przed\u0142u\u017caj\u0105cy HDMI marki Vention pomo\u017ce Ci rozwi\u0105za\u0107 problem zbyt kr\u00f3tkich przewod\u00f3w.<\/p>\n","protected":false},"featured_media":43826,"comment_status":"closed","ping_status":"open","template":"","meta":{"_acf_changed":false},"product_brand":[],"product_cat":[5929,5931,5933],"product_tag":[],"class_list":{"0":"post-57502","1":"product","2":"type-product","3":"status-publish","4":"has-post-thumbnail","6":"product_cat-akcesoria-it","7":"product_cat-kable","8":"product_cat-wideo","9":"pa_okres-gwarancji-5754","10":"pa_producent-vention","12":"first","13":"outofstock","14":"taxable","15":"shipping-taxable","16":"purchasable","17":"product-type-simple"},"acf":[],"yoast_head":"<!-- This site is optimized with the Yoast SEO plugin v27.2 - https:\/\/yoast.com\/product\/yoast-seo-wordpress\/ -->\n<title>Kabel VENTION AHCBH HDMI 2.0 przed\u0142u\u017caj\u0105cy 2m (czarny) - IRONSKY.PL Sklep z Dronami<\/title>\n<meta name=\"description\" content=\"Kabel VENTION AHCBH HDMI 2.0 przed\u0142u\u017caj\u0105cy 2m (czarny) - \u2705 sklep z dronami i fachowym doradztwem. \u2705 Tutaj kupisz produkty DJI, Yuneec, Parrot, Syma i wiele innych, a tak\u017ce kursy i licencje na operatora drona.\" \/>\n<meta name=\"robots\" content=\"index, follow, max-snippet:-1, max-image-preview:large, max-video-preview:-1\" \/>\n<link rel=\"canonical\" href=\"https:\/\/ironsky.pl\/sklep\/produkt\/kabel-vention-ahcbh-hdmi-2-0-przedluzajacy-2m-czarny\/\" \/>\n<meta property=\"og:locale\" content=\"pl_PL\" \/>\n<meta property=\"og:type\" content=\"article\" \/>\n<meta property=\"og:title\" content=\"Kabel VENTION AHCBH HDMI 2.0 przed\u0142u\u017caj\u0105cy 2m (czarny) - IRONSKY.PL Sklep z Dronami\" \/>\n<meta property=\"og:description\" content=\"Kabel VENTION AHCBH HDMI 2.0 przed\u0142u\u017caj\u0105cy 2m (czarny) - \u2705 sklep z dronami i fachowym doradztwem. \u2705 Tutaj kupisz produkty DJI, Yuneec, Parrot, Syma i wiele innych, a tak\u017ce kursy i licencje na operatora drona.\" \/>\n<meta property=\"og:url\" content=\"https:\/\/ironsky.pl\/sklep\/produkt\/kabel-vention-ahcbh-hdmi-2-0-przedluzajacy-2m-czarny\/\" \/>\n<meta property=\"og:site_name\" content=\"IRONSKY.PL Sklep z Dronami\" \/>\n<meta property=\"article:modified_time\" content=\"2026-04-15T08:26:54+00:00\" \/>\n<meta property=\"og:image\" content=\"https:\/\/ironsky.pl\/sklep\/wp-content\/uploads\/2025\/06\/35101_1.jpg\" \/>\n\t<meta property=\"og:image:width\" content=\"800\" \/>\n\t<meta property=\"og:image:height\" content=\"800\" \/>\n\t<meta property=\"og:image:type\" content=\"image\/jpeg\" \/>\n<meta name=\"twitter:card\" content=\"summary_large_image\" \/>\n<meta name=\"twitter:label1\" content=\"Szacowany czas czytania\" \/>\n\t<meta name=\"twitter:data1\" content=\"1 minuta\" \/>\n<script type=\"application\/ld+json\" class=\"yoast-schema-graph\">{\"@context\":\"https:\/\/schema.org\",\"@graph\":[{\"@type\":\"WebPage\",\"@id\":\"https:\/\/ironsky.pl\/sklep\/produkt\/kabel-vention-ahcbh-hdmi-2-0-przedluzajacy-2m-czarny\/\",\"url\":\"https:\/\/ironsky.pl\/sklep\/produkt\/kabel-vention-ahcbh-hdmi-2-0-przedluzajacy-2m-czarny\/\",\"name\":\"Kabel VENTION AHCBH HDMI 2.0 przed\u0142u\u017caj\u0105cy 2m (czarny) - IRONSKY.PL Sklep z Dronami\",\"isPartOf\":{\"@id\":\"https:\/\/ironsky.pl\/sklep\/#website\"},\"primaryImageOfPage\":{\"@id\":\"https:\/\/ironsky.pl\/sklep\/produkt\/kabel-vention-ahcbh-hdmi-2-0-przedluzajacy-2m-czarny\/#primaryimage\"},\"image\":{\"@id\":\"https:\/\/ironsky.pl\/sklep\/produkt\/kabel-vention-ahcbh-hdmi-2-0-przedluzajacy-2m-czarny\/#primaryimage\"},\"thumbnailUrl\":\"https:\/\/ironsky.pl\/sklep\/wp-content\/uploads\/2025\/06\/35101_1.jpg\",\"datePublished\":\"2026-04-15T08:26:33+00:00\",\"dateModified\":\"2026-04-15T08:26:54+00:00\",\"description\":\"Kabel VENTION AHCBH HDMI 2.0 przed\u0142u\u017caj\u0105cy 2m (czarny) - \u2705 sklep z dronami i fachowym doradztwem. \u2705 Tutaj kupisz produkty DJI, Yuneec, Parrot, Syma i wiele innych, a tak\u017ce kursy i licencje na operatora drona.\",\"breadcrumb\":{\"@id\":\"https:\/\/ironsky.pl\/sklep\/produkt\/kabel-vention-ahcbh-hdmi-2-0-przedluzajacy-2m-czarny\/#breadcrumb\"},\"inLanguage\":\"pl-PL\",\"potentialAction\":[{\"@type\":\"ReadAction\",\"target\":[\"https:\/\/ironsky.pl\/sklep\/produkt\/kabel-vention-ahcbh-hdmi-2-0-przedluzajacy-2m-czarny\/\"]}]},{\"@type\":\"ImageObject\",\"inLanguage\":\"pl-PL\",\"@id\":\"https:\/\/ironsky.pl\/sklep\/produkt\/kabel-vention-ahcbh-hdmi-2-0-przedluzajacy-2m-czarny\/#primaryimage\",\"url\":\"https:\/\/ironsky.pl\/sklep\/wp-content\/uploads\/2025\/06\/35101_1.jpg\",\"contentUrl\":\"https:\/\/ironsky.pl\/sklep\/wp-content\/uploads\/2025\/06\/35101_1.jpg\",\"width\":800,\"height\":800},{\"@type\":\"BreadcrumbList\",\"@id\":\"https:\/\/ironsky.pl\/sklep\/produkt\/kabel-vention-ahcbh-hdmi-2-0-przedluzajacy-2m-czarny\/#breadcrumb\",\"itemListElement\":[{\"@type\":\"ListItem\",\"position\":1,\"name\":\"Strona g\u0142\u00f3wna\",\"item\":\"https:\/\/ironsky.pl\/sklep\/\"},{\"@type\":\"ListItem\",\"position\":2,\"name\":\"Wszystkie produkty\",\"item\":\"https:\/\/ironsky.pl\/sklep\/produkty\/\"},{\"@type\":\"ListItem\",\"position\":3,\"name\":\"Kabel VENTION AHCBH HDMI 2.0 przed\u0142u\u017caj\u0105cy 2m (czarny)\"}]},{\"@type\":\"WebSite\",\"@id\":\"https:\/\/ironsky.pl\/sklep\/#website\",\"url\":\"https:\/\/ironsky.pl\/sklep\/\",\"name\":\"IRONSKY.PL Sklep z Dronami\",\"description\":\"IRONSKY.PL Sklep z Dronami\",\"potentialAction\":[{\"@type\":\"SearchAction\",\"target\":{\"@type\":\"EntryPoint\",\"urlTemplate\":\"https:\/\/ironsky.pl\/sklep\/?s={search_term_string}\"},\"query-input\":{\"@type\":\"PropertyValueSpecification\",\"valueRequired\":true,\"valueName\":\"search_term_string\"}}],\"inLanguage\":\"pl-PL\"}]}<\/script>\n<!-- \/ Yoast SEO plugin. -->","yoast_head_json":{"title":"Kabel VENTION AHCBH HDMI 2.0 przed\u0142u\u017caj\u0105cy 2m (czarny) - IRONSKY.PL Sklep z Dronami","description":"Kabel VENTION AHCBH HDMI 2.0 przed\u0142u\u017caj\u0105cy 2m (czarny) - \u2705 sklep z dronami i fachowym doradztwem. \u2705 Tutaj kupisz produkty DJI, Yuneec, Parrot, Syma i wiele innych, a tak\u017ce kursy i licencje na operatora drona.","robots":{"index":"index","follow":"follow","max-snippet":"max-snippet:-1","max-image-preview":"max-image-preview:large","max-video-preview":"max-video-preview:-1"},"canonical":"https:\/\/ironsky.pl\/sklep\/produkt\/kabel-vention-ahcbh-hdmi-2-0-przedluzajacy-2m-czarny\/","og_locale":"pl_PL","og_type":"article","og_title":"Kabel VENTION AHCBH HDMI 2.0 przed\u0142u\u017caj\u0105cy 2m (czarny) - IRONSKY.PL Sklep z Dronami","og_description":"Kabel VENTION AHCBH HDMI 2.0 przed\u0142u\u017caj\u0105cy 2m (czarny) - \u2705 sklep z dronami i fachowym doradztwem. \u2705 Tutaj kupisz produkty DJI, Yuneec, Parrot, Syma i wiele innych, a tak\u017ce kursy i licencje na operatora drona.","og_url":"https:\/\/ironsky.pl\/sklep\/produkt\/kabel-vention-ahcbh-hdmi-2-0-przedluzajacy-2m-czarny\/","og_site_name":"IRONSKY.PL Sklep z Dronami","article_modified_time":"2026-04-15T08:26:54+00:00","og_image":[{"width":800,"height":800,"url":"https:\/\/ironsky.pl\/sklep\/wp-content\/uploads\/2025\/06\/35101_1.jpg","type":"image\/jpeg"}],"twitter_card":"summary_large_image","twitter_misc":{"Szacowany czas czytania":"1 minuta"},"schema":{"@context":"https:\/\/schema.org","@graph":[{"@type":"WebPage","@id":"https:\/\/ironsky.pl\/sklep\/produkt\/kabel-vention-ahcbh-hdmi-2-0-przedluzajacy-2m-czarny\/","url":"https:\/\/ironsky.pl\/sklep\/produkt\/kabel-vention-ahcbh-hdmi-2-0-przedluzajacy-2m-czarny\/","name":"Kabel VENTION AHCBH HDMI 2.0 przed\u0142u\u017caj\u0105cy 2m (czarny) - IRONSKY.PL Sklep z Dronami","isPartOf":{"@id":"https:\/\/ironsky.pl\/sklep\/#website"},"primaryImageOfPage":{"@id":"https:\/\/ironsky.pl\/sklep\/produkt\/kabel-vention-ahcbh-hdmi-2-0-przedluzajacy-2m-czarny\/#primaryimage"},"image":{"@id":"https:\/\/ironsky.pl\/sklep\/produkt\/kabel-vention-ahcbh-hdmi-2-0-przedluzajacy-2m-czarny\/#primaryimage"},"thumbnailUrl":"https:\/\/ironsky.pl\/sklep\/wp-content\/uploads\/2025\/06\/35101_1.jpg","datePublished":"2026-04-15T08:26:33+00:00","dateModified":"2026-04-15T08:26:54+00:00","description":"Kabel VENTION AHCBH HDMI 2.0 przed\u0142u\u017caj\u0105cy 2m (czarny) - \u2705 sklep z dronami i fachowym doradztwem. \u2705 Tutaj kupisz produkty DJI, Yuneec, Parrot, Syma i wiele innych, a tak\u017ce kursy i licencje na operatora drona.","breadcrumb":{"@id":"https:\/\/ironsky.pl\/sklep\/produkt\/kabel-vention-ahcbh-hdmi-2-0-przedluzajacy-2m-czarny\/#breadcrumb"},"inLanguage":"pl-PL","potentialAction":[{"@type":"ReadAction","target":["https:\/\/ironsky.pl\/sklep\/produkt\/kabel-vention-ahcbh-hdmi-2-0-przedluzajacy-2m-czarny\/"]}]},{"@type":"ImageObject","inLanguage":"pl-PL","@id":"https:\/\/ironsky.pl\/sklep\/produkt\/kabel-vention-ahcbh-hdmi-2-0-przedluzajacy-2m-czarny\/#primaryimage","url":"https:\/\/ironsky.pl\/sklep\/wp-content\/uploads\/2025\/06\/35101_1.jpg","contentUrl":"https:\/\/ironsky.pl\/sklep\/wp-content\/uploads\/2025\/06\/35101_1.jpg","width":800,"height":800},{"@type":"BreadcrumbList","@id":"https:\/\/ironsky.pl\/sklep\/produkt\/kabel-vention-ahcbh-hdmi-2-0-przedluzajacy-2m-czarny\/#breadcrumb","itemListElement":[{"@type":"ListItem","position":1,"name":"Strona g\u0142\u00f3wna","item":"https:\/\/ironsky.pl\/sklep\/"},{"@type":"ListItem","position":2,"name":"Wszystkie produkty","item":"https:\/\/ironsky.pl\/sklep\/produkty\/"},{"@type":"ListItem","position":3,"name":"Kabel VENTION AHCBH HDMI 2.0 przed\u0142u\u017caj\u0105cy 2m (czarny)"}]},{"@type":"WebSite","@id":"https:\/\/ironsky.pl\/sklep\/#website","url":"https:\/\/ironsky.pl\/sklep\/","name":"IRONSKY.PL Sklep z Dronami","description":"IRONSKY.PL Sklep z Dronami","potentialAction":[{"@type":"SearchAction","target":{"@type":"EntryPoint","urlTemplate":"https:\/\/ironsky.pl\/sklep\/?s={search_term_string}"},"query-input":{"@type":"PropertyValueSpecification","valueRequired":true,"valueName":"search_term_string"}}],"inLanguage":"pl-PL"}]}},"_links":{"self":[{"href":"https:\/\/ironsky.pl\/sklep\/wp-json\/wp\/v2\/product\/57502","targetHints":{"allow":["GET"]}}],"collection":[{"href":"https:\/\/ironsky.pl\/sklep\/wp-json\/wp\/v2\/product"}],"about":[{"href":"https:\/\/ironsky.pl\/sklep\/wp-json\/wp\/v2\/types\/product"}],"replies":[{"embeddable":true,"href":"https:\/\/ironsky.pl\/sklep\/wp-json\/wp\/v2\/comments?post=57502"}],"wp:featuredmedia":[{"embeddable":true,"href":"https:\/\/ironsky.pl\/sklep\/wp-json\/wp\/v2\/media\/43826"}],"wp:attachment":[{"href":"https:\/\/ironsky.pl\/sklep\/wp-json\/wp\/v2\/media?parent=57502"}],"wp:term":[{"taxonomy":"product_brand","embeddable":true,"href":"https:\/\/ironsky.pl\/sklep\/wp-json\/wp\/v2\/product_brand?post=57502"},{"taxonomy":"product_cat","embeddable":true,"href":"https:\/\/ironsky.pl\/sklep\/wp-json\/wp\/v2\/product_cat?post=57502"},{"taxonomy":"product_tag","embeddable":true,"href":"https:\/\/ironsky.pl\/sklep\/wp-json\/wp\/v2\/product_tag?post=57502"}],"curies":[{"name":"wp","href":"https:\/\/api.w.org\/{rel}","templated":true}]}}