{"id":57482,"date":"2026-04-15T10:26:33","date_gmt":"2026-04-15T08:26:33","guid":{"rendered":"https:\/\/ironsky.pl\/sklep\/produkt\/statyw-pgytech-p-gm-218-do-kamer-sportowych-czarny\/"},"modified":"2026-04-15T10:26:39","modified_gmt":"2026-04-15T08:26:39","slug":"statyw-pgytech-p-gm-218-do-kamer-sportowych-czarny","status":"publish","type":"product","link":"https:\/\/ironsky.pl\/sklep\/produkt\/statyw-pgytech-p-gm-218-do-kamer-sportowych-czarny\/","title":{"rendered":"Statyw PGYTECH P-GM-218 do kamer sportowych (czarny)"},"content":{"rendered":"<h3>Profesjonalny statyw PGYTECH do kamer sportowych (czarny)<\/h3>\n<p>Statyw PGYTECH to niezb\u0119dny dodatek dla ka\u017cdego, kto chce podnie\u015b\u0107 jako\u015b\u0107 swoich zdj\u0119\u0107 i nagra\u0144. \u015awietnie sprawdzi si\u0119 nie tylko do tworzenia wyj\u0105tkowych uj\u0119\u0107, ale i komfortowego robienia grupowych selfie. Lekka, kompaktowa konstrukcja sprawi, \u017ce mo\u017cesz zabra\u0107 go ze sob\u0105 w ka\u017cd\u0105 podr\u00f3\u017c, a dzi\u0119ki adapterowi typu Cold Shoe z \u0142atwo\u015bci\u0105 zamontujesz dodatkowe akcesoria. Jest kompatybilny z wieloma popularnymi kamerami sportowymi, aparatami czy nawet smartfonami (wymagany jest uchwyt do smartfon\u00f3w, brak w zestawie).<\/p>\n<p><img decoding=\"async\" src=\"https:\/\/b2b.innpro.pl\/data\/include\/cms\/PGYTECH\/P-GM-218\/3.jpg\" alt=\"PGYTECH\/P-GM-218\/3\"><\/p>\n<h3>Selfie stick i statyw w jednym<\/h3>\n<p>Potrzebujesz uchwyci\u0107 wi\u0119ksz\u0105 grup\u0119 os\u00f3b? Nie ma problemu \u2013 statyw w mgnieniu oka zamienisz w praktyczny selfie stick! Mo\u017cesz go roz\u0142o\u017cy\u0107 a\u017c do 47 cm, dzi\u0119ki czemu bez problemu zmie\u015bcisz wszystkie osoby na jednym kadrze. Natomiast po z\u0142o\u017ceniu selfie stick nie zajmie wiele miejsca w Twoim plecaku \u2013 jego d\u0142ugo\u015b\u0107 to tylko 18 cm. Co wi\u0119cej, g\u0142owica kulowa pozwala na regulacj\u0119 k\u0105ta nachylenia w zakresie 145\u00b0, dzi\u0119ki czemu mo\u017cesz eksperymentowa\u0107 z r\u00f3\u017cnymi perspektywami i tworzy\u0107 bardziej kreatywne uj\u0119cia! <\/p>\n<p><img decoding=\"async\" src=\"https:\/\/b2b.innpro.pl\/data\/include\/cms\/PGYTECH\/P-GM-218\/1.jpg\" alt=\"PGYTECH\/P-GM-218\/1\"><\/p>\n<h3>Lekka, przeno\u015bna konstrukcja<\/h3>\n<p>Wybierasz si\u0119 na wakacje? A mo\u017ce czeka Ci\u0119 g\u00f3rska wyprawa z przyjaci\u00f3\u0142mi? Zabierz ze sob\u0105 statyw i uchwy\u0107 wyj\u0105tkowe chwile na d\u0142u\u017cej! Statyw wyr\u00f3\u017cnia si\u0119 lekk\u0105, kompaktow\u0105 konstrukcj\u0105 \u2013 jego waga to zaledwie 274 g. Wyposa\u017cono go w magnetyczne n\u00f3\u017cki, kt\u00f3re pozwol\u0105 Ci szybko i \u0142atwo z\u0142o\u017cy\u0107 go do niewielkich rozmiar\u00f3w, co jest niezwykle przydatne podczas podr\u00f3\u017cy. Antypo\u015blizgowa r\u0119koje\u015b\u0107 zapewnia pewny chwyt podczas nagrywania.<\/p>\n<p><img decoding=\"async\" src=\"https:\/\/b2b.innpro.pl\/data\/include\/cms\/PGYTECH\/P-GM-218\/4.jpg\" alt=\"PGYTECH\/P-GM-218\/4\"><\/p>\n<h3>Wiele mo\u017cliwo\u015bci<\/h3>\n<p>Statyw PGYTECH wyposa\u017cono w mocowanie typu Cold Shoe, kt\u00f3re umo\u017cliwia monta\u017c r\u00f3\u017cnorodnych akcesori\u00f3w, takich jak mikrofon czy dodatkowe o\u015bwietlenie. Gwint \u00bc\u201d zapewnia szerok\u0105 kompatybilno\u015bci\u0105, dzi\u0119ki czemu z powodzeniem przymocujesz do niego popularne kamery sportowe \u2013 maksymalne obci\u0105\u017cenie statywu do a\u017c 1 kg. Ponadto akcesorium posiada podw\u00f3jny mechanizm blokowania, kt\u00f3ry zapewnia nie tylko stabilno\u015b\u0107, ale tak\u017ce bezpiecze\u0144stwo Twojego sprz\u0119tu. <\/p>\n<p><img decoding=\"async\" src=\"https:\/\/b2b.innpro.pl\/data\/include\/cms\/PGYTECH\/P-GM-218\/5.jpg\" alt=\"PGYTECH\/P-GM-218\/5\"><\/p>\n<h3>W zestawie<\/h3>\n<ul>\n<li>statyw<\/li>\n<li>adapter do kamer sportowych<\/li>\n<li>adapter \u00bc\u201d <\/li>\n<li>\u015bruba<\/li>\n<li>klucz imbusowy<\/li>\n<\/ul>\n<div class=\"table-wrapper\">\n<table>\n<tbody>\n<tr>\n<th>Producent<\/th>\n<td>PGYTECH<\/td>\n<\/tr>\n<tr>\n<th>Model<\/th>\n<td>P-GM-218<\/td>\n<\/tr>\n<tr>\n<th>Kolor<\/th>\n<td>Czarny<\/td>\n<\/tr>\n<tr>\n<th>Materia\u0142<\/th>\n<td>Stop aluminium + PA + GF + TPR<\/td>\n<\/tr>\n<tr>\n<th>Waga<\/th>\n<td>274 g<\/td>\n<\/tr>\n<tr>\n<th>Wymiary<\/th>\n<td>180 x 31 x 55 mm<\/td>\n<\/tr>\n<tr>\n<th>Maksymalne obci\u0105\u017cenie <\/th>\n<td>1 kg<\/td>\n<\/tr>\n<\/tbody>\n<\/table>\n<\/div>\n","protected":false},"excerpt":{"rendered":"<p>Profesjonalny statyw PGYTECH do kamer sportowych (czarny) Statyw PGYTECH to niezb\u0119dny dodatek dla ka\u017cdego, kto chce podnie\u015b\u0107 jako\u015b\u0107 swoich zdj\u0119\u0107<\/p>\n","protected":false},"featured_media":57483,"comment_status":"closed","ping_status":"open","template":"","meta":{"_acf_changed":false},"product_brand":[],"product_cat":[1128,6178,6176,6177,1138,6179],"product_tag":[],"class_list":{"0":"post-57482","1":"product","2":"type-product","3":"status-publish","4":"has-post-thumbnail","6":"product_cat-foto-wideo","7":"product_cat-mocowania","8":"product_cat-selfie-stiki","9":"product_cat-statywy-selfie-stiki","10":"product_cat-wysiegniki","11":"product_cat-wysiegniki-i-uchwyty-selfie","12":"pa_okres-gwarancji-5754","13":"pa_producent-pgytech","15":"first","16":"outofstock","17":"taxable","18":"shipping-taxable","19":"purchasable","20":"product-type-simple"},"acf":[],"yoast_head":"<!-- This site is optimized with the Yoast SEO plugin v27.2 - https:\/\/yoast.com\/product\/yoast-seo-wordpress\/ -->\n<title>Statyw PGYTECH P-GM-218 do kamer sportowych (czarny) - IRONSKY.PL Sklep z Dronami<\/title>\n<meta name=\"description\" content=\"Statyw PGYTECH P-GM-218 do kamer sportowych (czarny) - \u2705 sklep z dronami i fachowym doradztwem. \u2705 Tutaj kupisz produkty DJI, Yuneec, Parrot, Syma i wiele innych, a tak\u017ce kursy i licencje na operatora drona.\" \/>\n<meta name=\"robots\" content=\"index, follow, max-snippet:-1, max-image-preview:large, max-video-preview:-1\" \/>\n<link rel=\"canonical\" href=\"https:\/\/ironsky.pl\/sklep\/produkt\/statyw-pgytech-p-gm-218-do-kamer-sportowych-czarny\/\" \/>\n<meta property=\"og:locale\" content=\"pl_PL\" \/>\n<meta property=\"og:type\" content=\"article\" \/>\n<meta property=\"og:title\" content=\"Statyw PGYTECH P-GM-218 do kamer sportowych (czarny) - IRONSKY.PL Sklep z Dronami\" \/>\n<meta property=\"og:description\" content=\"Statyw PGYTECH P-GM-218 do kamer sportowych (czarny) - \u2705 sklep z dronami i fachowym doradztwem. \u2705 Tutaj kupisz produkty DJI, Yuneec, Parrot, Syma i wiele innych, a tak\u017ce kursy i licencje na operatora drona.\" \/>\n<meta property=\"og:url\" content=\"https:\/\/ironsky.pl\/sklep\/produkt\/statyw-pgytech-p-gm-218-do-kamer-sportowych-czarny\/\" \/>\n<meta property=\"og:site_name\" content=\"IRONSKY.PL Sklep z Dronami\" \/>\n<meta property=\"article:modified_time\" content=\"2026-04-15T08:26:39+00:00\" \/>\n<meta property=\"og:image\" content=\"https:\/\/ironsky.pl\/sklep\/wp-content\/uploads\/2026\/04\/34775_1.jpg\" \/>\n\t<meta property=\"og:image:width\" content=\"800\" \/>\n\t<meta property=\"og:image:height\" content=\"801\" \/>\n\t<meta property=\"og:image:type\" content=\"image\/jpeg\" \/>\n<meta name=\"twitter:card\" content=\"summary_large_image\" \/>\n<meta name=\"twitter:label1\" content=\"Szacowany czas czytania\" \/>\n\t<meta name=\"twitter:data1\" content=\"2 minuty\" \/>\n<script type=\"application\/ld+json\" class=\"yoast-schema-graph\">{\"@context\":\"https:\/\/schema.org\",\"@graph\":[{\"@type\":\"WebPage\",\"@id\":\"https:\/\/ironsky.pl\/sklep\/produkt\/statyw-pgytech-p-gm-218-do-kamer-sportowych-czarny\/\",\"url\":\"https:\/\/ironsky.pl\/sklep\/produkt\/statyw-pgytech-p-gm-218-do-kamer-sportowych-czarny\/\",\"name\":\"Statyw PGYTECH P-GM-218 do kamer sportowych (czarny) - IRONSKY.PL Sklep z Dronami\",\"isPartOf\":{\"@id\":\"https:\/\/ironsky.pl\/sklep\/#website\"},\"primaryImageOfPage\":{\"@id\":\"https:\/\/ironsky.pl\/sklep\/produkt\/statyw-pgytech-p-gm-218-do-kamer-sportowych-czarny\/#primaryimage\"},\"image\":{\"@id\":\"https:\/\/ironsky.pl\/sklep\/produkt\/statyw-pgytech-p-gm-218-do-kamer-sportowych-czarny\/#primaryimage\"},\"thumbnailUrl\":\"https:\/\/ironsky.pl\/sklep\/wp-content\/uploads\/2026\/04\/34775_1.jpg\",\"datePublished\":\"2026-04-15T08:26:33+00:00\",\"dateModified\":\"2026-04-15T08:26:39+00:00\",\"description\":\"Statyw PGYTECH P-GM-218 do kamer sportowych (czarny) - \u2705 sklep z dronami i fachowym doradztwem. \u2705 Tutaj kupisz produkty DJI, Yuneec, Parrot, Syma i wiele innych, a tak\u017ce kursy i licencje na operatora drona.\",\"breadcrumb\":{\"@id\":\"https:\/\/ironsky.pl\/sklep\/produkt\/statyw-pgytech-p-gm-218-do-kamer-sportowych-czarny\/#breadcrumb\"},\"inLanguage\":\"pl-PL\",\"potentialAction\":[{\"@type\":\"ReadAction\",\"target\":[\"https:\/\/ironsky.pl\/sklep\/produkt\/statyw-pgytech-p-gm-218-do-kamer-sportowych-czarny\/\"]}]},{\"@type\":\"ImageObject\",\"inLanguage\":\"pl-PL\",\"@id\":\"https:\/\/ironsky.pl\/sklep\/produkt\/statyw-pgytech-p-gm-218-do-kamer-sportowych-czarny\/#primaryimage\",\"url\":\"https:\/\/ironsky.pl\/sklep\/wp-content\/uploads\/2026\/04\/34775_1.jpg\",\"contentUrl\":\"https:\/\/ironsky.pl\/sklep\/wp-content\/uploads\/2026\/04\/34775_1.jpg\",\"width\":800,\"height\":801},{\"@type\":\"BreadcrumbList\",\"@id\":\"https:\/\/ironsky.pl\/sklep\/produkt\/statyw-pgytech-p-gm-218-do-kamer-sportowych-czarny\/#breadcrumb\",\"itemListElement\":[{\"@type\":\"ListItem\",\"position\":1,\"name\":\"Strona g\u0142\u00f3wna\",\"item\":\"https:\/\/ironsky.pl\/sklep\/\"},{\"@type\":\"ListItem\",\"position\":2,\"name\":\"Wszystkie produkty\",\"item\":\"https:\/\/ironsky.pl\/sklep\/produkty\/\"},{\"@type\":\"ListItem\",\"position\":3,\"name\":\"Statyw PGYTECH P-GM-218 do kamer sportowych (czarny)\"}]},{\"@type\":\"WebSite\",\"@id\":\"https:\/\/ironsky.pl\/sklep\/#website\",\"url\":\"https:\/\/ironsky.pl\/sklep\/\",\"name\":\"IRONSKY.PL Sklep z Dronami\",\"description\":\"IRONSKY.PL Sklep z Dronami\",\"potentialAction\":[{\"@type\":\"SearchAction\",\"target\":{\"@type\":\"EntryPoint\",\"urlTemplate\":\"https:\/\/ironsky.pl\/sklep\/?s={search_term_string}\"},\"query-input\":{\"@type\":\"PropertyValueSpecification\",\"valueRequired\":true,\"valueName\":\"search_term_string\"}}],\"inLanguage\":\"pl-PL\"}]}<\/script>\n<!-- \/ Yoast SEO plugin. -->","yoast_head_json":{"title":"Statyw PGYTECH P-GM-218 do kamer sportowych (czarny) - IRONSKY.PL Sklep z Dronami","description":"Statyw PGYTECH P-GM-218 do kamer sportowych (czarny) - \u2705 sklep z dronami i fachowym doradztwem. \u2705 Tutaj kupisz produkty DJI, Yuneec, Parrot, Syma i wiele innych, a tak\u017ce kursy i licencje na operatora drona.","robots":{"index":"index","follow":"follow","max-snippet":"max-snippet:-1","max-image-preview":"max-image-preview:large","max-video-preview":"max-video-preview:-1"},"canonical":"https:\/\/ironsky.pl\/sklep\/produkt\/statyw-pgytech-p-gm-218-do-kamer-sportowych-czarny\/","og_locale":"pl_PL","og_type":"article","og_title":"Statyw PGYTECH P-GM-218 do kamer sportowych (czarny) - IRONSKY.PL Sklep z Dronami","og_description":"Statyw PGYTECH P-GM-218 do kamer sportowych (czarny) - \u2705 sklep z dronami i fachowym doradztwem. \u2705 Tutaj kupisz produkty DJI, Yuneec, Parrot, Syma i wiele innych, a tak\u017ce kursy i licencje na operatora drona.","og_url":"https:\/\/ironsky.pl\/sklep\/produkt\/statyw-pgytech-p-gm-218-do-kamer-sportowych-czarny\/","og_site_name":"IRONSKY.PL Sklep z Dronami","article_modified_time":"2026-04-15T08:26:39+00:00","og_image":[{"width":800,"height":801,"url":"https:\/\/ironsky.pl\/sklep\/wp-content\/uploads\/2026\/04\/34775_1.jpg","type":"image\/jpeg"}],"twitter_card":"summary_large_image","twitter_misc":{"Szacowany czas czytania":"2 minuty"},"schema":{"@context":"https:\/\/schema.org","@graph":[{"@type":"WebPage","@id":"https:\/\/ironsky.pl\/sklep\/produkt\/statyw-pgytech-p-gm-218-do-kamer-sportowych-czarny\/","url":"https:\/\/ironsky.pl\/sklep\/produkt\/statyw-pgytech-p-gm-218-do-kamer-sportowych-czarny\/","name":"Statyw PGYTECH P-GM-218 do kamer sportowych (czarny) - IRONSKY.PL Sklep z Dronami","isPartOf":{"@id":"https:\/\/ironsky.pl\/sklep\/#website"},"primaryImageOfPage":{"@id":"https:\/\/ironsky.pl\/sklep\/produkt\/statyw-pgytech-p-gm-218-do-kamer-sportowych-czarny\/#primaryimage"},"image":{"@id":"https:\/\/ironsky.pl\/sklep\/produkt\/statyw-pgytech-p-gm-218-do-kamer-sportowych-czarny\/#primaryimage"},"thumbnailUrl":"https:\/\/ironsky.pl\/sklep\/wp-content\/uploads\/2026\/04\/34775_1.jpg","datePublished":"2026-04-15T08:26:33+00:00","dateModified":"2026-04-15T08:26:39+00:00","description":"Statyw PGYTECH P-GM-218 do kamer sportowych (czarny) - \u2705 sklep z dronami i fachowym doradztwem. \u2705 Tutaj kupisz produkty DJI, Yuneec, Parrot, Syma i wiele innych, a tak\u017ce kursy i licencje na operatora drona.","breadcrumb":{"@id":"https:\/\/ironsky.pl\/sklep\/produkt\/statyw-pgytech-p-gm-218-do-kamer-sportowych-czarny\/#breadcrumb"},"inLanguage":"pl-PL","potentialAction":[{"@type":"ReadAction","target":["https:\/\/ironsky.pl\/sklep\/produkt\/statyw-pgytech-p-gm-218-do-kamer-sportowych-czarny\/"]}]},{"@type":"ImageObject","inLanguage":"pl-PL","@id":"https:\/\/ironsky.pl\/sklep\/produkt\/statyw-pgytech-p-gm-218-do-kamer-sportowych-czarny\/#primaryimage","url":"https:\/\/ironsky.pl\/sklep\/wp-content\/uploads\/2026\/04\/34775_1.jpg","contentUrl":"https:\/\/ironsky.pl\/sklep\/wp-content\/uploads\/2026\/04\/34775_1.jpg","width":800,"height":801},{"@type":"BreadcrumbList","@id":"https:\/\/ironsky.pl\/sklep\/produkt\/statyw-pgytech-p-gm-218-do-kamer-sportowych-czarny\/#breadcrumb","itemListElement":[{"@type":"ListItem","position":1,"name":"Strona g\u0142\u00f3wna","item":"https:\/\/ironsky.pl\/sklep\/"},{"@type":"ListItem","position":2,"name":"Wszystkie produkty","item":"https:\/\/ironsky.pl\/sklep\/produkty\/"},{"@type":"ListItem","position":3,"name":"Statyw PGYTECH P-GM-218 do kamer sportowych (czarny)"}]},{"@type":"WebSite","@id":"https:\/\/ironsky.pl\/sklep\/#website","url":"https:\/\/ironsky.pl\/sklep\/","name":"IRONSKY.PL Sklep z Dronami","description":"IRONSKY.PL Sklep z Dronami","potentialAction":[{"@type":"SearchAction","target":{"@type":"EntryPoint","urlTemplate":"https:\/\/ironsky.pl\/sklep\/?s={search_term_string}"},"query-input":{"@type":"PropertyValueSpecification","valueRequired":true,"valueName":"search_term_string"}}],"inLanguage":"pl-PL"}]}},"_links":{"self":[{"href":"https:\/\/ironsky.pl\/sklep\/wp-json\/wp\/v2\/product\/57482","targetHints":{"allow":["GET"]}}],"collection":[{"href":"https:\/\/ironsky.pl\/sklep\/wp-json\/wp\/v2\/product"}],"about":[{"href":"https:\/\/ironsky.pl\/sklep\/wp-json\/wp\/v2\/types\/product"}],"replies":[{"embeddable":true,"href":"https:\/\/ironsky.pl\/sklep\/wp-json\/wp\/v2\/comments?post=57482"}],"wp:featuredmedia":[{"embeddable":true,"href":"https:\/\/ironsky.pl\/sklep\/wp-json\/wp\/v2\/media\/57483"}],"wp:attachment":[{"href":"https:\/\/ironsky.pl\/sklep\/wp-json\/wp\/v2\/media?parent=57482"}],"wp:term":[{"taxonomy":"product_brand","embeddable":true,"href":"https:\/\/ironsky.pl\/sklep\/wp-json\/wp\/v2\/product_brand?post=57482"},{"taxonomy":"product_cat","embeddable":true,"href":"https:\/\/ironsky.pl\/sklep\/wp-json\/wp\/v2\/product_cat?post=57482"},{"taxonomy":"product_tag","embeddable":true,"href":"https:\/\/ironsky.pl\/sklep\/wp-json\/wp\/v2\/product_tag?post=57482"}],"curies":[{"name":"wp","href":"https:\/\/api.w.org\/{rel}","templated":true}]}}