{"id":57480,"date":"2026-04-15T10:26:33","date_gmt":"2026-04-15T08:26:33","guid":{"rendered":"https:\/\/ironsky.pl\/sklep\/produkt\/zestaw-szybkiego-montazu-pgytech-p-cg-141-gwint-1-4\/"},"modified":"2026-04-15T10:26:38","modified_gmt":"2026-04-15T08:26:38","slug":"zestaw-szybkiego-montazu-pgytech-p-cg-141-gwint-1-4","status":"publish","type":"product","link":"https:\/\/ironsky.pl\/sklep\/produkt\/zestaw-szybkiego-montazu-pgytech-p-cg-141-gwint-1-4\/","title":{"rendered":"Zestaw szybkiego monta\u017cu PGYTECH P-CG-141 gwint 1\/4"},"content":{"rendered":"<h3>Zestaw szybkiego monta\u017cu PGYTECH do kamer sportowych (P-CG-141)<\/h3>\n<p>Zestaw szybkiego monta\u017cu PGYTECH sprawi, \u017ce w kilka chwil przygotujesz swoj\u0105 kamer\u0119 do nagrywania lub robienia zachwycaj\u0105cych zdj\u0119\u0107. Podw\u00f3jny mechanizm blokuj\u0105cy gwarantuje pewne mocowanie, nawet podczas dynamicznych ruch\u00f3w, a kompaktowa i przeno\u015bna konstrukcja sprawia, \u017ce mo\u017cesz mie\u0107 go zawsze przy sobie. Dzi\u0119ki interfejsowi 1\/4&#8243; bezproblemowo zamocujesz kamer\u0119 na statywie, monopodzie lub innych akcesoriach. Jest kompatybilny z wieloma kamerami sportowymi, zapewniaj\u0105c Ci pe\u0142n\u0105 swobod\u0119 w wyborze sprz\u0119tu.<\/p>\n<p><img decoding=\"async\" src=\"https:\/\/b2b.innpro.pl\/data\/include\/cms\/PGYTECH\/P-CG-141\/2.jpg\" alt=\"PGYTECH\/P-CG-141\/2\"><\/p>\n<h3>W zestawie<\/h3>\n<ul>\n<li>adapter szybkiego monta\u017cu kamery<\/li>\n<li>adapter do kamer sportowych<\/li>\n<li>adapter \u00bc\u201d<\/li>\n<li>\u015bruba<\/li>\n<li>klucz imbusowy<\/li>\n<\/ul>\n<div class=\"table-wrapper\">\n<table>\n<tbody>\n<tr>\n<th>Producent<\/th>\n<td>PGYTECH<\/td>\n<\/tr>\n<tr>\n<th>Model<\/th>\n<td>P-CG-141<\/td>\n<\/tr>\n<tr>\n<th>Materia\u0142<\/th>\n<td>Nylon + w\u0142\u00f3kno szklane<\/td>\n<\/tr>\n<tr>\n<th>Waga<\/th>\n<td>40 g<\/td>\n<\/tr>\n<tr>\n<th>Wymiary<\/th>\n<td>32 x 37 x 15 mm<\/td>\n<\/tr>\n<\/tbody>\n<\/table>\n<\/div>\n","protected":false},"excerpt":{"rendered":"<p>Zestaw szybkiego monta\u017cu PGYTECH do kamer sportowych (P-CG-141) Zestaw szybkiego monta\u017cu PGYTECH sprawi, \u017ce w kilka chwil przygotujesz swoj\u0105 kamer\u0119<\/p>\n","protected":false},"featured_media":57481,"comment_status":"closed","ping_status":"open","template":"","meta":{"_acf_changed":false},"product_brand":[],"product_cat":[1128,6178,6176,6177,1138,6179],"product_tag":[],"class_list":{"0":"post-57480","1":"product","2":"type-product","3":"status-publish","4":"has-post-thumbnail","6":"product_cat-foto-wideo","7":"product_cat-mocowania","8":"product_cat-selfie-stiki","9":"product_cat-statywy-selfie-stiki","10":"product_cat-wysiegniki","11":"product_cat-wysiegniki-i-uchwyty-selfie","12":"pa_okres-gwarancji-5754","13":"pa_producent-pgytech","15":"first","16":"outofstock","17":"taxable","18":"shipping-taxable","19":"purchasable","20":"product-type-simple"},"acf":[],"yoast_head":"<!-- This site is optimized with the Yoast SEO plugin v27.2 - https:\/\/yoast.com\/product\/yoast-seo-wordpress\/ -->\n<title>Zestaw szybkiego monta\u017cu PGYTECH P-CG-141 gwint 1\/4 - IRONSKY.PL Sklep z Dronami<\/title>\n<meta name=\"description\" content=\"Zestaw szybkiego monta\u017cu PGYTECH P-CG-141 gwint 1\/4 - \u2705 sklep z dronami i fachowym doradztwem. \u2705 Tutaj kupisz produkty DJI, Yuneec, Parrot, Syma i wiele innych, a tak\u017ce kursy i licencje na operatora drona.\" \/>\n<meta name=\"robots\" content=\"index, follow, max-snippet:-1, max-image-preview:large, max-video-preview:-1\" \/>\n<link rel=\"canonical\" href=\"https:\/\/ironsky.pl\/sklep\/produkt\/zestaw-szybkiego-montazu-pgytech-p-cg-141-gwint-1-4\/\" \/>\n<meta property=\"og:locale\" content=\"pl_PL\" \/>\n<meta property=\"og:type\" content=\"article\" \/>\n<meta property=\"og:title\" content=\"Zestaw szybkiego monta\u017cu PGYTECH P-CG-141 gwint 1\/4 - IRONSKY.PL Sklep z Dronami\" \/>\n<meta property=\"og:description\" content=\"Zestaw szybkiego monta\u017cu PGYTECH P-CG-141 gwint 1\/4 - \u2705 sklep z dronami i fachowym doradztwem. \u2705 Tutaj kupisz produkty DJI, Yuneec, Parrot, Syma i wiele innych, a tak\u017ce kursy i licencje na operatora drona.\" \/>\n<meta property=\"og:url\" content=\"https:\/\/ironsky.pl\/sklep\/produkt\/zestaw-szybkiego-montazu-pgytech-p-cg-141-gwint-1-4\/\" \/>\n<meta property=\"og:site_name\" content=\"IRONSKY.PL Sklep z Dronami\" \/>\n<meta property=\"article:modified_time\" content=\"2026-04-15T08:26:38+00:00\" \/>\n<meta property=\"og:image\" content=\"https:\/\/ironsky.pl\/sklep\/wp-content\/uploads\/2026\/04\/34772_1.jpg\" \/>\n\t<meta property=\"og:image:width\" content=\"800\" \/>\n\t<meta property=\"og:image:height\" content=\"801\" \/>\n\t<meta property=\"og:image:type\" content=\"image\/jpeg\" \/>\n<meta name=\"twitter:card\" content=\"summary_large_image\" \/>\n<meta name=\"twitter:label1\" content=\"Szacowany czas czytania\" \/>\n\t<meta name=\"twitter:data1\" content=\"1 minuta\" \/>\n<script type=\"application\/ld+json\" class=\"yoast-schema-graph\">{\"@context\":\"https:\/\/schema.org\",\"@graph\":[{\"@type\":\"WebPage\",\"@id\":\"https:\/\/ironsky.pl\/sklep\/produkt\/zestaw-szybkiego-montazu-pgytech-p-cg-141-gwint-1-4\/\",\"url\":\"https:\/\/ironsky.pl\/sklep\/produkt\/zestaw-szybkiego-montazu-pgytech-p-cg-141-gwint-1-4\/\",\"name\":\"Zestaw szybkiego monta\u017cu PGYTECH P-CG-141 gwint 1\/4 - IRONSKY.PL Sklep z Dronami\",\"isPartOf\":{\"@id\":\"https:\/\/ironsky.pl\/sklep\/#website\"},\"primaryImageOfPage\":{\"@id\":\"https:\/\/ironsky.pl\/sklep\/produkt\/zestaw-szybkiego-montazu-pgytech-p-cg-141-gwint-1-4\/#primaryimage\"},\"image\":{\"@id\":\"https:\/\/ironsky.pl\/sklep\/produkt\/zestaw-szybkiego-montazu-pgytech-p-cg-141-gwint-1-4\/#primaryimage\"},\"thumbnailUrl\":\"https:\/\/ironsky.pl\/sklep\/wp-content\/uploads\/2026\/04\/34772_1.jpg\",\"datePublished\":\"2026-04-15T08:26:33+00:00\",\"dateModified\":\"2026-04-15T08:26:38+00:00\",\"description\":\"Zestaw szybkiego monta\u017cu PGYTECH P-CG-141 gwint 1\/4 - \u2705 sklep z dronami i fachowym doradztwem. \u2705 Tutaj kupisz produkty DJI, Yuneec, Parrot, Syma i wiele innych, a tak\u017ce kursy i licencje na operatora drona.\",\"breadcrumb\":{\"@id\":\"https:\/\/ironsky.pl\/sklep\/produkt\/zestaw-szybkiego-montazu-pgytech-p-cg-141-gwint-1-4\/#breadcrumb\"},\"inLanguage\":\"pl-PL\",\"potentialAction\":[{\"@type\":\"ReadAction\",\"target\":[\"https:\/\/ironsky.pl\/sklep\/produkt\/zestaw-szybkiego-montazu-pgytech-p-cg-141-gwint-1-4\/\"]}]},{\"@type\":\"ImageObject\",\"inLanguage\":\"pl-PL\",\"@id\":\"https:\/\/ironsky.pl\/sklep\/produkt\/zestaw-szybkiego-montazu-pgytech-p-cg-141-gwint-1-4\/#primaryimage\",\"url\":\"https:\/\/ironsky.pl\/sklep\/wp-content\/uploads\/2026\/04\/34772_1.jpg\",\"contentUrl\":\"https:\/\/ironsky.pl\/sklep\/wp-content\/uploads\/2026\/04\/34772_1.jpg\",\"width\":800,\"height\":801},{\"@type\":\"BreadcrumbList\",\"@id\":\"https:\/\/ironsky.pl\/sklep\/produkt\/zestaw-szybkiego-montazu-pgytech-p-cg-141-gwint-1-4\/#breadcrumb\",\"itemListElement\":[{\"@type\":\"ListItem\",\"position\":1,\"name\":\"Strona g\u0142\u00f3wna\",\"item\":\"https:\/\/ironsky.pl\/sklep\/\"},{\"@type\":\"ListItem\",\"position\":2,\"name\":\"Wszystkie produkty\",\"item\":\"https:\/\/ironsky.pl\/sklep\/produkty\/\"},{\"@type\":\"ListItem\",\"position\":3,\"name\":\"Zestaw szybkiego monta\u017cu PGYTECH P-CG-141 gwint 1\/4\"}]},{\"@type\":\"WebSite\",\"@id\":\"https:\/\/ironsky.pl\/sklep\/#website\",\"url\":\"https:\/\/ironsky.pl\/sklep\/\",\"name\":\"IRONSKY.PL Sklep z Dronami\",\"description\":\"IRONSKY.PL Sklep z Dronami\",\"potentialAction\":[{\"@type\":\"SearchAction\",\"target\":{\"@type\":\"EntryPoint\",\"urlTemplate\":\"https:\/\/ironsky.pl\/sklep\/?s={search_term_string}\"},\"query-input\":{\"@type\":\"PropertyValueSpecification\",\"valueRequired\":true,\"valueName\":\"search_term_string\"}}],\"inLanguage\":\"pl-PL\"}]}<\/script>\n<!-- \/ Yoast SEO plugin. -->","yoast_head_json":{"title":"Zestaw szybkiego monta\u017cu PGYTECH P-CG-141 gwint 1\/4 - IRONSKY.PL Sklep z Dronami","description":"Zestaw szybkiego monta\u017cu PGYTECH P-CG-141 gwint 1\/4 - \u2705 sklep z dronami i fachowym doradztwem. \u2705 Tutaj kupisz produkty DJI, Yuneec, Parrot, Syma i wiele innych, a tak\u017ce kursy i licencje na operatora drona.","robots":{"index":"index","follow":"follow","max-snippet":"max-snippet:-1","max-image-preview":"max-image-preview:large","max-video-preview":"max-video-preview:-1"},"canonical":"https:\/\/ironsky.pl\/sklep\/produkt\/zestaw-szybkiego-montazu-pgytech-p-cg-141-gwint-1-4\/","og_locale":"pl_PL","og_type":"article","og_title":"Zestaw szybkiego monta\u017cu PGYTECH P-CG-141 gwint 1\/4 - IRONSKY.PL Sklep z Dronami","og_description":"Zestaw szybkiego monta\u017cu PGYTECH P-CG-141 gwint 1\/4 - \u2705 sklep z dronami i fachowym doradztwem. \u2705 Tutaj kupisz produkty DJI, Yuneec, Parrot, Syma i wiele innych, a tak\u017ce kursy i licencje na operatora drona.","og_url":"https:\/\/ironsky.pl\/sklep\/produkt\/zestaw-szybkiego-montazu-pgytech-p-cg-141-gwint-1-4\/","og_site_name":"IRONSKY.PL Sklep z Dronami","article_modified_time":"2026-04-15T08:26:38+00:00","og_image":[{"width":800,"height":801,"url":"https:\/\/ironsky.pl\/sklep\/wp-content\/uploads\/2026\/04\/34772_1.jpg","type":"image\/jpeg"}],"twitter_card":"summary_large_image","twitter_misc":{"Szacowany czas czytania":"1 minuta"},"schema":{"@context":"https:\/\/schema.org","@graph":[{"@type":"WebPage","@id":"https:\/\/ironsky.pl\/sklep\/produkt\/zestaw-szybkiego-montazu-pgytech-p-cg-141-gwint-1-4\/","url":"https:\/\/ironsky.pl\/sklep\/produkt\/zestaw-szybkiego-montazu-pgytech-p-cg-141-gwint-1-4\/","name":"Zestaw szybkiego monta\u017cu PGYTECH P-CG-141 gwint 1\/4 - IRONSKY.PL Sklep z Dronami","isPartOf":{"@id":"https:\/\/ironsky.pl\/sklep\/#website"},"primaryImageOfPage":{"@id":"https:\/\/ironsky.pl\/sklep\/produkt\/zestaw-szybkiego-montazu-pgytech-p-cg-141-gwint-1-4\/#primaryimage"},"image":{"@id":"https:\/\/ironsky.pl\/sklep\/produkt\/zestaw-szybkiego-montazu-pgytech-p-cg-141-gwint-1-4\/#primaryimage"},"thumbnailUrl":"https:\/\/ironsky.pl\/sklep\/wp-content\/uploads\/2026\/04\/34772_1.jpg","datePublished":"2026-04-15T08:26:33+00:00","dateModified":"2026-04-15T08:26:38+00:00","description":"Zestaw szybkiego monta\u017cu PGYTECH P-CG-141 gwint 1\/4 - \u2705 sklep z dronami i fachowym doradztwem. \u2705 Tutaj kupisz produkty DJI, Yuneec, Parrot, Syma i wiele innych, a tak\u017ce kursy i licencje na operatora drona.","breadcrumb":{"@id":"https:\/\/ironsky.pl\/sklep\/produkt\/zestaw-szybkiego-montazu-pgytech-p-cg-141-gwint-1-4\/#breadcrumb"},"inLanguage":"pl-PL","potentialAction":[{"@type":"ReadAction","target":["https:\/\/ironsky.pl\/sklep\/produkt\/zestaw-szybkiego-montazu-pgytech-p-cg-141-gwint-1-4\/"]}]},{"@type":"ImageObject","inLanguage":"pl-PL","@id":"https:\/\/ironsky.pl\/sklep\/produkt\/zestaw-szybkiego-montazu-pgytech-p-cg-141-gwint-1-4\/#primaryimage","url":"https:\/\/ironsky.pl\/sklep\/wp-content\/uploads\/2026\/04\/34772_1.jpg","contentUrl":"https:\/\/ironsky.pl\/sklep\/wp-content\/uploads\/2026\/04\/34772_1.jpg","width":800,"height":801},{"@type":"BreadcrumbList","@id":"https:\/\/ironsky.pl\/sklep\/produkt\/zestaw-szybkiego-montazu-pgytech-p-cg-141-gwint-1-4\/#breadcrumb","itemListElement":[{"@type":"ListItem","position":1,"name":"Strona g\u0142\u00f3wna","item":"https:\/\/ironsky.pl\/sklep\/"},{"@type":"ListItem","position":2,"name":"Wszystkie produkty","item":"https:\/\/ironsky.pl\/sklep\/produkty\/"},{"@type":"ListItem","position":3,"name":"Zestaw szybkiego monta\u017cu PGYTECH P-CG-141 gwint 1\/4"}]},{"@type":"WebSite","@id":"https:\/\/ironsky.pl\/sklep\/#website","url":"https:\/\/ironsky.pl\/sklep\/","name":"IRONSKY.PL Sklep z Dronami","description":"IRONSKY.PL Sklep z Dronami","potentialAction":[{"@type":"SearchAction","target":{"@type":"EntryPoint","urlTemplate":"https:\/\/ironsky.pl\/sklep\/?s={search_term_string}"},"query-input":{"@type":"PropertyValueSpecification","valueRequired":true,"valueName":"search_term_string"}}],"inLanguage":"pl-PL"}]}},"_links":{"self":[{"href":"https:\/\/ironsky.pl\/sklep\/wp-json\/wp\/v2\/product\/57480","targetHints":{"allow":["GET"]}}],"collection":[{"href":"https:\/\/ironsky.pl\/sklep\/wp-json\/wp\/v2\/product"}],"about":[{"href":"https:\/\/ironsky.pl\/sklep\/wp-json\/wp\/v2\/types\/product"}],"replies":[{"embeddable":true,"href":"https:\/\/ironsky.pl\/sklep\/wp-json\/wp\/v2\/comments?post=57480"}],"wp:featuredmedia":[{"embeddable":true,"href":"https:\/\/ironsky.pl\/sklep\/wp-json\/wp\/v2\/media\/57481"}],"wp:attachment":[{"href":"https:\/\/ironsky.pl\/sklep\/wp-json\/wp\/v2\/media?parent=57480"}],"wp:term":[{"taxonomy":"product_brand","embeddable":true,"href":"https:\/\/ironsky.pl\/sklep\/wp-json\/wp\/v2\/product_brand?post=57480"},{"taxonomy":"product_cat","embeddable":true,"href":"https:\/\/ironsky.pl\/sklep\/wp-json\/wp\/v2\/product_cat?post=57480"},{"taxonomy":"product_tag","embeddable":true,"href":"https:\/\/ironsky.pl\/sklep\/wp-json\/wp\/v2\/product_tag?post=57480"}],"curies":[{"name":"wp","href":"https:\/\/api.w.org\/{rel}","templated":true}]}}