{"id":57478,"date":"2026-04-15T10:26:33","date_gmt":"2026-04-15T08:26:33","guid":{"rendered":"https:\/\/ironsky.pl\/sklep\/produkt\/plecak-fotograficzny-pgytech-onemo-fpv-30l-czarny-2\/"},"modified":"2026-04-15T10:26:36","modified_gmt":"2026-04-15T08:26:36","slug":"plecak-fotograficzny-pgytech-onemo-fpv-30l-czarny-2","status":"publish","type":"product","link":"https:\/\/ironsky.pl\/sklep\/produkt\/plecak-fotograficzny-pgytech-onemo-fpv-30l-czarny-2\/","title":{"rendered":"Plecak fotograficzny PGYTECH OneMo FPV 30L (czarny)"},"content":{"rendered":"<h3>Plecak fotograficzny PGYTECH OneMo FPV 30L (Czarny)<\/h3>\n<p>Zajmujesz si\u0119 profesjonalnie fotografi\u0105? Lubisz robi\u0107 zdj\u0119cia w terenie? Plecak PGYTECH OneMo FPV to odpowied\u017a na Twoje potrzeby! Dzi\u0119ki pojemno\u015bci 30 l bez problemu zmie\u015bcisz w nim ca\u0142y sw\u00f3j sprz\u0119t fotograficzny, a przemy\u015blana konstrukcja zapewni szybki i wygodny dost\u0119p do wszystkich urz\u0105dze\u0144. Wyposa\u017cono w specjalne przegr\u00f3dki oraz liczne kieszenie, kt\u00f3re u\u0142atwi\u0105 Ci zachowanie porz\u0105dku. Jest niezwykle wytrzyma\u0142y, dzi\u0119ki czemu sprosta nawet najbardziej wymagaj\u0105cym wyzwaniom fotograficznym.<\/p>\n<p><img decoding=\"async\" alt=\"PGYTECH\/P-CB-118\/1\" border=\"0\" src=\"https:\/\/b2b.innpro.pl\/data\/include\/cms\/PGYTECH\/P-CB-118\/1.jpg\"\/><\/p>\n<h3>Wszystkie sprz\u0119ty w jednym miejscu<\/h3>\n<p>Ju\u017c nie musisz wybiera\u0107, co ze sob\u0105 zabra\u0107 \u2013 teraz wszystko zmie\u015bci si\u0119 w jednym plecaku! Z pojemno\u015bci\u0105 30 litr\u00f3w plecak bez problemu pomie\u015bci\u0107 kilka dron\u00f3w, aparatur\u0119 steruj\u0105c\u0105, gogle, a tak\u017ce torb\u0119, w kt\u00f3rej mo\u017cesz bezpiecznie przechowywa\u0107 akumulatory. Aby jeszcze bardziej u\u0142atwi\u0107 organizacj\u0119, plecak zosta\u0142 wyposa\u017cony w specjalne przegr\u00f3dki, kt\u00f3re mo\u017cna dowolnie modyfikowa\u0107. Dzi\u0119ki temu masz pe\u0142n\u0105 kontrol\u0119 nad uk\u0142adem wn\u0119trza plecaka, dostosowuj\u0105c go do swoich indywidualnych potrzeb.<\/p>\n<p><img decoding=\"async\" alt=\"PGYTECH\/P-CB-118\/2\" border=\"0\" src=\"https:\/\/b2b.innpro.pl\/data\/include\/cms\/PGYTECH\/P-CB-118\/2.jpg\"\/><\/p>\n<h3>Przemy\u015blana konstrukcja<\/h3>\n<p>Plecak zosta\u0142 zaprojektowany tak, aby zapewni\u0107 Ci wygodny dost\u0119p do Twojego sprz\u0119tu. G\u0142\u00f3wna komora plecaka umo\u017cliwia pakowanie sprz\u0119tu na p\u0142asko, dzi\u0119ki czemu mo\u017cesz swobodnie si\u0119ga\u0107 po potrzebne akcesoria, nawet te, kt\u00f3re znajduj\u0105 si\u0119 na dnie plecaka. Przednia klapa zosta\u0142a wyposa\u017cona w elastyczne paski, kt\u00f3re pozwalaj\u0105 na bezpieczne przymocowanie dron\u00f3w. Co wi\u0119cej, innowacyjna konstrukcja plecaka umo\u017cliwia wygodne wyjmowanie sprz\u0119tu z g\u0142\u00f3wnej komory, bez konieczno\u015bci zdejmowania dron\u00f3w z przedniej klapy.<\/p>\n<p><img decoding=\"async\" alt=\"PGYTECH\/P-CB-118\/5\" border=\"0\" src=\"https:\/\/b2b.innpro.pl\/data\/include\/cms\/PGYTECH\/P-CB-118\/5.jpg\"\/><\/p>\n<h3>Dba\u0142o\u015b\u0107 o szczeg\u00f3\u0142y<\/h3>\n<p>PGYTECH OneMo FPV stworzono z dba\u0142o\u015bci\u0105 o najdrobniejsze detale. Plecak wiele praktycznych kieszeni, kt\u00f3re doskonale sprawdz\u0105 si\u0119 do przechowywania drobnych akcesori\u00f3w, takich jak karty pami\u0119ci, anten, kabli i innych. Na przedniej klapie znajduje si\u0119 miejsce na l\u0105dowisko dla drona, natomiast kiesze\u0144 w lewej pozwoli Ci bezpiecznie przechowywa\u0107 smartfona. Wewn\u0105trz plecaka znajdziesz r\u00f3wnie\u017c dedykowane miejsce dla laptopa oraz dyskretn\u0105 kiesze\u0144 na AirTaga.<\/p>\n<p><img decoding=\"async\" alt=\"PGYTECH\/P-CB-118\/6\" border=\"0\" src=\"https:\/\/b2b.innpro.pl\/data\/include\/cms\/PGYTECH\/P-CB-118\/6.jpg\"\/><\/p>\n<h3>Z my\u015bl\u0105 o Twoim komforcie<\/h3>\n<p>Zadbaj o sw\u00f3j komfort podczas wielogodzinnych wypraw i sesji fotograficznych! OneMo FPV idealnie dopasowuje si\u0119 do kszta\u0142tu plec\u00f3w, a dzi\u0119ki zastosowaniu specjalnej siatki zapewnia doskona\u0142\u0105 wentylacj\u0119 i zapobiega poceniu si\u0119. Na uwag\u0119 zas\u0142uguje tak\u017ce od\u0142\u0105czany pas piersiowy oraz dodatkowe paski, kt\u00f3re stabilizuj\u0105 plecak i odpowiadaj\u0105 za bardziej r\u00f3wnomierne roz\u0142o\u017cenie ci\u0119\u017caru, odci\u0105\u017caj\u0105c kr\u0119gos\u0142up. Co wi\u0119cej, specjalnie zaprojektowane szelki wykonane z pianki EVA gwarantuj\u0105 jeszcze wi\u0119ksz\u0105 wygod\u0119.<\/p>\n<p><img decoding=\"async\" alt=\"PGYTECH\/P-CB-118\/4\" border=\"0\" src=\"https:\/\/b2b.innpro.pl\/data\/include\/cms\/PGYTECH\/P-CB-118\/4.jpg\"\/><\/p>\n<h3>Gotowy na ka\u017cd\u0105 przygod\u0119<\/h3>\n<p>Plecak zosta\u0142 stworzony z wykorzystaniem materia\u0142\u00f3w najwy\u017cszej jako\u015bci oraz dodatkowo pokryty warstw\u0105 specjalnej pow\u0142oki PU, co czyni go niezwykle trwa\u0142ym. OneMo FPV jest tak\u017ce odporny na zachlapania \u2013 niestraszny mu deszcz! Ponadto zamki w plecaku zosta\u0142y starannie zaprojektowane tak, aby zwi\u0119kszy\u0107 bezpiecze\u0144stwo i utrudni\u0107 dost\u0119p osobom niepowo\u0142anym do Twojego sprz\u0119tu.<\/p>\n<p><img decoding=\"async\" alt=\"PGYTECH\/P-CB-118\/3\" border=\"0\" src=\"https:\/\/b2b.innpro.pl\/data\/include\/cms\/PGYTECH\/P-CB-118\/3.jpg\"\/><\/p>\n<p>\n<iframe allow=\"accelerometer; autoplay; clipboard-write; encrypted-media; gyroscope; picture-in-picture\" allowfullscreen=\"\" frameborder=\"0\" height=\"720px\" src=\"https:\/\/www.youtube.com\/embed\/lpotedpnaHA?playlist=lpotedpnaHA&amp;loop=1\" width=\"100%\"><\/iframe><\/p>\n<h3>W zestawie<\/h3>\n<ul>\n<li>plecak x1<\/li>\n<li>przegr\u00f3dki x8<\/li>\n<li>torba na akumulatory x1<\/li>\n<li>ochraniacze na dr\u0105\u017cki sterowania x2<\/li>\n<li>pasek na akcesoria x2<\/li>\n<li>pasek na klatk\u0119 piersiow\u0105 x1<\/li>\n<li>pasek na biodra x1<\/li>\n<li>pasek do monta\u017cu przegr\u00f3dek x4<\/li>\n<\/ul>\n<div class=\"table-wrapper\">\n<table>\n<tbody>\n<tr>\n<th>Producent<\/th>\n<td>PGYTECH<\/td>\n<\/tr>\n<tr>\n<th>Model<\/th>\n<td>P-CB-118<\/td>\n<\/tr>\n<tr>\n<th>Kolor<\/th>\n<td>Czarny<\/td>\n<\/tr>\n<tr>\n<th>Materia\u0142<\/th>\n<td>POLY+PU<\/td>\n<\/tr>\n<tr>\n<th>Waga<\/th>\n<td>Bez przegr\u00f3dek: 2,4 kg<br \/>Z przegr\u00f3dkami: 2,8 kg<\/td>\n<\/tr>\n<tr>\n<th>Wymiary<\/th>\n<td>500 x 380 x 230 mm<\/td>\n<\/tr>\n<tr>\n<th>Pojemno\u015b\u0107<\/th>\n<td>30 l<\/td>\n<\/tr>\n<\/tbody>\n<\/table>\n<\/div>\n","protected":false},"excerpt":{"rendered":"<p>Plecak fotograficzny PGYTECH OneMo FPV 30L (Czarny) Zajmujesz si\u0119 profesjonalnie fotografi\u0105? Lubisz robi\u0107 zdj\u0119cia w terenie? Plecak PGYTECH OneMo FPV<\/p>\n","protected":false},"featured_media":57479,"comment_status":"closed","ping_status":"open","template":"","meta":{"_acf_changed":false},"product_brand":[],"product_cat":[1128,6185,6172],"product_tag":[],"class_list":{"0":"post-57478","1":"product","2":"type-product","3":"status-publish","4":"has-post-thumbnail","6":"product_cat-foto-wideo","7":"product_cat-plecaki","8":"product_cat-przechowywanie-i-transport","9":"pa_producent-pgytech","11":"first","12":"outofstock","13":"taxable","14":"shipping-taxable","15":"purchasable","16":"product-type-simple"},"acf":[],"yoast_head":"<!-- This site is optimized with the Yoast SEO plugin v27.2 - https:\/\/yoast.com\/product\/yoast-seo-wordpress\/ -->\n<title>Plecak fotograficzny PGYTECH OneMo FPV 30L (czarny) - IRONSKY.PL Sklep z Dronami<\/title>\n<meta name=\"description\" content=\"Plecak fotograficzny PGYTECH OneMo FPV 30L (czarny) - \u2705 sklep z dronami i fachowym doradztwem. \u2705 Tutaj kupisz produkty DJI, Yuneec, Parrot, Syma i wiele innych, a tak\u017ce kursy i licencje na operatora drona.\" \/>\n<meta name=\"robots\" content=\"index, follow, max-snippet:-1, max-image-preview:large, max-video-preview:-1\" \/>\n<link rel=\"canonical\" href=\"https:\/\/ironsky.pl\/sklep\/produkt\/plecak-fotograficzny-pgytech-onemo-fpv-30l-czarny-2\/\" \/>\n<meta property=\"og:locale\" content=\"pl_PL\" \/>\n<meta property=\"og:type\" content=\"article\" \/>\n<meta property=\"og:title\" content=\"Plecak fotograficzny PGYTECH OneMo FPV 30L (czarny) - IRONSKY.PL Sklep z Dronami\" \/>\n<meta property=\"og:description\" content=\"Plecak fotograficzny PGYTECH OneMo FPV 30L (czarny) - \u2705 sklep z dronami i fachowym doradztwem. \u2705 Tutaj kupisz produkty DJI, Yuneec, Parrot, Syma i wiele innych, a tak\u017ce kursy i licencje na operatora drona.\" \/>\n<meta property=\"og:url\" content=\"https:\/\/ironsky.pl\/sklep\/produkt\/plecak-fotograficzny-pgytech-onemo-fpv-30l-czarny-2\/\" \/>\n<meta property=\"og:site_name\" content=\"IRONSKY.PL Sklep z Dronami\" \/>\n<meta property=\"article:modified_time\" content=\"2026-04-15T08:26:36+00:00\" \/>\n<meta property=\"og:image\" content=\"https:\/\/ironsky.pl\/sklep\/wp-content\/uploads\/2026\/04\/34764_1.jpg\" \/>\n\t<meta property=\"og:image:width\" content=\"800\" \/>\n\t<meta property=\"og:image:height\" content=\"800\" \/>\n\t<meta property=\"og:image:type\" content=\"image\/jpeg\" \/>\n<meta name=\"twitter:card\" content=\"summary_large_image\" \/>\n<meta name=\"twitter:label1\" content=\"Szacowany czas czytania\" \/>\n\t<meta name=\"twitter:data1\" content=\"3 minuty\" \/>\n<script type=\"application\/ld+json\" class=\"yoast-schema-graph\">{\"@context\":\"https:\/\/schema.org\",\"@graph\":[{\"@type\":\"WebPage\",\"@id\":\"https:\/\/ironsky.pl\/sklep\/produkt\/plecak-fotograficzny-pgytech-onemo-fpv-30l-czarny-2\/\",\"url\":\"https:\/\/ironsky.pl\/sklep\/produkt\/plecak-fotograficzny-pgytech-onemo-fpv-30l-czarny-2\/\",\"name\":\"Plecak fotograficzny PGYTECH OneMo FPV 30L (czarny) - IRONSKY.PL Sklep z Dronami\",\"isPartOf\":{\"@id\":\"https:\/\/ironsky.pl\/sklep\/#website\"},\"primaryImageOfPage\":{\"@id\":\"https:\/\/ironsky.pl\/sklep\/produkt\/plecak-fotograficzny-pgytech-onemo-fpv-30l-czarny-2\/#primaryimage\"},\"image\":{\"@id\":\"https:\/\/ironsky.pl\/sklep\/produkt\/plecak-fotograficzny-pgytech-onemo-fpv-30l-czarny-2\/#primaryimage\"},\"thumbnailUrl\":\"https:\/\/ironsky.pl\/sklep\/wp-content\/uploads\/2026\/04\/34764_1.jpg\",\"datePublished\":\"2026-04-15T08:26:33+00:00\",\"dateModified\":\"2026-04-15T08:26:36+00:00\",\"description\":\"Plecak fotograficzny PGYTECH OneMo FPV 30L (czarny) - \u2705 sklep z dronami i fachowym doradztwem. \u2705 Tutaj kupisz produkty DJI, Yuneec, Parrot, Syma i wiele innych, a tak\u017ce kursy i licencje na operatora drona.\",\"breadcrumb\":{\"@id\":\"https:\/\/ironsky.pl\/sklep\/produkt\/plecak-fotograficzny-pgytech-onemo-fpv-30l-czarny-2\/#breadcrumb\"},\"inLanguage\":\"pl-PL\",\"potentialAction\":[{\"@type\":\"ReadAction\",\"target\":[\"https:\/\/ironsky.pl\/sklep\/produkt\/plecak-fotograficzny-pgytech-onemo-fpv-30l-czarny-2\/\"]}]},{\"@type\":\"ImageObject\",\"inLanguage\":\"pl-PL\",\"@id\":\"https:\/\/ironsky.pl\/sklep\/produkt\/plecak-fotograficzny-pgytech-onemo-fpv-30l-czarny-2\/#primaryimage\",\"url\":\"https:\/\/ironsky.pl\/sklep\/wp-content\/uploads\/2026\/04\/34764_1.jpg\",\"contentUrl\":\"https:\/\/ironsky.pl\/sklep\/wp-content\/uploads\/2026\/04\/34764_1.jpg\",\"width\":800,\"height\":800},{\"@type\":\"BreadcrumbList\",\"@id\":\"https:\/\/ironsky.pl\/sklep\/produkt\/plecak-fotograficzny-pgytech-onemo-fpv-30l-czarny-2\/#breadcrumb\",\"itemListElement\":[{\"@type\":\"ListItem\",\"position\":1,\"name\":\"Strona g\u0142\u00f3wna\",\"item\":\"https:\/\/ironsky.pl\/sklep\/\"},{\"@type\":\"ListItem\",\"position\":2,\"name\":\"Wszystkie produkty\",\"item\":\"https:\/\/ironsky.pl\/sklep\/produkty\/\"},{\"@type\":\"ListItem\",\"position\":3,\"name\":\"Plecak fotograficzny PGYTECH OneMo FPV 30L (czarny)\"}]},{\"@type\":\"WebSite\",\"@id\":\"https:\/\/ironsky.pl\/sklep\/#website\",\"url\":\"https:\/\/ironsky.pl\/sklep\/\",\"name\":\"IRONSKY.PL Sklep z Dronami\",\"description\":\"IRONSKY.PL Sklep z Dronami\",\"potentialAction\":[{\"@type\":\"SearchAction\",\"target\":{\"@type\":\"EntryPoint\",\"urlTemplate\":\"https:\/\/ironsky.pl\/sklep\/?s={search_term_string}\"},\"query-input\":{\"@type\":\"PropertyValueSpecification\",\"valueRequired\":true,\"valueName\":\"search_term_string\"}}],\"inLanguage\":\"pl-PL\"}]}<\/script>\n<!-- \/ Yoast SEO plugin. -->","yoast_head_json":{"title":"Plecak fotograficzny PGYTECH OneMo FPV 30L (czarny) - IRONSKY.PL Sklep z Dronami","description":"Plecak fotograficzny PGYTECH OneMo FPV 30L (czarny) - \u2705 sklep z dronami i fachowym doradztwem. \u2705 Tutaj kupisz produkty DJI, Yuneec, Parrot, Syma i wiele innych, a tak\u017ce kursy i licencje na operatora drona.","robots":{"index":"index","follow":"follow","max-snippet":"max-snippet:-1","max-image-preview":"max-image-preview:large","max-video-preview":"max-video-preview:-1"},"canonical":"https:\/\/ironsky.pl\/sklep\/produkt\/plecak-fotograficzny-pgytech-onemo-fpv-30l-czarny-2\/","og_locale":"pl_PL","og_type":"article","og_title":"Plecak fotograficzny PGYTECH OneMo FPV 30L (czarny) - IRONSKY.PL Sklep z Dronami","og_description":"Plecak fotograficzny PGYTECH OneMo FPV 30L (czarny) - \u2705 sklep z dronami i fachowym doradztwem. \u2705 Tutaj kupisz produkty DJI, Yuneec, Parrot, Syma i wiele innych, a tak\u017ce kursy i licencje na operatora drona.","og_url":"https:\/\/ironsky.pl\/sklep\/produkt\/plecak-fotograficzny-pgytech-onemo-fpv-30l-czarny-2\/","og_site_name":"IRONSKY.PL Sklep z Dronami","article_modified_time":"2026-04-15T08:26:36+00:00","og_image":[{"width":800,"height":800,"url":"https:\/\/ironsky.pl\/sklep\/wp-content\/uploads\/2026\/04\/34764_1.jpg","type":"image\/jpeg"}],"twitter_card":"summary_large_image","twitter_misc":{"Szacowany czas czytania":"3 minuty"},"schema":{"@context":"https:\/\/schema.org","@graph":[{"@type":"WebPage","@id":"https:\/\/ironsky.pl\/sklep\/produkt\/plecak-fotograficzny-pgytech-onemo-fpv-30l-czarny-2\/","url":"https:\/\/ironsky.pl\/sklep\/produkt\/plecak-fotograficzny-pgytech-onemo-fpv-30l-czarny-2\/","name":"Plecak fotograficzny PGYTECH OneMo FPV 30L (czarny) - IRONSKY.PL Sklep z Dronami","isPartOf":{"@id":"https:\/\/ironsky.pl\/sklep\/#website"},"primaryImageOfPage":{"@id":"https:\/\/ironsky.pl\/sklep\/produkt\/plecak-fotograficzny-pgytech-onemo-fpv-30l-czarny-2\/#primaryimage"},"image":{"@id":"https:\/\/ironsky.pl\/sklep\/produkt\/plecak-fotograficzny-pgytech-onemo-fpv-30l-czarny-2\/#primaryimage"},"thumbnailUrl":"https:\/\/ironsky.pl\/sklep\/wp-content\/uploads\/2026\/04\/34764_1.jpg","datePublished":"2026-04-15T08:26:33+00:00","dateModified":"2026-04-15T08:26:36+00:00","description":"Plecak fotograficzny PGYTECH OneMo FPV 30L (czarny) - \u2705 sklep z dronami i fachowym doradztwem. \u2705 Tutaj kupisz produkty DJI, Yuneec, Parrot, Syma i wiele innych, a tak\u017ce kursy i licencje na operatora drona.","breadcrumb":{"@id":"https:\/\/ironsky.pl\/sklep\/produkt\/plecak-fotograficzny-pgytech-onemo-fpv-30l-czarny-2\/#breadcrumb"},"inLanguage":"pl-PL","potentialAction":[{"@type":"ReadAction","target":["https:\/\/ironsky.pl\/sklep\/produkt\/plecak-fotograficzny-pgytech-onemo-fpv-30l-czarny-2\/"]}]},{"@type":"ImageObject","inLanguage":"pl-PL","@id":"https:\/\/ironsky.pl\/sklep\/produkt\/plecak-fotograficzny-pgytech-onemo-fpv-30l-czarny-2\/#primaryimage","url":"https:\/\/ironsky.pl\/sklep\/wp-content\/uploads\/2026\/04\/34764_1.jpg","contentUrl":"https:\/\/ironsky.pl\/sklep\/wp-content\/uploads\/2026\/04\/34764_1.jpg","width":800,"height":800},{"@type":"BreadcrumbList","@id":"https:\/\/ironsky.pl\/sklep\/produkt\/plecak-fotograficzny-pgytech-onemo-fpv-30l-czarny-2\/#breadcrumb","itemListElement":[{"@type":"ListItem","position":1,"name":"Strona g\u0142\u00f3wna","item":"https:\/\/ironsky.pl\/sklep\/"},{"@type":"ListItem","position":2,"name":"Wszystkie produkty","item":"https:\/\/ironsky.pl\/sklep\/produkty\/"},{"@type":"ListItem","position":3,"name":"Plecak fotograficzny PGYTECH OneMo FPV 30L (czarny)"}]},{"@type":"WebSite","@id":"https:\/\/ironsky.pl\/sklep\/#website","url":"https:\/\/ironsky.pl\/sklep\/","name":"IRONSKY.PL Sklep z Dronami","description":"IRONSKY.PL Sklep z Dronami","potentialAction":[{"@type":"SearchAction","target":{"@type":"EntryPoint","urlTemplate":"https:\/\/ironsky.pl\/sklep\/?s={search_term_string}"},"query-input":{"@type":"PropertyValueSpecification","valueRequired":true,"valueName":"search_term_string"}}],"inLanguage":"pl-PL"}]}},"_links":{"self":[{"href":"https:\/\/ironsky.pl\/sklep\/wp-json\/wp\/v2\/product\/57478","targetHints":{"allow":["GET"]}}],"collection":[{"href":"https:\/\/ironsky.pl\/sklep\/wp-json\/wp\/v2\/product"}],"about":[{"href":"https:\/\/ironsky.pl\/sklep\/wp-json\/wp\/v2\/types\/product"}],"replies":[{"embeddable":true,"href":"https:\/\/ironsky.pl\/sklep\/wp-json\/wp\/v2\/comments?post=57478"}],"wp:featuredmedia":[{"embeddable":true,"href":"https:\/\/ironsky.pl\/sklep\/wp-json\/wp\/v2\/media\/57479"}],"wp:attachment":[{"href":"https:\/\/ironsky.pl\/sklep\/wp-json\/wp\/v2\/media?parent=57478"}],"wp:term":[{"taxonomy":"product_brand","embeddable":true,"href":"https:\/\/ironsky.pl\/sklep\/wp-json\/wp\/v2\/product_brand?post=57478"},{"taxonomy":"product_cat","embeddable":true,"href":"https:\/\/ironsky.pl\/sklep\/wp-json\/wp\/v2\/product_cat?post=57478"},{"taxonomy":"product_tag","embeddable":true,"href":"https:\/\/ironsky.pl\/sklep\/wp-json\/wp\/v2\/product_tag?post=57478"}],"curies":[{"name":"wp","href":"https:\/\/api.w.org\/{rel}","templated":true}]}}