{"id":57443,"date":"2026-04-15T10:26:07","date_gmt":"2026-04-15T08:26:07","guid":{"rendered":"https:\/\/ironsky.pl\/sklep\/produkt\/szerokokatna-nakladka-na-obiektyw-do-dji-mini-4-pro-2\/"},"modified":"2026-04-15T10:26:18","modified_gmt":"2026-04-15T08:26:18","slug":"szerokokatna-nakladka-na-obiektyw-do-dji-mini-4-pro-2","status":"publish","type":"product","link":"https:\/\/ironsky.pl\/sklep\/produkt\/szerokokatna-nakladka-na-obiektyw-do-dji-mini-4-pro-2\/","title":{"rendered":"Szerokok\u0105tna nak\u0142adka na obiektyw do DJI Mini 4 Pro"},"content":{"rendered":"<h3>Szerokok\u0105tna nak\u0142adka na obiektyw do DJI Mini 4 Pro<\/h3>\n<p>Odkryj nowe mo\u017cliwo\u015bci swojego drona DJI Mini 4 Pro z szerokok\u0105tn\u0105 nak\u0142adk\u0105 na obiektyw od DJI. Produkt poszerza pole widzenia: w trybie fotografowania z 81,5\u00b0 do 114\u00b0, a w trybie wideo z 75\u00b0 do 100\u00b0 (format 16:9). To idealne rozwi\u0105zanie dla entuzjast\u00f3w fotografii i filmowania, kt\u00f3rzy pragn\u0105 uchwyci\u0107 wi\u0119cej w ka\u017cdym uj\u0119ciu, od imponuj\u0105cych krajobraz\u00f3w po dynamiczne sceny miejskie.<\/p>\n<p><img decoding=\"async\" src=\"https:\/\/b2b.innpro.pl\/data\/include\/cms\/12DJI\/Szerokokatna-nakladka-na-obiektyw-do-DJI-Mini-4-Pro\/1.jpg\" alt=\"12DJI\/CP.MA.00000730.02\/1\"><\/p>\n<h3>Lekka i precyzyjna konstrukcja<\/h3>\n<p>Nak\u0142adka wa\u017cy zaledwie 2.3 g, co zapewnia, \u017ce nie wp\u0142ynie ona na wydajno\u015b\u0107 lotu Twojego drona. Gwarantuje idealne dopasowanie i bezproblemow\u0105 wsp\u00f3\u0142prac\u0119 z Twoim DJI Mini 4 Pro. Wykorzystaj potencja\u0142 swojego drona do maksimum, robi\u0105c zdj\u0119cia i filmy, kt\u00f3re zapieraj\u0105 dech w piersiach.<\/p>\n<p><img decoding=\"async\" src=\"https:\/\/b2b.innpro.pl\/data\/include\/cms\/12DJI\/Szerokokatna-nakladka-na-obiektyw-do-DJI-Mini-4-Pro\/2.jpg\" alt=\"12DJI\/CP.MA.00000730.02\/2\"><\/p>\n<div class=\"table-wrapper\">\n<table>\n<tbody>\n<tr>\n<th>Producent<\/th>\n<td>DJI<\/td>\n<\/tr>\n<tr>\n<th>Model<\/th>\n<td>CP.MA.00000730.02<\/td>\n<\/tr>\n<tr>\n<th>Waga<\/th>\n<td>2.3 g<\/td>\n<\/tr>\n<tr>\n<th>Kompatybilno\u015b\u0107<\/th>\n<td>DJI Mini 4 Pro<\/td>\n<\/tr>\n<\/tbody>\n<\/table>\n<\/div>\n","protected":false},"excerpt":{"rendered":"<p>Szerokok\u0105tna nak\u0142adka na obiektyw do DJI Mini 4 Pro Odkryj nowe mo\u017cliwo\u015bci swojego drona DJI Mini 4 Pro z szerokok\u0105tn\u0105<\/p>\n","protected":false},"featured_media":57444,"comment_status":"closed","ping_status":"open","template":"","meta":{"_acf_changed":false},"product_brand":[],"product_cat":[6167,6170,1088],"product_tag":[],"class_list":{"0":"post-57443","1":"product","2":"type-product","3":"status-publish","4":"has-post-thumbnail","6":"product_cat-akcesoria-do-dronow","7":"product_cat-dji-akcesoria-do-dronow","8":"product_cat-drony","9":"pa_okres-gwarancji-5757","10":"pa_producent-dji","12":"first","13":"instock","14":"taxable","15":"shipping-taxable","16":"purchasable","17":"product-type-simple"},"acf":[],"yoast_head":"<!-- This site is optimized with the Yoast SEO plugin v27.2 - https:\/\/yoast.com\/product\/yoast-seo-wordpress\/ -->\n<title>Szerokok\u0105tna nak\u0142adka na obiektyw do DJI Mini 4 Pro - IRONSKY.PL Sklep z Dronami<\/title>\n<meta name=\"description\" content=\"Szerokok\u0105tna nak\u0142adka na obiektyw do DJI Mini 4 Pro - \u2705 sklep z dronami i fachowym doradztwem. \u2705 Tutaj kupisz produkty DJI, Yuneec, Parrot, Syma i wiele innych, a tak\u017ce kursy i licencje na operatora drona.\" \/>\n<meta name=\"robots\" content=\"index, follow, max-snippet:-1, max-image-preview:large, max-video-preview:-1\" \/>\n<link rel=\"canonical\" href=\"https:\/\/ironsky.pl\/sklep\/produkt\/szerokokatna-nakladka-na-obiektyw-do-dji-mini-4-pro-2\/\" \/>\n<meta property=\"og:locale\" content=\"pl_PL\" \/>\n<meta property=\"og:type\" content=\"article\" \/>\n<meta property=\"og:title\" content=\"Szerokok\u0105tna nak\u0142adka na obiektyw do DJI Mini 4 Pro - IRONSKY.PL Sklep z Dronami\" \/>\n<meta property=\"og:description\" content=\"Szerokok\u0105tna nak\u0142adka na obiektyw do DJI Mini 4 Pro - \u2705 sklep z dronami i fachowym doradztwem. \u2705 Tutaj kupisz produkty DJI, Yuneec, Parrot, Syma i wiele innych, a tak\u017ce kursy i licencje na operatora drona.\" \/>\n<meta property=\"og:url\" content=\"https:\/\/ironsky.pl\/sklep\/produkt\/szerokokatna-nakladka-na-obiektyw-do-dji-mini-4-pro-2\/\" \/>\n<meta property=\"og:site_name\" content=\"IRONSKY.PL Sklep z Dronami\" \/>\n<meta property=\"article:modified_time\" content=\"2026-04-15T08:26:18+00:00\" \/>\n<meta property=\"og:image\" content=\"https:\/\/ironsky.pl\/sklep\/wp-content\/uploads\/2026\/04\/34706_4.jpg\" \/>\n\t<meta property=\"og:image:width\" content=\"800\" \/>\n\t<meta property=\"og:image:height\" content=\"800\" \/>\n\t<meta property=\"og:image:type\" content=\"image\/jpeg\" \/>\n<meta name=\"twitter:card\" content=\"summary_large_image\" \/>\n<meta name=\"twitter:label1\" content=\"Szacowany czas czytania\" \/>\n\t<meta name=\"twitter:data1\" content=\"1 minuta\" \/>\n<script type=\"application\/ld+json\" class=\"yoast-schema-graph\">{\"@context\":\"https:\/\/schema.org\",\"@graph\":[{\"@type\":\"WebPage\",\"@id\":\"https:\/\/ironsky.pl\/sklep\/produkt\/szerokokatna-nakladka-na-obiektyw-do-dji-mini-4-pro-2\/\",\"url\":\"https:\/\/ironsky.pl\/sklep\/produkt\/szerokokatna-nakladka-na-obiektyw-do-dji-mini-4-pro-2\/\",\"name\":\"Szerokok\u0105tna nak\u0142adka na obiektyw do DJI Mini 4 Pro - IRONSKY.PL Sklep z Dronami\",\"isPartOf\":{\"@id\":\"https:\/\/ironsky.pl\/sklep\/#website\"},\"primaryImageOfPage\":{\"@id\":\"https:\/\/ironsky.pl\/sklep\/produkt\/szerokokatna-nakladka-na-obiektyw-do-dji-mini-4-pro-2\/#primaryimage\"},\"image\":{\"@id\":\"https:\/\/ironsky.pl\/sklep\/produkt\/szerokokatna-nakladka-na-obiektyw-do-dji-mini-4-pro-2\/#primaryimage\"},\"thumbnailUrl\":\"https:\/\/ironsky.pl\/sklep\/wp-content\/uploads\/2026\/04\/34706_4.jpg\",\"datePublished\":\"2026-04-15T08:26:07+00:00\",\"dateModified\":\"2026-04-15T08:26:18+00:00\",\"description\":\"Szerokok\u0105tna nak\u0142adka na obiektyw do DJI Mini 4 Pro - \u2705 sklep z dronami i fachowym doradztwem. \u2705 Tutaj kupisz produkty DJI, Yuneec, Parrot, Syma i wiele innych, a tak\u017ce kursy i licencje na operatora drona.\",\"breadcrumb\":{\"@id\":\"https:\/\/ironsky.pl\/sklep\/produkt\/szerokokatna-nakladka-na-obiektyw-do-dji-mini-4-pro-2\/#breadcrumb\"},\"inLanguage\":\"pl-PL\",\"potentialAction\":[{\"@type\":\"ReadAction\",\"target\":[\"https:\/\/ironsky.pl\/sklep\/produkt\/szerokokatna-nakladka-na-obiektyw-do-dji-mini-4-pro-2\/\"]}]},{\"@type\":\"ImageObject\",\"inLanguage\":\"pl-PL\",\"@id\":\"https:\/\/ironsky.pl\/sklep\/produkt\/szerokokatna-nakladka-na-obiektyw-do-dji-mini-4-pro-2\/#primaryimage\",\"url\":\"https:\/\/ironsky.pl\/sklep\/wp-content\/uploads\/2026\/04\/34706_4.jpg\",\"contentUrl\":\"https:\/\/ironsky.pl\/sklep\/wp-content\/uploads\/2026\/04\/34706_4.jpg\",\"width\":800,\"height\":800},{\"@type\":\"BreadcrumbList\",\"@id\":\"https:\/\/ironsky.pl\/sklep\/produkt\/szerokokatna-nakladka-na-obiektyw-do-dji-mini-4-pro-2\/#breadcrumb\",\"itemListElement\":[{\"@type\":\"ListItem\",\"position\":1,\"name\":\"Strona g\u0142\u00f3wna\",\"item\":\"https:\/\/ironsky.pl\/sklep\/\"},{\"@type\":\"ListItem\",\"position\":2,\"name\":\"Wszystkie produkty\",\"item\":\"https:\/\/ironsky.pl\/sklep\/produkty\/\"},{\"@type\":\"ListItem\",\"position\":3,\"name\":\"Szerokok\u0105tna nak\u0142adka na obiektyw do DJI Mini 4 Pro\"}]},{\"@type\":\"WebSite\",\"@id\":\"https:\/\/ironsky.pl\/sklep\/#website\",\"url\":\"https:\/\/ironsky.pl\/sklep\/\",\"name\":\"IRONSKY.PL Sklep z Dronami\",\"description\":\"IRONSKY.PL Sklep z Dronami\",\"potentialAction\":[{\"@type\":\"SearchAction\",\"target\":{\"@type\":\"EntryPoint\",\"urlTemplate\":\"https:\/\/ironsky.pl\/sklep\/?s={search_term_string}\"},\"query-input\":{\"@type\":\"PropertyValueSpecification\",\"valueRequired\":true,\"valueName\":\"search_term_string\"}}],\"inLanguage\":\"pl-PL\"}]}<\/script>\n<!-- \/ Yoast SEO plugin. -->","yoast_head_json":{"title":"Szerokok\u0105tna nak\u0142adka na obiektyw do DJI Mini 4 Pro - IRONSKY.PL Sklep z Dronami","description":"Szerokok\u0105tna nak\u0142adka na obiektyw do DJI Mini 4 Pro - \u2705 sklep z dronami i fachowym doradztwem. \u2705 Tutaj kupisz produkty DJI, Yuneec, Parrot, Syma i wiele innych, a tak\u017ce kursy i licencje na operatora drona.","robots":{"index":"index","follow":"follow","max-snippet":"max-snippet:-1","max-image-preview":"max-image-preview:large","max-video-preview":"max-video-preview:-1"},"canonical":"https:\/\/ironsky.pl\/sklep\/produkt\/szerokokatna-nakladka-na-obiektyw-do-dji-mini-4-pro-2\/","og_locale":"pl_PL","og_type":"article","og_title":"Szerokok\u0105tna nak\u0142adka na obiektyw do DJI Mini 4 Pro - IRONSKY.PL Sklep z Dronami","og_description":"Szerokok\u0105tna nak\u0142adka na obiektyw do DJI Mini 4 Pro - \u2705 sklep z dronami i fachowym doradztwem. \u2705 Tutaj kupisz produkty DJI, Yuneec, Parrot, Syma i wiele innych, a tak\u017ce kursy i licencje na operatora drona.","og_url":"https:\/\/ironsky.pl\/sklep\/produkt\/szerokokatna-nakladka-na-obiektyw-do-dji-mini-4-pro-2\/","og_site_name":"IRONSKY.PL Sklep z Dronami","article_modified_time":"2026-04-15T08:26:18+00:00","og_image":[{"width":800,"height":800,"url":"https:\/\/ironsky.pl\/sklep\/wp-content\/uploads\/2026\/04\/34706_4.jpg","type":"image\/jpeg"}],"twitter_card":"summary_large_image","twitter_misc":{"Szacowany czas czytania":"1 minuta"},"schema":{"@context":"https:\/\/schema.org","@graph":[{"@type":"WebPage","@id":"https:\/\/ironsky.pl\/sklep\/produkt\/szerokokatna-nakladka-na-obiektyw-do-dji-mini-4-pro-2\/","url":"https:\/\/ironsky.pl\/sklep\/produkt\/szerokokatna-nakladka-na-obiektyw-do-dji-mini-4-pro-2\/","name":"Szerokok\u0105tna nak\u0142adka na obiektyw do DJI Mini 4 Pro - IRONSKY.PL Sklep z Dronami","isPartOf":{"@id":"https:\/\/ironsky.pl\/sklep\/#website"},"primaryImageOfPage":{"@id":"https:\/\/ironsky.pl\/sklep\/produkt\/szerokokatna-nakladka-na-obiektyw-do-dji-mini-4-pro-2\/#primaryimage"},"image":{"@id":"https:\/\/ironsky.pl\/sklep\/produkt\/szerokokatna-nakladka-na-obiektyw-do-dji-mini-4-pro-2\/#primaryimage"},"thumbnailUrl":"https:\/\/ironsky.pl\/sklep\/wp-content\/uploads\/2026\/04\/34706_4.jpg","datePublished":"2026-04-15T08:26:07+00:00","dateModified":"2026-04-15T08:26:18+00:00","description":"Szerokok\u0105tna nak\u0142adka na obiektyw do DJI Mini 4 Pro - \u2705 sklep z dronami i fachowym doradztwem. \u2705 Tutaj kupisz produkty DJI, Yuneec, Parrot, Syma i wiele innych, a tak\u017ce kursy i licencje na operatora drona.","breadcrumb":{"@id":"https:\/\/ironsky.pl\/sklep\/produkt\/szerokokatna-nakladka-na-obiektyw-do-dji-mini-4-pro-2\/#breadcrumb"},"inLanguage":"pl-PL","potentialAction":[{"@type":"ReadAction","target":["https:\/\/ironsky.pl\/sklep\/produkt\/szerokokatna-nakladka-na-obiektyw-do-dji-mini-4-pro-2\/"]}]},{"@type":"ImageObject","inLanguage":"pl-PL","@id":"https:\/\/ironsky.pl\/sklep\/produkt\/szerokokatna-nakladka-na-obiektyw-do-dji-mini-4-pro-2\/#primaryimage","url":"https:\/\/ironsky.pl\/sklep\/wp-content\/uploads\/2026\/04\/34706_4.jpg","contentUrl":"https:\/\/ironsky.pl\/sklep\/wp-content\/uploads\/2026\/04\/34706_4.jpg","width":800,"height":800},{"@type":"BreadcrumbList","@id":"https:\/\/ironsky.pl\/sklep\/produkt\/szerokokatna-nakladka-na-obiektyw-do-dji-mini-4-pro-2\/#breadcrumb","itemListElement":[{"@type":"ListItem","position":1,"name":"Strona g\u0142\u00f3wna","item":"https:\/\/ironsky.pl\/sklep\/"},{"@type":"ListItem","position":2,"name":"Wszystkie produkty","item":"https:\/\/ironsky.pl\/sklep\/produkty\/"},{"@type":"ListItem","position":3,"name":"Szerokok\u0105tna nak\u0142adka na obiektyw do DJI Mini 4 Pro"}]},{"@type":"WebSite","@id":"https:\/\/ironsky.pl\/sklep\/#website","url":"https:\/\/ironsky.pl\/sklep\/","name":"IRONSKY.PL Sklep z Dronami","description":"IRONSKY.PL Sklep z Dronami","potentialAction":[{"@type":"SearchAction","target":{"@type":"EntryPoint","urlTemplate":"https:\/\/ironsky.pl\/sklep\/?s={search_term_string}"},"query-input":{"@type":"PropertyValueSpecification","valueRequired":true,"valueName":"search_term_string"}}],"inLanguage":"pl-PL"}]}},"_links":{"self":[{"href":"https:\/\/ironsky.pl\/sklep\/wp-json\/wp\/v2\/product\/57443","targetHints":{"allow":["GET"]}}],"collection":[{"href":"https:\/\/ironsky.pl\/sklep\/wp-json\/wp\/v2\/product"}],"about":[{"href":"https:\/\/ironsky.pl\/sklep\/wp-json\/wp\/v2\/types\/product"}],"replies":[{"embeddable":true,"href":"https:\/\/ironsky.pl\/sklep\/wp-json\/wp\/v2\/comments?post=57443"}],"wp:featuredmedia":[{"embeddable":true,"href":"https:\/\/ironsky.pl\/sklep\/wp-json\/wp\/v2\/media\/57444"}],"wp:attachment":[{"href":"https:\/\/ironsky.pl\/sklep\/wp-json\/wp\/v2\/media?parent=57443"}],"wp:term":[{"taxonomy":"product_brand","embeddable":true,"href":"https:\/\/ironsky.pl\/sklep\/wp-json\/wp\/v2\/product_brand?post=57443"},{"taxonomy":"product_cat","embeddable":true,"href":"https:\/\/ironsky.pl\/sklep\/wp-json\/wp\/v2\/product_cat?post=57443"},{"taxonomy":"product_tag","embeddable":true,"href":"https:\/\/ironsky.pl\/sklep\/wp-json\/wp\/v2\/product_tag?post=57443"}],"curies":[{"name":"wp","href":"https:\/\/api.w.org\/{rel}","templated":true}]}}