{"id":57425,"date":"2026-04-15T10:25:38","date_gmt":"2026-04-15T08:25:38","guid":{"rendered":"https:\/\/ironsky.pl\/sklep\/produkt\/dji-care-enterprise-plus-upgrade-matrice-300-rtk-kod-elektroniczny-2\/"},"modified":"2026-04-15T10:26:06","modified_gmt":"2026-04-15T08:26:06","slug":"dji-care-enterprise-plus-upgrade-matrice-300-rtk-kod-elektroniczny-2","status":"publish","type":"product","link":"https:\/\/ironsky.pl\/sklep\/produkt\/dji-care-enterprise-plus-upgrade-matrice-300-rtk-kod-elektroniczny-2\/","title":{"rendered":"DJI Care Enterprise Plus Upgrade Matrice 300 RTK &#8211; kod elektroniczny"},"content":{"rendered":"<h3>DJI Care Enterprise Plus Upgrade<\/h3>\n<p>Us\u0142uga umo\u017cliwiaj\u0105ca przekonwertowanie rocznego pakietu DJI Care Enterprise Basic na pakiet DJI Care Enterprise Plus.<\/p>\n<h3>Kompleksowa ochrona<\/h3>\n<p>DJI Care Enterprise Plus to kompleksowa us\u0142uga oferowana przez DJI na produkty Enterprise, kt\u00f3ra zapewnia nieograniczon\u0105 liczb\u0119 bezp\u0142atnych napraw w ramach limitu us\u0142ugi obejmuj\u0105cych uszkodzenia spowodowane wypadkami, takimi jak zderzenia, zalaniem wod\u0105, utrat\u0105 sygna\u0142u i b\u0142\u0119dami obs\u0142ugi.<\/p>\n<h3>Jak to dzia\u0142a<\/h3>\n<p>Po zakupie pakietu DJI Care Enterprise<span>\u00a0<\/span>Plus Upgrade, u\u017cytkownik kontaktuje si\u0119 ze biurem obs\u0142ugi w celu aktywowania us\u0142ugi. Nale\u017cy pami\u0119ta\u0107, \u017ce konwersja z pakietu Basic na pakiet Plus musi nast\u0105pi\u0107\u00a0przed pierwszym uruchomieniem sprz\u0119tu.\u00a0<span>Wi\u0119cej szczeg\u00f3\u0142\u00f3w mo\u017cna uzyska\u0107 na\u00a0<\/span><a href=\"https:\/\/enterprise.dji.com\/djicare-enterprise\" target=\"_blank\">stronie producenta<\/a><span>.<\/span><\/p>\n","protected":false},"excerpt":{"rendered":"<p>DJI Care Enterprise Plus Upgrade Us\u0142uga umo\u017cliwiaj\u0105ca przekonwertowanie rocznego pakietu DJI Care Enterprise Basic na pakiet DJI Care Enterprise Plus.<\/p>\n","protected":false},"featured_media":57426,"comment_status":"closed","ping_status":"open","template":"","meta":{"_acf_changed":false},"product_brand":[],"product_cat":[6175,1088,1105],"product_tag":[],"class_list":{"0":"post-57425","1":"product","2":"type-product","3":"status-publish","4":"has-post-thumbnail","6":"product_cat-dji-care-enterprise","7":"product_cat-drony","8":"product_cat-przemyslowe","9":"pa_producent-dji-enterprise","11":"first","12":"outofstock","13":"taxable","14":"shipping-taxable","15":"purchasable","16":"product-type-simple"},"acf":[],"yoast_head":"<!-- This site is optimized with the Yoast SEO plugin v27.2 - https:\/\/yoast.com\/product\/yoast-seo-wordpress\/ -->\n<title>DJI Care Enterprise Plus Upgrade Matrice 300 RTK - kod elektroniczny - IRONSKY.PL Sklep z Dronami<\/title>\n<meta name=\"description\" content=\"DJI Care Enterprise Plus Upgrade Matrice 300 RTK - kod elektroniczny - \u2705 sklep z dronami i fachowym doradztwem. \u2705 Tutaj kupisz produkty DJI, Yuneec, Parrot, Syma i wiele innych, a tak\u017ce kursy i licencje na operatora drona.\" \/>\n<meta name=\"robots\" content=\"index, follow, max-snippet:-1, max-image-preview:large, max-video-preview:-1\" \/>\n<link rel=\"canonical\" href=\"https:\/\/ironsky.pl\/sklep\/produkt\/dji-care-enterprise-plus-upgrade-matrice-300-rtk-kod-elektroniczny-2\/\" \/>\n<meta property=\"og:locale\" content=\"pl_PL\" \/>\n<meta property=\"og:type\" content=\"article\" \/>\n<meta property=\"og:title\" content=\"DJI Care Enterprise Plus Upgrade Matrice 300 RTK - kod elektroniczny - IRONSKY.PL Sklep z Dronami\" \/>\n<meta property=\"og:description\" content=\"DJI Care Enterprise Plus Upgrade Matrice 300 RTK - kod elektroniczny - \u2705 sklep z dronami i fachowym doradztwem. \u2705 Tutaj kupisz produkty DJI, Yuneec, Parrot, Syma i wiele innych, a tak\u017ce kursy i licencje na operatora drona.\" \/>\n<meta property=\"og:url\" content=\"https:\/\/ironsky.pl\/sklep\/produkt\/dji-care-enterprise-plus-upgrade-matrice-300-rtk-kod-elektroniczny-2\/\" \/>\n<meta property=\"og:site_name\" content=\"IRONSKY.PL Sklep z Dronami\" \/>\n<meta property=\"article:modified_time\" content=\"2026-04-15T08:26:06+00:00\" \/>\n<meta property=\"og:image\" content=\"https:\/\/ironsky.pl\/sklep\/wp-content\/uploads\/2026\/04\/34691_2.jpg\" \/>\n\t<meta property=\"og:image:width\" content=\"800\" \/>\n\t<meta property=\"og:image:height\" content=\"800\" \/>\n\t<meta property=\"og:image:type\" content=\"image\/jpeg\" \/>\n<meta name=\"twitter:card\" content=\"summary_large_image\" \/>\n<meta name=\"twitter:label1\" content=\"Szacowany czas czytania\" \/>\n\t<meta name=\"twitter:data1\" content=\"1 minuta\" \/>\n<script type=\"application\/ld+json\" class=\"yoast-schema-graph\">{\"@context\":\"https:\/\/schema.org\",\"@graph\":[{\"@type\":\"WebPage\",\"@id\":\"https:\/\/ironsky.pl\/sklep\/produkt\/dji-care-enterprise-plus-upgrade-matrice-300-rtk-kod-elektroniczny-2\/\",\"url\":\"https:\/\/ironsky.pl\/sklep\/produkt\/dji-care-enterprise-plus-upgrade-matrice-300-rtk-kod-elektroniczny-2\/\",\"name\":\"DJI Care Enterprise Plus Upgrade Matrice 300 RTK - kod elektroniczny - IRONSKY.PL Sklep z Dronami\",\"isPartOf\":{\"@id\":\"https:\/\/ironsky.pl\/sklep\/#website\"},\"primaryImageOfPage\":{\"@id\":\"https:\/\/ironsky.pl\/sklep\/produkt\/dji-care-enterprise-plus-upgrade-matrice-300-rtk-kod-elektroniczny-2\/#primaryimage\"},\"image\":{\"@id\":\"https:\/\/ironsky.pl\/sklep\/produkt\/dji-care-enterprise-plus-upgrade-matrice-300-rtk-kod-elektroniczny-2\/#primaryimage\"},\"thumbnailUrl\":\"https:\/\/ironsky.pl\/sklep\/wp-content\/uploads\/2026\/04\/34691_2.jpg\",\"datePublished\":\"2026-04-15T08:25:38+00:00\",\"dateModified\":\"2026-04-15T08:26:06+00:00\",\"description\":\"DJI Care Enterprise Plus Upgrade Matrice 300 RTK - kod elektroniczny - \u2705 sklep z dronami i fachowym doradztwem. \u2705 Tutaj kupisz produkty DJI, Yuneec, Parrot, Syma i wiele innych, a tak\u017ce kursy i licencje na operatora drona.\",\"breadcrumb\":{\"@id\":\"https:\/\/ironsky.pl\/sklep\/produkt\/dji-care-enterprise-plus-upgrade-matrice-300-rtk-kod-elektroniczny-2\/#breadcrumb\"},\"inLanguage\":\"pl-PL\",\"potentialAction\":[{\"@type\":\"ReadAction\",\"target\":[\"https:\/\/ironsky.pl\/sklep\/produkt\/dji-care-enterprise-plus-upgrade-matrice-300-rtk-kod-elektroniczny-2\/\"]}]},{\"@type\":\"ImageObject\",\"inLanguage\":\"pl-PL\",\"@id\":\"https:\/\/ironsky.pl\/sklep\/produkt\/dji-care-enterprise-plus-upgrade-matrice-300-rtk-kod-elektroniczny-2\/#primaryimage\",\"url\":\"https:\/\/ironsky.pl\/sklep\/wp-content\/uploads\/2026\/04\/34691_2.jpg\",\"contentUrl\":\"https:\/\/ironsky.pl\/sklep\/wp-content\/uploads\/2026\/04\/34691_2.jpg\",\"width\":800,\"height\":800},{\"@type\":\"BreadcrumbList\",\"@id\":\"https:\/\/ironsky.pl\/sklep\/produkt\/dji-care-enterprise-plus-upgrade-matrice-300-rtk-kod-elektroniczny-2\/#breadcrumb\",\"itemListElement\":[{\"@type\":\"ListItem\",\"position\":1,\"name\":\"Strona g\u0142\u00f3wna\",\"item\":\"https:\/\/ironsky.pl\/sklep\/\"},{\"@type\":\"ListItem\",\"position\":2,\"name\":\"Wszystkie produkty\",\"item\":\"https:\/\/ironsky.pl\/sklep\/produkty\/\"},{\"@type\":\"ListItem\",\"position\":3,\"name\":\"DJI Care Enterprise Plus Upgrade Matrice 300 RTK &#8211; kod elektroniczny\"}]},{\"@type\":\"WebSite\",\"@id\":\"https:\/\/ironsky.pl\/sklep\/#website\",\"url\":\"https:\/\/ironsky.pl\/sklep\/\",\"name\":\"IRONSKY.PL Sklep z Dronami\",\"description\":\"IRONSKY.PL Sklep z Dronami\",\"potentialAction\":[{\"@type\":\"SearchAction\",\"target\":{\"@type\":\"EntryPoint\",\"urlTemplate\":\"https:\/\/ironsky.pl\/sklep\/?s={search_term_string}\"},\"query-input\":{\"@type\":\"PropertyValueSpecification\",\"valueRequired\":true,\"valueName\":\"search_term_string\"}}],\"inLanguage\":\"pl-PL\"}]}<\/script>\n<!-- \/ Yoast SEO plugin. -->","yoast_head_json":{"title":"DJI Care Enterprise Plus Upgrade Matrice 300 RTK - kod elektroniczny - IRONSKY.PL Sklep z Dronami","description":"DJI Care Enterprise Plus Upgrade Matrice 300 RTK - kod elektroniczny - \u2705 sklep z dronami i fachowym doradztwem. \u2705 Tutaj kupisz produkty DJI, Yuneec, Parrot, Syma i wiele innych, a tak\u017ce kursy i licencje na operatora drona.","robots":{"index":"index","follow":"follow","max-snippet":"max-snippet:-1","max-image-preview":"max-image-preview:large","max-video-preview":"max-video-preview:-1"},"canonical":"https:\/\/ironsky.pl\/sklep\/produkt\/dji-care-enterprise-plus-upgrade-matrice-300-rtk-kod-elektroniczny-2\/","og_locale":"pl_PL","og_type":"article","og_title":"DJI Care Enterprise Plus Upgrade Matrice 300 RTK - kod elektroniczny - IRONSKY.PL Sklep z Dronami","og_description":"DJI Care Enterprise Plus Upgrade Matrice 300 RTK - kod elektroniczny - \u2705 sklep z dronami i fachowym doradztwem. \u2705 Tutaj kupisz produkty DJI, Yuneec, Parrot, Syma i wiele innych, a tak\u017ce kursy i licencje na operatora drona.","og_url":"https:\/\/ironsky.pl\/sklep\/produkt\/dji-care-enterprise-plus-upgrade-matrice-300-rtk-kod-elektroniczny-2\/","og_site_name":"IRONSKY.PL Sklep z Dronami","article_modified_time":"2026-04-15T08:26:06+00:00","og_image":[{"width":800,"height":800,"url":"https:\/\/ironsky.pl\/sklep\/wp-content\/uploads\/2026\/04\/34691_2.jpg","type":"image\/jpeg"}],"twitter_card":"summary_large_image","twitter_misc":{"Szacowany czas czytania":"1 minuta"},"schema":{"@context":"https:\/\/schema.org","@graph":[{"@type":"WebPage","@id":"https:\/\/ironsky.pl\/sklep\/produkt\/dji-care-enterprise-plus-upgrade-matrice-300-rtk-kod-elektroniczny-2\/","url":"https:\/\/ironsky.pl\/sklep\/produkt\/dji-care-enterprise-plus-upgrade-matrice-300-rtk-kod-elektroniczny-2\/","name":"DJI Care Enterprise Plus Upgrade Matrice 300 RTK - kod elektroniczny - IRONSKY.PL Sklep z Dronami","isPartOf":{"@id":"https:\/\/ironsky.pl\/sklep\/#website"},"primaryImageOfPage":{"@id":"https:\/\/ironsky.pl\/sklep\/produkt\/dji-care-enterprise-plus-upgrade-matrice-300-rtk-kod-elektroniczny-2\/#primaryimage"},"image":{"@id":"https:\/\/ironsky.pl\/sklep\/produkt\/dji-care-enterprise-plus-upgrade-matrice-300-rtk-kod-elektroniczny-2\/#primaryimage"},"thumbnailUrl":"https:\/\/ironsky.pl\/sklep\/wp-content\/uploads\/2026\/04\/34691_2.jpg","datePublished":"2026-04-15T08:25:38+00:00","dateModified":"2026-04-15T08:26:06+00:00","description":"DJI Care Enterprise Plus Upgrade Matrice 300 RTK - kod elektroniczny - \u2705 sklep z dronami i fachowym doradztwem. \u2705 Tutaj kupisz produkty DJI, Yuneec, Parrot, Syma i wiele innych, a tak\u017ce kursy i licencje na operatora drona.","breadcrumb":{"@id":"https:\/\/ironsky.pl\/sklep\/produkt\/dji-care-enterprise-plus-upgrade-matrice-300-rtk-kod-elektroniczny-2\/#breadcrumb"},"inLanguage":"pl-PL","potentialAction":[{"@type":"ReadAction","target":["https:\/\/ironsky.pl\/sklep\/produkt\/dji-care-enterprise-plus-upgrade-matrice-300-rtk-kod-elektroniczny-2\/"]}]},{"@type":"ImageObject","inLanguage":"pl-PL","@id":"https:\/\/ironsky.pl\/sklep\/produkt\/dji-care-enterprise-plus-upgrade-matrice-300-rtk-kod-elektroniczny-2\/#primaryimage","url":"https:\/\/ironsky.pl\/sklep\/wp-content\/uploads\/2026\/04\/34691_2.jpg","contentUrl":"https:\/\/ironsky.pl\/sklep\/wp-content\/uploads\/2026\/04\/34691_2.jpg","width":800,"height":800},{"@type":"BreadcrumbList","@id":"https:\/\/ironsky.pl\/sklep\/produkt\/dji-care-enterprise-plus-upgrade-matrice-300-rtk-kod-elektroniczny-2\/#breadcrumb","itemListElement":[{"@type":"ListItem","position":1,"name":"Strona g\u0142\u00f3wna","item":"https:\/\/ironsky.pl\/sklep\/"},{"@type":"ListItem","position":2,"name":"Wszystkie produkty","item":"https:\/\/ironsky.pl\/sklep\/produkty\/"},{"@type":"ListItem","position":3,"name":"DJI Care Enterprise Plus Upgrade Matrice 300 RTK &#8211; kod elektroniczny"}]},{"@type":"WebSite","@id":"https:\/\/ironsky.pl\/sklep\/#website","url":"https:\/\/ironsky.pl\/sklep\/","name":"IRONSKY.PL Sklep z Dronami","description":"IRONSKY.PL Sklep z Dronami","potentialAction":[{"@type":"SearchAction","target":{"@type":"EntryPoint","urlTemplate":"https:\/\/ironsky.pl\/sklep\/?s={search_term_string}"},"query-input":{"@type":"PropertyValueSpecification","valueRequired":true,"valueName":"search_term_string"}}],"inLanguage":"pl-PL"}]}},"_links":{"self":[{"href":"https:\/\/ironsky.pl\/sklep\/wp-json\/wp\/v2\/product\/57425","targetHints":{"allow":["GET"]}}],"collection":[{"href":"https:\/\/ironsky.pl\/sklep\/wp-json\/wp\/v2\/product"}],"about":[{"href":"https:\/\/ironsky.pl\/sklep\/wp-json\/wp\/v2\/types\/product"}],"replies":[{"embeddable":true,"href":"https:\/\/ironsky.pl\/sklep\/wp-json\/wp\/v2\/comments?post=57425"}],"wp:featuredmedia":[{"embeddable":true,"href":"https:\/\/ironsky.pl\/sklep\/wp-json\/wp\/v2\/media\/57426"}],"wp:attachment":[{"href":"https:\/\/ironsky.pl\/sklep\/wp-json\/wp\/v2\/media?parent=57425"}],"wp:term":[{"taxonomy":"product_brand","embeddable":true,"href":"https:\/\/ironsky.pl\/sklep\/wp-json\/wp\/v2\/product_brand?post=57425"},{"taxonomy":"product_cat","embeddable":true,"href":"https:\/\/ironsky.pl\/sklep\/wp-json\/wp\/v2\/product_cat?post=57425"},{"taxonomy":"product_tag","embeddable":true,"href":"https:\/\/ironsky.pl\/sklep\/wp-json\/wp\/v2\/product_tag?post=57425"}],"curies":[{"name":"wp","href":"https:\/\/api.w.org\/{rel}","templated":true}]}}