{"id":57420,"date":"2026-04-15T10:25:38","date_gmt":"2026-04-15T08:25:38","guid":{"rendered":"https:\/\/ironsky.pl\/sklep\/produkt\/plecak-na-laptopa-tomtoc-navigator-t66-17-40l-czarny\/"},"modified":"2026-04-15T10:26:00","modified_gmt":"2026-04-15T08:26:00","slug":"plecak-na-laptopa-tomtoc-navigator-t66-17-40l-czarny","status":"publish","type":"product","link":"https:\/\/ironsky.pl\/sklep\/produkt\/plecak-na-laptopa-tomtoc-navigator-t66-17-40l-czarny\/","title":{"rendered":"Plecak na laptopa TOMTOC Navigator-T66  17&#8243;\/40L (czarny)"},"content":{"rendered":"<h3>Podr\u00f3\u017cny plecak na laptopa 38-40L \/ 17&#8221; Tomtoc Navigator-T66 (czarny)<\/h3>\n<p>Tomtoc Navigator-T66 to du\u017cy plecak podr\u00f3\u017cny o pojemno\u015bci 38-40 litr\u00f3w, kt\u00f3ry posiada \u015bwietnie przemy\u015blan\u0105 konstrukcj\u0119 pozwalaj\u0105ca u\u017cytkownikowi na wygodny dost\u0119p do zawarto\u015bci. Plecak wykonany zosta\u0142 z wytrzyma\u0142ych, wodoodpornych materia\u0142\u00f3w pochodz\u0105cych z recyklingu. Wszyte w plecak zamki wyprodukowane zosta\u0142y przez cenion\u0105 ze wzgl\u0119du na jako\u015b\u0107 japo\u0144sk\u0105 firm\u0119 YKK.\u00a0<\/p>\n<p>\n<img decoding=\"async\" src=\"https:\/\/assets.innpro.pl\/1193\/1288\/6.jpg\" border=\"0\" \/>\n<\/p>\n<h3>Prz\u00f3d plecaka<\/h3>\n<p>Wewn\u0105trz przedniej zapinanej na klamry klapy znajduje si\u0119 zapinana z boku na suwak kieszonka idealna na ma\u0142e podr\u0119czne rzeczy takie, jak klucze, karta pok\u0142adowa czy przek\u0105ski. Klapa posiada zamek na d\u0142ugo\u015b\u0107 trzech bok\u00f3w, kt\u00f3ry sprawia, \u017ce plecak otwierany jest jak walizka. Daje to \u0142atwy i wygodny dost\u0119p do jego zawarto\u015bci. W \u015brodku plecaka wszyta jest klapa usztywniaj\u0105ca jego sp\u00f3d na ca\u0142ej powierzchni &#8211; mo\u017cna j\u0105 tak\u017ce z\u0142o\u017cy\u0107 do plec\u00f3w, aby zacie\u015bni\u0107 paski z przodu i zmniejszy\u0107 jego szeroko\u015b\u0107.\u00a0<\/p>\n<p>\n<img decoding=\"async\" src=\"https:\/\/assets.innpro.pl\/1193\/1288\/7.jpg\" border=\"0\" \/>\n<\/p>\n<h3>G\u00f3ra i boki plecaka <\/h3>\n<p>Na g\u00f3rze plecaka znajduje si\u0119 wyk\u0142adany piank\u0105 uchwyt, a tak\u017ce zapinana od strony plec\u00f3w kieszonka na zamek. Po obu bokach znajduje si\u0119 kieszonka z wszyt\u0105 gumk\u0105, kt\u00f3r\u0105 przytrzymuje w\u0142o\u017con\u0105 do niej butelk\u0119 lub sprawia, \u017ce przylega ona \u0142adnie do plecaka, gdy jest pusta. Z boku znajduje si\u0119 tak\u017ce wszyty uchwyt, kt\u00f3ry pozwala nosi\u0107 plecak wzd\u0142u\u017c jego szeroko\u015bci tak, jak walizk\u0119.\u00a0<\/p>\n<p>\n<img decoding=\"async\" src=\"https:\/\/assets.innpro.pl\/1193\/1288\/1.jpg\" border=\"0\" \/>\n<\/p>\n<h3>Ty\u0142 plecaka <\/h3>\n<p>Plecak zapinany jest tak\u017ce na zamek od strony plec\u00f3w. Wewn\u0105trz znajduj\u0105 si\u0119 dwie zapinane jednocze\u015bnie na rzep kieszenie &#8211; jedna wy\u017csza i szersza, do kt\u00f3rej zmie\u015bci si\u0119 17-calowy laptop i druga ni\u017csza i w\u0119\u017csza, kt\u00f3ra pomie\u015bci 13-calowy tablet. Po drugiej stronie na dole znajduje si\u0119 zapinana na zamek kiesze\u0144. Jest ona wszyta w zapinany na d\u0142ugo\u015b\u0107 trzech bok\u00f3w panel, kt\u00f3ry wyposa\u017cony jest w dwa suwaki oraz czerwony zaczep, kt\u00f3rego poci\u0105gni\u0119cie pozwala na rozpi\u0119cie ich obydwu jednocze\u015bnie. Plecak mo\u017ce by\u0107 noszony na wiele spos\u00f3b. Znajduj\u0105ce si\u0119 z ty\u0142u szelki wy\u0142o\u017cone s\u0105 piank\u0105, aby zwi\u0119kszy\u0107 komfort jego noszenia &#8211; mo\u017cna regulowa\u0107 ich d\u0142ugo\u015b\u0107, podobnie jak d\u0142ugo\u015b\u0107 zapinanego na klamry paska na klatce piersiowej. Ty\u0142 wy\u0142o\u017cony jest piankowymi panelami. Wzd\u0142u\u017c niego biegnie ta\u015bma, przez kt\u00f3r\u0105 mo\u017cna prze\u0142o\u017cy\u0107 r\u0105czk\u0119 walizki i wygodnie go na niej transportowa\u0107.\u00a0<\/p>\n<p>\n<img decoding=\"async\" src=\"https:\/\/assets.innpro.pl\/1193\/1288\/2.jpg\" border=\"0\" \/>\n<\/p>\n<div class=\"table-wrapper\">\n<p>\u00a0<\/p>\n<h3><\/h3>\n<table>\n<tbody>\n<tr>\n<th>Producent<\/th>\n<td>Tomtoc<\/td>\n<\/tr>\n<tr>\n<th>Model<\/th>\n<td>Navigator-T66<\/td>\n<\/tr>\n<tr>\n<th>Kolor<\/th>\n<td>czarny<\/td>\n<\/tr>\n<tr>\n<th>Pojemno\u015b\u0107<\/th>\n<td>38-40 L<\/td>\n<\/tr>\n<tr>\n<th>Wymiary<\/th>\n<td>52 x 34 x 23cm<\/td>\n<\/tr>\n<tr>\n<th>Waga<\/th>\n<td>1200 g<\/td>\n<\/tr>\n<tr>\n<th>Kieszenie<\/th>\n<td>komora techniczna na 17-calowe laptopy i 13-calowe iPady z akcesoriami, przednia kiesze\u0144, g\u00f3rna kiesze\u0144, poboczne kieszenie z \u0142atwym dost\u0119pem<\/td>\n<\/tr>\n<\/tbody>\n<\/table>\n<\/div>\n","protected":false},"excerpt":{"rendered":"<p>Podr\u00f3\u017cny plecak na laptopa 38-40L \/ 17&#8221; Tomtoc Navigator-T66 (czarny) Tomtoc Navigator-T66 to du\u017cy plecak podr\u00f3\u017cny o pojemno\u015bci 38-40 litr\u00f3w,<\/p>\n","protected":false},"featured_media":48788,"comment_status":"closed","ping_status":"open","template":"","meta":{"_acf_changed":false},"product_brand":[],"product_cat":[5929,5955],"product_tag":[],"class_list":{"0":"post-57420","1":"product","2":"type-product","3":"status-publish","4":"has-post-thumbnail","6":"product_cat-akcesoria-it","7":"product_cat-przenoszenie","8":"pa_okres-gwarancji-5757","9":"pa_producent-tomtoc","11":"first","12":"outofstock","13":"taxable","14":"shipping-taxable","15":"purchasable","16":"product-type-simple"},"acf":[],"yoast_head":"<!-- This site is optimized with the Yoast SEO plugin v27.2 - https:\/\/yoast.com\/product\/yoast-seo-wordpress\/ -->\n<title>Plecak na laptopa TOMTOC Navigator-T66 17&quot;\/40L (czarny) - IRONSKY.PL Sklep z Dronami<\/title>\n<meta name=\"description\" content=\"Plecak na laptopa TOMTOC Navigator-T66 17&quot;\/40L (czarny) - \u2705 sklep z dronami i fachowym doradztwem. \u2705 Tutaj kupisz produkty DJI, Yuneec, Parrot, Syma i wiele innych, a tak\u017ce kursy i licencje na operatora drona.\" \/>\n<meta name=\"robots\" content=\"index, follow, max-snippet:-1, max-image-preview:large, max-video-preview:-1\" \/>\n<link rel=\"canonical\" href=\"https:\/\/ironsky.pl\/sklep\/produkt\/plecak-na-laptopa-tomtoc-navigator-t66-17-40l-czarny\/\" \/>\n<meta property=\"og:locale\" content=\"pl_PL\" \/>\n<meta property=\"og:type\" content=\"article\" \/>\n<meta property=\"og:title\" content=\"Plecak na laptopa TOMTOC Navigator-T66 17&quot;\/40L (czarny) - IRONSKY.PL Sklep z Dronami\" \/>\n<meta property=\"og:description\" content=\"Plecak na laptopa TOMTOC Navigator-T66 17&quot;\/40L (czarny) - \u2705 sklep z dronami i fachowym doradztwem. \u2705 Tutaj kupisz produkty DJI, Yuneec, Parrot, Syma i wiele innych, a tak\u017ce kursy i licencje na operatora drona.\" \/>\n<meta property=\"og:url\" content=\"https:\/\/ironsky.pl\/sklep\/produkt\/plecak-na-laptopa-tomtoc-navigator-t66-17-40l-czarny\/\" \/>\n<meta property=\"og:site_name\" content=\"IRONSKY.PL Sklep z Dronami\" \/>\n<meta property=\"article:modified_time\" content=\"2026-04-15T08:26:00+00:00\" \/>\n<meta property=\"og:image\" content=\"https:\/\/ironsky.pl\/sklep\/wp-content\/uploads\/2025\/10\/34562_1.jpg\" \/>\n\t<meta property=\"og:image:width\" content=\"800\" \/>\n\t<meta property=\"og:image:height\" content=\"800\" \/>\n\t<meta property=\"og:image:type\" content=\"image\/jpeg\" \/>\n<meta name=\"twitter:card\" content=\"summary_large_image\" \/>\n<meta name=\"twitter:label1\" content=\"Szacowany czas czytania\" \/>\n\t<meta name=\"twitter:data1\" content=\"2 minuty\" \/>\n<script type=\"application\/ld+json\" class=\"yoast-schema-graph\">{\"@context\":\"https:\/\/schema.org\",\"@graph\":[{\"@type\":\"WebPage\",\"@id\":\"https:\/\/ironsky.pl\/sklep\/produkt\/plecak-na-laptopa-tomtoc-navigator-t66-17-40l-czarny\/\",\"url\":\"https:\/\/ironsky.pl\/sklep\/produkt\/plecak-na-laptopa-tomtoc-navigator-t66-17-40l-czarny\/\",\"name\":\"Plecak na laptopa TOMTOC Navigator-T66 17\\\"\/40L (czarny) - IRONSKY.PL Sklep z Dronami\",\"isPartOf\":{\"@id\":\"https:\/\/ironsky.pl\/sklep\/#website\"},\"primaryImageOfPage\":{\"@id\":\"https:\/\/ironsky.pl\/sklep\/produkt\/plecak-na-laptopa-tomtoc-navigator-t66-17-40l-czarny\/#primaryimage\"},\"image\":{\"@id\":\"https:\/\/ironsky.pl\/sklep\/produkt\/plecak-na-laptopa-tomtoc-navigator-t66-17-40l-czarny\/#primaryimage\"},\"thumbnailUrl\":\"https:\/\/ironsky.pl\/sklep\/wp-content\/uploads\/2025\/10\/34562_1.jpg\",\"datePublished\":\"2026-04-15T08:25:38+00:00\",\"dateModified\":\"2026-04-15T08:26:00+00:00\",\"description\":\"Plecak na laptopa TOMTOC Navigator-T66 17\\\"\/40L (czarny) - \u2705 sklep z dronami i fachowym doradztwem. \u2705 Tutaj kupisz produkty DJI, Yuneec, Parrot, Syma i wiele innych, a tak\u017ce kursy i licencje na operatora drona.\",\"breadcrumb\":{\"@id\":\"https:\/\/ironsky.pl\/sklep\/produkt\/plecak-na-laptopa-tomtoc-navigator-t66-17-40l-czarny\/#breadcrumb\"},\"inLanguage\":\"pl-PL\",\"potentialAction\":[{\"@type\":\"ReadAction\",\"target\":[\"https:\/\/ironsky.pl\/sklep\/produkt\/plecak-na-laptopa-tomtoc-navigator-t66-17-40l-czarny\/\"]}]},{\"@type\":\"ImageObject\",\"inLanguage\":\"pl-PL\",\"@id\":\"https:\/\/ironsky.pl\/sklep\/produkt\/plecak-na-laptopa-tomtoc-navigator-t66-17-40l-czarny\/#primaryimage\",\"url\":\"https:\/\/ironsky.pl\/sklep\/wp-content\/uploads\/2025\/10\/34562_1.jpg\",\"contentUrl\":\"https:\/\/ironsky.pl\/sklep\/wp-content\/uploads\/2025\/10\/34562_1.jpg\",\"width\":800,\"height\":800},{\"@type\":\"BreadcrumbList\",\"@id\":\"https:\/\/ironsky.pl\/sklep\/produkt\/plecak-na-laptopa-tomtoc-navigator-t66-17-40l-czarny\/#breadcrumb\",\"itemListElement\":[{\"@type\":\"ListItem\",\"position\":1,\"name\":\"Strona g\u0142\u00f3wna\",\"item\":\"https:\/\/ironsky.pl\/sklep\/\"},{\"@type\":\"ListItem\",\"position\":2,\"name\":\"Wszystkie produkty\",\"item\":\"https:\/\/ironsky.pl\/sklep\/produkty\/\"},{\"@type\":\"ListItem\",\"position\":3,\"name\":\"Plecak na laptopa TOMTOC Navigator-T66 17&#8243;\/40L (czarny)\"}]},{\"@type\":\"WebSite\",\"@id\":\"https:\/\/ironsky.pl\/sklep\/#website\",\"url\":\"https:\/\/ironsky.pl\/sklep\/\",\"name\":\"IRONSKY.PL Sklep z Dronami\",\"description\":\"IRONSKY.PL Sklep z Dronami\",\"potentialAction\":[{\"@type\":\"SearchAction\",\"target\":{\"@type\":\"EntryPoint\",\"urlTemplate\":\"https:\/\/ironsky.pl\/sklep\/?s={search_term_string}\"},\"query-input\":{\"@type\":\"PropertyValueSpecification\",\"valueRequired\":true,\"valueName\":\"search_term_string\"}}],\"inLanguage\":\"pl-PL\"}]}<\/script>\n<!-- \/ Yoast SEO plugin. -->","yoast_head_json":{"title":"Plecak na laptopa TOMTOC Navigator-T66 17\"\/40L (czarny) - IRONSKY.PL Sklep z Dronami","description":"Plecak na laptopa TOMTOC Navigator-T66 17\"\/40L (czarny) - \u2705 sklep z dronami i fachowym doradztwem. \u2705 Tutaj kupisz produkty DJI, Yuneec, Parrot, Syma i wiele innych, a tak\u017ce kursy i licencje na operatora drona.","robots":{"index":"index","follow":"follow","max-snippet":"max-snippet:-1","max-image-preview":"max-image-preview:large","max-video-preview":"max-video-preview:-1"},"canonical":"https:\/\/ironsky.pl\/sklep\/produkt\/plecak-na-laptopa-tomtoc-navigator-t66-17-40l-czarny\/","og_locale":"pl_PL","og_type":"article","og_title":"Plecak na laptopa TOMTOC Navigator-T66 17\"\/40L (czarny) - IRONSKY.PL Sklep z Dronami","og_description":"Plecak na laptopa TOMTOC Navigator-T66 17\"\/40L (czarny) - \u2705 sklep z dronami i fachowym doradztwem. \u2705 Tutaj kupisz produkty DJI, Yuneec, Parrot, Syma i wiele innych, a tak\u017ce kursy i licencje na operatora drona.","og_url":"https:\/\/ironsky.pl\/sklep\/produkt\/plecak-na-laptopa-tomtoc-navigator-t66-17-40l-czarny\/","og_site_name":"IRONSKY.PL Sklep z Dronami","article_modified_time":"2026-04-15T08:26:00+00:00","og_image":[{"width":800,"height":800,"url":"https:\/\/ironsky.pl\/sklep\/wp-content\/uploads\/2025\/10\/34562_1.jpg","type":"image\/jpeg"}],"twitter_card":"summary_large_image","twitter_misc":{"Szacowany czas czytania":"2 minuty"},"schema":{"@context":"https:\/\/schema.org","@graph":[{"@type":"WebPage","@id":"https:\/\/ironsky.pl\/sklep\/produkt\/plecak-na-laptopa-tomtoc-navigator-t66-17-40l-czarny\/","url":"https:\/\/ironsky.pl\/sklep\/produkt\/plecak-na-laptopa-tomtoc-navigator-t66-17-40l-czarny\/","name":"Plecak na laptopa TOMTOC Navigator-T66 17\"\/40L (czarny) - IRONSKY.PL Sklep z Dronami","isPartOf":{"@id":"https:\/\/ironsky.pl\/sklep\/#website"},"primaryImageOfPage":{"@id":"https:\/\/ironsky.pl\/sklep\/produkt\/plecak-na-laptopa-tomtoc-navigator-t66-17-40l-czarny\/#primaryimage"},"image":{"@id":"https:\/\/ironsky.pl\/sklep\/produkt\/plecak-na-laptopa-tomtoc-navigator-t66-17-40l-czarny\/#primaryimage"},"thumbnailUrl":"https:\/\/ironsky.pl\/sklep\/wp-content\/uploads\/2025\/10\/34562_1.jpg","datePublished":"2026-04-15T08:25:38+00:00","dateModified":"2026-04-15T08:26:00+00:00","description":"Plecak na laptopa TOMTOC Navigator-T66 17\"\/40L (czarny) - \u2705 sklep z dronami i fachowym doradztwem. \u2705 Tutaj kupisz produkty DJI, Yuneec, Parrot, Syma i wiele innych, a tak\u017ce kursy i licencje na operatora drona.","breadcrumb":{"@id":"https:\/\/ironsky.pl\/sklep\/produkt\/plecak-na-laptopa-tomtoc-navigator-t66-17-40l-czarny\/#breadcrumb"},"inLanguage":"pl-PL","potentialAction":[{"@type":"ReadAction","target":["https:\/\/ironsky.pl\/sklep\/produkt\/plecak-na-laptopa-tomtoc-navigator-t66-17-40l-czarny\/"]}]},{"@type":"ImageObject","inLanguage":"pl-PL","@id":"https:\/\/ironsky.pl\/sklep\/produkt\/plecak-na-laptopa-tomtoc-navigator-t66-17-40l-czarny\/#primaryimage","url":"https:\/\/ironsky.pl\/sklep\/wp-content\/uploads\/2025\/10\/34562_1.jpg","contentUrl":"https:\/\/ironsky.pl\/sklep\/wp-content\/uploads\/2025\/10\/34562_1.jpg","width":800,"height":800},{"@type":"BreadcrumbList","@id":"https:\/\/ironsky.pl\/sklep\/produkt\/plecak-na-laptopa-tomtoc-navigator-t66-17-40l-czarny\/#breadcrumb","itemListElement":[{"@type":"ListItem","position":1,"name":"Strona g\u0142\u00f3wna","item":"https:\/\/ironsky.pl\/sklep\/"},{"@type":"ListItem","position":2,"name":"Wszystkie produkty","item":"https:\/\/ironsky.pl\/sklep\/produkty\/"},{"@type":"ListItem","position":3,"name":"Plecak na laptopa TOMTOC Navigator-T66 17&#8243;\/40L (czarny)"}]},{"@type":"WebSite","@id":"https:\/\/ironsky.pl\/sklep\/#website","url":"https:\/\/ironsky.pl\/sklep\/","name":"IRONSKY.PL Sklep z Dronami","description":"IRONSKY.PL Sklep z Dronami","potentialAction":[{"@type":"SearchAction","target":{"@type":"EntryPoint","urlTemplate":"https:\/\/ironsky.pl\/sklep\/?s={search_term_string}"},"query-input":{"@type":"PropertyValueSpecification","valueRequired":true,"valueName":"search_term_string"}}],"inLanguage":"pl-PL"}]}},"_links":{"self":[{"href":"https:\/\/ironsky.pl\/sklep\/wp-json\/wp\/v2\/product\/57420","targetHints":{"allow":["GET"]}}],"collection":[{"href":"https:\/\/ironsky.pl\/sklep\/wp-json\/wp\/v2\/product"}],"about":[{"href":"https:\/\/ironsky.pl\/sklep\/wp-json\/wp\/v2\/types\/product"}],"replies":[{"embeddable":true,"href":"https:\/\/ironsky.pl\/sklep\/wp-json\/wp\/v2\/comments?post=57420"}],"wp:featuredmedia":[{"embeddable":true,"href":"https:\/\/ironsky.pl\/sklep\/wp-json\/wp\/v2\/media\/48788"}],"wp:attachment":[{"href":"https:\/\/ironsky.pl\/sklep\/wp-json\/wp\/v2\/media?parent=57420"}],"wp:term":[{"taxonomy":"product_brand","embeddable":true,"href":"https:\/\/ironsky.pl\/sklep\/wp-json\/wp\/v2\/product_brand?post=57420"},{"taxonomy":"product_cat","embeddable":true,"href":"https:\/\/ironsky.pl\/sklep\/wp-json\/wp\/v2\/product_cat?post=57420"},{"taxonomy":"product_tag","embeddable":true,"href":"https:\/\/ironsky.pl\/sklep\/wp-json\/wp\/v2\/product_tag?post=57420"}],"curies":[{"name":"wp","href":"https:\/\/api.w.org\/{rel}","templated":true}]}}