{"id":57416,"date":"2026-04-15T10:25:38","date_gmt":"2026-04-15T08:25:38","guid":{"rendered":"https:\/\/ironsky.pl\/sklep\/produkt\/torba-na-ramie-tomtoc-navigator-t24-7l-czarna\/"},"modified":"2026-04-15T10:25:58","modified_gmt":"2026-04-15T08:25:58","slug":"torba-na-ramie-tomtoc-navigator-t24-7l-czarna","status":"publish","type":"product","link":"https:\/\/ironsky.pl\/sklep\/produkt\/torba-na-ramie-tomtoc-navigator-t24-7l-czarna\/","title":{"rendered":"Torba na rami\u0119 TOMTOC Navigator-T24 7l (czarna)"},"content":{"rendered":"<h3>Torba na ramie 7L \/ 14&#8221; Tomtoc Navigator-T24 (czarny)<\/h3>\n<p>Tomtoc Navigator-T24 to wygodny plecak na jedno rami\u0119, kt\u00f3rego dolna cz\u0119\u015b\u0107 przegrody na laptopa zosta\u0142a wzmocniona z technologi\u0105 CornerArmor wzmacniaj\u0105c\u0105 jej brzegi i rogi, aby zapewni\u0107 jak najskuteczniejsz\u0105 ochron\u0119 przed wstrz\u0105sami. Wszyte w konstrukcje zamki pochodz\u0105 od firmy YKK cenionej ze wzgl\u0119du na jako\u015b\u0107. Zewn\u0119trzny zamek posiada wodoodporn\u0105 pow\u0142ok\u0119. Torba zosta\u0142a wykonana z tkaniny pochodz\u0105cej z recyklingu.\u00a0<\/p>\n<p>\n<img decoding=\"async\" src=\"https:\/\/assets.innpro.pl\/1191\/1286\/1.jpg\" border=\"0\" \/>\n<\/p>\n<h3>Wn\u0119trze <\/h3>\n<p>Wewn\u0105trz, od strony plec\u00f3w znajduje si\u0119 przegroda na laptopa zapinana paskiem na rzep, w kt\u00f3rej zmie\u015bci si\u0119 np. 14-calowy MacBook Pro. Poni\u017cej le\u017cy przegroda na tablet, do kt\u00f3rej schowa\u0107 mo\u017cna 11-calowego iPada Pro. kieszonka na d\u0142ugopis. Kolejna kiesze\u0144 posiada tak\u017ce mniejsz\u0105 przegr\u00f3dk\u0119 np. Apple Pencil czy zwyk\u0142y d\u0142ugopis. Naprzeciw umieszczona jest zapinana na zamek kiesze\u0144 oraz kiesze\u0144 na butelk\u0119. Po zewn\u0119trznej stronie w dolnej poduszce na plecach ukryta jest zapinana na zamek kiesze\u0144, kt\u00f3ra \u015bwietnie sprawdzi si\u0119 do schowania tam dokument\u00f3w, telefonu czy portfela. Z przodu tak\u017ce znajduje si\u0119 zapinana na zamek kiesze\u0144 &#8211; jest otwierana z boku, aby \u0142atwo by\u0142o si\u0119 do niej dosta\u0107 bez konieczno\u015bci zdejmowania plecaka. W \u015brodku niej wszyty pasek z karabi\u0144czykiem, do kt\u00f3rego mo\u017cna wpi\u0105\u0107 klucz czy AirTag.\u00a0<\/p>\n<p>\n<img decoding=\"async\" src=\"https:\/\/assets.innpro.pl\/1191\/1286\/7.jpg\" border=\"0\" \/>\n<\/p>\n<h3>Przemy\u015blana konstrukcja <\/h3>\n<p>Plecak posiada liczne kieszenie, w tym jedn\u0105 schowan\u0105 w poduszce na plecach. Dzi\u0119ki zastosowaniu karabi\u0144czyka i zaczepu, znajduj\u0105cego si\u0119 po obu stronach plecaka, u\u017cytkownik mo\u017ce nosi\u0107 go na dowolnym ramieniu. Umieszczona z przodu wytrzyma\u0142a klamra pozwala wygodnie odpi\u0105\u0107 plecak w ka\u017cdym momencie.\u00a0<\/p>\n<p>\n<img decoding=\"async\" src=\"https:\/\/assets.innpro.pl\/1191\/1286\/4.jpg\" border=\"0\" \/>\n<\/p>\n<h3>Zawarto\u015b\u0107 zestawu <\/h3>\n<p>Plecak<\/p>\n<div class=\"table-wrapper\">\n<p>\u00a0<\/p>\n<h3><\/h3>\n<table>\n<tbody>\n<tr>\n<th>Producent<\/th>\n<td>Tomtoc<\/td>\n<\/tr>\n<tr>\n<th>Model<\/th>\n<td>Navigator-T24<\/td>\n<\/tr>\n<tr>\n<th>Materia\u0142 wykonania<\/th>\n<td>poliester<\/td>\n<\/tr>\n<tr>\n<th>Wymiary<\/th>\n<td>40 x 25 x 12 cm<\/td>\n<\/tr>\n<tr>\n<th>Waga<\/th>\n<td>545 g<\/td>\n<\/tr>\n<tr>\n<th>Pojemno\u015b\u0107<\/th>\n<td>7L<\/td>\n<\/tr>\n<tr>\n<th>Kieszenie<\/th>\n<td>Kiesze\u0144 na laptopa (12,31&#8243; x 9,65&#8243; x 1,18&#8243;), na 14-calowego MacBooka Air\/Pro bez etui, na tablet (11,04&#8243; x 9,06&#8243;), na iPada o przek\u0105tnej do 11&#8243;, 2 ma\u0142e kieszenie z wy\u015bci\u00f3\u0142k\u0105, kiesze\u0144 z siatki na power bank, \u0142adowark\u0119, kabel, portfele, wewn\u0105trz ma\u0142a kieszonka na butelk\u0119 z wod\u0105 (ok. 650ml)<\/td>\n<\/tr>\n<\/tbody>\n<\/table>\n<\/div>\n","protected":false},"excerpt":{"rendered":"<p>Torba na ramie 7L \/ 14&#8221; Tomtoc Navigator-T24 (czarny) Tomtoc Navigator-T24 to wygodny plecak na jedno rami\u0119, kt\u00f3rego dolna cz\u0119\u015b\u0107<\/p>\n","protected":false},"featured_media":48784,"comment_status":"closed","ping_status":"open","template":"","meta":{"_acf_changed":false},"product_brand":[],"product_cat":[5929,5955],"product_tag":[],"class_list":{"0":"post-57416","1":"product","2":"type-product","3":"status-publish","4":"has-post-thumbnail","6":"product_cat-akcesoria-it","7":"product_cat-przenoszenie","8":"pa_okres-gwarancji-5757","9":"pa_producent-tomtoc","11":"first","12":"outofstock","13":"taxable","14":"shipping-taxable","15":"purchasable","16":"product-type-simple"},"acf":[],"yoast_head":"<!-- This site is optimized with the Yoast SEO plugin v27.2 - https:\/\/yoast.com\/product\/yoast-seo-wordpress\/ -->\n<title>Torba na rami\u0119 TOMTOC Navigator-T24 7l (czarna) - IRONSKY.PL Sklep z Dronami<\/title>\n<meta name=\"description\" content=\"Torba na rami\u0119 TOMTOC Navigator-T24 7l (czarna) - \u2705 sklep z dronami i fachowym doradztwem. \u2705 Tutaj kupisz produkty DJI, Yuneec, Parrot, Syma i wiele innych, a tak\u017ce kursy i licencje na operatora drona.\" \/>\n<meta name=\"robots\" content=\"index, follow, max-snippet:-1, max-image-preview:large, max-video-preview:-1\" \/>\n<link rel=\"canonical\" href=\"https:\/\/ironsky.pl\/sklep\/produkt\/torba-na-ramie-tomtoc-navigator-t24-7l-czarna\/\" \/>\n<meta property=\"og:locale\" content=\"pl_PL\" \/>\n<meta property=\"og:type\" content=\"article\" \/>\n<meta property=\"og:title\" content=\"Torba na rami\u0119 TOMTOC Navigator-T24 7l (czarna) - IRONSKY.PL Sklep z Dronami\" \/>\n<meta property=\"og:description\" content=\"Torba na rami\u0119 TOMTOC Navigator-T24 7l (czarna) - \u2705 sklep z dronami i fachowym doradztwem. \u2705 Tutaj kupisz produkty DJI, Yuneec, Parrot, Syma i wiele innych, a tak\u017ce kursy i licencje na operatora drona.\" \/>\n<meta property=\"og:url\" content=\"https:\/\/ironsky.pl\/sklep\/produkt\/torba-na-ramie-tomtoc-navigator-t24-7l-czarna\/\" \/>\n<meta property=\"og:site_name\" content=\"IRONSKY.PL Sklep z Dronami\" \/>\n<meta property=\"article:modified_time\" content=\"2026-04-15T08:25:58+00:00\" \/>\n<meta property=\"og:image\" content=\"https:\/\/ironsky.pl\/sklep\/wp-content\/uploads\/2025\/10\/34558_1.jpg\" \/>\n\t<meta property=\"og:image:width\" content=\"800\" \/>\n\t<meta property=\"og:image:height\" content=\"800\" \/>\n\t<meta property=\"og:image:type\" content=\"image\/jpeg\" \/>\n<meta name=\"twitter:card\" content=\"summary_large_image\" \/>\n<meta name=\"twitter:label1\" content=\"Szacowany czas czytania\" \/>\n\t<meta name=\"twitter:data1\" content=\"2 minuty\" \/>\n<script type=\"application\/ld+json\" class=\"yoast-schema-graph\">{\"@context\":\"https:\/\/schema.org\",\"@graph\":[{\"@type\":\"WebPage\",\"@id\":\"https:\/\/ironsky.pl\/sklep\/produkt\/torba-na-ramie-tomtoc-navigator-t24-7l-czarna\/\",\"url\":\"https:\/\/ironsky.pl\/sklep\/produkt\/torba-na-ramie-tomtoc-navigator-t24-7l-czarna\/\",\"name\":\"Torba na rami\u0119 TOMTOC Navigator-T24 7l (czarna) - IRONSKY.PL Sklep z Dronami\",\"isPartOf\":{\"@id\":\"https:\/\/ironsky.pl\/sklep\/#website\"},\"primaryImageOfPage\":{\"@id\":\"https:\/\/ironsky.pl\/sklep\/produkt\/torba-na-ramie-tomtoc-navigator-t24-7l-czarna\/#primaryimage\"},\"image\":{\"@id\":\"https:\/\/ironsky.pl\/sklep\/produkt\/torba-na-ramie-tomtoc-navigator-t24-7l-czarna\/#primaryimage\"},\"thumbnailUrl\":\"https:\/\/ironsky.pl\/sklep\/wp-content\/uploads\/2025\/10\/34558_1.jpg\",\"datePublished\":\"2026-04-15T08:25:38+00:00\",\"dateModified\":\"2026-04-15T08:25:58+00:00\",\"description\":\"Torba na rami\u0119 TOMTOC Navigator-T24 7l (czarna) - \u2705 sklep z dronami i fachowym doradztwem. \u2705 Tutaj kupisz produkty DJI, Yuneec, Parrot, Syma i wiele innych, a tak\u017ce kursy i licencje na operatora drona.\",\"breadcrumb\":{\"@id\":\"https:\/\/ironsky.pl\/sklep\/produkt\/torba-na-ramie-tomtoc-navigator-t24-7l-czarna\/#breadcrumb\"},\"inLanguage\":\"pl-PL\",\"potentialAction\":[{\"@type\":\"ReadAction\",\"target\":[\"https:\/\/ironsky.pl\/sklep\/produkt\/torba-na-ramie-tomtoc-navigator-t24-7l-czarna\/\"]}]},{\"@type\":\"ImageObject\",\"inLanguage\":\"pl-PL\",\"@id\":\"https:\/\/ironsky.pl\/sklep\/produkt\/torba-na-ramie-tomtoc-navigator-t24-7l-czarna\/#primaryimage\",\"url\":\"https:\/\/ironsky.pl\/sklep\/wp-content\/uploads\/2025\/10\/34558_1.jpg\",\"contentUrl\":\"https:\/\/ironsky.pl\/sklep\/wp-content\/uploads\/2025\/10\/34558_1.jpg\",\"width\":800,\"height\":800},{\"@type\":\"BreadcrumbList\",\"@id\":\"https:\/\/ironsky.pl\/sklep\/produkt\/torba-na-ramie-tomtoc-navigator-t24-7l-czarna\/#breadcrumb\",\"itemListElement\":[{\"@type\":\"ListItem\",\"position\":1,\"name\":\"Strona g\u0142\u00f3wna\",\"item\":\"https:\/\/ironsky.pl\/sklep\/\"},{\"@type\":\"ListItem\",\"position\":2,\"name\":\"Wszystkie produkty\",\"item\":\"https:\/\/ironsky.pl\/sklep\/produkty\/\"},{\"@type\":\"ListItem\",\"position\":3,\"name\":\"Torba na rami\u0119 TOMTOC Navigator-T24 7l (czarna)\"}]},{\"@type\":\"WebSite\",\"@id\":\"https:\/\/ironsky.pl\/sklep\/#website\",\"url\":\"https:\/\/ironsky.pl\/sklep\/\",\"name\":\"IRONSKY.PL Sklep z Dronami\",\"description\":\"IRONSKY.PL Sklep z Dronami\",\"potentialAction\":[{\"@type\":\"SearchAction\",\"target\":{\"@type\":\"EntryPoint\",\"urlTemplate\":\"https:\/\/ironsky.pl\/sklep\/?s={search_term_string}\"},\"query-input\":{\"@type\":\"PropertyValueSpecification\",\"valueRequired\":true,\"valueName\":\"search_term_string\"}}],\"inLanguage\":\"pl-PL\"}]}<\/script>\n<!-- \/ Yoast SEO plugin. -->","yoast_head_json":{"title":"Torba na rami\u0119 TOMTOC Navigator-T24 7l (czarna) - IRONSKY.PL Sklep z Dronami","description":"Torba na rami\u0119 TOMTOC Navigator-T24 7l (czarna) - \u2705 sklep z dronami i fachowym doradztwem. \u2705 Tutaj kupisz produkty DJI, Yuneec, Parrot, Syma i wiele innych, a tak\u017ce kursy i licencje na operatora drona.","robots":{"index":"index","follow":"follow","max-snippet":"max-snippet:-1","max-image-preview":"max-image-preview:large","max-video-preview":"max-video-preview:-1"},"canonical":"https:\/\/ironsky.pl\/sklep\/produkt\/torba-na-ramie-tomtoc-navigator-t24-7l-czarna\/","og_locale":"pl_PL","og_type":"article","og_title":"Torba na rami\u0119 TOMTOC Navigator-T24 7l (czarna) - IRONSKY.PL Sklep z Dronami","og_description":"Torba na rami\u0119 TOMTOC Navigator-T24 7l (czarna) - \u2705 sklep z dronami i fachowym doradztwem. \u2705 Tutaj kupisz produkty DJI, Yuneec, Parrot, Syma i wiele innych, a tak\u017ce kursy i licencje na operatora drona.","og_url":"https:\/\/ironsky.pl\/sklep\/produkt\/torba-na-ramie-tomtoc-navigator-t24-7l-czarna\/","og_site_name":"IRONSKY.PL Sklep z Dronami","article_modified_time":"2026-04-15T08:25:58+00:00","og_image":[{"width":800,"height":800,"url":"https:\/\/ironsky.pl\/sklep\/wp-content\/uploads\/2025\/10\/34558_1.jpg","type":"image\/jpeg"}],"twitter_card":"summary_large_image","twitter_misc":{"Szacowany czas czytania":"2 minuty"},"schema":{"@context":"https:\/\/schema.org","@graph":[{"@type":"WebPage","@id":"https:\/\/ironsky.pl\/sklep\/produkt\/torba-na-ramie-tomtoc-navigator-t24-7l-czarna\/","url":"https:\/\/ironsky.pl\/sklep\/produkt\/torba-na-ramie-tomtoc-navigator-t24-7l-czarna\/","name":"Torba na rami\u0119 TOMTOC Navigator-T24 7l (czarna) - IRONSKY.PL Sklep z Dronami","isPartOf":{"@id":"https:\/\/ironsky.pl\/sklep\/#website"},"primaryImageOfPage":{"@id":"https:\/\/ironsky.pl\/sklep\/produkt\/torba-na-ramie-tomtoc-navigator-t24-7l-czarna\/#primaryimage"},"image":{"@id":"https:\/\/ironsky.pl\/sklep\/produkt\/torba-na-ramie-tomtoc-navigator-t24-7l-czarna\/#primaryimage"},"thumbnailUrl":"https:\/\/ironsky.pl\/sklep\/wp-content\/uploads\/2025\/10\/34558_1.jpg","datePublished":"2026-04-15T08:25:38+00:00","dateModified":"2026-04-15T08:25:58+00:00","description":"Torba na rami\u0119 TOMTOC Navigator-T24 7l (czarna) - \u2705 sklep z dronami i fachowym doradztwem. \u2705 Tutaj kupisz produkty DJI, Yuneec, Parrot, Syma i wiele innych, a tak\u017ce kursy i licencje na operatora drona.","breadcrumb":{"@id":"https:\/\/ironsky.pl\/sklep\/produkt\/torba-na-ramie-tomtoc-navigator-t24-7l-czarna\/#breadcrumb"},"inLanguage":"pl-PL","potentialAction":[{"@type":"ReadAction","target":["https:\/\/ironsky.pl\/sklep\/produkt\/torba-na-ramie-tomtoc-navigator-t24-7l-czarna\/"]}]},{"@type":"ImageObject","inLanguage":"pl-PL","@id":"https:\/\/ironsky.pl\/sklep\/produkt\/torba-na-ramie-tomtoc-navigator-t24-7l-czarna\/#primaryimage","url":"https:\/\/ironsky.pl\/sklep\/wp-content\/uploads\/2025\/10\/34558_1.jpg","contentUrl":"https:\/\/ironsky.pl\/sklep\/wp-content\/uploads\/2025\/10\/34558_1.jpg","width":800,"height":800},{"@type":"BreadcrumbList","@id":"https:\/\/ironsky.pl\/sklep\/produkt\/torba-na-ramie-tomtoc-navigator-t24-7l-czarna\/#breadcrumb","itemListElement":[{"@type":"ListItem","position":1,"name":"Strona g\u0142\u00f3wna","item":"https:\/\/ironsky.pl\/sklep\/"},{"@type":"ListItem","position":2,"name":"Wszystkie produkty","item":"https:\/\/ironsky.pl\/sklep\/produkty\/"},{"@type":"ListItem","position":3,"name":"Torba na rami\u0119 TOMTOC Navigator-T24 7l (czarna)"}]},{"@type":"WebSite","@id":"https:\/\/ironsky.pl\/sklep\/#website","url":"https:\/\/ironsky.pl\/sklep\/","name":"IRONSKY.PL Sklep z Dronami","description":"IRONSKY.PL Sklep z Dronami","potentialAction":[{"@type":"SearchAction","target":{"@type":"EntryPoint","urlTemplate":"https:\/\/ironsky.pl\/sklep\/?s={search_term_string}"},"query-input":{"@type":"PropertyValueSpecification","valueRequired":true,"valueName":"search_term_string"}}],"inLanguage":"pl-PL"}]}},"_links":{"self":[{"href":"https:\/\/ironsky.pl\/sklep\/wp-json\/wp\/v2\/product\/57416","targetHints":{"allow":["GET"]}}],"collection":[{"href":"https:\/\/ironsky.pl\/sklep\/wp-json\/wp\/v2\/product"}],"about":[{"href":"https:\/\/ironsky.pl\/sklep\/wp-json\/wp\/v2\/types\/product"}],"replies":[{"embeddable":true,"href":"https:\/\/ironsky.pl\/sklep\/wp-json\/wp\/v2\/comments?post=57416"}],"wp:featuredmedia":[{"embeddable":true,"href":"https:\/\/ironsky.pl\/sklep\/wp-json\/wp\/v2\/media\/48784"}],"wp:attachment":[{"href":"https:\/\/ironsky.pl\/sklep\/wp-json\/wp\/v2\/media?parent=57416"}],"wp:term":[{"taxonomy":"product_brand","embeddable":true,"href":"https:\/\/ironsky.pl\/sklep\/wp-json\/wp\/v2\/product_brand?post=57416"},{"taxonomy":"product_cat","embeddable":true,"href":"https:\/\/ironsky.pl\/sklep\/wp-json\/wp\/v2\/product_cat?post=57416"},{"taxonomy":"product_tag","embeddable":true,"href":"https:\/\/ironsky.pl\/sklep\/wp-json\/wp\/v2\/product_tag?post=57416"}],"curies":[{"name":"wp","href":"https:\/\/api.w.org\/{rel}","templated":true}]}}