{"id":57411,"date":"2026-04-15T10:25:38","date_gmt":"2026-04-15T08:25:38","guid":{"rendered":"https:\/\/ironsky.pl\/sklep\/produkt\/etui-tomtoc-fancycase-b06-do-ipad-pro-12-9-czarne\/"},"modified":"2026-04-15T10:25:54","modified_gmt":"2026-04-15T08:25:54","slug":"etui-tomtoc-fancycase-b06-do-ipad-pro-12-9-czarne","status":"publish","type":"product","link":"https:\/\/ironsky.pl\/sklep\/produkt\/etui-tomtoc-fancycase-b06-do-ipad-pro-12-9-czarne\/","title":{"rendered":"Etui TOMTOC FancyCase-B06 do iPad Pro 12.9&#8243; (czarne)"},"content":{"rendered":"<h3>Etui na iPad 12,9&#8243; Tomtoc FancyCase-B06 (czarny)<\/h3>\n<p>Tomtoc Fancy Case B06\u00a0 to czarne, wytrzyma\u0142e etui, kt\u00f3re idealnie pasuje na tablet Apple iPad Pro 12.9 cala z Magic Keyboard lub Smart Keyboard Folio, ale nie tylko. Obydwie pokrywy etui wykonane s\u0105 z twardego materia\u0142u EVA, kt\u00f3ry odporny jest na odkszta\u0142cenia i skutecznie chroni wn\u0119trze. Spe\u0142nia on wojskowy standard wytrzyma\u0142o\u015bci MIL STD 810H-516.8 Posiada wygodn\u0105 r\u0105czk\u0119, kt\u00f3ra umo\u017cliwia noszenia etui jak torb\u0119. Wysokiej jako\u015bci dwa suwaki sprawiaj\u0105, \u017ce FancyCase mo\u017ce by\u0107 zapinany w dowolnym kierunku.\u00a0<\/p>\n<p>\n<img decoding=\"async\" src=\"https:\/\/assets.innpro.pl\/1216\/1316\/2.jpg\" border=\"0\" \/>\n<\/p>\n<h3>Wn\u0119trze <\/h3>\n<p>Wewn\u0105trz etui znajduje si\u0119 miejsce na iPada, kt\u00f3ry wsuwany jest w \u015bci\u0119t\u0105 po skosie kiesze\u0144. Wszyta zosta\u0142a tak\u017ce klapa oddzielaj\u0105ca wn\u0119trze obydwu pokryw obudowy. Na klapie przyszyte zosta\u0142y gumki oraz kieszonki umo\u017cliwiaj\u0105ce przechowywanie w nich r\u00f3\u017cnych akcesori\u00f3w takich jak kable, d\u0142ugopisy, pendrive\u2019y, etc. Po przeciwnej stronie we wn\u0119trzu drugiej cz\u0119\u015bci obudowy przechowywa\u0107 mo\u017cna wi\u0119ksze akcesoria takie jak huby czy s\u0142uchawki douszne.\u00a0<\/p>\n<p>\n<img decoding=\"async\" src=\"https:\/\/assets.innpro.pl\/1216\/1316\/7.jpg\" border=\"0\" \/>\n<\/p>\n<div class=\"table-wrapper\">\n<p>\u00a0<\/p>\n<h3><\/h3>\n<table>\n<tbody>\n<tr>\n<th>Producent<\/th>\n<td>Tomtoc<\/td>\n<\/tr>\n<tr>\n<th>Model <\/th>\n<td>FancyCase-B06<\/td>\n<\/tr>\n<tr>\n<th>Kolor <\/th>\n<td>Czarny<\/td>\n<\/tr>\n<tr>\n<th>Wymiary<\/th>\n<td>33 x 27 x 5 cm<\/td>\n<\/tr>\n<tr>\n<th>Waga<\/th>\n<td>625 g<\/td>\n<\/tr>\n<tr>\n<th>Kompatybilno\u015b\u0107 <\/th>\n<td>Apple: 13-calowy iPad Pro M4\/ iPad Air M2 (2024), 12.9-calowy iPad Pro 6th\/5th\/4th\/3rd Gen (2022-2018); Microsoft: 13-calowy New Surface Pro 11 Edycja, Copilot + PC (2024), 13-calowy Surface Pro 10\/9\/8\/X z oficjaln\u0105 klawiatur\u0105 Microsoft (2024-2019), 12.4-calowy Surface Laptop Go 3\/2 (2023-2022), Samsung Galaxy Tab S9+\/S8+\/S8\/S7+\/FE (2023-2020)<\/td>\n<\/tr>\n<\/tbody>\n<\/table>\n<\/div>\n","protected":false},"excerpt":{"rendered":"<p>Etui na iPad 12,9&#8243; Tomtoc FancyCase-B06 (czarny) Tomtoc Fancy Case B06\u00a0 to czarne, wytrzyma\u0142e etui, kt\u00f3re idealnie pasuje na tablet<\/p>\n","protected":false},"featured_media":43420,"comment_status":"closed","ping_status":"open","template":"","meta":{"_acf_changed":false},"product_brand":[],"product_cat":[5929,5955],"product_tag":[],"class_list":{"0":"post-57411","1":"product","2":"type-product","3":"status-publish","4":"has-post-thumbnail","6":"product_cat-akcesoria-it","7":"product_cat-przenoszenie","8":"pa_okres-gwarancji-5757","9":"pa_producent-tomtoc","11":"first","12":"outofstock","13":"taxable","14":"shipping-taxable","15":"purchasable","16":"product-type-simple"},"acf":[],"yoast_head":"<!-- This site is optimized with the Yoast SEO plugin v27.2 - https:\/\/yoast.com\/product\/yoast-seo-wordpress\/ -->\n<title>Etui TOMTOC FancyCase-B06 do iPad Pro 12.9&quot; (czarne) - IRONSKY.PL Sklep z Dronami<\/title>\n<meta name=\"description\" content=\"Etui TOMTOC FancyCase-B06 do iPad Pro 12.9&quot; (czarne) - \u2705 sklep z dronami i fachowym doradztwem. \u2705 Tutaj kupisz produkty DJI, Yuneec, Parrot, Syma i wiele innych, a tak\u017ce kursy i licencje na operatora drona.\" \/>\n<meta name=\"robots\" content=\"index, follow, max-snippet:-1, max-image-preview:large, max-video-preview:-1\" \/>\n<link rel=\"canonical\" href=\"https:\/\/ironsky.pl\/sklep\/produkt\/etui-tomtoc-fancycase-b06-do-ipad-pro-12-9-czarne\/\" \/>\n<meta property=\"og:locale\" content=\"pl_PL\" \/>\n<meta property=\"og:type\" content=\"article\" \/>\n<meta property=\"og:title\" content=\"Etui TOMTOC FancyCase-B06 do iPad Pro 12.9&quot; (czarne) - IRONSKY.PL Sklep z Dronami\" \/>\n<meta property=\"og:description\" content=\"Etui TOMTOC FancyCase-B06 do iPad Pro 12.9&quot; (czarne) - \u2705 sklep z dronami i fachowym doradztwem. \u2705 Tutaj kupisz produkty DJI, Yuneec, Parrot, Syma i wiele innych, a tak\u017ce kursy i licencje na operatora drona.\" \/>\n<meta property=\"og:url\" content=\"https:\/\/ironsky.pl\/sklep\/produkt\/etui-tomtoc-fancycase-b06-do-ipad-pro-12-9-czarne\/\" \/>\n<meta property=\"og:site_name\" content=\"IRONSKY.PL Sklep z Dronami\" \/>\n<meta property=\"article:modified_time\" content=\"2026-04-15T08:25:54+00:00\" \/>\n<meta property=\"og:image\" content=\"https:\/\/ironsky.pl\/sklep\/wp-content\/uploads\/2025\/06\/34556_1.jpg\" \/>\n\t<meta property=\"og:image:width\" content=\"800\" \/>\n\t<meta property=\"og:image:height\" content=\"800\" \/>\n\t<meta property=\"og:image:type\" content=\"image\/jpeg\" \/>\n<meta name=\"twitter:card\" content=\"summary_large_image\" \/>\n<meta name=\"twitter:label1\" content=\"Szacowany czas czytania\" \/>\n\t<meta name=\"twitter:data1\" content=\"1 minuta\" \/>\n<script type=\"application\/ld+json\" class=\"yoast-schema-graph\">{\"@context\":\"https:\/\/schema.org\",\"@graph\":[{\"@type\":\"WebPage\",\"@id\":\"https:\/\/ironsky.pl\/sklep\/produkt\/etui-tomtoc-fancycase-b06-do-ipad-pro-12-9-czarne\/\",\"url\":\"https:\/\/ironsky.pl\/sklep\/produkt\/etui-tomtoc-fancycase-b06-do-ipad-pro-12-9-czarne\/\",\"name\":\"Etui TOMTOC FancyCase-B06 do iPad Pro 12.9\\\" (czarne) - IRONSKY.PL Sklep z Dronami\",\"isPartOf\":{\"@id\":\"https:\/\/ironsky.pl\/sklep\/#website\"},\"primaryImageOfPage\":{\"@id\":\"https:\/\/ironsky.pl\/sklep\/produkt\/etui-tomtoc-fancycase-b06-do-ipad-pro-12-9-czarne\/#primaryimage\"},\"image\":{\"@id\":\"https:\/\/ironsky.pl\/sklep\/produkt\/etui-tomtoc-fancycase-b06-do-ipad-pro-12-9-czarne\/#primaryimage\"},\"thumbnailUrl\":\"https:\/\/ironsky.pl\/sklep\/wp-content\/uploads\/2025\/06\/34556_1.jpg\",\"datePublished\":\"2026-04-15T08:25:38+00:00\",\"dateModified\":\"2026-04-15T08:25:54+00:00\",\"description\":\"Etui TOMTOC FancyCase-B06 do iPad Pro 12.9\\\" (czarne) - \u2705 sklep z dronami i fachowym doradztwem. \u2705 Tutaj kupisz produkty DJI, Yuneec, Parrot, Syma i wiele innych, a tak\u017ce kursy i licencje na operatora drona.\",\"breadcrumb\":{\"@id\":\"https:\/\/ironsky.pl\/sklep\/produkt\/etui-tomtoc-fancycase-b06-do-ipad-pro-12-9-czarne\/#breadcrumb\"},\"inLanguage\":\"pl-PL\",\"potentialAction\":[{\"@type\":\"ReadAction\",\"target\":[\"https:\/\/ironsky.pl\/sklep\/produkt\/etui-tomtoc-fancycase-b06-do-ipad-pro-12-9-czarne\/\"]}]},{\"@type\":\"ImageObject\",\"inLanguage\":\"pl-PL\",\"@id\":\"https:\/\/ironsky.pl\/sklep\/produkt\/etui-tomtoc-fancycase-b06-do-ipad-pro-12-9-czarne\/#primaryimage\",\"url\":\"https:\/\/ironsky.pl\/sklep\/wp-content\/uploads\/2025\/06\/34556_1.jpg\",\"contentUrl\":\"https:\/\/ironsky.pl\/sklep\/wp-content\/uploads\/2025\/06\/34556_1.jpg\",\"width\":800,\"height\":800},{\"@type\":\"BreadcrumbList\",\"@id\":\"https:\/\/ironsky.pl\/sklep\/produkt\/etui-tomtoc-fancycase-b06-do-ipad-pro-12-9-czarne\/#breadcrumb\",\"itemListElement\":[{\"@type\":\"ListItem\",\"position\":1,\"name\":\"Strona g\u0142\u00f3wna\",\"item\":\"https:\/\/ironsky.pl\/sklep\/\"},{\"@type\":\"ListItem\",\"position\":2,\"name\":\"Wszystkie produkty\",\"item\":\"https:\/\/ironsky.pl\/sklep\/produkty\/\"},{\"@type\":\"ListItem\",\"position\":3,\"name\":\"Etui TOMTOC FancyCase-B06 do iPad Pro 12.9&#8243; (czarne)\"}]},{\"@type\":\"WebSite\",\"@id\":\"https:\/\/ironsky.pl\/sklep\/#website\",\"url\":\"https:\/\/ironsky.pl\/sklep\/\",\"name\":\"IRONSKY.PL Sklep z Dronami\",\"description\":\"IRONSKY.PL Sklep z Dronami\",\"potentialAction\":[{\"@type\":\"SearchAction\",\"target\":{\"@type\":\"EntryPoint\",\"urlTemplate\":\"https:\/\/ironsky.pl\/sklep\/?s={search_term_string}\"},\"query-input\":{\"@type\":\"PropertyValueSpecification\",\"valueRequired\":true,\"valueName\":\"search_term_string\"}}],\"inLanguage\":\"pl-PL\"}]}<\/script>\n<!-- \/ Yoast SEO plugin. -->","yoast_head_json":{"title":"Etui TOMTOC FancyCase-B06 do iPad Pro 12.9\" (czarne) - IRONSKY.PL Sklep z Dronami","description":"Etui TOMTOC FancyCase-B06 do iPad Pro 12.9\" (czarne) - \u2705 sklep z dronami i fachowym doradztwem. \u2705 Tutaj kupisz produkty DJI, Yuneec, Parrot, Syma i wiele innych, a tak\u017ce kursy i licencje na operatora drona.","robots":{"index":"index","follow":"follow","max-snippet":"max-snippet:-1","max-image-preview":"max-image-preview:large","max-video-preview":"max-video-preview:-1"},"canonical":"https:\/\/ironsky.pl\/sklep\/produkt\/etui-tomtoc-fancycase-b06-do-ipad-pro-12-9-czarne\/","og_locale":"pl_PL","og_type":"article","og_title":"Etui TOMTOC FancyCase-B06 do iPad Pro 12.9\" (czarne) - IRONSKY.PL Sklep z Dronami","og_description":"Etui TOMTOC FancyCase-B06 do iPad Pro 12.9\" (czarne) - \u2705 sklep z dronami i fachowym doradztwem. \u2705 Tutaj kupisz produkty DJI, Yuneec, Parrot, Syma i wiele innych, a tak\u017ce kursy i licencje na operatora drona.","og_url":"https:\/\/ironsky.pl\/sklep\/produkt\/etui-tomtoc-fancycase-b06-do-ipad-pro-12-9-czarne\/","og_site_name":"IRONSKY.PL Sklep z Dronami","article_modified_time":"2026-04-15T08:25:54+00:00","og_image":[{"width":800,"height":800,"url":"https:\/\/ironsky.pl\/sklep\/wp-content\/uploads\/2025\/06\/34556_1.jpg","type":"image\/jpeg"}],"twitter_card":"summary_large_image","twitter_misc":{"Szacowany czas czytania":"1 minuta"},"schema":{"@context":"https:\/\/schema.org","@graph":[{"@type":"WebPage","@id":"https:\/\/ironsky.pl\/sklep\/produkt\/etui-tomtoc-fancycase-b06-do-ipad-pro-12-9-czarne\/","url":"https:\/\/ironsky.pl\/sklep\/produkt\/etui-tomtoc-fancycase-b06-do-ipad-pro-12-9-czarne\/","name":"Etui TOMTOC FancyCase-B06 do iPad Pro 12.9\" (czarne) - IRONSKY.PL Sklep z Dronami","isPartOf":{"@id":"https:\/\/ironsky.pl\/sklep\/#website"},"primaryImageOfPage":{"@id":"https:\/\/ironsky.pl\/sklep\/produkt\/etui-tomtoc-fancycase-b06-do-ipad-pro-12-9-czarne\/#primaryimage"},"image":{"@id":"https:\/\/ironsky.pl\/sklep\/produkt\/etui-tomtoc-fancycase-b06-do-ipad-pro-12-9-czarne\/#primaryimage"},"thumbnailUrl":"https:\/\/ironsky.pl\/sklep\/wp-content\/uploads\/2025\/06\/34556_1.jpg","datePublished":"2026-04-15T08:25:38+00:00","dateModified":"2026-04-15T08:25:54+00:00","description":"Etui TOMTOC FancyCase-B06 do iPad Pro 12.9\" (czarne) - \u2705 sklep z dronami i fachowym doradztwem. \u2705 Tutaj kupisz produkty DJI, Yuneec, Parrot, Syma i wiele innych, a tak\u017ce kursy i licencje na operatora drona.","breadcrumb":{"@id":"https:\/\/ironsky.pl\/sklep\/produkt\/etui-tomtoc-fancycase-b06-do-ipad-pro-12-9-czarne\/#breadcrumb"},"inLanguage":"pl-PL","potentialAction":[{"@type":"ReadAction","target":["https:\/\/ironsky.pl\/sklep\/produkt\/etui-tomtoc-fancycase-b06-do-ipad-pro-12-9-czarne\/"]}]},{"@type":"ImageObject","inLanguage":"pl-PL","@id":"https:\/\/ironsky.pl\/sklep\/produkt\/etui-tomtoc-fancycase-b06-do-ipad-pro-12-9-czarne\/#primaryimage","url":"https:\/\/ironsky.pl\/sklep\/wp-content\/uploads\/2025\/06\/34556_1.jpg","contentUrl":"https:\/\/ironsky.pl\/sklep\/wp-content\/uploads\/2025\/06\/34556_1.jpg","width":800,"height":800},{"@type":"BreadcrumbList","@id":"https:\/\/ironsky.pl\/sklep\/produkt\/etui-tomtoc-fancycase-b06-do-ipad-pro-12-9-czarne\/#breadcrumb","itemListElement":[{"@type":"ListItem","position":1,"name":"Strona g\u0142\u00f3wna","item":"https:\/\/ironsky.pl\/sklep\/"},{"@type":"ListItem","position":2,"name":"Wszystkie produkty","item":"https:\/\/ironsky.pl\/sklep\/produkty\/"},{"@type":"ListItem","position":3,"name":"Etui TOMTOC FancyCase-B06 do iPad Pro 12.9&#8243; (czarne)"}]},{"@type":"WebSite","@id":"https:\/\/ironsky.pl\/sklep\/#website","url":"https:\/\/ironsky.pl\/sklep\/","name":"IRONSKY.PL Sklep z Dronami","description":"IRONSKY.PL Sklep z Dronami","potentialAction":[{"@type":"SearchAction","target":{"@type":"EntryPoint","urlTemplate":"https:\/\/ironsky.pl\/sklep\/?s={search_term_string}"},"query-input":{"@type":"PropertyValueSpecification","valueRequired":true,"valueName":"search_term_string"}}],"inLanguage":"pl-PL"}]}},"_links":{"self":[{"href":"https:\/\/ironsky.pl\/sklep\/wp-json\/wp\/v2\/product\/57411","targetHints":{"allow":["GET"]}}],"collection":[{"href":"https:\/\/ironsky.pl\/sklep\/wp-json\/wp\/v2\/product"}],"about":[{"href":"https:\/\/ironsky.pl\/sklep\/wp-json\/wp\/v2\/types\/product"}],"replies":[{"embeddable":true,"href":"https:\/\/ironsky.pl\/sklep\/wp-json\/wp\/v2\/comments?post=57411"}],"wp:featuredmedia":[{"embeddable":true,"href":"https:\/\/ironsky.pl\/sklep\/wp-json\/wp\/v2\/media\/43420"}],"wp:attachment":[{"href":"https:\/\/ironsky.pl\/sklep\/wp-json\/wp\/v2\/media?parent=57411"}],"wp:term":[{"taxonomy":"product_brand","embeddable":true,"href":"https:\/\/ironsky.pl\/sklep\/wp-json\/wp\/v2\/product_brand?post=57411"},{"taxonomy":"product_cat","embeddable":true,"href":"https:\/\/ironsky.pl\/sklep\/wp-json\/wp\/v2\/product_cat?post=57411"},{"taxonomy":"product_tag","embeddable":true,"href":"https:\/\/ironsky.pl\/sklep\/wp-json\/wp\/v2\/product_tag?post=57411"}],"curies":[{"name":"wp","href":"https:\/\/api.w.org\/{rel}","templated":true}]}}