{"id":57405,"date":"2026-04-15T10:25:38","date_gmt":"2026-04-15T08:25:38","guid":{"rendered":"https:\/\/ironsky.pl\/sklep\/produkt\/torba-na-laptopa-tomtoc-defender-a42-14-czarna\/"},"modified":"2026-04-15T10:25:50","modified_gmt":"2026-04-15T08:25:50","slug":"torba-na-laptopa-tomtoc-defender-a42-14-czarna","status":"publish","type":"product","link":"https:\/\/ironsky.pl\/sklep\/produkt\/torba-na-laptopa-tomtoc-defender-a42-14-czarna\/","title":{"rendered":"Torba na laptopa TOMTOC Defender-A42 14&#8243; (czarna)"},"content":{"rendered":"<h3>Torba na laptopa 13,5-14&#8221; Tomtoc Defender-A42 (czarny)<\/h3>\n<p>Tomtoc Defender A42 to teczka\/torba na laptopy o przek\u0105tnej do 14&#8243; &#8211; posiada jedn\u0105 du\u017c\u0105 komor\u0119 dwie bardzo pojemne kieszenie przednie oraz pojemn\u0105 kiesze\u0144 tyln\u0105. Stworzona z my\u015bl\u0105 o MacBookach Pro i Air, do kt\u00f3rych zosta\u0142a idealnie spasowana. Otwierana jest tylko wzd\u0142u\u017c jednego kr\u00f3tszego boku, aby zapewni\u0107 wi\u0119ksz\u0105 ochron\u0119. Wszystkie kraw\u0119dzie, ze szczeg\u00f3ln\u0105 dba\u0142o\u015bci\u0105 o rogi, wy\u0142o\u017cone zosta\u0142y materia\u0142em absorbuj\u0105cym wstrz\u0105sy. Teczka spe\u0142nia wojskowy standard MIL STD 810H-516.8 w zakresie upadk\u00f3w. Wn\u0119trze pokrowca wy\u015bcie\u0142ane zosta\u0142o delikatnym materia\u0142em oraz grub\u0105 warstw\u0105 wype\u0142nienia.<\/p>\n<p>\n<img decoding=\"async\" src=\"https:\/\/assets.innpro.pl\/1179\/1275\/2.jpg\" border=\"0\" \/>\n<\/p>\n<h3>Dodatkowe zalety<\/h3>\n<p>Z przodu znajduj\u0105 si\u0119 pojemne kieszenie zapinane na zamek &#8211; jedna wi\u0119ksza, druga mniejsza. W \u015brodku znajduje si\u0119 dodatkowy zaczep na klucze i\/lub AirTag. Wszyte zamki wyprodukowane zosta\u0142y przez YKK &#8211; znan\u0105 i cenion\u0105 japo\u0144sk\u0105 mark\u0119. Tyna kiesze\u0144 fantastycznie sprawdzi si\u0119 na dokumenty czy zeszyt. Materia\u0142 pokrowca pochodzi z recyklingu plastikowych butelek. Pokrowiec cechuje si\u0119 eleganckim, minimalistycznym designem. Teczka posiada wygodn\u0105 r\u0105czk\u0119 wyko\u0144czon\u0105 sztuczn\u0105 sk\u00f3r\u0105.<\/p>\n<p>\n<img decoding=\"async\" src=\"https:\/\/assets.innpro.pl\/1179\/1275\/7.jpg\" border=\"0\" \/>\n<\/p>\n<h3>W zestawie<\/h3>\n<ul class=\"list-disc pl-5\">\n<li>Torba na laptopa<\/li>\n<li>Pasek<\/li>\n<\/ul>\n<div class=\"table-wrapper\">\n<p>\u00a0<\/p>\n<h3><\/h3>\n<table>\n<tbody>\n<tr>\n<th>Producent<\/th>\n<td>Tomtoc <\/td>\n<\/tr>\n<tr>\n<th>Model<\/th>\n<td>Defender-A42<\/td>\n<\/tr>\n<tr>\n<th>Kolor<\/th>\n<td>czarny<\/td>\n<\/tr>\n<tr>\n<th>Wymiary<\/th>\n<td>36 x 26.5 x 5 cm<\/td>\n<\/tr>\n<tr>\n<th>Waga<\/th>\n<td>500 g<\/td>\n<\/tr>\n<tr>\n<th>Kompatybilno\u015b\u0107<\/th>\n<td>Microsoft: 14.4-calowy Surface Laptop Studio 2\/1, 13.5-calowy Surface Laptop 6\/5\/4\/3\/2\/1, 13.5-calowy Surface Book 3\/2\/1; Apple: 13-calowy MacBook Air\/Pro A1502\/A1466\/A1425\/A1369 (2013-2011), 12.9-calowy iPad Pro z przyciskiem &#8222;home&#8221; 1 i 2 Gen (2015 i 2017); Lenovo: 14-calowy ThinkPad X1 Carbon 5-8 Gen; Acer: 13.5-calowy Swift 3 | Jumper 13.3-inch EZbook X3; ASUS: 14-calowy ZenBook  | VivoBook<\/td>\n<\/tr>\n<\/tbody>\n<\/table>\n<\/div>\n","protected":false},"excerpt":{"rendered":"<p>Torba na laptopa 13,5-14&#8221; Tomtoc Defender-A42 (czarny) Tomtoc Defender A42 to teczka\/torba na laptopy o przek\u0105tnej do 14&#8243; &#8211; posiada<\/p>\n","protected":false},"featured_media":48763,"comment_status":"closed","ping_status":"open","template":"","meta":{"_acf_changed":false},"product_brand":[],"product_cat":[5929,5955],"product_tag":[],"class_list":{"0":"post-57405","1":"product","2":"type-product","3":"status-publish","4":"has-post-thumbnail","6":"product_cat-akcesoria-it","7":"product_cat-przenoszenie","8":"pa_okres-gwarancji-5757","9":"pa_producent-tomtoc","11":"first","12":"outofstock","13":"taxable","14":"shipping-taxable","15":"purchasable","16":"product-type-simple"},"acf":[],"yoast_head":"<!-- This site is optimized with the Yoast SEO plugin v27.2 - https:\/\/yoast.com\/product\/yoast-seo-wordpress\/ -->\n<title>Torba na laptopa TOMTOC Defender-A42 14&quot; (czarna) - IRONSKY.PL Sklep z Dronami<\/title>\n<meta name=\"description\" content=\"Torba na laptopa TOMTOC Defender-A42 14&quot; (czarna) - \u2705 sklep z dronami i fachowym doradztwem. \u2705 Tutaj kupisz produkty DJI, Yuneec, Parrot, Syma i wiele innych, a tak\u017ce kursy i licencje na operatora drona.\" \/>\n<meta name=\"robots\" content=\"index, follow, max-snippet:-1, max-image-preview:large, max-video-preview:-1\" \/>\n<link rel=\"canonical\" href=\"https:\/\/ironsky.pl\/sklep\/produkt\/torba-na-laptopa-tomtoc-defender-a42-14-czarna\/\" \/>\n<meta property=\"og:locale\" content=\"pl_PL\" \/>\n<meta property=\"og:type\" content=\"article\" \/>\n<meta property=\"og:title\" content=\"Torba na laptopa TOMTOC Defender-A42 14&quot; (czarna) - IRONSKY.PL Sklep z Dronami\" \/>\n<meta property=\"og:description\" content=\"Torba na laptopa TOMTOC Defender-A42 14&quot; (czarna) - \u2705 sklep z dronami i fachowym doradztwem. \u2705 Tutaj kupisz produkty DJI, Yuneec, Parrot, Syma i wiele innych, a tak\u017ce kursy i licencje na operatora drona.\" \/>\n<meta property=\"og:url\" content=\"https:\/\/ironsky.pl\/sklep\/produkt\/torba-na-laptopa-tomtoc-defender-a42-14-czarna\/\" \/>\n<meta property=\"og:site_name\" content=\"IRONSKY.PL Sklep z Dronami\" \/>\n<meta property=\"article:modified_time\" content=\"2026-04-15T08:25:50+00:00\" \/>\n<meta property=\"og:image\" content=\"https:\/\/ironsky.pl\/sklep\/wp-content\/uploads\/2025\/10\/34551_1.jpg\" \/>\n\t<meta property=\"og:image:width\" content=\"800\" \/>\n\t<meta property=\"og:image:height\" content=\"800\" \/>\n\t<meta property=\"og:image:type\" content=\"image\/jpeg\" \/>\n<meta name=\"twitter:card\" content=\"summary_large_image\" \/>\n<meta name=\"twitter:label1\" content=\"Szacowany czas czytania\" \/>\n\t<meta name=\"twitter:data1\" content=\"1 minuta\" \/>\n<script type=\"application\/ld+json\" class=\"yoast-schema-graph\">{\"@context\":\"https:\/\/schema.org\",\"@graph\":[{\"@type\":\"WebPage\",\"@id\":\"https:\/\/ironsky.pl\/sklep\/produkt\/torba-na-laptopa-tomtoc-defender-a42-14-czarna\/\",\"url\":\"https:\/\/ironsky.pl\/sklep\/produkt\/torba-na-laptopa-tomtoc-defender-a42-14-czarna\/\",\"name\":\"Torba na laptopa TOMTOC Defender-A42 14\\\" (czarna) - IRONSKY.PL Sklep z Dronami\",\"isPartOf\":{\"@id\":\"https:\/\/ironsky.pl\/sklep\/#website\"},\"primaryImageOfPage\":{\"@id\":\"https:\/\/ironsky.pl\/sklep\/produkt\/torba-na-laptopa-tomtoc-defender-a42-14-czarna\/#primaryimage\"},\"image\":{\"@id\":\"https:\/\/ironsky.pl\/sklep\/produkt\/torba-na-laptopa-tomtoc-defender-a42-14-czarna\/#primaryimage\"},\"thumbnailUrl\":\"https:\/\/ironsky.pl\/sklep\/wp-content\/uploads\/2025\/10\/34551_1.jpg\",\"datePublished\":\"2026-04-15T08:25:38+00:00\",\"dateModified\":\"2026-04-15T08:25:50+00:00\",\"description\":\"Torba na laptopa TOMTOC Defender-A42 14\\\" (czarna) - \u2705 sklep z dronami i fachowym doradztwem. \u2705 Tutaj kupisz produkty DJI, Yuneec, Parrot, Syma i wiele innych, a tak\u017ce kursy i licencje na operatora drona.\",\"breadcrumb\":{\"@id\":\"https:\/\/ironsky.pl\/sklep\/produkt\/torba-na-laptopa-tomtoc-defender-a42-14-czarna\/#breadcrumb\"},\"inLanguage\":\"pl-PL\",\"potentialAction\":[{\"@type\":\"ReadAction\",\"target\":[\"https:\/\/ironsky.pl\/sklep\/produkt\/torba-na-laptopa-tomtoc-defender-a42-14-czarna\/\"]}]},{\"@type\":\"ImageObject\",\"inLanguage\":\"pl-PL\",\"@id\":\"https:\/\/ironsky.pl\/sklep\/produkt\/torba-na-laptopa-tomtoc-defender-a42-14-czarna\/#primaryimage\",\"url\":\"https:\/\/ironsky.pl\/sklep\/wp-content\/uploads\/2025\/10\/34551_1.jpg\",\"contentUrl\":\"https:\/\/ironsky.pl\/sklep\/wp-content\/uploads\/2025\/10\/34551_1.jpg\",\"width\":800,\"height\":800},{\"@type\":\"BreadcrumbList\",\"@id\":\"https:\/\/ironsky.pl\/sklep\/produkt\/torba-na-laptopa-tomtoc-defender-a42-14-czarna\/#breadcrumb\",\"itemListElement\":[{\"@type\":\"ListItem\",\"position\":1,\"name\":\"Strona g\u0142\u00f3wna\",\"item\":\"https:\/\/ironsky.pl\/sklep\/\"},{\"@type\":\"ListItem\",\"position\":2,\"name\":\"Wszystkie produkty\",\"item\":\"https:\/\/ironsky.pl\/sklep\/produkty\/\"},{\"@type\":\"ListItem\",\"position\":3,\"name\":\"Torba na laptopa TOMTOC Defender-A42 14&#8243; (czarna)\"}]},{\"@type\":\"WebSite\",\"@id\":\"https:\/\/ironsky.pl\/sklep\/#website\",\"url\":\"https:\/\/ironsky.pl\/sklep\/\",\"name\":\"IRONSKY.PL Sklep z Dronami\",\"description\":\"IRONSKY.PL Sklep z Dronami\",\"potentialAction\":[{\"@type\":\"SearchAction\",\"target\":{\"@type\":\"EntryPoint\",\"urlTemplate\":\"https:\/\/ironsky.pl\/sklep\/?s={search_term_string}\"},\"query-input\":{\"@type\":\"PropertyValueSpecification\",\"valueRequired\":true,\"valueName\":\"search_term_string\"}}],\"inLanguage\":\"pl-PL\"}]}<\/script>\n<!-- \/ Yoast SEO plugin. -->","yoast_head_json":{"title":"Torba na laptopa TOMTOC Defender-A42 14\" (czarna) - IRONSKY.PL Sklep z Dronami","description":"Torba na laptopa TOMTOC Defender-A42 14\" (czarna) - \u2705 sklep z dronami i fachowym doradztwem. \u2705 Tutaj kupisz produkty DJI, Yuneec, Parrot, Syma i wiele innych, a tak\u017ce kursy i licencje na operatora drona.","robots":{"index":"index","follow":"follow","max-snippet":"max-snippet:-1","max-image-preview":"max-image-preview:large","max-video-preview":"max-video-preview:-1"},"canonical":"https:\/\/ironsky.pl\/sklep\/produkt\/torba-na-laptopa-tomtoc-defender-a42-14-czarna\/","og_locale":"pl_PL","og_type":"article","og_title":"Torba na laptopa TOMTOC Defender-A42 14\" (czarna) - IRONSKY.PL Sklep z Dronami","og_description":"Torba na laptopa TOMTOC Defender-A42 14\" (czarna) - \u2705 sklep z dronami i fachowym doradztwem. \u2705 Tutaj kupisz produkty DJI, Yuneec, Parrot, Syma i wiele innych, a tak\u017ce kursy i licencje na operatora drona.","og_url":"https:\/\/ironsky.pl\/sklep\/produkt\/torba-na-laptopa-tomtoc-defender-a42-14-czarna\/","og_site_name":"IRONSKY.PL Sklep z Dronami","article_modified_time":"2026-04-15T08:25:50+00:00","og_image":[{"width":800,"height":800,"url":"https:\/\/ironsky.pl\/sklep\/wp-content\/uploads\/2025\/10\/34551_1.jpg","type":"image\/jpeg"}],"twitter_card":"summary_large_image","twitter_misc":{"Szacowany czas czytania":"1 minuta"},"schema":{"@context":"https:\/\/schema.org","@graph":[{"@type":"WebPage","@id":"https:\/\/ironsky.pl\/sklep\/produkt\/torba-na-laptopa-tomtoc-defender-a42-14-czarna\/","url":"https:\/\/ironsky.pl\/sklep\/produkt\/torba-na-laptopa-tomtoc-defender-a42-14-czarna\/","name":"Torba na laptopa TOMTOC Defender-A42 14\" (czarna) - IRONSKY.PL Sklep z Dronami","isPartOf":{"@id":"https:\/\/ironsky.pl\/sklep\/#website"},"primaryImageOfPage":{"@id":"https:\/\/ironsky.pl\/sklep\/produkt\/torba-na-laptopa-tomtoc-defender-a42-14-czarna\/#primaryimage"},"image":{"@id":"https:\/\/ironsky.pl\/sklep\/produkt\/torba-na-laptopa-tomtoc-defender-a42-14-czarna\/#primaryimage"},"thumbnailUrl":"https:\/\/ironsky.pl\/sklep\/wp-content\/uploads\/2025\/10\/34551_1.jpg","datePublished":"2026-04-15T08:25:38+00:00","dateModified":"2026-04-15T08:25:50+00:00","description":"Torba na laptopa TOMTOC Defender-A42 14\" (czarna) - \u2705 sklep z dronami i fachowym doradztwem. \u2705 Tutaj kupisz produkty DJI, Yuneec, Parrot, Syma i wiele innych, a tak\u017ce kursy i licencje na operatora drona.","breadcrumb":{"@id":"https:\/\/ironsky.pl\/sklep\/produkt\/torba-na-laptopa-tomtoc-defender-a42-14-czarna\/#breadcrumb"},"inLanguage":"pl-PL","potentialAction":[{"@type":"ReadAction","target":["https:\/\/ironsky.pl\/sklep\/produkt\/torba-na-laptopa-tomtoc-defender-a42-14-czarna\/"]}]},{"@type":"ImageObject","inLanguage":"pl-PL","@id":"https:\/\/ironsky.pl\/sklep\/produkt\/torba-na-laptopa-tomtoc-defender-a42-14-czarna\/#primaryimage","url":"https:\/\/ironsky.pl\/sklep\/wp-content\/uploads\/2025\/10\/34551_1.jpg","contentUrl":"https:\/\/ironsky.pl\/sklep\/wp-content\/uploads\/2025\/10\/34551_1.jpg","width":800,"height":800},{"@type":"BreadcrumbList","@id":"https:\/\/ironsky.pl\/sklep\/produkt\/torba-na-laptopa-tomtoc-defender-a42-14-czarna\/#breadcrumb","itemListElement":[{"@type":"ListItem","position":1,"name":"Strona g\u0142\u00f3wna","item":"https:\/\/ironsky.pl\/sklep\/"},{"@type":"ListItem","position":2,"name":"Wszystkie produkty","item":"https:\/\/ironsky.pl\/sklep\/produkty\/"},{"@type":"ListItem","position":3,"name":"Torba na laptopa TOMTOC Defender-A42 14&#8243; (czarna)"}]},{"@type":"WebSite","@id":"https:\/\/ironsky.pl\/sklep\/#website","url":"https:\/\/ironsky.pl\/sklep\/","name":"IRONSKY.PL Sklep z Dronami","description":"IRONSKY.PL Sklep z Dronami","potentialAction":[{"@type":"SearchAction","target":{"@type":"EntryPoint","urlTemplate":"https:\/\/ironsky.pl\/sklep\/?s={search_term_string}"},"query-input":{"@type":"PropertyValueSpecification","valueRequired":true,"valueName":"search_term_string"}}],"inLanguage":"pl-PL"}]}},"_links":{"self":[{"href":"https:\/\/ironsky.pl\/sklep\/wp-json\/wp\/v2\/product\/57405","targetHints":{"allow":["GET"]}}],"collection":[{"href":"https:\/\/ironsky.pl\/sklep\/wp-json\/wp\/v2\/product"}],"about":[{"href":"https:\/\/ironsky.pl\/sklep\/wp-json\/wp\/v2\/types\/product"}],"replies":[{"embeddable":true,"href":"https:\/\/ironsky.pl\/sklep\/wp-json\/wp\/v2\/comments?post=57405"}],"wp:featuredmedia":[{"embeddable":true,"href":"https:\/\/ironsky.pl\/sklep\/wp-json\/wp\/v2\/media\/48763"}],"wp:attachment":[{"href":"https:\/\/ironsky.pl\/sklep\/wp-json\/wp\/v2\/media?parent=57405"}],"wp:term":[{"taxonomy":"product_brand","embeddable":true,"href":"https:\/\/ironsky.pl\/sklep\/wp-json\/wp\/v2\/product_brand?post=57405"},{"taxonomy":"product_cat","embeddable":true,"href":"https:\/\/ironsky.pl\/sklep\/wp-json\/wp\/v2\/product_cat?post=57405"},{"taxonomy":"product_tag","embeddable":true,"href":"https:\/\/ironsky.pl\/sklep\/wp-json\/wp\/v2\/product_tag?post=57405"}],"curies":[{"name":"wp","href":"https:\/\/api.w.org\/{rel}","templated":true}]}}