{"id":57401,"date":"2026-04-15T10:25:38","date_gmt":"2026-04-15T08:25:38","guid":{"rendered":"https:\/\/ironsky.pl\/sklep\/produkt\/teczka-na-laptopa-tomtoc-defender-a14-13-czarna\/"},"modified":"2026-04-15T10:25:47","modified_gmt":"2026-04-15T08:25:47","slug":"teczka-na-laptopa-tomtoc-defender-a14-13-czarna","status":"publish","type":"product","link":"https:\/\/ironsky.pl\/sklep\/produkt\/teczka-na-laptopa-tomtoc-defender-a14-13-czarna\/","title":{"rendered":"Teczka na laptopa Tomtoc Defender-A14 13&#8221; (czarna)"},"content":{"rendered":"<h3>Teczka na laptopa 13&#8243; Tomtoc Defender-A14 (czarny)<\/h3>\n<p>Tomtoc Defender A14 to teczka\/torba na laptopy o przek\u0105tnej 13 cali &#8211; posiada jedn\u0105 komor\u0119, zapinan\u0105 na zamek przedni\u0105 kiesze\u0144 z organizerem i tyln\u0105 kiesze\u0144 bez zamka. Stworzona z my\u015bl\u0105 o MacBookach Air i Pro, do kt\u00f3rych zosta\u0142a idealnie spasowana. Dla maksymalnej ochrony teczka otwierana jest jedynie z boku, a nie na d\u0142ugo\u015bci trzech bok\u00f3w. Wszystkie kraw\u0119dzie, ze szczeg\u00f3ln\u0105 dba\u0142o\u015bci\u0105 o rogi, wy\u0142o\u017cone zosta\u0142y materia\u0142em absorbuj\u0105cym wstrz\u0105sy, aby zapewni\u0107 sprz\u0119towi najlepsz\u0105 ochron\u0119. Teczka spe\u0142nia wojskowy standard MIL STD 810H: 2019 w zakresie upadk\u00f3w.<\/p>\n<p>\n<img decoding=\"async\" src=\"https:\/\/assets.innpro.pl\/1169\/1266\/1.jpg\" border=\"0\" \/>\n<\/p>\n<h3>Dba\u0142o\u015b\u0107 o detale<\/h3>\n<p>Wn\u0119trze pokrowca wy\u015bcie\u0142ane zosta\u0142o delikatnym materia\u0142em oraz grub\u0105 warstw\u0105 wype\u0142nienia. Przednia kiesze\u0144 posiada jedn\u0105 komor\u0119 i trzy kieszenie &#8211; dwie du\u017ce i jedn\u0105 ma\u0142\u0105. W \u015brodku znajduje si\u0119 dodatkowy zaczep na klucze i\/lub AirTag. Wszyte zamki wyprodukowane zosta\u0142y przez YKK &#8211; znan\u0105 i cenion\u0105 japo\u0144sk\u0105 mark\u0119. Tyna kiesze\u0144 fantastycznie sprawdzi si\u0119 na dokumenty czy zeszyt.<\/p>\n<p>\n<img decoding=\"async\" src=\"https:\/\/assets.innpro.pl\/1169\/1266\/5.jpg\" border=\"0\" \/>\n<\/p>\n<h3>Wysokiej jako\u015bci materia\u0142y<\/h3>\n<p>Materia\u0142 pokrowca pochodzi z recyklingu plastikowych butelek. Pokrowiec cechuje si\u0119 eleganckim, minimalistycznym designem. Teczka posiada wygodn\u0105 r\u0105czk\u0119 wyko\u0144czon\u0105 sztuczn\u0105 sk\u00f3r\u0105.<\/p>\n<p>\n<img decoding=\"async\" src=\"https:\/\/assets.innpro.pl\/1169\/1266\/4.jpg\" border=\"0\" \/>\n<\/p>\n<div class=\"table-wrapper\">\n<p>\u00a0<\/p>\n<h3><\/h3>\n<table>\n<tbody>\n<tr>\n<th>Producent<\/th>\n<td>Tomtoc<\/td>\n<\/tr>\n<tr>\n<th>Model <\/th>\n<td>Defender-A14<\/td>\n<\/tr>\n<tr>\n<th>Kolor <\/th>\n<td>Czarny<\/td>\n<\/tr>\n<tr>\n<th>Wymiary<\/th>\n<td>43 x 25 x 5 cm<\/td>\n<\/tr>\n<tr>\n<th>Waga<\/th>\n<td>350 g<\/td>\n<\/tr>\n<tr>\n<th>Kompatybilno\u015b\u0107<\/th>\n<td>Apple: 13-calowy MacBook Air M3\/M2\/M1 A3113\/A2681\/A2337\/A2179\/A1932 (2024-2018), MacBook Pro M2\/M1 A2686\/A2338\/A2289\/A2159\/A1989\/A1706\/A1708 (2023-2016), 13-calowy iPad Pro M4\/ iPad Air M2 (2024), 12.9-calowy iPad Pro M2\/M1 6th\/5th\/4th\/3rd Gen bez klawiatury (2022-2018); Microsoft: 13-calowy Surface Pro 11\/10\/9\/8\/X, Microsoft 12.3-calowy Surface Pro 7+\/7\/6\/5\/4\/3\/2\/1 z Type Cover; Lenovo: X280\/X270\/X260\/X250\/X240<\/td>\n<\/tr>\n<\/tbody>\n<\/table>\n<\/div>\n","protected":false},"excerpt":{"rendered":"<p>Teczka na laptopa 13&#8243; Tomtoc Defender-A14 (czarny) Tomtoc Defender A14 to teczka\/torba na laptopy o przek\u0105tnej 13 cali &#8211; posiada<\/p>\n","protected":false},"featured_media":48740,"comment_status":"closed","ping_status":"open","template":"","meta":{"_acf_changed":false},"product_brand":[],"product_cat":[5929,5955],"product_tag":[],"class_list":{"0":"post-57401","1":"product","2":"type-product","3":"status-publish","4":"has-post-thumbnail","6":"product_cat-akcesoria-it","7":"product_cat-przenoszenie","8":"pa_okres-gwarancji-5757","9":"pa_producent-tomtoc","11":"first","12":"outofstock","13":"taxable","14":"shipping-taxable","15":"purchasable","16":"product-type-simple"},"acf":[],"yoast_head":"<!-- This site is optimized with the Yoast SEO plugin v27.2 - https:\/\/yoast.com\/product\/yoast-seo-wordpress\/ -->\n<title>Teczka na laptopa Tomtoc Defender-A14 13&#039;&#039; (czarna) - IRONSKY.PL Sklep z Dronami<\/title>\n<meta name=\"description\" content=\"Teczka na laptopa Tomtoc Defender-A14 13&#039;&#039; (czarna) - \u2705 sklep z dronami i fachowym doradztwem. \u2705 Tutaj kupisz produkty DJI, Yuneec, Parrot, Syma i wiele innych, a tak\u017ce kursy i licencje na operatora drona.\" \/>\n<meta name=\"robots\" content=\"index, follow, max-snippet:-1, max-image-preview:large, max-video-preview:-1\" \/>\n<link rel=\"canonical\" href=\"https:\/\/ironsky.pl\/sklep\/produkt\/teczka-na-laptopa-tomtoc-defender-a14-13-czarna\/\" \/>\n<meta property=\"og:locale\" content=\"pl_PL\" \/>\n<meta property=\"og:type\" content=\"article\" \/>\n<meta property=\"og:title\" content=\"Teczka na laptopa Tomtoc Defender-A14 13&#039;&#039; (czarna) - IRONSKY.PL Sklep z Dronami\" \/>\n<meta property=\"og:description\" content=\"Teczka na laptopa Tomtoc Defender-A14 13&#039;&#039; (czarna) - \u2705 sklep z dronami i fachowym doradztwem. \u2705 Tutaj kupisz produkty DJI, Yuneec, Parrot, Syma i wiele innych, a tak\u017ce kursy i licencje na operatora drona.\" \/>\n<meta property=\"og:url\" content=\"https:\/\/ironsky.pl\/sklep\/produkt\/teczka-na-laptopa-tomtoc-defender-a14-13-czarna\/\" \/>\n<meta property=\"og:site_name\" content=\"IRONSKY.PL Sklep z Dronami\" \/>\n<meta property=\"article:modified_time\" content=\"2026-04-15T08:25:47+00:00\" \/>\n<meta property=\"og:image\" content=\"https:\/\/ironsky.pl\/sklep\/wp-content\/uploads\/2025\/10\/34542_1.jpg\" \/>\n\t<meta property=\"og:image:width\" content=\"800\" \/>\n\t<meta property=\"og:image:height\" content=\"800\" \/>\n\t<meta property=\"og:image:type\" content=\"image\/jpeg\" \/>\n<meta name=\"twitter:card\" content=\"summary_large_image\" \/>\n<meta name=\"twitter:label1\" content=\"Szacowany czas czytania\" \/>\n\t<meta name=\"twitter:data1\" content=\"1 minuta\" \/>\n<script type=\"application\/ld+json\" class=\"yoast-schema-graph\">{\"@context\":\"https:\/\/schema.org\",\"@graph\":[{\"@type\":\"WebPage\",\"@id\":\"https:\/\/ironsky.pl\/sklep\/produkt\/teczka-na-laptopa-tomtoc-defender-a14-13-czarna\/\",\"url\":\"https:\/\/ironsky.pl\/sklep\/produkt\/teczka-na-laptopa-tomtoc-defender-a14-13-czarna\/\",\"name\":\"Teczka na laptopa Tomtoc Defender-A14 13'' (czarna) - IRONSKY.PL Sklep z Dronami\",\"isPartOf\":{\"@id\":\"https:\/\/ironsky.pl\/sklep\/#website\"},\"primaryImageOfPage\":{\"@id\":\"https:\/\/ironsky.pl\/sklep\/produkt\/teczka-na-laptopa-tomtoc-defender-a14-13-czarna\/#primaryimage\"},\"image\":{\"@id\":\"https:\/\/ironsky.pl\/sklep\/produkt\/teczka-na-laptopa-tomtoc-defender-a14-13-czarna\/#primaryimage\"},\"thumbnailUrl\":\"https:\/\/ironsky.pl\/sklep\/wp-content\/uploads\/2025\/10\/34542_1.jpg\",\"datePublished\":\"2026-04-15T08:25:38+00:00\",\"dateModified\":\"2026-04-15T08:25:47+00:00\",\"description\":\"Teczka na laptopa Tomtoc Defender-A14 13'' (czarna) - \u2705 sklep z dronami i fachowym doradztwem. \u2705 Tutaj kupisz produkty DJI, Yuneec, Parrot, Syma i wiele innych, a tak\u017ce kursy i licencje na operatora drona.\",\"breadcrumb\":{\"@id\":\"https:\/\/ironsky.pl\/sklep\/produkt\/teczka-na-laptopa-tomtoc-defender-a14-13-czarna\/#breadcrumb\"},\"inLanguage\":\"pl-PL\",\"potentialAction\":[{\"@type\":\"ReadAction\",\"target\":[\"https:\/\/ironsky.pl\/sklep\/produkt\/teczka-na-laptopa-tomtoc-defender-a14-13-czarna\/\"]}]},{\"@type\":\"ImageObject\",\"inLanguage\":\"pl-PL\",\"@id\":\"https:\/\/ironsky.pl\/sklep\/produkt\/teczka-na-laptopa-tomtoc-defender-a14-13-czarna\/#primaryimage\",\"url\":\"https:\/\/ironsky.pl\/sklep\/wp-content\/uploads\/2025\/10\/34542_1.jpg\",\"contentUrl\":\"https:\/\/ironsky.pl\/sklep\/wp-content\/uploads\/2025\/10\/34542_1.jpg\",\"width\":800,\"height\":800},{\"@type\":\"BreadcrumbList\",\"@id\":\"https:\/\/ironsky.pl\/sklep\/produkt\/teczka-na-laptopa-tomtoc-defender-a14-13-czarna\/#breadcrumb\",\"itemListElement\":[{\"@type\":\"ListItem\",\"position\":1,\"name\":\"Strona g\u0142\u00f3wna\",\"item\":\"https:\/\/ironsky.pl\/sklep\/\"},{\"@type\":\"ListItem\",\"position\":2,\"name\":\"Wszystkie produkty\",\"item\":\"https:\/\/ironsky.pl\/sklep\/produkty\/\"},{\"@type\":\"ListItem\",\"position\":3,\"name\":\"Teczka na laptopa Tomtoc Defender-A14 13&#8221; (czarna)\"}]},{\"@type\":\"WebSite\",\"@id\":\"https:\/\/ironsky.pl\/sklep\/#website\",\"url\":\"https:\/\/ironsky.pl\/sklep\/\",\"name\":\"IRONSKY.PL Sklep z Dronami\",\"description\":\"IRONSKY.PL Sklep z Dronami\",\"potentialAction\":[{\"@type\":\"SearchAction\",\"target\":{\"@type\":\"EntryPoint\",\"urlTemplate\":\"https:\/\/ironsky.pl\/sklep\/?s={search_term_string}\"},\"query-input\":{\"@type\":\"PropertyValueSpecification\",\"valueRequired\":true,\"valueName\":\"search_term_string\"}}],\"inLanguage\":\"pl-PL\"}]}<\/script>\n<!-- \/ Yoast SEO plugin. -->","yoast_head_json":{"title":"Teczka na laptopa Tomtoc Defender-A14 13'' (czarna) - IRONSKY.PL Sklep z Dronami","description":"Teczka na laptopa Tomtoc Defender-A14 13'' (czarna) - \u2705 sklep z dronami i fachowym doradztwem. \u2705 Tutaj kupisz produkty DJI, Yuneec, Parrot, Syma i wiele innych, a tak\u017ce kursy i licencje na operatora drona.","robots":{"index":"index","follow":"follow","max-snippet":"max-snippet:-1","max-image-preview":"max-image-preview:large","max-video-preview":"max-video-preview:-1"},"canonical":"https:\/\/ironsky.pl\/sklep\/produkt\/teczka-na-laptopa-tomtoc-defender-a14-13-czarna\/","og_locale":"pl_PL","og_type":"article","og_title":"Teczka na laptopa Tomtoc Defender-A14 13'' (czarna) - IRONSKY.PL Sklep z Dronami","og_description":"Teczka na laptopa Tomtoc Defender-A14 13'' (czarna) - \u2705 sklep z dronami i fachowym doradztwem. \u2705 Tutaj kupisz produkty DJI, Yuneec, Parrot, Syma i wiele innych, a tak\u017ce kursy i licencje na operatora drona.","og_url":"https:\/\/ironsky.pl\/sklep\/produkt\/teczka-na-laptopa-tomtoc-defender-a14-13-czarna\/","og_site_name":"IRONSKY.PL Sklep z Dronami","article_modified_time":"2026-04-15T08:25:47+00:00","og_image":[{"width":800,"height":800,"url":"https:\/\/ironsky.pl\/sklep\/wp-content\/uploads\/2025\/10\/34542_1.jpg","type":"image\/jpeg"}],"twitter_card":"summary_large_image","twitter_misc":{"Szacowany czas czytania":"1 minuta"},"schema":{"@context":"https:\/\/schema.org","@graph":[{"@type":"WebPage","@id":"https:\/\/ironsky.pl\/sklep\/produkt\/teczka-na-laptopa-tomtoc-defender-a14-13-czarna\/","url":"https:\/\/ironsky.pl\/sklep\/produkt\/teczka-na-laptopa-tomtoc-defender-a14-13-czarna\/","name":"Teczka na laptopa Tomtoc Defender-A14 13'' (czarna) - IRONSKY.PL Sklep z Dronami","isPartOf":{"@id":"https:\/\/ironsky.pl\/sklep\/#website"},"primaryImageOfPage":{"@id":"https:\/\/ironsky.pl\/sklep\/produkt\/teczka-na-laptopa-tomtoc-defender-a14-13-czarna\/#primaryimage"},"image":{"@id":"https:\/\/ironsky.pl\/sklep\/produkt\/teczka-na-laptopa-tomtoc-defender-a14-13-czarna\/#primaryimage"},"thumbnailUrl":"https:\/\/ironsky.pl\/sklep\/wp-content\/uploads\/2025\/10\/34542_1.jpg","datePublished":"2026-04-15T08:25:38+00:00","dateModified":"2026-04-15T08:25:47+00:00","description":"Teczka na laptopa Tomtoc Defender-A14 13'' (czarna) - \u2705 sklep z dronami i fachowym doradztwem. \u2705 Tutaj kupisz produkty DJI, Yuneec, Parrot, Syma i wiele innych, a tak\u017ce kursy i licencje na operatora drona.","breadcrumb":{"@id":"https:\/\/ironsky.pl\/sklep\/produkt\/teczka-na-laptopa-tomtoc-defender-a14-13-czarna\/#breadcrumb"},"inLanguage":"pl-PL","potentialAction":[{"@type":"ReadAction","target":["https:\/\/ironsky.pl\/sklep\/produkt\/teczka-na-laptopa-tomtoc-defender-a14-13-czarna\/"]}]},{"@type":"ImageObject","inLanguage":"pl-PL","@id":"https:\/\/ironsky.pl\/sklep\/produkt\/teczka-na-laptopa-tomtoc-defender-a14-13-czarna\/#primaryimage","url":"https:\/\/ironsky.pl\/sklep\/wp-content\/uploads\/2025\/10\/34542_1.jpg","contentUrl":"https:\/\/ironsky.pl\/sklep\/wp-content\/uploads\/2025\/10\/34542_1.jpg","width":800,"height":800},{"@type":"BreadcrumbList","@id":"https:\/\/ironsky.pl\/sklep\/produkt\/teczka-na-laptopa-tomtoc-defender-a14-13-czarna\/#breadcrumb","itemListElement":[{"@type":"ListItem","position":1,"name":"Strona g\u0142\u00f3wna","item":"https:\/\/ironsky.pl\/sklep\/"},{"@type":"ListItem","position":2,"name":"Wszystkie produkty","item":"https:\/\/ironsky.pl\/sklep\/produkty\/"},{"@type":"ListItem","position":3,"name":"Teczka na laptopa Tomtoc Defender-A14 13&#8221; (czarna)"}]},{"@type":"WebSite","@id":"https:\/\/ironsky.pl\/sklep\/#website","url":"https:\/\/ironsky.pl\/sklep\/","name":"IRONSKY.PL Sklep z Dronami","description":"IRONSKY.PL Sklep z Dronami","potentialAction":[{"@type":"SearchAction","target":{"@type":"EntryPoint","urlTemplate":"https:\/\/ironsky.pl\/sklep\/?s={search_term_string}"},"query-input":{"@type":"PropertyValueSpecification","valueRequired":true,"valueName":"search_term_string"}}],"inLanguage":"pl-PL"}]}},"_links":{"self":[{"href":"https:\/\/ironsky.pl\/sklep\/wp-json\/wp\/v2\/product\/57401","targetHints":{"allow":["GET"]}}],"collection":[{"href":"https:\/\/ironsky.pl\/sklep\/wp-json\/wp\/v2\/product"}],"about":[{"href":"https:\/\/ironsky.pl\/sklep\/wp-json\/wp\/v2\/types\/product"}],"replies":[{"embeddable":true,"href":"https:\/\/ironsky.pl\/sklep\/wp-json\/wp\/v2\/comments?post=57401"}],"wp:featuredmedia":[{"embeddable":true,"href":"https:\/\/ironsky.pl\/sklep\/wp-json\/wp\/v2\/media\/48740"}],"wp:attachment":[{"href":"https:\/\/ironsky.pl\/sklep\/wp-json\/wp\/v2\/media?parent=57401"}],"wp:term":[{"taxonomy":"product_brand","embeddable":true,"href":"https:\/\/ironsky.pl\/sklep\/wp-json\/wp\/v2\/product_brand?post=57401"},{"taxonomy":"product_cat","embeddable":true,"href":"https:\/\/ironsky.pl\/sklep\/wp-json\/wp\/v2\/product_cat?post=57401"},{"taxonomy":"product_tag","embeddable":true,"href":"https:\/\/ironsky.pl\/sklep\/wp-json\/wp\/v2\/product_tag?post=57401"}],"curies":[{"name":"wp","href":"https:\/\/api.w.org\/{rel}","templated":true}]}}