{"id":57395,"date":"2026-04-15T10:25:38","date_gmt":"2026-04-15T08:25:38","guid":{"rendered":"https:\/\/ironsky.pl\/sklep\/produkt\/pokrowiec-na-laptopa-tomtoc-defender-a13-14-etui-czarny\/"},"modified":"2026-04-15T10:25:41","modified_gmt":"2026-04-15T08:25:41","slug":"pokrowiec-na-laptopa-tomtoc-defender-a13-14-etui-czarny","status":"publish","type":"product","link":"https:\/\/ironsky.pl\/sklep\/produkt\/pokrowiec-na-laptopa-tomtoc-defender-a13-14-etui-czarny\/","title":{"rendered":"Pokrowiec na laptopa TOMTOC Defender-A13 14&#8243; + etui (czarny)"},"content":{"rendered":"<h3>Zestaw pokrowiec na laptopa 14&#8221; Tomtoc Defender-A13 i Etui (czarny)<\/h3>\n<p>Zestaw pokrowc\u00f3w sk\u0142ada si\u0119 z pokrowca na laptopa i etui\u00a0 na akcesoria. Tomtoc Defender A13 to pokrowiec na laptopy o przek\u0105tnej 14 cali &#8211; posiada jedn\u0105 komor\u0119 i kieszonk\u0119 zapinan\u0105 na zamek po zewn\u0119trznej stronie. Stworzony z my\u015bl\u0105 o 14-calowych MacBookach Pro M2, M1 Pro, Max i 13-calowym Air M2 z twardym etui, do kt\u00f3rych zosta\u0142 idealnie spasowany. Wewn\u0105trz kieszeni znajduje si\u0119 dodatkowy zaczep na AirTag lub klucz. Wszystkie kraw\u0119dzie, ze szczeg\u00f3ln\u0105 dba\u0142o\u015bci\u0105 o rogi wy\u0142o\u017cone zosta\u0142y materia\u0142em absorbuj\u0105cym wstrz\u0105sy, aby zapewni\u0107 sprz\u0119towi najlepsz\u0105 ochron\u0119. Pokrowiec spe\u0142nia wojskowy standard MIL STD 810-516.8 w zakresie upadk\u00f3w. Zastosowany materia\u0142 pochodzi z recyklingu i jest odporny na uszkodzenia mechaniczne oraz zachlapania, wszyty po bokach zamek wyprodukowany zosta\u0142 przez YKK &#8211; znan\u0105 i cenion\u0105 japo\u0144sk\u0105 mark\u0119. Wn\u0119trze pokrowca wy\u015bcie\u0142ane zosta\u0142o delikatnym materia\u0142em oraz grub\u0105 warstw\u0105 wype\u0142nienia. Pokrowiec cechuje si\u0119 eleganckim, minimalistycznym designem.\u00a0<\/p>\n<p>\n<img decoding=\"async\" src=\"https:\/\/assets.innpro.pl\/1164\/1262\/1.jpg\" border=\"0\" \/>\n<\/p>\n<h3>Etui na akcesoria<\/h3>\n<p>Etui na akcesoria posiada w \u015brodku dwie kieszenie oraz g\u0142\u00f3wn\u0105 komor\u0119, kt\u00f3re pomieszcz\u0105 akcesoria takie, jak dysk twardy, kable, s\u0142uchawki douszne, hub i nie tylko! Trzymaj swoje rzeczy praktycznie zorganizowane i zapomnij o rozpl\u0105tywaniu kabli!<\/p>\n<p>\n<img decoding=\"async\" src=\"https:\/\/assets.innpro.pl\/1164\/1262\/5.jpg\" border=\"0\" \/>\n<\/p>\n<h3>W zestawie<\/h3>\n<ul class=\"list-disc pl-5\">\n<li>Pokrowiec<\/li>\n<li>Etui<\/li>\n<\/ul>\n<div class=\"table-wrapper\">\n<p>\u00a0<\/p>\n<h3><\/h3>\n<table>\n<tbody>\n<tr>\n<th>Producent<\/th>\n<td>Tomtoc<\/td>\n<\/tr>\n<tr>\n<th>Model<\/th>\n<td>Defender-A13<\/td>\n<\/tr>\n<tr>\n<th>Kolor<\/th>\n<td>czarny<\/td>\n<\/tr>\n<tr>\n<th>Standard militarny<\/th>\n<td>MIL STD 810-516.8<\/td>\n<\/tr>\n<tr>\n<th>Wymiary<\/th>\n<td>33.7 x 24.7 x 3.2 cm<\/td>\n<\/tr>\n<tr>\n<th>Waga<\/th>\n<td>330 g<\/td>\n<\/tr>\n<tr>\n<th>Kompatybilno\u015b\u0107<\/th>\n<td>Apple: 14-calowy MacBook Pro M3\/M2\/M1 Pro\/Max A2992\/A2918\/A2779\/A2442 (2023-2021), 13-calowy iPad Pro M4\/ iPad Air M2 (2024), 12.9-inch iPad Pro 6th\/5th\/4th\/3rd Gen z Magic Keyboard\/Smart Keyboard Folio (2022-2018); Microsoft: 13.8-calowy New Surface Laptop Copilot+ PC (2024), 13.5-calowy Surface Laptop 6\/5\/4\/3\/2\/1; Lenovo: 14-calowy ThinkPad X1 Carbon 11\/10\/9 Gen; Dell: 14-calowy Latitude 7430 Laptop lub 2 w 1<\/td>\n<\/tr>\n<\/tbody>\n<\/table>\n<\/div>\n","protected":false},"excerpt":{"rendered":"<p>Zestaw pokrowiec na laptopa 14&#8221; Tomtoc Defender-A13 i Etui (czarny) Zestaw pokrowc\u00f3w sk\u0142ada si\u0119 z pokrowca na laptopa i etui\u00a0<\/p>\n","protected":false},"featured_media":43399,"comment_status":"closed","ping_status":"open","template":"","meta":{"_acf_changed":false},"product_brand":[],"product_cat":[5929,5955],"product_tag":[],"class_list":{"0":"post-57395","1":"product","2":"type-product","3":"status-publish","4":"has-post-thumbnail","6":"product_cat-akcesoria-it","7":"product_cat-przenoszenie","8":"pa_okres-gwarancji-5757","9":"pa_producent-tomtoc","11":"first","12":"outofstock","13":"taxable","14":"shipping-taxable","15":"purchasable","16":"product-type-simple"},"acf":[],"yoast_head":"<!-- This site is optimized with the Yoast SEO plugin v27.2 - https:\/\/yoast.com\/product\/yoast-seo-wordpress\/ -->\n<title>Pokrowiec na laptopa TOMTOC Defender-A13 14&quot; + etui (czarny) - IRONSKY.PL Sklep z Dronami<\/title>\n<meta name=\"description\" content=\"Pokrowiec na laptopa TOMTOC Defender-A13 14&quot; + etui (czarny) - \u2705 sklep z dronami i fachowym doradztwem. \u2705 Tutaj kupisz produkty DJI, Yuneec, Parrot, Syma i wiele innych, a tak\u017ce kursy i licencje na operatora drona.\" \/>\n<meta name=\"robots\" content=\"index, follow, max-snippet:-1, max-image-preview:large, max-video-preview:-1\" \/>\n<link rel=\"canonical\" href=\"https:\/\/ironsky.pl\/sklep\/produkt\/pokrowiec-na-laptopa-tomtoc-defender-a13-14-etui-czarny\/\" \/>\n<meta property=\"og:locale\" content=\"pl_PL\" \/>\n<meta property=\"og:type\" content=\"article\" \/>\n<meta property=\"og:title\" content=\"Pokrowiec na laptopa TOMTOC Defender-A13 14&quot; + etui (czarny) - IRONSKY.PL Sklep z Dronami\" \/>\n<meta property=\"og:description\" content=\"Pokrowiec na laptopa TOMTOC Defender-A13 14&quot; + etui (czarny) - \u2705 sklep z dronami i fachowym doradztwem. \u2705 Tutaj kupisz produkty DJI, Yuneec, Parrot, Syma i wiele innych, a tak\u017ce kursy i licencje na operatora drona.\" \/>\n<meta property=\"og:url\" content=\"https:\/\/ironsky.pl\/sklep\/produkt\/pokrowiec-na-laptopa-tomtoc-defender-a13-14-etui-czarny\/\" \/>\n<meta property=\"og:site_name\" content=\"IRONSKY.PL Sklep z Dronami\" \/>\n<meta property=\"article:modified_time\" content=\"2026-04-15T08:25:41+00:00\" \/>\n<meta property=\"og:image\" content=\"https:\/\/ironsky.pl\/sklep\/wp-content\/uploads\/2025\/06\/34539_1.jpg\" \/>\n\t<meta property=\"og:image:width\" content=\"800\" \/>\n\t<meta property=\"og:image:height\" content=\"800\" \/>\n\t<meta property=\"og:image:type\" content=\"image\/jpeg\" \/>\n<meta name=\"twitter:card\" content=\"summary_large_image\" \/>\n<meta name=\"twitter:label1\" content=\"Szacowany czas czytania\" \/>\n\t<meta name=\"twitter:data1\" content=\"1 minuta\" \/>\n<script type=\"application\/ld+json\" class=\"yoast-schema-graph\">{\"@context\":\"https:\/\/schema.org\",\"@graph\":[{\"@type\":\"WebPage\",\"@id\":\"https:\/\/ironsky.pl\/sklep\/produkt\/pokrowiec-na-laptopa-tomtoc-defender-a13-14-etui-czarny\/\",\"url\":\"https:\/\/ironsky.pl\/sklep\/produkt\/pokrowiec-na-laptopa-tomtoc-defender-a13-14-etui-czarny\/\",\"name\":\"Pokrowiec na laptopa TOMTOC Defender-A13 14\\\" + etui (czarny) - IRONSKY.PL Sklep z Dronami\",\"isPartOf\":{\"@id\":\"https:\/\/ironsky.pl\/sklep\/#website\"},\"primaryImageOfPage\":{\"@id\":\"https:\/\/ironsky.pl\/sklep\/produkt\/pokrowiec-na-laptopa-tomtoc-defender-a13-14-etui-czarny\/#primaryimage\"},\"image\":{\"@id\":\"https:\/\/ironsky.pl\/sklep\/produkt\/pokrowiec-na-laptopa-tomtoc-defender-a13-14-etui-czarny\/#primaryimage\"},\"thumbnailUrl\":\"https:\/\/ironsky.pl\/sklep\/wp-content\/uploads\/2025\/06\/34539_1.jpg\",\"datePublished\":\"2026-04-15T08:25:38+00:00\",\"dateModified\":\"2026-04-15T08:25:41+00:00\",\"description\":\"Pokrowiec na laptopa TOMTOC Defender-A13 14\\\" + etui (czarny) - \u2705 sklep z dronami i fachowym doradztwem. \u2705 Tutaj kupisz produkty DJI, Yuneec, Parrot, Syma i wiele innych, a tak\u017ce kursy i licencje na operatora drona.\",\"breadcrumb\":{\"@id\":\"https:\/\/ironsky.pl\/sklep\/produkt\/pokrowiec-na-laptopa-tomtoc-defender-a13-14-etui-czarny\/#breadcrumb\"},\"inLanguage\":\"pl-PL\",\"potentialAction\":[{\"@type\":\"ReadAction\",\"target\":[\"https:\/\/ironsky.pl\/sklep\/produkt\/pokrowiec-na-laptopa-tomtoc-defender-a13-14-etui-czarny\/\"]}]},{\"@type\":\"ImageObject\",\"inLanguage\":\"pl-PL\",\"@id\":\"https:\/\/ironsky.pl\/sklep\/produkt\/pokrowiec-na-laptopa-tomtoc-defender-a13-14-etui-czarny\/#primaryimage\",\"url\":\"https:\/\/ironsky.pl\/sklep\/wp-content\/uploads\/2025\/06\/34539_1.jpg\",\"contentUrl\":\"https:\/\/ironsky.pl\/sklep\/wp-content\/uploads\/2025\/06\/34539_1.jpg\",\"width\":800,\"height\":800},{\"@type\":\"BreadcrumbList\",\"@id\":\"https:\/\/ironsky.pl\/sklep\/produkt\/pokrowiec-na-laptopa-tomtoc-defender-a13-14-etui-czarny\/#breadcrumb\",\"itemListElement\":[{\"@type\":\"ListItem\",\"position\":1,\"name\":\"Strona g\u0142\u00f3wna\",\"item\":\"https:\/\/ironsky.pl\/sklep\/\"},{\"@type\":\"ListItem\",\"position\":2,\"name\":\"Wszystkie produkty\",\"item\":\"https:\/\/ironsky.pl\/sklep\/produkty\/\"},{\"@type\":\"ListItem\",\"position\":3,\"name\":\"Pokrowiec na laptopa TOMTOC Defender-A13 14&#8243; + etui (czarny)\"}]},{\"@type\":\"WebSite\",\"@id\":\"https:\/\/ironsky.pl\/sklep\/#website\",\"url\":\"https:\/\/ironsky.pl\/sklep\/\",\"name\":\"IRONSKY.PL Sklep z Dronami\",\"description\":\"IRONSKY.PL Sklep z Dronami\",\"potentialAction\":[{\"@type\":\"SearchAction\",\"target\":{\"@type\":\"EntryPoint\",\"urlTemplate\":\"https:\/\/ironsky.pl\/sklep\/?s={search_term_string}\"},\"query-input\":{\"@type\":\"PropertyValueSpecification\",\"valueRequired\":true,\"valueName\":\"search_term_string\"}}],\"inLanguage\":\"pl-PL\"}]}<\/script>\n<!-- \/ Yoast SEO plugin. -->","yoast_head_json":{"title":"Pokrowiec na laptopa TOMTOC Defender-A13 14\" + etui (czarny) - IRONSKY.PL Sklep z Dronami","description":"Pokrowiec na laptopa TOMTOC Defender-A13 14\" + etui (czarny) - \u2705 sklep z dronami i fachowym doradztwem. \u2705 Tutaj kupisz produkty DJI, Yuneec, Parrot, Syma i wiele innych, a tak\u017ce kursy i licencje na operatora drona.","robots":{"index":"index","follow":"follow","max-snippet":"max-snippet:-1","max-image-preview":"max-image-preview:large","max-video-preview":"max-video-preview:-1"},"canonical":"https:\/\/ironsky.pl\/sklep\/produkt\/pokrowiec-na-laptopa-tomtoc-defender-a13-14-etui-czarny\/","og_locale":"pl_PL","og_type":"article","og_title":"Pokrowiec na laptopa TOMTOC Defender-A13 14\" + etui (czarny) - IRONSKY.PL Sklep z Dronami","og_description":"Pokrowiec na laptopa TOMTOC Defender-A13 14\" + etui (czarny) - \u2705 sklep z dronami i fachowym doradztwem. \u2705 Tutaj kupisz produkty DJI, Yuneec, Parrot, Syma i wiele innych, a tak\u017ce kursy i licencje na operatora drona.","og_url":"https:\/\/ironsky.pl\/sklep\/produkt\/pokrowiec-na-laptopa-tomtoc-defender-a13-14-etui-czarny\/","og_site_name":"IRONSKY.PL Sklep z Dronami","article_modified_time":"2026-04-15T08:25:41+00:00","og_image":[{"width":800,"height":800,"url":"https:\/\/ironsky.pl\/sklep\/wp-content\/uploads\/2025\/06\/34539_1.jpg","type":"image\/jpeg"}],"twitter_card":"summary_large_image","twitter_misc":{"Szacowany czas czytania":"1 minuta"},"schema":{"@context":"https:\/\/schema.org","@graph":[{"@type":"WebPage","@id":"https:\/\/ironsky.pl\/sklep\/produkt\/pokrowiec-na-laptopa-tomtoc-defender-a13-14-etui-czarny\/","url":"https:\/\/ironsky.pl\/sklep\/produkt\/pokrowiec-na-laptopa-tomtoc-defender-a13-14-etui-czarny\/","name":"Pokrowiec na laptopa TOMTOC Defender-A13 14\" + etui (czarny) - IRONSKY.PL Sklep z Dronami","isPartOf":{"@id":"https:\/\/ironsky.pl\/sklep\/#website"},"primaryImageOfPage":{"@id":"https:\/\/ironsky.pl\/sklep\/produkt\/pokrowiec-na-laptopa-tomtoc-defender-a13-14-etui-czarny\/#primaryimage"},"image":{"@id":"https:\/\/ironsky.pl\/sklep\/produkt\/pokrowiec-na-laptopa-tomtoc-defender-a13-14-etui-czarny\/#primaryimage"},"thumbnailUrl":"https:\/\/ironsky.pl\/sklep\/wp-content\/uploads\/2025\/06\/34539_1.jpg","datePublished":"2026-04-15T08:25:38+00:00","dateModified":"2026-04-15T08:25:41+00:00","description":"Pokrowiec na laptopa TOMTOC Defender-A13 14\" + etui (czarny) - \u2705 sklep z dronami i fachowym doradztwem. \u2705 Tutaj kupisz produkty DJI, Yuneec, Parrot, Syma i wiele innych, a tak\u017ce kursy i licencje na operatora drona.","breadcrumb":{"@id":"https:\/\/ironsky.pl\/sklep\/produkt\/pokrowiec-na-laptopa-tomtoc-defender-a13-14-etui-czarny\/#breadcrumb"},"inLanguage":"pl-PL","potentialAction":[{"@type":"ReadAction","target":["https:\/\/ironsky.pl\/sklep\/produkt\/pokrowiec-na-laptopa-tomtoc-defender-a13-14-etui-czarny\/"]}]},{"@type":"ImageObject","inLanguage":"pl-PL","@id":"https:\/\/ironsky.pl\/sklep\/produkt\/pokrowiec-na-laptopa-tomtoc-defender-a13-14-etui-czarny\/#primaryimage","url":"https:\/\/ironsky.pl\/sklep\/wp-content\/uploads\/2025\/06\/34539_1.jpg","contentUrl":"https:\/\/ironsky.pl\/sklep\/wp-content\/uploads\/2025\/06\/34539_1.jpg","width":800,"height":800},{"@type":"BreadcrumbList","@id":"https:\/\/ironsky.pl\/sklep\/produkt\/pokrowiec-na-laptopa-tomtoc-defender-a13-14-etui-czarny\/#breadcrumb","itemListElement":[{"@type":"ListItem","position":1,"name":"Strona g\u0142\u00f3wna","item":"https:\/\/ironsky.pl\/sklep\/"},{"@type":"ListItem","position":2,"name":"Wszystkie produkty","item":"https:\/\/ironsky.pl\/sklep\/produkty\/"},{"@type":"ListItem","position":3,"name":"Pokrowiec na laptopa TOMTOC Defender-A13 14&#8243; + etui (czarny)"}]},{"@type":"WebSite","@id":"https:\/\/ironsky.pl\/sklep\/#website","url":"https:\/\/ironsky.pl\/sklep\/","name":"IRONSKY.PL Sklep z Dronami","description":"IRONSKY.PL Sklep z Dronami","potentialAction":[{"@type":"SearchAction","target":{"@type":"EntryPoint","urlTemplate":"https:\/\/ironsky.pl\/sklep\/?s={search_term_string}"},"query-input":{"@type":"PropertyValueSpecification","valueRequired":true,"valueName":"search_term_string"}}],"inLanguage":"pl-PL"}]}},"_links":{"self":[{"href":"https:\/\/ironsky.pl\/sklep\/wp-json\/wp\/v2\/product\/57395","targetHints":{"allow":["GET"]}}],"collection":[{"href":"https:\/\/ironsky.pl\/sklep\/wp-json\/wp\/v2\/product"}],"about":[{"href":"https:\/\/ironsky.pl\/sklep\/wp-json\/wp\/v2\/types\/product"}],"replies":[{"embeddable":true,"href":"https:\/\/ironsky.pl\/sklep\/wp-json\/wp\/v2\/comments?post=57395"}],"wp:featuredmedia":[{"embeddable":true,"href":"https:\/\/ironsky.pl\/sklep\/wp-json\/wp\/v2\/media\/43399"}],"wp:attachment":[{"href":"https:\/\/ironsky.pl\/sklep\/wp-json\/wp\/v2\/media?parent=57395"}],"wp:term":[{"taxonomy":"product_brand","embeddable":true,"href":"https:\/\/ironsky.pl\/sklep\/wp-json\/wp\/v2\/product_brand?post=57395"},{"taxonomy":"product_cat","embeddable":true,"href":"https:\/\/ironsky.pl\/sklep\/wp-json\/wp\/v2\/product_cat?post=57395"},{"taxonomy":"product_tag","embeddable":true,"href":"https:\/\/ironsky.pl\/sklep\/wp-json\/wp\/v2\/product_tag?post=57395"}],"curies":[{"name":"wp","href":"https:\/\/api.w.org\/{rel}","templated":true}]}}