{"id":57389,"date":"2026-04-15T10:25:10","date_gmt":"2026-04-15T08:25:10","guid":{"rendered":"https:\/\/ironsky.pl\/sklep\/produkt\/szklo-ochronne-sunnylife-dji-osmo-action-4\/"},"modified":"2026-04-15T10:25:35","modified_gmt":"2026-04-15T08:25:35","slug":"szklo-ochronne-sunnylife-dji-osmo-action-4","status":"publish","type":"product","link":"https:\/\/ironsky.pl\/sklep\/produkt\/szklo-ochronne-sunnylife-dji-osmo-action-4\/","title":{"rendered":"Szk\u0142o ochronne SUNNYLIFE DJI Osmo Action 4"},"content":{"rendered":"<h3>Zestaw szkie\u0142 ochronnych Sunnylife do DJI OSMO Action 4<\/h3>\n<p>Zadbaj o ochron\u0119 swojej kamery sportowej DJI OSMO Action 2 i wyposa\u017c si\u0119 w najlepszej jako\u015bci zestaw szkie\u0142 hartowanych. Dzi\u0119ki twardo\u015bci 9H i zaokr\u0105glonym kraw\u0119dziom niezawodnie zabezpieczaj\u0105 wy\u015bwietlacz oraz obiektyw kamery przed zarysowaniem i innymi uszkodzeniami mechanicznymi. Szk\u0142o nie wp\u0142ywa na jako\u015b\u0107 obrazu, dzi\u0119ki czemu mo\u017cesz cieszy\u0107 si\u0119 ostrym obrazem i \u017cywymi kolorami. Szk\u0142o jest odporne na przedostawanie si\u0119 kurzu, pozostawianie t\u0142ustych plam i odcisk\u00f3w palc\u00f3w.<\/p>\n<p>\n<img decoding=\"async\" src=\"https:\/\/assets.innpro.pl\/4811\/5561\/6.jpg\" border=\"0\" alt=\"\" \/>\n<\/p>\n<h3>Skuteczna ochrona<\/h3>\n<p>Je\u017celi cz\u0119sto korzystasz z kamery OSMO Action 4 w plenerze, nie zapomnij odpowiednio zabezpieczy\u0107 obiektywu i ekranu urz\u0105dzenia. Szk\u0142a hartowane Sunnylife o twardo\u015bci 9H idealnie dopasowane s\u0105 do urz\u0105dzenia i zapewniaj\u0105 skuteczn\u0105 ochron\u0119 przed zadrapaniami i p\u0119kni\u0119ciami. Gwarantuj\u0105 a\u017c 99% przepuszczalno\u015bci \u015bwiat\u0142a, dzi\u0119ki czemu mo\u017cesz cieszy\u0107 si\u0119 wysok\u0105 jako\u015bci\u0105 obrazu i idealnym odwzorowaniem barw. Dzi\u0119ki cienkiej konstrukcji \u2013 jego grubo\u015b\u0107 to zaledwie 0,33 mm, mo\u017cesz by\u0107 pewien, \u017ce nie wp\u0142yn\u0105 one negatywnie na komfort korzystania z kamery.<\/p>\n<p>\n<img decoding=\"async\" src=\"https:\/\/assets.innpro.pl\/4811\/5561\/2.jpg\" border=\"0\" alt=\"\" \/>\n<\/p>\n<h3>W zestawie<\/h3>\n<ul class=\"list-disc pl-5\">\n<li>szk\u0142o hartowane na obiektyw x2<\/li>\n<li>szk\u0142o hartowane na przedni wy\u015bwietlacz x2<\/li>\n<li>szk\u0142o hartowane na tylny wy\u015bwietlacz x2<\/li>\n<li>zestaw do czyszczenia x2<\/li>\n<\/ul>\n<div class=\"table-wrapper\">\n<p>\u00a0<\/p>\n<h3><\/h3>\n<table>\n<tbody>\n<tr>\n<th>Producent<\/th>\n<td>Sunnylife<\/td>\n<\/tr>\n<tr>\n<th>Model<\/th>\n<td>OA4-BHM668<\/td>\n<\/tr>\n<tr>\n<th>Kompatybilno\u015b\u0107<\/th>\n<td>DJI OSMO Action 4<\/td>\n<\/tr>\n<\/tbody>\n<\/table>\n<\/div>\n","protected":false},"excerpt":{"rendered":"<p>Zestaw szkie\u0142 ochronnych Sunnylife do DJI OSMO Action 4 Zadbaj o ochron\u0119 swojej kamery sportowej DJI OSMO Action 2 i<\/p>\n","protected":false},"featured_media":57390,"comment_status":"closed","ping_status":"open","template":"","meta":{"_acf_changed":false},"product_brand":[],"product_cat":[1130,1137,1128],"product_tag":[],"class_list":{"0":"post-57389","1":"product","2":"type-product","3":"status-publish","4":"has-post-thumbnail","6":"product_cat-akcesoria-foto","7":"product_cat-do-kamer-sportowych","8":"product_cat-foto-wideo","9":"pa_okres-gwarancji-5754","10":"pa_producent-sunnylife","12":"first","13":"outofstock","14":"taxable","15":"shipping-taxable","16":"purchasable","17":"product-type-simple"},"acf":[],"yoast_head":"<!-- This site is optimized with the Yoast SEO plugin v27.2 - https:\/\/yoast.com\/product\/yoast-seo-wordpress\/ -->\n<title>Szk\u0142o ochronne SUNNYLIFE DJI Osmo Action 4 - IRONSKY.PL Sklep z Dronami<\/title>\n<meta name=\"description\" content=\"Szk\u0142o ochronne SUNNYLIFE DJI Osmo Action 4 - \u2705 sklep z dronami i fachowym doradztwem. \u2705 Tutaj kupisz produkty DJI, Yuneec, Parrot, Syma i wiele innych, a tak\u017ce kursy i licencje na operatora drona.\" \/>\n<meta name=\"robots\" content=\"index, follow, max-snippet:-1, max-image-preview:large, max-video-preview:-1\" \/>\n<link rel=\"canonical\" href=\"https:\/\/ironsky.pl\/sklep\/produkt\/szklo-ochronne-sunnylife-dji-osmo-action-4\/\" \/>\n<meta property=\"og:locale\" content=\"pl_PL\" \/>\n<meta property=\"og:type\" content=\"article\" \/>\n<meta property=\"og:title\" content=\"Szk\u0142o ochronne SUNNYLIFE DJI Osmo Action 4 - IRONSKY.PL Sklep z Dronami\" \/>\n<meta property=\"og:description\" content=\"Szk\u0142o ochronne SUNNYLIFE DJI Osmo Action 4 - \u2705 sklep z dronami i fachowym doradztwem. \u2705 Tutaj kupisz produkty DJI, Yuneec, Parrot, Syma i wiele innych, a tak\u017ce kursy i licencje na operatora drona.\" \/>\n<meta property=\"og:url\" content=\"https:\/\/ironsky.pl\/sklep\/produkt\/szklo-ochronne-sunnylife-dji-osmo-action-4\/\" \/>\n<meta property=\"og:site_name\" content=\"IRONSKY.PL Sklep z Dronami\" \/>\n<meta property=\"article:modified_time\" content=\"2026-04-15T08:25:35+00:00\" \/>\n<meta property=\"og:image\" content=\"https:\/\/ironsky.pl\/sklep\/wp-content\/uploads\/2026\/04\/34528_1.webp\" \/>\n\t<meta property=\"og:image:width\" content=\"800\" \/>\n\t<meta property=\"og:image:height\" content=\"800\" \/>\n\t<meta property=\"og:image:type\" content=\"image\/webp\" \/>\n<meta name=\"twitter:card\" content=\"summary_large_image\" \/>\n<meta name=\"twitter:label1\" content=\"Szacowany czas czytania\" \/>\n\t<meta name=\"twitter:data1\" content=\"1 minuta\" \/>\n<script type=\"application\/ld+json\" class=\"yoast-schema-graph\">{\"@context\":\"https:\/\/schema.org\",\"@graph\":[{\"@type\":\"WebPage\",\"@id\":\"https:\/\/ironsky.pl\/sklep\/produkt\/szklo-ochronne-sunnylife-dji-osmo-action-4\/\",\"url\":\"https:\/\/ironsky.pl\/sklep\/produkt\/szklo-ochronne-sunnylife-dji-osmo-action-4\/\",\"name\":\"Szk\u0142o ochronne SUNNYLIFE DJI Osmo Action 4 - IRONSKY.PL Sklep z Dronami\",\"isPartOf\":{\"@id\":\"https:\/\/ironsky.pl\/sklep\/#website\"},\"primaryImageOfPage\":{\"@id\":\"https:\/\/ironsky.pl\/sklep\/produkt\/szklo-ochronne-sunnylife-dji-osmo-action-4\/#primaryimage\"},\"image\":{\"@id\":\"https:\/\/ironsky.pl\/sklep\/produkt\/szklo-ochronne-sunnylife-dji-osmo-action-4\/#primaryimage\"},\"thumbnailUrl\":\"https:\/\/ironsky.pl\/sklep\/wp-content\/uploads\/2026\/04\/34528_1.webp\",\"datePublished\":\"2026-04-15T08:25:10+00:00\",\"dateModified\":\"2026-04-15T08:25:35+00:00\",\"description\":\"Szk\u0142o ochronne SUNNYLIFE DJI Osmo Action 4 - \u2705 sklep z dronami i fachowym doradztwem. \u2705 Tutaj kupisz produkty DJI, Yuneec, Parrot, Syma i wiele innych, a tak\u017ce kursy i licencje na operatora drona.\",\"breadcrumb\":{\"@id\":\"https:\/\/ironsky.pl\/sklep\/produkt\/szklo-ochronne-sunnylife-dji-osmo-action-4\/#breadcrumb\"},\"inLanguage\":\"pl-PL\",\"potentialAction\":[{\"@type\":\"ReadAction\",\"target\":[\"https:\/\/ironsky.pl\/sklep\/produkt\/szklo-ochronne-sunnylife-dji-osmo-action-4\/\"]}]},{\"@type\":\"ImageObject\",\"inLanguage\":\"pl-PL\",\"@id\":\"https:\/\/ironsky.pl\/sklep\/produkt\/szklo-ochronne-sunnylife-dji-osmo-action-4\/#primaryimage\",\"url\":\"https:\/\/ironsky.pl\/sklep\/wp-content\/uploads\/2026\/04\/34528_1.webp\",\"contentUrl\":\"https:\/\/ironsky.pl\/sklep\/wp-content\/uploads\/2026\/04\/34528_1.webp\",\"width\":800,\"height\":800},{\"@type\":\"BreadcrumbList\",\"@id\":\"https:\/\/ironsky.pl\/sklep\/produkt\/szklo-ochronne-sunnylife-dji-osmo-action-4\/#breadcrumb\",\"itemListElement\":[{\"@type\":\"ListItem\",\"position\":1,\"name\":\"Strona g\u0142\u00f3wna\",\"item\":\"https:\/\/ironsky.pl\/sklep\/\"},{\"@type\":\"ListItem\",\"position\":2,\"name\":\"Wszystkie produkty\",\"item\":\"https:\/\/ironsky.pl\/sklep\/produkty\/\"},{\"@type\":\"ListItem\",\"position\":3,\"name\":\"Szk\u0142o ochronne SUNNYLIFE DJI Osmo Action 4\"}]},{\"@type\":\"WebSite\",\"@id\":\"https:\/\/ironsky.pl\/sklep\/#website\",\"url\":\"https:\/\/ironsky.pl\/sklep\/\",\"name\":\"IRONSKY.PL Sklep z Dronami\",\"description\":\"IRONSKY.PL Sklep z Dronami\",\"potentialAction\":[{\"@type\":\"SearchAction\",\"target\":{\"@type\":\"EntryPoint\",\"urlTemplate\":\"https:\/\/ironsky.pl\/sklep\/?s={search_term_string}\"},\"query-input\":{\"@type\":\"PropertyValueSpecification\",\"valueRequired\":true,\"valueName\":\"search_term_string\"}}],\"inLanguage\":\"pl-PL\"}]}<\/script>\n<!-- \/ Yoast SEO plugin. -->","yoast_head_json":{"title":"Szk\u0142o ochronne SUNNYLIFE DJI Osmo Action 4 - IRONSKY.PL Sklep z Dronami","description":"Szk\u0142o ochronne SUNNYLIFE DJI Osmo Action 4 - \u2705 sklep z dronami i fachowym doradztwem. \u2705 Tutaj kupisz produkty DJI, Yuneec, Parrot, Syma i wiele innych, a tak\u017ce kursy i licencje na operatora drona.","robots":{"index":"index","follow":"follow","max-snippet":"max-snippet:-1","max-image-preview":"max-image-preview:large","max-video-preview":"max-video-preview:-1"},"canonical":"https:\/\/ironsky.pl\/sklep\/produkt\/szklo-ochronne-sunnylife-dji-osmo-action-4\/","og_locale":"pl_PL","og_type":"article","og_title":"Szk\u0142o ochronne SUNNYLIFE DJI Osmo Action 4 - IRONSKY.PL Sklep z Dronami","og_description":"Szk\u0142o ochronne SUNNYLIFE DJI Osmo Action 4 - \u2705 sklep z dronami i fachowym doradztwem. \u2705 Tutaj kupisz produkty DJI, Yuneec, Parrot, Syma i wiele innych, a tak\u017ce kursy i licencje na operatora drona.","og_url":"https:\/\/ironsky.pl\/sklep\/produkt\/szklo-ochronne-sunnylife-dji-osmo-action-4\/","og_site_name":"IRONSKY.PL Sklep z Dronami","article_modified_time":"2026-04-15T08:25:35+00:00","og_image":[{"width":800,"height":800,"url":"https:\/\/ironsky.pl\/sklep\/wp-content\/uploads\/2026\/04\/34528_1.webp","type":"image\/webp"}],"twitter_card":"summary_large_image","twitter_misc":{"Szacowany czas czytania":"1 minuta"},"schema":{"@context":"https:\/\/schema.org","@graph":[{"@type":"WebPage","@id":"https:\/\/ironsky.pl\/sklep\/produkt\/szklo-ochronne-sunnylife-dji-osmo-action-4\/","url":"https:\/\/ironsky.pl\/sklep\/produkt\/szklo-ochronne-sunnylife-dji-osmo-action-4\/","name":"Szk\u0142o ochronne SUNNYLIFE DJI Osmo Action 4 - IRONSKY.PL Sklep z Dronami","isPartOf":{"@id":"https:\/\/ironsky.pl\/sklep\/#website"},"primaryImageOfPage":{"@id":"https:\/\/ironsky.pl\/sklep\/produkt\/szklo-ochronne-sunnylife-dji-osmo-action-4\/#primaryimage"},"image":{"@id":"https:\/\/ironsky.pl\/sklep\/produkt\/szklo-ochronne-sunnylife-dji-osmo-action-4\/#primaryimage"},"thumbnailUrl":"https:\/\/ironsky.pl\/sklep\/wp-content\/uploads\/2026\/04\/34528_1.webp","datePublished":"2026-04-15T08:25:10+00:00","dateModified":"2026-04-15T08:25:35+00:00","description":"Szk\u0142o ochronne SUNNYLIFE DJI Osmo Action 4 - \u2705 sklep z dronami i fachowym doradztwem. \u2705 Tutaj kupisz produkty DJI, Yuneec, Parrot, Syma i wiele innych, a tak\u017ce kursy i licencje na operatora drona.","breadcrumb":{"@id":"https:\/\/ironsky.pl\/sklep\/produkt\/szklo-ochronne-sunnylife-dji-osmo-action-4\/#breadcrumb"},"inLanguage":"pl-PL","potentialAction":[{"@type":"ReadAction","target":["https:\/\/ironsky.pl\/sklep\/produkt\/szklo-ochronne-sunnylife-dji-osmo-action-4\/"]}]},{"@type":"ImageObject","inLanguage":"pl-PL","@id":"https:\/\/ironsky.pl\/sklep\/produkt\/szklo-ochronne-sunnylife-dji-osmo-action-4\/#primaryimage","url":"https:\/\/ironsky.pl\/sklep\/wp-content\/uploads\/2026\/04\/34528_1.webp","contentUrl":"https:\/\/ironsky.pl\/sklep\/wp-content\/uploads\/2026\/04\/34528_1.webp","width":800,"height":800},{"@type":"BreadcrumbList","@id":"https:\/\/ironsky.pl\/sklep\/produkt\/szklo-ochronne-sunnylife-dji-osmo-action-4\/#breadcrumb","itemListElement":[{"@type":"ListItem","position":1,"name":"Strona g\u0142\u00f3wna","item":"https:\/\/ironsky.pl\/sklep\/"},{"@type":"ListItem","position":2,"name":"Wszystkie produkty","item":"https:\/\/ironsky.pl\/sklep\/produkty\/"},{"@type":"ListItem","position":3,"name":"Szk\u0142o ochronne SUNNYLIFE DJI Osmo Action 4"}]},{"@type":"WebSite","@id":"https:\/\/ironsky.pl\/sklep\/#website","url":"https:\/\/ironsky.pl\/sklep\/","name":"IRONSKY.PL Sklep z Dronami","description":"IRONSKY.PL Sklep z Dronami","potentialAction":[{"@type":"SearchAction","target":{"@type":"EntryPoint","urlTemplate":"https:\/\/ironsky.pl\/sklep\/?s={search_term_string}"},"query-input":{"@type":"PropertyValueSpecification","valueRequired":true,"valueName":"search_term_string"}}],"inLanguage":"pl-PL"}]}},"_links":{"self":[{"href":"https:\/\/ironsky.pl\/sklep\/wp-json\/wp\/v2\/product\/57389","targetHints":{"allow":["GET"]}}],"collection":[{"href":"https:\/\/ironsky.pl\/sklep\/wp-json\/wp\/v2\/product"}],"about":[{"href":"https:\/\/ironsky.pl\/sklep\/wp-json\/wp\/v2\/types\/product"}],"replies":[{"embeddable":true,"href":"https:\/\/ironsky.pl\/sklep\/wp-json\/wp\/v2\/comments?post=57389"}],"wp:featuredmedia":[{"embeddable":true,"href":"https:\/\/ironsky.pl\/sklep\/wp-json\/wp\/v2\/media\/57390"}],"wp:attachment":[{"href":"https:\/\/ironsky.pl\/sklep\/wp-json\/wp\/v2\/media?parent=57389"}],"wp:term":[{"taxonomy":"product_brand","embeddable":true,"href":"https:\/\/ironsky.pl\/sklep\/wp-json\/wp\/v2\/product_brand?post=57389"},{"taxonomy":"product_cat","embeddable":true,"href":"https:\/\/ironsky.pl\/sklep\/wp-json\/wp\/v2\/product_cat?post=57389"},{"taxonomy":"product_tag","embeddable":true,"href":"https:\/\/ironsky.pl\/sklep\/wp-json\/wp\/v2\/product_tag?post=57389"}],"curies":[{"name":"wp","href":"https:\/\/api.w.org\/{rel}","templated":true}]}}