{"id":57343,"date":"2026-04-15T10:24:43","date_gmt":"2026-04-15T08:24:43","guid":{"rendered":"https:\/\/ironsky.pl\/sklep\/produkt\/hub-usb-c-ugreen-cm512-6-portowy\/"},"modified":"2026-04-15T10:25:05","modified_gmt":"2026-04-15T08:25:05","slug":"hub-usb-c-ugreen-cm512-6-portowy","status":"publish","type":"product","link":"https:\/\/ironsky.pl\/sklep\/produkt\/hub-usb-c-ugreen-cm512-6-portowy\/","title":{"rendered":"Hub USB-C UGREEN CM512 6-portowy"},"content":{"rendered":"<h3>Adapter 1w6 UGREEN USB-C do 3x USB A 3.0, HDMI, RJ45, PD Converter<\/h3>\n<p>Adapter UGREEN CM512 to klucz do wydajno\u015bci. Wyposa\u017cony w r\u00f3\u017cnorodne porty, takie jak 3 porty USB-A 3.0, port HDMI, czy port typu RJ45, sprawia, \u017ce jeste\u015b got\u00f3w na ka\u017cd\u0105 sytuacj\u0119 &#8211; czy to prezentacja, praca z danymi czy po\u0142\u0105czenie z sieci\u0105 LAN. Kompatybilno\u015b\u0107 z popularnymi systemami operacyjnymi sprawia, \u017ce jest to niezawodny dodatek do Twojego laptopa.<\/p>\n<p><img decoding=\"async\" src=\"https:\/\/b2b.innpro.pl\/data\/include\/cms\/012UGREEN\/15598\/8.jpg\" alt=\"012UGREEN\/15598\/8\"><\/p>\n<h3>Wysoka jako\u015b\u0107 obrazu<\/h3>\n<p>Dzi\u0119ki wyj\u015bciu HDMI z obs\u0142ug\u0105 4K@30Hz, mo\u017cesz cieszy\u0107 si\u0119 doskona\u0142\u0105 jako\u015bci\u0105 obrazu bez op\u00f3\u017anie\u0144, co jest \u015bwietnym rozwi\u0105zaniem zar\u00f3wno dla grafik\u00f3w i monta\u017cyst\u00f3w video, jak i tych, kt\u00f3rzy ceni\u0105 sobie rozrywk\u0119 na du\u017cym ekranie.<\/p>\n<p><img decoding=\"async\" src=\"https:\/\/b2b.innpro.pl\/data\/include\/cms\/012UGREEN\/15598\/3.jpg\" alt=\"012UGREEN\/15598\/3\"><\/p>\n<h3>Pr\u0119dko\u015b\u0107, na jak\u0105 zas\u0142ugujesz<\/h3>\n<p>Trzy porty USB-A 3.0 oferuj\u0105 b\u0142yskawiczny transfer danych z pr\u0119dko\u015bci\u0105 1 Gbps pozwalaj\u0105 na jednoczesne pod\u0142\u0105czenie do laptopa kilku urz\u0105dze\u0144, takich jak dyski zewn\u0119trzne, myszy czy klawiatury. Co wi\u0119cej, port RJ45 zapewnia szybko\u015b\u0107 po\u0142\u0105czenia sieciowego do 1000 Mbps, co jest idealne dla gier online, strumieniowania i konferencji wideo. Pracuj komfortowo i nie tra\u0107 wi\u0119cej czasu na czekanie.<\/p>\n<p><img decoding=\"async\" src=\"https:\/\/b2b.innpro.pl\/data\/include\/cms\/012UGREEN\/15598\/1.jpg\" alt=\"012UGREEN\/15598\/1\"><\/p>\n<h3>Imponuj\u0105ca moc i kompatybilno\u015b\u0107<\/h3>\n<p>Adapter oferuje zasilanie PD z moc\u0105 do 100W, co sprawia, \u017ce jest doskona\u0142ym rozwi\u0105zaniem dla os\u00f3b korzystaj\u0105cych z laptop\u00f3w z portem USB-C. Wsparcie dla r\u00f3\u017cnych system\u00f3w, w tym Windows, MacOS, iOS i ChromeOS, zapewnia uniwersalno\u015b\u0107 i wszechstronno\u015b\u0107, dzi\u0119ki kt\u00f3rej wiesz, \u017ce Ugreen CM512 Ci\u0119 nie zawiedzie.<\/p>\n<p><img decoding=\"async\" src=\"https:\/\/b2b.innpro.pl\/data\/include\/cms\/012UGREEN\/15598\/5.jpg\" alt=\"012UGREEN\/15598\/5\"><\/p>\n<div class=\"table-wrapper\">\n<table>\n<tbody>\n<tr>\n<th>Producent <\/th>\n<td>UGREEN<\/td>\n<\/tr>\n<tr>\n<th>Model<\/th>\n<td>CM512<\/td>\n<\/tr>\n<tr>\n<th>Kod producenta<\/th>\n<td>15598<\/td>\n<\/tr>\n<tr>\n<th>Zasilanie<\/th>\n<td>PD 100 W<\/td>\n<\/tr>\n<tr>\n<th>Port HDMI<\/th>\n<td>4K@30Hz<\/td>\n<\/tr>\n<tr>\n<th>Port RJ45<\/th>\n<td>1000 Mbps<\/td>\n<\/tr>\n<tr>\n<th>Port danych<\/th>\n<td>USB-A 3.0 x 3<\/td>\n<\/tr>\n<tr>\n<th>Wsparcie dla system\u00f3w<\/th>\n<td>Windows; MacOS, iOS, ChromeOS<\/td>\n<\/tr>\n<tr>\n<th>Typ z\u0142\u0105cza<\/th>\n<td>USB-C<\/td>\n<\/tr>\n<\/tbody>\n<\/table>\n<\/div>\n","protected":false},"excerpt":{"rendered":"<p>Adapter 1w6 UGREEN USB-C do 3x USB A 3.0, HDMI, RJ45, PD Converter Adapter UGREEN CM512 to klucz do wydajno\u015bci.<\/p>\n","protected":false},"featured_media":43373,"comment_status":"closed","ping_status":"open","template":"","meta":{"_acf_changed":false},"product_brand":[],"product_cat":[5929,5934],"product_tag":[],"class_list":{"0":"post-57343","1":"product","2":"type-product","3":"status-publish","4":"has-post-thumbnail","6":"product_cat-akcesoria-it","7":"product_cat-huby","8":"pa_okres-gwarancji-5757","9":"pa_producent-ugreen","11":"first","12":"outofstock","13":"taxable","14":"shipping-taxable","15":"purchasable","16":"product-type-simple"},"acf":[],"yoast_head":"<!-- This site is optimized with the Yoast SEO plugin v27.2 - https:\/\/yoast.com\/product\/yoast-seo-wordpress\/ -->\n<title>Hub USB-C UGREEN CM512 6-portowy - IRONSKY.PL Sklep z Dronami<\/title>\n<meta name=\"description\" content=\"Hub USB-C UGREEN CM512 6-portowy - \u2705 sklep z dronami i fachowym doradztwem. \u2705 Tutaj kupisz produkty DJI, Yuneec, Parrot, Syma i wiele innych, a tak\u017ce kursy i licencje na operatora drona.\" \/>\n<meta name=\"robots\" content=\"index, follow, max-snippet:-1, max-image-preview:large, max-video-preview:-1\" \/>\n<link rel=\"canonical\" href=\"https:\/\/ironsky.pl\/sklep\/produkt\/hub-usb-c-ugreen-cm512-6-portowy\/\" \/>\n<meta property=\"og:locale\" content=\"pl_PL\" \/>\n<meta property=\"og:type\" content=\"article\" \/>\n<meta property=\"og:title\" content=\"Hub USB-C UGREEN CM512 6-portowy - IRONSKY.PL Sklep z Dronami\" \/>\n<meta property=\"og:description\" content=\"Hub USB-C UGREEN CM512 6-portowy - \u2705 sklep z dronami i fachowym doradztwem. \u2705 Tutaj kupisz produkty DJI, Yuneec, Parrot, Syma i wiele innych, a tak\u017ce kursy i licencje na operatora drona.\" \/>\n<meta property=\"og:url\" content=\"https:\/\/ironsky.pl\/sklep\/produkt\/hub-usb-c-ugreen-cm512-6-portowy\/\" \/>\n<meta property=\"og:site_name\" content=\"IRONSKY.PL Sklep z Dronami\" \/>\n<meta property=\"article:modified_time\" content=\"2026-04-15T08:25:05+00:00\" \/>\n<meta property=\"og:image\" content=\"https:\/\/ironsky.pl\/sklep\/wp-content\/uploads\/2025\/06\/34414_1.jpg\" \/>\n\t<meta property=\"og:image:width\" content=\"800\" \/>\n\t<meta property=\"og:image:height\" content=\"800\" \/>\n\t<meta property=\"og:image:type\" content=\"image\/jpeg\" \/>\n<meta name=\"twitter:card\" content=\"summary_large_image\" \/>\n<meta name=\"twitter:label1\" content=\"Szacowany czas czytania\" \/>\n\t<meta name=\"twitter:data1\" content=\"1 minuta\" \/>\n<script type=\"application\/ld+json\" class=\"yoast-schema-graph\">{\"@context\":\"https:\/\/schema.org\",\"@graph\":[{\"@type\":\"WebPage\",\"@id\":\"https:\/\/ironsky.pl\/sklep\/produkt\/hub-usb-c-ugreen-cm512-6-portowy\/\",\"url\":\"https:\/\/ironsky.pl\/sklep\/produkt\/hub-usb-c-ugreen-cm512-6-portowy\/\",\"name\":\"Hub USB-C UGREEN CM512 6-portowy - IRONSKY.PL Sklep z Dronami\",\"isPartOf\":{\"@id\":\"https:\/\/ironsky.pl\/sklep\/#website\"},\"primaryImageOfPage\":{\"@id\":\"https:\/\/ironsky.pl\/sklep\/produkt\/hub-usb-c-ugreen-cm512-6-portowy\/#primaryimage\"},\"image\":{\"@id\":\"https:\/\/ironsky.pl\/sklep\/produkt\/hub-usb-c-ugreen-cm512-6-portowy\/#primaryimage\"},\"thumbnailUrl\":\"https:\/\/ironsky.pl\/sklep\/wp-content\/uploads\/2025\/06\/34414_1.jpg\",\"datePublished\":\"2026-04-15T08:24:43+00:00\",\"dateModified\":\"2026-04-15T08:25:05+00:00\",\"description\":\"Hub USB-C UGREEN CM512 6-portowy - \u2705 sklep z dronami i fachowym doradztwem. \u2705 Tutaj kupisz produkty DJI, Yuneec, Parrot, Syma i wiele innych, a tak\u017ce kursy i licencje na operatora drona.\",\"breadcrumb\":{\"@id\":\"https:\/\/ironsky.pl\/sklep\/produkt\/hub-usb-c-ugreen-cm512-6-portowy\/#breadcrumb\"},\"inLanguage\":\"pl-PL\",\"potentialAction\":[{\"@type\":\"ReadAction\",\"target\":[\"https:\/\/ironsky.pl\/sklep\/produkt\/hub-usb-c-ugreen-cm512-6-portowy\/\"]}]},{\"@type\":\"ImageObject\",\"inLanguage\":\"pl-PL\",\"@id\":\"https:\/\/ironsky.pl\/sklep\/produkt\/hub-usb-c-ugreen-cm512-6-portowy\/#primaryimage\",\"url\":\"https:\/\/ironsky.pl\/sklep\/wp-content\/uploads\/2025\/06\/34414_1.jpg\",\"contentUrl\":\"https:\/\/ironsky.pl\/sklep\/wp-content\/uploads\/2025\/06\/34414_1.jpg\",\"width\":800,\"height\":800},{\"@type\":\"BreadcrumbList\",\"@id\":\"https:\/\/ironsky.pl\/sklep\/produkt\/hub-usb-c-ugreen-cm512-6-portowy\/#breadcrumb\",\"itemListElement\":[{\"@type\":\"ListItem\",\"position\":1,\"name\":\"Strona g\u0142\u00f3wna\",\"item\":\"https:\/\/ironsky.pl\/sklep\/\"},{\"@type\":\"ListItem\",\"position\":2,\"name\":\"Wszystkie produkty\",\"item\":\"https:\/\/ironsky.pl\/sklep\/produkty\/\"},{\"@type\":\"ListItem\",\"position\":3,\"name\":\"Hub USB-C UGREEN CM512 6-portowy\"}]},{\"@type\":\"WebSite\",\"@id\":\"https:\/\/ironsky.pl\/sklep\/#website\",\"url\":\"https:\/\/ironsky.pl\/sklep\/\",\"name\":\"IRONSKY.PL Sklep z Dronami\",\"description\":\"IRONSKY.PL Sklep z Dronami\",\"potentialAction\":[{\"@type\":\"SearchAction\",\"target\":{\"@type\":\"EntryPoint\",\"urlTemplate\":\"https:\/\/ironsky.pl\/sklep\/?s={search_term_string}\"},\"query-input\":{\"@type\":\"PropertyValueSpecification\",\"valueRequired\":true,\"valueName\":\"search_term_string\"}}],\"inLanguage\":\"pl-PL\"}]}<\/script>\n<!-- \/ Yoast SEO plugin. -->","yoast_head_json":{"title":"Hub USB-C UGREEN CM512 6-portowy - IRONSKY.PL Sklep z Dronami","description":"Hub USB-C UGREEN CM512 6-portowy - \u2705 sklep z dronami i fachowym doradztwem. \u2705 Tutaj kupisz produkty DJI, Yuneec, Parrot, Syma i wiele innych, a tak\u017ce kursy i licencje na operatora drona.","robots":{"index":"index","follow":"follow","max-snippet":"max-snippet:-1","max-image-preview":"max-image-preview:large","max-video-preview":"max-video-preview:-1"},"canonical":"https:\/\/ironsky.pl\/sklep\/produkt\/hub-usb-c-ugreen-cm512-6-portowy\/","og_locale":"pl_PL","og_type":"article","og_title":"Hub USB-C UGREEN CM512 6-portowy - IRONSKY.PL Sklep z Dronami","og_description":"Hub USB-C UGREEN CM512 6-portowy - \u2705 sklep z dronami i fachowym doradztwem. \u2705 Tutaj kupisz produkty DJI, Yuneec, Parrot, Syma i wiele innych, a tak\u017ce kursy i licencje na operatora drona.","og_url":"https:\/\/ironsky.pl\/sklep\/produkt\/hub-usb-c-ugreen-cm512-6-portowy\/","og_site_name":"IRONSKY.PL Sklep z Dronami","article_modified_time":"2026-04-15T08:25:05+00:00","og_image":[{"width":800,"height":800,"url":"https:\/\/ironsky.pl\/sklep\/wp-content\/uploads\/2025\/06\/34414_1.jpg","type":"image\/jpeg"}],"twitter_card":"summary_large_image","twitter_misc":{"Szacowany czas czytania":"1 minuta"},"schema":{"@context":"https:\/\/schema.org","@graph":[{"@type":"WebPage","@id":"https:\/\/ironsky.pl\/sklep\/produkt\/hub-usb-c-ugreen-cm512-6-portowy\/","url":"https:\/\/ironsky.pl\/sklep\/produkt\/hub-usb-c-ugreen-cm512-6-portowy\/","name":"Hub USB-C UGREEN CM512 6-portowy - IRONSKY.PL Sklep z Dronami","isPartOf":{"@id":"https:\/\/ironsky.pl\/sklep\/#website"},"primaryImageOfPage":{"@id":"https:\/\/ironsky.pl\/sklep\/produkt\/hub-usb-c-ugreen-cm512-6-portowy\/#primaryimage"},"image":{"@id":"https:\/\/ironsky.pl\/sklep\/produkt\/hub-usb-c-ugreen-cm512-6-portowy\/#primaryimage"},"thumbnailUrl":"https:\/\/ironsky.pl\/sklep\/wp-content\/uploads\/2025\/06\/34414_1.jpg","datePublished":"2026-04-15T08:24:43+00:00","dateModified":"2026-04-15T08:25:05+00:00","description":"Hub USB-C UGREEN CM512 6-portowy - \u2705 sklep z dronami i fachowym doradztwem. \u2705 Tutaj kupisz produkty DJI, Yuneec, Parrot, Syma i wiele innych, a tak\u017ce kursy i licencje na operatora drona.","breadcrumb":{"@id":"https:\/\/ironsky.pl\/sklep\/produkt\/hub-usb-c-ugreen-cm512-6-portowy\/#breadcrumb"},"inLanguage":"pl-PL","potentialAction":[{"@type":"ReadAction","target":["https:\/\/ironsky.pl\/sklep\/produkt\/hub-usb-c-ugreen-cm512-6-portowy\/"]}]},{"@type":"ImageObject","inLanguage":"pl-PL","@id":"https:\/\/ironsky.pl\/sklep\/produkt\/hub-usb-c-ugreen-cm512-6-portowy\/#primaryimage","url":"https:\/\/ironsky.pl\/sklep\/wp-content\/uploads\/2025\/06\/34414_1.jpg","contentUrl":"https:\/\/ironsky.pl\/sklep\/wp-content\/uploads\/2025\/06\/34414_1.jpg","width":800,"height":800},{"@type":"BreadcrumbList","@id":"https:\/\/ironsky.pl\/sklep\/produkt\/hub-usb-c-ugreen-cm512-6-portowy\/#breadcrumb","itemListElement":[{"@type":"ListItem","position":1,"name":"Strona g\u0142\u00f3wna","item":"https:\/\/ironsky.pl\/sklep\/"},{"@type":"ListItem","position":2,"name":"Wszystkie produkty","item":"https:\/\/ironsky.pl\/sklep\/produkty\/"},{"@type":"ListItem","position":3,"name":"Hub USB-C UGREEN CM512 6-portowy"}]},{"@type":"WebSite","@id":"https:\/\/ironsky.pl\/sklep\/#website","url":"https:\/\/ironsky.pl\/sklep\/","name":"IRONSKY.PL Sklep z Dronami","description":"IRONSKY.PL Sklep z Dronami","potentialAction":[{"@type":"SearchAction","target":{"@type":"EntryPoint","urlTemplate":"https:\/\/ironsky.pl\/sklep\/?s={search_term_string}"},"query-input":{"@type":"PropertyValueSpecification","valueRequired":true,"valueName":"search_term_string"}}],"inLanguage":"pl-PL"}]}},"_links":{"self":[{"href":"https:\/\/ironsky.pl\/sklep\/wp-json\/wp\/v2\/product\/57343","targetHints":{"allow":["GET"]}}],"collection":[{"href":"https:\/\/ironsky.pl\/sklep\/wp-json\/wp\/v2\/product"}],"about":[{"href":"https:\/\/ironsky.pl\/sklep\/wp-json\/wp\/v2\/types\/product"}],"replies":[{"embeddable":true,"href":"https:\/\/ironsky.pl\/sklep\/wp-json\/wp\/v2\/comments?post=57343"}],"wp:featuredmedia":[{"embeddable":true,"href":"https:\/\/ironsky.pl\/sklep\/wp-json\/wp\/v2\/media\/43373"}],"wp:attachment":[{"href":"https:\/\/ironsky.pl\/sklep\/wp-json\/wp\/v2\/media?parent=57343"}],"wp:term":[{"taxonomy":"product_brand","embeddable":true,"href":"https:\/\/ironsky.pl\/sklep\/wp-json\/wp\/v2\/product_brand?post=57343"},{"taxonomy":"product_cat","embeddable":true,"href":"https:\/\/ironsky.pl\/sklep\/wp-json\/wp\/v2\/product_cat?post=57343"},{"taxonomy":"product_tag","embeddable":true,"href":"https:\/\/ironsky.pl\/sklep\/wp-json\/wp\/v2\/product_tag?post=57343"}],"curies":[{"name":"wp","href":"https:\/\/api.w.org\/{rel}","templated":true}]}}