{"id":57337,"date":"2026-04-15T10:24:43","date_gmt":"2026-04-15T08:24:43","guid":{"rendered":"https:\/\/ironsky.pl\/sklep\/produkt\/kabel-ugreen-dp119-displayport-hdmi-1m-jednokierunkowy\/"},"modified":"2026-04-15T10:24:59","modified_gmt":"2026-04-15T08:24:59","slug":"kabel-ugreen-dp119-displayport-hdmi-1m-jednokierunkowy","status":"publish","type":"product","link":"https:\/\/ironsky.pl\/sklep\/produkt\/kabel-ugreen-dp119-displayport-hdmi-1m-jednokierunkowy\/","title":{"rendered":"Kabel UGREEN DP119 DisplayPort-HDMI 1m jednokierunkowy"},"content":{"rendered":"<h3>Kabel Display Port do HDMI Ugreen DP119 4K, 1m, jednokierunkowy<\/h3>\n<p>Jednokierunkowy kabel DP do HDMI DP119 marki UGREEN to bezkompromisowe po\u0142\u0105czenie niezawodno\u015bci z wydajno\u015bci\u0105.\u00a0Obs\u0142uguje rozdzielczo\u015b\u0107 4K przy 60Hz, co sprawia, \u017ce jest idealnym wyborem dla tych, kt\u00f3rzy poszukuj\u0105 wysokiej jako\u015bci obrazu w grach, filmach czy prezentacjach. Solidna konstrukcja i szeroka kompatybilno\u015b\u0107 to dodatkowe atuty, dzi\u0119ki kt\u00f3rym kabel \u015bwietnie sprawdza si\u0119 na co dzie\u0144.<\/p>\n<p><img decoding=\"async\" src=\"https:\/\/b2b.innpro.pl\/data\/include\/cms\/012UGREEN\/15773\/3.jpg\" border=\"0\" alt=\"012UGREEN\/15773\/3\" \/><\/p>\n<h3>Wysokiej jako\u015bci obraz<\/h3>\n<p>Kabel zapewnia solidne i pewne po\u0142\u0105czenie bez zak\u0142\u00f3ce\u0144 i umo\u017cliwia transmisj\u0119 w jako\u015bci 4K z cz\u0119stotliwo\u015bci\u0105 od\u015bwie\u017cania na poziomie 60 Hz. Dzi\u0119ki temu mo\u017cesz cieszy\u0107 si\u0119 p\u0142ynno\u015bci\u0105 i szczeg\u00f3\u0142owo\u015bci\u0105 obrazu w czasie ogl\u0105dania film\u00f3w w wysokiej rozdzielczo\u015bci czy grania w gry.<\/p>\n<p><img decoding=\"async\" src=\"https:\/\/b2b.innpro.pl\/data\/include\/cms\/012UGREEN\/15773\/2.jpg\" border=\"0\" alt=\"012UGREEN\/15773\/2\" \/><\/p>\n<h3>Precyzyjnie wykonane z\u0142\u0105cza<\/h3>\n<p>Niklowane z\u0142\u0105cza Display Port do HDMI eliminuj\u0105 ryzyko przypadkowego od\u0142\u0105czenia, co jest szczeg\u00f3lnie wa\u017cne w sytuacjach, gdy stabilno\u015b\u0107 po\u0142\u0105czenia jest kluczowa &#8211; na przyk\u0142ad podczas prezentacji czy konferencji online. Co wi\u0119cej, ich konstrukcja przek\u0142ada si\u0119 na doskona\u0142\u0105 przewodno\u015b\u0107 i minimalizacj\u0119 strat sygna\u0142u. To z kolei gwarantuje, \u017ce obraz i d\u017awi\u0119k s\u0105 przekazywane bez zak\u0142\u00f3ce\u0144, co jest kluczowe dla zachowania najwy\u017cszej jako\u015bci do\u015bwiadczenia audiowizualnego.<\/p>\n<p><img decoding=\"async\" src=\"https:\/\/b2b.innpro.pl\/data\/include\/cms\/012UGREEN\/15773\/6.jpg\" border=\"0\" alt=\"012UGREEN\/15773\/6\" \/><\/p>\n<h3>Solidny przew\u00f3d<\/h3>\n<p>Rdze\u0144 z miedzi cynowanej zapewnia doskona\u0142\u0105 jako\u015b\u0107 przesy\u0142ania sygna\u0142u. Zastosowanie obudowy ze stopu aluminium oraz bawe\u0142nianego oplotu gwarantuje trwa\u0142o\u015b\u0107 i odporno\u015b\u0107 na codzienne u\u017cytkowanie, dzi\u0119ki czemu masz pewno\u015b\u0107, \u017ce kabel pos\u0142u\u017cy Ci przez d\u0142ugi czas.<\/p>\n<p><img decoding=\"async\" src=\"https:\/\/b2b.innpro.pl\/data\/include\/cms\/012UGREEN\/15773\/5.jpg\" border=\"0\" alt=\"012UGREEN\/15773\/5\" \/><\/p>\n<h3>Pe\u0142en komfort u\u017cytkowania<\/h3>\n<p>Bez wzgl\u0119du na to, jakie zadanie masz przed sob\u0105, kabel DP119 Ci\u0119 nie zawiedzie. Dzi\u0119ki szerokiej kompatybilno\u015bci z powodzeniem po\u0142\u0105czysz swojego laptopa, monitor, czy kart\u0119 graficzn\u0105 z telewizorem, projektorem, czy innym wi\u0119kszym ekranem. Kabel o d\u0142ugo\u015bci 1 metra zapewnia wygodne po\u0142\u0105czenie bez zb\u0119dnego ba\u0142aganu.<\/p>\n<p><img decoding=\"async\" src=\"https:\/\/b2b.innpro.pl\/data\/include\/cms\/012UGREEN\/15773\/4.jpg\" border=\"0\" alt=\"012UGREEN\/15773\/4\" \/><\/p>\n<div class=\"table-wrapper\">\n<table>\n<tbody>\n<tr>\n<th>Producent<\/th>\n<td>Ugreen<\/td>\n<\/tr>\n<tr>\n<th>Model<\/th>\n<td>DP119<\/td>\n<\/tr>\n<tr>\n<th>Kod producenta<\/th>\n<td>15773<\/td>\n<\/tr>\n<tr>\n<th>HDMI<\/th>\n<td>4K@60Hz<\/td>\n<\/tr>\n<tr>\n<th>Dwukierunkowa transmisja<\/th>\n<td>Nie<\/td>\n<\/tr>\n<tr>\n<th>Rdze\u0144 przewodu<\/th>\n<td>Mied\u017a cynowana<\/td>\n<\/tr>\n<tr>\n<th>Materia\u0142<\/th>\n<td>Stop aluminium<\/td>\n<\/tr>\n<tr>\n<th>Z\u0142\u0105cza<\/th>\n<td>DP do HDMI niklowane<\/td>\n<\/tr>\n<tr>\n<th>D\u0142ugo\u015b\u0107<\/th>\n<td>1 m<\/td>\n<\/tr>\n<tr>\n<th>Kompatybilno\u015b\u0107<\/th>\n<td>Uniwersalna<\/td>\n<\/tr>\n<\/tbody>\n<\/table>\n<\/div>\n","protected":false},"excerpt":{"rendered":"<p>Kabel Display Port do HDMI Ugreen DP119 4K, 1m, jednokierunkowy Jednokierunkowy kabel DP do HDMI DP119 marki UGREEN to bezkompromisowe<\/p>\n","protected":false},"featured_media":43367,"comment_status":"closed","ping_status":"open","template":"","meta":{"_acf_changed":false},"product_brand":[],"product_cat":[5929,5931,5933],"product_tag":[],"class_list":{"0":"post-57337","1":"product","2":"type-product","3":"status-publish","4":"has-post-thumbnail","6":"product_cat-akcesoria-it","7":"product_cat-kable","8":"product_cat-wideo","9":"pa_okres-gwarancji-5757","10":"pa_producent-ugreen","12":"first","13":"outofstock","14":"taxable","15":"shipping-taxable","16":"purchasable","17":"product-type-simple"},"acf":[],"yoast_head":"<!-- This site is optimized with the Yoast SEO plugin v27.2 - https:\/\/yoast.com\/product\/yoast-seo-wordpress\/ -->\n<title>Kabel UGREEN DP119 DisplayPort-HDMI 1m jednokierunkowy - IRONSKY.PL Sklep z Dronami<\/title>\n<meta name=\"description\" content=\"Kabel UGREEN DP119 DisplayPort-HDMI 1m jednokierunkowy - \u2705 sklep z dronami i fachowym doradztwem. \u2705 Tutaj kupisz produkty DJI, Yuneec, Parrot, Syma i wiele innych, a tak\u017ce kursy i licencje na operatora drona.\" \/>\n<meta name=\"robots\" content=\"index, follow, max-snippet:-1, max-image-preview:large, max-video-preview:-1\" \/>\n<link rel=\"canonical\" href=\"https:\/\/ironsky.pl\/sklep\/produkt\/kabel-ugreen-dp119-displayport-hdmi-1m-jednokierunkowy\/\" \/>\n<meta property=\"og:locale\" content=\"pl_PL\" \/>\n<meta property=\"og:type\" content=\"article\" \/>\n<meta property=\"og:title\" content=\"Kabel UGREEN DP119 DisplayPort-HDMI 1m jednokierunkowy - IRONSKY.PL Sklep z Dronami\" \/>\n<meta property=\"og:description\" content=\"Kabel UGREEN DP119 DisplayPort-HDMI 1m jednokierunkowy - \u2705 sklep z dronami i fachowym doradztwem. \u2705 Tutaj kupisz produkty DJI, Yuneec, Parrot, Syma i wiele innych, a tak\u017ce kursy i licencje na operatora drona.\" \/>\n<meta property=\"og:url\" content=\"https:\/\/ironsky.pl\/sklep\/produkt\/kabel-ugreen-dp119-displayport-hdmi-1m-jednokierunkowy\/\" \/>\n<meta property=\"og:site_name\" content=\"IRONSKY.PL Sklep z Dronami\" \/>\n<meta property=\"article:modified_time\" content=\"2026-04-15T08:24:59+00:00\" \/>\n<meta property=\"og:image\" content=\"https:\/\/ironsky.pl\/sklep\/wp-content\/uploads\/2025\/06\/34382_1.jpg\" \/>\n\t<meta property=\"og:image:width\" content=\"800\" \/>\n\t<meta property=\"og:image:height\" content=\"800\" \/>\n\t<meta property=\"og:image:type\" content=\"image\/jpeg\" \/>\n<meta name=\"twitter:card\" content=\"summary_large_image\" \/>\n<meta name=\"twitter:label1\" content=\"Szacowany czas czytania\" \/>\n\t<meta name=\"twitter:data1\" content=\"2 minuty\" \/>\n<script type=\"application\/ld+json\" class=\"yoast-schema-graph\">{\"@context\":\"https:\/\/schema.org\",\"@graph\":[{\"@type\":\"WebPage\",\"@id\":\"https:\/\/ironsky.pl\/sklep\/produkt\/kabel-ugreen-dp119-displayport-hdmi-1m-jednokierunkowy\/\",\"url\":\"https:\/\/ironsky.pl\/sklep\/produkt\/kabel-ugreen-dp119-displayport-hdmi-1m-jednokierunkowy\/\",\"name\":\"Kabel UGREEN DP119 DisplayPort-HDMI 1m jednokierunkowy - IRONSKY.PL Sklep z Dronami\",\"isPartOf\":{\"@id\":\"https:\/\/ironsky.pl\/sklep\/#website\"},\"primaryImageOfPage\":{\"@id\":\"https:\/\/ironsky.pl\/sklep\/produkt\/kabel-ugreen-dp119-displayport-hdmi-1m-jednokierunkowy\/#primaryimage\"},\"image\":{\"@id\":\"https:\/\/ironsky.pl\/sklep\/produkt\/kabel-ugreen-dp119-displayport-hdmi-1m-jednokierunkowy\/#primaryimage\"},\"thumbnailUrl\":\"https:\/\/ironsky.pl\/sklep\/wp-content\/uploads\/2025\/06\/34382_1.jpg\",\"datePublished\":\"2026-04-15T08:24:43+00:00\",\"dateModified\":\"2026-04-15T08:24:59+00:00\",\"description\":\"Kabel UGREEN DP119 DisplayPort-HDMI 1m jednokierunkowy - \u2705 sklep z dronami i fachowym doradztwem. \u2705 Tutaj kupisz produkty DJI, Yuneec, Parrot, Syma i wiele innych, a tak\u017ce kursy i licencje na operatora drona.\",\"breadcrumb\":{\"@id\":\"https:\/\/ironsky.pl\/sklep\/produkt\/kabel-ugreen-dp119-displayport-hdmi-1m-jednokierunkowy\/#breadcrumb\"},\"inLanguage\":\"pl-PL\",\"potentialAction\":[{\"@type\":\"ReadAction\",\"target\":[\"https:\/\/ironsky.pl\/sklep\/produkt\/kabel-ugreen-dp119-displayport-hdmi-1m-jednokierunkowy\/\"]}]},{\"@type\":\"ImageObject\",\"inLanguage\":\"pl-PL\",\"@id\":\"https:\/\/ironsky.pl\/sklep\/produkt\/kabel-ugreen-dp119-displayport-hdmi-1m-jednokierunkowy\/#primaryimage\",\"url\":\"https:\/\/ironsky.pl\/sklep\/wp-content\/uploads\/2025\/06\/34382_1.jpg\",\"contentUrl\":\"https:\/\/ironsky.pl\/sklep\/wp-content\/uploads\/2025\/06\/34382_1.jpg\",\"width\":800,\"height\":800},{\"@type\":\"BreadcrumbList\",\"@id\":\"https:\/\/ironsky.pl\/sklep\/produkt\/kabel-ugreen-dp119-displayport-hdmi-1m-jednokierunkowy\/#breadcrumb\",\"itemListElement\":[{\"@type\":\"ListItem\",\"position\":1,\"name\":\"Strona g\u0142\u00f3wna\",\"item\":\"https:\/\/ironsky.pl\/sklep\/\"},{\"@type\":\"ListItem\",\"position\":2,\"name\":\"Wszystkie produkty\",\"item\":\"https:\/\/ironsky.pl\/sklep\/produkty\/\"},{\"@type\":\"ListItem\",\"position\":3,\"name\":\"Kabel UGREEN DP119 DisplayPort-HDMI 1m jednokierunkowy\"}]},{\"@type\":\"WebSite\",\"@id\":\"https:\/\/ironsky.pl\/sklep\/#website\",\"url\":\"https:\/\/ironsky.pl\/sklep\/\",\"name\":\"IRONSKY.PL Sklep z Dronami\",\"description\":\"IRONSKY.PL Sklep z Dronami\",\"potentialAction\":[{\"@type\":\"SearchAction\",\"target\":{\"@type\":\"EntryPoint\",\"urlTemplate\":\"https:\/\/ironsky.pl\/sklep\/?s={search_term_string}\"},\"query-input\":{\"@type\":\"PropertyValueSpecification\",\"valueRequired\":true,\"valueName\":\"search_term_string\"}}],\"inLanguage\":\"pl-PL\"}]}<\/script>\n<!-- \/ Yoast SEO plugin. -->","yoast_head_json":{"title":"Kabel UGREEN DP119 DisplayPort-HDMI 1m jednokierunkowy - IRONSKY.PL Sklep z Dronami","description":"Kabel UGREEN DP119 DisplayPort-HDMI 1m jednokierunkowy - \u2705 sklep z dronami i fachowym doradztwem. \u2705 Tutaj kupisz produkty DJI, Yuneec, Parrot, Syma i wiele innych, a tak\u017ce kursy i licencje na operatora drona.","robots":{"index":"index","follow":"follow","max-snippet":"max-snippet:-1","max-image-preview":"max-image-preview:large","max-video-preview":"max-video-preview:-1"},"canonical":"https:\/\/ironsky.pl\/sklep\/produkt\/kabel-ugreen-dp119-displayport-hdmi-1m-jednokierunkowy\/","og_locale":"pl_PL","og_type":"article","og_title":"Kabel UGREEN DP119 DisplayPort-HDMI 1m jednokierunkowy - IRONSKY.PL Sklep z Dronami","og_description":"Kabel UGREEN DP119 DisplayPort-HDMI 1m jednokierunkowy - \u2705 sklep z dronami i fachowym doradztwem. \u2705 Tutaj kupisz produkty DJI, Yuneec, Parrot, Syma i wiele innych, a tak\u017ce kursy i licencje na operatora drona.","og_url":"https:\/\/ironsky.pl\/sklep\/produkt\/kabel-ugreen-dp119-displayport-hdmi-1m-jednokierunkowy\/","og_site_name":"IRONSKY.PL Sklep z Dronami","article_modified_time":"2026-04-15T08:24:59+00:00","og_image":[{"width":800,"height":800,"url":"https:\/\/ironsky.pl\/sklep\/wp-content\/uploads\/2025\/06\/34382_1.jpg","type":"image\/jpeg"}],"twitter_card":"summary_large_image","twitter_misc":{"Szacowany czas czytania":"2 minuty"},"schema":{"@context":"https:\/\/schema.org","@graph":[{"@type":"WebPage","@id":"https:\/\/ironsky.pl\/sklep\/produkt\/kabel-ugreen-dp119-displayport-hdmi-1m-jednokierunkowy\/","url":"https:\/\/ironsky.pl\/sklep\/produkt\/kabel-ugreen-dp119-displayport-hdmi-1m-jednokierunkowy\/","name":"Kabel UGREEN DP119 DisplayPort-HDMI 1m jednokierunkowy - IRONSKY.PL Sklep z Dronami","isPartOf":{"@id":"https:\/\/ironsky.pl\/sklep\/#website"},"primaryImageOfPage":{"@id":"https:\/\/ironsky.pl\/sklep\/produkt\/kabel-ugreen-dp119-displayport-hdmi-1m-jednokierunkowy\/#primaryimage"},"image":{"@id":"https:\/\/ironsky.pl\/sklep\/produkt\/kabel-ugreen-dp119-displayport-hdmi-1m-jednokierunkowy\/#primaryimage"},"thumbnailUrl":"https:\/\/ironsky.pl\/sklep\/wp-content\/uploads\/2025\/06\/34382_1.jpg","datePublished":"2026-04-15T08:24:43+00:00","dateModified":"2026-04-15T08:24:59+00:00","description":"Kabel UGREEN DP119 DisplayPort-HDMI 1m jednokierunkowy - \u2705 sklep z dronami i fachowym doradztwem. \u2705 Tutaj kupisz produkty DJI, Yuneec, Parrot, Syma i wiele innych, a tak\u017ce kursy i licencje na operatora drona.","breadcrumb":{"@id":"https:\/\/ironsky.pl\/sklep\/produkt\/kabel-ugreen-dp119-displayport-hdmi-1m-jednokierunkowy\/#breadcrumb"},"inLanguage":"pl-PL","potentialAction":[{"@type":"ReadAction","target":["https:\/\/ironsky.pl\/sklep\/produkt\/kabel-ugreen-dp119-displayport-hdmi-1m-jednokierunkowy\/"]}]},{"@type":"ImageObject","inLanguage":"pl-PL","@id":"https:\/\/ironsky.pl\/sklep\/produkt\/kabel-ugreen-dp119-displayport-hdmi-1m-jednokierunkowy\/#primaryimage","url":"https:\/\/ironsky.pl\/sklep\/wp-content\/uploads\/2025\/06\/34382_1.jpg","contentUrl":"https:\/\/ironsky.pl\/sklep\/wp-content\/uploads\/2025\/06\/34382_1.jpg","width":800,"height":800},{"@type":"BreadcrumbList","@id":"https:\/\/ironsky.pl\/sklep\/produkt\/kabel-ugreen-dp119-displayport-hdmi-1m-jednokierunkowy\/#breadcrumb","itemListElement":[{"@type":"ListItem","position":1,"name":"Strona g\u0142\u00f3wna","item":"https:\/\/ironsky.pl\/sklep\/"},{"@type":"ListItem","position":2,"name":"Wszystkie produkty","item":"https:\/\/ironsky.pl\/sklep\/produkty\/"},{"@type":"ListItem","position":3,"name":"Kabel UGREEN DP119 DisplayPort-HDMI 1m jednokierunkowy"}]},{"@type":"WebSite","@id":"https:\/\/ironsky.pl\/sklep\/#website","url":"https:\/\/ironsky.pl\/sklep\/","name":"IRONSKY.PL Sklep z Dronami","description":"IRONSKY.PL Sklep z Dronami","potentialAction":[{"@type":"SearchAction","target":{"@type":"EntryPoint","urlTemplate":"https:\/\/ironsky.pl\/sklep\/?s={search_term_string}"},"query-input":{"@type":"PropertyValueSpecification","valueRequired":true,"valueName":"search_term_string"}}],"inLanguage":"pl-PL"}]}},"_links":{"self":[{"href":"https:\/\/ironsky.pl\/sklep\/wp-json\/wp\/v2\/product\/57337","targetHints":{"allow":["GET"]}}],"collection":[{"href":"https:\/\/ironsky.pl\/sklep\/wp-json\/wp\/v2\/product"}],"about":[{"href":"https:\/\/ironsky.pl\/sklep\/wp-json\/wp\/v2\/types\/product"}],"replies":[{"embeddable":true,"href":"https:\/\/ironsky.pl\/sklep\/wp-json\/wp\/v2\/comments?post=57337"}],"wp:featuredmedia":[{"embeddable":true,"href":"https:\/\/ironsky.pl\/sklep\/wp-json\/wp\/v2\/media\/43367"}],"wp:attachment":[{"href":"https:\/\/ironsky.pl\/sklep\/wp-json\/wp\/v2\/media?parent=57337"}],"wp:term":[{"taxonomy":"product_brand","embeddable":true,"href":"https:\/\/ironsky.pl\/sklep\/wp-json\/wp\/v2\/product_brand?post=57337"},{"taxonomy":"product_cat","embeddable":true,"href":"https:\/\/ironsky.pl\/sklep\/wp-json\/wp\/v2\/product_cat?post=57337"},{"taxonomy":"product_tag","embeddable":true,"href":"https:\/\/ironsky.pl\/sklep\/wp-json\/wp\/v2\/product_tag?post=57337"}],"curies":[{"name":"wp","href":"https:\/\/api.w.org\/{rel}","templated":true}]}}