{"id":57333,"date":"2026-04-15T10:24:43","date_gmt":"2026-04-15T08:24:43","guid":{"rendered":"https:\/\/ironsky.pl\/sklep\/produkt\/hub-usb-c-ugreen-cm498-6-portowy\/"},"modified":"2026-04-15T10:24:56","modified_gmt":"2026-04-15T08:24:56","slug":"hub-usb-c-ugreen-cm498-6-portowy","status":"publish","type":"product","link":"https:\/\/ironsky.pl\/sklep\/produkt\/hub-usb-c-ugreen-cm498-6-portowy\/","title":{"rendered":"Hub USB-C UGREEN CM498 6-portowy"},"content":{"rendered":"<h3>Adapter 6w1 UGREEN CM498 Hub USB do 2x USB-A 3.0, USB-C 3.0, 2xHDMI, PD<\/h3>\n<p>Potrzebujesz jednego adaptera, kt\u00f3ry \u0142\u0105czy w sobie r\u00f3\u017cnorodno\u015b\u0107 z maksymaln\u0105 wydajno\u015bci\u0105? Oto UGREEN CM498 w wersji 6w1. Z technologi\u0105 Power Delivery (PD) o mocy do 100W masz pewno\u015b\u0107, \u017ce wszystkie Twoje urz\u0105dzenia b\u0119d\u0105 zasilane szybko i efektywnie. Adapter obs\u0142uguje b\u0142yskawiczn\u0105 transmisj\u0119 danych (5 Gbps) oraz HDMI w maksymalnej rozdzielczo\u015bci 8K! Zabezpieczenia przed przegrzaniem, kompaktowa konstrukcja i szeroka kompatybilno\u015b\u0107 to cechy, dzi\u0119ki kt\u00f3rym ten model zapewni Ci wydajno\u015b\u0107, jakiej oczekujesz od swoich urz\u0105dze\u0144.<\/p>\n<p><img decoding=\"async\" src=\"https:\/\/b2b.innpro.pl\/data\/include\/cms\/012UGREEN\/15852\/7.jpg\" alt=\"012UGREEN\/15852\/7\"><\/p>\n<h3>Szybkie \u0142adowanie i efektywna transmisja danych<\/h3>\n<p>Adapter powsta\u0142 z my\u015bl\u0105 o szybkim i wydajnym przesy\u0142aniu danych. Wyposa\u017cony w port USB-C 3.0 oraz dwa porty USB-A 3.0 zapewnia b\u0142yskawiczny transfer danych z pr\u0119dko\u015bci\u0105 do 5 Gbps. Bez wzgl\u0119du na to, czy chodzi o du\u017ce pliki projektowe, czy o strumieniowanie multimedi\u00f3w, op\u00f3\u017anienia i buforowanie to ju\u017c przesz\u0142o\u015b\u0107.<\/p>\n<p><img decoding=\"async\" src=\"https:\/\/b2b.innpro.pl\/data\/include\/cms\/012UGREEN\/15852\/3.jpg\" alt=\"012UGREEN\/15852\/3\"><\/p>\n<h3>Rozszerzone opcje wy\u015bwietlania<\/h3>\n<p>Urz\u0105dzenie oferuje dwa porty HDMI, z kt\u00f3rych jeden obs\u0142uguje rozdzielczo\u015b\u0107 4K przy 60Hz, a drugi nawet 8K przy 30Hz (uwaga: aby korzysta\u0107 z tej rozdzielczo\u015bci wymagana jest obs\u0142uga DP1.4). Dzi\u0119ki temu masz mo\u017cliwo\u015b\u0107 pod\u0142\u0105czenia dw\u00f3ch ekran\u00f3w jednocze\u015bnie, co jest szczeg\u00f3lnie przydatne dla os\u00f3b pracuj\u0105cych z grafik\u0105 lub wideo, jak r\u00f3wnie\u017c dla tych, kt\u00f3rzy po prostu chc\u0105 zyska\u0107 wi\u0119cej przestrzeni roboczej.<\/p>\n<p><img decoding=\"async\" src=\"https:\/\/b2b.innpro.pl\/data\/include\/cms\/012UGREEN\/15852\/1.jpg\" alt=\"012UGREEN\/15852\/1\"><\/p>\n<h3>Kompatybilno\u015b\u0107 bez granic<\/h3>\n<p>Kompatybilno\u015b\u0107 to jedno z kluczowych s\u0142\u00f3w, je\u015bli chodzi o ten produkt. Z pe\u0142nym wsparciem dla system\u00f3w Windows i MacOS, jeste\u015b got\u00f3w do efektywnej pracy, niezale\u017cnie od systemu, na kt\u00f3rym pracujesz.<\/p>\n<p><img decoding=\"async\" src=\"https:\/\/b2b.innpro.pl\/data\/include\/cms\/012UGREEN\/15852\/2.jpg\" alt=\"012UGREEN\/15852\/2\"><\/p>\n<h3>Kompaktowy i wszechstronny<\/h3>\n<p>Adapter wyr\u00f3\u017cnia si\u0119 kompaktowym rozmiarem, co sprawia, \u017ce mo\u017cesz zawsze mie\u0107 go pod r\u0119k\u0105. R\u00f3\u017cnorodno\u015b\u0107 port\u00f3w USB i HDMI czyni go niezast\u0105pionym narz\u0119dziem dla os\u00f3b cz\u0119sto podr\u00f3\u017cuj\u0105cych, kt\u00f3re potrzebuj\u0105 wielofunkcyjnego i niezawodnego rozwi\u0105zania w wielu sytuacjach. Niezale\u017cnie od tego z ilu port\u00f3w korzystasz, ulepszony system ch\u0142odzenia utrzymuje temperatur\u0119 na bezpiecznym poziomie, zapobiegaj\u0105c przegrzaniu si\u0119 urz\u0105dze\u0144, daj\u0105c Ci pewno\u015b\u0107, \u017ce Twoje sprz\u0119ty s\u0105 bezpieczne.<\/p>\n<p><img decoding=\"async\" src=\"https:\/\/b2b.innpro.pl\/data\/include\/cms\/012UGREEN\/15852\/6.jpg\" alt=\"012UGREEN\/15852\/6\"><\/p>\n<div class=\"table-wrapper\">\n<table>\n<tbody>\n<tr>\n<th>Producent <\/th>\n<td>UGREEN<\/td>\n<\/tr>\n<tr>\n<th>Model<\/th>\n<td>CM498<\/td>\n<\/tr>\n<tr>\n<th>Kod producenta<\/th>\n<td>15852<\/td>\n<\/tr>\n<tr>\n<th>Zasilanie<\/th>\n<td>PD 100 W<\/td>\n<\/tr>\n<tr>\n<th>USB-C PD<\/th>\n<td>100 W<\/td>\n<\/tr>\n<tr>\n<th>USB-C 3.0<\/th>\n<td>5 Gbps<\/td>\n<\/tr>\n<tr>\n<th>USB-A 3.0 x 2<\/th>\n<td>5 Gbps<\/td>\n<\/tr>\n<tr>\n<th>Port HDMI<\/th>\n<td>4K@60Hz<\/td>\n<\/tr>\n<tr>\n<th>Port HDMI 2<\/th>\n<td>8K@30Hz<\/td>\n<\/tr>\n<tr>\n<th>Wsparcie dla system\u00f3w<\/th>\n<td>Windows, MacOS<\/td>\n<\/tr>\n<\/tbody>\n<\/table>\n<\/div>\n","protected":false},"excerpt":{"rendered":"<p>Adapter 6w1 UGREEN CM498 Hub USB do 2x USB-A 3.0, USB-C 3.0, 2xHDMI, PD Potrzebujesz jednego adaptera, kt\u00f3ry \u0142\u0105czy w<\/p>\n","protected":false},"featured_media":43363,"comment_status":"closed","ping_status":"open","template":"","meta":{"_acf_changed":false},"product_brand":[],"product_cat":[5929,5934],"product_tag":[],"class_list":{"0":"post-57333","1":"product","2":"type-product","3":"status-publish","4":"has-post-thumbnail","6":"product_cat-akcesoria-it","7":"product_cat-huby","8":"pa_okres-gwarancji-5757","9":"pa_producent-ugreen","11":"first","12":"outofstock","13":"taxable","14":"shipping-taxable","15":"purchasable","16":"product-type-simple"},"acf":[],"yoast_head":"<!-- This site is optimized with the Yoast SEO plugin v27.2 - https:\/\/yoast.com\/product\/yoast-seo-wordpress\/ -->\n<title>Hub USB-C UGREEN CM498 6-portowy - IRONSKY.PL Sklep z Dronami<\/title>\n<meta name=\"description\" content=\"Hub USB-C UGREEN CM498 6-portowy - \u2705 sklep z dronami i fachowym doradztwem. \u2705 Tutaj kupisz produkty DJI, Yuneec, Parrot, Syma i wiele innych, a tak\u017ce kursy i licencje na operatora drona.\" \/>\n<meta name=\"robots\" content=\"index, follow, max-snippet:-1, max-image-preview:large, max-video-preview:-1\" \/>\n<link rel=\"canonical\" href=\"https:\/\/ironsky.pl\/sklep\/produkt\/hub-usb-c-ugreen-cm498-6-portowy\/\" \/>\n<meta property=\"og:locale\" content=\"pl_PL\" \/>\n<meta property=\"og:type\" content=\"article\" \/>\n<meta property=\"og:title\" content=\"Hub USB-C UGREEN CM498 6-portowy - IRONSKY.PL Sklep z Dronami\" \/>\n<meta property=\"og:description\" content=\"Hub USB-C UGREEN CM498 6-portowy - \u2705 sklep z dronami i fachowym doradztwem. \u2705 Tutaj kupisz produkty DJI, Yuneec, Parrot, Syma i wiele innych, a tak\u017ce kursy i licencje na operatora drona.\" \/>\n<meta property=\"og:url\" content=\"https:\/\/ironsky.pl\/sklep\/produkt\/hub-usb-c-ugreen-cm498-6-portowy\/\" \/>\n<meta property=\"og:site_name\" content=\"IRONSKY.PL Sklep z Dronami\" \/>\n<meta property=\"article:modified_time\" content=\"2026-04-15T08:24:56+00:00\" \/>\n<meta property=\"og:image\" content=\"https:\/\/ironsky.pl\/sklep\/wp-content\/uploads\/2025\/06\/34379_1.jpg\" \/>\n\t<meta property=\"og:image:width\" content=\"800\" \/>\n\t<meta property=\"og:image:height\" content=\"800\" \/>\n\t<meta property=\"og:image:type\" content=\"image\/jpeg\" \/>\n<meta name=\"twitter:card\" content=\"summary_large_image\" \/>\n<meta name=\"twitter:label1\" content=\"Szacowany czas czytania\" \/>\n\t<meta name=\"twitter:data1\" content=\"2 minuty\" \/>\n<script type=\"application\/ld+json\" class=\"yoast-schema-graph\">{\"@context\":\"https:\/\/schema.org\",\"@graph\":[{\"@type\":\"WebPage\",\"@id\":\"https:\/\/ironsky.pl\/sklep\/produkt\/hub-usb-c-ugreen-cm498-6-portowy\/\",\"url\":\"https:\/\/ironsky.pl\/sklep\/produkt\/hub-usb-c-ugreen-cm498-6-portowy\/\",\"name\":\"Hub USB-C UGREEN CM498 6-portowy - IRONSKY.PL Sklep z Dronami\",\"isPartOf\":{\"@id\":\"https:\/\/ironsky.pl\/sklep\/#website\"},\"primaryImageOfPage\":{\"@id\":\"https:\/\/ironsky.pl\/sklep\/produkt\/hub-usb-c-ugreen-cm498-6-portowy\/#primaryimage\"},\"image\":{\"@id\":\"https:\/\/ironsky.pl\/sklep\/produkt\/hub-usb-c-ugreen-cm498-6-portowy\/#primaryimage\"},\"thumbnailUrl\":\"https:\/\/ironsky.pl\/sklep\/wp-content\/uploads\/2025\/06\/34379_1.jpg\",\"datePublished\":\"2026-04-15T08:24:43+00:00\",\"dateModified\":\"2026-04-15T08:24:56+00:00\",\"description\":\"Hub USB-C UGREEN CM498 6-portowy - \u2705 sklep z dronami i fachowym doradztwem. \u2705 Tutaj kupisz produkty DJI, Yuneec, Parrot, Syma i wiele innych, a tak\u017ce kursy i licencje na operatora drona.\",\"breadcrumb\":{\"@id\":\"https:\/\/ironsky.pl\/sklep\/produkt\/hub-usb-c-ugreen-cm498-6-portowy\/#breadcrumb\"},\"inLanguage\":\"pl-PL\",\"potentialAction\":[{\"@type\":\"ReadAction\",\"target\":[\"https:\/\/ironsky.pl\/sklep\/produkt\/hub-usb-c-ugreen-cm498-6-portowy\/\"]}]},{\"@type\":\"ImageObject\",\"inLanguage\":\"pl-PL\",\"@id\":\"https:\/\/ironsky.pl\/sklep\/produkt\/hub-usb-c-ugreen-cm498-6-portowy\/#primaryimage\",\"url\":\"https:\/\/ironsky.pl\/sklep\/wp-content\/uploads\/2025\/06\/34379_1.jpg\",\"contentUrl\":\"https:\/\/ironsky.pl\/sklep\/wp-content\/uploads\/2025\/06\/34379_1.jpg\",\"width\":800,\"height\":800},{\"@type\":\"BreadcrumbList\",\"@id\":\"https:\/\/ironsky.pl\/sklep\/produkt\/hub-usb-c-ugreen-cm498-6-portowy\/#breadcrumb\",\"itemListElement\":[{\"@type\":\"ListItem\",\"position\":1,\"name\":\"Strona g\u0142\u00f3wna\",\"item\":\"https:\/\/ironsky.pl\/sklep\/\"},{\"@type\":\"ListItem\",\"position\":2,\"name\":\"Wszystkie produkty\",\"item\":\"https:\/\/ironsky.pl\/sklep\/produkty\/\"},{\"@type\":\"ListItem\",\"position\":3,\"name\":\"Hub USB-C UGREEN CM498 6-portowy\"}]},{\"@type\":\"WebSite\",\"@id\":\"https:\/\/ironsky.pl\/sklep\/#website\",\"url\":\"https:\/\/ironsky.pl\/sklep\/\",\"name\":\"IRONSKY.PL Sklep z Dronami\",\"description\":\"IRONSKY.PL Sklep z Dronami\",\"potentialAction\":[{\"@type\":\"SearchAction\",\"target\":{\"@type\":\"EntryPoint\",\"urlTemplate\":\"https:\/\/ironsky.pl\/sklep\/?s={search_term_string}\"},\"query-input\":{\"@type\":\"PropertyValueSpecification\",\"valueRequired\":true,\"valueName\":\"search_term_string\"}}],\"inLanguage\":\"pl-PL\"}]}<\/script>\n<!-- \/ Yoast SEO plugin. -->","yoast_head_json":{"title":"Hub USB-C UGREEN CM498 6-portowy - IRONSKY.PL Sklep z Dronami","description":"Hub USB-C UGREEN CM498 6-portowy - \u2705 sklep z dronami i fachowym doradztwem. \u2705 Tutaj kupisz produkty DJI, Yuneec, Parrot, Syma i wiele innych, a tak\u017ce kursy i licencje na operatora drona.","robots":{"index":"index","follow":"follow","max-snippet":"max-snippet:-1","max-image-preview":"max-image-preview:large","max-video-preview":"max-video-preview:-1"},"canonical":"https:\/\/ironsky.pl\/sklep\/produkt\/hub-usb-c-ugreen-cm498-6-portowy\/","og_locale":"pl_PL","og_type":"article","og_title":"Hub USB-C UGREEN CM498 6-portowy - IRONSKY.PL Sklep z Dronami","og_description":"Hub USB-C UGREEN CM498 6-portowy - \u2705 sklep z dronami i fachowym doradztwem. \u2705 Tutaj kupisz produkty DJI, Yuneec, Parrot, Syma i wiele innych, a tak\u017ce kursy i licencje na operatora drona.","og_url":"https:\/\/ironsky.pl\/sklep\/produkt\/hub-usb-c-ugreen-cm498-6-portowy\/","og_site_name":"IRONSKY.PL Sklep z Dronami","article_modified_time":"2026-04-15T08:24:56+00:00","og_image":[{"width":800,"height":800,"url":"https:\/\/ironsky.pl\/sklep\/wp-content\/uploads\/2025\/06\/34379_1.jpg","type":"image\/jpeg"}],"twitter_card":"summary_large_image","twitter_misc":{"Szacowany czas czytania":"2 minuty"},"schema":{"@context":"https:\/\/schema.org","@graph":[{"@type":"WebPage","@id":"https:\/\/ironsky.pl\/sklep\/produkt\/hub-usb-c-ugreen-cm498-6-portowy\/","url":"https:\/\/ironsky.pl\/sklep\/produkt\/hub-usb-c-ugreen-cm498-6-portowy\/","name":"Hub USB-C UGREEN CM498 6-portowy - IRONSKY.PL Sklep z Dronami","isPartOf":{"@id":"https:\/\/ironsky.pl\/sklep\/#website"},"primaryImageOfPage":{"@id":"https:\/\/ironsky.pl\/sklep\/produkt\/hub-usb-c-ugreen-cm498-6-portowy\/#primaryimage"},"image":{"@id":"https:\/\/ironsky.pl\/sklep\/produkt\/hub-usb-c-ugreen-cm498-6-portowy\/#primaryimage"},"thumbnailUrl":"https:\/\/ironsky.pl\/sklep\/wp-content\/uploads\/2025\/06\/34379_1.jpg","datePublished":"2026-04-15T08:24:43+00:00","dateModified":"2026-04-15T08:24:56+00:00","description":"Hub USB-C UGREEN CM498 6-portowy - \u2705 sklep z dronami i fachowym doradztwem. \u2705 Tutaj kupisz produkty DJI, Yuneec, Parrot, Syma i wiele innych, a tak\u017ce kursy i licencje na operatora drona.","breadcrumb":{"@id":"https:\/\/ironsky.pl\/sklep\/produkt\/hub-usb-c-ugreen-cm498-6-portowy\/#breadcrumb"},"inLanguage":"pl-PL","potentialAction":[{"@type":"ReadAction","target":["https:\/\/ironsky.pl\/sklep\/produkt\/hub-usb-c-ugreen-cm498-6-portowy\/"]}]},{"@type":"ImageObject","inLanguage":"pl-PL","@id":"https:\/\/ironsky.pl\/sklep\/produkt\/hub-usb-c-ugreen-cm498-6-portowy\/#primaryimage","url":"https:\/\/ironsky.pl\/sklep\/wp-content\/uploads\/2025\/06\/34379_1.jpg","contentUrl":"https:\/\/ironsky.pl\/sklep\/wp-content\/uploads\/2025\/06\/34379_1.jpg","width":800,"height":800},{"@type":"BreadcrumbList","@id":"https:\/\/ironsky.pl\/sklep\/produkt\/hub-usb-c-ugreen-cm498-6-portowy\/#breadcrumb","itemListElement":[{"@type":"ListItem","position":1,"name":"Strona g\u0142\u00f3wna","item":"https:\/\/ironsky.pl\/sklep\/"},{"@type":"ListItem","position":2,"name":"Wszystkie produkty","item":"https:\/\/ironsky.pl\/sklep\/produkty\/"},{"@type":"ListItem","position":3,"name":"Hub USB-C UGREEN CM498 6-portowy"}]},{"@type":"WebSite","@id":"https:\/\/ironsky.pl\/sklep\/#website","url":"https:\/\/ironsky.pl\/sklep\/","name":"IRONSKY.PL Sklep z Dronami","description":"IRONSKY.PL Sklep z Dronami","potentialAction":[{"@type":"SearchAction","target":{"@type":"EntryPoint","urlTemplate":"https:\/\/ironsky.pl\/sklep\/?s={search_term_string}"},"query-input":{"@type":"PropertyValueSpecification","valueRequired":true,"valueName":"search_term_string"}}],"inLanguage":"pl-PL"}]}},"_links":{"self":[{"href":"https:\/\/ironsky.pl\/sklep\/wp-json\/wp\/v2\/product\/57333","targetHints":{"allow":["GET"]}}],"collection":[{"href":"https:\/\/ironsky.pl\/sklep\/wp-json\/wp\/v2\/product"}],"about":[{"href":"https:\/\/ironsky.pl\/sklep\/wp-json\/wp\/v2\/types\/product"}],"replies":[{"embeddable":true,"href":"https:\/\/ironsky.pl\/sklep\/wp-json\/wp\/v2\/comments?post=57333"}],"wp:featuredmedia":[{"embeddable":true,"href":"https:\/\/ironsky.pl\/sklep\/wp-json\/wp\/v2\/media\/43363"}],"wp:attachment":[{"href":"https:\/\/ironsky.pl\/sklep\/wp-json\/wp\/v2\/media?parent=57333"}],"wp:term":[{"taxonomy":"product_brand","embeddable":true,"href":"https:\/\/ironsky.pl\/sklep\/wp-json\/wp\/v2\/product_brand?post=57333"},{"taxonomy":"product_cat","embeddable":true,"href":"https:\/\/ironsky.pl\/sklep\/wp-json\/wp\/v2\/product_cat?post=57333"},{"taxonomy":"product_tag","embeddable":true,"href":"https:\/\/ironsky.pl\/sklep\/wp-json\/wp\/v2\/product_tag?post=57333"}],"curies":[{"name":"wp","href":"https:\/\/api.w.org\/{rel}","templated":true}]}}