{"id":57332,"date":"2026-04-15T10:24:43","date_gmt":"2026-04-15T08:24:43","guid":{"rendered":"https:\/\/ironsky.pl\/sklep\/produkt\/hub-usb-ugreen-revodok-cm498-10-portowy-usb-c\/"},"modified":"2026-04-15T10:24:55","modified_gmt":"2026-04-15T08:24:55","slug":"hub-usb-ugreen-revodok-cm498-10-portowy-usb-c","status":"publish","type":"product","link":"https:\/\/ironsky.pl\/sklep\/produkt\/hub-usb-ugreen-revodok-cm498-10-portowy-usb-c\/","title":{"rendered":"Hub USB UGREEN Revodok CM498 10-portowy USB-C"},"content":{"rendered":"<h3>Adapter 10w1 UGREEN CM498 Hub USB do 3x USB-A 3.0, HDMI, VGA, RJ45, SD\/TF, AUX3.5mm, PD Converter<\/h3>\n<p>Chcesz jednym urz\u0105dzeniem zaspokoi\u0107 wszystkie swoje potrzeby zwi\u0105zane z \u0142\u0105czno\u015bci\u0105 i transmisj\u0105 danych? Adapter 10w1 UGREEN CM498 oferuje wiele funkcji &#8211; od b\u0142yskawicznego \u0142adowania i transferu danych, po transmisj\u0119 wysokiej jako\u015bci obrazu z laptopa na du\u017cy ekran. 10 przydatnych port\u00f3w pozwala zwi\u0119kszy\u0107 mo\u017cliwo\u015bci urz\u0105dze\u0144 mobilnych, a wszystko to w kompaktowej formie. <\/p>\n<p><img decoding=\"async\" src=\"https:\/\/b2b.innpro.pl\/data\/include\/cms\/012UGREEN\/15601\/4.jpg\" alt=\"012UGREEN\/15601\/4\"><\/p>\n<h3>Szybkie i bezpieczne \u0142adowanie<\/h3>\n<p>Adapter wykorzystuje technologi\u0119 Power Delivery (PD) z maksymaln\u0105 moc\u0105 do 100W, co oznacza, \u017ce jest w stanie r\u00f3wnocze\u015bnie zasila\u0107 zar\u00f3wno laptopy z wy\u017cszymi wymaganiami energetycznymi, jak i smartfony z szybkim \u0142adowaniem. Technologia PD automatycznie dostosowuje napi\u0119cie i pr\u0105d do potrzeb pod\u0142\u0105czonego urz\u0105dzenia.<\/p>\n<p><img decoding=\"async\" src=\"https:\/\/b2b.innpro.pl\/data\/include\/cms\/012UGREEN\/15601\/5.jpg\" alt=\"012UGREEN\/15601\/5\"><\/p>\n<h3>Wydajno\u015b\u0107 w transmisji danych<\/h3>\n<p>Dzi\u0119ki chipsetowi VL815, adapter oferuje trzy porty USB 3.0 z maksymaln\u0105 pr\u0119dko\u015bci\u0105 transferu danych do 5 Gbps. To korzystne dla profesjonalist\u00f3w, kt\u00f3rzy potrzebuj\u0105 szybko przenosi\u0107 du\u017ce pliki mi\u0119dzy r\u00f3\u017cnymi urz\u0105dzeniami.<\/p>\n<p><img decoding=\"async\" src=\"https:\/\/b2b.innpro.pl\/data\/include\/cms\/012UGREEN\/15601\/6.jpg\" alt=\"012UGREEN\/15601\/6\"><\/p>\n<h3>Rozbudowane mo\u017cliwo\u015bci wyj\u015b\u0107 wideo<\/h3>\n<p>Zaawansowane chipsety ITE6564 i VL102 obs\u0142uguj\u0105 porty HDMI i VGA. HDMI oferuje wyj\u015bcie 4K przy 30Hz, idealne dla grafik\u00f3w i monta\u017cyst\u00f3w video. Port VGA, z kolei, zapewnia jako\u015b\u0107 obrazu w Full HD 1080P przy 60Hz, co idealnie sprawdzi si\u0119 w wi\u0119kszo\u015bci zastosowa\u0144 biurowych i edukacyjnych.<\/p>\n<p><img decoding=\"async\" src=\"https:\/\/b2b.innpro.pl\/data\/include\/cms\/012UGREEN\/15601\/7.jpg\" alt=\"012UGREEN\/15601\/7\"><\/p>\n<h3>Po\u0142\u0105czenie sieciowe i kart czytnik\u00f3w<\/h3>\n<p>Chipset AX88179A umo\u017cliwia gigabitowe po\u0142\u0105czenie Ethernet przez port RJ45. Dzi\u0119ki temu mo\u017cesz cieszy\u0107 si\u0119 niezawodnym, szybkim po\u0142\u0105czeniem internetowym. Porty SD\/TF s\u0105 wspierane przez chipset GL3224 i oferuj\u0105 maksymaln\u0105 pr\u0119dko\u015b\u0107 odczytu do 104 MB\/s, co zapewnia wi\u0119ksz\u0105 wydajno\u015b\u0107 w pracy mi\u0119dzy innymi fotografom i filmowcom.<\/p>\n<p><img decoding=\"async\" src=\"https:\/\/b2b.innpro.pl\/data\/include\/cms\/012UGREEN\/15601\/1.jpg\" alt=\"012UGREEN\/15601\/1\"><\/p>\n<h3>Szeroka kompatybilno\u015b\u0107<\/h3>\n<p>Dzi\u0119ki wsparciu dla r\u00f3\u017cnorodnych system\u00f3w operacyjnych &#8211; od Windows 10 do Androida &#8211; adapter jest niezwykle wszechstronny. Jest to mo\u017cliwe dzi\u0119ki zastosowaniu r\u00f3\u017cnych chipset\u00f3w, takich jak AG9321-MAQ i GL3510, kt\u00f3re zapewniaj\u0105 uniwersalno\u015b\u0107 i elastyczno\u015b\u0107 w zastosowaniu.<\/p>\n<p><img decoding=\"async\" src=\"https:\/\/b2b.innpro.pl\/data\/include\/cms\/012UGREEN\/15601\/3.jpg\" alt=\"012UGREEN\/15601\/3\"><\/p>\n<h3>Mobilny i Wszechstronny<\/h3>\n<p>Opr\u00f3cz kompaktowej d\u0142ugo\u015bci kabla (15 cm), r\u00f3\u017cnorodno\u015b\u0107 port\u00f3w sprawia, \u017ce jest to idealny sprz\u0119t do u\u017cytku w podr\u00f3\u017cy. Wszystko zawarte w solidnej i eleganckiej obudowie, co zapewnia d\u0142ugotrwa\u0142\u0105 \u017cywotno\u015b\u0107 i niezawodno\u015b\u0107 w niemal ka\u017cdej sytuacji.<\/p>\n<p><img decoding=\"async\" src=\"https:\/\/b2b.innpro.pl\/data\/include\/cms\/012UGREEN\/15601\/2.jpg\" alt=\"012UGREEN\/15601\/2\"><\/p>\n<div class=\"table-wrapper\">\n<table>\n<tbody>\n<tr>\n<th>Producent <\/th>\n<td>UGREEN<\/td>\n<\/tr>\n<tr>\n<th>Model<\/th>\n<td>CM498<\/td>\n<\/tr>\n<tr>\n<th>Kod producenta<\/th>\n<td>15601<\/td>\n<\/tr>\n<tr>\n<th>Chipset<\/th>\n<td>A1\/A2; VL102+VL815+GL3510+ITE6564+GL3224+AX88179A+CS4344 A3: AG9321-MAQ+GL3510*2+RTL8153B+GL3224+SC8723<\/td>\n<\/tr>\n<tr>\n<th>Zasilanie<\/th>\n<td>PD 100 W<\/td>\n<\/tr>\n<tr>\n<th>Port HDMI<\/th>\n<td>4K@30Hz<\/td>\n<\/tr>\n<tr>\n<th>Port VGA<\/th>\n<td>1080P@60Hz<\/td>\n<\/tr>\n<tr>\n<th>Port RJ45<\/th>\n<td>1000\/100\/10 Mbps<\/td>\n<\/tr>\n<tr>\n<th>Port SD\/TF<\/th>\n<td>104 MB\/s max: Odczyt jednoczesny<\/td>\n<\/tr>\n<tr>\n<th>Wsparcie dla system\u00f3w<\/th>\n<td>Windows 10\/8.1\/8\/7\/XP; Linux, MacOS, iOS, Android<\/td>\n<\/tr>\n<tr>\n<th>D\u0142ugo\u015b\u0107 kabla <\/th>\n<td>15 cm<\/td>\n<\/tr>\n<\/tbody>\n<\/table>\n<\/div>\n","protected":false},"excerpt":{"rendered":"<p>Adapter 10w1 UGREEN CM498 Hub USB do 3x USB-A 3.0, HDMI, VGA, RJ45, SD\/TF, AUX3.5mm, PD Converter Chcesz jednym urz\u0105dzeniem<\/p>\n","protected":false},"featured_media":43353,"comment_status":"closed","ping_status":"open","template":"","meta":{"_acf_changed":false},"product_brand":[],"product_cat":[5929,5934],"product_tag":[],"class_list":{"0":"post-57332","1":"product","2":"type-product","3":"status-publish","4":"has-post-thumbnail","6":"product_cat-akcesoria-it","7":"product_cat-huby","8":"pa_okres-gwarancji-5757","9":"pa_producent-ugreen","11":"first","12":"outofstock","13":"taxable","14":"shipping-taxable","15":"purchasable","16":"product-type-simple"},"acf":[],"yoast_head":"<!-- This site is optimized with the Yoast SEO plugin v27.2 - https:\/\/yoast.com\/product\/yoast-seo-wordpress\/ -->\n<title>Hub USB UGREEN Revodok CM498 10-portowy USB-C - IRONSKY.PL Sklep z Dronami<\/title>\n<meta name=\"description\" content=\"Hub USB UGREEN Revodok CM498 10-portowy USB-C - \u2705 sklep z dronami i fachowym doradztwem. \u2705 Tutaj kupisz produkty DJI, Yuneec, Parrot, Syma i wiele innych, a tak\u017ce kursy i licencje na operatora drona.\" \/>\n<meta name=\"robots\" content=\"index, follow, max-snippet:-1, max-image-preview:large, max-video-preview:-1\" \/>\n<link rel=\"canonical\" href=\"https:\/\/ironsky.pl\/sklep\/produkt\/hub-usb-ugreen-revodok-cm498-10-portowy-usb-c\/\" \/>\n<meta property=\"og:locale\" content=\"pl_PL\" \/>\n<meta property=\"og:type\" content=\"article\" \/>\n<meta property=\"og:title\" content=\"Hub USB UGREEN Revodok CM498 10-portowy USB-C - IRONSKY.PL Sklep z Dronami\" \/>\n<meta property=\"og:description\" content=\"Hub USB UGREEN Revodok CM498 10-portowy USB-C - \u2705 sklep z dronami i fachowym doradztwem. \u2705 Tutaj kupisz produkty DJI, Yuneec, Parrot, Syma i wiele innych, a tak\u017ce kursy i licencje na operatora drona.\" \/>\n<meta property=\"og:url\" content=\"https:\/\/ironsky.pl\/sklep\/produkt\/hub-usb-ugreen-revodok-cm498-10-portowy-usb-c\/\" \/>\n<meta property=\"og:site_name\" content=\"IRONSKY.PL Sklep z Dronami\" \/>\n<meta property=\"article:modified_time\" content=\"2026-04-15T08:24:55+00:00\" \/>\n<meta property=\"og:image\" content=\"https:\/\/ironsky.pl\/sklep\/wp-content\/uploads\/2025\/06\/34377_1.jpg\" \/>\n\t<meta property=\"og:image:width\" content=\"800\" \/>\n\t<meta property=\"og:image:height\" content=\"800\" \/>\n\t<meta property=\"og:image:type\" content=\"image\/jpeg\" \/>\n<meta name=\"twitter:card\" content=\"summary_large_image\" \/>\n<meta name=\"twitter:label1\" content=\"Szacowany czas czytania\" \/>\n\t<meta name=\"twitter:data1\" content=\"2 minuty\" \/>\n<script type=\"application\/ld+json\" class=\"yoast-schema-graph\">{\"@context\":\"https:\/\/schema.org\",\"@graph\":[{\"@type\":\"WebPage\",\"@id\":\"https:\/\/ironsky.pl\/sklep\/produkt\/hub-usb-ugreen-revodok-cm498-10-portowy-usb-c\/\",\"url\":\"https:\/\/ironsky.pl\/sklep\/produkt\/hub-usb-ugreen-revodok-cm498-10-portowy-usb-c\/\",\"name\":\"Hub USB UGREEN Revodok CM498 10-portowy USB-C - IRONSKY.PL Sklep z Dronami\",\"isPartOf\":{\"@id\":\"https:\/\/ironsky.pl\/sklep\/#website\"},\"primaryImageOfPage\":{\"@id\":\"https:\/\/ironsky.pl\/sklep\/produkt\/hub-usb-ugreen-revodok-cm498-10-portowy-usb-c\/#primaryimage\"},\"image\":{\"@id\":\"https:\/\/ironsky.pl\/sklep\/produkt\/hub-usb-ugreen-revodok-cm498-10-portowy-usb-c\/#primaryimage\"},\"thumbnailUrl\":\"https:\/\/ironsky.pl\/sklep\/wp-content\/uploads\/2025\/06\/34377_1.jpg\",\"datePublished\":\"2026-04-15T08:24:43+00:00\",\"dateModified\":\"2026-04-15T08:24:55+00:00\",\"description\":\"Hub USB UGREEN Revodok CM498 10-portowy USB-C - \u2705 sklep z dronami i fachowym doradztwem. \u2705 Tutaj kupisz produkty DJI, Yuneec, Parrot, Syma i wiele innych, a tak\u017ce kursy i licencje na operatora drona.\",\"breadcrumb\":{\"@id\":\"https:\/\/ironsky.pl\/sklep\/produkt\/hub-usb-ugreen-revodok-cm498-10-portowy-usb-c\/#breadcrumb\"},\"inLanguage\":\"pl-PL\",\"potentialAction\":[{\"@type\":\"ReadAction\",\"target\":[\"https:\/\/ironsky.pl\/sklep\/produkt\/hub-usb-ugreen-revodok-cm498-10-portowy-usb-c\/\"]}]},{\"@type\":\"ImageObject\",\"inLanguage\":\"pl-PL\",\"@id\":\"https:\/\/ironsky.pl\/sklep\/produkt\/hub-usb-ugreen-revodok-cm498-10-portowy-usb-c\/#primaryimage\",\"url\":\"https:\/\/ironsky.pl\/sklep\/wp-content\/uploads\/2025\/06\/34377_1.jpg\",\"contentUrl\":\"https:\/\/ironsky.pl\/sklep\/wp-content\/uploads\/2025\/06\/34377_1.jpg\",\"width\":800,\"height\":800},{\"@type\":\"BreadcrumbList\",\"@id\":\"https:\/\/ironsky.pl\/sklep\/produkt\/hub-usb-ugreen-revodok-cm498-10-portowy-usb-c\/#breadcrumb\",\"itemListElement\":[{\"@type\":\"ListItem\",\"position\":1,\"name\":\"Strona g\u0142\u00f3wna\",\"item\":\"https:\/\/ironsky.pl\/sklep\/\"},{\"@type\":\"ListItem\",\"position\":2,\"name\":\"Wszystkie produkty\",\"item\":\"https:\/\/ironsky.pl\/sklep\/produkty\/\"},{\"@type\":\"ListItem\",\"position\":3,\"name\":\"Hub USB UGREEN Revodok CM498 10-portowy USB-C\"}]},{\"@type\":\"WebSite\",\"@id\":\"https:\/\/ironsky.pl\/sklep\/#website\",\"url\":\"https:\/\/ironsky.pl\/sklep\/\",\"name\":\"IRONSKY.PL Sklep z Dronami\",\"description\":\"IRONSKY.PL Sklep z Dronami\",\"potentialAction\":[{\"@type\":\"SearchAction\",\"target\":{\"@type\":\"EntryPoint\",\"urlTemplate\":\"https:\/\/ironsky.pl\/sklep\/?s={search_term_string}\"},\"query-input\":{\"@type\":\"PropertyValueSpecification\",\"valueRequired\":true,\"valueName\":\"search_term_string\"}}],\"inLanguage\":\"pl-PL\"}]}<\/script>\n<!-- \/ Yoast SEO plugin. -->","yoast_head_json":{"title":"Hub USB UGREEN Revodok CM498 10-portowy USB-C - IRONSKY.PL Sklep z Dronami","description":"Hub USB UGREEN Revodok CM498 10-portowy USB-C - \u2705 sklep z dronami i fachowym doradztwem. \u2705 Tutaj kupisz produkty DJI, Yuneec, Parrot, Syma i wiele innych, a tak\u017ce kursy i licencje na operatora drona.","robots":{"index":"index","follow":"follow","max-snippet":"max-snippet:-1","max-image-preview":"max-image-preview:large","max-video-preview":"max-video-preview:-1"},"canonical":"https:\/\/ironsky.pl\/sklep\/produkt\/hub-usb-ugreen-revodok-cm498-10-portowy-usb-c\/","og_locale":"pl_PL","og_type":"article","og_title":"Hub USB UGREEN Revodok CM498 10-portowy USB-C - IRONSKY.PL Sklep z Dronami","og_description":"Hub USB UGREEN Revodok CM498 10-portowy USB-C - \u2705 sklep z dronami i fachowym doradztwem. \u2705 Tutaj kupisz produkty DJI, Yuneec, Parrot, Syma i wiele innych, a tak\u017ce kursy i licencje na operatora drona.","og_url":"https:\/\/ironsky.pl\/sklep\/produkt\/hub-usb-ugreen-revodok-cm498-10-portowy-usb-c\/","og_site_name":"IRONSKY.PL Sklep z Dronami","article_modified_time":"2026-04-15T08:24:55+00:00","og_image":[{"width":800,"height":800,"url":"https:\/\/ironsky.pl\/sklep\/wp-content\/uploads\/2025\/06\/34377_1.jpg","type":"image\/jpeg"}],"twitter_card":"summary_large_image","twitter_misc":{"Szacowany czas czytania":"2 minuty"},"schema":{"@context":"https:\/\/schema.org","@graph":[{"@type":"WebPage","@id":"https:\/\/ironsky.pl\/sklep\/produkt\/hub-usb-ugreen-revodok-cm498-10-portowy-usb-c\/","url":"https:\/\/ironsky.pl\/sklep\/produkt\/hub-usb-ugreen-revodok-cm498-10-portowy-usb-c\/","name":"Hub USB UGREEN Revodok CM498 10-portowy USB-C - IRONSKY.PL Sklep z Dronami","isPartOf":{"@id":"https:\/\/ironsky.pl\/sklep\/#website"},"primaryImageOfPage":{"@id":"https:\/\/ironsky.pl\/sklep\/produkt\/hub-usb-ugreen-revodok-cm498-10-portowy-usb-c\/#primaryimage"},"image":{"@id":"https:\/\/ironsky.pl\/sklep\/produkt\/hub-usb-ugreen-revodok-cm498-10-portowy-usb-c\/#primaryimage"},"thumbnailUrl":"https:\/\/ironsky.pl\/sklep\/wp-content\/uploads\/2025\/06\/34377_1.jpg","datePublished":"2026-04-15T08:24:43+00:00","dateModified":"2026-04-15T08:24:55+00:00","description":"Hub USB UGREEN Revodok CM498 10-portowy USB-C - \u2705 sklep z dronami i fachowym doradztwem. \u2705 Tutaj kupisz produkty DJI, Yuneec, Parrot, Syma i wiele innych, a tak\u017ce kursy i licencje na operatora drona.","breadcrumb":{"@id":"https:\/\/ironsky.pl\/sklep\/produkt\/hub-usb-ugreen-revodok-cm498-10-portowy-usb-c\/#breadcrumb"},"inLanguage":"pl-PL","potentialAction":[{"@type":"ReadAction","target":["https:\/\/ironsky.pl\/sklep\/produkt\/hub-usb-ugreen-revodok-cm498-10-portowy-usb-c\/"]}]},{"@type":"ImageObject","inLanguage":"pl-PL","@id":"https:\/\/ironsky.pl\/sklep\/produkt\/hub-usb-ugreen-revodok-cm498-10-portowy-usb-c\/#primaryimage","url":"https:\/\/ironsky.pl\/sklep\/wp-content\/uploads\/2025\/06\/34377_1.jpg","contentUrl":"https:\/\/ironsky.pl\/sklep\/wp-content\/uploads\/2025\/06\/34377_1.jpg","width":800,"height":800},{"@type":"BreadcrumbList","@id":"https:\/\/ironsky.pl\/sklep\/produkt\/hub-usb-ugreen-revodok-cm498-10-portowy-usb-c\/#breadcrumb","itemListElement":[{"@type":"ListItem","position":1,"name":"Strona g\u0142\u00f3wna","item":"https:\/\/ironsky.pl\/sklep\/"},{"@type":"ListItem","position":2,"name":"Wszystkie produkty","item":"https:\/\/ironsky.pl\/sklep\/produkty\/"},{"@type":"ListItem","position":3,"name":"Hub USB UGREEN Revodok CM498 10-portowy USB-C"}]},{"@type":"WebSite","@id":"https:\/\/ironsky.pl\/sklep\/#website","url":"https:\/\/ironsky.pl\/sklep\/","name":"IRONSKY.PL Sklep z Dronami","description":"IRONSKY.PL Sklep z Dronami","potentialAction":[{"@type":"SearchAction","target":{"@type":"EntryPoint","urlTemplate":"https:\/\/ironsky.pl\/sklep\/?s={search_term_string}"},"query-input":{"@type":"PropertyValueSpecification","valueRequired":true,"valueName":"search_term_string"}}],"inLanguage":"pl-PL"}]}},"_links":{"self":[{"href":"https:\/\/ironsky.pl\/sklep\/wp-json\/wp\/v2\/product\/57332","targetHints":{"allow":["GET"]}}],"collection":[{"href":"https:\/\/ironsky.pl\/sklep\/wp-json\/wp\/v2\/product"}],"about":[{"href":"https:\/\/ironsky.pl\/sklep\/wp-json\/wp\/v2\/types\/product"}],"replies":[{"embeddable":true,"href":"https:\/\/ironsky.pl\/sklep\/wp-json\/wp\/v2\/comments?post=57332"}],"wp:featuredmedia":[{"embeddable":true,"href":"https:\/\/ironsky.pl\/sklep\/wp-json\/wp\/v2\/media\/43353"}],"wp:attachment":[{"href":"https:\/\/ironsky.pl\/sklep\/wp-json\/wp\/v2\/media?parent=57332"}],"wp:term":[{"taxonomy":"product_brand","embeddable":true,"href":"https:\/\/ironsky.pl\/sklep\/wp-json\/wp\/v2\/product_brand?post=57332"},{"taxonomy":"product_cat","embeddable":true,"href":"https:\/\/ironsky.pl\/sklep\/wp-json\/wp\/v2\/product_cat?post=57332"},{"taxonomy":"product_tag","embeddable":true,"href":"https:\/\/ironsky.pl\/sklep\/wp-json\/wp\/v2\/product_tag?post=57332"}],"curies":[{"name":"wp","href":"https:\/\/api.w.org\/{rel}","templated":true}]}}