{"id":57331,"date":"2026-04-15T10:24:43","date_gmt":"2026-04-15T08:24:43","guid":{"rendered":"https:\/\/ironsky.pl\/sklep\/produkt\/przelacznik-hdmi-ugreen-cm217-2-portowy-20cm-czarny\/"},"modified":"2026-04-15T10:24:54","modified_gmt":"2026-04-15T08:24:54","slug":"przelacznik-hdmi-ugreen-cm217-2-portowy-20cm-czarny","status":"publish","type":"product","link":"https:\/\/ironsky.pl\/sklep\/produkt\/przelacznik-hdmi-ugreen-cm217-2-portowy-20cm-czarny\/","title":{"rendered":"Prze\u0142\u0105cznik HDMI UGREEN CM217 2-portowy 20cm (czarny)"},"content":{"rendered":"<h3>Prze\u0142\u0105cznik Switch UGREEN CM217 2w1 HDMI 2.0 20cm (czarny)<\/h3>\n<\/p>\n<p>UGREEN HDMI Switch to wyj\u0105tkowo praktyczne urz\u0105dzenie, kt\u00f3re umo\u017cliwia pod\u0142\u0105czenie dw\u00f3ch \u017ar\u00f3de\u0142 sygna\u0142u, takich jak PS4, Xbox czy PC, do jednego wy\u015bwietlacza \u2014 monitora, telewizora HD lub projektora. Dzi\u0119ki temu mo\u017cesz \u0142atwo prze\u0142\u0105cza\u0107 si\u0119 mi\u0119dzy urz\u0105dzeniami bez konieczno\u015bci ci\u0105g\u0142ego pod\u0142\u0105czania i od\u0142\u0105czania kabli. To idealne rozwi\u0105zanie zar\u00f3wno do domowej rozrywki, jak i biura.<\/p>\n<\/p>\n<p>\n<img decoding=\"async\" src=\"https:\/\/assets.innpro.pl\/1755\/4950\/4.jpg\" border=\"0\" \/>\n<\/p>\n<h3>Dwa tryby pracy: Switch i Splitter<\/h3>\n<\/p>\n<p>Innowacyjno\u015b\u0107 tego urz\u0105dzenia tkwi r\u00f3wnie\u017c w jego zdolno\u015bci do dzia\u0142ania w odwrotny spos\u00f3b \u2013 jako splitter HDMI. Pozwala to na pod\u0142\u0105czenie jednego urz\u0105dzenia do dw\u00f3ch oddzielnych ekran\u00f3w i prze\u0142\u0105czanie si\u0119 mi\u0119dzy nimi. Jednak w trybie dzielenia, sygna\u0142 wideo HDMI mo\u017ce by\u0107 wy\u015bwietlany tylko na jednym monitorze jednocze\u015bnie.<\/p>\n<\/p>\n<p>\n<img decoding=\"async\" src=\"https:\/\/assets.innpro.pl\/1755\/4950\/5.jpg\" border=\"0\" \/>\n<\/p>\n<h3>Wyj\u0105tkowa jako\u015b\u0107 obrazu i d\u017awi\u0119ku<\/h3>\n<\/p>\n<p>UGREEN HDMI Switch obs\u0142uguje wyj\u015bcie wideo 4K@60Hz, 2K i 1080P, zapewniaj\u0105c wysok\u0105 rozdzielczo\u015b\u0107, efekt 3D oraz realistyczne efekty audio-wideo. Dzi\u0119ki wbudowanemu chipowi urz\u0105dzenie oferuje znakomit\u0105 jako\u015b\u0107 obrazu, a tak\u017ce bogate do\u015bwiadczenie d\u017awi\u0119kowe zgodne z DTS-HD, Dolby-true HD i innymi standardami.<\/p>\n<\/p>\n<p>\n<img decoding=\"async\" src=\"https:\/\/assets.innpro.pl\/1755\/4950\/3.jpg\" border=\"0\" \/>\n<\/p>\n<h3>Uniwersalna kompatybilno\u015b\u0107<\/h3>\n<\/p>\n<p>Ten dwukierunkowy splitter HDMI jest zgodny z HDCP 1.4, co czyni go idealnym do po\u0142\u0105czenia z r\u00f3\u017cnorodnymi urz\u0105dzeniami, takimi jak Skybox TV, DVD, PS4, Xbox, odtwarzacz Blu-Ray czy TV Stick. Bez problemu rozdziela sygna\u0142 HDMI na Twoje urz\u0105dzenia wy\u015bwietlaj\u0105ce jak HDTV, projektor, monitor czy wy\u015bwietlacz.<\/p>\n<\/p>\n<p>\n<img decoding=\"async\" src=\"https:\/\/assets.innpro.pl\/1755\/4950\/2.jpg\" border=\"0\" \/>\n<\/p>\n<h3>Prostota u\u017cycia<\/h3>\n<\/p>\n<p>UGREEN HDMI Switch charakteryzuje si\u0119 \u0142atwo\u015bci\u0105 pod\u0142\u0105czenia i obs\u0142ugi. Nie wymaga dodatkowego zasilania, a prze\u0142\u0105czanie mi\u0119dzy urz\u0105dzeniami jest mo\u017cliwe za pomoc\u0105 jednego przycisku. Jego przeno\u015bny i kompaktowy design sprawia, \u017ce jest to idealne rozwi\u0105zanie dla ka\u017cdego centrum rozrywki, nie zajmuj\u0105c przy tym wiele miejsca.<\/p>\n<\/p>\n<p>\n<img decoding=\"async\" src=\"https:\/\/assets.innpro.pl\/1755\/4950\/7.jpg\" border=\"0\" \/>\n<\/p>\n<div class=\"table-wrapper\">\n<p>\u00a0<\/p>\n<h3><\/h3>\n<table>\n<tbody>\n<tr>\n<th>Producent <\/th>\n<td>UGREEN<\/td>\n<\/tr>\n<tr>\n<th>Model<\/th>\n<td>CM217<\/td>\n<\/tr>\n<tr>\n<th>Kod produktu <\/th>\n<td>50966B<\/td>\n<\/tr>\n<tr>\n<th>Porty <\/th>\n<td>3x HDMI<\/td>\n<\/tr>\n<tr>\n<th>Obs\u0142ugiwana rozdzielczo\u015b\u0107 <\/th>\n<td>4K@60Hz, 2K, 1080P<\/td>\n<\/tr>\n<tr>\n<th>Pr\u0119dko\u015b\u0107 transmisji <\/th>\n<td>18 Gbps<\/td>\n<\/tr>\n<tr>\n<th>Kolor <\/th>\n<td>Czarny<\/td>\n<\/tr>\n<tr>\n<th>Wymiary <\/th>\n<td>51,5 x 51 x 14,5 mm<\/td>\n<\/tr>\n<tr>\n<th>Kompatybilno\u015b\u0107<\/th>\n<td>PS4, PS4 Pro, Blue-Ray Player, DVD Player, PC, Laptop, TV Box, tv Stick i wi\u0119cej<\/td>\n<\/tr>\n<tr>\n<th><\/th>\n<td><\/td>\n<\/tr>\n<\/tbody>\n<\/table>\n<\/div>\n","protected":false},"excerpt":{"rendered":"<p>Prze\u0142\u0105cznik Switch UGREEN CM217 2w1 HDMI 2.0 20cm (czarny) UGREEN HDMI Switch to wyj\u0105tkowo praktyczne urz\u0105dzenie, kt\u00f3re umo\u017cliwia pod\u0142\u0105czenie dw\u00f3ch<\/p>\n","protected":false},"featured_media":43350,"comment_status":"closed","ping_status":"open","template":"","meta":{"_acf_changed":false},"product_brand":[],"product_cat":[5930,5929],"product_tag":[],"class_list":{"0":"post-57331","1":"product","2":"type-product","3":"status-publish","4":"has-post-thumbnail","6":"product_cat-adaptery-przejsciowki-konwertery","7":"product_cat-akcesoria-it","8":"pa_okres-gwarancji-5757","9":"pa_producent-ugreen","11":"first","12":"outofstock","13":"taxable","14":"shipping-taxable","15":"purchasable","16":"product-type-simple"},"acf":[],"yoast_head":"<!-- This site is optimized with the Yoast SEO plugin v27.2 - https:\/\/yoast.com\/product\/yoast-seo-wordpress\/ -->\n<title>Prze\u0142\u0105cznik HDMI UGREEN CM217 2-portowy 20cm (czarny) - IRONSKY.PL Sklep z Dronami<\/title>\n<meta name=\"description\" content=\"Prze\u0142\u0105cznik HDMI UGREEN CM217 2-portowy 20cm (czarny) - \u2705 sklep z dronami i fachowym doradztwem. \u2705 Tutaj kupisz produkty DJI, Yuneec, Parrot, Syma i wiele innych, a tak\u017ce kursy i licencje na operatora drona.\" \/>\n<meta name=\"robots\" content=\"index, follow, max-snippet:-1, max-image-preview:large, max-video-preview:-1\" \/>\n<link rel=\"canonical\" href=\"https:\/\/ironsky.pl\/sklep\/produkt\/przelacznik-hdmi-ugreen-cm217-2-portowy-20cm-czarny\/\" \/>\n<meta property=\"og:locale\" content=\"pl_PL\" \/>\n<meta property=\"og:type\" content=\"article\" \/>\n<meta property=\"og:title\" content=\"Prze\u0142\u0105cznik HDMI UGREEN CM217 2-portowy 20cm (czarny) - IRONSKY.PL Sklep z Dronami\" \/>\n<meta property=\"og:description\" content=\"Prze\u0142\u0105cznik HDMI UGREEN CM217 2-portowy 20cm (czarny) - \u2705 sklep z dronami i fachowym doradztwem. \u2705 Tutaj kupisz produkty DJI, Yuneec, Parrot, Syma i wiele innych, a tak\u017ce kursy i licencje na operatora drona.\" \/>\n<meta property=\"og:url\" content=\"https:\/\/ironsky.pl\/sklep\/produkt\/przelacznik-hdmi-ugreen-cm217-2-portowy-20cm-czarny\/\" \/>\n<meta property=\"og:site_name\" content=\"IRONSKY.PL Sklep z Dronami\" \/>\n<meta property=\"article:modified_time\" content=\"2026-04-15T08:24:54+00:00\" \/>\n<meta property=\"og:image\" content=\"https:\/\/ironsky.pl\/sklep\/wp-content\/uploads\/2025\/06\/34370_1.jpg\" \/>\n\t<meta property=\"og:image:width\" content=\"800\" \/>\n\t<meta property=\"og:image:height\" content=\"799\" \/>\n\t<meta property=\"og:image:type\" content=\"image\/jpeg\" \/>\n<meta name=\"twitter:card\" content=\"summary_large_image\" \/>\n<meta name=\"twitter:label1\" content=\"Szacowany czas czytania\" \/>\n\t<meta name=\"twitter:data1\" content=\"2 minuty\" \/>\n<script type=\"application\/ld+json\" class=\"yoast-schema-graph\">{\"@context\":\"https:\/\/schema.org\",\"@graph\":[{\"@type\":\"WebPage\",\"@id\":\"https:\/\/ironsky.pl\/sklep\/produkt\/przelacznik-hdmi-ugreen-cm217-2-portowy-20cm-czarny\/\",\"url\":\"https:\/\/ironsky.pl\/sklep\/produkt\/przelacznik-hdmi-ugreen-cm217-2-portowy-20cm-czarny\/\",\"name\":\"Prze\u0142\u0105cznik HDMI UGREEN CM217 2-portowy 20cm (czarny) - IRONSKY.PL Sklep z Dronami\",\"isPartOf\":{\"@id\":\"https:\/\/ironsky.pl\/sklep\/#website\"},\"primaryImageOfPage\":{\"@id\":\"https:\/\/ironsky.pl\/sklep\/produkt\/przelacznik-hdmi-ugreen-cm217-2-portowy-20cm-czarny\/#primaryimage\"},\"image\":{\"@id\":\"https:\/\/ironsky.pl\/sklep\/produkt\/przelacznik-hdmi-ugreen-cm217-2-portowy-20cm-czarny\/#primaryimage\"},\"thumbnailUrl\":\"https:\/\/ironsky.pl\/sklep\/wp-content\/uploads\/2025\/06\/34370_1.jpg\",\"datePublished\":\"2026-04-15T08:24:43+00:00\",\"dateModified\":\"2026-04-15T08:24:54+00:00\",\"description\":\"Prze\u0142\u0105cznik HDMI UGREEN CM217 2-portowy 20cm (czarny) - \u2705 sklep z dronami i fachowym doradztwem. \u2705 Tutaj kupisz produkty DJI, Yuneec, Parrot, Syma i wiele innych, a tak\u017ce kursy i licencje na operatora drona.\",\"breadcrumb\":{\"@id\":\"https:\/\/ironsky.pl\/sklep\/produkt\/przelacznik-hdmi-ugreen-cm217-2-portowy-20cm-czarny\/#breadcrumb\"},\"inLanguage\":\"pl-PL\",\"potentialAction\":[{\"@type\":\"ReadAction\",\"target\":[\"https:\/\/ironsky.pl\/sklep\/produkt\/przelacznik-hdmi-ugreen-cm217-2-portowy-20cm-czarny\/\"]}]},{\"@type\":\"ImageObject\",\"inLanguage\":\"pl-PL\",\"@id\":\"https:\/\/ironsky.pl\/sklep\/produkt\/przelacznik-hdmi-ugreen-cm217-2-portowy-20cm-czarny\/#primaryimage\",\"url\":\"https:\/\/ironsky.pl\/sklep\/wp-content\/uploads\/2025\/06\/34370_1.jpg\",\"contentUrl\":\"https:\/\/ironsky.pl\/sklep\/wp-content\/uploads\/2025\/06\/34370_1.jpg\",\"width\":800,\"height\":799},{\"@type\":\"BreadcrumbList\",\"@id\":\"https:\/\/ironsky.pl\/sklep\/produkt\/przelacznik-hdmi-ugreen-cm217-2-portowy-20cm-czarny\/#breadcrumb\",\"itemListElement\":[{\"@type\":\"ListItem\",\"position\":1,\"name\":\"Strona g\u0142\u00f3wna\",\"item\":\"https:\/\/ironsky.pl\/sklep\/\"},{\"@type\":\"ListItem\",\"position\":2,\"name\":\"Wszystkie produkty\",\"item\":\"https:\/\/ironsky.pl\/sklep\/produkty\/\"},{\"@type\":\"ListItem\",\"position\":3,\"name\":\"Prze\u0142\u0105cznik HDMI UGREEN CM217 2-portowy 20cm (czarny)\"}]},{\"@type\":\"WebSite\",\"@id\":\"https:\/\/ironsky.pl\/sklep\/#website\",\"url\":\"https:\/\/ironsky.pl\/sklep\/\",\"name\":\"IRONSKY.PL Sklep z Dronami\",\"description\":\"IRONSKY.PL Sklep z Dronami\",\"potentialAction\":[{\"@type\":\"SearchAction\",\"target\":{\"@type\":\"EntryPoint\",\"urlTemplate\":\"https:\/\/ironsky.pl\/sklep\/?s={search_term_string}\"},\"query-input\":{\"@type\":\"PropertyValueSpecification\",\"valueRequired\":true,\"valueName\":\"search_term_string\"}}],\"inLanguage\":\"pl-PL\"}]}<\/script>\n<!-- \/ Yoast SEO plugin. -->","yoast_head_json":{"title":"Prze\u0142\u0105cznik HDMI UGREEN CM217 2-portowy 20cm (czarny) - IRONSKY.PL Sklep z Dronami","description":"Prze\u0142\u0105cznik HDMI UGREEN CM217 2-portowy 20cm (czarny) - \u2705 sklep z dronami i fachowym doradztwem. \u2705 Tutaj kupisz produkty DJI, Yuneec, Parrot, Syma i wiele innych, a tak\u017ce kursy i licencje na operatora drona.","robots":{"index":"index","follow":"follow","max-snippet":"max-snippet:-1","max-image-preview":"max-image-preview:large","max-video-preview":"max-video-preview:-1"},"canonical":"https:\/\/ironsky.pl\/sklep\/produkt\/przelacznik-hdmi-ugreen-cm217-2-portowy-20cm-czarny\/","og_locale":"pl_PL","og_type":"article","og_title":"Prze\u0142\u0105cznik HDMI UGREEN CM217 2-portowy 20cm (czarny) - IRONSKY.PL Sklep z Dronami","og_description":"Prze\u0142\u0105cznik HDMI UGREEN CM217 2-portowy 20cm (czarny) - \u2705 sklep z dronami i fachowym doradztwem. \u2705 Tutaj kupisz produkty DJI, Yuneec, Parrot, Syma i wiele innych, a tak\u017ce kursy i licencje na operatora drona.","og_url":"https:\/\/ironsky.pl\/sklep\/produkt\/przelacznik-hdmi-ugreen-cm217-2-portowy-20cm-czarny\/","og_site_name":"IRONSKY.PL Sklep z Dronami","article_modified_time":"2026-04-15T08:24:54+00:00","og_image":[{"width":800,"height":799,"url":"https:\/\/ironsky.pl\/sklep\/wp-content\/uploads\/2025\/06\/34370_1.jpg","type":"image\/jpeg"}],"twitter_card":"summary_large_image","twitter_misc":{"Szacowany czas czytania":"2 minuty"},"schema":{"@context":"https:\/\/schema.org","@graph":[{"@type":"WebPage","@id":"https:\/\/ironsky.pl\/sklep\/produkt\/przelacznik-hdmi-ugreen-cm217-2-portowy-20cm-czarny\/","url":"https:\/\/ironsky.pl\/sklep\/produkt\/przelacznik-hdmi-ugreen-cm217-2-portowy-20cm-czarny\/","name":"Prze\u0142\u0105cznik HDMI UGREEN CM217 2-portowy 20cm (czarny) - IRONSKY.PL Sklep z Dronami","isPartOf":{"@id":"https:\/\/ironsky.pl\/sklep\/#website"},"primaryImageOfPage":{"@id":"https:\/\/ironsky.pl\/sklep\/produkt\/przelacznik-hdmi-ugreen-cm217-2-portowy-20cm-czarny\/#primaryimage"},"image":{"@id":"https:\/\/ironsky.pl\/sklep\/produkt\/przelacznik-hdmi-ugreen-cm217-2-portowy-20cm-czarny\/#primaryimage"},"thumbnailUrl":"https:\/\/ironsky.pl\/sklep\/wp-content\/uploads\/2025\/06\/34370_1.jpg","datePublished":"2026-04-15T08:24:43+00:00","dateModified":"2026-04-15T08:24:54+00:00","description":"Prze\u0142\u0105cznik HDMI UGREEN CM217 2-portowy 20cm (czarny) - \u2705 sklep z dronami i fachowym doradztwem. \u2705 Tutaj kupisz produkty DJI, Yuneec, Parrot, Syma i wiele innych, a tak\u017ce kursy i licencje na operatora drona.","breadcrumb":{"@id":"https:\/\/ironsky.pl\/sklep\/produkt\/przelacznik-hdmi-ugreen-cm217-2-portowy-20cm-czarny\/#breadcrumb"},"inLanguage":"pl-PL","potentialAction":[{"@type":"ReadAction","target":["https:\/\/ironsky.pl\/sklep\/produkt\/przelacznik-hdmi-ugreen-cm217-2-portowy-20cm-czarny\/"]}]},{"@type":"ImageObject","inLanguage":"pl-PL","@id":"https:\/\/ironsky.pl\/sklep\/produkt\/przelacznik-hdmi-ugreen-cm217-2-portowy-20cm-czarny\/#primaryimage","url":"https:\/\/ironsky.pl\/sklep\/wp-content\/uploads\/2025\/06\/34370_1.jpg","contentUrl":"https:\/\/ironsky.pl\/sklep\/wp-content\/uploads\/2025\/06\/34370_1.jpg","width":800,"height":799},{"@type":"BreadcrumbList","@id":"https:\/\/ironsky.pl\/sklep\/produkt\/przelacznik-hdmi-ugreen-cm217-2-portowy-20cm-czarny\/#breadcrumb","itemListElement":[{"@type":"ListItem","position":1,"name":"Strona g\u0142\u00f3wna","item":"https:\/\/ironsky.pl\/sklep\/"},{"@type":"ListItem","position":2,"name":"Wszystkie produkty","item":"https:\/\/ironsky.pl\/sklep\/produkty\/"},{"@type":"ListItem","position":3,"name":"Prze\u0142\u0105cznik HDMI UGREEN CM217 2-portowy 20cm (czarny)"}]},{"@type":"WebSite","@id":"https:\/\/ironsky.pl\/sklep\/#website","url":"https:\/\/ironsky.pl\/sklep\/","name":"IRONSKY.PL Sklep z Dronami","description":"IRONSKY.PL Sklep z Dronami","potentialAction":[{"@type":"SearchAction","target":{"@type":"EntryPoint","urlTemplate":"https:\/\/ironsky.pl\/sklep\/?s={search_term_string}"},"query-input":{"@type":"PropertyValueSpecification","valueRequired":true,"valueName":"search_term_string"}}],"inLanguage":"pl-PL"}]}},"_links":{"self":[{"href":"https:\/\/ironsky.pl\/sklep\/wp-json\/wp\/v2\/product\/57331","targetHints":{"allow":["GET"]}}],"collection":[{"href":"https:\/\/ironsky.pl\/sklep\/wp-json\/wp\/v2\/product"}],"about":[{"href":"https:\/\/ironsky.pl\/sklep\/wp-json\/wp\/v2\/types\/product"}],"replies":[{"embeddable":true,"href":"https:\/\/ironsky.pl\/sklep\/wp-json\/wp\/v2\/comments?post=57331"}],"wp:featuredmedia":[{"embeddable":true,"href":"https:\/\/ironsky.pl\/sklep\/wp-json\/wp\/v2\/media\/43350"}],"wp:attachment":[{"href":"https:\/\/ironsky.pl\/sklep\/wp-json\/wp\/v2\/media?parent=57331"}],"wp:term":[{"taxonomy":"product_brand","embeddable":true,"href":"https:\/\/ironsky.pl\/sklep\/wp-json\/wp\/v2\/product_brand?post=57331"},{"taxonomy":"product_cat","embeddable":true,"href":"https:\/\/ironsky.pl\/sklep\/wp-json\/wp\/v2\/product_cat?post=57331"},{"taxonomy":"product_tag","embeddable":true,"href":"https:\/\/ironsky.pl\/sklep\/wp-json\/wp\/v2\/product_tag?post=57331"}],"curies":[{"name":"wp","href":"https:\/\/api.w.org\/{rel}","templated":true}]}}