{"id":57329,"date":"2026-04-15T10:24:43","date_gmt":"2026-04-15T08:24:43","guid":{"rendered":"https:\/\/ironsky.pl\/sklep\/produkt\/adapter-ugreen-usb-a-usb-c-usb-3-0-otg-czarny\/"},"modified":"2026-04-15T10:24:52","modified_gmt":"2026-04-15T08:24:52","slug":"adapter-ugreen-usb-a-usb-c-usb-3-0-otg-czarny","status":"publish","type":"product","link":"https:\/\/ironsky.pl\/sklep\/produkt\/adapter-ugreen-usb-a-usb-c-usb-3-0-otg-czarny\/","title":{"rendered":"Adapter UGREEN USB-A-USB-C USB 3.0 OTG (czarny)"},"content":{"rendered":"<h3>Adapter USB-C 3.0 OTG<\/h3>\n<p>Adapter marki Ugreen to praktyczne, mobilne akcesorium o wysokiej jako\u015bci. Zapewnij sobie nieograniczon\u0105 swobod\u0119 w pracy, na uczelni, czy w domowym biurze i zyskaj niesko\u0144czone mo\u017cliwo\u015bci. Szeroka kompatybilno\u015b\u0107 pozwala na bezproblemowe pod\u0142\u0105czenie do powszechnie u\u017cywanych sprz\u0119t\u00f3w OTG. Produkt charakteryzuje si\u0119 bajecznie prost\u0105 obs\u0142ug\u0105, wystarczy jedynie pod\u0142\u0105czy\u0107 go do \u017ar\u00f3d\u0142a audio.<\/p>\n<p><img decoding=\"async\" src=\"https:\/\/b2b.innpro.pl\/data\/include\/cms\/012UGREEN\/US378\/6.jpg?v=1635511306916\"><\/p>\n<h3>Niezwykle szybka transmisja<\/h3>\n<p>US378 to gwarancja b\u0142yskawicznego przesy\u0142u danych, poprzez osi\u0105gni\u0119cie maksymalnej pr\u0119dko\u015bci nawet do 5Gb\/s. Praktyczne urz\u0105dzenie umo\u017cliwia natychmiastow\u0105 transmisj\u0119 r\u00f3\u017cnego rodzaju plik\u00f3w, bez \u017cadnego przeci\u0105\u017cenia. Zastosowana wersja USB 3.0 jest a\u017c 10 razy szybsza w por\u00f3wnaniu do standardu 2.0. Co wi\u0119cej, adapter automatycznie synchronizuje dane z wielu sprz\u0119t\u00f3w.<\/p>\n<p><img decoding=\"async\" src=\"https:\/\/b2b.innpro.pl\/data\/include\/cms\/012UGREEN\/US378\/3.jpg?v=1635511306916\"><\/p>\n<h3>Uniwersalna kompatybilno\u015b\u0107<\/h3>\n<p>Z US378 zyskasz mo\u017cliwo\u015b\u0107 wykonywania pracy w ka\u017cdej sytuacji. Funkcja USB OTG jest odpowiedzialna za szeroki zakres po\u0142\u0105cze\u0144 z wi\u0119kszo\u015bci\u0105 powszechnie u\u017cywanych komputer\u00f3w, tablet\u00f3w, czy smartfon\u00f3w. Natomiast z\u0142\u0105cze USB-A u\u0142atwia dost\u0119p do zdj\u0119\u0107 z aparatu, d\u017awi\u0119ku ze s\u0142uchawek, a tak\u017ce oferuje pod\u0142\u0105czenie do drukarki, klawiatury, myszki oraz konsoli do gier. Mo\u017cliwe jest r\u00f3wnie\u017c podpi\u0119cie do wszelkich dysk\u00f3w i no\u015bnik\u00f3w pami\u0119ci.<\/p>\n<p><img decoding=\"async\" src=\"https:\/\/b2b.innpro.pl\/data\/include\/cms\/012UGREEN\/US378\/5.jpg?v=1635511306916\"><\/p>\n<h3>Szczeg\u00f3\u0142owe wyko\u0144czenie<\/h3>\n<p>Zaskocz si\u0119 wysok\u0105 trwa\u0142o\u015bci\u0105 oferowan\u0105 przez adapter Ugreen. Wykorzystanie nylonowego oplotu znacznie wp\u0142ywa na wyd\u0142u\u017cenie \u017cywotno\u015bci przewodu oraz sprawia, \u017ce jest wyj\u0105tkowo elastyczny. Pow\u0142oka interfejsu z aluminiowego stopu odpowiada za bardziej stabilny przesy\u0142 sygna\u0142u. Ca\u0142o\u015b\u0107 wyr\u00f3\u017cnia si\u0119 kompaktowym rozmiarem, co przek\u0142ada si\u0119 na \u0142atwo\u015b\u0107 w transporcie. Umie\u015b\u0107 go w plecaku lub w torbie podr\u00f3\u017cnej, nie martwi\u0105c si\u0119 o brak miejsca na reszt\u0119 wa\u017cnych akcesori\u00f3w.<\/p>\n<p><img decoding=\"async\" src=\"https:\/\/b2b.innpro.pl\/data\/include\/cms\/012UGREEN\/US378\/7.jpg?v=1635511306916\"><\/p>\n<div class=\"table-wrapper\">\n<table>\n<tbody>\n<tr>\n<th>Producent<\/th>\n<td>Ugreen<\/td>\n<\/tr>\n<tr>\n<th>Model<\/th>\n<td>US378<\/td>\n<\/tr>\n<tr>\n<th>Funkcja OTG<\/th>\n<td>Obs\u0142ugiwana<\/td>\n<\/tr>\n<tr>\n<th>Transfer danych<\/th>\n<td>Obs\u0142ugiwane<\/td>\n<\/tr>\n<tr>\n<th>Materia\u0142<\/th>\n<td>Aluminium + nylon<\/td>\n<\/tr>\n<tr>\n<th>Wersja USB<\/th>\n<td>3.0<\/td>\n<\/tr>\n<tr>\n<th>Pr\u0119dko\u015b\u0107 transmisji<\/th>\n<td>5 Gb\/s<\/td>\n<\/tr>\n<tr>\n<th>Z\u0142\u0105cza<\/th>\n<td>USB-C, USB-A<\/td>\n<\/tr>\n<tr>\n<th>\u00a0<\/th>\n<td>\u00a0<\/td>\n<\/tr>\n<\/tbody>\n<\/table>\n<\/div>\n","protected":false},"excerpt":{"rendered":"<p>Adapter USB-C 3.0 OTG Adapter marki Ugreen to praktyczne, mobilne akcesorium o wysokiej jako\u015bci. Zapewnij sobie nieograniczon\u0105 swobod\u0119 w pracy,<\/p>\n","protected":false},"featured_media":43344,"comment_status":"closed","ping_status":"open","template":"","meta":{"_acf_changed":false},"product_brand":[],"product_cat":[5930,5929],"product_tag":[],"class_list":{"0":"post-57329","1":"product","2":"type-product","3":"status-publish","4":"has-post-thumbnail","6":"product_cat-adaptery-przejsciowki-konwertery","7":"product_cat-akcesoria-it","8":"pa_okres-gwarancji-5757","9":"pa_producent-ugreen","11":"first","12":"outofstock","13":"taxable","14":"shipping-taxable","15":"purchasable","16":"product-type-simple"},"acf":[],"yoast_head":"<!-- This site is optimized with the Yoast SEO plugin v27.2 - https:\/\/yoast.com\/product\/yoast-seo-wordpress\/ -->\n<title>Adapter UGREEN USB-A-USB-C USB 3.0 OTG (czarny) - IRONSKY.PL Sklep z Dronami<\/title>\n<meta name=\"description\" content=\"Adapter UGREEN USB-A-USB-C USB 3.0 OTG (czarny) - \u2705 sklep z dronami i fachowym doradztwem. \u2705 Tutaj kupisz produkty DJI, Yuneec, Parrot, Syma i wiele innych, a tak\u017ce kursy i licencje na operatora drona.\" \/>\n<meta name=\"robots\" content=\"index, follow, max-snippet:-1, max-image-preview:large, max-video-preview:-1\" \/>\n<link rel=\"canonical\" href=\"https:\/\/ironsky.pl\/sklep\/produkt\/adapter-ugreen-usb-a-usb-c-usb-3-0-otg-czarny\/\" \/>\n<meta property=\"og:locale\" content=\"pl_PL\" \/>\n<meta property=\"og:type\" content=\"article\" \/>\n<meta property=\"og:title\" content=\"Adapter UGREEN USB-A-USB-C USB 3.0 OTG (czarny) - IRONSKY.PL Sklep z Dronami\" \/>\n<meta property=\"og:description\" content=\"Adapter UGREEN USB-A-USB-C USB 3.0 OTG (czarny) - \u2705 sklep z dronami i fachowym doradztwem. \u2705 Tutaj kupisz produkty DJI, Yuneec, Parrot, Syma i wiele innych, a tak\u017ce kursy i licencje na operatora drona.\" \/>\n<meta property=\"og:url\" content=\"https:\/\/ironsky.pl\/sklep\/produkt\/adapter-ugreen-usb-a-usb-c-usb-3-0-otg-czarny\/\" \/>\n<meta property=\"og:site_name\" content=\"IRONSKY.PL Sklep z Dronami\" \/>\n<meta property=\"article:modified_time\" content=\"2026-04-15T08:24:52+00:00\" \/>\n<meta property=\"og:image\" content=\"https:\/\/ironsky.pl\/sklep\/wp-content\/uploads\/2025\/06\/34358_1.jpg\" \/>\n\t<meta property=\"og:image:width\" content=\"800\" \/>\n\t<meta property=\"og:image:height\" content=\"800\" \/>\n\t<meta property=\"og:image:type\" content=\"image\/jpeg\" \/>\n<meta name=\"twitter:card\" content=\"summary_large_image\" \/>\n<meta name=\"twitter:label1\" content=\"Szacowany czas czytania\" \/>\n\t<meta name=\"twitter:data1\" content=\"2 minuty\" \/>\n<script type=\"application\/ld+json\" class=\"yoast-schema-graph\">{\"@context\":\"https:\/\/schema.org\",\"@graph\":[{\"@type\":\"WebPage\",\"@id\":\"https:\/\/ironsky.pl\/sklep\/produkt\/adapter-ugreen-usb-a-usb-c-usb-3-0-otg-czarny\/\",\"url\":\"https:\/\/ironsky.pl\/sklep\/produkt\/adapter-ugreen-usb-a-usb-c-usb-3-0-otg-czarny\/\",\"name\":\"Adapter UGREEN USB-A-USB-C USB 3.0 OTG (czarny) - IRONSKY.PL Sklep z Dronami\",\"isPartOf\":{\"@id\":\"https:\/\/ironsky.pl\/sklep\/#website\"},\"primaryImageOfPage\":{\"@id\":\"https:\/\/ironsky.pl\/sklep\/produkt\/adapter-ugreen-usb-a-usb-c-usb-3-0-otg-czarny\/#primaryimage\"},\"image\":{\"@id\":\"https:\/\/ironsky.pl\/sklep\/produkt\/adapter-ugreen-usb-a-usb-c-usb-3-0-otg-czarny\/#primaryimage\"},\"thumbnailUrl\":\"https:\/\/ironsky.pl\/sklep\/wp-content\/uploads\/2025\/06\/34358_1.jpg\",\"datePublished\":\"2026-04-15T08:24:43+00:00\",\"dateModified\":\"2026-04-15T08:24:52+00:00\",\"description\":\"Adapter UGREEN USB-A-USB-C USB 3.0 OTG (czarny) - \u2705 sklep z dronami i fachowym doradztwem. \u2705 Tutaj kupisz produkty DJI, Yuneec, Parrot, Syma i wiele innych, a tak\u017ce kursy i licencje na operatora drona.\",\"breadcrumb\":{\"@id\":\"https:\/\/ironsky.pl\/sklep\/produkt\/adapter-ugreen-usb-a-usb-c-usb-3-0-otg-czarny\/#breadcrumb\"},\"inLanguage\":\"pl-PL\",\"potentialAction\":[{\"@type\":\"ReadAction\",\"target\":[\"https:\/\/ironsky.pl\/sklep\/produkt\/adapter-ugreen-usb-a-usb-c-usb-3-0-otg-czarny\/\"]}]},{\"@type\":\"ImageObject\",\"inLanguage\":\"pl-PL\",\"@id\":\"https:\/\/ironsky.pl\/sklep\/produkt\/adapter-ugreen-usb-a-usb-c-usb-3-0-otg-czarny\/#primaryimage\",\"url\":\"https:\/\/ironsky.pl\/sklep\/wp-content\/uploads\/2025\/06\/34358_1.jpg\",\"contentUrl\":\"https:\/\/ironsky.pl\/sklep\/wp-content\/uploads\/2025\/06\/34358_1.jpg\",\"width\":800,\"height\":800},{\"@type\":\"BreadcrumbList\",\"@id\":\"https:\/\/ironsky.pl\/sklep\/produkt\/adapter-ugreen-usb-a-usb-c-usb-3-0-otg-czarny\/#breadcrumb\",\"itemListElement\":[{\"@type\":\"ListItem\",\"position\":1,\"name\":\"Strona g\u0142\u00f3wna\",\"item\":\"https:\/\/ironsky.pl\/sklep\/\"},{\"@type\":\"ListItem\",\"position\":2,\"name\":\"Wszystkie produkty\",\"item\":\"https:\/\/ironsky.pl\/sklep\/produkty\/\"},{\"@type\":\"ListItem\",\"position\":3,\"name\":\"Adapter UGREEN USB-A-USB-C USB 3.0 OTG (czarny)\"}]},{\"@type\":\"WebSite\",\"@id\":\"https:\/\/ironsky.pl\/sklep\/#website\",\"url\":\"https:\/\/ironsky.pl\/sklep\/\",\"name\":\"IRONSKY.PL Sklep z Dronami\",\"description\":\"IRONSKY.PL Sklep z Dronami\",\"potentialAction\":[{\"@type\":\"SearchAction\",\"target\":{\"@type\":\"EntryPoint\",\"urlTemplate\":\"https:\/\/ironsky.pl\/sklep\/?s={search_term_string}\"},\"query-input\":{\"@type\":\"PropertyValueSpecification\",\"valueRequired\":true,\"valueName\":\"search_term_string\"}}],\"inLanguage\":\"pl-PL\"}]}<\/script>\n<!-- \/ Yoast SEO plugin. -->","yoast_head_json":{"title":"Adapter UGREEN USB-A-USB-C USB 3.0 OTG (czarny) - IRONSKY.PL Sklep z Dronami","description":"Adapter UGREEN USB-A-USB-C USB 3.0 OTG (czarny) - \u2705 sklep z dronami i fachowym doradztwem. \u2705 Tutaj kupisz produkty DJI, Yuneec, Parrot, Syma i wiele innych, a tak\u017ce kursy i licencje na operatora drona.","robots":{"index":"index","follow":"follow","max-snippet":"max-snippet:-1","max-image-preview":"max-image-preview:large","max-video-preview":"max-video-preview:-1"},"canonical":"https:\/\/ironsky.pl\/sklep\/produkt\/adapter-ugreen-usb-a-usb-c-usb-3-0-otg-czarny\/","og_locale":"pl_PL","og_type":"article","og_title":"Adapter UGREEN USB-A-USB-C USB 3.0 OTG (czarny) - IRONSKY.PL Sklep z Dronami","og_description":"Adapter UGREEN USB-A-USB-C USB 3.0 OTG (czarny) - \u2705 sklep z dronami i fachowym doradztwem. \u2705 Tutaj kupisz produkty DJI, Yuneec, Parrot, Syma i wiele innych, a tak\u017ce kursy i licencje na operatora drona.","og_url":"https:\/\/ironsky.pl\/sklep\/produkt\/adapter-ugreen-usb-a-usb-c-usb-3-0-otg-czarny\/","og_site_name":"IRONSKY.PL Sklep z Dronami","article_modified_time":"2026-04-15T08:24:52+00:00","og_image":[{"width":800,"height":800,"url":"https:\/\/ironsky.pl\/sklep\/wp-content\/uploads\/2025\/06\/34358_1.jpg","type":"image\/jpeg"}],"twitter_card":"summary_large_image","twitter_misc":{"Szacowany czas czytania":"2 minuty"},"schema":{"@context":"https:\/\/schema.org","@graph":[{"@type":"WebPage","@id":"https:\/\/ironsky.pl\/sklep\/produkt\/adapter-ugreen-usb-a-usb-c-usb-3-0-otg-czarny\/","url":"https:\/\/ironsky.pl\/sklep\/produkt\/adapter-ugreen-usb-a-usb-c-usb-3-0-otg-czarny\/","name":"Adapter UGREEN USB-A-USB-C USB 3.0 OTG (czarny) - IRONSKY.PL Sklep z Dronami","isPartOf":{"@id":"https:\/\/ironsky.pl\/sklep\/#website"},"primaryImageOfPage":{"@id":"https:\/\/ironsky.pl\/sklep\/produkt\/adapter-ugreen-usb-a-usb-c-usb-3-0-otg-czarny\/#primaryimage"},"image":{"@id":"https:\/\/ironsky.pl\/sklep\/produkt\/adapter-ugreen-usb-a-usb-c-usb-3-0-otg-czarny\/#primaryimage"},"thumbnailUrl":"https:\/\/ironsky.pl\/sklep\/wp-content\/uploads\/2025\/06\/34358_1.jpg","datePublished":"2026-04-15T08:24:43+00:00","dateModified":"2026-04-15T08:24:52+00:00","description":"Adapter UGREEN USB-A-USB-C USB 3.0 OTG (czarny) - \u2705 sklep z dronami i fachowym doradztwem. \u2705 Tutaj kupisz produkty DJI, Yuneec, Parrot, Syma i wiele innych, a tak\u017ce kursy i licencje na operatora drona.","breadcrumb":{"@id":"https:\/\/ironsky.pl\/sklep\/produkt\/adapter-ugreen-usb-a-usb-c-usb-3-0-otg-czarny\/#breadcrumb"},"inLanguage":"pl-PL","potentialAction":[{"@type":"ReadAction","target":["https:\/\/ironsky.pl\/sklep\/produkt\/adapter-ugreen-usb-a-usb-c-usb-3-0-otg-czarny\/"]}]},{"@type":"ImageObject","inLanguage":"pl-PL","@id":"https:\/\/ironsky.pl\/sklep\/produkt\/adapter-ugreen-usb-a-usb-c-usb-3-0-otg-czarny\/#primaryimage","url":"https:\/\/ironsky.pl\/sklep\/wp-content\/uploads\/2025\/06\/34358_1.jpg","contentUrl":"https:\/\/ironsky.pl\/sklep\/wp-content\/uploads\/2025\/06\/34358_1.jpg","width":800,"height":800},{"@type":"BreadcrumbList","@id":"https:\/\/ironsky.pl\/sklep\/produkt\/adapter-ugreen-usb-a-usb-c-usb-3-0-otg-czarny\/#breadcrumb","itemListElement":[{"@type":"ListItem","position":1,"name":"Strona g\u0142\u00f3wna","item":"https:\/\/ironsky.pl\/sklep\/"},{"@type":"ListItem","position":2,"name":"Wszystkie produkty","item":"https:\/\/ironsky.pl\/sklep\/produkty\/"},{"@type":"ListItem","position":3,"name":"Adapter UGREEN USB-A-USB-C USB 3.0 OTG (czarny)"}]},{"@type":"WebSite","@id":"https:\/\/ironsky.pl\/sklep\/#website","url":"https:\/\/ironsky.pl\/sklep\/","name":"IRONSKY.PL Sklep z Dronami","description":"IRONSKY.PL Sklep z Dronami","potentialAction":[{"@type":"SearchAction","target":{"@type":"EntryPoint","urlTemplate":"https:\/\/ironsky.pl\/sklep\/?s={search_term_string}"},"query-input":{"@type":"PropertyValueSpecification","valueRequired":true,"valueName":"search_term_string"}}],"inLanguage":"pl-PL"}]}},"_links":{"self":[{"href":"https:\/\/ironsky.pl\/sklep\/wp-json\/wp\/v2\/product\/57329","targetHints":{"allow":["GET"]}}],"collection":[{"href":"https:\/\/ironsky.pl\/sklep\/wp-json\/wp\/v2\/product"}],"about":[{"href":"https:\/\/ironsky.pl\/sklep\/wp-json\/wp\/v2\/types\/product"}],"replies":[{"embeddable":true,"href":"https:\/\/ironsky.pl\/sklep\/wp-json\/wp\/v2\/comments?post=57329"}],"wp:featuredmedia":[{"embeddable":true,"href":"https:\/\/ironsky.pl\/sklep\/wp-json\/wp\/v2\/media\/43344"}],"wp:attachment":[{"href":"https:\/\/ironsky.pl\/sklep\/wp-json\/wp\/v2\/media?parent=57329"}],"wp:term":[{"taxonomy":"product_brand","embeddable":true,"href":"https:\/\/ironsky.pl\/sklep\/wp-json\/wp\/v2\/product_brand?post=57329"},{"taxonomy":"product_cat","embeddable":true,"href":"https:\/\/ironsky.pl\/sklep\/wp-json\/wp\/v2\/product_cat?post=57329"},{"taxonomy":"product_tag","embeddable":true,"href":"https:\/\/ironsky.pl\/sklep\/wp-json\/wp\/v2\/product_tag?post=57329"}],"curies":[{"name":"wp","href":"https:\/\/api.w.org\/{rel}","templated":true}]}}