{"id":57324,"date":"2026-04-15T10:24:43","date_gmt":"2026-04-15T08:24:43","guid":{"rendered":"https:\/\/ironsky.pl\/sklep\/produkt\/kabel-ugreen-nw150-cat-7-5m-czarny\/"},"modified":"2026-04-15T10:24:47","modified_gmt":"2026-04-15T08:24:47","slug":"kabel-ugreen-nw150-cat-7-5m-czarny","status":"publish","type":"product","link":"https:\/\/ironsky.pl\/sklep\/produkt\/kabel-ugreen-nw150-cat-7-5m-czarny\/","title":{"rendered":"Kabel UGREEN NW150 Cat.7 5m (czarny)"},"content":{"rendered":"<h3>Kabel sieciowy RJ45 Cat 7 UGREEN NW150<\/h3>\n<p>Szukasz sposobu na jeszcze szybszy i wygodniejszy dost\u0119p do Internetu? Wypr\u00f3buj kabel sieciowy UGREEN NW150, kt\u00f3ry zapewnia pr\u0119dko\u015b\u0107 transmisji si\u0119gaj\u0105c\u0105 10 Gbps i jest kompatybilny z wi\u0119kszo\u015bci\u0105 urz\u0105dze\u0144 wyposa\u017conych w porty RJ45. Miedziany przew\u00f3d i poz\u0142acane z\u0142\u0105cza odpowiadaj\u0105 za niezawodne, szybkie i stabilne po\u0142\u0105czenie, a nylonowy oplot gwarantuje wyj\u0105tkow\u0105 wytrzyma\u0142o\u015b\u0107 produktu.<\/p>\n<p><img decoding=\"async\" src=\"https:\/\/b2b.innpro.pl\/data\/include\/cms\/UGREEN\/14.07.21\/NW150\/1.jpg?v=1628771460342\"><\/p>\n<h3>Jeszcze szybsza transmisja<\/h3>\n<p>Kategoria kabla sieciowego Cat 7 umo\u017cliwia osi\u0105ganie pr\u0119dko\u015bci transmisji do nawet 10 Gbps. To oznacza, \u017ce za jego pomoc\u0105 mo\u017cesz bez przeszk\u00f3d ogl\u0105da\u0107 filmy, pobiera\u0107 i przesy\u0142a\u0107 pliki, a nawet gra\u0107 w dynamiczne gry. Wszystko to sprawia, \u017ce produkt doskonale sprawdzi si\u0119 nie tylko w domu, ale te\u017c na przyk\u0142ad w pracy. UGREEN zapewni ci szybkie po\u0142\u0105czenie, gdziekolwiek tego potrzebujesz.<\/p>\n<p><img decoding=\"async\" src=\"https:\/\/b2b.innpro.pl\/data\/include\/cms\/UGREEN\/14.07.21\/NW150\/4.jpg?v=1628771460342\"><\/p>\n<h3>Szeroka kompatybilno\u015b\u0107<\/h3>\n<p>Kolejnym powodem, dla kt\u00f3rego NW150 idealnie nadaje si\u0119 do wielu zastosowa\u0144, jest jego szeroka kompatybilno\u015b\u0107. Ten uniwersalny kabel pasuje do wi\u0119kszo\u015bci urz\u0105dze\u0144, kt\u00f3re maj\u0105 wbudowany port RJ45. Bez najmniejszego nawet problemu pod\u0142\u0105czysz go na przyk\u0142ad do modemu lub routera, laptopa, komputera stacjonarnego, drukarki sieciowej, konsoli PlayStation 4 lub switch boxa.<\/p>\n<p><img decoding=\"async\" src=\"https:\/\/b2b.innpro.pl\/data\/include\/cms\/UGREEN\/14.07.21\/NW150\/6.jpg?v=1628771460342\"><\/p>\n<h3>Dopracowana konstrukcja<\/h3>\n<p>Co sprawia, \u017ce kabel UGREEN NW150 mo\u017ce zapewnia\u0107 tak imponuj\u0105c\u0105 wydajno\u015b\u0107? Jego starannie przemy\u015blana konstrukcja! Miedziany przew\u00f3d odpowiada za szybk\u0105 i stabiln\u0105 transmisj\u0119 sygna\u0142u, a 2-warstwowe ekranowanie aluminium eliminuje zak\u0142\u00f3cenia i sprawia, \u017ce nie musisz si\u0119 obawia\u0107 problem\u00f3w z po\u0142\u0105czeniem. Wykonana z tworzywa PVC pow\u0142oka oraz nylonowy oplot chroni\u0105 delikatne wn\u0119trze produktu przed uszkodzeniem.<\/p>\n<p><img decoding=\"async\" src=\"https:\/\/b2b.innpro.pl\/data\/include\/cms\/UGREEN\/14.07.21\/NW150\/5.jpg?v=1628771460342\"><\/p>\n<h3>Imponuj\u0105ca wytrzyma\u0142o\u015b\u0107<\/h3>\n<p>Ten wyj\u0105tkowy kabel b\u0119dzie doskonale Ci s\u0142u\u017cy\u0142 przez d\u0142ugi czas. Miejsce \u0142\u0105czenia przewodu z wtyczk\u0105 zosta\u0142o zabezpieczone za pomoc\u0105 7-milimetrowego \u0142\u0105cznika. Poz\u0142acane z\u0142\u0105cza wyr\u00f3\u017cniaj\u0105 si\u0119 wyj\u0105tkowo nisk\u0105 podatno\u015bci\u0105 na zu\u017cycie, a nylonowy oplot zapewnia produktowi odporno\u015b\u0107 nie tylko na wyginanie i innego rodzaju uszkodzenia, ale te\u017c na zmienne warunki atmosferyczne. Dzi\u0119ki temu kabel nadaje si\u0119 r\u00f3wnie\u017c do u\u017cytku zewn\u0119trznego.<\/p>\n<p><img decoding=\"async\" src=\"https:\/\/b2b.innpro.pl\/data\/include\/cms\/UGREEN\/14.07.21\/NW150\/7.jpg?v=1628771460342\"><\/p>\n<div class=\"table-wrapper\">\n<table>\n<tbody>\n<tr>\n<th>Producent<\/th>\n<td>UGREEN<\/td>\n<\/tr>\n<tr>\n<th>Model<\/th>\n<td>NW150<\/td>\n<\/tr>\n<tr>\n<th>Pr\u0119dko\u015b\u0107 transmisji<\/th>\n<td>Do 10 Gbps<\/td>\n<\/tr>\n<tr>\n<th>Pasmo przenoszenia<\/th>\n<td>600 MHz<\/td>\n<\/tr>\n<tr>\n<th>Standard<\/th>\n<td>30AWG<\/td>\n<\/tr>\n<tr>\n<th>Przew\u00f3d<\/th>\n<td>Miedziany, poz\u0142acana ko\u0144c\u00f3wka<\/td>\n<\/tr>\n<tr>\n<th>Z\u0142\u0105cza<\/th>\n<td>RJ45<\/td>\n<\/tr>\n<tr>\n<th>\u015arednica<\/th>\n<td>5,5 mm<\/td>\n<\/tr>\n<tr>\n<th>D\u0142ugo\u015b\u0107<\/th>\n<td>5 m<\/td>\n<\/tr>\n<\/tbody>\n<\/table>\n<\/div>\n","protected":false},"excerpt":{"rendered":"<p>Kabel sieciowy RJ45 Cat 7 UGREEN NW150 Szukasz sposobu na jeszcze szybszy i wygodniejszy dost\u0119p do Internetu? Wypr\u00f3buj kabel sieciowy<\/p>\n","protected":false},"featured_media":43338,"comment_status":"closed","ping_status":"open","template":"","meta":{"_acf_changed":false},"product_brand":[],"product_cat":[5929,5931,5942],"product_tag":[],"class_list":{"0":"post-57324","1":"product","2":"type-product","3":"status-publish","4":"has-post-thumbnail","6":"product_cat-akcesoria-it","7":"product_cat-kable","8":"product_cat-sieciowe","9":"pa_okres-gwarancji-5757","10":"pa_producent-ugreen","12":"first","13":"outofstock","14":"taxable","15":"shipping-taxable","16":"purchasable","17":"product-type-simple"},"acf":[],"yoast_head":"<!-- This site is optimized with the Yoast SEO plugin v27.2 - https:\/\/yoast.com\/product\/yoast-seo-wordpress\/ -->\n<title>Kabel UGREEN NW150 Cat.7 5m (czarny) - IRONSKY.PL Sklep z Dronami<\/title>\n<meta name=\"description\" content=\"Kabel UGREEN NW150 Cat.7 5m (czarny) - \u2705 sklep z dronami i fachowym doradztwem. \u2705 Tutaj kupisz produkty DJI, Yuneec, Parrot, Syma i wiele innych, a tak\u017ce kursy i licencje na operatora drona.\" \/>\n<meta name=\"robots\" content=\"index, follow, max-snippet:-1, max-image-preview:large, max-video-preview:-1\" \/>\n<link rel=\"canonical\" href=\"https:\/\/ironsky.pl\/sklep\/produkt\/kabel-ugreen-nw150-cat-7-5m-czarny\/\" \/>\n<meta property=\"og:locale\" content=\"pl_PL\" \/>\n<meta property=\"og:type\" content=\"article\" \/>\n<meta property=\"og:title\" content=\"Kabel UGREEN NW150 Cat.7 5m (czarny) - IRONSKY.PL Sklep z Dronami\" \/>\n<meta property=\"og:description\" content=\"Kabel UGREEN NW150 Cat.7 5m (czarny) - \u2705 sklep z dronami i fachowym doradztwem. \u2705 Tutaj kupisz produkty DJI, Yuneec, Parrot, Syma i wiele innych, a tak\u017ce kursy i licencje na operatora drona.\" \/>\n<meta property=\"og:url\" content=\"https:\/\/ironsky.pl\/sklep\/produkt\/kabel-ugreen-nw150-cat-7-5m-czarny\/\" \/>\n<meta property=\"og:site_name\" content=\"IRONSKY.PL Sklep z Dronami\" \/>\n<meta property=\"article:modified_time\" content=\"2026-04-15T08:24:47+00:00\" \/>\n<meta property=\"og:image\" content=\"https:\/\/ironsky.pl\/sklep\/wp-content\/uploads\/2025\/06\/34317_2.jpg\" \/>\n\t<meta property=\"og:image:width\" content=\"800\" \/>\n\t<meta property=\"og:image:height\" content=\"800\" \/>\n\t<meta property=\"og:image:type\" content=\"image\/jpeg\" \/>\n<meta name=\"twitter:card\" content=\"summary_large_image\" \/>\n<meta name=\"twitter:label1\" content=\"Szacowany czas czytania\" \/>\n\t<meta name=\"twitter:data1\" content=\"2 minuty\" \/>\n<script type=\"application\/ld+json\" class=\"yoast-schema-graph\">{\"@context\":\"https:\/\/schema.org\",\"@graph\":[{\"@type\":\"WebPage\",\"@id\":\"https:\/\/ironsky.pl\/sklep\/produkt\/kabel-ugreen-nw150-cat-7-5m-czarny\/\",\"url\":\"https:\/\/ironsky.pl\/sklep\/produkt\/kabel-ugreen-nw150-cat-7-5m-czarny\/\",\"name\":\"Kabel UGREEN NW150 Cat.7 5m (czarny) - IRONSKY.PL Sklep z Dronami\",\"isPartOf\":{\"@id\":\"https:\/\/ironsky.pl\/sklep\/#website\"},\"primaryImageOfPage\":{\"@id\":\"https:\/\/ironsky.pl\/sklep\/produkt\/kabel-ugreen-nw150-cat-7-5m-czarny\/#primaryimage\"},\"image\":{\"@id\":\"https:\/\/ironsky.pl\/sklep\/produkt\/kabel-ugreen-nw150-cat-7-5m-czarny\/#primaryimage\"},\"thumbnailUrl\":\"https:\/\/ironsky.pl\/sklep\/wp-content\/uploads\/2025\/06\/34317_2.jpg\",\"datePublished\":\"2026-04-15T08:24:43+00:00\",\"dateModified\":\"2026-04-15T08:24:47+00:00\",\"description\":\"Kabel UGREEN NW150 Cat.7 5m (czarny) - \u2705 sklep z dronami i fachowym doradztwem. \u2705 Tutaj kupisz produkty DJI, Yuneec, Parrot, Syma i wiele innych, a tak\u017ce kursy i licencje na operatora drona.\",\"breadcrumb\":{\"@id\":\"https:\/\/ironsky.pl\/sklep\/produkt\/kabel-ugreen-nw150-cat-7-5m-czarny\/#breadcrumb\"},\"inLanguage\":\"pl-PL\",\"potentialAction\":[{\"@type\":\"ReadAction\",\"target\":[\"https:\/\/ironsky.pl\/sklep\/produkt\/kabel-ugreen-nw150-cat-7-5m-czarny\/\"]}]},{\"@type\":\"ImageObject\",\"inLanguage\":\"pl-PL\",\"@id\":\"https:\/\/ironsky.pl\/sklep\/produkt\/kabel-ugreen-nw150-cat-7-5m-czarny\/#primaryimage\",\"url\":\"https:\/\/ironsky.pl\/sklep\/wp-content\/uploads\/2025\/06\/34317_2.jpg\",\"contentUrl\":\"https:\/\/ironsky.pl\/sklep\/wp-content\/uploads\/2025\/06\/34317_2.jpg\",\"width\":800,\"height\":800},{\"@type\":\"BreadcrumbList\",\"@id\":\"https:\/\/ironsky.pl\/sklep\/produkt\/kabel-ugreen-nw150-cat-7-5m-czarny\/#breadcrumb\",\"itemListElement\":[{\"@type\":\"ListItem\",\"position\":1,\"name\":\"Strona g\u0142\u00f3wna\",\"item\":\"https:\/\/ironsky.pl\/sklep\/\"},{\"@type\":\"ListItem\",\"position\":2,\"name\":\"Wszystkie produkty\",\"item\":\"https:\/\/ironsky.pl\/sklep\/produkty\/\"},{\"@type\":\"ListItem\",\"position\":3,\"name\":\"Kabel UGREEN NW150 Cat.7 5m (czarny)\"}]},{\"@type\":\"WebSite\",\"@id\":\"https:\/\/ironsky.pl\/sklep\/#website\",\"url\":\"https:\/\/ironsky.pl\/sklep\/\",\"name\":\"IRONSKY.PL Sklep z Dronami\",\"description\":\"IRONSKY.PL Sklep z Dronami\",\"potentialAction\":[{\"@type\":\"SearchAction\",\"target\":{\"@type\":\"EntryPoint\",\"urlTemplate\":\"https:\/\/ironsky.pl\/sklep\/?s={search_term_string}\"},\"query-input\":{\"@type\":\"PropertyValueSpecification\",\"valueRequired\":true,\"valueName\":\"search_term_string\"}}],\"inLanguage\":\"pl-PL\"}]}<\/script>\n<!-- \/ Yoast SEO plugin. -->","yoast_head_json":{"title":"Kabel UGREEN NW150 Cat.7 5m (czarny) - IRONSKY.PL Sklep z Dronami","description":"Kabel UGREEN NW150 Cat.7 5m (czarny) - \u2705 sklep z dronami i fachowym doradztwem. \u2705 Tutaj kupisz produkty DJI, Yuneec, Parrot, Syma i wiele innych, a tak\u017ce kursy i licencje na operatora drona.","robots":{"index":"index","follow":"follow","max-snippet":"max-snippet:-1","max-image-preview":"max-image-preview:large","max-video-preview":"max-video-preview:-1"},"canonical":"https:\/\/ironsky.pl\/sklep\/produkt\/kabel-ugreen-nw150-cat-7-5m-czarny\/","og_locale":"pl_PL","og_type":"article","og_title":"Kabel UGREEN NW150 Cat.7 5m (czarny) - IRONSKY.PL Sklep z Dronami","og_description":"Kabel UGREEN NW150 Cat.7 5m (czarny) - \u2705 sklep z dronami i fachowym doradztwem. \u2705 Tutaj kupisz produkty DJI, Yuneec, Parrot, Syma i wiele innych, a tak\u017ce kursy i licencje na operatora drona.","og_url":"https:\/\/ironsky.pl\/sklep\/produkt\/kabel-ugreen-nw150-cat-7-5m-czarny\/","og_site_name":"IRONSKY.PL Sklep z Dronami","article_modified_time":"2026-04-15T08:24:47+00:00","og_image":[{"width":800,"height":800,"url":"https:\/\/ironsky.pl\/sklep\/wp-content\/uploads\/2025\/06\/34317_2.jpg","type":"image\/jpeg"}],"twitter_card":"summary_large_image","twitter_misc":{"Szacowany czas czytania":"2 minuty"},"schema":{"@context":"https:\/\/schema.org","@graph":[{"@type":"WebPage","@id":"https:\/\/ironsky.pl\/sklep\/produkt\/kabel-ugreen-nw150-cat-7-5m-czarny\/","url":"https:\/\/ironsky.pl\/sklep\/produkt\/kabel-ugreen-nw150-cat-7-5m-czarny\/","name":"Kabel UGREEN NW150 Cat.7 5m (czarny) - IRONSKY.PL Sklep z Dronami","isPartOf":{"@id":"https:\/\/ironsky.pl\/sklep\/#website"},"primaryImageOfPage":{"@id":"https:\/\/ironsky.pl\/sklep\/produkt\/kabel-ugreen-nw150-cat-7-5m-czarny\/#primaryimage"},"image":{"@id":"https:\/\/ironsky.pl\/sklep\/produkt\/kabel-ugreen-nw150-cat-7-5m-czarny\/#primaryimage"},"thumbnailUrl":"https:\/\/ironsky.pl\/sklep\/wp-content\/uploads\/2025\/06\/34317_2.jpg","datePublished":"2026-04-15T08:24:43+00:00","dateModified":"2026-04-15T08:24:47+00:00","description":"Kabel UGREEN NW150 Cat.7 5m (czarny) - \u2705 sklep z dronami i fachowym doradztwem. \u2705 Tutaj kupisz produkty DJI, Yuneec, Parrot, Syma i wiele innych, a tak\u017ce kursy i licencje na operatora drona.","breadcrumb":{"@id":"https:\/\/ironsky.pl\/sklep\/produkt\/kabel-ugreen-nw150-cat-7-5m-czarny\/#breadcrumb"},"inLanguage":"pl-PL","potentialAction":[{"@type":"ReadAction","target":["https:\/\/ironsky.pl\/sklep\/produkt\/kabel-ugreen-nw150-cat-7-5m-czarny\/"]}]},{"@type":"ImageObject","inLanguage":"pl-PL","@id":"https:\/\/ironsky.pl\/sklep\/produkt\/kabel-ugreen-nw150-cat-7-5m-czarny\/#primaryimage","url":"https:\/\/ironsky.pl\/sklep\/wp-content\/uploads\/2025\/06\/34317_2.jpg","contentUrl":"https:\/\/ironsky.pl\/sklep\/wp-content\/uploads\/2025\/06\/34317_2.jpg","width":800,"height":800},{"@type":"BreadcrumbList","@id":"https:\/\/ironsky.pl\/sklep\/produkt\/kabel-ugreen-nw150-cat-7-5m-czarny\/#breadcrumb","itemListElement":[{"@type":"ListItem","position":1,"name":"Strona g\u0142\u00f3wna","item":"https:\/\/ironsky.pl\/sklep\/"},{"@type":"ListItem","position":2,"name":"Wszystkie produkty","item":"https:\/\/ironsky.pl\/sklep\/produkty\/"},{"@type":"ListItem","position":3,"name":"Kabel UGREEN NW150 Cat.7 5m (czarny)"}]},{"@type":"WebSite","@id":"https:\/\/ironsky.pl\/sklep\/#website","url":"https:\/\/ironsky.pl\/sklep\/","name":"IRONSKY.PL Sklep z Dronami","description":"IRONSKY.PL Sklep z Dronami","potentialAction":[{"@type":"SearchAction","target":{"@type":"EntryPoint","urlTemplate":"https:\/\/ironsky.pl\/sklep\/?s={search_term_string}"},"query-input":{"@type":"PropertyValueSpecification","valueRequired":true,"valueName":"search_term_string"}}],"inLanguage":"pl-PL"}]}},"_links":{"self":[{"href":"https:\/\/ironsky.pl\/sklep\/wp-json\/wp\/v2\/product\/57324","targetHints":{"allow":["GET"]}}],"collection":[{"href":"https:\/\/ironsky.pl\/sklep\/wp-json\/wp\/v2\/product"}],"about":[{"href":"https:\/\/ironsky.pl\/sklep\/wp-json\/wp\/v2\/types\/product"}],"replies":[{"embeddable":true,"href":"https:\/\/ironsky.pl\/sklep\/wp-json\/wp\/v2\/comments?post=57324"}],"wp:featuredmedia":[{"embeddable":true,"href":"https:\/\/ironsky.pl\/sklep\/wp-json\/wp\/v2\/media\/43338"}],"wp:attachment":[{"href":"https:\/\/ironsky.pl\/sklep\/wp-json\/wp\/v2\/media?parent=57324"}],"wp:term":[{"taxonomy":"product_brand","embeddable":true,"href":"https:\/\/ironsky.pl\/sklep\/wp-json\/wp\/v2\/product_brand?post=57324"},{"taxonomy":"product_cat","embeddable":true,"href":"https:\/\/ironsky.pl\/sklep\/wp-json\/wp\/v2\/product_cat?post=57324"},{"taxonomy":"product_tag","embeddable":true,"href":"https:\/\/ironsky.pl\/sklep\/wp-json\/wp\/v2\/product_tag?post=57324"}],"curies":[{"name":"wp","href":"https:\/\/api.w.org\/{rel}","templated":true}]}}