{"id":57322,"date":"2026-04-15T10:24:43","date_gmt":"2026-04-15T08:24:43","guid":{"rendered":"https:\/\/ironsky.pl\/sklep\/produkt\/lampa-bezcieniowa-puluz-33-3x33-3cm-1200lm-led\/"},"modified":"2026-04-15T10:24:46","modified_gmt":"2026-04-15T08:24:46","slug":"lampa-bezcieniowa-puluz-33-3x33-3cm-1200lm-led","status":"publish","type":"product","link":"https:\/\/ironsky.pl\/sklep\/produkt\/lampa-bezcieniowa-puluz-33-3x33-3cm-1200lm-led\/","title":{"rendered":"Lampa bezcieniowa PULUZ 33.3&#215;33.3cm 1200lm LED"},"content":{"rendered":"<h3>Bezcieniowa podstawa lampa LED Puluz<\/h3>\n<p>Bezcieniowa lampa Puluz to praktyczne akcesorium, kt\u00f3re znajdzie zastosowanie szczeg\u00f3lnie w fotografii produktowej. Lampa eliminuje problemy z powstawaniem cieni podczas fotografowania r\u00f3\u017cnych przedmiot\u00f3w, jednocze\u015bnie skracaj\u0105c czas p\u00f3\u017aniejszej edycji zdj\u0119\u0107. Oferuje 3 tryby \u015bwiecenia i 10 poziom\u00f3w jasno\u015bci. Jest kompatybilna z wieloma namiotami bezcieniowymi oraz statywami, a zintegrowany z kablem pilot sterowania u\u0142atwi Ci obs\u0142ug\u0119.<\/p>\n<p><img decoding=\"async\" src=\"https:\/\/b2b.innpro.pl\/data\/include\/cms\/02Puluz\/PU5139\/6.jpg\" alt=\"02Puluz\/PU5139\/6\"><\/p>\n<h3>O\u015bwietlenie na miar\u0119 Twoich potrzeb<\/h3>\n<p>Niezale\u017cnie od tego, czy pracujesz nad profesjonaln\u0105 sesj\u0105 zdj\u0119ciow\u0105, streamujesz na \u017cywo, czy po prostu potrzebujesz dodatkowego o\u015bwietlenia w swoim biurze, ta lampa jest gotowa sprosta\u0107 Twoim wymaganiom. Wyposa\u017cono j\u0105 w 160 wysokiej jako\u015bci koralik\u00f3w \u015bwietlnych, kt\u00f3re zapewniaj\u0105 jasno\u015b\u0107 na poziomie 1200 lm. Dzi\u0119ki temu mo\u017cesz uzyska\u0107 profesjonalne efekty o\u015bwietleniowe podczas fotografowania lub nagrywania, jednocze\u015bnie eliminuj\u0105c niechciane cienie! Do Twojej dyspozycji s\u0105 r\u00f3wnie\u017c 3 tryby \u015bwiecenia oraz 10 poziom\u00f3w jasno\u015bci, kt\u00f3re mo\u017cesz wygodnie regulowa\u0107 za pomoc\u0105 zintegrowanego z kablem pilota.<\/p>\n<p><img decoding=\"async\" src=\"https:\/\/b2b.innpro.pl\/data\/include\/cms\/02Puluz\/PU5139\/4.jpg\" alt=\"02Puluz\/PU5139\/4\"><\/p>\n<div class=\"table-wrapper\">\n<table>\n<tbody>\n<tr>\n<th>Producent<\/th>\n<td>PULUZ <\/td>\n<\/tr>\n<tr>\n<th>Model<\/th>\n<td>PU5139<\/td>\n<\/tr>\n<tr>\n<th>Materia\u0142<\/th>\n<td>Akryl<\/td>\n<\/tr>\n<tr>\n<th>Jasno\u015b\u0107<\/th>\n<td>1200 lm<\/td>\n<\/tr>\n<tr>\n<th>Temperatura barwowa<\/th>\n<td>2800-6500 K<\/td>\n<\/tr>\n<tr>\n<th>Liczba koralik\u00f3w \u015bwietlnych LED<\/th>\n<td>160<\/td>\n<\/tr>\n<tr>\n<th>Moc <\/th>\n<td>18 W<\/td>\n<\/tr>\n<tr>\n<th>Wymiary<\/th>\n<td>38 x 38 x 1 cm<\/td>\n<\/tr>\n<\/tbody>\n<\/table>\n<\/div>\n","protected":false},"excerpt":{"rendered":"<p>Bezcieniowa podstawa lampa LED Puluz Bezcieniowa lampa Puluz to praktyczne akcesorium, kt\u00f3re znajdzie zastosowanie szczeg\u00f3lnie w fotografii produktowej. Lampa eliminuje<\/p>\n","protected":false},"featured_media":57323,"comment_status":"closed","ping_status":"open","template":"","meta":{"_acf_changed":false},"product_brand":[],"product_cat":[1128,6183,6182],"product_tag":[],"class_list":{"0":"post-57322","1":"product","2":"type-product","3":"status-publish","4":"has-post-thumbnail","6":"product_cat-foto-wideo","7":"product_cat-namioty-bezcieniowe-studio-fotograficzne","8":"product_cat-studio-fotograficzne","9":"pa_okres-gwarancji-5754","10":"pa_producent-puluz","12":"first","13":"outofstock","14":"taxable","15":"shipping-taxable","16":"purchasable","17":"product-type-simple"},"acf":[],"yoast_head":"<!-- This site is optimized with the Yoast SEO plugin v27.2 - https:\/\/yoast.com\/product\/yoast-seo-wordpress\/ -->\n<title>Lampa bezcieniowa PULUZ 33.3x33.3cm 1200lm LED - IRONSKY.PL Sklep z Dronami<\/title>\n<meta name=\"description\" content=\"Lampa bezcieniowa PULUZ 33.3x33.3cm 1200lm LED - \u2705 sklep z dronami i fachowym doradztwem. \u2705 Tutaj kupisz produkty DJI, Yuneec, Parrot, Syma i wiele innych, a tak\u017ce kursy i licencje na operatora drona.\" \/>\n<meta name=\"robots\" content=\"index, follow, max-snippet:-1, max-image-preview:large, max-video-preview:-1\" \/>\n<link rel=\"canonical\" href=\"https:\/\/ironsky.pl\/sklep\/produkt\/lampa-bezcieniowa-puluz-33-3x33-3cm-1200lm-led\/\" \/>\n<meta property=\"og:locale\" content=\"pl_PL\" \/>\n<meta property=\"og:type\" content=\"article\" \/>\n<meta property=\"og:title\" content=\"Lampa bezcieniowa PULUZ 33.3x33.3cm 1200lm LED - IRONSKY.PL Sklep z Dronami\" \/>\n<meta property=\"og:description\" content=\"Lampa bezcieniowa PULUZ 33.3x33.3cm 1200lm LED - \u2705 sklep z dronami i fachowym doradztwem. \u2705 Tutaj kupisz produkty DJI, Yuneec, Parrot, Syma i wiele innych, a tak\u017ce kursy i licencje na operatora drona.\" \/>\n<meta property=\"og:url\" content=\"https:\/\/ironsky.pl\/sklep\/produkt\/lampa-bezcieniowa-puluz-33-3x33-3cm-1200lm-led\/\" \/>\n<meta property=\"og:site_name\" content=\"IRONSKY.PL Sklep z Dronami\" \/>\n<meta property=\"article:modified_time\" content=\"2026-04-15T08:24:46+00:00\" \/>\n<meta property=\"og:image\" content=\"https:\/\/ironsky.pl\/sklep\/wp-content\/uploads\/2026\/04\/34307_1.jpg\" \/>\n\t<meta property=\"og:image:width\" content=\"800\" \/>\n\t<meta property=\"og:image:height\" content=\"800\" \/>\n\t<meta property=\"og:image:type\" content=\"image\/jpeg\" \/>\n<meta name=\"twitter:card\" content=\"summary_large_image\" \/>\n<meta name=\"twitter:label1\" content=\"Szacowany czas czytania\" \/>\n\t<meta name=\"twitter:data1\" content=\"1 minuta\" \/>\n<script type=\"application\/ld+json\" class=\"yoast-schema-graph\">{\"@context\":\"https:\/\/schema.org\",\"@graph\":[{\"@type\":\"WebPage\",\"@id\":\"https:\/\/ironsky.pl\/sklep\/produkt\/lampa-bezcieniowa-puluz-33-3x33-3cm-1200lm-led\/\",\"url\":\"https:\/\/ironsky.pl\/sklep\/produkt\/lampa-bezcieniowa-puluz-33-3x33-3cm-1200lm-led\/\",\"name\":\"Lampa bezcieniowa PULUZ 33.3x33.3cm 1200lm LED - IRONSKY.PL Sklep z Dronami\",\"isPartOf\":{\"@id\":\"https:\/\/ironsky.pl\/sklep\/#website\"},\"primaryImageOfPage\":{\"@id\":\"https:\/\/ironsky.pl\/sklep\/produkt\/lampa-bezcieniowa-puluz-33-3x33-3cm-1200lm-led\/#primaryimage\"},\"image\":{\"@id\":\"https:\/\/ironsky.pl\/sklep\/produkt\/lampa-bezcieniowa-puluz-33-3x33-3cm-1200lm-led\/#primaryimage\"},\"thumbnailUrl\":\"https:\/\/ironsky.pl\/sklep\/wp-content\/uploads\/2026\/04\/34307_1.jpg\",\"datePublished\":\"2026-04-15T08:24:43+00:00\",\"dateModified\":\"2026-04-15T08:24:46+00:00\",\"description\":\"Lampa bezcieniowa PULUZ 33.3x33.3cm 1200lm LED - \u2705 sklep z dronami i fachowym doradztwem. \u2705 Tutaj kupisz produkty DJI, Yuneec, Parrot, Syma i wiele innych, a tak\u017ce kursy i licencje na operatora drona.\",\"breadcrumb\":{\"@id\":\"https:\/\/ironsky.pl\/sklep\/produkt\/lampa-bezcieniowa-puluz-33-3x33-3cm-1200lm-led\/#breadcrumb\"},\"inLanguage\":\"pl-PL\",\"potentialAction\":[{\"@type\":\"ReadAction\",\"target\":[\"https:\/\/ironsky.pl\/sklep\/produkt\/lampa-bezcieniowa-puluz-33-3x33-3cm-1200lm-led\/\"]}]},{\"@type\":\"ImageObject\",\"inLanguage\":\"pl-PL\",\"@id\":\"https:\/\/ironsky.pl\/sklep\/produkt\/lampa-bezcieniowa-puluz-33-3x33-3cm-1200lm-led\/#primaryimage\",\"url\":\"https:\/\/ironsky.pl\/sklep\/wp-content\/uploads\/2026\/04\/34307_1.jpg\",\"contentUrl\":\"https:\/\/ironsky.pl\/sklep\/wp-content\/uploads\/2026\/04\/34307_1.jpg\",\"width\":800,\"height\":800},{\"@type\":\"BreadcrumbList\",\"@id\":\"https:\/\/ironsky.pl\/sklep\/produkt\/lampa-bezcieniowa-puluz-33-3x33-3cm-1200lm-led\/#breadcrumb\",\"itemListElement\":[{\"@type\":\"ListItem\",\"position\":1,\"name\":\"Strona g\u0142\u00f3wna\",\"item\":\"https:\/\/ironsky.pl\/sklep\/\"},{\"@type\":\"ListItem\",\"position\":2,\"name\":\"Wszystkie produkty\",\"item\":\"https:\/\/ironsky.pl\/sklep\/produkty\/\"},{\"@type\":\"ListItem\",\"position\":3,\"name\":\"Lampa bezcieniowa PULUZ 33.3&#215;33.3cm 1200lm LED\"}]},{\"@type\":\"WebSite\",\"@id\":\"https:\/\/ironsky.pl\/sklep\/#website\",\"url\":\"https:\/\/ironsky.pl\/sklep\/\",\"name\":\"IRONSKY.PL Sklep z Dronami\",\"description\":\"IRONSKY.PL Sklep z Dronami\",\"potentialAction\":[{\"@type\":\"SearchAction\",\"target\":{\"@type\":\"EntryPoint\",\"urlTemplate\":\"https:\/\/ironsky.pl\/sklep\/?s={search_term_string}\"},\"query-input\":{\"@type\":\"PropertyValueSpecification\",\"valueRequired\":true,\"valueName\":\"search_term_string\"}}],\"inLanguage\":\"pl-PL\"}]}<\/script>\n<!-- \/ Yoast SEO plugin. -->","yoast_head_json":{"title":"Lampa bezcieniowa PULUZ 33.3x33.3cm 1200lm LED - IRONSKY.PL Sklep z Dronami","description":"Lampa bezcieniowa PULUZ 33.3x33.3cm 1200lm LED - \u2705 sklep z dronami i fachowym doradztwem. \u2705 Tutaj kupisz produkty DJI, Yuneec, Parrot, Syma i wiele innych, a tak\u017ce kursy i licencje na operatora drona.","robots":{"index":"index","follow":"follow","max-snippet":"max-snippet:-1","max-image-preview":"max-image-preview:large","max-video-preview":"max-video-preview:-1"},"canonical":"https:\/\/ironsky.pl\/sklep\/produkt\/lampa-bezcieniowa-puluz-33-3x33-3cm-1200lm-led\/","og_locale":"pl_PL","og_type":"article","og_title":"Lampa bezcieniowa PULUZ 33.3x33.3cm 1200lm LED - IRONSKY.PL Sklep z Dronami","og_description":"Lampa bezcieniowa PULUZ 33.3x33.3cm 1200lm LED - \u2705 sklep z dronami i fachowym doradztwem. \u2705 Tutaj kupisz produkty DJI, Yuneec, Parrot, Syma i wiele innych, a tak\u017ce kursy i licencje na operatora drona.","og_url":"https:\/\/ironsky.pl\/sklep\/produkt\/lampa-bezcieniowa-puluz-33-3x33-3cm-1200lm-led\/","og_site_name":"IRONSKY.PL Sklep z Dronami","article_modified_time":"2026-04-15T08:24:46+00:00","og_image":[{"width":800,"height":800,"url":"https:\/\/ironsky.pl\/sklep\/wp-content\/uploads\/2026\/04\/34307_1.jpg","type":"image\/jpeg"}],"twitter_card":"summary_large_image","twitter_misc":{"Szacowany czas czytania":"1 minuta"},"schema":{"@context":"https:\/\/schema.org","@graph":[{"@type":"WebPage","@id":"https:\/\/ironsky.pl\/sklep\/produkt\/lampa-bezcieniowa-puluz-33-3x33-3cm-1200lm-led\/","url":"https:\/\/ironsky.pl\/sklep\/produkt\/lampa-bezcieniowa-puluz-33-3x33-3cm-1200lm-led\/","name":"Lampa bezcieniowa PULUZ 33.3x33.3cm 1200lm LED - IRONSKY.PL Sklep z Dronami","isPartOf":{"@id":"https:\/\/ironsky.pl\/sklep\/#website"},"primaryImageOfPage":{"@id":"https:\/\/ironsky.pl\/sklep\/produkt\/lampa-bezcieniowa-puluz-33-3x33-3cm-1200lm-led\/#primaryimage"},"image":{"@id":"https:\/\/ironsky.pl\/sklep\/produkt\/lampa-bezcieniowa-puluz-33-3x33-3cm-1200lm-led\/#primaryimage"},"thumbnailUrl":"https:\/\/ironsky.pl\/sklep\/wp-content\/uploads\/2026\/04\/34307_1.jpg","datePublished":"2026-04-15T08:24:43+00:00","dateModified":"2026-04-15T08:24:46+00:00","description":"Lampa bezcieniowa PULUZ 33.3x33.3cm 1200lm LED - \u2705 sklep z dronami i fachowym doradztwem. \u2705 Tutaj kupisz produkty DJI, Yuneec, Parrot, Syma i wiele innych, a tak\u017ce kursy i licencje na operatora drona.","breadcrumb":{"@id":"https:\/\/ironsky.pl\/sklep\/produkt\/lampa-bezcieniowa-puluz-33-3x33-3cm-1200lm-led\/#breadcrumb"},"inLanguage":"pl-PL","potentialAction":[{"@type":"ReadAction","target":["https:\/\/ironsky.pl\/sklep\/produkt\/lampa-bezcieniowa-puluz-33-3x33-3cm-1200lm-led\/"]}]},{"@type":"ImageObject","inLanguage":"pl-PL","@id":"https:\/\/ironsky.pl\/sklep\/produkt\/lampa-bezcieniowa-puluz-33-3x33-3cm-1200lm-led\/#primaryimage","url":"https:\/\/ironsky.pl\/sklep\/wp-content\/uploads\/2026\/04\/34307_1.jpg","contentUrl":"https:\/\/ironsky.pl\/sklep\/wp-content\/uploads\/2026\/04\/34307_1.jpg","width":800,"height":800},{"@type":"BreadcrumbList","@id":"https:\/\/ironsky.pl\/sklep\/produkt\/lampa-bezcieniowa-puluz-33-3x33-3cm-1200lm-led\/#breadcrumb","itemListElement":[{"@type":"ListItem","position":1,"name":"Strona g\u0142\u00f3wna","item":"https:\/\/ironsky.pl\/sklep\/"},{"@type":"ListItem","position":2,"name":"Wszystkie produkty","item":"https:\/\/ironsky.pl\/sklep\/produkty\/"},{"@type":"ListItem","position":3,"name":"Lampa bezcieniowa PULUZ 33.3&#215;33.3cm 1200lm LED"}]},{"@type":"WebSite","@id":"https:\/\/ironsky.pl\/sklep\/#website","url":"https:\/\/ironsky.pl\/sklep\/","name":"IRONSKY.PL Sklep z Dronami","description":"IRONSKY.PL Sklep z Dronami","potentialAction":[{"@type":"SearchAction","target":{"@type":"EntryPoint","urlTemplate":"https:\/\/ironsky.pl\/sklep\/?s={search_term_string}"},"query-input":{"@type":"PropertyValueSpecification","valueRequired":true,"valueName":"search_term_string"}}],"inLanguage":"pl-PL"}]}},"_links":{"self":[{"href":"https:\/\/ironsky.pl\/sklep\/wp-json\/wp\/v2\/product\/57322","targetHints":{"allow":["GET"]}}],"collection":[{"href":"https:\/\/ironsky.pl\/sklep\/wp-json\/wp\/v2\/product"}],"about":[{"href":"https:\/\/ironsky.pl\/sklep\/wp-json\/wp\/v2\/types\/product"}],"replies":[{"embeddable":true,"href":"https:\/\/ironsky.pl\/sklep\/wp-json\/wp\/v2\/comments?post=57322"}],"wp:featuredmedia":[{"embeddable":true,"href":"https:\/\/ironsky.pl\/sklep\/wp-json\/wp\/v2\/media\/57323"}],"wp:attachment":[{"href":"https:\/\/ironsky.pl\/sklep\/wp-json\/wp\/v2\/media?parent=57322"}],"wp:term":[{"taxonomy":"product_brand","embeddable":true,"href":"https:\/\/ironsky.pl\/sklep\/wp-json\/wp\/v2\/product_brand?post=57322"},{"taxonomy":"product_cat","embeddable":true,"href":"https:\/\/ironsky.pl\/sklep\/wp-json\/wp\/v2\/product_cat?post=57322"},{"taxonomy":"product_tag","embeddable":true,"href":"https:\/\/ironsky.pl\/sklep\/wp-json\/wp\/v2\/product_tag?post=57322"}],"curies":[{"name":"wp","href":"https:\/\/api.w.org\/{rel}","templated":true}]}}