{"id":57319,"date":"2026-04-15T10:24:43","date_gmt":"2026-04-15T08:24:43","guid":{"rendered":"https:\/\/ironsky.pl\/sklep\/produkt\/statyw-elastyczny-puluz-z-pilotem-do-telefonu-i-kamer\/"},"modified":"2026-04-15T10:24:44","modified_gmt":"2026-04-15T08:24:44","slug":"statyw-elastyczny-puluz-z-pilotem-do-telefonu-i-kamer","status":"publish","type":"product","link":"https:\/\/ironsky.pl\/sklep\/produkt\/statyw-elastyczny-puluz-z-pilotem-do-telefonu-i-kamer\/","title":{"rendered":"Statyw elastyczny PULUZ z pilotem do telefonu i kamer"},"content":{"rendered":"<h3>Tripod PULUZ elastyczny z pilotem do telefon\u00f3w kom\u00f3rkowych (Apple) i kamer sportowych (DJI Action, GoPro, Insta360)<\/h3>\n<p>Teraz mo\u017cesz tworzy\u0107 jeszcze lepsze zdj\u0119cia podczas swoich wypraw! Tripod Puluz pozwoli Ci \u0142atwo dostosowa\u0107 k\u0105t i pozycj\u0119 aparatu lub telefonu, aby uzyska\u0107 idealne kadry. Dzi\u0119ki wykorzystaniu wysokiej jako\u015bci materia\u0142\u00f3w jest nie tylko solidny, ale r\u00f3wnie\u017c lekki i por\u0119czny \u2013 mo\u017cesz zabra\u0107 go ze sob\u0105 w ka\u017cd\u0105 podr\u00f3\u017c. Jest kompatybilny z r\u00f3\u017cnymi sprz\u0119tami, w tym kamerami sportowymi i smartfonami. W zestawie znajdziesz r\u00f3wnie\u017c pilot zdalnego sterowania, kt\u00f3ry u\u0142atwi Ci zarz\u0105dzenie aparatem na odleg\u0142o\u015b\u0107.<\/p>\n<p>\n<img decoding=\"async\" src=\"https:\/\/assets.innpro.pl\/14693\/18414\/4.jpg\" border=\"0\" alt=\"\" \/>\n<\/p>\n<h3>Idealne uj\u0119cia z r\u00f3\u017cnych perspektyw<\/h3>\n<p>Niezale\u017cnie od tego, gdzie znajdujesz, tripod Puluz pomo\u017ce Ci uchwyci\u0107 wyj\u0105tkowe chwile z wielu perspektyw! Statyw zosta\u0142 wyposa\u017cony w g\u0142owic\u0119 kulow\u0105, dzi\u0119ki kt\u00f3rej masz pe\u0142n\u0105 kontrol\u0119 nad ustawieniem k\u0105ta i pozycji aparatu. Elastyczne n\u00f3\u017cki u\u0142atwi\u0105 Ci eksperymentowanie z r\u00f3\u017cnymi perspektywami, pozwalaj\u0105c Ci uzyska\u0107 kadry, kt\u00f3rych wcze\u015bniej nie by\u0142e\u015b w stanie zrealizowa\u0107. Bez trudu przymocujesz statyw w dowolnym miejscu, np. na s\u0142upie, ogrodzeniu, ga\u0142\u0119zi czy krze\u015ble.<\/p>\n<p>\n<img decoding=\"async\" src=\"https:\/\/assets.innpro.pl\/14693\/18414\/3.jpg\" border=\"0\" alt=\"\" \/>\n<\/p>\n<h3>Lekki i kompaktowy<\/h3>\n<p>Tripod PULUZ zosta\u0142 stworzony z my\u015bl\u0105 o osobach, kt\u00f3re ceni\u0105 sobie jako\u015b\u0107 i wygod\u0119. Jego solidna konstrukcja z wytrzyma\u0142ego tworzywa ABS gwarantuje niezawodno\u015b\u0107 w ka\u017cdych warunkach. Niewielkie rozmiary i lekka waga sprawiaj\u0105, \u017ce mo\u017cesz zabra\u0107 go ze sob\u0105 wsz\u0119dzie, jednocze\u015bnie nie obci\u0105\u017caj\u0105c swojego plecaka. Antypo\u015blizgowe n\u00f3\u017cki statywu zapewniaj\u0105 niezb\u0119dn\u0105 stabilno\u015b\u0107 na r\u00f3\u017cnych pod\u0142o\u017cach, nawet na trudnym terenie.<\/p>\n<p>\n<img decoding=\"async\" src=\"https:\/\/assets.innpro.pl\/14693\/18414\/2.jpg\" border=\"0\" alt=\"\" \/>\n<\/p>\n<h3>Szeroka kompatybilno\u015b\u0107<\/h3>\n<p>Nie musisz martwi\u0107 si\u0119 o problemy z kompatybilno\u015bci\u0105! Trip doskonale wsp\u00f3\u0142pracuje z r\u00f3\u017cnych urz\u0105dzeniami, w tym iPhone&#8217;ami i kamerami DJI, GoPro oraz Insta360.<\/p>\n<p>\n<img decoding=\"async\" src=\"https:\/\/assets.innpro.pl\/14693\/18414\/1.jpg\" border=\"0\" alt=\"\" \/>\n<\/p>\n<h3>W zestawie<\/h3>\n<ul class=\"list-disc pl-5\">\n<li>tripod<\/li>\n<li>pilot zdalnego sterowania<\/li>\n<li>uchwyt na telefon<\/li>\n<li>adapter<\/li>\n<li>\u015bruba<\/li>\n<\/ul>\n<div class=\"table-wrapper\">\n<p>\u00a0<\/p>\n<h3><\/h3>\n<table>\n<tbody>\n<tr>\n<th>Producent <\/th>\n<td>Puluz<\/td>\n<\/tr>\n<tr>\n<th>Model <\/th>\n<td>PU860<\/td>\n<\/tr>\n<tr>\n<th>Materia\u0142 <\/th>\n<td>ABS<\/td>\n<\/tr>\n<tr>\n<th>Maksymalne obci\u0105\u017cenie <\/th>\n<td>2 kg<\/td>\n<\/tr>\n<tr>\n<th>Wymiary <\/th>\n<td>22.7 cm x 3.5 cm<\/td>\n<\/tr>\n<tr>\n<th>Kompatybilno\u015b\u0107<\/th>\n<td>Apple: iPhone 15 Plus, iPhone 15 Pro Max, iPhone 15 Pro, iPhone 14 Plus, iPhone 14, iPhone 14 Pro, iPhone 14 Pro Max, iPhone 13 Pro Max, iPhone 12 Pro Max, iPhone 12 Pro, iPhone 12 mini, iPhone 11 Pro, iPhone 11 Pro Max, iPhone 11 iPhone XS Max, iPhone X, iPhone 8 Plus, iPhone 7 Plus, iPhone 6 Plus \/ DJI: Osmo Action 3, Action 2, Osmo Action \/ GoPro: HERO11 Black Mini, HERO11 Black, HERO10 Black, HERO9 Black, HERO8 Black, MAX, HERO7 White, HERO7 Black, HERO7 Silver, NEW HERO, HERO6 Black, HERO5 Black, HERO5 Session, Hero Session, HERO4 Session, HERO4, HERO3+, HERO3, HERO2, HERO \/ Insta360: X3, ONE RS 1-Inch 360 Edition, Insta360 ONE RS 4K Edition, Insta360 ONE RS 360 Edition, Insta360 ONE RS 1-INCH EDITION, ONE X2<\/td>\n<\/tr>\n<\/tbody>\n<\/table>\n<\/div>\n","protected":false},"excerpt":{"rendered":"<p>Tripod PULUZ elastyczny z pilotem do telefon\u00f3w kom\u00f3rkowych (Apple) i kamer sportowych (DJI Action, GoPro, Insta360) Teraz mo\u017cesz tworzy\u0107 jeszcze<\/p>\n","protected":false},"featured_media":57320,"comment_status":"closed","ping_status":"open","template":"","meta":{"_acf_changed":false},"product_brand":[],"product_cat":[1128,6178,6176,6177,1138,6179],"product_tag":[],"class_list":{"0":"post-57319","1":"product","2":"type-product","3":"status-publish","4":"has-post-thumbnail","6":"product_cat-foto-wideo","7":"product_cat-mocowania","8":"product_cat-selfie-stiki","9":"product_cat-statywy-selfie-stiki","10":"product_cat-wysiegniki","11":"product_cat-wysiegniki-i-uchwyty-selfie","12":"pa_okres-gwarancji-5754","13":"pa_producent-puluz","15":"first","16":"outofstock","17":"taxable","18":"shipping-taxable","19":"purchasable","20":"product-type-simple"},"acf":[],"yoast_head":"<!-- This site is optimized with the Yoast SEO plugin v27.2 - https:\/\/yoast.com\/product\/yoast-seo-wordpress\/ -->\n<title>Statyw elastyczny PULUZ z pilotem do telefonu i kamer - IRONSKY.PL Sklep z Dronami<\/title>\n<meta name=\"description\" content=\"Statyw elastyczny PULUZ z pilotem do telefonu i kamer - \u2705 sklep z dronami i fachowym doradztwem. \u2705 Tutaj kupisz produkty DJI, Yuneec, Parrot, Syma i wiele innych, a tak\u017ce kursy i licencje na operatora drona.\" \/>\n<meta name=\"robots\" content=\"index, follow, max-snippet:-1, max-image-preview:large, max-video-preview:-1\" \/>\n<link rel=\"canonical\" href=\"https:\/\/ironsky.pl\/sklep\/produkt\/statyw-elastyczny-puluz-z-pilotem-do-telefonu-i-kamer\/\" \/>\n<meta property=\"og:locale\" content=\"pl_PL\" \/>\n<meta property=\"og:type\" content=\"article\" \/>\n<meta property=\"og:title\" content=\"Statyw elastyczny PULUZ z pilotem do telefonu i kamer - IRONSKY.PL Sklep z Dronami\" \/>\n<meta property=\"og:description\" content=\"Statyw elastyczny PULUZ z pilotem do telefonu i kamer - \u2705 sklep z dronami i fachowym doradztwem. \u2705 Tutaj kupisz produkty DJI, Yuneec, Parrot, Syma i wiele innych, a tak\u017ce kursy i licencje na operatora drona.\" \/>\n<meta property=\"og:url\" content=\"https:\/\/ironsky.pl\/sklep\/produkt\/statyw-elastyczny-puluz-z-pilotem-do-telefonu-i-kamer\/\" \/>\n<meta property=\"og:site_name\" content=\"IRONSKY.PL Sklep z Dronami\" \/>\n<meta property=\"article:modified_time\" content=\"2026-04-15T08:24:44+00:00\" \/>\n<meta property=\"og:image\" content=\"https:\/\/ironsky.pl\/sklep\/wp-content\/uploads\/2026\/04\/34303_1.jpg\" \/>\n\t<meta property=\"og:image:width\" content=\"800\" \/>\n\t<meta property=\"og:image:height\" content=\"800\" \/>\n\t<meta property=\"og:image:type\" content=\"image\/jpeg\" \/>\n<meta name=\"twitter:card\" content=\"summary_large_image\" \/>\n<meta name=\"twitter:label1\" content=\"Szacowany czas czytania\" \/>\n\t<meta name=\"twitter:data1\" content=\"2 minuty\" \/>\n<script type=\"application\/ld+json\" class=\"yoast-schema-graph\">{\"@context\":\"https:\/\/schema.org\",\"@graph\":[{\"@type\":\"WebPage\",\"@id\":\"https:\/\/ironsky.pl\/sklep\/produkt\/statyw-elastyczny-puluz-z-pilotem-do-telefonu-i-kamer\/\",\"url\":\"https:\/\/ironsky.pl\/sklep\/produkt\/statyw-elastyczny-puluz-z-pilotem-do-telefonu-i-kamer\/\",\"name\":\"Statyw elastyczny PULUZ z pilotem do telefonu i kamer - IRONSKY.PL Sklep z Dronami\",\"isPartOf\":{\"@id\":\"https:\/\/ironsky.pl\/sklep\/#website\"},\"primaryImageOfPage\":{\"@id\":\"https:\/\/ironsky.pl\/sklep\/produkt\/statyw-elastyczny-puluz-z-pilotem-do-telefonu-i-kamer\/#primaryimage\"},\"image\":{\"@id\":\"https:\/\/ironsky.pl\/sklep\/produkt\/statyw-elastyczny-puluz-z-pilotem-do-telefonu-i-kamer\/#primaryimage\"},\"thumbnailUrl\":\"https:\/\/ironsky.pl\/sklep\/wp-content\/uploads\/2026\/04\/34303_1.jpg\",\"datePublished\":\"2026-04-15T08:24:43+00:00\",\"dateModified\":\"2026-04-15T08:24:44+00:00\",\"description\":\"Statyw elastyczny PULUZ z pilotem do telefonu i kamer - \u2705 sklep z dronami i fachowym doradztwem. \u2705 Tutaj kupisz produkty DJI, Yuneec, Parrot, Syma i wiele innych, a tak\u017ce kursy i licencje na operatora drona.\",\"breadcrumb\":{\"@id\":\"https:\/\/ironsky.pl\/sklep\/produkt\/statyw-elastyczny-puluz-z-pilotem-do-telefonu-i-kamer\/#breadcrumb\"},\"inLanguage\":\"pl-PL\",\"potentialAction\":[{\"@type\":\"ReadAction\",\"target\":[\"https:\/\/ironsky.pl\/sklep\/produkt\/statyw-elastyczny-puluz-z-pilotem-do-telefonu-i-kamer\/\"]}]},{\"@type\":\"ImageObject\",\"inLanguage\":\"pl-PL\",\"@id\":\"https:\/\/ironsky.pl\/sklep\/produkt\/statyw-elastyczny-puluz-z-pilotem-do-telefonu-i-kamer\/#primaryimage\",\"url\":\"https:\/\/ironsky.pl\/sklep\/wp-content\/uploads\/2026\/04\/34303_1.jpg\",\"contentUrl\":\"https:\/\/ironsky.pl\/sklep\/wp-content\/uploads\/2026\/04\/34303_1.jpg\",\"width\":800,\"height\":800},{\"@type\":\"BreadcrumbList\",\"@id\":\"https:\/\/ironsky.pl\/sklep\/produkt\/statyw-elastyczny-puluz-z-pilotem-do-telefonu-i-kamer\/#breadcrumb\",\"itemListElement\":[{\"@type\":\"ListItem\",\"position\":1,\"name\":\"Strona g\u0142\u00f3wna\",\"item\":\"https:\/\/ironsky.pl\/sklep\/\"},{\"@type\":\"ListItem\",\"position\":2,\"name\":\"Wszystkie produkty\",\"item\":\"https:\/\/ironsky.pl\/sklep\/produkty\/\"},{\"@type\":\"ListItem\",\"position\":3,\"name\":\"Statyw elastyczny PULUZ z pilotem do telefonu i kamer\"}]},{\"@type\":\"WebSite\",\"@id\":\"https:\/\/ironsky.pl\/sklep\/#website\",\"url\":\"https:\/\/ironsky.pl\/sklep\/\",\"name\":\"IRONSKY.PL Sklep z Dronami\",\"description\":\"IRONSKY.PL Sklep z Dronami\",\"potentialAction\":[{\"@type\":\"SearchAction\",\"target\":{\"@type\":\"EntryPoint\",\"urlTemplate\":\"https:\/\/ironsky.pl\/sklep\/?s={search_term_string}\"},\"query-input\":{\"@type\":\"PropertyValueSpecification\",\"valueRequired\":true,\"valueName\":\"search_term_string\"}}],\"inLanguage\":\"pl-PL\"}]}<\/script>\n<!-- \/ Yoast SEO plugin. -->","yoast_head_json":{"title":"Statyw elastyczny PULUZ z pilotem do telefonu i kamer - IRONSKY.PL Sklep z Dronami","description":"Statyw elastyczny PULUZ z pilotem do telefonu i kamer - \u2705 sklep z dronami i fachowym doradztwem. \u2705 Tutaj kupisz produkty DJI, Yuneec, Parrot, Syma i wiele innych, a tak\u017ce kursy i licencje na operatora drona.","robots":{"index":"index","follow":"follow","max-snippet":"max-snippet:-1","max-image-preview":"max-image-preview:large","max-video-preview":"max-video-preview:-1"},"canonical":"https:\/\/ironsky.pl\/sklep\/produkt\/statyw-elastyczny-puluz-z-pilotem-do-telefonu-i-kamer\/","og_locale":"pl_PL","og_type":"article","og_title":"Statyw elastyczny PULUZ z pilotem do telefonu i kamer - IRONSKY.PL Sklep z Dronami","og_description":"Statyw elastyczny PULUZ z pilotem do telefonu i kamer - \u2705 sklep z dronami i fachowym doradztwem. \u2705 Tutaj kupisz produkty DJI, Yuneec, Parrot, Syma i wiele innych, a tak\u017ce kursy i licencje na operatora drona.","og_url":"https:\/\/ironsky.pl\/sklep\/produkt\/statyw-elastyczny-puluz-z-pilotem-do-telefonu-i-kamer\/","og_site_name":"IRONSKY.PL Sklep z Dronami","article_modified_time":"2026-04-15T08:24:44+00:00","og_image":[{"width":800,"height":800,"url":"https:\/\/ironsky.pl\/sklep\/wp-content\/uploads\/2026\/04\/34303_1.jpg","type":"image\/jpeg"}],"twitter_card":"summary_large_image","twitter_misc":{"Szacowany czas czytania":"2 minuty"},"schema":{"@context":"https:\/\/schema.org","@graph":[{"@type":"WebPage","@id":"https:\/\/ironsky.pl\/sklep\/produkt\/statyw-elastyczny-puluz-z-pilotem-do-telefonu-i-kamer\/","url":"https:\/\/ironsky.pl\/sklep\/produkt\/statyw-elastyczny-puluz-z-pilotem-do-telefonu-i-kamer\/","name":"Statyw elastyczny PULUZ z pilotem do telefonu i kamer - IRONSKY.PL Sklep z Dronami","isPartOf":{"@id":"https:\/\/ironsky.pl\/sklep\/#website"},"primaryImageOfPage":{"@id":"https:\/\/ironsky.pl\/sklep\/produkt\/statyw-elastyczny-puluz-z-pilotem-do-telefonu-i-kamer\/#primaryimage"},"image":{"@id":"https:\/\/ironsky.pl\/sklep\/produkt\/statyw-elastyczny-puluz-z-pilotem-do-telefonu-i-kamer\/#primaryimage"},"thumbnailUrl":"https:\/\/ironsky.pl\/sklep\/wp-content\/uploads\/2026\/04\/34303_1.jpg","datePublished":"2026-04-15T08:24:43+00:00","dateModified":"2026-04-15T08:24:44+00:00","description":"Statyw elastyczny PULUZ z pilotem do telefonu i kamer - \u2705 sklep z dronami i fachowym doradztwem. \u2705 Tutaj kupisz produkty DJI, Yuneec, Parrot, Syma i wiele innych, a tak\u017ce kursy i licencje na operatora drona.","breadcrumb":{"@id":"https:\/\/ironsky.pl\/sklep\/produkt\/statyw-elastyczny-puluz-z-pilotem-do-telefonu-i-kamer\/#breadcrumb"},"inLanguage":"pl-PL","potentialAction":[{"@type":"ReadAction","target":["https:\/\/ironsky.pl\/sklep\/produkt\/statyw-elastyczny-puluz-z-pilotem-do-telefonu-i-kamer\/"]}]},{"@type":"ImageObject","inLanguage":"pl-PL","@id":"https:\/\/ironsky.pl\/sklep\/produkt\/statyw-elastyczny-puluz-z-pilotem-do-telefonu-i-kamer\/#primaryimage","url":"https:\/\/ironsky.pl\/sklep\/wp-content\/uploads\/2026\/04\/34303_1.jpg","contentUrl":"https:\/\/ironsky.pl\/sklep\/wp-content\/uploads\/2026\/04\/34303_1.jpg","width":800,"height":800},{"@type":"BreadcrumbList","@id":"https:\/\/ironsky.pl\/sklep\/produkt\/statyw-elastyczny-puluz-z-pilotem-do-telefonu-i-kamer\/#breadcrumb","itemListElement":[{"@type":"ListItem","position":1,"name":"Strona g\u0142\u00f3wna","item":"https:\/\/ironsky.pl\/sklep\/"},{"@type":"ListItem","position":2,"name":"Wszystkie produkty","item":"https:\/\/ironsky.pl\/sklep\/produkty\/"},{"@type":"ListItem","position":3,"name":"Statyw elastyczny PULUZ z pilotem do telefonu i kamer"}]},{"@type":"WebSite","@id":"https:\/\/ironsky.pl\/sklep\/#website","url":"https:\/\/ironsky.pl\/sklep\/","name":"IRONSKY.PL Sklep z Dronami","description":"IRONSKY.PL Sklep z Dronami","potentialAction":[{"@type":"SearchAction","target":{"@type":"EntryPoint","urlTemplate":"https:\/\/ironsky.pl\/sklep\/?s={search_term_string}"},"query-input":{"@type":"PropertyValueSpecification","valueRequired":true,"valueName":"search_term_string"}}],"inLanguage":"pl-PL"}]}},"_links":{"self":[{"href":"https:\/\/ironsky.pl\/sklep\/wp-json\/wp\/v2\/product\/57319","targetHints":{"allow":["GET"]}}],"collection":[{"href":"https:\/\/ironsky.pl\/sklep\/wp-json\/wp\/v2\/product"}],"about":[{"href":"https:\/\/ironsky.pl\/sklep\/wp-json\/wp\/v2\/types\/product"}],"replies":[{"embeddable":true,"href":"https:\/\/ironsky.pl\/sklep\/wp-json\/wp\/v2\/comments?post=57319"}],"wp:featuredmedia":[{"embeddable":true,"href":"https:\/\/ironsky.pl\/sklep\/wp-json\/wp\/v2\/media\/57320"}],"wp:attachment":[{"href":"https:\/\/ironsky.pl\/sklep\/wp-json\/wp\/v2\/media?parent=57319"}],"wp:term":[{"taxonomy":"product_brand","embeddable":true,"href":"https:\/\/ironsky.pl\/sklep\/wp-json\/wp\/v2\/product_brand?post=57319"},{"taxonomy":"product_cat","embeddable":true,"href":"https:\/\/ironsky.pl\/sklep\/wp-json\/wp\/v2\/product_cat?post=57319"},{"taxonomy":"product_tag","embeddable":true,"href":"https:\/\/ironsky.pl\/sklep\/wp-json\/wp\/v2\/product_tag?post=57319"}],"curies":[{"name":"wp","href":"https:\/\/api.w.org\/{rel}","templated":true}]}}