{"id":57316,"date":"2026-04-15T10:24:09","date_gmt":"2026-04-15T08:24:09","guid":{"rendered":"https:\/\/ironsky.pl\/sklep\/produkt\/zestaw-filtrow-sunnylife-mcuv-cpl-nd4-32-do-go-3-2\/"},"modified":"2026-04-15T10:24:42","modified_gmt":"2026-04-15T08:24:42","slug":"zestaw-filtrow-sunnylife-mcuv-cpl-nd4-32-do-go-3-2","status":"publish","type":"product","link":"https:\/\/ironsky.pl\/sklep\/produkt\/zestaw-filtrow-sunnylife-mcuv-cpl-nd4-32-do-go-3-2\/","title":{"rendered":"Zestaw filtr\u00f3w SUNNYLIFE MCUV\/CPL\/ND4-32 do GO 3\/2"},"content":{"rendered":"<h3>Zestaw filtr\u00f3w MCUV, CPL, ND 4\/8\/16\/32 Sunnylife do kamery Insta360 GO 3\/2<\/h3>\n<p>Zestaw filtr\u00f3w marki Sunnylife to kompleksowe narz\u0119dzie dla Twojej kreatywno\u015bci, zawieraj\u0105cy filtry MCUV, CPL, ND4 i ND8. Ten zestaw rozszerza Twoje mo\u017cliwo\u015bci tw\u00f3rcze, u\u0142atwiaj\u0105c osi\u0105gni\u0119cie fantastycznych rezultat\u00f3w dzi\u0119ki materia\u0142om najwy\u017cszej jako\u015bci oraz doskona\u0142emu wykonaniu. Filtry te spe\u0142niaj\u0105 wiele zada\u0144: redukuj\u0105 b\u0142yski oraz ilo\u015b\u0107 promieniowania UV, a tak\u017ce dodaj\u0105 g\u0142\u0119bi i \u017cycia Twoim zdj\u0119ciom i filmom. Zastosowanie filtra MCUV pozwala ochroni\u0107 obiektyw przed szkodliwym promieniowaniem UV, co mo\u017ce poprawi\u0107 og\u00f3ln\u0105 jako\u015b\u0107 zdj\u0119\u0107 i film\u00f3w. Filtr CPL eliminuje odblaski niemetaliczne, podkre\u015blaj\u0105c kolory i kontrasty w Twoich materia\u0142ach. Filtry ND4 i ND8 umo\u017cliwiaj\u0105 kontrol\u0119 nad ilo\u015bci\u0105 \u015bwiat\u0142a, co pozwala na kreatywne eksperymentowanie z czasem na\u015bwietlania i efektami ruchu.<\/p>\n<p><img decoding=\"async\" src=\"https:\/\/b2b.innpro.pl\/data\/include\/cms\/Sunnylife\/IST-FI9317\/6.jpg\" border=\"0\" alt=\"Sunnylife\/IST-FI9317\/6\" \/><\/p>\n<h3>Wielowarstwowa ochrona<\/h3>\n<p>Dzi\u0119ki zastosowaniu wielowarstwowej folii powlekanej, filtry wyposa\u017cone w t\u0119 ochronn\u0105 warstw\u0119 zapewniaj\u0105 nie tylko klarowno\u015b\u0107 obrazu, ale tak\u017ce zachowuj\u0105 realistyczne barwy. W dodatku chroni\u0105 one obiektyw przed ryzykiem zarysowa\u0144, wilgoci oraz oleistych zabrudze\u0144. To idealne rozwi\u0105zanie zar\u00f3wno dla entuzjast\u00f3w, jak i profesjonalist\u00f3w, kt\u00f3rzy d\u0105\u017c\u0105 do osi\u0105gni\u0119cia doskona\u0142ej jako\u015bci w ka\u017cdym uj\u0119ciu. Ramka filtr\u00f3w wykonana z lekkiego aluminium lotniczego dodatkowo gwarantuje trwa\u0142o\u015b\u0107 i wytrzyma\u0142o\u015b\u0107 produktu.<\/p>\n<p><img decoding=\"async\" src=\"https:\/\/b2b.innpro.pl\/data\/include\/cms\/Sunnylife\/IST-FI9317\/3.jpg\" border=\"0\" alt=\"Sunnylife\/IST-FI9317\/3\" \/><\/p>\n<h3>Filtr CPL<\/h3>\n<p>Filtr CPL pozwala wydoby\u0107 naturalne pi\u0119kno otoczenia. Skutecznie redukuje niemetaliczne odblaski \u015bwiat\u0142a, jednocze\u015bnie wzmacniaj\u0105c intensywno\u015bci kolor\u00f3w i podkre\u015blaj\u0105c elementy takie jak niebo, chmury czy woda. Sprawdza si\u0119 \u015bwietnie podczas fotografowania przez szk\u0142o oraz pod wod\u0105.<\/p>\n<p><img decoding=\"async\" src=\"https:\/\/b2b.innpro.pl\/data\/include\/cms\/Sunnylife\/IST-FI9317\/5.jpg\" border=\"0\" alt=\"Sunnylife\/IST-FI9317\/5\" \/><\/p>\n<h3>Filtry ND<\/h3>\n<p>Filtry ND o r\u00f3\u017cnych stopniach intensywno\u015bci (ND 4, ND 8, ND 16, ND 32) dzia\u0142aj\u0105 przez ograniczenie ilo\u015bci padaj\u0105cego na scen\u0119 \u015bwiat\u0142a, co pomaga unikn\u0105\u0107 prze\u015bwietlenia. Wykorzystanie filtr\u00f3w ND pozwala wyd\u0142u\u017cy\u0107 czas na\u015bwietlania, co umo\u017cliwia zarejestrowanie poruszaj\u0105cych si\u0119 obiekt\u00f3w jako rozmytych smug, takich jak woda czy \u015bwiat\u0142a. Efekt ten tworzy artystyczne rozmycie, kt\u00f3re dodaje dynamiki i charakteru fotografii. Zastosowanie tych filtr\u00f3w mo\u017ce znacz\u0105co wp\u0142yn\u0105\u0107 na jako\u015b\u0107 i estetyk\u0119 zdj\u0119\u0107, daj\u0105c fotografom narz\u0119dzie do wyra\u017cania swojej kreatywno\u015bci na nowe sposoby.<\/p>\n<p><img decoding=\"async\" src=\"https:\/\/b2b.innpro.pl\/data\/include\/cms\/Sunnylife\/IST-FI9317\/2.jpg\" border=\"0\" alt=\"Sunnylife\/IST-FI9317\/2\" \/><\/p>\n<h3>Filtry MCUV<\/h3>\n<p>Filtr MCUV to praktyczne rozwi\u0105zanie zar\u00f3wno dla pasjonat\u00f3w, jak i ekspert\u00f3w w dziedzinie. Dzi\u0119ki ograniczaniu ilo\u015bci promieni ultrafioletowych, rozszerza dystans widzenia aparatu, szczeg\u00f3lnie w g\u00f3rskich krajobrazach lub na du\u017cych wysoko\u015bciach. R\u00f3wnocze\u015bnie pe\u0142ni rol\u0119 dodatkowej os\u0142ony obiektywu, chroni\u0105c go przed ewentualnymi uszkodzeniami mechanicznymi. Ten zestaw jest idealnym narz\u0119dziem dla pasjonat\u00f3w fotografii i filmowania, pozwalaj\u0105c na odkrywanie nowych mo\u017cliwo\u015bci oraz uzyskiwanie imponuj\u0105cych rezultat\u00f3w dzi\u0119ki doskona\u0142ej jako\u015bci filtr\u00f3w Sunnylife.<\/p>\n<p><img decoding=\"async\" src=\"https:\/\/b2b.innpro.pl\/data\/include\/cms\/Sunnylife\/IST-FI9317\/4.jpg\" border=\"0\" alt=\"Sunnylife\/IST-FI9317\/4\" \/><\/p>\n<h3>Zawarto\u015b\u0107 zestawu<\/h3>\n<ul>\n<li>Filtr MCUV x 1<\/li>\n<li>Filtr CPL x 1<\/li>\n<li>Filtr ND4 x 1<\/li>\n<li>Filtr ND8 x 1<\/li>\n<li>Filtr ND16 x 1<\/li>\n<li>Filtr ND32 x 1<\/li>\n<\/ul>\n<div class=\"table-wrapper\">\n<table>\n<tbody>\n<tr>\n<th>Marka<\/th>\n<td>Sunnylife<\/td>\n<\/tr>\n<tr>\n<th>Model<\/th>\n<td>IST-FI9316<\/td>\n<\/tr>\n<tr>\n<th>Kompatybilno\u015b\u0107<\/th>\n<td>Insta360 Go 3\/Go 2<\/td>\n<\/tr>\n<tr>\n<th>Materia\u0142<\/th>\n<td>Aluminium, szk\u0142o optyczne<\/td>\n<\/tr>\n<\/tbody>\n<\/table>\n<\/div>\n<style type=\"text\/css\"><!--\ntd {border: 1px solid #cccccc;}br {mso-data-placement:same-cell;}\n--><\/style>\n","protected":false},"excerpt":{"rendered":"<p>Zestaw filtr\u00f3w MCUV, CPL, ND 4\/8\/16\/32 Sunnylife do kamery Insta360 GO 3\/2 Zestaw filtr\u00f3w marki Sunnylife to kompleksowe narz\u0119dzie dla<\/p>\n","protected":false},"featured_media":57317,"comment_status":"closed","ping_status":"open","template":"","meta":{"_acf_changed":false},"product_brand":[],"product_cat":[1130,1137,1128],"product_tag":[],"class_list":{"0":"post-57316","1":"product","2":"type-product","3":"status-publish","4":"has-post-thumbnail","6":"product_cat-akcesoria-foto","7":"product_cat-do-kamer-sportowych","8":"product_cat-foto-wideo","9":"pa_okres-gwarancji-5754","10":"pa_producent-sunnylife","12":"first","13":"outofstock","14":"taxable","15":"shipping-taxable","16":"purchasable","17":"product-type-simple"},"acf":[],"yoast_head":"<!-- This site is optimized with the Yoast SEO plugin v27.2 - https:\/\/yoast.com\/product\/yoast-seo-wordpress\/ -->\n<title>Zestaw filtr\u00f3w SUNNYLIFE MCUV\/CPL\/ND4-32 do GO 3\/2 - IRONSKY.PL Sklep z Dronami<\/title>\n<meta name=\"description\" content=\"Zestaw filtr\u00f3w SUNNYLIFE MCUV\/CPL\/ND4-32 do GO 3\/2 - \u2705 sklep z dronami i fachowym doradztwem. \u2705 Tutaj kupisz produkty DJI, Yuneec, Parrot, Syma i wiele innych, a tak\u017ce kursy i licencje na operatora drona.\" \/>\n<meta name=\"robots\" content=\"index, follow, max-snippet:-1, max-image-preview:large, max-video-preview:-1\" \/>\n<link rel=\"canonical\" href=\"https:\/\/ironsky.pl\/sklep\/produkt\/zestaw-filtrow-sunnylife-mcuv-cpl-nd4-32-do-go-3-2\/\" \/>\n<meta property=\"og:locale\" content=\"pl_PL\" \/>\n<meta property=\"og:type\" content=\"article\" \/>\n<meta property=\"og:title\" content=\"Zestaw filtr\u00f3w SUNNYLIFE MCUV\/CPL\/ND4-32 do GO 3\/2 - IRONSKY.PL Sklep z Dronami\" \/>\n<meta property=\"og:description\" content=\"Zestaw filtr\u00f3w SUNNYLIFE MCUV\/CPL\/ND4-32 do GO 3\/2 - \u2705 sklep z dronami i fachowym doradztwem. \u2705 Tutaj kupisz produkty DJI, Yuneec, Parrot, Syma i wiele innych, a tak\u017ce kursy i licencje na operatora drona.\" \/>\n<meta property=\"og:url\" content=\"https:\/\/ironsky.pl\/sklep\/produkt\/zestaw-filtrow-sunnylife-mcuv-cpl-nd4-32-do-go-3-2\/\" \/>\n<meta property=\"og:site_name\" content=\"IRONSKY.PL Sklep z Dronami\" \/>\n<meta property=\"article:modified_time\" content=\"2026-04-15T08:24:42+00:00\" \/>\n<meta property=\"og:image\" content=\"https:\/\/ironsky.pl\/sklep\/wp-content\/uploads\/2026\/04\/34204_2.jpg\" \/>\n\t<meta property=\"og:image:width\" content=\"800\" \/>\n\t<meta property=\"og:image:height\" content=\"800\" \/>\n\t<meta property=\"og:image:type\" content=\"image\/jpeg\" \/>\n<meta name=\"twitter:card\" content=\"summary_large_image\" \/>\n<meta name=\"twitter:label1\" content=\"Szacowany czas czytania\" \/>\n\t<meta name=\"twitter:data1\" content=\"3 minuty\" \/>\n<script type=\"application\/ld+json\" class=\"yoast-schema-graph\">{\"@context\":\"https:\/\/schema.org\",\"@graph\":[{\"@type\":\"WebPage\",\"@id\":\"https:\/\/ironsky.pl\/sklep\/produkt\/zestaw-filtrow-sunnylife-mcuv-cpl-nd4-32-do-go-3-2\/\",\"url\":\"https:\/\/ironsky.pl\/sklep\/produkt\/zestaw-filtrow-sunnylife-mcuv-cpl-nd4-32-do-go-3-2\/\",\"name\":\"Zestaw filtr\u00f3w SUNNYLIFE MCUV\/CPL\/ND4-32 do GO 3\/2 - IRONSKY.PL Sklep z Dronami\",\"isPartOf\":{\"@id\":\"https:\/\/ironsky.pl\/sklep\/#website\"},\"primaryImageOfPage\":{\"@id\":\"https:\/\/ironsky.pl\/sklep\/produkt\/zestaw-filtrow-sunnylife-mcuv-cpl-nd4-32-do-go-3-2\/#primaryimage\"},\"image\":{\"@id\":\"https:\/\/ironsky.pl\/sklep\/produkt\/zestaw-filtrow-sunnylife-mcuv-cpl-nd4-32-do-go-3-2\/#primaryimage\"},\"thumbnailUrl\":\"https:\/\/ironsky.pl\/sklep\/wp-content\/uploads\/2026\/04\/34204_2.jpg\",\"datePublished\":\"2026-04-15T08:24:09+00:00\",\"dateModified\":\"2026-04-15T08:24:42+00:00\",\"description\":\"Zestaw filtr\u00f3w SUNNYLIFE MCUV\/CPL\/ND4-32 do GO 3\/2 - \u2705 sklep z dronami i fachowym doradztwem. \u2705 Tutaj kupisz produkty DJI, Yuneec, Parrot, Syma i wiele innych, a tak\u017ce kursy i licencje na operatora drona.\",\"breadcrumb\":{\"@id\":\"https:\/\/ironsky.pl\/sklep\/produkt\/zestaw-filtrow-sunnylife-mcuv-cpl-nd4-32-do-go-3-2\/#breadcrumb\"},\"inLanguage\":\"pl-PL\",\"potentialAction\":[{\"@type\":\"ReadAction\",\"target\":[\"https:\/\/ironsky.pl\/sklep\/produkt\/zestaw-filtrow-sunnylife-mcuv-cpl-nd4-32-do-go-3-2\/\"]}]},{\"@type\":\"ImageObject\",\"inLanguage\":\"pl-PL\",\"@id\":\"https:\/\/ironsky.pl\/sklep\/produkt\/zestaw-filtrow-sunnylife-mcuv-cpl-nd4-32-do-go-3-2\/#primaryimage\",\"url\":\"https:\/\/ironsky.pl\/sklep\/wp-content\/uploads\/2026\/04\/34204_2.jpg\",\"contentUrl\":\"https:\/\/ironsky.pl\/sklep\/wp-content\/uploads\/2026\/04\/34204_2.jpg\",\"width\":800,\"height\":800},{\"@type\":\"BreadcrumbList\",\"@id\":\"https:\/\/ironsky.pl\/sklep\/produkt\/zestaw-filtrow-sunnylife-mcuv-cpl-nd4-32-do-go-3-2\/#breadcrumb\",\"itemListElement\":[{\"@type\":\"ListItem\",\"position\":1,\"name\":\"Strona g\u0142\u00f3wna\",\"item\":\"https:\/\/ironsky.pl\/sklep\/\"},{\"@type\":\"ListItem\",\"position\":2,\"name\":\"Wszystkie produkty\",\"item\":\"https:\/\/ironsky.pl\/sklep\/produkty\/\"},{\"@type\":\"ListItem\",\"position\":3,\"name\":\"Zestaw filtr\u00f3w SUNNYLIFE MCUV\/CPL\/ND4-32 do GO 3\/2\"}]},{\"@type\":\"WebSite\",\"@id\":\"https:\/\/ironsky.pl\/sklep\/#website\",\"url\":\"https:\/\/ironsky.pl\/sklep\/\",\"name\":\"IRONSKY.PL Sklep z Dronami\",\"description\":\"IRONSKY.PL Sklep z Dronami\",\"potentialAction\":[{\"@type\":\"SearchAction\",\"target\":{\"@type\":\"EntryPoint\",\"urlTemplate\":\"https:\/\/ironsky.pl\/sklep\/?s={search_term_string}\"},\"query-input\":{\"@type\":\"PropertyValueSpecification\",\"valueRequired\":true,\"valueName\":\"search_term_string\"}}],\"inLanguage\":\"pl-PL\"}]}<\/script>\n<!-- \/ Yoast SEO plugin. -->","yoast_head_json":{"title":"Zestaw filtr\u00f3w SUNNYLIFE MCUV\/CPL\/ND4-32 do GO 3\/2 - IRONSKY.PL Sklep z Dronami","description":"Zestaw filtr\u00f3w SUNNYLIFE MCUV\/CPL\/ND4-32 do GO 3\/2 - \u2705 sklep z dronami i fachowym doradztwem. \u2705 Tutaj kupisz produkty DJI, Yuneec, Parrot, Syma i wiele innych, a tak\u017ce kursy i licencje na operatora drona.","robots":{"index":"index","follow":"follow","max-snippet":"max-snippet:-1","max-image-preview":"max-image-preview:large","max-video-preview":"max-video-preview:-1"},"canonical":"https:\/\/ironsky.pl\/sklep\/produkt\/zestaw-filtrow-sunnylife-mcuv-cpl-nd4-32-do-go-3-2\/","og_locale":"pl_PL","og_type":"article","og_title":"Zestaw filtr\u00f3w SUNNYLIFE MCUV\/CPL\/ND4-32 do GO 3\/2 - IRONSKY.PL Sklep z Dronami","og_description":"Zestaw filtr\u00f3w SUNNYLIFE MCUV\/CPL\/ND4-32 do GO 3\/2 - \u2705 sklep z dronami i fachowym doradztwem. \u2705 Tutaj kupisz produkty DJI, Yuneec, Parrot, Syma i wiele innych, a tak\u017ce kursy i licencje na operatora drona.","og_url":"https:\/\/ironsky.pl\/sklep\/produkt\/zestaw-filtrow-sunnylife-mcuv-cpl-nd4-32-do-go-3-2\/","og_site_name":"IRONSKY.PL Sklep z Dronami","article_modified_time":"2026-04-15T08:24:42+00:00","og_image":[{"width":800,"height":800,"url":"https:\/\/ironsky.pl\/sklep\/wp-content\/uploads\/2026\/04\/34204_2.jpg","type":"image\/jpeg"}],"twitter_card":"summary_large_image","twitter_misc":{"Szacowany czas czytania":"3 minuty"},"schema":{"@context":"https:\/\/schema.org","@graph":[{"@type":"WebPage","@id":"https:\/\/ironsky.pl\/sklep\/produkt\/zestaw-filtrow-sunnylife-mcuv-cpl-nd4-32-do-go-3-2\/","url":"https:\/\/ironsky.pl\/sklep\/produkt\/zestaw-filtrow-sunnylife-mcuv-cpl-nd4-32-do-go-3-2\/","name":"Zestaw filtr\u00f3w SUNNYLIFE MCUV\/CPL\/ND4-32 do GO 3\/2 - IRONSKY.PL Sklep z Dronami","isPartOf":{"@id":"https:\/\/ironsky.pl\/sklep\/#website"},"primaryImageOfPage":{"@id":"https:\/\/ironsky.pl\/sklep\/produkt\/zestaw-filtrow-sunnylife-mcuv-cpl-nd4-32-do-go-3-2\/#primaryimage"},"image":{"@id":"https:\/\/ironsky.pl\/sklep\/produkt\/zestaw-filtrow-sunnylife-mcuv-cpl-nd4-32-do-go-3-2\/#primaryimage"},"thumbnailUrl":"https:\/\/ironsky.pl\/sklep\/wp-content\/uploads\/2026\/04\/34204_2.jpg","datePublished":"2026-04-15T08:24:09+00:00","dateModified":"2026-04-15T08:24:42+00:00","description":"Zestaw filtr\u00f3w SUNNYLIFE MCUV\/CPL\/ND4-32 do GO 3\/2 - \u2705 sklep z dronami i fachowym doradztwem. \u2705 Tutaj kupisz produkty DJI, Yuneec, Parrot, Syma i wiele innych, a tak\u017ce kursy i licencje na operatora drona.","breadcrumb":{"@id":"https:\/\/ironsky.pl\/sklep\/produkt\/zestaw-filtrow-sunnylife-mcuv-cpl-nd4-32-do-go-3-2\/#breadcrumb"},"inLanguage":"pl-PL","potentialAction":[{"@type":"ReadAction","target":["https:\/\/ironsky.pl\/sklep\/produkt\/zestaw-filtrow-sunnylife-mcuv-cpl-nd4-32-do-go-3-2\/"]}]},{"@type":"ImageObject","inLanguage":"pl-PL","@id":"https:\/\/ironsky.pl\/sklep\/produkt\/zestaw-filtrow-sunnylife-mcuv-cpl-nd4-32-do-go-3-2\/#primaryimage","url":"https:\/\/ironsky.pl\/sklep\/wp-content\/uploads\/2026\/04\/34204_2.jpg","contentUrl":"https:\/\/ironsky.pl\/sklep\/wp-content\/uploads\/2026\/04\/34204_2.jpg","width":800,"height":800},{"@type":"BreadcrumbList","@id":"https:\/\/ironsky.pl\/sklep\/produkt\/zestaw-filtrow-sunnylife-mcuv-cpl-nd4-32-do-go-3-2\/#breadcrumb","itemListElement":[{"@type":"ListItem","position":1,"name":"Strona g\u0142\u00f3wna","item":"https:\/\/ironsky.pl\/sklep\/"},{"@type":"ListItem","position":2,"name":"Wszystkie produkty","item":"https:\/\/ironsky.pl\/sklep\/produkty\/"},{"@type":"ListItem","position":3,"name":"Zestaw filtr\u00f3w SUNNYLIFE MCUV\/CPL\/ND4-32 do GO 3\/2"}]},{"@type":"WebSite","@id":"https:\/\/ironsky.pl\/sklep\/#website","url":"https:\/\/ironsky.pl\/sklep\/","name":"IRONSKY.PL Sklep z Dronami","description":"IRONSKY.PL Sklep z Dronami","potentialAction":[{"@type":"SearchAction","target":{"@type":"EntryPoint","urlTemplate":"https:\/\/ironsky.pl\/sklep\/?s={search_term_string}"},"query-input":{"@type":"PropertyValueSpecification","valueRequired":true,"valueName":"search_term_string"}}],"inLanguage":"pl-PL"}]}},"_links":{"self":[{"href":"https:\/\/ironsky.pl\/sklep\/wp-json\/wp\/v2\/product\/57316","targetHints":{"allow":["GET"]}}],"collection":[{"href":"https:\/\/ironsky.pl\/sklep\/wp-json\/wp\/v2\/product"}],"about":[{"href":"https:\/\/ironsky.pl\/sklep\/wp-json\/wp\/v2\/types\/product"}],"replies":[{"embeddable":true,"href":"https:\/\/ironsky.pl\/sklep\/wp-json\/wp\/v2\/comments?post=57316"}],"wp:featuredmedia":[{"embeddable":true,"href":"https:\/\/ironsky.pl\/sklep\/wp-json\/wp\/v2\/media\/57317"}],"wp:attachment":[{"href":"https:\/\/ironsky.pl\/sklep\/wp-json\/wp\/v2\/media?parent=57316"}],"wp:term":[{"taxonomy":"product_brand","embeddable":true,"href":"https:\/\/ironsky.pl\/sklep\/wp-json\/wp\/v2\/product_brand?post=57316"},{"taxonomy":"product_cat","embeddable":true,"href":"https:\/\/ironsky.pl\/sklep\/wp-json\/wp\/v2\/product_cat?post=57316"},{"taxonomy":"product_tag","embeddable":true,"href":"https:\/\/ironsky.pl\/sklep\/wp-json\/wp\/v2\/product_tag?post=57316"}],"curies":[{"name":"wp","href":"https:\/\/api.w.org\/{rel}","templated":true}]}}