{"id":57312,"date":"2026-04-15T10:24:09","date_gmt":"2026-04-15T08:24:09","guid":{"rendered":"https:\/\/ironsky.pl\/sklep\/produkt\/namiot-bezcieniowy-puluz-pu5029-wymiary-20cm\/"},"modified":"2026-04-15T10:24:40","modified_gmt":"2026-04-15T08:24:40","slug":"namiot-bezcieniowy-puluz-pu5029-wymiary-20cm","status":"publish","type":"product","link":"https:\/\/ironsky.pl\/sklep\/produkt\/namiot-bezcieniowy-puluz-pu5029-wymiary-20cm\/","title":{"rendered":"Namiot bezcieniowy PULUZ PU5029 wymiary 20cm"},"content":{"rendered":"<h3>Namiot bezcieniowy Puluz 20cm LED PU5029<\/h3>\n<p>Tworzenie profesjonalnych zdj\u0119\u0107 produkt\u00f3w sta\u0142o si\u0119 prostsze ni\u017c kiedykolwiek dzi\u0119ki namiotowi bezcieniowemu PULUZ. To niezast\u0105pione narz\u0119dzie dla entuzjast\u00f3w fotografii, umo\u017cliwiaj\u0105ce \u0142atwe i efektywne fotografowanie drobnych przedmiot\u00f3w. Dzi\u0119ki wbudowanemu o\u015bwietleniu LED oraz t\u0142a w kolorze bia\u0142ym i czarnym, tworzenie profesjonalnych zdj\u0119\u0107 nigdy nie by\u0142o takie proste.<\/p>\n<p><img decoding=\"async\" src=\"https:\/\/b2b.innpro.pl\/data\/include\/cms\/02Puluz\/PU5029\/2.jpg\" alt=\"02Puluz\/PU5029\/2\"><\/p>\n<h3>Szybkie i zachwycaj\u0105ce fotografie<\/h3>\n<p>Namiot bezcieniowy PULUZ to niezb\u0119dne narz\u0119dzie dla wszystkich entuzjast\u00f3w fotografii, rzemie\u015blnik\u00f3w, artyst\u00f3w, a tak\u017ce sprzedawc\u00f3w internetowych, profesjonalist\u00f3w i klient\u00f3w z bran\u017cy reklamy produkt\u00f3w. Ten innowacyjny produkt umo\u017cliwia szybkie i \u0142atwe fotografowanie drobnych przedmiot\u00f3w, takich jak bi\u017cuteria, akcesoria, zabawki, zegarki i wiele innych. Dzi\u0119ki niemu Twoje zdj\u0119cia staj\u0105 si\u0119 prawdziwymi dzie\u0142ami sztuki, kt\u00f3re zachwycaj\u0105 i przyci\u0105gaj\u0105 uwag\u0119, bez wzgl\u0119du na to, czy jeste\u015b pocz\u0105tkuj\u0105cym fotografem, czy profesjonalist\u0105.<\/p>\n<p><img decoding=\"async\" src=\"https:\/\/b2b.innpro.pl\/data\/include\/cms\/02Puluz\/PU5029\/7.jpg\" alt=\"02Puluz\/PU5029\/7\"><\/p>\n<h3>Przemy\u015blana konstrukcja <\/h3>\n<p>Namiot bezcieniowy PULZU to rewolucyjne rozwi\u0105zanie, kt\u00f3re pozwoli Ci stworzy\u0107 profesjonalne studio fotograficzne w zaledwie kilka minut! Dzi\u0119ki wyj\u0105tkowej konstrukcji z pod\u015bwietleniem LED mo\u017cesz \u0142atwo uzyska\u0107 idealne t\u0142o do fotografii produkt\u00f3w i przedmiot\u00f3w biznesowych. To nie tylko sk\u0142adany namiot bezcieniowy, kt\u00f3ry zapewnia wygod\u0119 w monta\u017cu i przenoszeniu, ale tak\u017ce klucz do szybkiego i efektywnego tworzenia wspania\u0142ych zdj\u0119\u0107, kt\u00f3re przyci\u0105gn\u0105 uwag\u0119 Twoich klient\u00f3w.<\/p>\n<p><img decoding=\"async\" src=\"https:\/\/b2b.innpro.pl\/data\/include\/cms\/02Puluz\/PU5029\/3.jpg\" alt=\"02Puluz\/PU5029\/3\"><\/p>\n<h3>Dodatkowe o\u015bwietlenie <\/h3>\n<p>Gad\u017cet PULUZ wyposa\u017cony jest w \u015bwiat\u0142o LED, kt\u00f3re zapewnia r\u00f3wnomierne o\u015bwietlenie i eliminuje cienie oraz odblaski na Twoich zdj\u0119ciach. Dzi\u0119ki temu Twoje produkty prezentuj\u0105 si\u0119 profesjonalnie i zachwycaj\u0105co. W zestawie znajdziesz tak\u017ce 2 r\u00f3\u017cne t\u0142a \u2014 jedno w kolorze bia\u0142ym, idealne do tworzenia jasnych, czystych uj\u0119\u0107, oraz drugie w kolorze czarnym, kt\u00f3re doskonale sprawdzi si\u0119 przy fotografowaniu kontrastowych produkt\u00f3w. To kompleksowe rozwi\u0105zanie, kt\u00f3re pozwoli Ci osi\u0105gn\u0105\u0107 doskona\u0142e rezultaty w fotografii produktowej.<\/p>\n<p><img decoding=\"async\" src=\"https:\/\/b2b.innpro.pl\/data\/include\/cms\/02Puluz\/PU5029\/4.jpg\" alt=\"02Puluz\/PU5029\/4\"><\/p>\n<h3>W zestawie <\/h3>\n<ul>\n<li>namiot bezcieniowy <\/li>\n<li>2 x t\u0142o (czarne i bia\u0142e)<\/li>\n<li>2w1 kabel mikro USB<\/li>\n<li>torba<\/li>\n<li>instrukcja obs\u0142ugi<\/li>\n<\/ul>\n<div class=\"table-wrapper\">\n<table>\n<tbody>\n<tr>\n<th>Producent <\/th>\n<td>PULUZ<\/td>\n<\/tr>\n<tr>\n<th>Model<\/th>\n<td>PU5029<\/td>\n<\/tr>\n<tr>\n<th>Wymiary <\/th>\n<td>24 \u00d7 23 \u00d7 23 cm<\/td>\n<\/tr>\n<tr>\n<th>Moc LED<\/th>\n<td>2 x 3,5 W<\/td>\n<\/tr>\n<tr>\n<th>Napi\u0119cie <\/th>\n<td>5 V<\/td>\n<\/tr>\n<\/tbody>\n<\/table>\n<\/div>\n","protected":false},"excerpt":{"rendered":"<p>Namiot bezcieniowy Puluz 20cm LED PU5029 Tworzenie profesjonalnych zdj\u0119\u0107 produkt\u00f3w sta\u0142o si\u0119 prostsze ni\u017c kiedykolwiek dzi\u0119ki namiotowi bezcieniowemu PULUZ. To<\/p>\n","protected":false},"featured_media":57313,"comment_status":"closed","ping_status":"open","template":"","meta":{"_acf_changed":false},"product_brand":[],"product_cat":[1128,6183,6182],"product_tag":[],"class_list":{"0":"post-57312","1":"product","2":"type-product","3":"status-publish","4":"has-post-thumbnail","6":"product_cat-foto-wideo","7":"product_cat-namioty-bezcieniowe-studio-fotograficzne","8":"product_cat-studio-fotograficzne","9":"pa_okres-gwarancji-5754","10":"pa_producent-puluz","12":"first","13":"outofstock","14":"taxable","15":"shipping-taxable","16":"purchasable","17":"product-type-simple"},"acf":[],"yoast_head":"<!-- This site is optimized with the Yoast SEO plugin v27.2 - https:\/\/yoast.com\/product\/yoast-seo-wordpress\/ -->\n<title>Namiot bezcieniowy PULUZ PU5029 wymiary 20cm - IRONSKY.PL Sklep z Dronami<\/title>\n<meta name=\"description\" content=\"Namiot bezcieniowy PULUZ PU5029 wymiary 20cm - \u2705 sklep z dronami i fachowym doradztwem. \u2705 Tutaj kupisz produkty DJI, Yuneec, Parrot, Syma i wiele innych, a tak\u017ce kursy i licencje na operatora drona.\" \/>\n<meta name=\"robots\" content=\"index, follow, max-snippet:-1, max-image-preview:large, max-video-preview:-1\" \/>\n<link rel=\"canonical\" href=\"https:\/\/ironsky.pl\/sklep\/produkt\/namiot-bezcieniowy-puluz-pu5029-wymiary-20cm\/\" \/>\n<meta property=\"og:locale\" content=\"pl_PL\" \/>\n<meta property=\"og:type\" content=\"article\" \/>\n<meta property=\"og:title\" content=\"Namiot bezcieniowy PULUZ PU5029 wymiary 20cm - IRONSKY.PL Sklep z Dronami\" \/>\n<meta property=\"og:description\" content=\"Namiot bezcieniowy PULUZ PU5029 wymiary 20cm - \u2705 sklep z dronami i fachowym doradztwem. \u2705 Tutaj kupisz produkty DJI, Yuneec, Parrot, Syma i wiele innych, a tak\u017ce kursy i licencje na operatora drona.\" \/>\n<meta property=\"og:url\" content=\"https:\/\/ironsky.pl\/sklep\/produkt\/namiot-bezcieniowy-puluz-pu5029-wymiary-20cm\/\" \/>\n<meta property=\"og:site_name\" content=\"IRONSKY.PL Sklep z Dronami\" \/>\n<meta property=\"article:modified_time\" content=\"2026-04-15T08:24:40+00:00\" \/>\n<meta property=\"og:image\" content=\"https:\/\/ironsky.pl\/sklep\/wp-content\/uploads\/2026\/04\/34169_1.jpg\" \/>\n\t<meta property=\"og:image:width\" content=\"800\" \/>\n\t<meta property=\"og:image:height\" content=\"800\" \/>\n\t<meta property=\"og:image:type\" content=\"image\/jpeg\" \/>\n<meta name=\"twitter:card\" content=\"summary_large_image\" \/>\n<meta name=\"twitter:label1\" content=\"Szacowany czas czytania\" \/>\n\t<meta name=\"twitter:data1\" content=\"2 minuty\" \/>\n<script type=\"application\/ld+json\" class=\"yoast-schema-graph\">{\"@context\":\"https:\/\/schema.org\",\"@graph\":[{\"@type\":\"WebPage\",\"@id\":\"https:\/\/ironsky.pl\/sklep\/produkt\/namiot-bezcieniowy-puluz-pu5029-wymiary-20cm\/\",\"url\":\"https:\/\/ironsky.pl\/sklep\/produkt\/namiot-bezcieniowy-puluz-pu5029-wymiary-20cm\/\",\"name\":\"Namiot bezcieniowy PULUZ PU5029 wymiary 20cm - IRONSKY.PL Sklep z Dronami\",\"isPartOf\":{\"@id\":\"https:\/\/ironsky.pl\/sklep\/#website\"},\"primaryImageOfPage\":{\"@id\":\"https:\/\/ironsky.pl\/sklep\/produkt\/namiot-bezcieniowy-puluz-pu5029-wymiary-20cm\/#primaryimage\"},\"image\":{\"@id\":\"https:\/\/ironsky.pl\/sklep\/produkt\/namiot-bezcieniowy-puluz-pu5029-wymiary-20cm\/#primaryimage\"},\"thumbnailUrl\":\"https:\/\/ironsky.pl\/sklep\/wp-content\/uploads\/2026\/04\/34169_1.jpg\",\"datePublished\":\"2026-04-15T08:24:09+00:00\",\"dateModified\":\"2026-04-15T08:24:40+00:00\",\"description\":\"Namiot bezcieniowy PULUZ PU5029 wymiary 20cm - \u2705 sklep z dronami i fachowym doradztwem. \u2705 Tutaj kupisz produkty DJI, Yuneec, Parrot, Syma i wiele innych, a tak\u017ce kursy i licencje na operatora drona.\",\"breadcrumb\":{\"@id\":\"https:\/\/ironsky.pl\/sklep\/produkt\/namiot-bezcieniowy-puluz-pu5029-wymiary-20cm\/#breadcrumb\"},\"inLanguage\":\"pl-PL\",\"potentialAction\":[{\"@type\":\"ReadAction\",\"target\":[\"https:\/\/ironsky.pl\/sklep\/produkt\/namiot-bezcieniowy-puluz-pu5029-wymiary-20cm\/\"]}]},{\"@type\":\"ImageObject\",\"inLanguage\":\"pl-PL\",\"@id\":\"https:\/\/ironsky.pl\/sklep\/produkt\/namiot-bezcieniowy-puluz-pu5029-wymiary-20cm\/#primaryimage\",\"url\":\"https:\/\/ironsky.pl\/sklep\/wp-content\/uploads\/2026\/04\/34169_1.jpg\",\"contentUrl\":\"https:\/\/ironsky.pl\/sklep\/wp-content\/uploads\/2026\/04\/34169_1.jpg\",\"width\":800,\"height\":800},{\"@type\":\"BreadcrumbList\",\"@id\":\"https:\/\/ironsky.pl\/sklep\/produkt\/namiot-bezcieniowy-puluz-pu5029-wymiary-20cm\/#breadcrumb\",\"itemListElement\":[{\"@type\":\"ListItem\",\"position\":1,\"name\":\"Strona g\u0142\u00f3wna\",\"item\":\"https:\/\/ironsky.pl\/sklep\/\"},{\"@type\":\"ListItem\",\"position\":2,\"name\":\"Wszystkie produkty\",\"item\":\"https:\/\/ironsky.pl\/sklep\/produkty\/\"},{\"@type\":\"ListItem\",\"position\":3,\"name\":\"Namiot bezcieniowy PULUZ PU5029 wymiary 20cm\"}]},{\"@type\":\"WebSite\",\"@id\":\"https:\/\/ironsky.pl\/sklep\/#website\",\"url\":\"https:\/\/ironsky.pl\/sklep\/\",\"name\":\"IRONSKY.PL Sklep z Dronami\",\"description\":\"IRONSKY.PL Sklep z Dronami\",\"potentialAction\":[{\"@type\":\"SearchAction\",\"target\":{\"@type\":\"EntryPoint\",\"urlTemplate\":\"https:\/\/ironsky.pl\/sklep\/?s={search_term_string}\"},\"query-input\":{\"@type\":\"PropertyValueSpecification\",\"valueRequired\":true,\"valueName\":\"search_term_string\"}}],\"inLanguage\":\"pl-PL\"}]}<\/script>\n<!-- \/ Yoast SEO plugin. -->","yoast_head_json":{"title":"Namiot bezcieniowy PULUZ PU5029 wymiary 20cm - IRONSKY.PL Sklep z Dronami","description":"Namiot bezcieniowy PULUZ PU5029 wymiary 20cm - \u2705 sklep z dronami i fachowym doradztwem. \u2705 Tutaj kupisz produkty DJI, Yuneec, Parrot, Syma i wiele innych, a tak\u017ce kursy i licencje na operatora drona.","robots":{"index":"index","follow":"follow","max-snippet":"max-snippet:-1","max-image-preview":"max-image-preview:large","max-video-preview":"max-video-preview:-1"},"canonical":"https:\/\/ironsky.pl\/sklep\/produkt\/namiot-bezcieniowy-puluz-pu5029-wymiary-20cm\/","og_locale":"pl_PL","og_type":"article","og_title":"Namiot bezcieniowy PULUZ PU5029 wymiary 20cm - IRONSKY.PL Sklep z Dronami","og_description":"Namiot bezcieniowy PULUZ PU5029 wymiary 20cm - \u2705 sklep z dronami i fachowym doradztwem. \u2705 Tutaj kupisz produkty DJI, Yuneec, Parrot, Syma i wiele innych, a tak\u017ce kursy i licencje na operatora drona.","og_url":"https:\/\/ironsky.pl\/sklep\/produkt\/namiot-bezcieniowy-puluz-pu5029-wymiary-20cm\/","og_site_name":"IRONSKY.PL Sklep z Dronami","article_modified_time":"2026-04-15T08:24:40+00:00","og_image":[{"width":800,"height":800,"url":"https:\/\/ironsky.pl\/sklep\/wp-content\/uploads\/2026\/04\/34169_1.jpg","type":"image\/jpeg"}],"twitter_card":"summary_large_image","twitter_misc":{"Szacowany czas czytania":"2 minuty"},"schema":{"@context":"https:\/\/schema.org","@graph":[{"@type":"WebPage","@id":"https:\/\/ironsky.pl\/sklep\/produkt\/namiot-bezcieniowy-puluz-pu5029-wymiary-20cm\/","url":"https:\/\/ironsky.pl\/sklep\/produkt\/namiot-bezcieniowy-puluz-pu5029-wymiary-20cm\/","name":"Namiot bezcieniowy PULUZ PU5029 wymiary 20cm - IRONSKY.PL Sklep z Dronami","isPartOf":{"@id":"https:\/\/ironsky.pl\/sklep\/#website"},"primaryImageOfPage":{"@id":"https:\/\/ironsky.pl\/sklep\/produkt\/namiot-bezcieniowy-puluz-pu5029-wymiary-20cm\/#primaryimage"},"image":{"@id":"https:\/\/ironsky.pl\/sklep\/produkt\/namiot-bezcieniowy-puluz-pu5029-wymiary-20cm\/#primaryimage"},"thumbnailUrl":"https:\/\/ironsky.pl\/sklep\/wp-content\/uploads\/2026\/04\/34169_1.jpg","datePublished":"2026-04-15T08:24:09+00:00","dateModified":"2026-04-15T08:24:40+00:00","description":"Namiot bezcieniowy PULUZ PU5029 wymiary 20cm - \u2705 sklep z dronami i fachowym doradztwem. \u2705 Tutaj kupisz produkty DJI, Yuneec, Parrot, Syma i wiele innych, a tak\u017ce kursy i licencje na operatora drona.","breadcrumb":{"@id":"https:\/\/ironsky.pl\/sklep\/produkt\/namiot-bezcieniowy-puluz-pu5029-wymiary-20cm\/#breadcrumb"},"inLanguage":"pl-PL","potentialAction":[{"@type":"ReadAction","target":["https:\/\/ironsky.pl\/sklep\/produkt\/namiot-bezcieniowy-puluz-pu5029-wymiary-20cm\/"]}]},{"@type":"ImageObject","inLanguage":"pl-PL","@id":"https:\/\/ironsky.pl\/sklep\/produkt\/namiot-bezcieniowy-puluz-pu5029-wymiary-20cm\/#primaryimage","url":"https:\/\/ironsky.pl\/sklep\/wp-content\/uploads\/2026\/04\/34169_1.jpg","contentUrl":"https:\/\/ironsky.pl\/sklep\/wp-content\/uploads\/2026\/04\/34169_1.jpg","width":800,"height":800},{"@type":"BreadcrumbList","@id":"https:\/\/ironsky.pl\/sklep\/produkt\/namiot-bezcieniowy-puluz-pu5029-wymiary-20cm\/#breadcrumb","itemListElement":[{"@type":"ListItem","position":1,"name":"Strona g\u0142\u00f3wna","item":"https:\/\/ironsky.pl\/sklep\/"},{"@type":"ListItem","position":2,"name":"Wszystkie produkty","item":"https:\/\/ironsky.pl\/sklep\/produkty\/"},{"@type":"ListItem","position":3,"name":"Namiot bezcieniowy PULUZ PU5029 wymiary 20cm"}]},{"@type":"WebSite","@id":"https:\/\/ironsky.pl\/sklep\/#website","url":"https:\/\/ironsky.pl\/sklep\/","name":"IRONSKY.PL Sklep z Dronami","description":"IRONSKY.PL Sklep z Dronami","potentialAction":[{"@type":"SearchAction","target":{"@type":"EntryPoint","urlTemplate":"https:\/\/ironsky.pl\/sklep\/?s={search_term_string}"},"query-input":{"@type":"PropertyValueSpecification","valueRequired":true,"valueName":"search_term_string"}}],"inLanguage":"pl-PL"}]}},"_links":{"self":[{"href":"https:\/\/ironsky.pl\/sklep\/wp-json\/wp\/v2\/product\/57312","targetHints":{"allow":["GET"]}}],"collection":[{"href":"https:\/\/ironsky.pl\/sklep\/wp-json\/wp\/v2\/product"}],"about":[{"href":"https:\/\/ironsky.pl\/sklep\/wp-json\/wp\/v2\/types\/product"}],"replies":[{"embeddable":true,"href":"https:\/\/ironsky.pl\/sklep\/wp-json\/wp\/v2\/comments?post=57312"}],"wp:featuredmedia":[{"embeddable":true,"href":"https:\/\/ironsky.pl\/sklep\/wp-json\/wp\/v2\/media\/57313"}],"wp:attachment":[{"href":"https:\/\/ironsky.pl\/sklep\/wp-json\/wp\/v2\/media?parent=57312"}],"wp:term":[{"taxonomy":"product_brand","embeddable":true,"href":"https:\/\/ironsky.pl\/sklep\/wp-json\/wp\/v2\/product_brand?post=57312"},{"taxonomy":"product_cat","embeddable":true,"href":"https:\/\/ironsky.pl\/sklep\/wp-json\/wp\/v2\/product_cat?post=57312"},{"taxonomy":"product_tag","embeddable":true,"href":"https:\/\/ironsky.pl\/sklep\/wp-json\/wp\/v2\/product_tag?post=57312"}],"curies":[{"name":"wp","href":"https:\/\/api.w.org\/{rel}","templated":true}]}}