{"id":57307,"date":"2026-04-15T10:24:09","date_gmt":"2026-04-15T08:24:09","guid":{"rendered":"https:\/\/ironsky.pl\/sklep\/produkt\/etui-silikonowe-puluz-do-insta360-go-3-z-oslona\/"},"modified":"2026-04-15T10:24:37","modified_gmt":"2026-04-15T08:24:37","slug":"etui-silikonowe-puluz-do-insta360-go-3-z-oslona","status":"publish","type":"product","link":"https:\/\/ironsky.pl\/sklep\/produkt\/etui-silikonowe-puluz-do-insta360-go-3-z-oslona\/","title":{"rendered":"Etui silikonowe PULUZ do Insta360 GO 3 z os\u0142on\u0105"},"content":{"rendered":"<h3>Silikonowe etui zabezpieczaj\u0105ce Puluz Insta360 GO 3 z os\u0142on\u0105 na obiektyw<\/h3>\n<p>Chcesz bezpiecznie uwiecznia\u0107 ciekawe chwile przy pomocy kamery Insta360 GO 3 po\u0142\u0105czonej z Action Pod? Z silikonowym etui PULUZ b\u0119dzie to mo\u017cliwe! Wykonane z doskona\u0142ej jako\u015bci materia\u0142\u00f3w zapewnia bezpiecze\u0144stwo Twojemu sprz\u0119towi. Ju\u017c nie musisz obawia\u0107 si\u0119 o przypadkowe upuszczenia czy uderzenia. Z PULUZ kamera b\u0119dzie w pe\u0142ni chroniona, a Ty mo\u017cesz cieszy\u0107 si\u0119 tworzeniem zachwycaj\u0105cych uj\u0119\u0107! W zestawie znajduje si\u0119 tak\u017ce specjalna os\u0142ona na obiektyw, kt\u00f3ra jeszcze bardziej zwi\u0119ksza bezpiecze\u0144stwo sprz\u0119tu<\/p>\n<p><img decoding=\"async\" src=\"https:\/\/b2b.innpro.pl\/data\/include\/cms\/02Puluz\/PU876B\/2.jpg\" alt=\"02Puluz\/PU876B\/2\"><\/p>\n<h3>Przemy\u015blana konstrukcja<\/h3>\n<p>Przemy\u015blana konstrukcja silikonowego etui na kamer\u0119 Insta360 GO 3 to gwarancja doskona\u0142ej ochrony. Wykonana z wysokiej jako\u015bci tworzywa sztucznego, doskonale wpasowuje si\u0119 w do kszta\u0142tu Twojego urz\u0105dzenia. \u0141atwy monta\u017c i demonta\u017c sprawiaj\u0105, \u017ce korzystanie z tego etui jest niezwykle wygodne. Co istotne, gad\u017cet ten nie przys\u0142ania ekranu kamery, zapewniaj\u0105c pe\u0142n\u0105 funkcjonalno\u015b\u0107 i komfort.<\/p>\n<p><img decoding=\"async\" src=\"https:\/\/b2b.innpro.pl\/data\/include\/cms\/02Puluz\/PU876B\/4.jpg\" alt=\"02Puluz\/PU876B\/4\"><\/p>\n<h3>Gwarancja bezpiecze\u0144stwa<\/h3>\n<p>To, co wyr\u00f3\u017cnia silikonowe etui na kamer\u0119 PULUZ, to jego wyj\u0105tkowa trwa\u0142o\u015b\u0107 i najwy\u017csza jako\u015b\u0107 wykonania. Produkt jest odporny na zu\u017cycie, co oznacza, \u017ce \u200b\u200bb\u0119dzie Ci s\u0142u\u017cy\u0107 przez d\u0142ugi czas, niezale\u017cnie od warunk\u00f3w, w jakich pracujesz. Wykazuje tak\u017ce odporno\u015b\u0107 na wstrz\u0105sy i uderzenia. W zestawie znajdziesz tak\u017ce os\u0142on\u0119 na obiektyw, dzi\u0119ki ju\u017c nigdy go nie zarysujesz! Dodatkowo w pude\u0142ku znajdziesz tak\u017ce specjaln\u0105 smycz na nadgarstek, kt\u00f3ra sprawia, \u017ce u\u017cytkowanie kamery Insta360 jest jeszcze bardziej komfortowe.  <\/p>\n<p><img decoding=\"async\" src=\"https:\/\/b2b.innpro.pl\/data\/include\/cms\/02Puluz\/PU876B\/7.jpg\" alt=\"02Puluz\/PU876B\/7\"><\/p>\n<h3>W zestawie<\/h3>\n<ul>\n<li>silikonowe etui zabezpieczaj\u0105ce <\/li>\n<li>os\u0142ona na obiektyw <\/li>\n<li>pasek do os\u0142ony obiektywu <\/li>\n<li>smycz na nadgarstek<\/li>\n<\/ul>\n<div class=\"table-wrapper\">\n<table>\n<tbody>\n<tr>\n<th>Producent<\/th>\n<td>PULUZ<\/td>\n<\/tr>\n<tr>\n<th>Model<\/th>\n<td>PU866B<\/td>\n<\/tr>\n<tr>\n<th>Kompatybilno\u015b\u0107 <\/th>\n<td>Insta360 GO 3<\/td>\n<\/tr>\n<tr>\n<th>Materia\u0142 <\/th>\n<td>tworzy\u0142o sztuczne <\/td>\n<\/tr>\n<tr>\n<th>Wymiary <\/th>\n<td>5 \u00d7 3,5 \u00d7 6,5 cm<\/td>\n<\/tr>\n<tr>\n<th>Kolor <\/th>\n<td>czarny<\/td>\n<\/tr>\n<\/tbody>\n<\/table>\n<\/div>\n","protected":false},"excerpt":{"rendered":"<p>Silikonowe etui zabezpieczaj\u0105ce Puluz Insta360 GO 3 z os\u0142on\u0105 na obiektyw Chcesz bezpiecznie uwiecznia\u0107 ciekawe chwile przy pomocy kamery Insta360<\/p>\n","protected":false},"featured_media":57308,"comment_status":"closed","ping_status":"open","template":"","meta":{"_acf_changed":false},"product_brand":[],"product_cat":[1130,1137,1128],"product_tag":[],"class_list":{"0":"post-57307","1":"product","2":"type-product","3":"status-publish","4":"has-post-thumbnail","6":"product_cat-akcesoria-foto","7":"product_cat-do-kamer-sportowych","8":"product_cat-foto-wideo","9":"pa_okres-gwarancji-5757","10":"pa_producent-puluz","12":"first","13":"outofstock","14":"taxable","15":"shipping-taxable","16":"purchasable","17":"product-type-simple"},"acf":[],"yoast_head":"<!-- This site is optimized with the Yoast SEO plugin v27.2 - https:\/\/yoast.com\/product\/yoast-seo-wordpress\/ -->\n<title>Etui silikonowe PULUZ do Insta360 GO 3 z os\u0142on\u0105 - IRONSKY.PL Sklep z Dronami<\/title>\n<meta name=\"description\" content=\"Etui silikonowe PULUZ do Insta360 GO 3 z os\u0142on\u0105 - \u2705 sklep z dronami i fachowym doradztwem. \u2705 Tutaj kupisz produkty DJI, Yuneec, Parrot, Syma i wiele innych, a tak\u017ce kursy i licencje na operatora drona.\" \/>\n<meta name=\"robots\" content=\"index, follow, max-snippet:-1, max-image-preview:large, max-video-preview:-1\" \/>\n<link rel=\"canonical\" href=\"https:\/\/ironsky.pl\/sklep\/produkt\/etui-silikonowe-puluz-do-insta360-go-3-z-oslona\/\" \/>\n<meta property=\"og:locale\" content=\"pl_PL\" \/>\n<meta property=\"og:type\" content=\"article\" \/>\n<meta property=\"og:title\" content=\"Etui silikonowe PULUZ do Insta360 GO 3 z os\u0142on\u0105 - IRONSKY.PL Sklep z Dronami\" \/>\n<meta property=\"og:description\" content=\"Etui silikonowe PULUZ do Insta360 GO 3 z os\u0142on\u0105 - \u2705 sklep z dronami i fachowym doradztwem. \u2705 Tutaj kupisz produkty DJI, Yuneec, Parrot, Syma i wiele innych, a tak\u017ce kursy i licencje na operatora drona.\" \/>\n<meta property=\"og:url\" content=\"https:\/\/ironsky.pl\/sklep\/produkt\/etui-silikonowe-puluz-do-insta360-go-3-z-oslona\/\" \/>\n<meta property=\"og:site_name\" content=\"IRONSKY.PL Sklep z Dronami\" \/>\n<meta property=\"article:modified_time\" content=\"2026-04-15T08:24:37+00:00\" \/>\n<meta property=\"og:image\" content=\"https:\/\/ironsky.pl\/sklep\/wp-content\/uploads\/2026\/04\/34168_1.jpg\" \/>\n\t<meta property=\"og:image:width\" content=\"800\" \/>\n\t<meta property=\"og:image:height\" content=\"800\" \/>\n\t<meta property=\"og:image:type\" content=\"image\/jpeg\" \/>\n<meta name=\"twitter:card\" content=\"summary_large_image\" \/>\n<meta name=\"twitter:label1\" content=\"Szacowany czas czytania\" \/>\n\t<meta name=\"twitter:data1\" content=\"1 minuta\" \/>\n<script type=\"application\/ld+json\" class=\"yoast-schema-graph\">{\"@context\":\"https:\/\/schema.org\",\"@graph\":[{\"@type\":\"WebPage\",\"@id\":\"https:\/\/ironsky.pl\/sklep\/produkt\/etui-silikonowe-puluz-do-insta360-go-3-z-oslona\/\",\"url\":\"https:\/\/ironsky.pl\/sklep\/produkt\/etui-silikonowe-puluz-do-insta360-go-3-z-oslona\/\",\"name\":\"Etui silikonowe PULUZ do Insta360 GO 3 z os\u0142on\u0105 - IRONSKY.PL Sklep z Dronami\",\"isPartOf\":{\"@id\":\"https:\/\/ironsky.pl\/sklep\/#website\"},\"primaryImageOfPage\":{\"@id\":\"https:\/\/ironsky.pl\/sklep\/produkt\/etui-silikonowe-puluz-do-insta360-go-3-z-oslona\/#primaryimage\"},\"image\":{\"@id\":\"https:\/\/ironsky.pl\/sklep\/produkt\/etui-silikonowe-puluz-do-insta360-go-3-z-oslona\/#primaryimage\"},\"thumbnailUrl\":\"https:\/\/ironsky.pl\/sklep\/wp-content\/uploads\/2026\/04\/34168_1.jpg\",\"datePublished\":\"2026-04-15T08:24:09+00:00\",\"dateModified\":\"2026-04-15T08:24:37+00:00\",\"description\":\"Etui silikonowe PULUZ do Insta360 GO 3 z os\u0142on\u0105 - \u2705 sklep z dronami i fachowym doradztwem. \u2705 Tutaj kupisz produkty DJI, Yuneec, Parrot, Syma i wiele innych, a tak\u017ce kursy i licencje na operatora drona.\",\"breadcrumb\":{\"@id\":\"https:\/\/ironsky.pl\/sklep\/produkt\/etui-silikonowe-puluz-do-insta360-go-3-z-oslona\/#breadcrumb\"},\"inLanguage\":\"pl-PL\",\"potentialAction\":[{\"@type\":\"ReadAction\",\"target\":[\"https:\/\/ironsky.pl\/sklep\/produkt\/etui-silikonowe-puluz-do-insta360-go-3-z-oslona\/\"]}]},{\"@type\":\"ImageObject\",\"inLanguage\":\"pl-PL\",\"@id\":\"https:\/\/ironsky.pl\/sklep\/produkt\/etui-silikonowe-puluz-do-insta360-go-3-z-oslona\/#primaryimage\",\"url\":\"https:\/\/ironsky.pl\/sklep\/wp-content\/uploads\/2026\/04\/34168_1.jpg\",\"contentUrl\":\"https:\/\/ironsky.pl\/sklep\/wp-content\/uploads\/2026\/04\/34168_1.jpg\",\"width\":800,\"height\":800},{\"@type\":\"BreadcrumbList\",\"@id\":\"https:\/\/ironsky.pl\/sklep\/produkt\/etui-silikonowe-puluz-do-insta360-go-3-z-oslona\/#breadcrumb\",\"itemListElement\":[{\"@type\":\"ListItem\",\"position\":1,\"name\":\"Strona g\u0142\u00f3wna\",\"item\":\"https:\/\/ironsky.pl\/sklep\/\"},{\"@type\":\"ListItem\",\"position\":2,\"name\":\"Wszystkie produkty\",\"item\":\"https:\/\/ironsky.pl\/sklep\/produkty\/\"},{\"@type\":\"ListItem\",\"position\":3,\"name\":\"Etui silikonowe PULUZ do Insta360 GO 3 z os\u0142on\u0105\"}]},{\"@type\":\"WebSite\",\"@id\":\"https:\/\/ironsky.pl\/sklep\/#website\",\"url\":\"https:\/\/ironsky.pl\/sklep\/\",\"name\":\"IRONSKY.PL Sklep z Dronami\",\"description\":\"IRONSKY.PL Sklep z Dronami\",\"potentialAction\":[{\"@type\":\"SearchAction\",\"target\":{\"@type\":\"EntryPoint\",\"urlTemplate\":\"https:\/\/ironsky.pl\/sklep\/?s={search_term_string}\"},\"query-input\":{\"@type\":\"PropertyValueSpecification\",\"valueRequired\":true,\"valueName\":\"search_term_string\"}}],\"inLanguage\":\"pl-PL\"}]}<\/script>\n<!-- \/ Yoast SEO plugin. -->","yoast_head_json":{"title":"Etui silikonowe PULUZ do Insta360 GO 3 z os\u0142on\u0105 - IRONSKY.PL Sklep z Dronami","description":"Etui silikonowe PULUZ do Insta360 GO 3 z os\u0142on\u0105 - \u2705 sklep z dronami i fachowym doradztwem. \u2705 Tutaj kupisz produkty DJI, Yuneec, Parrot, Syma i wiele innych, a tak\u017ce kursy i licencje na operatora drona.","robots":{"index":"index","follow":"follow","max-snippet":"max-snippet:-1","max-image-preview":"max-image-preview:large","max-video-preview":"max-video-preview:-1"},"canonical":"https:\/\/ironsky.pl\/sklep\/produkt\/etui-silikonowe-puluz-do-insta360-go-3-z-oslona\/","og_locale":"pl_PL","og_type":"article","og_title":"Etui silikonowe PULUZ do Insta360 GO 3 z os\u0142on\u0105 - IRONSKY.PL Sklep z Dronami","og_description":"Etui silikonowe PULUZ do Insta360 GO 3 z os\u0142on\u0105 - \u2705 sklep z dronami i fachowym doradztwem. \u2705 Tutaj kupisz produkty DJI, Yuneec, Parrot, Syma i wiele innych, a tak\u017ce kursy i licencje na operatora drona.","og_url":"https:\/\/ironsky.pl\/sklep\/produkt\/etui-silikonowe-puluz-do-insta360-go-3-z-oslona\/","og_site_name":"IRONSKY.PL Sklep z Dronami","article_modified_time":"2026-04-15T08:24:37+00:00","og_image":[{"width":800,"height":800,"url":"https:\/\/ironsky.pl\/sklep\/wp-content\/uploads\/2026\/04\/34168_1.jpg","type":"image\/jpeg"}],"twitter_card":"summary_large_image","twitter_misc":{"Szacowany czas czytania":"1 minuta"},"schema":{"@context":"https:\/\/schema.org","@graph":[{"@type":"WebPage","@id":"https:\/\/ironsky.pl\/sklep\/produkt\/etui-silikonowe-puluz-do-insta360-go-3-z-oslona\/","url":"https:\/\/ironsky.pl\/sklep\/produkt\/etui-silikonowe-puluz-do-insta360-go-3-z-oslona\/","name":"Etui silikonowe PULUZ do Insta360 GO 3 z os\u0142on\u0105 - IRONSKY.PL Sklep z Dronami","isPartOf":{"@id":"https:\/\/ironsky.pl\/sklep\/#website"},"primaryImageOfPage":{"@id":"https:\/\/ironsky.pl\/sklep\/produkt\/etui-silikonowe-puluz-do-insta360-go-3-z-oslona\/#primaryimage"},"image":{"@id":"https:\/\/ironsky.pl\/sklep\/produkt\/etui-silikonowe-puluz-do-insta360-go-3-z-oslona\/#primaryimage"},"thumbnailUrl":"https:\/\/ironsky.pl\/sklep\/wp-content\/uploads\/2026\/04\/34168_1.jpg","datePublished":"2026-04-15T08:24:09+00:00","dateModified":"2026-04-15T08:24:37+00:00","description":"Etui silikonowe PULUZ do Insta360 GO 3 z os\u0142on\u0105 - \u2705 sklep z dronami i fachowym doradztwem. \u2705 Tutaj kupisz produkty DJI, Yuneec, Parrot, Syma i wiele innych, a tak\u017ce kursy i licencje na operatora drona.","breadcrumb":{"@id":"https:\/\/ironsky.pl\/sklep\/produkt\/etui-silikonowe-puluz-do-insta360-go-3-z-oslona\/#breadcrumb"},"inLanguage":"pl-PL","potentialAction":[{"@type":"ReadAction","target":["https:\/\/ironsky.pl\/sklep\/produkt\/etui-silikonowe-puluz-do-insta360-go-3-z-oslona\/"]}]},{"@type":"ImageObject","inLanguage":"pl-PL","@id":"https:\/\/ironsky.pl\/sklep\/produkt\/etui-silikonowe-puluz-do-insta360-go-3-z-oslona\/#primaryimage","url":"https:\/\/ironsky.pl\/sklep\/wp-content\/uploads\/2026\/04\/34168_1.jpg","contentUrl":"https:\/\/ironsky.pl\/sklep\/wp-content\/uploads\/2026\/04\/34168_1.jpg","width":800,"height":800},{"@type":"BreadcrumbList","@id":"https:\/\/ironsky.pl\/sklep\/produkt\/etui-silikonowe-puluz-do-insta360-go-3-z-oslona\/#breadcrumb","itemListElement":[{"@type":"ListItem","position":1,"name":"Strona g\u0142\u00f3wna","item":"https:\/\/ironsky.pl\/sklep\/"},{"@type":"ListItem","position":2,"name":"Wszystkie produkty","item":"https:\/\/ironsky.pl\/sklep\/produkty\/"},{"@type":"ListItem","position":3,"name":"Etui silikonowe PULUZ do Insta360 GO 3 z os\u0142on\u0105"}]},{"@type":"WebSite","@id":"https:\/\/ironsky.pl\/sklep\/#website","url":"https:\/\/ironsky.pl\/sklep\/","name":"IRONSKY.PL Sklep z Dronami","description":"IRONSKY.PL Sklep z Dronami","potentialAction":[{"@type":"SearchAction","target":{"@type":"EntryPoint","urlTemplate":"https:\/\/ironsky.pl\/sklep\/?s={search_term_string}"},"query-input":{"@type":"PropertyValueSpecification","valueRequired":true,"valueName":"search_term_string"}}],"inLanguage":"pl-PL"}]}},"_links":{"self":[{"href":"https:\/\/ironsky.pl\/sklep\/wp-json\/wp\/v2\/product\/57307","targetHints":{"allow":["GET"]}}],"collection":[{"href":"https:\/\/ironsky.pl\/sklep\/wp-json\/wp\/v2\/product"}],"about":[{"href":"https:\/\/ironsky.pl\/sklep\/wp-json\/wp\/v2\/types\/product"}],"replies":[{"embeddable":true,"href":"https:\/\/ironsky.pl\/sklep\/wp-json\/wp\/v2\/comments?post=57307"}],"wp:featuredmedia":[{"embeddable":true,"href":"https:\/\/ironsky.pl\/sklep\/wp-json\/wp\/v2\/media\/57308"}],"wp:attachment":[{"href":"https:\/\/ironsky.pl\/sklep\/wp-json\/wp\/v2\/media?parent=57307"}],"wp:term":[{"taxonomy":"product_brand","embeddable":true,"href":"https:\/\/ironsky.pl\/sklep\/wp-json\/wp\/v2\/product_brand?post=57307"},{"taxonomy":"product_cat","embeddable":true,"href":"https:\/\/ironsky.pl\/sklep\/wp-json\/wp\/v2\/product_cat?post=57307"},{"taxonomy":"product_tag","embeddable":true,"href":"https:\/\/ironsky.pl\/sklep\/wp-json\/wp\/v2\/product_tag?post=57307"}],"curies":[{"name":"wp","href":"https:\/\/api.w.org\/{rel}","templated":true}]}}