{"id":57303,"date":"2026-04-15T10:24:09","date_gmt":"2026-04-15T08:24:09","guid":{"rendered":"https:\/\/ironsky.pl\/sklep\/produkt\/uchwyt-wypornosciowy-puluz-do-kamer-sportowych-czarny\/"},"modified":"2026-04-15T10:24:35","modified_gmt":"2026-04-15T08:24:35","slug":"uchwyt-wypornosciowy-puluz-do-kamer-sportowych-czarny","status":"publish","type":"product","link":"https:\/\/ironsky.pl\/sklep\/produkt\/uchwyt-wypornosciowy-puluz-do-kamer-sportowych-czarny\/","title":{"rendered":"Uchwyt wyporno\u015bciowy PULUZ do kamer sportowych (czarny)"},"content":{"rendered":"<h3>Uchwyt wyporno\u015bciowy Puluz do kamer sportowych i telefon\u00f3w (DJI, GoPro, Insta360) (czarny)<\/h3>\n<p>Lubisz robi\u0107 zachwycaj\u0105ce filmy pod wod\u0105? Potrzebujesz gad\u017cetu, kt\u00f3ry pozwoli na wygodne trzymanie kamery? Uchwyt wyporno\u015bciowy PULUZ b\u0119dzie idealny dla Ciebie! Zosta\u0142 on wykonany z wysokiej jako\u015bci materia\u0142\u00f3w, dzi\u0119ki czemu jest trwa\u0142y i b\u0119dzie s\u0142u\u017cy\u0107 Ci przez bardzo d\u0142ugi czas. Nie musisz martwi\u0107 si\u0119 o jego zgubienie w g\u0142\u0119bokiej wodzie, poniewa\u017c zosta\u0142 zaprojektowany tak, aby unosi\u0107 si\u0119 na jej powierzchni. Dodatkowo jasny pasek do\u0142\u0105czony do zestawu pomo\u017ce w szybszym odszukaniu gad\u017cetu. Tw\u00f3rz niesamowite uj\u0119cia z PULUZ!<\/p>\n<p>\n<img decoding=\"async\" src=\"https:\/\/assets.innpro.pl\/14728\/18456\/2.jpg\" border=\"0\" alt=\"\" \/>\n<\/p>\n<h3>Przemy\u015blana budowa<\/h3>\n<p>Tym, co wyr\u00f3\u017cnia uchwyt wyporno\u015bciowy PULUZ to jego przemy\u015blana budowa, kt\u00f3ra zapewnia trwa\u0142o\u015b\u0107 i u\u017cyteczno\u015b\u0107. Dzi\u0119ki \u015brubie 1\/4 b\u0119dziesz w stanie z \u0142atwo\u015bci\u0105 zamontowa\u0107 na uchwycie, zapewniaj\u0105c przy tym stabilno\u015b\u0107 i bezpiecze\u0144stwo. Schowek na drobiazgi to dodatkowy atut gad\u017cetu PULUZ, w kt\u00f3rym mo\u017cesz schowa\u0107 np. s\u0142uchawki czy pieni\u0105dze. Co wi\u0119cej, w zestawie znajdziesz tak\u017ce dodatkowy pasek w jasnym kolorze, dzi\u0119ki czemu umo\u017cliwia nie tylko pewniejszy chwyt, ale tak\u017ce u\u0142atwia znalezienie uchwyt w wodzie. Ciesz si\u0119 wygodn\u0105 kamerowania z PULUZ!<\/p>\n<p>\n<img decoding=\"async\" src=\"https:\/\/assets.innpro.pl\/14728\/18456\/5.jpg\" border=\"0\" alt=\"\" \/>\n<\/p>\n<h3>Doskona\u0142y gad\u017cet do wody<\/h3>\n<p>Je\u015bli szukasz doskona\u0142ego gad\u017cetu do wody, to uchwyt PULUZ b\u0119dzie idealnym wyborem! Za jego pomoc\u0105 uchwycisz wspania\u0142e uj\u0119cia. Zosta\u0142 zaprojektowany tak, aby utrzyma\u0107 aparat z wodoodporn\u0105 obudow\u0105 oraz innymi cz\u0119\u015bciami. Wystarczy go wype\u0142ni\u0107, aby uzyska\u0107 odpowiedni\u0105 wyporno\u015b\u0107 \u2014 dzi\u0119ki temu kamera b\u0119dzie utrzymywa\u0107 si\u0119 ponad falami. Je\u015bli jednak pozostawisz go pustym, Twoje urz\u0105dzenie zanurzy si\u0119 pod wod\u0119. Sam zdecyduj, jak b\u0119dziesz wykorzystywa\u0107 uchwyt PULUZ.<\/p>\n<p>\n<img decoding=\"async\" src=\"https:\/\/assets.innpro.pl\/14728\/18456\/4.jpg\" border=\"0\" alt=\"\" \/>\n<\/p>\n<h3>W zestawie<\/h3>\n<ul class=\"list-disc pl-5\">\n<li>uchwyt<\/li>\n<li>mocowanie na urz\u0105dzenie<\/li>\n<li>\u015bruba<\/li>\n<li>dodatkowy regulowany pasek<\/li>\n<\/ul>\n<div class=\"table-wrapper\">\n<p>\u00a0<\/p>\n<h3><\/h3>\n<table>\n<tbody>\n<tr>\n<th>Producent <\/th>\n<td>PULUZ<\/td>\n<\/tr>\n<tr>\n<th>Model <\/th>\n<td>PU868B<\/td>\n<\/tr>\n<tr>\n<th>Kompatybilno\u015b\u0107 <\/th>\n<td>DJI: Osmo Action 5 Pro, Osmo Action 3, Action 2, Osmo Action \/ GoPro: HERO (2024, HERO13 Black, HERO12 Black, HERO11 Black Mini, HERO11 Black, HERO10 Black, HERO9 Black, HERO8 Black, MAX, HERO7 White, HERO7 Black, HERO7 Silver, NEW HERO, HERO6 Black, HERO5 Black, HERO5 Session, Hero Session, HERO4 Session, HERO4, HERO3+, HERO3, HERO2, HERO \/ Insta360: X5, X4, Ace, Ace Pro, X3, ONE RS 1-Inch 360 Edition, ONE RS 4K Edition, ONE RS 360 Edition, ONE RS 1-INCH EDITION, ONE X2<\/td>\n<\/tr>\n<tr>\n<th>Materia\u0142 <\/th>\n<td>ABS + antypo\u015blizgowy materia\u0142<\/td>\n<\/tr>\n<tr>\n<th>Wymiary <\/th>\n<td>18,8 \u00d7 3,8 cm<\/td>\n<\/tr>\n<\/tbody>\n<\/table>\n<\/div>\n","protected":false},"excerpt":{"rendered":"<p>Uchwyt wyporno\u015bciowy Puluz do kamer sportowych i telefon\u00f3w (DJI, GoPro, Insta360) (czarny) Lubisz robi\u0107 zachwycaj\u0105ce filmy pod wod\u0105? Potrzebujesz gad\u017cetu,<\/p>\n","protected":false},"featured_media":57304,"comment_status":"closed","ping_status":"open","template":"","meta":{"_acf_changed":false},"product_brand":[],"product_cat":[1128,6178,6176,6177,1138,6179],"product_tag":[],"class_list":{"0":"post-57303","1":"product","2":"type-product","3":"status-publish","4":"has-post-thumbnail","6":"product_cat-foto-wideo","7":"product_cat-mocowania","8":"product_cat-selfie-stiki","9":"product_cat-statywy-selfie-stiki","10":"product_cat-wysiegniki","11":"product_cat-wysiegniki-i-uchwyty-selfie","12":"pa_okres-gwarancji-5754","13":"pa_producent-puluz","15":"first","16":"outofstock","17":"taxable","18":"shipping-taxable","19":"purchasable","20":"product-type-simple"},"acf":[],"yoast_head":"<!-- This site is optimized with the Yoast SEO plugin v27.2 - https:\/\/yoast.com\/product\/yoast-seo-wordpress\/ -->\n<title>Uchwyt wyporno\u015bciowy PULUZ do kamer sportowych (czarny) - IRONSKY.PL Sklep z Dronami<\/title>\n<meta name=\"description\" content=\"Uchwyt wyporno\u015bciowy PULUZ do kamer sportowych (czarny) - \u2705 sklep z dronami i fachowym doradztwem. \u2705 Tutaj kupisz produkty DJI, Yuneec, Parrot, Syma i wiele innych, a tak\u017ce kursy i licencje na operatora drona.\" \/>\n<meta name=\"robots\" content=\"index, follow, max-snippet:-1, max-image-preview:large, max-video-preview:-1\" \/>\n<link rel=\"canonical\" href=\"https:\/\/ironsky.pl\/sklep\/produkt\/uchwyt-wypornosciowy-puluz-do-kamer-sportowych-czarny\/\" \/>\n<meta property=\"og:locale\" content=\"pl_PL\" \/>\n<meta property=\"og:type\" content=\"article\" \/>\n<meta property=\"og:title\" content=\"Uchwyt wyporno\u015bciowy PULUZ do kamer sportowych (czarny) - IRONSKY.PL Sklep z Dronami\" \/>\n<meta property=\"og:description\" content=\"Uchwyt wyporno\u015bciowy PULUZ do kamer sportowych (czarny) - \u2705 sklep z dronami i fachowym doradztwem. \u2705 Tutaj kupisz produkty DJI, Yuneec, Parrot, Syma i wiele innych, a tak\u017ce kursy i licencje na operatora drona.\" \/>\n<meta property=\"og:url\" content=\"https:\/\/ironsky.pl\/sklep\/produkt\/uchwyt-wypornosciowy-puluz-do-kamer-sportowych-czarny\/\" \/>\n<meta property=\"og:site_name\" content=\"IRONSKY.PL Sklep z Dronami\" \/>\n<meta property=\"article:modified_time\" content=\"2026-04-15T08:24:35+00:00\" \/>\n<meta property=\"og:image\" content=\"https:\/\/ironsky.pl\/sklep\/wp-content\/uploads\/2026\/04\/34162_1.jpg\" \/>\n\t<meta property=\"og:image:width\" content=\"800\" \/>\n\t<meta property=\"og:image:height\" content=\"800\" \/>\n\t<meta property=\"og:image:type\" content=\"image\/jpeg\" \/>\n<meta name=\"twitter:card\" content=\"summary_large_image\" \/>\n<meta name=\"twitter:label1\" content=\"Szacowany czas czytania\" \/>\n\t<meta name=\"twitter:data1\" content=\"2 minuty\" \/>\n<script type=\"application\/ld+json\" class=\"yoast-schema-graph\">{\"@context\":\"https:\/\/schema.org\",\"@graph\":[{\"@type\":\"WebPage\",\"@id\":\"https:\/\/ironsky.pl\/sklep\/produkt\/uchwyt-wypornosciowy-puluz-do-kamer-sportowych-czarny\/\",\"url\":\"https:\/\/ironsky.pl\/sklep\/produkt\/uchwyt-wypornosciowy-puluz-do-kamer-sportowych-czarny\/\",\"name\":\"Uchwyt wyporno\u015bciowy PULUZ do kamer sportowych (czarny) - IRONSKY.PL Sklep z Dronami\",\"isPartOf\":{\"@id\":\"https:\/\/ironsky.pl\/sklep\/#website\"},\"primaryImageOfPage\":{\"@id\":\"https:\/\/ironsky.pl\/sklep\/produkt\/uchwyt-wypornosciowy-puluz-do-kamer-sportowych-czarny\/#primaryimage\"},\"image\":{\"@id\":\"https:\/\/ironsky.pl\/sklep\/produkt\/uchwyt-wypornosciowy-puluz-do-kamer-sportowych-czarny\/#primaryimage\"},\"thumbnailUrl\":\"https:\/\/ironsky.pl\/sklep\/wp-content\/uploads\/2026\/04\/34162_1.jpg\",\"datePublished\":\"2026-04-15T08:24:09+00:00\",\"dateModified\":\"2026-04-15T08:24:35+00:00\",\"description\":\"Uchwyt wyporno\u015bciowy PULUZ do kamer sportowych (czarny) - \u2705 sklep z dronami i fachowym doradztwem. \u2705 Tutaj kupisz produkty DJI, Yuneec, Parrot, Syma i wiele innych, a tak\u017ce kursy i licencje na operatora drona.\",\"breadcrumb\":{\"@id\":\"https:\/\/ironsky.pl\/sklep\/produkt\/uchwyt-wypornosciowy-puluz-do-kamer-sportowych-czarny\/#breadcrumb\"},\"inLanguage\":\"pl-PL\",\"potentialAction\":[{\"@type\":\"ReadAction\",\"target\":[\"https:\/\/ironsky.pl\/sklep\/produkt\/uchwyt-wypornosciowy-puluz-do-kamer-sportowych-czarny\/\"]}]},{\"@type\":\"ImageObject\",\"inLanguage\":\"pl-PL\",\"@id\":\"https:\/\/ironsky.pl\/sklep\/produkt\/uchwyt-wypornosciowy-puluz-do-kamer-sportowych-czarny\/#primaryimage\",\"url\":\"https:\/\/ironsky.pl\/sklep\/wp-content\/uploads\/2026\/04\/34162_1.jpg\",\"contentUrl\":\"https:\/\/ironsky.pl\/sklep\/wp-content\/uploads\/2026\/04\/34162_1.jpg\",\"width\":800,\"height\":800},{\"@type\":\"BreadcrumbList\",\"@id\":\"https:\/\/ironsky.pl\/sklep\/produkt\/uchwyt-wypornosciowy-puluz-do-kamer-sportowych-czarny\/#breadcrumb\",\"itemListElement\":[{\"@type\":\"ListItem\",\"position\":1,\"name\":\"Strona g\u0142\u00f3wna\",\"item\":\"https:\/\/ironsky.pl\/sklep\/\"},{\"@type\":\"ListItem\",\"position\":2,\"name\":\"Wszystkie produkty\",\"item\":\"https:\/\/ironsky.pl\/sklep\/produkty\/\"},{\"@type\":\"ListItem\",\"position\":3,\"name\":\"Uchwyt wyporno\u015bciowy PULUZ do kamer sportowych (czarny)\"}]},{\"@type\":\"WebSite\",\"@id\":\"https:\/\/ironsky.pl\/sklep\/#website\",\"url\":\"https:\/\/ironsky.pl\/sklep\/\",\"name\":\"IRONSKY.PL Sklep z Dronami\",\"description\":\"IRONSKY.PL Sklep z Dronami\",\"potentialAction\":[{\"@type\":\"SearchAction\",\"target\":{\"@type\":\"EntryPoint\",\"urlTemplate\":\"https:\/\/ironsky.pl\/sklep\/?s={search_term_string}\"},\"query-input\":{\"@type\":\"PropertyValueSpecification\",\"valueRequired\":true,\"valueName\":\"search_term_string\"}}],\"inLanguage\":\"pl-PL\"}]}<\/script>\n<!-- \/ Yoast SEO plugin. -->","yoast_head_json":{"title":"Uchwyt wyporno\u015bciowy PULUZ do kamer sportowych (czarny) - IRONSKY.PL Sklep z Dronami","description":"Uchwyt wyporno\u015bciowy PULUZ do kamer sportowych (czarny) - \u2705 sklep z dronami i fachowym doradztwem. \u2705 Tutaj kupisz produkty DJI, Yuneec, Parrot, Syma i wiele innych, a tak\u017ce kursy i licencje na operatora drona.","robots":{"index":"index","follow":"follow","max-snippet":"max-snippet:-1","max-image-preview":"max-image-preview:large","max-video-preview":"max-video-preview:-1"},"canonical":"https:\/\/ironsky.pl\/sklep\/produkt\/uchwyt-wypornosciowy-puluz-do-kamer-sportowych-czarny\/","og_locale":"pl_PL","og_type":"article","og_title":"Uchwyt wyporno\u015bciowy PULUZ do kamer sportowych (czarny) - IRONSKY.PL Sklep z Dronami","og_description":"Uchwyt wyporno\u015bciowy PULUZ do kamer sportowych (czarny) - \u2705 sklep z dronami i fachowym doradztwem. \u2705 Tutaj kupisz produkty DJI, Yuneec, Parrot, Syma i wiele innych, a tak\u017ce kursy i licencje na operatora drona.","og_url":"https:\/\/ironsky.pl\/sklep\/produkt\/uchwyt-wypornosciowy-puluz-do-kamer-sportowych-czarny\/","og_site_name":"IRONSKY.PL Sklep z Dronami","article_modified_time":"2026-04-15T08:24:35+00:00","og_image":[{"width":800,"height":800,"url":"https:\/\/ironsky.pl\/sklep\/wp-content\/uploads\/2026\/04\/34162_1.jpg","type":"image\/jpeg"}],"twitter_card":"summary_large_image","twitter_misc":{"Szacowany czas czytania":"2 minuty"},"schema":{"@context":"https:\/\/schema.org","@graph":[{"@type":"WebPage","@id":"https:\/\/ironsky.pl\/sklep\/produkt\/uchwyt-wypornosciowy-puluz-do-kamer-sportowych-czarny\/","url":"https:\/\/ironsky.pl\/sklep\/produkt\/uchwyt-wypornosciowy-puluz-do-kamer-sportowych-czarny\/","name":"Uchwyt wyporno\u015bciowy PULUZ do kamer sportowych (czarny) - IRONSKY.PL Sklep z Dronami","isPartOf":{"@id":"https:\/\/ironsky.pl\/sklep\/#website"},"primaryImageOfPage":{"@id":"https:\/\/ironsky.pl\/sklep\/produkt\/uchwyt-wypornosciowy-puluz-do-kamer-sportowych-czarny\/#primaryimage"},"image":{"@id":"https:\/\/ironsky.pl\/sklep\/produkt\/uchwyt-wypornosciowy-puluz-do-kamer-sportowych-czarny\/#primaryimage"},"thumbnailUrl":"https:\/\/ironsky.pl\/sklep\/wp-content\/uploads\/2026\/04\/34162_1.jpg","datePublished":"2026-04-15T08:24:09+00:00","dateModified":"2026-04-15T08:24:35+00:00","description":"Uchwyt wyporno\u015bciowy PULUZ do kamer sportowych (czarny) - \u2705 sklep z dronami i fachowym doradztwem. \u2705 Tutaj kupisz produkty DJI, Yuneec, Parrot, Syma i wiele innych, a tak\u017ce kursy i licencje na operatora drona.","breadcrumb":{"@id":"https:\/\/ironsky.pl\/sklep\/produkt\/uchwyt-wypornosciowy-puluz-do-kamer-sportowych-czarny\/#breadcrumb"},"inLanguage":"pl-PL","potentialAction":[{"@type":"ReadAction","target":["https:\/\/ironsky.pl\/sklep\/produkt\/uchwyt-wypornosciowy-puluz-do-kamer-sportowych-czarny\/"]}]},{"@type":"ImageObject","inLanguage":"pl-PL","@id":"https:\/\/ironsky.pl\/sklep\/produkt\/uchwyt-wypornosciowy-puluz-do-kamer-sportowych-czarny\/#primaryimage","url":"https:\/\/ironsky.pl\/sklep\/wp-content\/uploads\/2026\/04\/34162_1.jpg","contentUrl":"https:\/\/ironsky.pl\/sklep\/wp-content\/uploads\/2026\/04\/34162_1.jpg","width":800,"height":800},{"@type":"BreadcrumbList","@id":"https:\/\/ironsky.pl\/sklep\/produkt\/uchwyt-wypornosciowy-puluz-do-kamer-sportowych-czarny\/#breadcrumb","itemListElement":[{"@type":"ListItem","position":1,"name":"Strona g\u0142\u00f3wna","item":"https:\/\/ironsky.pl\/sklep\/"},{"@type":"ListItem","position":2,"name":"Wszystkie produkty","item":"https:\/\/ironsky.pl\/sklep\/produkty\/"},{"@type":"ListItem","position":3,"name":"Uchwyt wyporno\u015bciowy PULUZ do kamer sportowych (czarny)"}]},{"@type":"WebSite","@id":"https:\/\/ironsky.pl\/sklep\/#website","url":"https:\/\/ironsky.pl\/sklep\/","name":"IRONSKY.PL Sklep z Dronami","description":"IRONSKY.PL Sklep z Dronami","potentialAction":[{"@type":"SearchAction","target":{"@type":"EntryPoint","urlTemplate":"https:\/\/ironsky.pl\/sklep\/?s={search_term_string}"},"query-input":{"@type":"PropertyValueSpecification","valueRequired":true,"valueName":"search_term_string"}}],"inLanguage":"pl-PL"}]}},"_links":{"self":[{"href":"https:\/\/ironsky.pl\/sklep\/wp-json\/wp\/v2\/product\/57303","targetHints":{"allow":["GET"]}}],"collection":[{"href":"https:\/\/ironsky.pl\/sklep\/wp-json\/wp\/v2\/product"}],"about":[{"href":"https:\/\/ironsky.pl\/sklep\/wp-json\/wp\/v2\/types\/product"}],"replies":[{"embeddable":true,"href":"https:\/\/ironsky.pl\/sklep\/wp-json\/wp\/v2\/comments?post=57303"}],"wp:featuredmedia":[{"embeddable":true,"href":"https:\/\/ironsky.pl\/sklep\/wp-json\/wp\/v2\/media\/57304"}],"wp:attachment":[{"href":"https:\/\/ironsky.pl\/sklep\/wp-json\/wp\/v2\/media?parent=57303"}],"wp:term":[{"taxonomy":"product_brand","embeddable":true,"href":"https:\/\/ironsky.pl\/sklep\/wp-json\/wp\/v2\/product_brand?post=57303"},{"taxonomy":"product_cat","embeddable":true,"href":"https:\/\/ironsky.pl\/sklep\/wp-json\/wp\/v2\/product_cat?post=57303"},{"taxonomy":"product_tag","embeddable":true,"href":"https:\/\/ironsky.pl\/sklep\/wp-json\/wp\/v2\/product_tag?post=57303"}],"curies":[{"name":"wp","href":"https:\/\/api.w.org\/{rel}","templated":true}]}}