{"id":57291,"date":"2026-04-15T10:24:09","date_gmt":"2026-04-15T08:24:09","guid":{"rendered":"https:\/\/ironsky.pl\/sklep\/produkt\/torba-ochronna-telesin-do-gopro-wodoodporna\/"},"modified":"2026-04-15T10:24:28","modified_gmt":"2026-04-15T08:24:28","slug":"torba-ochronna-telesin-do-gopro-wodoodporna","status":"publish","type":"product","link":"https:\/\/ironsky.pl\/sklep\/produkt\/torba-ochronna-telesin-do-gopro-wodoodporna\/","title":{"rendered":"Torba ochronna TELESIN do GoPro wodoodporna"},"content":{"rendered":"<h3>Wodoodporna torba ochronna Telesin do kamer GoPro (GP-PRC-278-02)    <\/h3>\n<p>Chcesz bezpiecznie przechowywa\u0107 i transportowa\u0107 swoj\u0105 kamer\u0119 GoPro? Z TELESIN b\u0119dzie to mo\u017cliwe! Wodoodporna torba ochrona pomie\u015bci wszystko, co potrzebujesz \u2014 od kamery, po selfie stick, a\u017c do wszystkich przewod\u00f3w. Co wi\u0119cej, masz mo\u017cliwo\u015b\u0107 swobodnej regulacji kieszonek, kt\u00f3re znajduj\u0105 si\u0119 w \u015brodku, co sprawia, \u017ce dostosujesz ich wielko\u015b\u0107 do swoich urz\u0105dze\u0144. Zapewnij sobie maksymaln\u0105 wygod\u0119 z TELESIN!<\/p>\n<p>\n<img decoding=\"async\" src=\"https:\/\/assets.innpro.pl\/12508\/19252\/5.jpg\" border=\"0\" alt=\"\" \/>\n<\/p>\n<h3>Przemy\u015blana budowa<\/h3>\n<p>Torba ochrona TELESIN powsta\u0142a z najwi\u0119ksz\u0105 staranno\u015bci\u0105, a jej nowoczesny wygl\u0105d przypadnie do gustu nawet najbardziej wymagaj\u0105cym. Nie musisz obawia\u0107 si\u0119 o zarysowania swoich sprz\u0119t\u00f3w, poniewa\u017c w \u015brodku jest ona bardzo mi\u0119kka. Co wi\u0119cej, jej obudowa wykazuje niesamowit\u0105 twardo\u015b\u0107, co chroni urz\u0105dzenia znajduj\u0105ce si\u0119 w \u015brodku przed zgnieceniem. Wykazuje tak\u017ce wodoodporno\u015b\u0107 na poziomie IPX4, co sprawia, \u017ce nie straszne b\u0119d\u0105 jej zachlapania czy deszczowa pogoda. Dla wi\u0119kszego komfortu przenoszenia zosta\u0142a wyposa\u017cona w ruchomy uchwyt.<\/p>\n<p>\n<img decoding=\"async\" src=\"https:\/\/assets.innpro.pl\/12508\/19252\/6.jpg\" border=\"0\" alt=\"\" \/>\n<\/p>\n<h3>Wielofunkcyjno\u015b\u0107<\/h3>\n<p>Obawiasz si\u0119, \u017ce w torbie nie zmie\u015bcisz wszystkiego, czego potrzebujesz? Z TELESIN mo\u017cesz porzuci\u0107 te obawy! W jej wn\u0119trzu znajdziesz miejsce na najwa\u017cniejsze rzeczy i nie tylko! Pomie\u015bci ona GoPro i bateri\u0119, ale tak\u017ce selfie sticka, kable i inne przydatne akcesoria. Co wi\u0119cej, dla lepszej organizacji jej wn\u0119trze zosta\u0142o podzielone na specjalne kieszonki, kt\u00f3re mo\u017cesz regulowa\u0107 wed\u0142ug w\u0142asnych potrzeb, przy pomocy specjalnego paska. Dodatkowo w \u015brodku znajdziesz tak\u017ce osobn\u0105 kieszonk\u0119 z siatki, w kt\u00f3rej mo\u017cesz przechowywa\u0107 drobniejsze akcesoria. Od teraz transport i przechowywanie kamer sportowych b\u0119dzie bardzo proste!<\/p>\n<p>\n<img decoding=\"async\" src=\"https:\/\/assets.innpro.pl\/12508\/19252\/3.jpg\" border=\"0\" alt=\"\" \/>\n<\/p>\n<div class=\"table-wrapper\">\n<p>\u00a0<\/p>\n<h3><\/h3>\n<table>\n<tbody>\n<tr>\n<th>Producent<\/th>\n<td>TELESIN<\/td>\n<\/tr>\n<tr>\n<th>Model<\/th>\n<td>GP-PRC-278-02<\/td>\n<\/tr>\n<tr>\n<th>Wymiary<\/th>\n<td>145 \u00d7 240 \u00d7 120 mm<\/td>\n<\/tr>\n<tr>\n<th>Wodoodporno\u015b\u0107<\/th>\n<td>IPX4<\/td>\n<\/tr>\n<tr>\n<th>Materia\u0142<\/th>\n<td>PU<\/td>\n<\/tr>\n<\/tbody>\n<\/table>\n<\/div>\n","protected":false},"excerpt":{"rendered":"<p>Wodoodporna torba ochronna Telesin do kamer GoPro (GP-PRC-278-02) Chcesz bezpiecznie przechowywa\u0107 i transportowa\u0107 swoj\u0105 kamer\u0119 GoPro? Z TELESIN b\u0119dzie to<\/p>\n","protected":false},"featured_media":57292,"comment_status":"closed","ping_status":"open","template":"","meta":{"_acf_changed":false},"product_brand":[],"product_cat":[1128,6172,6205],"product_tag":[],"class_list":{"0":"post-57291","1":"product","2":"type-product","3":"status-publish","4":"has-post-thumbnail","6":"product_cat-foto-wideo","7":"product_cat-przechowywanie-i-transport","8":"product_cat-torby","9":"pa_okres-gwarancji-5754","10":"pa_producent-telesin","12":"first","13":"outofstock","14":"taxable","15":"shipping-taxable","16":"purchasable","17":"product-type-simple"},"acf":[],"yoast_head":"<!-- This site is optimized with the Yoast SEO plugin v27.2 - https:\/\/yoast.com\/product\/yoast-seo-wordpress\/ -->\n<title>Torba ochronna TELESIN do GoPro wodoodporna - IRONSKY.PL Sklep z Dronami<\/title>\n<meta name=\"description\" content=\"Torba ochronna TELESIN do GoPro wodoodporna - \u2705 sklep z dronami i fachowym doradztwem. \u2705 Tutaj kupisz produkty DJI, Yuneec, Parrot, Syma i wiele innych, a tak\u017ce kursy i licencje na operatora drona.\" \/>\n<meta name=\"robots\" content=\"index, follow, max-snippet:-1, max-image-preview:large, max-video-preview:-1\" \/>\n<link rel=\"canonical\" href=\"https:\/\/ironsky.pl\/sklep\/produkt\/torba-ochronna-telesin-do-gopro-wodoodporna\/\" \/>\n<meta property=\"og:locale\" content=\"pl_PL\" \/>\n<meta property=\"og:type\" content=\"article\" \/>\n<meta property=\"og:title\" content=\"Torba ochronna TELESIN do GoPro wodoodporna - IRONSKY.PL Sklep z Dronami\" \/>\n<meta property=\"og:description\" content=\"Torba ochronna TELESIN do GoPro wodoodporna - \u2705 sklep z dronami i fachowym doradztwem. \u2705 Tutaj kupisz produkty DJI, Yuneec, Parrot, Syma i wiele innych, a tak\u017ce kursy i licencje na operatora drona.\" \/>\n<meta property=\"og:url\" content=\"https:\/\/ironsky.pl\/sklep\/produkt\/torba-ochronna-telesin-do-gopro-wodoodporna\/\" \/>\n<meta property=\"og:site_name\" content=\"IRONSKY.PL Sklep z Dronami\" \/>\n<meta property=\"article:modified_time\" content=\"2026-04-15T08:24:28+00:00\" \/>\n<meta property=\"og:image\" content=\"https:\/\/ironsky.pl\/sklep\/wp-content\/uploads\/2026\/04\/34077_6.webp\" \/>\n\t<meta property=\"og:image:width\" content=\"800\" \/>\n\t<meta property=\"og:image:height\" content=\"800\" \/>\n\t<meta property=\"og:image:type\" content=\"image\/webp\" \/>\n<meta name=\"twitter:card\" content=\"summary_large_image\" \/>\n<meta name=\"twitter:label1\" content=\"Szacowany czas czytania\" \/>\n\t<meta name=\"twitter:data1\" content=\"1 minuta\" \/>\n<script type=\"application\/ld+json\" class=\"yoast-schema-graph\">{\"@context\":\"https:\/\/schema.org\",\"@graph\":[{\"@type\":\"WebPage\",\"@id\":\"https:\/\/ironsky.pl\/sklep\/produkt\/torba-ochronna-telesin-do-gopro-wodoodporna\/\",\"url\":\"https:\/\/ironsky.pl\/sklep\/produkt\/torba-ochronna-telesin-do-gopro-wodoodporna\/\",\"name\":\"Torba ochronna TELESIN do GoPro wodoodporna - IRONSKY.PL Sklep z Dronami\",\"isPartOf\":{\"@id\":\"https:\/\/ironsky.pl\/sklep\/#website\"},\"primaryImageOfPage\":{\"@id\":\"https:\/\/ironsky.pl\/sklep\/produkt\/torba-ochronna-telesin-do-gopro-wodoodporna\/#primaryimage\"},\"image\":{\"@id\":\"https:\/\/ironsky.pl\/sklep\/produkt\/torba-ochronna-telesin-do-gopro-wodoodporna\/#primaryimage\"},\"thumbnailUrl\":\"https:\/\/ironsky.pl\/sklep\/wp-content\/uploads\/2026\/04\/34077_6.webp\",\"datePublished\":\"2026-04-15T08:24:09+00:00\",\"dateModified\":\"2026-04-15T08:24:28+00:00\",\"description\":\"Torba ochronna TELESIN do GoPro wodoodporna - \u2705 sklep z dronami i fachowym doradztwem. \u2705 Tutaj kupisz produkty DJI, Yuneec, Parrot, Syma i wiele innych, a tak\u017ce kursy i licencje na operatora drona.\",\"breadcrumb\":{\"@id\":\"https:\/\/ironsky.pl\/sklep\/produkt\/torba-ochronna-telesin-do-gopro-wodoodporna\/#breadcrumb\"},\"inLanguage\":\"pl-PL\",\"potentialAction\":[{\"@type\":\"ReadAction\",\"target\":[\"https:\/\/ironsky.pl\/sklep\/produkt\/torba-ochronna-telesin-do-gopro-wodoodporna\/\"]}]},{\"@type\":\"ImageObject\",\"inLanguage\":\"pl-PL\",\"@id\":\"https:\/\/ironsky.pl\/sklep\/produkt\/torba-ochronna-telesin-do-gopro-wodoodporna\/#primaryimage\",\"url\":\"https:\/\/ironsky.pl\/sklep\/wp-content\/uploads\/2026\/04\/34077_6.webp\",\"contentUrl\":\"https:\/\/ironsky.pl\/sklep\/wp-content\/uploads\/2026\/04\/34077_6.webp\",\"width\":800,\"height\":800},{\"@type\":\"BreadcrumbList\",\"@id\":\"https:\/\/ironsky.pl\/sklep\/produkt\/torba-ochronna-telesin-do-gopro-wodoodporna\/#breadcrumb\",\"itemListElement\":[{\"@type\":\"ListItem\",\"position\":1,\"name\":\"Strona g\u0142\u00f3wna\",\"item\":\"https:\/\/ironsky.pl\/sklep\/\"},{\"@type\":\"ListItem\",\"position\":2,\"name\":\"Wszystkie produkty\",\"item\":\"https:\/\/ironsky.pl\/sklep\/produkty\/\"},{\"@type\":\"ListItem\",\"position\":3,\"name\":\"Torba ochronna TELESIN do GoPro wodoodporna\"}]},{\"@type\":\"WebSite\",\"@id\":\"https:\/\/ironsky.pl\/sklep\/#website\",\"url\":\"https:\/\/ironsky.pl\/sklep\/\",\"name\":\"IRONSKY.PL Sklep z Dronami\",\"description\":\"IRONSKY.PL Sklep z Dronami\",\"potentialAction\":[{\"@type\":\"SearchAction\",\"target\":{\"@type\":\"EntryPoint\",\"urlTemplate\":\"https:\/\/ironsky.pl\/sklep\/?s={search_term_string}\"},\"query-input\":{\"@type\":\"PropertyValueSpecification\",\"valueRequired\":true,\"valueName\":\"search_term_string\"}}],\"inLanguage\":\"pl-PL\"}]}<\/script>\n<!-- \/ Yoast SEO plugin. -->","yoast_head_json":{"title":"Torba ochronna TELESIN do GoPro wodoodporna - IRONSKY.PL Sklep z Dronami","description":"Torba ochronna TELESIN do GoPro wodoodporna - \u2705 sklep z dronami i fachowym doradztwem. \u2705 Tutaj kupisz produkty DJI, Yuneec, Parrot, Syma i wiele innych, a tak\u017ce kursy i licencje na operatora drona.","robots":{"index":"index","follow":"follow","max-snippet":"max-snippet:-1","max-image-preview":"max-image-preview:large","max-video-preview":"max-video-preview:-1"},"canonical":"https:\/\/ironsky.pl\/sklep\/produkt\/torba-ochronna-telesin-do-gopro-wodoodporna\/","og_locale":"pl_PL","og_type":"article","og_title":"Torba ochronna TELESIN do GoPro wodoodporna - IRONSKY.PL Sklep z Dronami","og_description":"Torba ochronna TELESIN do GoPro wodoodporna - \u2705 sklep z dronami i fachowym doradztwem. \u2705 Tutaj kupisz produkty DJI, Yuneec, Parrot, Syma i wiele innych, a tak\u017ce kursy i licencje na operatora drona.","og_url":"https:\/\/ironsky.pl\/sklep\/produkt\/torba-ochronna-telesin-do-gopro-wodoodporna\/","og_site_name":"IRONSKY.PL Sklep z Dronami","article_modified_time":"2026-04-15T08:24:28+00:00","og_image":[{"width":800,"height":800,"url":"https:\/\/ironsky.pl\/sklep\/wp-content\/uploads\/2026\/04\/34077_6.webp","type":"image\/webp"}],"twitter_card":"summary_large_image","twitter_misc":{"Szacowany czas czytania":"1 minuta"},"schema":{"@context":"https:\/\/schema.org","@graph":[{"@type":"WebPage","@id":"https:\/\/ironsky.pl\/sklep\/produkt\/torba-ochronna-telesin-do-gopro-wodoodporna\/","url":"https:\/\/ironsky.pl\/sklep\/produkt\/torba-ochronna-telesin-do-gopro-wodoodporna\/","name":"Torba ochronna TELESIN do GoPro wodoodporna - IRONSKY.PL Sklep z Dronami","isPartOf":{"@id":"https:\/\/ironsky.pl\/sklep\/#website"},"primaryImageOfPage":{"@id":"https:\/\/ironsky.pl\/sklep\/produkt\/torba-ochronna-telesin-do-gopro-wodoodporna\/#primaryimage"},"image":{"@id":"https:\/\/ironsky.pl\/sklep\/produkt\/torba-ochronna-telesin-do-gopro-wodoodporna\/#primaryimage"},"thumbnailUrl":"https:\/\/ironsky.pl\/sklep\/wp-content\/uploads\/2026\/04\/34077_6.webp","datePublished":"2026-04-15T08:24:09+00:00","dateModified":"2026-04-15T08:24:28+00:00","description":"Torba ochronna TELESIN do GoPro wodoodporna - \u2705 sklep z dronami i fachowym doradztwem. \u2705 Tutaj kupisz produkty DJI, Yuneec, Parrot, Syma i wiele innych, a tak\u017ce kursy i licencje na operatora drona.","breadcrumb":{"@id":"https:\/\/ironsky.pl\/sklep\/produkt\/torba-ochronna-telesin-do-gopro-wodoodporna\/#breadcrumb"},"inLanguage":"pl-PL","potentialAction":[{"@type":"ReadAction","target":["https:\/\/ironsky.pl\/sklep\/produkt\/torba-ochronna-telesin-do-gopro-wodoodporna\/"]}]},{"@type":"ImageObject","inLanguage":"pl-PL","@id":"https:\/\/ironsky.pl\/sklep\/produkt\/torba-ochronna-telesin-do-gopro-wodoodporna\/#primaryimage","url":"https:\/\/ironsky.pl\/sklep\/wp-content\/uploads\/2026\/04\/34077_6.webp","contentUrl":"https:\/\/ironsky.pl\/sklep\/wp-content\/uploads\/2026\/04\/34077_6.webp","width":800,"height":800},{"@type":"BreadcrumbList","@id":"https:\/\/ironsky.pl\/sklep\/produkt\/torba-ochronna-telesin-do-gopro-wodoodporna\/#breadcrumb","itemListElement":[{"@type":"ListItem","position":1,"name":"Strona g\u0142\u00f3wna","item":"https:\/\/ironsky.pl\/sklep\/"},{"@type":"ListItem","position":2,"name":"Wszystkie produkty","item":"https:\/\/ironsky.pl\/sklep\/produkty\/"},{"@type":"ListItem","position":3,"name":"Torba ochronna TELESIN do GoPro wodoodporna"}]},{"@type":"WebSite","@id":"https:\/\/ironsky.pl\/sklep\/#website","url":"https:\/\/ironsky.pl\/sklep\/","name":"IRONSKY.PL Sklep z Dronami","description":"IRONSKY.PL Sklep z Dronami","potentialAction":[{"@type":"SearchAction","target":{"@type":"EntryPoint","urlTemplate":"https:\/\/ironsky.pl\/sklep\/?s={search_term_string}"},"query-input":{"@type":"PropertyValueSpecification","valueRequired":true,"valueName":"search_term_string"}}],"inLanguage":"pl-PL"}]}},"_links":{"self":[{"href":"https:\/\/ironsky.pl\/sklep\/wp-json\/wp\/v2\/product\/57291","targetHints":{"allow":["GET"]}}],"collection":[{"href":"https:\/\/ironsky.pl\/sklep\/wp-json\/wp\/v2\/product"}],"about":[{"href":"https:\/\/ironsky.pl\/sklep\/wp-json\/wp\/v2\/types\/product"}],"replies":[{"embeddable":true,"href":"https:\/\/ironsky.pl\/sklep\/wp-json\/wp\/v2\/comments?post=57291"}],"wp:featuredmedia":[{"embeddable":true,"href":"https:\/\/ironsky.pl\/sklep\/wp-json\/wp\/v2\/media\/57292"}],"wp:attachment":[{"href":"https:\/\/ironsky.pl\/sklep\/wp-json\/wp\/v2\/media?parent=57291"}],"wp:term":[{"taxonomy":"product_brand","embeddable":true,"href":"https:\/\/ironsky.pl\/sklep\/wp-json\/wp\/v2\/product_brand?post=57291"},{"taxonomy":"product_cat","embeddable":true,"href":"https:\/\/ironsky.pl\/sklep\/wp-json\/wp\/v2\/product_cat?post=57291"},{"taxonomy":"product_tag","embeddable":true,"href":"https:\/\/ironsky.pl\/sklep\/wp-json\/wp\/v2\/product_tag?post=57291"}],"curies":[{"name":"wp","href":"https:\/\/api.w.org\/{rel}","templated":true}]}}