{"id":57283,"date":"2026-04-15T10:24:09","date_gmt":"2026-04-15T08:24:09","guid":{"rendered":"https:\/\/ironsky.pl\/sklep\/produkt\/mocowanie-telesin-gp-jfm-009-na-pasek-plecaka\/"},"modified":"2026-04-15T10:24:25","modified_gmt":"2026-04-15T08:24:25","slug":"mocowanie-telesin-gp-jfm-009-na-pasek-plecaka","status":"publish","type":"product","link":"https:\/\/ironsky.pl\/sklep\/produkt\/mocowanie-telesin-gp-jfm-009-na-pasek-plecaka\/","title":{"rendered":"Mocowanie TELESIN GP-JFM-009 na pasek plecaka"},"content":{"rendered":"<h3>Mocowanie na pasek plecaka Telesin do kamer sportowych (GP-JFM-009)<\/h3>\n<p>Cz\u0119sto nagrywasz swoje w\u0119dr\u00f3wki po g\u00f3rach? Szukasz gad\u017cetu, kt\u00f3ry pozwoli Ci na uwolnienie r\u0105k? Z TELESIN b\u0119dzie to mo\u017cliwe! Mocowanie na pasek plecaka do kamer sportowych pozwoli Ci na \u0142atwe i szybkie nagrywanie niesamowitych uj\u0119\u0107. Co wi\u0119cej, gad\u017cet ten zapewnia stabilno\u015b\u0107 nagra\u0144, a dzi\u0119ki swojej przemy\u015blanej konstrukcji jest wytrzyma\u0142y i niezawodny. Nie musisz tak\u017ce obawia\u0107 si\u0119 o upuszczenie swojej kamery, poniewa\u017c mocowanie zosta\u0142o wyposa\u017cone w klips o du\u017cej licznie z\u0105bk\u00f3w oraz w grubsz\u0105 konstrukcj\u0119 spr\u0119\u017cyn. Z TELESIN mo\u017cesz nagrywa\u0107 niezapomniane uj\u0119cia z ka\u017cdej wyprawy! <\/p>\n<p><img decoding=\"async\" src=\"https:\/\/b2b.innpro.pl\/data\/include\/cms\/Telesin\/GP-JFM-009\/7.jpg\" alt=\"Telesin\/GP-JFM-009\/7\"><\/p>\n<h3>Przemy\u015blany design <\/h3>\n<p>Mocowanie na pasek plecaka TELESIN zosta\u0142o zaprojektowane z najwy\u017csz\u0105 staranno\u015bci\u0105. Wyr\u00f3\u017cnia si\u0119 prostym, ale unikatowym designem. Gad\u017cet ten powsta\u0142 z wysokiej jako\u015bci materia\u0142\u00f3w, kt\u00f3re s\u0105 przyjemne w dotyku, dzi\u0119ki czemu jego u\u017cytkowanie jest bardziej komfortowe. Co wi\u0119cej, jego klips wyposa\u017cony jest w wi\u0119ksz\u0105 ilo\u015b\u0107 rz\u0119d\u00f3w z\u0105bk\u00f3w oraz grubsz\u0105 konstrukcj\u0119 spr\u0119\u017cyn, dzi\u0119ki czemu nie musisz obawia\u0107 si\u0119 o upuszczenie urz\u0105dzenia. Z TELESIN mo\u017cesz przemierza\u0107 g\u00f3ry tak, jak najbardziej lubisz, jednocze\u015bnie tworz\u0105c niesamowite filmy. <\/p>\n<p><img decoding=\"async\" src=\"https:\/\/b2b.innpro.pl\/data\/include\/cms\/Telesin\/GP-JFM-009\/9.jpg\" alt=\"Telesin\/GP-JFM-009\/9\"><\/p>\n<h3>Dostosowany do potrzeb<\/h3>\n<p>TELESIN stworzy\u0142o gad\u017cet, kt\u00f3ry odpowie na potrzeby nawet najbardziej wymagaj\u0105cych. Mocowanie ma mo\u017cliwo\u015b\u0107 regulacji o 360\u00b0, dzi\u0119ki czemu kamera przypi\u0119ta do paska plecaka b\u0119dzie zawsze sta\u0142a prosto. Do zablokowania jednej pozycji kamery u\u017cyj specjalnej klamry \u2014 poci\u0105gnij j\u0105 w d\u00f3\u0142, aby swobodnie regulowa\u0107 ustawienie swojego sprz\u0119tu. Dodatkowo mocny uchwyt gwarantuje stabilno\u015b\u0107 oraz odporno\u015b\u0107 na wstrz\u0105sy. Mocowanie to tak\u017ce zosta\u0142o wyposa\u017cone w magnesy o du\u017cej mocy, dzi\u0119ki kt\u00f3rym mo\u017cesz przyczepi\u0107 je do r\u00f3\u017cnych metalowych powierzchni. Tw\u00f3rz niesamowite tre\u015bci, dzi\u0119ki TELESIN! <\/p>\n<p><img decoding=\"async\" src=\"https:\/\/b2b.innpro.pl\/data\/include\/cms\/Telesin\/GP-JFM-009\/5.jpg\" alt=\"Telesin\/GP-JFM-009\/5\"><\/p>\n<h3>Komfort u\u017cytkowania <\/h3>\n<p>Mocowanie TELESIN to tak\u017ce niezr\u00f3wnany komfort u\u017cytkowania. Mo\u017cesz wykorzysta\u0107 je przy r\u00f3\u017cnych aktywno\u015bciach takich jak na przyk\u0142ad wspinaczki g\u00f3rskie czy w\u0119dr\u00f3wki. Wystarczy tylko, \u017ce przyczepisz je do paska swojego plecaka! Nie musisz obawia\u0107 si\u0119 jego instalacji \u2014 jest ona bardzo prosta i mo\u017cesz wykona\u0107 j\u0105 ju\u017c w 4 krokach. Co wi\u0119cej, gad\u017cet ten wykazuje tak\u017ce szerok\u0105 kompatybilno\u015b\u0107 z wieloma urz\u0105dzeniami w tym z kamerami, kamerami sportowymi czy telefonami. Z TELESIN nic nie b\u0119dzie Ci\u0119 ogranicza\u0107!<\/p>\n<p><img decoding=\"async\" src=\"https:\/\/b2b.innpro.pl\/data\/include\/cms\/Telesin\/GP-JFM-009\/8.jpg\" alt=\"Telesin\/GP-JFM-009\/8\"><\/p>\n<h3>W zestawie <\/h3>\n<ul>\n<li>mocowanie na pasek plecaka <\/li>\n<li>\u015bruba blokuj\u0105ca <\/li>\n<li>instrukcja obs\u0142ugi <\/li>\n<\/ul>\n<div class=\"table-wrapper\">\n<table>\n<tbody>\n<tr>\n<th>Producent <\/th>\n<td>TELESIN<\/td>\n<\/tr>\n<tr>\n<th>Model<\/th>\n<td>GP-JFM-009<\/td>\n<\/tr>\n<tr>\n<th>Wymiary<\/th>\n<td>46,6 \u00d7 98 mm<\/td>\n<\/tr>\n<tr>\n<th>Materia\u0142 <\/th>\n<td>316 stal nierdzewna + PC + TPU + stal w\u0119glowa <\/td>\n<\/tr>\n<tr>\n<th>Waga <\/th>\n<td>140 g<\/td>\n<\/tr>\n<tr>\n<th>Maksymalnie obci\u0105\u017cenie <\/th>\n<td>250 g<\/td>\n<\/tr>\n<\/tbody>\n<\/table>\n<\/div>\n","protected":false},"excerpt":{"rendered":"<p>Mocowanie na pasek plecaka Telesin do kamer sportowych (GP-JFM-009) Cz\u0119sto nagrywasz swoje w\u0119dr\u00f3wki po g\u00f3rach? Szukasz gad\u017cetu, kt\u00f3ry pozwoli Ci<\/p>\n","protected":false},"featured_media":57284,"comment_status":"closed","ping_status":"open","template":"","meta":{"_acf_changed":false},"product_brand":[],"product_cat":[1128,6178,6176,6177,1138,6179],"product_tag":[],"class_list":{"0":"post-57283","1":"product","2":"type-product","3":"status-publish","4":"has-post-thumbnail","6":"product_cat-foto-wideo","7":"product_cat-mocowania","8":"product_cat-selfie-stiki","9":"product_cat-statywy-selfie-stiki","10":"product_cat-wysiegniki","11":"product_cat-wysiegniki-i-uchwyty-selfie","12":"pa_okres-gwarancji-5754","13":"pa_producent-telesin","15":"first","16":"outofstock","17":"taxable","18":"shipping-taxable","19":"purchasable","20":"product-type-simple"},"acf":[],"yoast_head":"<!-- This site is optimized with the Yoast SEO plugin v27.2 - https:\/\/yoast.com\/product\/yoast-seo-wordpress\/ -->\n<title>Mocowanie TELESIN GP-JFM-009 na pasek plecaka - IRONSKY.PL Sklep z Dronami<\/title>\n<meta name=\"description\" content=\"Mocowanie TELESIN GP-JFM-009 na pasek plecaka - \u2705 sklep z dronami i fachowym doradztwem. \u2705 Tutaj kupisz produkty DJI, Yuneec, Parrot, Syma i wiele innych, a tak\u017ce kursy i licencje na operatora drona.\" \/>\n<meta name=\"robots\" content=\"index, follow, max-snippet:-1, max-image-preview:large, max-video-preview:-1\" \/>\n<link rel=\"canonical\" href=\"https:\/\/ironsky.pl\/sklep\/produkt\/mocowanie-telesin-gp-jfm-009-na-pasek-plecaka\/\" \/>\n<meta property=\"og:locale\" content=\"pl_PL\" \/>\n<meta property=\"og:type\" content=\"article\" \/>\n<meta property=\"og:title\" content=\"Mocowanie TELESIN GP-JFM-009 na pasek plecaka - IRONSKY.PL Sklep z Dronami\" \/>\n<meta property=\"og:description\" content=\"Mocowanie TELESIN GP-JFM-009 na pasek plecaka - \u2705 sklep z dronami i fachowym doradztwem. \u2705 Tutaj kupisz produkty DJI, Yuneec, Parrot, Syma i wiele innych, a tak\u017ce kursy i licencje na operatora drona.\" \/>\n<meta property=\"og:url\" content=\"https:\/\/ironsky.pl\/sklep\/produkt\/mocowanie-telesin-gp-jfm-009-na-pasek-plecaka\/\" \/>\n<meta property=\"og:site_name\" content=\"IRONSKY.PL Sklep z Dronami\" \/>\n<meta property=\"article:modified_time\" content=\"2026-04-15T08:24:25+00:00\" \/>\n<meta property=\"og:image\" content=\"https:\/\/ironsky.pl\/sklep\/wp-content\/uploads\/2026\/04\/34076_1.jpg\" \/>\n\t<meta property=\"og:image:width\" content=\"800\" \/>\n\t<meta property=\"og:image:height\" content=\"802\" \/>\n\t<meta property=\"og:image:type\" content=\"image\/jpeg\" \/>\n<meta name=\"twitter:card\" content=\"summary_large_image\" \/>\n<meta name=\"twitter:label1\" content=\"Szacowany czas czytania\" \/>\n\t<meta name=\"twitter:data1\" content=\"2 minuty\" \/>\n<script type=\"application\/ld+json\" class=\"yoast-schema-graph\">{\"@context\":\"https:\/\/schema.org\",\"@graph\":[{\"@type\":\"WebPage\",\"@id\":\"https:\/\/ironsky.pl\/sklep\/produkt\/mocowanie-telesin-gp-jfm-009-na-pasek-plecaka\/\",\"url\":\"https:\/\/ironsky.pl\/sklep\/produkt\/mocowanie-telesin-gp-jfm-009-na-pasek-plecaka\/\",\"name\":\"Mocowanie TELESIN GP-JFM-009 na pasek plecaka - IRONSKY.PL Sklep z Dronami\",\"isPartOf\":{\"@id\":\"https:\/\/ironsky.pl\/sklep\/#website\"},\"primaryImageOfPage\":{\"@id\":\"https:\/\/ironsky.pl\/sklep\/produkt\/mocowanie-telesin-gp-jfm-009-na-pasek-plecaka\/#primaryimage\"},\"image\":{\"@id\":\"https:\/\/ironsky.pl\/sklep\/produkt\/mocowanie-telesin-gp-jfm-009-na-pasek-plecaka\/#primaryimage\"},\"thumbnailUrl\":\"https:\/\/ironsky.pl\/sklep\/wp-content\/uploads\/2026\/04\/34076_1.jpg\",\"datePublished\":\"2026-04-15T08:24:09+00:00\",\"dateModified\":\"2026-04-15T08:24:25+00:00\",\"description\":\"Mocowanie TELESIN GP-JFM-009 na pasek plecaka - \u2705 sklep z dronami i fachowym doradztwem. \u2705 Tutaj kupisz produkty DJI, Yuneec, Parrot, Syma i wiele innych, a tak\u017ce kursy i licencje na operatora drona.\",\"breadcrumb\":{\"@id\":\"https:\/\/ironsky.pl\/sklep\/produkt\/mocowanie-telesin-gp-jfm-009-na-pasek-plecaka\/#breadcrumb\"},\"inLanguage\":\"pl-PL\",\"potentialAction\":[{\"@type\":\"ReadAction\",\"target\":[\"https:\/\/ironsky.pl\/sklep\/produkt\/mocowanie-telesin-gp-jfm-009-na-pasek-plecaka\/\"]}]},{\"@type\":\"ImageObject\",\"inLanguage\":\"pl-PL\",\"@id\":\"https:\/\/ironsky.pl\/sklep\/produkt\/mocowanie-telesin-gp-jfm-009-na-pasek-plecaka\/#primaryimage\",\"url\":\"https:\/\/ironsky.pl\/sklep\/wp-content\/uploads\/2026\/04\/34076_1.jpg\",\"contentUrl\":\"https:\/\/ironsky.pl\/sklep\/wp-content\/uploads\/2026\/04\/34076_1.jpg\",\"width\":800,\"height\":802},{\"@type\":\"BreadcrumbList\",\"@id\":\"https:\/\/ironsky.pl\/sklep\/produkt\/mocowanie-telesin-gp-jfm-009-na-pasek-plecaka\/#breadcrumb\",\"itemListElement\":[{\"@type\":\"ListItem\",\"position\":1,\"name\":\"Strona g\u0142\u00f3wna\",\"item\":\"https:\/\/ironsky.pl\/sklep\/\"},{\"@type\":\"ListItem\",\"position\":2,\"name\":\"Wszystkie produkty\",\"item\":\"https:\/\/ironsky.pl\/sklep\/produkty\/\"},{\"@type\":\"ListItem\",\"position\":3,\"name\":\"Mocowanie TELESIN GP-JFM-009 na pasek plecaka\"}]},{\"@type\":\"WebSite\",\"@id\":\"https:\/\/ironsky.pl\/sklep\/#website\",\"url\":\"https:\/\/ironsky.pl\/sklep\/\",\"name\":\"IRONSKY.PL Sklep z Dronami\",\"description\":\"IRONSKY.PL Sklep z Dronami\",\"potentialAction\":[{\"@type\":\"SearchAction\",\"target\":{\"@type\":\"EntryPoint\",\"urlTemplate\":\"https:\/\/ironsky.pl\/sklep\/?s={search_term_string}\"},\"query-input\":{\"@type\":\"PropertyValueSpecification\",\"valueRequired\":true,\"valueName\":\"search_term_string\"}}],\"inLanguage\":\"pl-PL\"}]}<\/script>\n<!-- \/ Yoast SEO plugin. -->","yoast_head_json":{"title":"Mocowanie TELESIN GP-JFM-009 na pasek plecaka - IRONSKY.PL Sklep z Dronami","description":"Mocowanie TELESIN GP-JFM-009 na pasek plecaka - \u2705 sklep z dronami i fachowym doradztwem. \u2705 Tutaj kupisz produkty DJI, Yuneec, Parrot, Syma i wiele innych, a tak\u017ce kursy i licencje na operatora drona.","robots":{"index":"index","follow":"follow","max-snippet":"max-snippet:-1","max-image-preview":"max-image-preview:large","max-video-preview":"max-video-preview:-1"},"canonical":"https:\/\/ironsky.pl\/sklep\/produkt\/mocowanie-telesin-gp-jfm-009-na-pasek-plecaka\/","og_locale":"pl_PL","og_type":"article","og_title":"Mocowanie TELESIN GP-JFM-009 na pasek plecaka - IRONSKY.PL Sklep z Dronami","og_description":"Mocowanie TELESIN GP-JFM-009 na pasek plecaka - \u2705 sklep z dronami i fachowym doradztwem. \u2705 Tutaj kupisz produkty DJI, Yuneec, Parrot, Syma i wiele innych, a tak\u017ce kursy i licencje na operatora drona.","og_url":"https:\/\/ironsky.pl\/sklep\/produkt\/mocowanie-telesin-gp-jfm-009-na-pasek-plecaka\/","og_site_name":"IRONSKY.PL Sklep z Dronami","article_modified_time":"2026-04-15T08:24:25+00:00","og_image":[{"width":800,"height":802,"url":"https:\/\/ironsky.pl\/sklep\/wp-content\/uploads\/2026\/04\/34076_1.jpg","type":"image\/jpeg"}],"twitter_card":"summary_large_image","twitter_misc":{"Szacowany czas czytania":"2 minuty"},"schema":{"@context":"https:\/\/schema.org","@graph":[{"@type":"WebPage","@id":"https:\/\/ironsky.pl\/sklep\/produkt\/mocowanie-telesin-gp-jfm-009-na-pasek-plecaka\/","url":"https:\/\/ironsky.pl\/sklep\/produkt\/mocowanie-telesin-gp-jfm-009-na-pasek-plecaka\/","name":"Mocowanie TELESIN GP-JFM-009 na pasek plecaka - IRONSKY.PL Sklep z Dronami","isPartOf":{"@id":"https:\/\/ironsky.pl\/sklep\/#website"},"primaryImageOfPage":{"@id":"https:\/\/ironsky.pl\/sklep\/produkt\/mocowanie-telesin-gp-jfm-009-na-pasek-plecaka\/#primaryimage"},"image":{"@id":"https:\/\/ironsky.pl\/sklep\/produkt\/mocowanie-telesin-gp-jfm-009-na-pasek-plecaka\/#primaryimage"},"thumbnailUrl":"https:\/\/ironsky.pl\/sklep\/wp-content\/uploads\/2026\/04\/34076_1.jpg","datePublished":"2026-04-15T08:24:09+00:00","dateModified":"2026-04-15T08:24:25+00:00","description":"Mocowanie TELESIN GP-JFM-009 na pasek plecaka - \u2705 sklep z dronami i fachowym doradztwem. \u2705 Tutaj kupisz produkty DJI, Yuneec, Parrot, Syma i wiele innych, a tak\u017ce kursy i licencje na operatora drona.","breadcrumb":{"@id":"https:\/\/ironsky.pl\/sklep\/produkt\/mocowanie-telesin-gp-jfm-009-na-pasek-plecaka\/#breadcrumb"},"inLanguage":"pl-PL","potentialAction":[{"@type":"ReadAction","target":["https:\/\/ironsky.pl\/sklep\/produkt\/mocowanie-telesin-gp-jfm-009-na-pasek-plecaka\/"]}]},{"@type":"ImageObject","inLanguage":"pl-PL","@id":"https:\/\/ironsky.pl\/sklep\/produkt\/mocowanie-telesin-gp-jfm-009-na-pasek-plecaka\/#primaryimage","url":"https:\/\/ironsky.pl\/sklep\/wp-content\/uploads\/2026\/04\/34076_1.jpg","contentUrl":"https:\/\/ironsky.pl\/sklep\/wp-content\/uploads\/2026\/04\/34076_1.jpg","width":800,"height":802},{"@type":"BreadcrumbList","@id":"https:\/\/ironsky.pl\/sklep\/produkt\/mocowanie-telesin-gp-jfm-009-na-pasek-plecaka\/#breadcrumb","itemListElement":[{"@type":"ListItem","position":1,"name":"Strona g\u0142\u00f3wna","item":"https:\/\/ironsky.pl\/sklep\/"},{"@type":"ListItem","position":2,"name":"Wszystkie produkty","item":"https:\/\/ironsky.pl\/sklep\/produkty\/"},{"@type":"ListItem","position":3,"name":"Mocowanie TELESIN GP-JFM-009 na pasek plecaka"}]},{"@type":"WebSite","@id":"https:\/\/ironsky.pl\/sklep\/#website","url":"https:\/\/ironsky.pl\/sklep\/","name":"IRONSKY.PL Sklep z Dronami","description":"IRONSKY.PL Sklep z Dronami","potentialAction":[{"@type":"SearchAction","target":{"@type":"EntryPoint","urlTemplate":"https:\/\/ironsky.pl\/sklep\/?s={search_term_string}"},"query-input":{"@type":"PropertyValueSpecification","valueRequired":true,"valueName":"search_term_string"}}],"inLanguage":"pl-PL"}]}},"_links":{"self":[{"href":"https:\/\/ironsky.pl\/sklep\/wp-json\/wp\/v2\/product\/57283","targetHints":{"allow":["GET"]}}],"collection":[{"href":"https:\/\/ironsky.pl\/sklep\/wp-json\/wp\/v2\/product"}],"about":[{"href":"https:\/\/ironsky.pl\/sklep\/wp-json\/wp\/v2\/types\/product"}],"replies":[{"embeddable":true,"href":"https:\/\/ironsky.pl\/sklep\/wp-json\/wp\/v2\/comments?post=57283"}],"wp:featuredmedia":[{"embeddable":true,"href":"https:\/\/ironsky.pl\/sklep\/wp-json\/wp\/v2\/media\/57284"}],"wp:attachment":[{"href":"https:\/\/ironsky.pl\/sklep\/wp-json\/wp\/v2\/media?parent=57283"}],"wp:term":[{"taxonomy":"product_brand","embeddable":true,"href":"https:\/\/ironsky.pl\/sklep\/wp-json\/wp\/v2\/product_brand?post=57283"},{"taxonomy":"product_cat","embeddable":true,"href":"https:\/\/ironsky.pl\/sklep\/wp-json\/wp\/v2\/product_cat?post=57283"},{"taxonomy":"product_tag","embeddable":true,"href":"https:\/\/ironsky.pl\/sklep\/wp-json\/wp\/v2\/product_tag?post=57283"}],"curies":[{"name":"wp","href":"https:\/\/api.w.org\/{rel}","templated":true}]}}