{"id":57277,"date":"2026-04-15T10:24:09","date_gmt":"2026-04-15T08:24:09","guid":{"rendered":"https:\/\/ironsky.pl\/sklep\/produkt\/selfie-stick-telesin-gp-mnp-300-3-3m-wlokno-weglowe\/"},"modified":"2026-04-15T10:24:22","modified_gmt":"2026-04-15T08:24:22","slug":"selfie-stick-telesin-gp-mnp-300-3-3m-wlokno-weglowe","status":"publish","type":"product","link":"https:\/\/ironsky.pl\/sklep\/produkt\/selfie-stick-telesin-gp-mnp-300-3-3m-wlokno-weglowe\/","title":{"rendered":"Selfie stick TELESIN GP-MNP-300-3 3m w\u0142\u00f3kno w\u0119glowe"},"content":{"rendered":"<h3>Selfie stick z w\u0142\u00f3kna w\u0119glowego o d\u0142ugo\u015bci 3m Telesin do kamer GP-MNP-300-3    <\/h3>\n<p>Chcesz tworzy\u0107 niesamowite uj\u0119cia? A mo\u017ce chcesz uwieczni\u0107 na zdj\u0119ciu du\u017c\u0105 liczb\u0119 os\u00f3b? Z TELESIN nie b\u0119dzie to problemem! Ten selfie stick pozwoli Ci uwiecznia\u0107 niezapomniane chwile, nawet pod wod\u0105. Wykonany z najwy\u017cszej jako\u015bci materia\u0142\u00f3w b\u0119dzie nie tylko wytrzyma\u0142y i niezawodny, ale b\u0119dzie tak\u017ce s\u0142u\u017cy\u0107 Ci przez bardzo d\u0142ugi czas. Dzi\u0119ki mo\u017cliwo\u015bci a\u017c 8-stopniowej regulacji wysoko\u015bci mo\u017cesz dostosowa\u0107 jego d\u0142ugo\u015b\u0107 do w\u0142asnych potrzeb. Zobacz, jak \u0142atwo uwiecznia\u0107 pi\u0119kne chwile!<\/p>\n<p>\n<img decoding=\"async\" src=\"https:\/\/assets.innpro.pl\/15329\/19257\/3.jpg\" border=\"0\" alt=\"\" \/>\n<\/p>\n<h3>Selfie stick, jakiego potrzebowa\u0142e\u015b<\/h3>\n<p>Selfie stick TELESIN zosta\u0142 stworzony, aby spe\u0142ni\u0107 oczekiwania nawet najbardziej wymagaj\u0105cych. Dzi\u0119ki przemy\u015blanej konstrukcji b\u0119dzie odpowiedni jednakowo dla kamer sportowych, kamer panoramicznych czy telefon\u00f3w. Po ca\u0142kowitym roz\u0142o\u017ceniu jego d\u0142ugo\u015b\u0107 si\u0119ga a\u017c 3 metr\u00f3w, co pozwoli na uwiecznienie niesamowitych chwil z lotu ptaka, ale tak\u017ce pomo\u017ce w z\u0142apaniu na jednym uj\u0119ciu du\u017cej rodziny czy wi\u0119kszej grupy ludzi. Ponadto mo\u017cesz zblokowa\u0107 go na a\u017c 8 r\u00f3\u017cnych wysoko\u015bciach \u2014 wystarczy, \u017ce lekko go przekr\u0119cisz. Cecha ta sprawia, \u017ce dostosujesz go do swoich potrzeb.<\/p>\n<p>\n<img decoding=\"async\" src=\"https:\/\/assets.innpro.pl\/15329\/19257\/5.jpg\" border=\"0\" alt=\"\" \/>\n<\/p>\n<h3>Przemy\u015blany design<\/h3>\n<p>Gad\u017cet TELESIN powsta\u0142 z najwy\u017csz\u0105 staranno\u015bci\u0105. Wykonany zosta\u0142 z wysokiej jako\u015bci w\u0142\u00f3kna w\u0119glowego, dzi\u0119ki czemu zapewnia wytrzyma\u0142o\u015b\u0107, a co wi\u0119cej jest o 1\/3 l\u017cejszy ni\u017c aluminiowy selfie stick o tym samym rozmiarze. Jego silikonowy uchwyt cechuje si\u0119 antypo\u015blizgow\u0105 tekstur\u0105, dzi\u0119ki kt\u00f3rej b\u0119dzie lepiej le\u017ce\u0107 w d\u0142oni. Selfie stick TELESIN jest tak\u017ce bardziej stabilny i nie b\u0119dzie ulega\u0107 deformacjom, nawet po d\u0142ugotrwa\u0142ym u\u017cytkowaniu.<\/p>\n<p>\n<img decoding=\"async\" src=\"https:\/\/assets.innpro.pl\/15329\/19257\/6.jpg\" border=\"0\" alt=\"\" \/>\n<\/p>\n<h3>Komfort u\u017cytkowania<\/h3>\n<p>TELESIN to nie tylko bardzo praktyczny i funkcjonalny gad\u017cet, to tak\u017ce komfort u\u017cytkowania. Na jego spodzie zosta\u0142 umieszczony gwintowany port, kt\u00f3ry umo\u017cliwia jego przymocowanie do statywu. Co wi\u0119cej, w\u0142\u00f3kno w\u0119glowe, z kt\u00f3rego powsta\u0142 selfie stick, jest bardziej odporne na korozj\u0119 ni\u017c metal, co sprawia, \u017ce bez obaw mo\u017cesz u\u017cywa\u0107 gad\u017cetu pod wod\u0105 i tworzy\u0107 niesamowite uj\u0119cia spod morskich fal. Nie martw si\u0119 tak\u017ce o jego transport, poniewa\u017c nie sprawi Ci on k\u0142opotu. Selfie stick po z\u0142o\u017ceniu mierzy tylko 44 cm, dzi\u0119ki czemu z \u0142atwo\u015bci\u0105 schowasz go do plecaka czy torebki.<\/p>\n<p>\n<img decoding=\"async\" src=\"https:\/\/assets.innpro.pl\/15329\/19257\/4.jpg\" border=\"0\" alt=\"\" \/>\n<\/p>\n<h3>W zestawie<\/h3>\n<ul class=\"list-disc pl-5\">\n<li>selfie stick<\/li>\n<li>adapter tr\u00f3jszcz\u0119kowy<\/li>\n<li>adapter z gwintem 1\/4<\/li>\n<\/ul>\n<div class=\"table-wrapper\">\n<p>\u00a0<\/p>\n<h3><\/h3>\n<table>\n<tbody>\n<tr>\n<th>Producent<\/th>\n<td>TELESIN<\/td>\n<\/tr>\n<tr>\n<th>Model<\/th>\n<td>GP-MNP-300-3<\/td>\n<\/tr>\n<tr>\n<th>Wymiary<\/th>\n<td>44-300 cm<\/td>\n<\/tr>\n<tr>\n<th>Waga<\/th>\n<td>374 g<\/td>\n<\/tr>\n<tr>\n<th>Materia\u0142<\/th>\n<td>24T tkanina w\u0119glowa, stop aluminium, silikon<\/td>\n<\/tr>\n<tr>\n<th>Maksymalne obci\u0105\u017cenie<\/th>\n<td>0,3 kg<\/td>\n<\/tr>\n<\/tbody>\n<\/table>\n<\/div>\n","protected":false},"excerpt":{"rendered":"<p>Selfie stick z w\u0142\u00f3kna w\u0119glowego o d\u0142ugo\u015bci 3m Telesin do kamer GP-MNP-300-3 Chcesz tworzy\u0107 niesamowite uj\u0119cia? A mo\u017ce chcesz uwieczni\u0107<\/p>\n","protected":false},"featured_media":57278,"comment_status":"closed","ping_status":"open","template":"","meta":{"_acf_changed":false},"product_brand":[],"product_cat":[1128,6178,6176,6177,1138,6179],"product_tag":[],"class_list":{"0":"post-57277","1":"product","2":"type-product","3":"status-publish","4":"has-post-thumbnail","6":"product_cat-foto-wideo","7":"product_cat-mocowania","8":"product_cat-selfie-stiki","9":"product_cat-statywy-selfie-stiki","10":"product_cat-wysiegniki","11":"product_cat-wysiegniki-i-uchwyty-selfie","12":"pa_okres-gwarancji-5754","13":"pa_producent-telesin","15":"first","16":"outofstock","17":"taxable","18":"shipping-taxable","19":"purchasable","20":"product-type-simple"},"acf":[],"yoast_head":"<!-- This site is optimized with the Yoast SEO plugin v27.2 - https:\/\/yoast.com\/product\/yoast-seo-wordpress\/ -->\n<title>Selfie stick TELESIN GP-MNP-300-3 3m w\u0142\u00f3kno w\u0119glowe - IRONSKY.PL Sklep z Dronami<\/title>\n<meta name=\"description\" content=\"Selfie stick TELESIN GP-MNP-300-3 3m w\u0142\u00f3kno w\u0119glowe - \u2705 sklep z dronami i fachowym doradztwem. \u2705 Tutaj kupisz produkty DJI, Yuneec, Parrot, Syma i wiele innych, a tak\u017ce kursy i licencje na operatora drona.\" \/>\n<meta name=\"robots\" content=\"index, follow, max-snippet:-1, max-image-preview:large, max-video-preview:-1\" \/>\n<link rel=\"canonical\" href=\"https:\/\/ironsky.pl\/sklep\/produkt\/selfie-stick-telesin-gp-mnp-300-3-3m-wlokno-weglowe\/\" \/>\n<meta property=\"og:locale\" content=\"pl_PL\" \/>\n<meta property=\"og:type\" content=\"article\" \/>\n<meta property=\"og:title\" content=\"Selfie stick TELESIN GP-MNP-300-3 3m w\u0142\u00f3kno w\u0119glowe - IRONSKY.PL Sklep z Dronami\" \/>\n<meta property=\"og:description\" content=\"Selfie stick TELESIN GP-MNP-300-3 3m w\u0142\u00f3kno w\u0119glowe - \u2705 sklep z dronami i fachowym doradztwem. \u2705 Tutaj kupisz produkty DJI, Yuneec, Parrot, Syma i wiele innych, a tak\u017ce kursy i licencje na operatora drona.\" \/>\n<meta property=\"og:url\" content=\"https:\/\/ironsky.pl\/sklep\/produkt\/selfie-stick-telesin-gp-mnp-300-3-3m-wlokno-weglowe\/\" \/>\n<meta property=\"og:site_name\" content=\"IRONSKY.PL Sklep z Dronami\" \/>\n<meta property=\"article:modified_time\" content=\"2026-04-15T08:24:22+00:00\" \/>\n<meta property=\"og:image\" content=\"https:\/\/ironsky.pl\/sklep\/wp-content\/uploads\/2026\/04\/34075_1.jpg\" \/>\n\t<meta property=\"og:image:width\" content=\"800\" \/>\n\t<meta property=\"og:image:height\" content=\"800\" \/>\n\t<meta property=\"og:image:type\" content=\"image\/jpeg\" \/>\n<meta name=\"twitter:card\" content=\"summary_large_image\" \/>\n<meta name=\"twitter:label1\" content=\"Szacowany czas czytania\" \/>\n\t<meta name=\"twitter:data1\" content=\"2 minuty\" \/>\n<script type=\"application\/ld+json\" class=\"yoast-schema-graph\">{\"@context\":\"https:\/\/schema.org\",\"@graph\":[{\"@type\":\"WebPage\",\"@id\":\"https:\/\/ironsky.pl\/sklep\/produkt\/selfie-stick-telesin-gp-mnp-300-3-3m-wlokno-weglowe\/\",\"url\":\"https:\/\/ironsky.pl\/sklep\/produkt\/selfie-stick-telesin-gp-mnp-300-3-3m-wlokno-weglowe\/\",\"name\":\"Selfie stick TELESIN GP-MNP-300-3 3m w\u0142\u00f3kno w\u0119glowe - IRONSKY.PL Sklep z Dronami\",\"isPartOf\":{\"@id\":\"https:\/\/ironsky.pl\/sklep\/#website\"},\"primaryImageOfPage\":{\"@id\":\"https:\/\/ironsky.pl\/sklep\/produkt\/selfie-stick-telesin-gp-mnp-300-3-3m-wlokno-weglowe\/#primaryimage\"},\"image\":{\"@id\":\"https:\/\/ironsky.pl\/sklep\/produkt\/selfie-stick-telesin-gp-mnp-300-3-3m-wlokno-weglowe\/#primaryimage\"},\"thumbnailUrl\":\"https:\/\/ironsky.pl\/sklep\/wp-content\/uploads\/2026\/04\/34075_1.jpg\",\"datePublished\":\"2026-04-15T08:24:09+00:00\",\"dateModified\":\"2026-04-15T08:24:22+00:00\",\"description\":\"Selfie stick TELESIN GP-MNP-300-3 3m w\u0142\u00f3kno w\u0119glowe - \u2705 sklep z dronami i fachowym doradztwem. \u2705 Tutaj kupisz produkty DJI, Yuneec, Parrot, Syma i wiele innych, a tak\u017ce kursy i licencje na operatora drona.\",\"breadcrumb\":{\"@id\":\"https:\/\/ironsky.pl\/sklep\/produkt\/selfie-stick-telesin-gp-mnp-300-3-3m-wlokno-weglowe\/#breadcrumb\"},\"inLanguage\":\"pl-PL\",\"potentialAction\":[{\"@type\":\"ReadAction\",\"target\":[\"https:\/\/ironsky.pl\/sklep\/produkt\/selfie-stick-telesin-gp-mnp-300-3-3m-wlokno-weglowe\/\"]}]},{\"@type\":\"ImageObject\",\"inLanguage\":\"pl-PL\",\"@id\":\"https:\/\/ironsky.pl\/sklep\/produkt\/selfie-stick-telesin-gp-mnp-300-3-3m-wlokno-weglowe\/#primaryimage\",\"url\":\"https:\/\/ironsky.pl\/sklep\/wp-content\/uploads\/2026\/04\/34075_1.jpg\",\"contentUrl\":\"https:\/\/ironsky.pl\/sklep\/wp-content\/uploads\/2026\/04\/34075_1.jpg\",\"width\":800,\"height\":800},{\"@type\":\"BreadcrumbList\",\"@id\":\"https:\/\/ironsky.pl\/sklep\/produkt\/selfie-stick-telesin-gp-mnp-300-3-3m-wlokno-weglowe\/#breadcrumb\",\"itemListElement\":[{\"@type\":\"ListItem\",\"position\":1,\"name\":\"Strona g\u0142\u00f3wna\",\"item\":\"https:\/\/ironsky.pl\/sklep\/\"},{\"@type\":\"ListItem\",\"position\":2,\"name\":\"Wszystkie produkty\",\"item\":\"https:\/\/ironsky.pl\/sklep\/produkty\/\"},{\"@type\":\"ListItem\",\"position\":3,\"name\":\"Selfie stick TELESIN GP-MNP-300-3 3m w\u0142\u00f3kno w\u0119glowe\"}]},{\"@type\":\"WebSite\",\"@id\":\"https:\/\/ironsky.pl\/sklep\/#website\",\"url\":\"https:\/\/ironsky.pl\/sklep\/\",\"name\":\"IRONSKY.PL Sklep z Dronami\",\"description\":\"IRONSKY.PL Sklep z Dronami\",\"potentialAction\":[{\"@type\":\"SearchAction\",\"target\":{\"@type\":\"EntryPoint\",\"urlTemplate\":\"https:\/\/ironsky.pl\/sklep\/?s={search_term_string}\"},\"query-input\":{\"@type\":\"PropertyValueSpecification\",\"valueRequired\":true,\"valueName\":\"search_term_string\"}}],\"inLanguage\":\"pl-PL\"}]}<\/script>\n<!-- \/ Yoast SEO plugin. -->","yoast_head_json":{"title":"Selfie stick TELESIN GP-MNP-300-3 3m w\u0142\u00f3kno w\u0119glowe - IRONSKY.PL Sklep z Dronami","description":"Selfie stick TELESIN GP-MNP-300-3 3m w\u0142\u00f3kno w\u0119glowe - \u2705 sklep z dronami i fachowym doradztwem. \u2705 Tutaj kupisz produkty DJI, Yuneec, Parrot, Syma i wiele innych, a tak\u017ce kursy i licencje na operatora drona.","robots":{"index":"index","follow":"follow","max-snippet":"max-snippet:-1","max-image-preview":"max-image-preview:large","max-video-preview":"max-video-preview:-1"},"canonical":"https:\/\/ironsky.pl\/sklep\/produkt\/selfie-stick-telesin-gp-mnp-300-3-3m-wlokno-weglowe\/","og_locale":"pl_PL","og_type":"article","og_title":"Selfie stick TELESIN GP-MNP-300-3 3m w\u0142\u00f3kno w\u0119glowe - IRONSKY.PL Sklep z Dronami","og_description":"Selfie stick TELESIN GP-MNP-300-3 3m w\u0142\u00f3kno w\u0119glowe - \u2705 sklep z dronami i fachowym doradztwem. \u2705 Tutaj kupisz produkty DJI, Yuneec, Parrot, Syma i wiele innych, a tak\u017ce kursy i licencje na operatora drona.","og_url":"https:\/\/ironsky.pl\/sklep\/produkt\/selfie-stick-telesin-gp-mnp-300-3-3m-wlokno-weglowe\/","og_site_name":"IRONSKY.PL Sklep z Dronami","article_modified_time":"2026-04-15T08:24:22+00:00","og_image":[{"width":800,"height":800,"url":"https:\/\/ironsky.pl\/sklep\/wp-content\/uploads\/2026\/04\/34075_1.jpg","type":"image\/jpeg"}],"twitter_card":"summary_large_image","twitter_misc":{"Szacowany czas czytania":"2 minuty"},"schema":{"@context":"https:\/\/schema.org","@graph":[{"@type":"WebPage","@id":"https:\/\/ironsky.pl\/sklep\/produkt\/selfie-stick-telesin-gp-mnp-300-3-3m-wlokno-weglowe\/","url":"https:\/\/ironsky.pl\/sklep\/produkt\/selfie-stick-telesin-gp-mnp-300-3-3m-wlokno-weglowe\/","name":"Selfie stick TELESIN GP-MNP-300-3 3m w\u0142\u00f3kno w\u0119glowe - IRONSKY.PL Sklep z Dronami","isPartOf":{"@id":"https:\/\/ironsky.pl\/sklep\/#website"},"primaryImageOfPage":{"@id":"https:\/\/ironsky.pl\/sklep\/produkt\/selfie-stick-telesin-gp-mnp-300-3-3m-wlokno-weglowe\/#primaryimage"},"image":{"@id":"https:\/\/ironsky.pl\/sklep\/produkt\/selfie-stick-telesin-gp-mnp-300-3-3m-wlokno-weglowe\/#primaryimage"},"thumbnailUrl":"https:\/\/ironsky.pl\/sklep\/wp-content\/uploads\/2026\/04\/34075_1.jpg","datePublished":"2026-04-15T08:24:09+00:00","dateModified":"2026-04-15T08:24:22+00:00","description":"Selfie stick TELESIN GP-MNP-300-3 3m w\u0142\u00f3kno w\u0119glowe - \u2705 sklep z dronami i fachowym doradztwem. \u2705 Tutaj kupisz produkty DJI, Yuneec, Parrot, Syma i wiele innych, a tak\u017ce kursy i licencje na operatora drona.","breadcrumb":{"@id":"https:\/\/ironsky.pl\/sklep\/produkt\/selfie-stick-telesin-gp-mnp-300-3-3m-wlokno-weglowe\/#breadcrumb"},"inLanguage":"pl-PL","potentialAction":[{"@type":"ReadAction","target":["https:\/\/ironsky.pl\/sklep\/produkt\/selfie-stick-telesin-gp-mnp-300-3-3m-wlokno-weglowe\/"]}]},{"@type":"ImageObject","inLanguage":"pl-PL","@id":"https:\/\/ironsky.pl\/sklep\/produkt\/selfie-stick-telesin-gp-mnp-300-3-3m-wlokno-weglowe\/#primaryimage","url":"https:\/\/ironsky.pl\/sklep\/wp-content\/uploads\/2026\/04\/34075_1.jpg","contentUrl":"https:\/\/ironsky.pl\/sklep\/wp-content\/uploads\/2026\/04\/34075_1.jpg","width":800,"height":800},{"@type":"BreadcrumbList","@id":"https:\/\/ironsky.pl\/sklep\/produkt\/selfie-stick-telesin-gp-mnp-300-3-3m-wlokno-weglowe\/#breadcrumb","itemListElement":[{"@type":"ListItem","position":1,"name":"Strona g\u0142\u00f3wna","item":"https:\/\/ironsky.pl\/sklep\/"},{"@type":"ListItem","position":2,"name":"Wszystkie produkty","item":"https:\/\/ironsky.pl\/sklep\/produkty\/"},{"@type":"ListItem","position":3,"name":"Selfie stick TELESIN GP-MNP-300-3 3m w\u0142\u00f3kno w\u0119glowe"}]},{"@type":"WebSite","@id":"https:\/\/ironsky.pl\/sklep\/#website","url":"https:\/\/ironsky.pl\/sklep\/","name":"IRONSKY.PL Sklep z Dronami","description":"IRONSKY.PL Sklep z Dronami","potentialAction":[{"@type":"SearchAction","target":{"@type":"EntryPoint","urlTemplate":"https:\/\/ironsky.pl\/sklep\/?s={search_term_string}"},"query-input":{"@type":"PropertyValueSpecification","valueRequired":true,"valueName":"search_term_string"}}],"inLanguage":"pl-PL"}]}},"_links":{"self":[{"href":"https:\/\/ironsky.pl\/sklep\/wp-json\/wp\/v2\/product\/57277","targetHints":{"allow":["GET"]}}],"collection":[{"href":"https:\/\/ironsky.pl\/sklep\/wp-json\/wp\/v2\/product"}],"about":[{"href":"https:\/\/ironsky.pl\/sklep\/wp-json\/wp\/v2\/types\/product"}],"replies":[{"embeddable":true,"href":"https:\/\/ironsky.pl\/sklep\/wp-json\/wp\/v2\/comments?post=57277"}],"wp:featuredmedia":[{"embeddable":true,"href":"https:\/\/ironsky.pl\/sklep\/wp-json\/wp\/v2\/media\/57278"}],"wp:attachment":[{"href":"https:\/\/ironsky.pl\/sklep\/wp-json\/wp\/v2\/media?parent=57277"}],"wp:term":[{"taxonomy":"product_brand","embeddable":true,"href":"https:\/\/ironsky.pl\/sklep\/wp-json\/wp\/v2\/product_brand?post=57277"},{"taxonomy":"product_cat","embeddable":true,"href":"https:\/\/ironsky.pl\/sklep\/wp-json\/wp\/v2\/product_cat?post=57277"},{"taxonomy":"product_tag","embeddable":true,"href":"https:\/\/ironsky.pl\/sklep\/wp-json\/wp\/v2\/product_tag?post=57277"}],"curies":[{"name":"wp","href":"https:\/\/api.w.org\/{rel}","templated":true}]}}