{"id":57270,"date":"2026-04-15T10:24:09","date_gmt":"2026-04-15T08:24:09","guid":{"rendered":"https:\/\/ironsky.pl\/sklep\/produkt\/adapter-magnetyczny-puluz-pu708b-1-4\/"},"modified":"2026-04-15T10:24:19","modified_gmt":"2026-04-15T08:24:19","slug":"adapter-magnetyczny-puluz-pu708b-1-4","status":"publish","type":"product","link":"https:\/\/ironsky.pl\/sklep\/produkt\/adapter-magnetyczny-puluz-pu708b-1-4\/","title":{"rendered":"Adapter magnetyczny PULUZ PU708B 1\/4&#8243;"},"content":{"rendered":"<h3>Adapter magnetyczny PULUZ PU708B 1\/4 cala do kamer sportowych (DJI, GoPro, Insta360)<\/h3>\n<p>Puluz PU708B to magnetyczny adapter do kamer sportowych takich jak DJI Osmo Action 3, Osmo Action, Gopro modele z serii Hero czy Insta360 modele z serii One. Poza szerok\u0105 kompatybilno\u015bci\u0105 PU708B posiada ogromn\u0105 zalet\u0119 w postaci magnetycznego zatrzasku, kt\u00f3ry wystarczy przekr\u0119ci\u0107 i zabezpieczy\u0107 poprzez przesuni\u0119cie suwaka blokady. Dzi\u0119ki temu rozwi\u0105zaniu kamera jest bezpiecznie zamontowana w uchwycie, ale mo\u017ce te\u017c by\u0107 szybko zdj\u0119ta bez odkr\u0119cania \u017cadnych \u015brub. Materia\u0142 ABS, z kt\u00f3rego wykonano adapter, jest bardzo odporny na uszkodzenia mechaniczne, aby zapewni\u0107 trwa\u0142o\u015b\u0107 akcesorium. Realizuj swoje projekty tak, jak chcesz!<\/p>\n<p>\n<img decoding=\"async\" src=\"https:\/\/assets.innpro.pl\/14718\/18439\/5.jpg\" border=\"0\" alt=\"\" \/>\n<\/p>\n<h3>Du\u017ca kompatybilno\u015b\u0107<\/h3>\n<p>Magnetyczna podstawa adaptera posiada wewn\u0119trzny gwint statywowy \u00bc, kt\u00f3ry pozwala przykr\u0119ci\u0107 adapter do tr\u00f3jnoga, szcz\u0119k zaciskowych, przyssawki, selfie sticka, itd. Adapter pasuje do wi\u0119kszo\u015bci kamerek sportowych, aby\u015b m\u00f3g\u0142 nagrywa\u0107 wydarzenia sportowe i swoje wyczyny, aby uzyska\u0107 spektakularne rezultaty!<\/p>\n<p>\n<img decoding=\"async\" src=\"https:\/\/assets.innpro.pl\/14718\/18439\/4.jpg\" border=\"0\" alt=\"\" \/>\n<\/p>\n<h3>Szybka zmiana i pewny uchwyt<\/h3>\n<p>Puluz PU708B to uchwyt o mocnej, wytrzyma\u0142ej budowie, kt\u00f3ry dzi\u0119ki swojej pomys\u0142owej konstrukcji u\u0142atwia Ci szybkie przeskakiwanie mi\u0119dzy r\u00f3\u017cnymi uchwytami, aby uzyska\u0107 jak najlepszy materia\u0142 z dynamicznie zmieniaj\u0105cych si\u0119 wydarze\u0144. Aby szybko zdj\u0105\u0107 kamer\u0119 z uchwytu wystarczy, \u017ce przesuniesz czerwony suwak, przekr\u0119cisz j\u0105 w magnetycznej podstawie i gotowe!<\/p>\n<p>\n<img decoding=\"async\" src=\"https:\/\/assets.innpro.pl\/14718\/18439\/3.jpg\" border=\"0\" alt=\"\" \/>\n<\/p>\n<h3>Wytrzyma\u0142o\u015b\u0107<\/h3>\n<p>Uchwyt \u015bwietnie sprawdzi si\u0119 w sportach ekstremalnych i nagrywaniu przyg\u00f3d ze swojego \u017cycia. Bez wzgl\u0119du czy biegasz, je\u017adzisz wyczynowo po grach, jeste\u015b na sp\u0142ywie pontonowym z przyjaci\u00f3\u0142mi &#8211; Puluz PU708B pozwoli Ci uwieczni\u0107 te chwile w najwygodniejszy spos\u00f3b.<\/p>\n<p>\n<img decoding=\"async\" src=\"https:\/\/assets.innpro.pl\/14718\/18439\/6.jpg\" border=\"0\" alt=\"\" \/>\n<\/p>\n<div class=\"table-wrapper\">\n<p>\u00a0<\/p>\n<h3><\/h3>\n<table>\n<tbody>\n<tr>\n<th>Marka <\/th>\n<td>Puluz<\/td>\n<\/tr>\n<tr>\n<th>Model <\/th>\n<td>PU708B<\/td>\n<\/tr>\n<tr>\n<th>Kolor <\/th>\n<td>Czarny<\/td>\n<\/tr>\n<tr>\n<th>Materia\u0142 <\/th>\n<td>ABS<\/td>\n<\/tr>\n<tr>\n<th>Wymiary <\/th>\n<td>4.7 x 3.2 x 3.1 cm<\/td>\n<\/tr>\n<tr>\n<th>Kompatybilno\u015b\u0107<\/th>\n<td>DJI: Osmo Action 3, Action 2, Osmo Action \/ GoPro: HERO11 Black Mini, HERO11 Black, HERO10 Black, HERO9 Black, HERO8 Black, MAX, HERO7 White, HERO7 Black, HERO7 Silver, NEW HERO, Fusion, HERO6 Black, HERO5 Black, HERO5 Session Hero Session, HERO4 Session, HERO4, HERO3+, HERO3, HERO2, HERO \/ Insta360: Flow, X3, ONE RS 1-Inch 360 Edition, Insta360 ONE RS 4K Edition, Insta360 ONE RS 360 Edition, Insta360 ONE RS 1-INCH EDITION, GO 2, ONE X2, ONE R, GO, EVO, ONE X, Nano S, Air ONE, Nano<\/td>\n<\/tr>\n<\/tbody>\n<\/table>\n<\/div>\n","protected":false},"excerpt":{"rendered":"<p>Adapter magnetyczny PULUZ PU708B 1\/4 cala do kamer sportowych (DJI, GoPro, Insta360) Puluz PU708B to magnetyczny adapter do kamer sportowych<\/p>\n","protected":false},"featured_media":57271,"comment_status":"closed","ping_status":"open","template":"","meta":{"_acf_changed":false},"product_brand":[],"product_cat":[6198,1128,6178,6176,6177,1138],"product_tag":[],"class_list":{"0":"post-57270","1":"product","2":"type-product","3":"status-publish","4":"has-post-thumbnail","6":"product_cat-adaptery-i-przejsciowki","7":"product_cat-foto-wideo","8":"product_cat-mocowania","9":"product_cat-selfie-stiki","10":"product_cat-statywy-selfie-stiki","11":"product_cat-wysiegniki","12":"pa_okres-gwarancji-5754","13":"pa_producent-puluz","15":"first","16":"outofstock","17":"taxable","18":"shipping-taxable","19":"purchasable","20":"product-type-simple"},"acf":[],"yoast_head":"<!-- This site is optimized with the Yoast SEO plugin v27.2 - https:\/\/yoast.com\/product\/yoast-seo-wordpress\/ -->\n<title>Adapter magnetyczny PULUZ PU708B 1\/4&quot; - IRONSKY.PL Sklep z Dronami<\/title>\n<meta name=\"description\" content=\"Adapter magnetyczny PULUZ PU708B 1\/4&quot; - \u2705 sklep z dronami i fachowym doradztwem. \u2705 Tutaj kupisz produkty DJI, Yuneec, Parrot, Syma i wiele innych, a tak\u017ce kursy i licencje na operatora drona.\" \/>\n<meta name=\"robots\" content=\"index, follow, max-snippet:-1, max-image-preview:large, max-video-preview:-1\" \/>\n<link rel=\"canonical\" href=\"https:\/\/ironsky.pl\/sklep\/produkt\/adapter-magnetyczny-puluz-pu708b-1-4\/\" \/>\n<meta property=\"og:locale\" content=\"pl_PL\" \/>\n<meta property=\"og:type\" content=\"article\" \/>\n<meta property=\"og:title\" content=\"Adapter magnetyczny PULUZ PU708B 1\/4&quot; - IRONSKY.PL Sklep z Dronami\" \/>\n<meta property=\"og:description\" content=\"Adapter magnetyczny PULUZ PU708B 1\/4&quot; - \u2705 sklep z dronami i fachowym doradztwem. \u2705 Tutaj kupisz produkty DJI, Yuneec, Parrot, Syma i wiele innych, a tak\u017ce kursy i licencje na operatora drona.\" \/>\n<meta property=\"og:url\" content=\"https:\/\/ironsky.pl\/sklep\/produkt\/adapter-magnetyczny-puluz-pu708b-1-4\/\" \/>\n<meta property=\"og:site_name\" content=\"IRONSKY.PL Sklep z Dronami\" \/>\n<meta property=\"article:modified_time\" content=\"2026-04-15T08:24:19+00:00\" \/>\n<meta property=\"og:image\" content=\"https:\/\/ironsky.pl\/sklep\/wp-content\/uploads\/2026\/04\/33948_1.jpg\" \/>\n\t<meta property=\"og:image:width\" content=\"800\" \/>\n\t<meta property=\"og:image:height\" content=\"800\" \/>\n\t<meta property=\"og:image:type\" content=\"image\/jpeg\" \/>\n<meta name=\"twitter:card\" content=\"summary_large_image\" \/>\n<meta name=\"twitter:label1\" content=\"Szacowany czas czytania\" \/>\n\t<meta name=\"twitter:data1\" content=\"2 minuty\" \/>\n<script type=\"application\/ld+json\" class=\"yoast-schema-graph\">{\"@context\":\"https:\/\/schema.org\",\"@graph\":[{\"@type\":\"WebPage\",\"@id\":\"https:\/\/ironsky.pl\/sklep\/produkt\/adapter-magnetyczny-puluz-pu708b-1-4\/\",\"url\":\"https:\/\/ironsky.pl\/sklep\/produkt\/adapter-magnetyczny-puluz-pu708b-1-4\/\",\"name\":\"Adapter magnetyczny PULUZ PU708B 1\/4\\\" - IRONSKY.PL Sklep z Dronami\",\"isPartOf\":{\"@id\":\"https:\/\/ironsky.pl\/sklep\/#website\"},\"primaryImageOfPage\":{\"@id\":\"https:\/\/ironsky.pl\/sklep\/produkt\/adapter-magnetyczny-puluz-pu708b-1-4\/#primaryimage\"},\"image\":{\"@id\":\"https:\/\/ironsky.pl\/sklep\/produkt\/adapter-magnetyczny-puluz-pu708b-1-4\/#primaryimage\"},\"thumbnailUrl\":\"https:\/\/ironsky.pl\/sklep\/wp-content\/uploads\/2026\/04\/33948_1.jpg\",\"datePublished\":\"2026-04-15T08:24:09+00:00\",\"dateModified\":\"2026-04-15T08:24:19+00:00\",\"description\":\"Adapter magnetyczny PULUZ PU708B 1\/4\\\" - \u2705 sklep z dronami i fachowym doradztwem. \u2705 Tutaj kupisz produkty DJI, Yuneec, Parrot, Syma i wiele innych, a tak\u017ce kursy i licencje na operatora drona.\",\"breadcrumb\":{\"@id\":\"https:\/\/ironsky.pl\/sklep\/produkt\/adapter-magnetyczny-puluz-pu708b-1-4\/#breadcrumb\"},\"inLanguage\":\"pl-PL\",\"potentialAction\":[{\"@type\":\"ReadAction\",\"target\":[\"https:\/\/ironsky.pl\/sklep\/produkt\/adapter-magnetyczny-puluz-pu708b-1-4\/\"]}]},{\"@type\":\"ImageObject\",\"inLanguage\":\"pl-PL\",\"@id\":\"https:\/\/ironsky.pl\/sklep\/produkt\/adapter-magnetyczny-puluz-pu708b-1-4\/#primaryimage\",\"url\":\"https:\/\/ironsky.pl\/sklep\/wp-content\/uploads\/2026\/04\/33948_1.jpg\",\"contentUrl\":\"https:\/\/ironsky.pl\/sklep\/wp-content\/uploads\/2026\/04\/33948_1.jpg\",\"width\":800,\"height\":800},{\"@type\":\"BreadcrumbList\",\"@id\":\"https:\/\/ironsky.pl\/sklep\/produkt\/adapter-magnetyczny-puluz-pu708b-1-4\/#breadcrumb\",\"itemListElement\":[{\"@type\":\"ListItem\",\"position\":1,\"name\":\"Strona g\u0142\u00f3wna\",\"item\":\"https:\/\/ironsky.pl\/sklep\/\"},{\"@type\":\"ListItem\",\"position\":2,\"name\":\"Wszystkie produkty\",\"item\":\"https:\/\/ironsky.pl\/sklep\/produkty\/\"},{\"@type\":\"ListItem\",\"position\":3,\"name\":\"Adapter magnetyczny PULUZ PU708B 1\/4&#8243;\"}]},{\"@type\":\"WebSite\",\"@id\":\"https:\/\/ironsky.pl\/sklep\/#website\",\"url\":\"https:\/\/ironsky.pl\/sklep\/\",\"name\":\"IRONSKY.PL Sklep z Dronami\",\"description\":\"IRONSKY.PL Sklep z Dronami\",\"potentialAction\":[{\"@type\":\"SearchAction\",\"target\":{\"@type\":\"EntryPoint\",\"urlTemplate\":\"https:\/\/ironsky.pl\/sklep\/?s={search_term_string}\"},\"query-input\":{\"@type\":\"PropertyValueSpecification\",\"valueRequired\":true,\"valueName\":\"search_term_string\"}}],\"inLanguage\":\"pl-PL\"}]}<\/script>\n<!-- \/ Yoast SEO plugin. -->","yoast_head_json":{"title":"Adapter magnetyczny PULUZ PU708B 1\/4\" - IRONSKY.PL Sklep z Dronami","description":"Adapter magnetyczny PULUZ PU708B 1\/4\" - \u2705 sklep z dronami i fachowym doradztwem. \u2705 Tutaj kupisz produkty DJI, Yuneec, Parrot, Syma i wiele innych, a tak\u017ce kursy i licencje na operatora drona.","robots":{"index":"index","follow":"follow","max-snippet":"max-snippet:-1","max-image-preview":"max-image-preview:large","max-video-preview":"max-video-preview:-1"},"canonical":"https:\/\/ironsky.pl\/sklep\/produkt\/adapter-magnetyczny-puluz-pu708b-1-4\/","og_locale":"pl_PL","og_type":"article","og_title":"Adapter magnetyczny PULUZ PU708B 1\/4\" - IRONSKY.PL Sklep z Dronami","og_description":"Adapter magnetyczny PULUZ PU708B 1\/4\" - \u2705 sklep z dronami i fachowym doradztwem. \u2705 Tutaj kupisz produkty DJI, Yuneec, Parrot, Syma i wiele innych, a tak\u017ce kursy i licencje na operatora drona.","og_url":"https:\/\/ironsky.pl\/sklep\/produkt\/adapter-magnetyczny-puluz-pu708b-1-4\/","og_site_name":"IRONSKY.PL Sklep z Dronami","article_modified_time":"2026-04-15T08:24:19+00:00","og_image":[{"width":800,"height":800,"url":"https:\/\/ironsky.pl\/sklep\/wp-content\/uploads\/2026\/04\/33948_1.jpg","type":"image\/jpeg"}],"twitter_card":"summary_large_image","twitter_misc":{"Szacowany czas czytania":"2 minuty"},"schema":{"@context":"https:\/\/schema.org","@graph":[{"@type":"WebPage","@id":"https:\/\/ironsky.pl\/sklep\/produkt\/adapter-magnetyczny-puluz-pu708b-1-4\/","url":"https:\/\/ironsky.pl\/sklep\/produkt\/adapter-magnetyczny-puluz-pu708b-1-4\/","name":"Adapter magnetyczny PULUZ PU708B 1\/4\" - IRONSKY.PL Sklep z Dronami","isPartOf":{"@id":"https:\/\/ironsky.pl\/sklep\/#website"},"primaryImageOfPage":{"@id":"https:\/\/ironsky.pl\/sklep\/produkt\/adapter-magnetyczny-puluz-pu708b-1-4\/#primaryimage"},"image":{"@id":"https:\/\/ironsky.pl\/sklep\/produkt\/adapter-magnetyczny-puluz-pu708b-1-4\/#primaryimage"},"thumbnailUrl":"https:\/\/ironsky.pl\/sklep\/wp-content\/uploads\/2026\/04\/33948_1.jpg","datePublished":"2026-04-15T08:24:09+00:00","dateModified":"2026-04-15T08:24:19+00:00","description":"Adapter magnetyczny PULUZ PU708B 1\/4\" - \u2705 sklep z dronami i fachowym doradztwem. \u2705 Tutaj kupisz produkty DJI, Yuneec, Parrot, Syma i wiele innych, a tak\u017ce kursy i licencje na operatora drona.","breadcrumb":{"@id":"https:\/\/ironsky.pl\/sklep\/produkt\/adapter-magnetyczny-puluz-pu708b-1-4\/#breadcrumb"},"inLanguage":"pl-PL","potentialAction":[{"@type":"ReadAction","target":["https:\/\/ironsky.pl\/sklep\/produkt\/adapter-magnetyczny-puluz-pu708b-1-4\/"]}]},{"@type":"ImageObject","inLanguage":"pl-PL","@id":"https:\/\/ironsky.pl\/sklep\/produkt\/adapter-magnetyczny-puluz-pu708b-1-4\/#primaryimage","url":"https:\/\/ironsky.pl\/sklep\/wp-content\/uploads\/2026\/04\/33948_1.jpg","contentUrl":"https:\/\/ironsky.pl\/sklep\/wp-content\/uploads\/2026\/04\/33948_1.jpg","width":800,"height":800},{"@type":"BreadcrumbList","@id":"https:\/\/ironsky.pl\/sklep\/produkt\/adapter-magnetyczny-puluz-pu708b-1-4\/#breadcrumb","itemListElement":[{"@type":"ListItem","position":1,"name":"Strona g\u0142\u00f3wna","item":"https:\/\/ironsky.pl\/sklep\/"},{"@type":"ListItem","position":2,"name":"Wszystkie produkty","item":"https:\/\/ironsky.pl\/sklep\/produkty\/"},{"@type":"ListItem","position":3,"name":"Adapter magnetyczny PULUZ PU708B 1\/4&#8243;"}]},{"@type":"WebSite","@id":"https:\/\/ironsky.pl\/sklep\/#website","url":"https:\/\/ironsky.pl\/sklep\/","name":"IRONSKY.PL Sklep z Dronami","description":"IRONSKY.PL Sklep z Dronami","potentialAction":[{"@type":"SearchAction","target":{"@type":"EntryPoint","urlTemplate":"https:\/\/ironsky.pl\/sklep\/?s={search_term_string}"},"query-input":{"@type":"PropertyValueSpecification","valueRequired":true,"valueName":"search_term_string"}}],"inLanguage":"pl-PL"}]}},"_links":{"self":[{"href":"https:\/\/ironsky.pl\/sklep\/wp-json\/wp\/v2\/product\/57270","targetHints":{"allow":["GET"]}}],"collection":[{"href":"https:\/\/ironsky.pl\/sklep\/wp-json\/wp\/v2\/product"}],"about":[{"href":"https:\/\/ironsky.pl\/sklep\/wp-json\/wp\/v2\/types\/product"}],"replies":[{"embeddable":true,"href":"https:\/\/ironsky.pl\/sklep\/wp-json\/wp\/v2\/comments?post=57270"}],"wp:featuredmedia":[{"embeddable":true,"href":"https:\/\/ironsky.pl\/sklep\/wp-json\/wp\/v2\/media\/57271"}],"wp:attachment":[{"href":"https:\/\/ironsky.pl\/sklep\/wp-json\/wp\/v2\/media?parent=57270"}],"wp:term":[{"taxonomy":"product_brand","embeddable":true,"href":"https:\/\/ironsky.pl\/sklep\/wp-json\/wp\/v2\/product_brand?post=57270"},{"taxonomy":"product_cat","embeddable":true,"href":"https:\/\/ironsky.pl\/sklep\/wp-json\/wp\/v2\/product_cat?post=57270"},{"taxonomy":"product_tag","embeddable":true,"href":"https:\/\/ironsky.pl\/sklep\/wp-json\/wp\/v2\/product_tag?post=57270"}],"curies":[{"name":"wp","href":"https:\/\/api.w.org\/{rel}","templated":true}]}}