{"id":57268,"date":"2026-04-15T10:24:09","date_gmt":"2026-04-15T08:24:09","guid":{"rendered":"https:\/\/ironsky.pl\/sklep\/produkt\/selfie-stick-puluz-do-insta360-one-rs-x2-x3-x4-x5-3m\/"},"modified":"2026-04-15T10:24:17","modified_gmt":"2026-04-15T08:24:17","slug":"selfie-stick-puluz-do-insta360-one-rs-x2-x3-x4-x5-3m","status":"publish","type":"product","link":"https:\/\/ironsky.pl\/sklep\/produkt\/selfie-stick-puluz-do-insta360-one-rs-x2-x3-x4-x5-3m\/","title":{"rendered":"Selfie stick PULUZ do Insta360 One RS\/X2\/X3\/X4\/X5 3m"},"content":{"rendered":"<h3>Selfie stick Puluz do Insta360 One RS \/ X2 \/ X3 \/ X4 \/ X5 &#8211; 3m (PU642B)<\/h3>\n<p>Puluz PU642B to wyj\u0105tkowy selfie stick wykonany ze stopu aluminium, kt\u00f3ry zachwyci ka\u017cdego mi\u0142o\u015bnika fotografii i filmowania. Sk\u0142ada si\u0119 on z 5 sekcji, kt\u00f3re po pe\u0142nym wysuni\u0119ciu pozwalaj\u0105 na osi\u0105gni\u0119cie imponuj\u0105cego zasi\u0119gu a\u017c do 300 cm. Dzi\u0119ki temu mo\u017cesz uwieczni\u0107 chwile z niezwykle szerokiej perspektywy, co pozwoli Ci na tworzenie unikalnych i efektownych uj\u0119\u0107.<\/p>\n<p>\n<img decoding=\"async\" src=\"https:\/\/assets.innpro.pl\/14692\/18413\/6.jpg\" border=\"0\" alt=\"\" \/>\n<\/p>\n<h3>Wpasuje si\u0119 do Twoich potrzeb<\/h3>\n<p>Jedn\u0105 z kluczowych cech tego selfie sticka jest mo\u017cliwo\u015b\u0107 indywidualnego unieruchamiania ka\u017cdej sekcji za pomoc\u0105 blokady obrotowej. To niesamowicie wygodne rozwi\u0105zanie, kt\u00f3re pozwala na dostosowanie d\u0142ugo\u015bci sticka idealnie do swoich potrzeb. Niezale\u017cnie od tego, czy chcesz uwieczni\u0107 siebie i swoich przyjaci\u00f3\u0142 na tle pi\u0119knych widok\u00f3w czy te\u017c potrzebujesz nakr\u0119ci\u0107 filmy z nieco wy\u017cszego punktu, Puluz PU642B spe\u0142ni Twoje oczekiwania.<\/p>\n<p>\n<img decoding=\"async\" src=\"https:\/\/assets.innpro.pl\/14692\/18413\/1.jpg\" border=\"0\" alt=\"\" \/>\n<\/p>\n<h3>\u0141atwy w transporcie<\/h3>\n<p>Po z\u0142o\u017ceniu, selfie stick ma kompaktow\u0105 d\u0142ugo\u015b\u0107 65,5cm, co czyni go niezwykle por\u0119cznym w transporcie i przechowywaniu. Mo\u017cesz swobodnie zabiera\u0107 go ze sob\u0105 na wycieczki, podr\u00f3\u017ce czy spotkania ze znajomymi, nie martwi\u0105c si\u0119 o zajmowane miejsce.<\/p>\n<p>\n<img decoding=\"async\" src=\"https:\/\/assets.innpro.pl\/14692\/18413\/5.jpg\" border=\"0\" alt=\"\" \/>\n<\/p>\n<h3>Komfort u\u017cytkowania<\/h3>\n<p>Dla komfortu u\u017cytkowania, na uchwycie selfie sticka umieszczona zosta\u0142a g\u0105bkowa nak\u0142adka. Dzi\u0119ki niej trzymanie urz\u0105dzenia przez d\u0142u\u017cszy czas jest pewniejsze i bardziej wygodne. Nie musisz obawia\u0107 si\u0119 o to, \u017ce stick wyp\u0142ynie Ci z r\u0105k podczas fotografowania czy filmowania.<\/p>\n<p>\n<img decoding=\"async\" src=\"https:\/\/assets.innpro.pl\/14692\/18413\/3.jpg\" border=\"0\" alt=\"\" \/>\n<\/p>\n<h3>Uniwersalno\u015b\u0107 i du\u017ca kompatybilno\u015b\u0107<\/h3>\n<p>Dodatkowym atutem tego selfie sticka jest gwint wewn\u0119trzny \u00bc cala umieszczony u jego podstawy. Dzi\u0119ki niemu mo\u017cesz bez problemu przykr\u0119ci\u0107 sticka do tr\u00f3jnoga lub innych akcesori\u00f3w fotograficznych, co zwi\u0119kszy jego mo\u017cliwo\u015bci i otworzy przed Tob\u0105 nowe perspektywy w tworzeniu zdj\u0119\u0107 i film\u00f3w. Na szczycie selfie sticka znajduje si\u0119 r\u00f3wnie\u017c statywowy gwint zewn\u0119trzny \u00bc cala. To popularne rozwi\u0105zanie w urz\u0105dzeniach fotograficznych, takich jak kamerki sportowe czy uchwyty do telefon\u00f3w. Dzi\u0119ki temu, mo\u017cesz swobodnie korzysta\u0107 z r\u00f3\u017cnych akcesori\u00f3w, tworz\u0105c zdj\u0119cia panoramiczne czy kr\u0119c\u0105c dynamiczne filmy.<\/p>\n<p>\n<img decoding=\"async\" src=\"https:\/\/assets.innpro.pl\/14692\/18413\/2.jpg\" border=\"0\" alt=\"\" \/>\n<\/p>\n<div class=\"table-wrapper\">\n<p>\u00a0<\/p>\n<h3><\/h3>\n<table>\n<tbody>\n<tr>\n<th>Marka <\/th>\n<td>Puluz<\/td>\n<\/tr>\n<tr>\n<th>Model <\/th>\n<td>PU642B<\/td>\n<\/tr>\n<tr>\n<th>D\u0142ugo\u015b\u0107 <\/th>\n<td>3m<\/td>\n<\/tr>\n<tr>\n<th>Materia\u0142 <\/th>\n<td>Stop aluminium<\/td>\n<\/tr>\n<tr>\n<th>Ilo\u015b\u0107 sekcji<\/th>\n<td>5<\/td>\n<\/tr>\n<tr>\n<th>D\u0142ugo\u015b\u0107 po z\u0142o\u017ceniu <\/th>\n<td>65,5 cm<\/td>\n<\/tr>\n<tr>\n<th>Kompatybilno\u015b\u0107<\/th>\n<td>Insta360 One RS \/ X2 \/ X3 \/ X4 \/ X5<\/td>\n<\/tr>\n<\/tbody>\n<\/table>\n<\/div>\n","protected":false},"excerpt":{"rendered":"<p>Selfie stick Puluz do Insta360 One RS \/ X2 \/ X3 \/ X4 \/ X5 &#8211; 3m (PU642B) Puluz PU642B<\/p>\n","protected":false},"featured_media":57269,"comment_status":"closed","ping_status":"open","template":"","meta":{"_acf_changed":false},"product_brand":[],"product_cat":[1128,6178,6176,6177,1138,6179],"product_tag":[],"class_list":{"0":"post-57268","1":"product","2":"type-product","3":"status-publish","4":"has-post-thumbnail","6":"product_cat-foto-wideo","7":"product_cat-mocowania","8":"product_cat-selfie-stiki","9":"product_cat-statywy-selfie-stiki","10":"product_cat-wysiegniki","11":"product_cat-wysiegniki-i-uchwyty-selfie","12":"pa_okres-gwarancji-5754","13":"pa_producent-puluz","15":"first","16":"outofstock","17":"taxable","18":"shipping-taxable","19":"purchasable","20":"product-type-simple"},"acf":[],"yoast_head":"<!-- This site is optimized with the Yoast SEO plugin v27.2 - https:\/\/yoast.com\/product\/yoast-seo-wordpress\/ -->\n<title>Selfie stick PULUZ do Insta360 One RS\/X2\/X3\/X4\/X5 3m - IRONSKY.PL Sklep z Dronami<\/title>\n<meta name=\"description\" content=\"Selfie stick PULUZ do Insta360 One RS\/X2\/X3\/X4\/X5 3m - \u2705 sklep z dronami i fachowym doradztwem. \u2705 Tutaj kupisz produkty DJI, Yuneec, Parrot, Syma i wiele innych, a tak\u017ce kursy i licencje na operatora drona.\" \/>\n<meta name=\"robots\" content=\"index, follow, max-snippet:-1, max-image-preview:large, max-video-preview:-1\" \/>\n<link rel=\"canonical\" href=\"https:\/\/ironsky.pl\/sklep\/produkt\/selfie-stick-puluz-do-insta360-one-rs-x2-x3-x4-x5-3m\/\" \/>\n<meta property=\"og:locale\" content=\"pl_PL\" \/>\n<meta property=\"og:type\" content=\"article\" \/>\n<meta property=\"og:title\" content=\"Selfie stick PULUZ do Insta360 One RS\/X2\/X3\/X4\/X5 3m - IRONSKY.PL Sklep z Dronami\" \/>\n<meta property=\"og:description\" content=\"Selfie stick PULUZ do Insta360 One RS\/X2\/X3\/X4\/X5 3m - \u2705 sklep z dronami i fachowym doradztwem. \u2705 Tutaj kupisz produkty DJI, Yuneec, Parrot, Syma i wiele innych, a tak\u017ce kursy i licencje na operatora drona.\" \/>\n<meta property=\"og:url\" content=\"https:\/\/ironsky.pl\/sklep\/produkt\/selfie-stick-puluz-do-insta360-one-rs-x2-x3-x4-x5-3m\/\" \/>\n<meta property=\"og:site_name\" content=\"IRONSKY.PL Sklep z Dronami\" \/>\n<meta property=\"article:modified_time\" content=\"2026-04-15T08:24:17+00:00\" \/>\n<meta property=\"og:image\" content=\"https:\/\/ironsky.pl\/sklep\/wp-content\/uploads\/2026\/04\/33945_1.jpg\" \/>\n\t<meta property=\"og:image:width\" content=\"800\" \/>\n\t<meta property=\"og:image:height\" content=\"800\" \/>\n\t<meta property=\"og:image:type\" content=\"image\/jpeg\" \/>\n<meta name=\"twitter:card\" content=\"summary_large_image\" \/>\n<meta name=\"twitter:label1\" content=\"Szacowany czas czytania\" \/>\n\t<meta name=\"twitter:data1\" content=\"2 minuty\" \/>\n<script type=\"application\/ld+json\" class=\"yoast-schema-graph\">{\"@context\":\"https:\/\/schema.org\",\"@graph\":[{\"@type\":\"WebPage\",\"@id\":\"https:\/\/ironsky.pl\/sklep\/produkt\/selfie-stick-puluz-do-insta360-one-rs-x2-x3-x4-x5-3m\/\",\"url\":\"https:\/\/ironsky.pl\/sklep\/produkt\/selfie-stick-puluz-do-insta360-one-rs-x2-x3-x4-x5-3m\/\",\"name\":\"Selfie stick PULUZ do Insta360 One RS\/X2\/X3\/X4\/X5 3m - IRONSKY.PL Sklep z Dronami\",\"isPartOf\":{\"@id\":\"https:\/\/ironsky.pl\/sklep\/#website\"},\"primaryImageOfPage\":{\"@id\":\"https:\/\/ironsky.pl\/sklep\/produkt\/selfie-stick-puluz-do-insta360-one-rs-x2-x3-x4-x5-3m\/#primaryimage\"},\"image\":{\"@id\":\"https:\/\/ironsky.pl\/sklep\/produkt\/selfie-stick-puluz-do-insta360-one-rs-x2-x3-x4-x5-3m\/#primaryimage\"},\"thumbnailUrl\":\"https:\/\/ironsky.pl\/sklep\/wp-content\/uploads\/2026\/04\/33945_1.jpg\",\"datePublished\":\"2026-04-15T08:24:09+00:00\",\"dateModified\":\"2026-04-15T08:24:17+00:00\",\"description\":\"Selfie stick PULUZ do Insta360 One RS\/X2\/X3\/X4\/X5 3m - \u2705 sklep z dronami i fachowym doradztwem. \u2705 Tutaj kupisz produkty DJI, Yuneec, Parrot, Syma i wiele innych, a tak\u017ce kursy i licencje na operatora drona.\",\"breadcrumb\":{\"@id\":\"https:\/\/ironsky.pl\/sklep\/produkt\/selfie-stick-puluz-do-insta360-one-rs-x2-x3-x4-x5-3m\/#breadcrumb\"},\"inLanguage\":\"pl-PL\",\"potentialAction\":[{\"@type\":\"ReadAction\",\"target\":[\"https:\/\/ironsky.pl\/sklep\/produkt\/selfie-stick-puluz-do-insta360-one-rs-x2-x3-x4-x5-3m\/\"]}]},{\"@type\":\"ImageObject\",\"inLanguage\":\"pl-PL\",\"@id\":\"https:\/\/ironsky.pl\/sklep\/produkt\/selfie-stick-puluz-do-insta360-one-rs-x2-x3-x4-x5-3m\/#primaryimage\",\"url\":\"https:\/\/ironsky.pl\/sklep\/wp-content\/uploads\/2026\/04\/33945_1.jpg\",\"contentUrl\":\"https:\/\/ironsky.pl\/sklep\/wp-content\/uploads\/2026\/04\/33945_1.jpg\",\"width\":800,\"height\":800},{\"@type\":\"BreadcrumbList\",\"@id\":\"https:\/\/ironsky.pl\/sklep\/produkt\/selfie-stick-puluz-do-insta360-one-rs-x2-x3-x4-x5-3m\/#breadcrumb\",\"itemListElement\":[{\"@type\":\"ListItem\",\"position\":1,\"name\":\"Strona g\u0142\u00f3wna\",\"item\":\"https:\/\/ironsky.pl\/sklep\/\"},{\"@type\":\"ListItem\",\"position\":2,\"name\":\"Wszystkie produkty\",\"item\":\"https:\/\/ironsky.pl\/sklep\/produkty\/\"},{\"@type\":\"ListItem\",\"position\":3,\"name\":\"Selfie stick PULUZ do Insta360 One RS\/X2\/X3\/X4\/X5 3m\"}]},{\"@type\":\"WebSite\",\"@id\":\"https:\/\/ironsky.pl\/sklep\/#website\",\"url\":\"https:\/\/ironsky.pl\/sklep\/\",\"name\":\"IRONSKY.PL Sklep z Dronami\",\"description\":\"IRONSKY.PL Sklep z Dronami\",\"potentialAction\":[{\"@type\":\"SearchAction\",\"target\":{\"@type\":\"EntryPoint\",\"urlTemplate\":\"https:\/\/ironsky.pl\/sklep\/?s={search_term_string}\"},\"query-input\":{\"@type\":\"PropertyValueSpecification\",\"valueRequired\":true,\"valueName\":\"search_term_string\"}}],\"inLanguage\":\"pl-PL\"}]}<\/script>\n<!-- \/ Yoast SEO plugin. -->","yoast_head_json":{"title":"Selfie stick PULUZ do Insta360 One RS\/X2\/X3\/X4\/X5 3m - IRONSKY.PL Sklep z Dronami","description":"Selfie stick PULUZ do Insta360 One RS\/X2\/X3\/X4\/X5 3m - \u2705 sklep z dronami i fachowym doradztwem. \u2705 Tutaj kupisz produkty DJI, Yuneec, Parrot, Syma i wiele innych, a tak\u017ce kursy i licencje na operatora drona.","robots":{"index":"index","follow":"follow","max-snippet":"max-snippet:-1","max-image-preview":"max-image-preview:large","max-video-preview":"max-video-preview:-1"},"canonical":"https:\/\/ironsky.pl\/sklep\/produkt\/selfie-stick-puluz-do-insta360-one-rs-x2-x3-x4-x5-3m\/","og_locale":"pl_PL","og_type":"article","og_title":"Selfie stick PULUZ do Insta360 One RS\/X2\/X3\/X4\/X5 3m - IRONSKY.PL Sklep z Dronami","og_description":"Selfie stick PULUZ do Insta360 One RS\/X2\/X3\/X4\/X5 3m - \u2705 sklep z dronami i fachowym doradztwem. \u2705 Tutaj kupisz produkty DJI, Yuneec, Parrot, Syma i wiele innych, a tak\u017ce kursy i licencje na operatora drona.","og_url":"https:\/\/ironsky.pl\/sklep\/produkt\/selfie-stick-puluz-do-insta360-one-rs-x2-x3-x4-x5-3m\/","og_site_name":"IRONSKY.PL Sklep z Dronami","article_modified_time":"2026-04-15T08:24:17+00:00","og_image":[{"width":800,"height":800,"url":"https:\/\/ironsky.pl\/sklep\/wp-content\/uploads\/2026\/04\/33945_1.jpg","type":"image\/jpeg"}],"twitter_card":"summary_large_image","twitter_misc":{"Szacowany czas czytania":"2 minuty"},"schema":{"@context":"https:\/\/schema.org","@graph":[{"@type":"WebPage","@id":"https:\/\/ironsky.pl\/sklep\/produkt\/selfie-stick-puluz-do-insta360-one-rs-x2-x3-x4-x5-3m\/","url":"https:\/\/ironsky.pl\/sklep\/produkt\/selfie-stick-puluz-do-insta360-one-rs-x2-x3-x4-x5-3m\/","name":"Selfie stick PULUZ do Insta360 One RS\/X2\/X3\/X4\/X5 3m - IRONSKY.PL Sklep z Dronami","isPartOf":{"@id":"https:\/\/ironsky.pl\/sklep\/#website"},"primaryImageOfPage":{"@id":"https:\/\/ironsky.pl\/sklep\/produkt\/selfie-stick-puluz-do-insta360-one-rs-x2-x3-x4-x5-3m\/#primaryimage"},"image":{"@id":"https:\/\/ironsky.pl\/sklep\/produkt\/selfie-stick-puluz-do-insta360-one-rs-x2-x3-x4-x5-3m\/#primaryimage"},"thumbnailUrl":"https:\/\/ironsky.pl\/sklep\/wp-content\/uploads\/2026\/04\/33945_1.jpg","datePublished":"2026-04-15T08:24:09+00:00","dateModified":"2026-04-15T08:24:17+00:00","description":"Selfie stick PULUZ do Insta360 One RS\/X2\/X3\/X4\/X5 3m - \u2705 sklep z dronami i fachowym doradztwem. \u2705 Tutaj kupisz produkty DJI, Yuneec, Parrot, Syma i wiele innych, a tak\u017ce kursy i licencje na operatora drona.","breadcrumb":{"@id":"https:\/\/ironsky.pl\/sklep\/produkt\/selfie-stick-puluz-do-insta360-one-rs-x2-x3-x4-x5-3m\/#breadcrumb"},"inLanguage":"pl-PL","potentialAction":[{"@type":"ReadAction","target":["https:\/\/ironsky.pl\/sklep\/produkt\/selfie-stick-puluz-do-insta360-one-rs-x2-x3-x4-x5-3m\/"]}]},{"@type":"ImageObject","inLanguage":"pl-PL","@id":"https:\/\/ironsky.pl\/sklep\/produkt\/selfie-stick-puluz-do-insta360-one-rs-x2-x3-x4-x5-3m\/#primaryimage","url":"https:\/\/ironsky.pl\/sklep\/wp-content\/uploads\/2026\/04\/33945_1.jpg","contentUrl":"https:\/\/ironsky.pl\/sklep\/wp-content\/uploads\/2026\/04\/33945_1.jpg","width":800,"height":800},{"@type":"BreadcrumbList","@id":"https:\/\/ironsky.pl\/sklep\/produkt\/selfie-stick-puluz-do-insta360-one-rs-x2-x3-x4-x5-3m\/#breadcrumb","itemListElement":[{"@type":"ListItem","position":1,"name":"Strona g\u0142\u00f3wna","item":"https:\/\/ironsky.pl\/sklep\/"},{"@type":"ListItem","position":2,"name":"Wszystkie produkty","item":"https:\/\/ironsky.pl\/sklep\/produkty\/"},{"@type":"ListItem","position":3,"name":"Selfie stick PULUZ do Insta360 One RS\/X2\/X3\/X4\/X5 3m"}]},{"@type":"WebSite","@id":"https:\/\/ironsky.pl\/sklep\/#website","url":"https:\/\/ironsky.pl\/sklep\/","name":"IRONSKY.PL Sklep z Dronami","description":"IRONSKY.PL Sklep z Dronami","potentialAction":[{"@type":"SearchAction","target":{"@type":"EntryPoint","urlTemplate":"https:\/\/ironsky.pl\/sklep\/?s={search_term_string}"},"query-input":{"@type":"PropertyValueSpecification","valueRequired":true,"valueName":"search_term_string"}}],"inLanguage":"pl-PL"}]}},"_links":{"self":[{"href":"https:\/\/ironsky.pl\/sklep\/wp-json\/wp\/v2\/product\/57268","targetHints":{"allow":["GET"]}}],"collection":[{"href":"https:\/\/ironsky.pl\/sklep\/wp-json\/wp\/v2\/product"}],"about":[{"href":"https:\/\/ironsky.pl\/sklep\/wp-json\/wp\/v2\/types\/product"}],"replies":[{"embeddable":true,"href":"https:\/\/ironsky.pl\/sklep\/wp-json\/wp\/v2\/comments?post=57268"}],"wp:featuredmedia":[{"embeddable":true,"href":"https:\/\/ironsky.pl\/sklep\/wp-json\/wp\/v2\/media\/57269"}],"wp:attachment":[{"href":"https:\/\/ironsky.pl\/sklep\/wp-json\/wp\/v2\/media?parent=57268"}],"wp:term":[{"taxonomy":"product_brand","embeddable":true,"href":"https:\/\/ironsky.pl\/sklep\/wp-json\/wp\/v2\/product_brand?post=57268"},{"taxonomy":"product_cat","embeddable":true,"href":"https:\/\/ironsky.pl\/sklep\/wp-json\/wp\/v2\/product_cat?post=57268"},{"taxonomy":"product_tag","embeddable":true,"href":"https:\/\/ironsky.pl\/sklep\/wp-json\/wp\/v2\/product_tag?post=57268"}],"curies":[{"name":"wp","href":"https:\/\/api.w.org\/{rel}","templated":true}]}}