{"id":57246,"date":"2026-04-15T10:23:24","date_gmt":"2026-04-15T08:23:24","guid":{"rendered":"https:\/\/ironsky.pl\/sklep\/produkt\/mata-ladowisko-sunnylife-tjp11-80cm-heksagon\/"},"modified":"2026-04-15T10:24:02","modified_gmt":"2026-04-15T08:24:02","slug":"mata-ladowisko-sunnylife-tjp11-80cm-heksagon","status":"publish","type":"product","link":"https:\/\/ironsky.pl\/sklep\/produkt\/mata-ladowisko-sunnylife-tjp11-80cm-heksagon\/","title":{"rendered":"Mata l\u0105dowisko SUNNYLIFE TJP11 80cm heksagon"},"content":{"rendered":"<h3>Mata\/l\u0105dowisko Sunnylife do dron\u00f3w 80 cm heksagon, dwustronne i wodoodporne (TJP11)<\/h3>\n<p>Zapewnij swojemu dronowi bezpieczne l\u0105dowanie. Dwustronne l\u0105dowisko Sunnylife zosta\u0142o wykonane ze sk\u00f3ry PU i silikonu \u2013 w efekcie jest wytrzyma\u0142e, a tak\u017ce odporne na wod\u0119 i wiatr. Sprawdzi si\u0119 w przypadku dron\u00f3w z serii Mavic, Mavic Air, Phantom, Autel EVO czy te\u017c Mini. Do\u0142\u0105czony do zestawu futera\u0142 u\u0142atwia przechowywanie.<\/p>\n<p><img decoding=\"async\" src=\"https:\/\/b2b.innpro.pl\/data\/include\/cms\/Sunnylife\/TJP11\/3.jpg\" alt=\"Sunnylife\/TJP11\/3\"><\/p>\n<h3>Wytrzyma\u0142a konstrukcja<\/h3>\n<p>Cztery ko\u0142ki gwarantuj\u0105 niezawodn\u0105 stabilizacj\u0119 i utrzymuj\u0105 mat\u0119 w wyznaczonym miejscu. Dzi\u0119ki temu nie musisz obawia\u0107 si\u0119 wiatru, kt\u00f3ry mo\u017ce wyst\u0119powa\u0107 na otwartej przestrzeni, na pla\u017cy czy na trawiastym terenie. Sze\u015bciok\u0105tna konstrukcja l\u0105dowiska doskonale wyr\u00f3\u017cnia si\u0119 du\u017c\u0105 odporno\u015bci\u0105.<\/p>\n<p><img decoding=\"async\" src=\"https:\/\/b2b.innpro.pl\/data\/include\/cms\/Sunnylife\/TJP11\/2.jpg\" alt=\"Sunnylife\/TJP11\/2\"><\/p>\n<h3>Wygoda u\u017cytkowania<\/h3>\n<p>Po z\u0142o\u017ceniu l\u0105dowisko ma rozmiar zbli\u017cony do tabletu (26.5 x 24 cm), a po roz\u0142o\u017ceniu oferuje 80 x 72 cm przestrzeni. Niezawodna konstrukcja z wodoodpornego tworzywa PU pozwala na bezproblemowe czyszczenie i wycieranie l\u0105dowiska nawet podczas dzikich przyg\u00f3d. Wyraziste kolory produktu nie blakn\u0105, a staranne wyko\u0144czenie szwu i wi\u0105zania to efekt solidnej i precyzyjnej pracy rzemie\u015blniczej. Opr\u00f3cz maty do zestawu do\u0142\u0105czono specjalny futera\u0142, w kt\u00f3rym j\u0105 przechowasz, zapewniaj\u0105c bezpieczny transport. Ponadto w opakowaniu znajdziesz 4 stabilizuj\u0105ce ko\u0142ki.<\/p>\n<p><img decoding=\"async\" src=\"https:\/\/b2b.innpro.pl\/data\/include\/cms\/Sunnylife\/TJP11\/1.jpg\" alt=\"Sunnylife\/TJP11\/1\"><\/p>\n<h3>W zestawie:<\/h3>\n<ul>\n<li>L\u0105dowisko x1<\/li>\n<li>Futera\u0142 x1<\/li>\n<li>Stabilizuj\u0105cy ko\u0142ek x4<\/li>\n<\/ul>\n<div class=\"table-wrapper\">\n<table>\n<tbody>\n<tr>\n<th>Producent <\/th>\n<td>Sunnylife<\/td>\n<\/tr>\n<tr>\n<th>Model <\/th>\n<td>TJP11<\/td>\n<\/tr>\n<tr>\n<th>Materia\u0142 <\/th>\n<td>PU + silikon<\/td>\n<\/tr>\n<tr>\n<th>Waga <\/th>\n<td>0.7 kg<\/td>\n<\/tr>\n<tr>\n<th>Rozmiar po roz\u0142o\u017ceniu<\/th>\n<td>80 x 72 cm<\/td>\n<\/tr>\n<tr>\n<th>Rozmiar po z\u0142o\u017ceniu<\/th>\n<td>26.5 x 24 cm<\/td>\n<\/tr>\n<\/tbody>\n<\/table>\n<\/div>\n","protected":false},"excerpt":{"rendered":"<p>Mata\/l\u0105dowisko Sunnylife do dron\u00f3w 80 cm heksagon, dwustronne i wodoodporne (TJP11) Zapewnij swojemu dronowi bezpieczne l\u0105dowanie. Dwustronne l\u0105dowisko Sunnylife zosta\u0142o<\/p>\n","protected":false},"featured_media":57247,"comment_status":"closed","ping_status":"open","template":"","meta":{"_acf_changed":false},"product_brand":[],"product_cat":[6167,1088,6168],"product_tag":[],"class_list":{"0":"post-57246","1":"product","2":"type-product","3":"status-publish","4":"has-post-thumbnail","6":"product_cat-akcesoria-do-dronow","7":"product_cat-drony","8":"product_cat-ladowiska","9":"pa_okres-gwarancji-5754","10":"pa_producent-sunnylife","12":"first","13":"instock","14":"taxable","15":"shipping-taxable","16":"purchasable","17":"product-type-simple"},"acf":[],"yoast_head":"<!-- This site is optimized with the Yoast SEO plugin v27.2 - https:\/\/yoast.com\/product\/yoast-seo-wordpress\/ -->\n<title>Mata l\u0105dowisko SUNNYLIFE TJP11 80cm heksagon - IRONSKY.PL Sklep z Dronami<\/title>\n<meta name=\"description\" content=\"Mata l\u0105dowisko SUNNYLIFE TJP11 80cm heksagon - \u2705 sklep z dronami i fachowym doradztwem. \u2705 Tutaj kupisz produkty DJI, Yuneec, Parrot, Syma i wiele innych, a tak\u017ce kursy i licencje na operatora drona.\" \/>\n<meta name=\"robots\" content=\"index, follow, max-snippet:-1, max-image-preview:large, max-video-preview:-1\" \/>\n<link rel=\"canonical\" href=\"https:\/\/ironsky.pl\/sklep\/produkt\/mata-ladowisko-sunnylife-tjp11-80cm-heksagon\/\" \/>\n<meta property=\"og:locale\" content=\"pl_PL\" \/>\n<meta property=\"og:type\" content=\"article\" \/>\n<meta property=\"og:title\" content=\"Mata l\u0105dowisko SUNNYLIFE TJP11 80cm heksagon - IRONSKY.PL Sklep z Dronami\" \/>\n<meta property=\"og:description\" content=\"Mata l\u0105dowisko SUNNYLIFE TJP11 80cm heksagon - \u2705 sklep z dronami i fachowym doradztwem. \u2705 Tutaj kupisz produkty DJI, Yuneec, Parrot, Syma i wiele innych, a tak\u017ce kursy i licencje na operatora drona.\" \/>\n<meta property=\"og:url\" content=\"https:\/\/ironsky.pl\/sklep\/produkt\/mata-ladowisko-sunnylife-tjp11-80cm-heksagon\/\" \/>\n<meta property=\"og:site_name\" content=\"IRONSKY.PL Sklep z Dronami\" \/>\n<meta property=\"article:modified_time\" content=\"2026-04-15T08:24:02+00:00\" \/>\n<meta property=\"og:image\" content=\"https:\/\/ironsky.pl\/sklep\/wp-content\/uploads\/2026\/04\/33377_1.webp\" \/>\n\t<meta property=\"og:image:width\" content=\"800\" \/>\n\t<meta property=\"og:image:height\" content=\"800\" \/>\n\t<meta property=\"og:image:type\" content=\"image\/webp\" \/>\n<meta name=\"twitter:card\" content=\"summary_large_image\" \/>\n<meta name=\"twitter:label1\" content=\"Szacowany czas czytania\" \/>\n\t<meta name=\"twitter:data1\" content=\"1 minuta\" \/>\n<script type=\"application\/ld+json\" class=\"yoast-schema-graph\">{\"@context\":\"https:\/\/schema.org\",\"@graph\":[{\"@type\":\"WebPage\",\"@id\":\"https:\/\/ironsky.pl\/sklep\/produkt\/mata-ladowisko-sunnylife-tjp11-80cm-heksagon\/\",\"url\":\"https:\/\/ironsky.pl\/sklep\/produkt\/mata-ladowisko-sunnylife-tjp11-80cm-heksagon\/\",\"name\":\"Mata l\u0105dowisko SUNNYLIFE TJP11 80cm heksagon - IRONSKY.PL Sklep z Dronami\",\"isPartOf\":{\"@id\":\"https:\/\/ironsky.pl\/sklep\/#website\"},\"primaryImageOfPage\":{\"@id\":\"https:\/\/ironsky.pl\/sklep\/produkt\/mata-ladowisko-sunnylife-tjp11-80cm-heksagon\/#primaryimage\"},\"image\":{\"@id\":\"https:\/\/ironsky.pl\/sklep\/produkt\/mata-ladowisko-sunnylife-tjp11-80cm-heksagon\/#primaryimage\"},\"thumbnailUrl\":\"https:\/\/ironsky.pl\/sklep\/wp-content\/uploads\/2026\/04\/33377_1.webp\",\"datePublished\":\"2026-04-15T08:23:24+00:00\",\"dateModified\":\"2026-04-15T08:24:02+00:00\",\"description\":\"Mata l\u0105dowisko SUNNYLIFE TJP11 80cm heksagon - \u2705 sklep z dronami i fachowym doradztwem. \u2705 Tutaj kupisz produkty DJI, Yuneec, Parrot, Syma i wiele innych, a tak\u017ce kursy i licencje na operatora drona.\",\"breadcrumb\":{\"@id\":\"https:\/\/ironsky.pl\/sklep\/produkt\/mata-ladowisko-sunnylife-tjp11-80cm-heksagon\/#breadcrumb\"},\"inLanguage\":\"pl-PL\",\"potentialAction\":[{\"@type\":\"ReadAction\",\"target\":[\"https:\/\/ironsky.pl\/sklep\/produkt\/mata-ladowisko-sunnylife-tjp11-80cm-heksagon\/\"]}]},{\"@type\":\"ImageObject\",\"inLanguage\":\"pl-PL\",\"@id\":\"https:\/\/ironsky.pl\/sklep\/produkt\/mata-ladowisko-sunnylife-tjp11-80cm-heksagon\/#primaryimage\",\"url\":\"https:\/\/ironsky.pl\/sklep\/wp-content\/uploads\/2026\/04\/33377_1.webp\",\"contentUrl\":\"https:\/\/ironsky.pl\/sklep\/wp-content\/uploads\/2026\/04\/33377_1.webp\",\"width\":800,\"height\":800},{\"@type\":\"BreadcrumbList\",\"@id\":\"https:\/\/ironsky.pl\/sklep\/produkt\/mata-ladowisko-sunnylife-tjp11-80cm-heksagon\/#breadcrumb\",\"itemListElement\":[{\"@type\":\"ListItem\",\"position\":1,\"name\":\"Strona g\u0142\u00f3wna\",\"item\":\"https:\/\/ironsky.pl\/sklep\/\"},{\"@type\":\"ListItem\",\"position\":2,\"name\":\"Wszystkie produkty\",\"item\":\"https:\/\/ironsky.pl\/sklep\/produkty\/\"},{\"@type\":\"ListItem\",\"position\":3,\"name\":\"Mata l\u0105dowisko SUNNYLIFE TJP11 80cm heksagon\"}]},{\"@type\":\"WebSite\",\"@id\":\"https:\/\/ironsky.pl\/sklep\/#website\",\"url\":\"https:\/\/ironsky.pl\/sklep\/\",\"name\":\"IRONSKY.PL Sklep z Dronami\",\"description\":\"IRONSKY.PL Sklep z Dronami\",\"potentialAction\":[{\"@type\":\"SearchAction\",\"target\":{\"@type\":\"EntryPoint\",\"urlTemplate\":\"https:\/\/ironsky.pl\/sklep\/?s={search_term_string}\"},\"query-input\":{\"@type\":\"PropertyValueSpecification\",\"valueRequired\":true,\"valueName\":\"search_term_string\"}}],\"inLanguage\":\"pl-PL\"}]}<\/script>\n<!-- \/ Yoast SEO plugin. -->","yoast_head_json":{"title":"Mata l\u0105dowisko SUNNYLIFE TJP11 80cm heksagon - IRONSKY.PL Sklep z Dronami","description":"Mata l\u0105dowisko SUNNYLIFE TJP11 80cm heksagon - \u2705 sklep z dronami i fachowym doradztwem. \u2705 Tutaj kupisz produkty DJI, Yuneec, Parrot, Syma i wiele innych, a tak\u017ce kursy i licencje na operatora drona.","robots":{"index":"index","follow":"follow","max-snippet":"max-snippet:-1","max-image-preview":"max-image-preview:large","max-video-preview":"max-video-preview:-1"},"canonical":"https:\/\/ironsky.pl\/sklep\/produkt\/mata-ladowisko-sunnylife-tjp11-80cm-heksagon\/","og_locale":"pl_PL","og_type":"article","og_title":"Mata l\u0105dowisko SUNNYLIFE TJP11 80cm heksagon - IRONSKY.PL Sklep z Dronami","og_description":"Mata l\u0105dowisko SUNNYLIFE TJP11 80cm heksagon - \u2705 sklep z dronami i fachowym doradztwem. \u2705 Tutaj kupisz produkty DJI, Yuneec, Parrot, Syma i wiele innych, a tak\u017ce kursy i licencje na operatora drona.","og_url":"https:\/\/ironsky.pl\/sklep\/produkt\/mata-ladowisko-sunnylife-tjp11-80cm-heksagon\/","og_site_name":"IRONSKY.PL Sklep z Dronami","article_modified_time":"2026-04-15T08:24:02+00:00","og_image":[{"width":800,"height":800,"url":"https:\/\/ironsky.pl\/sklep\/wp-content\/uploads\/2026\/04\/33377_1.webp","type":"image\/webp"}],"twitter_card":"summary_large_image","twitter_misc":{"Szacowany czas czytania":"1 minuta"},"schema":{"@context":"https:\/\/schema.org","@graph":[{"@type":"WebPage","@id":"https:\/\/ironsky.pl\/sklep\/produkt\/mata-ladowisko-sunnylife-tjp11-80cm-heksagon\/","url":"https:\/\/ironsky.pl\/sklep\/produkt\/mata-ladowisko-sunnylife-tjp11-80cm-heksagon\/","name":"Mata l\u0105dowisko SUNNYLIFE TJP11 80cm heksagon - IRONSKY.PL Sklep z Dronami","isPartOf":{"@id":"https:\/\/ironsky.pl\/sklep\/#website"},"primaryImageOfPage":{"@id":"https:\/\/ironsky.pl\/sklep\/produkt\/mata-ladowisko-sunnylife-tjp11-80cm-heksagon\/#primaryimage"},"image":{"@id":"https:\/\/ironsky.pl\/sklep\/produkt\/mata-ladowisko-sunnylife-tjp11-80cm-heksagon\/#primaryimage"},"thumbnailUrl":"https:\/\/ironsky.pl\/sklep\/wp-content\/uploads\/2026\/04\/33377_1.webp","datePublished":"2026-04-15T08:23:24+00:00","dateModified":"2026-04-15T08:24:02+00:00","description":"Mata l\u0105dowisko SUNNYLIFE TJP11 80cm heksagon - \u2705 sklep z dronami i fachowym doradztwem. \u2705 Tutaj kupisz produkty DJI, Yuneec, Parrot, Syma i wiele innych, a tak\u017ce kursy i licencje na operatora drona.","breadcrumb":{"@id":"https:\/\/ironsky.pl\/sklep\/produkt\/mata-ladowisko-sunnylife-tjp11-80cm-heksagon\/#breadcrumb"},"inLanguage":"pl-PL","potentialAction":[{"@type":"ReadAction","target":["https:\/\/ironsky.pl\/sklep\/produkt\/mata-ladowisko-sunnylife-tjp11-80cm-heksagon\/"]}]},{"@type":"ImageObject","inLanguage":"pl-PL","@id":"https:\/\/ironsky.pl\/sklep\/produkt\/mata-ladowisko-sunnylife-tjp11-80cm-heksagon\/#primaryimage","url":"https:\/\/ironsky.pl\/sklep\/wp-content\/uploads\/2026\/04\/33377_1.webp","contentUrl":"https:\/\/ironsky.pl\/sklep\/wp-content\/uploads\/2026\/04\/33377_1.webp","width":800,"height":800},{"@type":"BreadcrumbList","@id":"https:\/\/ironsky.pl\/sklep\/produkt\/mata-ladowisko-sunnylife-tjp11-80cm-heksagon\/#breadcrumb","itemListElement":[{"@type":"ListItem","position":1,"name":"Strona g\u0142\u00f3wna","item":"https:\/\/ironsky.pl\/sklep\/"},{"@type":"ListItem","position":2,"name":"Wszystkie produkty","item":"https:\/\/ironsky.pl\/sklep\/produkty\/"},{"@type":"ListItem","position":3,"name":"Mata l\u0105dowisko SUNNYLIFE TJP11 80cm heksagon"}]},{"@type":"WebSite","@id":"https:\/\/ironsky.pl\/sklep\/#website","url":"https:\/\/ironsky.pl\/sklep\/","name":"IRONSKY.PL Sklep z Dronami","description":"IRONSKY.PL Sklep z Dronami","potentialAction":[{"@type":"SearchAction","target":{"@type":"EntryPoint","urlTemplate":"https:\/\/ironsky.pl\/sklep\/?s={search_term_string}"},"query-input":{"@type":"PropertyValueSpecification","valueRequired":true,"valueName":"search_term_string"}}],"inLanguage":"pl-PL"}]}},"_links":{"self":[{"href":"https:\/\/ironsky.pl\/sklep\/wp-json\/wp\/v2\/product\/57246","targetHints":{"allow":["GET"]}}],"collection":[{"href":"https:\/\/ironsky.pl\/sklep\/wp-json\/wp\/v2\/product"}],"about":[{"href":"https:\/\/ironsky.pl\/sklep\/wp-json\/wp\/v2\/types\/product"}],"replies":[{"embeddable":true,"href":"https:\/\/ironsky.pl\/sklep\/wp-json\/wp\/v2\/comments?post=57246"}],"wp:featuredmedia":[{"embeddable":true,"href":"https:\/\/ironsky.pl\/sklep\/wp-json\/wp\/v2\/media\/57247"}],"wp:attachment":[{"href":"https:\/\/ironsky.pl\/sklep\/wp-json\/wp\/v2\/media?parent=57246"}],"wp:term":[{"taxonomy":"product_brand","embeddable":true,"href":"https:\/\/ironsky.pl\/sklep\/wp-json\/wp\/v2\/product_brand?post=57246"},{"taxonomy":"product_cat","embeddable":true,"href":"https:\/\/ironsky.pl\/sklep\/wp-json\/wp\/v2\/product_cat?post=57246"},{"taxonomy":"product_tag","embeddable":true,"href":"https:\/\/ironsky.pl\/sklep\/wp-json\/wp\/v2\/product_tag?post=57246"}],"curies":[{"name":"wp","href":"https:\/\/api.w.org\/{rel}","templated":true}]}}