{"id":57220,"date":"2026-04-15T10:23:24","date_gmt":"2026-04-15T08:23:24","guid":{"rendered":"https:\/\/ironsky.pl\/sklep\/produkt\/system-transmisji-audio-chengzhi-mp10e-do-dji-mavic-3-enterprise\/"},"modified":"2026-04-15T10:23:50","modified_gmt":"2026-04-15T08:23:50","slug":"system-transmisji-audio-chengzhi-mp10e-do-dji-mavic-3-enterprise","status":"publish","type":"product","link":"https:\/\/ironsky.pl\/sklep\/produkt\/system-transmisji-audio-chengzhi-mp10e-do-dji-mavic-3-enterprise\/","title":{"rendered":"System transmisji audio CHENGZHI MP10E do DJI Mavic 3 Enterprise"},"content":{"rendered":"<p><img decoding=\"async\" src=\"\/data\/include\/cms\/enterprise\/mp10e\/MP10E-Na.jpg\" border=\"0\" width=\"100%\" height=\"NaN\" \/><\/p>\n<h3>System transmisji i rejestrowania d\u017awi\u0119ku MP10E<\/h3>\n<p>MP10E to system transmisji i rejestrowania d\u017awi\u0119ku dedykowany dla dron\u00f3w serii DJI Mavic 3 Enterprise.\u00a0<\/p>\n<p><img decoding=\"async\" src=\"\/data\/include\/cms\/enterprise\/mp10e\/MP10E-mic.jpg\" border=\"0\" width=\"100%\" height=\"NaN\" \/><\/p>\n<h3>Mikrofon matrycowy<\/h3>\n<p>Od\u0142\u0105czany mikrofon matrycowy wykorzystuje zaawansowane algorytmy akustyczne do t\u0142umienia szum\u00f3w \u015bmigie\u0142 i wzmacniania ludzkiego g\u0142osu, umo\u017cliwiaj\u0105c\u00a0prowadzenie dialogu w powietrzu na du\u017ce odleg\u0142o\u015bci.<\/p>\n<p><img decoding=\"async\" src=\"\/data\/include\/cms\/enterprise\/mp10e\/MP10E-led.jpg\" border=\"0\" width=\"100%\" height=\"NaN\" \/><\/p>\n<h3>Sygnalizacja \u015bwietlna<\/h3>\n<p>Wbudowane diody LED emituj\u0105 czerwone lub niebieskie migaj\u0105ce \u015bwiat\u0142o pozwalaj\u0105ce skutecznie identyfikowa\u0107 s\u0142u\u017cby mundurowe i odstrasza\u0107 podejrzane cele.<\/p>\n<p><img decoding=\"async\" src=\"\/data\/include\/cms\/enterprise\/mp10e\/MP10E-bt.jpg\" border=\"0\" width=\"262\" height=\"800\" \/><\/p>\n<h3>Radionadajnik Bluetooth<\/h3>\n<p>Posiada wbudowany kolorowy wy\u015bwietlacz za pomoc\u0105 kt\u00f3rego w przejrzysty spos\u00f3b uzyskamy podgl\u0105d wielu funkcji urz\u0105dzenia.\u00a0<\/p>\n<h3>Zawarto\u015b\u0107 zestawu<\/h3>\n<ul>\n<li>System transmisji i rejestrowania d\u017awi\u0119ku MP10E<\/li>\n<\/ul>\n<div class=\"table-wrapper\">\n<table>\n<tbody>\n<tr>\n<th>Model<\/th>\n<td>MP10E<\/td>\n<\/tr>\n<tr>\n<th>D\u0142ugo\u015b\u0107 tyczki<\/th>\n<td>400mm<\/td>\n<\/tr>\n<tr>\n<th>Waga<\/th>\n<td>140g<\/td>\n<\/tr>\n<tr>\n<th>Wymiary modu\u0142u g\u0142\u00f3wnego<\/th>\n<td>90 x 80 x 82 mm<\/td>\n<\/tr>\n<tr>\n<th>Zasilanie<\/th>\n<td>PSDK_USB-C\uff0812V&#8212;17.6V\uff09<\/td>\n<\/tr>\n<tr>\n<th>Moc<\/th>\n<td>\u226415W<\/td>\n<\/tr>\n<tr>\n<th>Napi\u0119cie<\/th>\n<td>15V<\/td>\n<\/tr>\n<tr>\n<th>Nat\u0119\u017cenie d\u017awi\u0119ku<\/th>\n<td>107dB@1m<\/td>\n<\/tr>\n<tr>\n<th>Efektywna odleg\u0142o\u015b\u0107 nadawania<\/th>\n<td>150m<\/td>\n<\/tr>\n<tr>\n<th>Efektywna odleg\u0142o\u015b\u0107 rejestrowania d\u017awi\u0119ku<\/th>\n<td style=\"text-align: left; vertical-align: middle;\">10m<\/td>\n<\/tr>\n<tr>\n<th>Wsp\u00f3\u0142czynnik sygna\u0142u do szumu mikrofonu<\/th>\n<td style=\"text-align: left; vertical-align: middle;\">67dB<\/td>\n<\/tr>\n<tr>\n<th>Pojemno\u015b\u0107 pami\u0119ci<\/th>\n<td style=\"text-align: left; vertical-align: middle;\">wbudowana pami\u0119\u0107\uff1a16 GB<\/td>\n<\/tr>\n<tr>\n<th>Pr\u0119dko\u015b\u0107 transmisji w czasie rzeczywistym<\/th>\n<td style=\"text-align: left; vertical-align: middle;\">8Kbps\/16Kbps<\/td>\n<\/tr>\n<tr>\n<th>Sygnalizacja \u015bwietlna<\/th>\n<td>\n<p>3 czerwone i 3 niebieskie diody LED,<\/p>\n<p>moc 2W,<\/p>\n<p>k\u0105t \u015bwiat\u0142a 60\u00b0<\/p>\n<\/td>\n<\/tr>\n<tr>\n<th>System operacyjny<\/th>\n<td>Android7.0 lub nowszy \/ IOS13 lub nowszy<\/td>\n<\/tr>\n<tr>\n<th>Temperatura pracy<\/th>\n<td>-20~+50\u00b0C<\/td>\n<\/tr>\n<tr>\n<th>Wymiary radionadajnika Bluetooth<\/th>\n<td>190 x 60 x 30 mm<\/td>\n<\/tr>\n<tr>\n<th>Waga radionadajnika Bluetooth<\/th>\n<td>\u2264170g<\/td>\n<\/tr>\n<tr>\n<th>Kolorowy wy\u015bwietlacz<\/th>\n<td>1,8 cala<\/td>\n<\/tr>\n<tr>\n<th>Bluetooth<\/th>\n<td>\n<p>Bluetooth 4.2,<\/p>\n<p>pasmo 2,400-2,4835 GHz,<\/p>\n<p>moc nadawania (EIRP) &lt; 10 dBm<\/p>\n<\/td>\n<\/tr>\n<tr>\n<th>Napi\u0119cie akumulatora<\/th>\n<td>\n<p>Napi\u0119cie 3,7 V,<\/p>\n<p>pojemno\u015b\u0107 2600 mAh<\/p>\n<\/td>\n<\/tr>\n<tr>\n<th>Czas pracy<\/th>\n<td>\n<p>3h<\/p>\n<\/td>\n<\/tr>\n<tr>\n<th>Port \u0142adowania<\/th>\n<td>\n<p>USB-C, 5V 2A<\/p>\n<\/td>\n<\/tr>\n<\/tbody>\n<\/table>\n<\/div>\n","protected":false},"excerpt":{"rendered":"<p>System transmisji i rejestrowania d\u017awi\u0119ku MP10E MP10E to system transmisji i rejestrowania d\u017awi\u0119ku dedykowany dla dron\u00f3w serii DJI Mavic 3<\/p>\n","protected":false},"featured_media":57221,"comment_status":"closed","ping_status":"open","template":"","meta":{"_acf_changed":false},"product_brand":[],"product_cat":[1088,1105,6188],"product_tag":[],"class_list":{"0":"post-57220","1":"product","2":"type-product","3":"status-publish","4":"has-post-thumbnail","6":"product_cat-drony","7":"product_cat-przemyslowe","8":"product_cat-inne-urzadzenia","9":"pa_producent-chengzhi","11":"first","12":"outofstock","13":"taxable","14":"shipping-taxable","15":"purchasable","16":"product-type-simple"},"acf":[],"yoast_head":"<!-- This site is optimized with the Yoast SEO plugin v27.2 - https:\/\/yoast.com\/product\/yoast-seo-wordpress\/ -->\n<title>System transmisji audio CHENGZHI MP10E do DJI Mavic 3 Enterprise - IRONSKY.PL Sklep z Dronami<\/title>\n<meta name=\"description\" content=\"System transmisji audio CHENGZHI MP10E do DJI Mavic 3 Enterprise - \u2705 sklep z dronami i fachowym doradztwem. \u2705 Tutaj kupisz produkty DJI, Yuneec, Parrot, Syma i wiele innych, a tak\u017ce kursy i licencje na operatora drona.\" \/>\n<meta name=\"robots\" content=\"index, follow, max-snippet:-1, max-image-preview:large, max-video-preview:-1\" \/>\n<link rel=\"canonical\" href=\"https:\/\/ironsky.pl\/sklep\/produkt\/system-transmisji-audio-chengzhi-mp10e-do-dji-mavic-3-enterprise\/\" \/>\n<meta property=\"og:locale\" content=\"pl_PL\" \/>\n<meta property=\"og:type\" content=\"article\" \/>\n<meta property=\"og:title\" content=\"System transmisji audio CHENGZHI MP10E do DJI Mavic 3 Enterprise - IRONSKY.PL Sklep z Dronami\" \/>\n<meta property=\"og:description\" content=\"System transmisji audio CHENGZHI MP10E do DJI Mavic 3 Enterprise - \u2705 sklep z dronami i fachowym doradztwem. \u2705 Tutaj kupisz produkty DJI, Yuneec, Parrot, Syma i wiele innych, a tak\u017ce kursy i licencje na operatora drona.\" \/>\n<meta property=\"og:url\" content=\"https:\/\/ironsky.pl\/sklep\/produkt\/system-transmisji-audio-chengzhi-mp10e-do-dji-mavic-3-enterprise\/\" \/>\n<meta property=\"og:site_name\" content=\"IRONSKY.PL Sklep z Dronami\" \/>\n<meta property=\"article:modified_time\" content=\"2026-04-15T08:23:50+00:00\" \/>\n<meta property=\"og:image\" content=\"https:\/\/ironsky.pl\/sklep\/wp-content\/uploads\/2026\/04\/33291_10.webp\" \/>\n\t<meta property=\"og:image:width\" content=\"800\" \/>\n\t<meta property=\"og:image:height\" content=\"800\" \/>\n\t<meta property=\"og:image:type\" content=\"image\/webp\" \/>\n<meta name=\"twitter:card\" content=\"summary_large_image\" \/>\n<meta name=\"twitter:label1\" content=\"Szacowany czas czytania\" \/>\n\t<meta name=\"twitter:data1\" content=\"1 minuta\" \/>\n<script type=\"application\/ld+json\" class=\"yoast-schema-graph\">{\"@context\":\"https:\/\/schema.org\",\"@graph\":[{\"@type\":\"WebPage\",\"@id\":\"https:\/\/ironsky.pl\/sklep\/produkt\/system-transmisji-audio-chengzhi-mp10e-do-dji-mavic-3-enterprise\/\",\"url\":\"https:\/\/ironsky.pl\/sklep\/produkt\/system-transmisji-audio-chengzhi-mp10e-do-dji-mavic-3-enterprise\/\",\"name\":\"System transmisji audio CHENGZHI MP10E do DJI Mavic 3 Enterprise - IRONSKY.PL Sklep z Dronami\",\"isPartOf\":{\"@id\":\"https:\/\/ironsky.pl\/sklep\/#website\"},\"primaryImageOfPage\":{\"@id\":\"https:\/\/ironsky.pl\/sklep\/produkt\/system-transmisji-audio-chengzhi-mp10e-do-dji-mavic-3-enterprise\/#primaryimage\"},\"image\":{\"@id\":\"https:\/\/ironsky.pl\/sklep\/produkt\/system-transmisji-audio-chengzhi-mp10e-do-dji-mavic-3-enterprise\/#primaryimage\"},\"thumbnailUrl\":\"https:\/\/ironsky.pl\/sklep\/wp-content\/uploads\/2026\/04\/33291_10.webp\",\"datePublished\":\"2026-04-15T08:23:24+00:00\",\"dateModified\":\"2026-04-15T08:23:50+00:00\",\"description\":\"System transmisji audio CHENGZHI MP10E do DJI Mavic 3 Enterprise - \u2705 sklep z dronami i fachowym doradztwem. \u2705 Tutaj kupisz produkty DJI, Yuneec, Parrot, Syma i wiele innych, a tak\u017ce kursy i licencje na operatora drona.\",\"breadcrumb\":{\"@id\":\"https:\/\/ironsky.pl\/sklep\/produkt\/system-transmisji-audio-chengzhi-mp10e-do-dji-mavic-3-enterprise\/#breadcrumb\"},\"inLanguage\":\"pl-PL\",\"potentialAction\":[{\"@type\":\"ReadAction\",\"target\":[\"https:\/\/ironsky.pl\/sklep\/produkt\/system-transmisji-audio-chengzhi-mp10e-do-dji-mavic-3-enterprise\/\"]}]},{\"@type\":\"ImageObject\",\"inLanguage\":\"pl-PL\",\"@id\":\"https:\/\/ironsky.pl\/sklep\/produkt\/system-transmisji-audio-chengzhi-mp10e-do-dji-mavic-3-enterprise\/#primaryimage\",\"url\":\"https:\/\/ironsky.pl\/sklep\/wp-content\/uploads\/2026\/04\/33291_10.webp\",\"contentUrl\":\"https:\/\/ironsky.pl\/sklep\/wp-content\/uploads\/2026\/04\/33291_10.webp\",\"width\":800,\"height\":800},{\"@type\":\"BreadcrumbList\",\"@id\":\"https:\/\/ironsky.pl\/sklep\/produkt\/system-transmisji-audio-chengzhi-mp10e-do-dji-mavic-3-enterprise\/#breadcrumb\",\"itemListElement\":[{\"@type\":\"ListItem\",\"position\":1,\"name\":\"Strona g\u0142\u00f3wna\",\"item\":\"https:\/\/ironsky.pl\/sklep\/\"},{\"@type\":\"ListItem\",\"position\":2,\"name\":\"Wszystkie produkty\",\"item\":\"https:\/\/ironsky.pl\/sklep\/produkty\/\"},{\"@type\":\"ListItem\",\"position\":3,\"name\":\"System transmisji audio CHENGZHI MP10E do DJI Mavic 3 Enterprise\"}]},{\"@type\":\"WebSite\",\"@id\":\"https:\/\/ironsky.pl\/sklep\/#website\",\"url\":\"https:\/\/ironsky.pl\/sklep\/\",\"name\":\"IRONSKY.PL Sklep z Dronami\",\"description\":\"IRONSKY.PL Sklep z Dronami\",\"potentialAction\":[{\"@type\":\"SearchAction\",\"target\":{\"@type\":\"EntryPoint\",\"urlTemplate\":\"https:\/\/ironsky.pl\/sklep\/?s={search_term_string}\"},\"query-input\":{\"@type\":\"PropertyValueSpecification\",\"valueRequired\":true,\"valueName\":\"search_term_string\"}}],\"inLanguage\":\"pl-PL\"}]}<\/script>\n<!-- \/ Yoast SEO plugin. -->","yoast_head_json":{"title":"System transmisji audio CHENGZHI MP10E do DJI Mavic 3 Enterprise - IRONSKY.PL Sklep z Dronami","description":"System transmisji audio CHENGZHI MP10E do DJI Mavic 3 Enterprise - \u2705 sklep z dronami i fachowym doradztwem. \u2705 Tutaj kupisz produkty DJI, Yuneec, Parrot, Syma i wiele innych, a tak\u017ce kursy i licencje na operatora drona.","robots":{"index":"index","follow":"follow","max-snippet":"max-snippet:-1","max-image-preview":"max-image-preview:large","max-video-preview":"max-video-preview:-1"},"canonical":"https:\/\/ironsky.pl\/sklep\/produkt\/system-transmisji-audio-chengzhi-mp10e-do-dji-mavic-3-enterprise\/","og_locale":"pl_PL","og_type":"article","og_title":"System transmisji audio CHENGZHI MP10E do DJI Mavic 3 Enterprise - IRONSKY.PL Sklep z Dronami","og_description":"System transmisji audio CHENGZHI MP10E do DJI Mavic 3 Enterprise - \u2705 sklep z dronami i fachowym doradztwem. \u2705 Tutaj kupisz produkty DJI, Yuneec, Parrot, Syma i wiele innych, a tak\u017ce kursy i licencje na operatora drona.","og_url":"https:\/\/ironsky.pl\/sklep\/produkt\/system-transmisji-audio-chengzhi-mp10e-do-dji-mavic-3-enterprise\/","og_site_name":"IRONSKY.PL Sklep z Dronami","article_modified_time":"2026-04-15T08:23:50+00:00","og_image":[{"width":800,"height":800,"url":"https:\/\/ironsky.pl\/sklep\/wp-content\/uploads\/2026\/04\/33291_10.webp","type":"image\/webp"}],"twitter_card":"summary_large_image","twitter_misc":{"Szacowany czas czytania":"1 minuta"},"schema":{"@context":"https:\/\/schema.org","@graph":[{"@type":"WebPage","@id":"https:\/\/ironsky.pl\/sklep\/produkt\/system-transmisji-audio-chengzhi-mp10e-do-dji-mavic-3-enterprise\/","url":"https:\/\/ironsky.pl\/sklep\/produkt\/system-transmisji-audio-chengzhi-mp10e-do-dji-mavic-3-enterprise\/","name":"System transmisji audio CHENGZHI MP10E do DJI Mavic 3 Enterprise - IRONSKY.PL Sklep z Dronami","isPartOf":{"@id":"https:\/\/ironsky.pl\/sklep\/#website"},"primaryImageOfPage":{"@id":"https:\/\/ironsky.pl\/sklep\/produkt\/system-transmisji-audio-chengzhi-mp10e-do-dji-mavic-3-enterprise\/#primaryimage"},"image":{"@id":"https:\/\/ironsky.pl\/sklep\/produkt\/system-transmisji-audio-chengzhi-mp10e-do-dji-mavic-3-enterprise\/#primaryimage"},"thumbnailUrl":"https:\/\/ironsky.pl\/sklep\/wp-content\/uploads\/2026\/04\/33291_10.webp","datePublished":"2026-04-15T08:23:24+00:00","dateModified":"2026-04-15T08:23:50+00:00","description":"System transmisji audio CHENGZHI MP10E do DJI Mavic 3 Enterprise - \u2705 sklep z dronami i fachowym doradztwem. \u2705 Tutaj kupisz produkty DJI, Yuneec, Parrot, Syma i wiele innych, a tak\u017ce kursy i licencje na operatora drona.","breadcrumb":{"@id":"https:\/\/ironsky.pl\/sklep\/produkt\/system-transmisji-audio-chengzhi-mp10e-do-dji-mavic-3-enterprise\/#breadcrumb"},"inLanguage":"pl-PL","potentialAction":[{"@type":"ReadAction","target":["https:\/\/ironsky.pl\/sklep\/produkt\/system-transmisji-audio-chengzhi-mp10e-do-dji-mavic-3-enterprise\/"]}]},{"@type":"ImageObject","inLanguage":"pl-PL","@id":"https:\/\/ironsky.pl\/sklep\/produkt\/system-transmisji-audio-chengzhi-mp10e-do-dji-mavic-3-enterprise\/#primaryimage","url":"https:\/\/ironsky.pl\/sklep\/wp-content\/uploads\/2026\/04\/33291_10.webp","contentUrl":"https:\/\/ironsky.pl\/sklep\/wp-content\/uploads\/2026\/04\/33291_10.webp","width":800,"height":800},{"@type":"BreadcrumbList","@id":"https:\/\/ironsky.pl\/sklep\/produkt\/system-transmisji-audio-chengzhi-mp10e-do-dji-mavic-3-enterprise\/#breadcrumb","itemListElement":[{"@type":"ListItem","position":1,"name":"Strona g\u0142\u00f3wna","item":"https:\/\/ironsky.pl\/sklep\/"},{"@type":"ListItem","position":2,"name":"Wszystkie produkty","item":"https:\/\/ironsky.pl\/sklep\/produkty\/"},{"@type":"ListItem","position":3,"name":"System transmisji audio CHENGZHI MP10E do DJI Mavic 3 Enterprise"}]},{"@type":"WebSite","@id":"https:\/\/ironsky.pl\/sklep\/#website","url":"https:\/\/ironsky.pl\/sklep\/","name":"IRONSKY.PL Sklep z Dronami","description":"IRONSKY.PL Sklep z Dronami","potentialAction":[{"@type":"SearchAction","target":{"@type":"EntryPoint","urlTemplate":"https:\/\/ironsky.pl\/sklep\/?s={search_term_string}"},"query-input":{"@type":"PropertyValueSpecification","valueRequired":true,"valueName":"search_term_string"}}],"inLanguage":"pl-PL"}]}},"_links":{"self":[{"href":"https:\/\/ironsky.pl\/sklep\/wp-json\/wp\/v2\/product\/57220","targetHints":{"allow":["GET"]}}],"collection":[{"href":"https:\/\/ironsky.pl\/sklep\/wp-json\/wp\/v2\/product"}],"about":[{"href":"https:\/\/ironsky.pl\/sklep\/wp-json\/wp\/v2\/types\/product"}],"replies":[{"embeddable":true,"href":"https:\/\/ironsky.pl\/sklep\/wp-json\/wp\/v2\/comments?post=57220"}],"wp:featuredmedia":[{"embeddable":true,"href":"https:\/\/ironsky.pl\/sklep\/wp-json\/wp\/v2\/media\/57221"}],"wp:attachment":[{"href":"https:\/\/ironsky.pl\/sklep\/wp-json\/wp\/v2\/media?parent=57220"}],"wp:term":[{"taxonomy":"product_brand","embeddable":true,"href":"https:\/\/ironsky.pl\/sklep\/wp-json\/wp\/v2\/product_brand?post=57220"},{"taxonomy":"product_cat","embeddable":true,"href":"https:\/\/ironsky.pl\/sklep\/wp-json\/wp\/v2\/product_cat?post=57220"},{"taxonomy":"product_tag","embeddable":true,"href":"https:\/\/ironsky.pl\/sklep\/wp-json\/wp\/v2\/product_tag?post=57220"}],"curies":[{"name":"wp","href":"https:\/\/api.w.org\/{rel}","templated":true}]}}