{"id":57179,"date":"2026-04-15T10:23:24","date_gmt":"2026-04-15T08:23:24","guid":{"rendered":"https:\/\/ironsky.pl\/sklep\/produkt\/kontroler-dji-rc-2-2\/"},"modified":"2026-04-15T10:23:30","modified_gmt":"2026-04-15T08:23:30","slug":"kontroler-dji-rc-2-2","status":"publish","type":"product","link":"https:\/\/ironsky.pl\/sklep\/produkt\/kontroler-dji-rc-2-2\/","title":{"rendered":"Kontroler DJI RC 2"},"content":{"rendered":"<h3>Kontroler DJI RC 2<\/h3>\n<p>DJI RC 2 to lekka i prosta w obs\u0142udze aparatura steruj\u0105ca, kt\u00f3ra pozwoli Ci na p\u0142ynn\u0105 i wygodn\u0105 kontrol\u0119 drona. Zosta\u0142a wyposa\u017cona w wydajny procesor i obs\u0142uguje zaawansowany system transmisji DJI O4, dzi\u0119ki czemu mo\u017cesz przesy\u0142a\u0107 wysokiej jako\u015bci wideo HD na odleg\u0142o\u015b\u0107 do 10 km. Jej dodatkowym atutem jest 5,5-calowy wy\u015bwietlacz FHD, kt\u00f3ry zapewnia bezproblemowy dost\u0119p do wszystkich potrzebnych funkcji. Kontroler oferuje r\u00f3wnie\u017c 32 GB pami\u0119ci wewn\u0119trznej.<\/p>\n<p><img decoding=\"async\" src=\"https:\/\/b2b.innpro.pl\/data\/include\/cms\/12DJI\/Kontroler-DJI-RC-2\/8.jpg\" border=\"0\" alt=\"12DJI\/Kontroler-DJI-RC-2\/8\" \/><\/p>\n<h3>Niezawodna transmisja wideo<\/h3>\n<p>Ciesz si\u0119 fantastycznym do\u015bwiadczeniem kontroli i czerp wi\u0119cej rado\u015bci z ka\u017cdego lotu. Aparatura DJI RC 2 oferuje nowoczesn\u0105 technologi\u0119 DJI O4, kt\u00f3ra obs\u0142uguje pasma przenoszenia 2,4 GHz, 5,1 GHz oraz 5,8 GHz i zapewnia niezawodn\u0105 transmisj\u0119 wideo o zasi\u0119gu do 10 km. Wyr\u00f3\u017cnia j\u0105 tak\u017ce niskie op\u00f3\u017anienie i du\u017ca odporno\u015b\u0107 na zak\u0142\u00f3cenia. Co wi\u0119cej, system anten 2T4R gwarantuje wi\u0119ksz\u0105 si\u0142\u0119 sygna\u0142u i stabilno\u015b\u0107 po\u0142\u0105czenia.<\/p>\n<p><img decoding=\"async\" src=\"https:\/\/b2b.innpro.pl\/data\/include\/cms\/12DJI\/Kontroler-DJI-RC-2\/6.jpg\" border=\"0\" alt=\"12DJI\/Kontroler-DJI-RC-2\/6\" \/><\/p>\n<h3>Ulepszony procesor, wygodne przechowywanie plik\u00f3w<\/h3>\n<p>Jeszcze p\u0142ynniejsze dzia\u0142anie aplikacji i systemu? Teraz to mo\u017cliwe \u2013 aparatura DJI RC 2 zosta\u0142a wyposa\u017cona w wysokiej klasy procesor, kt\u00f3ry zapewnia poprawion\u0105 wydajno\u015b\u0107 GPU i CPU. Do dyspozycji masz tak\u017ce pami\u0119\u0107 wewn\u0119trzn\u0105 32 GB, dzi\u0119ki czemu mo\u017cliwe jest mi\u0119dzy innymi bezpo\u015brednie nagrywanie ekranu. Mo\u017cesz te\u017c skorzysta\u0107 z karty microSD, aby zyska\u0107 wi\u0119cej miejsca na zapisywanie plik\u00f3w.<\/p>\n<p><img decoding=\"async\" src=\"https:\/\/b2b.innpro.pl\/data\/include\/cms\/12DJI\/Kontroler-DJI-RC-2\/4.jpg\" border=\"0\" alt=\"12DJI\/Kontroler-DJI-RC-2\/4\" \/><\/p>\n<h3>Wygodne u\u017cytkowanie<\/h3>\n<p>Kontroler DJI RC 2 jest bardzo prosty i wygodny w obs\u0142udze \u2013 nie musisz nawet pod\u0142\u0105cza\u0107 do niego smartfona. Urz\u0105dzenie zosta\u0142o wyposa\u017cone w 5,5-calowy ekran FHD (1920&#215;1080), kt\u00f3rego jasno\u015b\u0107 si\u0119ga 700 nit\u00f3w. Dzi\u0119ki temu zapewnia wyra\u017any obraz w niemal ka\u017cdych warunkach! Ponadto aparatura wa\u017cy tylko oko\u0142o 420 g i \u015bwietnie le\u017cy w d\u0142oniach. Gwarantuje przy tym pewny chwyt i komfort u\u017cytkowania \u2013 nawet podczas d\u0142ugich lot\u00f3w.<\/p>\n<p><img decoding=\"async\" src=\"https:\/\/b2b.innpro.pl\/data\/include\/cms\/12DJI\/Kontroler-DJI-RC-2\/5.jpg\" border=\"0\" alt=\"12DJI\/Kontroler-DJI-RC-2\/5\" \/><\/p>\n<div class=\"table-wrapper\">\n<table>\n<tbody>\n<tr>\n<th>Producent<\/th>\n<td>DJI<\/td>\n<\/tr>\n<tr>\n<th>Nazwa<\/th>\n<td>DJI RC 2<\/td>\n<\/tr>\n<tr>\n<th>Cz\u0119stotliwo\u015b\u0107 robocza<\/th>\n<td>2,4000-2,4835 GHz;<br \/>5,170-5,250 GHz;<br \/>5,725-5,850 GHz;<\/p>\n<p>*Cz\u0119stotliwo\u015b\u0107 robocza mo\u017ce si\u0119 r\u00f3\u017cni\u0107 w zale\u017cno\u015bci od kraju \/ regionu. Aby uzyska\u0107 wi\u0119cej informacji, sprawd\u017a lokalne przepisy prawne.<\/td>\n<\/tr>\n<tr>\n<th>Antena<\/th>\n<td>4 anteny, 2T4R<\/td>\n<\/tr>\n<tr>\n<th>Moc transmitera (EIRP)<\/th>\n<td>2,4 GHz:<\/td>\n<\/tr>\n<tr>\n<th>Protok\u00f3\u0142 Wi-Fi<\/th>\n<td>802.11 a\/b\/g\/n\/ac\/ax<\/td>\n<\/tr>\n<tr>\n<th>Cz\u0119stotliwo\u015b\u0107 robocza Wi-Fi<\/th>\n<td>2,4000-2,4835 GHz;<br \/>5,150-5,250 GHz;<br \/>5,725-5,850 GHz;<\/p>\n<p>*Dozwolona cz\u0119stotliwo\u015b\u0107 robocza zale\u017cy od pa\u0144stwa \/ regionu. Aby uzyska\u0107 wi\u0119cej informacji, sprawd\u017a lokalne przepisy prawne.<\/td>\n<\/tr>\n<tr>\n<th>Moc transmitera (EIRP) Wi-Fi<\/th>\n<td>2,4 GHz:<\/td>\n<\/tr>\n<tr>\n<th>Protok\u00f3\u0142 Bluetooth<\/th>\n<td>Bluetooth 5.2<\/td>\n<\/tr>\n<tr>\n<th>Cz\u0119stotliwo\u015b\u0107 robocza Bluetooth<\/th>\n<td>2,400-2,4835 GHz<\/td>\n<\/tr>\n<tr>\n<th>Moc transmitera (EIRP) Bluetooth<\/th>\n<td>&lt; 10 dBm<\/td>\n<\/tr>\n<tr>\n<th>Rozdzielczo\u015b\u0107<\/th>\n<td>1920\u00d71080<\/td>\n<\/tr>\n<tr>\n<th>Wymiary<\/th>\n<td>5.5 cala<\/td>\n<\/tr>\n<tr>\n<th>Licza klatek na sekund\u0119<\/th>\n<td>60FPS<\/td>\n<\/tr>\n<tr>\n<th>Jasno\u015b\u0107<\/th>\n<td>700 nit\u00f3w<\/td>\n<\/tr>\n<tr>\n<th>Obs\u0142uga dotykowa<\/th>\n<td>10-punktowy multi-touch<\/td>\n<\/tr>\n<tr>\n<th>Akumulator<\/th>\n<td>18650 Li-ion (6200 mAh, 3,6 V)<\/td>\n<\/tr>\n<tr>\n<th>Spos\u00f3b \u0142adowania<\/th>\n<td>Obs\u0142uguje szybkie \u0142adowanie do 9 V \/ 3 A.<\/td>\n<\/tr>\n<tr>\n<th>Czas \u0142adowania<\/th>\n<td>Ok. 1,5 h (z \u0142adowark\u0105 9 V \/ 3 A)<\/td>\n<\/tr>\n<tr>\n<th>Czas pracy<\/th>\n<td>Maks. 3 h<\/p>\n<p>*Przetestowano przy temperaturze 25\u00b0C, w \u015brodowisku laboratoryjnym, z aparatur\u0105 DJI RC 2 po\u0142\u0105czon\u0105 z dronem DJI Air 3, przy normalnym statusie \u0142adowania i podczas nagrywania filmu 1080p\/60FPS.<\/td>\n<\/tr>\n<tr>\n<th>Temperatura pracy<\/th>\n<td>Od -10\u00b0C do 40\u00b0C<\/td>\n<\/tr>\n<tr>\n<th>Temperatura przechowywania<\/th>\n<td>W ci\u0105gu jednego miesi\u0105ca: od -30\u00b0C do 60\u00b0C;<br \/>Od jednego do trzech miesi\u0119cy: od -30\u00b0C do 45\u00b0C;<br \/>Od trzech do sze\u015bciu miesi\u0119cy: od -30\u00b0C do 35\u00b0C;<br \/>Powy\u017cej sze\u015bciu miesi\u0119cy: od -30\u00b0C do 25\u00b0C;<\/td>\n<\/tr>\n<tr>\n<th>Temperatura \u0142adowania<\/th>\n<td>Od 5\u00b0C do 40\u00b0C<\/td>\n<\/tr>\n<tr>\n<th>Obs\u0142ugiwane modele dron\u00f3w<\/th>\n<td>DJI Air 3<\/p>\n<p>*W przysz\u0142o\u015bci aparatura b\u0119dzie kompatybilna z wi\u0119ksz\u0105 liczb\u0105 dron\u00f3w DJI. Najnowsze informacje znajdziesz na oficjalnej stronie internetowej DJI.<\/td>\n<\/tr>\n<tr>\n<th>GNSS<\/th>\n<td>GPS + BeiDou + Galileo<\/td>\n<\/tr>\n<tr>\n<th>Wymiary<\/th>\n<td>Bez dr\u0105\u017ck\u00f3w: 168,4 x 132,5 x 46,2 mm (D x S x W);<br \/>Z dr\u0105\u017ckami: 168,4 x 132,5 x 62,7 mm (D x S x W);<\/td>\n<\/tr>\n<tr>\n<th>Waga<\/th>\n<td>Ok. 420 g<\/td>\n<\/tr>\n<tr>\n<th>Model<\/th>\n<td>RC331<\/td>\n<\/tr>\n<tr>\n<th>Pami\u0119\u0107 wewn\u0119trzna<\/th>\n<td>32 GB + mo\u017cliwo\u015b\u0107 rozszerzenia pami\u0119ci (za pomoc\u0105 karty microSD)<\/p>\n<p>*Rzeczywista dost\u0119pna pami\u0119\u0107 wynosi oko\u0142o 21 GB.<\/td>\n<\/tr>\n<tr>\n<th>Obs\u0142ugiwane karty SD<\/th>\n<td>Karty microSD klasy UHS-I Grade 3 lub wy\u017cszej.<\/td>\n<\/tr>\n<tr>\n<th>Zalecane karty microSD<\/th>\n<td>SanDisk Extreme PRO 64GB V30 A2 microSDXC;<br \/>SanDisk High Endurance 64GB V30 microSDXC;<br \/>Lexar 256GB V30 A2 microSDXC;<br \/>Samsung EVO 64GB V30 microSDXC;<br \/>Samsung EVO Plus 128GB V30 microSDXC;<br \/>Samsung EVO Plus 256GB V30 microSDXC;<br \/>Kingston 256GB V30 microSDXC;<\/td>\n<\/tr>\n<\/tbody>\n<\/table>\n<\/div>\n","protected":false},"excerpt":{"rendered":"<p>Kontroler DJI RC 2 DJI RC 2 to lekka i prosta w obs\u0142udze aparatura steruj\u0105ca, kt\u00f3ra pozwoli Ci na p\u0142ynn\u0105<\/p>\n","protected":false},"featured_media":57180,"comment_status":"closed","ping_status":"open","template":"","meta":{"_acf_changed":false},"product_brand":[],"product_cat":[6167,6170,1088],"product_tag":[],"class_list":{"0":"post-57179","1":"product","2":"type-product","3":"status-publish","4":"has-post-thumbnail","6":"product_cat-akcesoria-do-dronow","7":"product_cat-dji-akcesoria-do-dronow","8":"product_cat-drony","9":"pa_okres-gwarancji-5757","10":"pa_producent-dji","12":"first","13":"outofstock","14":"taxable","15":"shipping-taxable","16":"purchasable","17":"product-type-simple"},"acf":[],"yoast_head":"<!-- This site is optimized with the Yoast SEO plugin v27.2 - https:\/\/yoast.com\/product\/yoast-seo-wordpress\/ -->\n<title>Kontroler DJI RC 2 - IRONSKY.PL Sklep z Dronami<\/title>\n<meta name=\"description\" content=\"Kontroler DJI RC 2 - \u2705 sklep z dronami i fachowym doradztwem. \u2705 Tutaj kupisz produkty DJI, Yuneec, Parrot, Syma i wiele innych, a tak\u017ce kursy i licencje na operatora drona.\" \/>\n<meta name=\"robots\" content=\"index, follow, max-snippet:-1, max-image-preview:large, max-video-preview:-1\" \/>\n<link rel=\"canonical\" href=\"https:\/\/ironsky.pl\/sklep\/produkt\/kontroler-dji-rc-2-2\/\" \/>\n<meta property=\"og:locale\" content=\"pl_PL\" \/>\n<meta property=\"og:type\" content=\"article\" \/>\n<meta property=\"og:title\" content=\"Kontroler DJI RC 2 - IRONSKY.PL Sklep z Dronami\" \/>\n<meta property=\"og:description\" content=\"Kontroler DJI RC 2 - \u2705 sklep z dronami i fachowym doradztwem. \u2705 Tutaj kupisz produkty DJI, Yuneec, Parrot, Syma i wiele innych, a tak\u017ce kursy i licencje na operatora drona.\" \/>\n<meta property=\"og:url\" content=\"https:\/\/ironsky.pl\/sklep\/produkt\/kontroler-dji-rc-2-2\/\" \/>\n<meta property=\"og:site_name\" content=\"IRONSKY.PL Sklep z Dronami\" \/>\n<meta property=\"article:modified_time\" content=\"2026-04-15T08:23:30+00:00\" \/>\n<meta property=\"og:image\" content=\"https:\/\/ironsky.pl\/sklep\/wp-content\/uploads\/2026\/04\/33262_2.jpg\" \/>\n\t<meta property=\"og:image:width\" content=\"800\" \/>\n\t<meta property=\"og:image:height\" content=\"800\" \/>\n\t<meta property=\"og:image:type\" content=\"image\/jpeg\" \/>\n<meta name=\"twitter:card\" content=\"summary_large_image\" \/>\n<meta name=\"twitter:label1\" content=\"Szacowany czas czytania\" \/>\n\t<meta name=\"twitter:data1\" content=\"3 minuty\" \/>\n<script type=\"application\/ld+json\" class=\"yoast-schema-graph\">{\"@context\":\"https:\/\/schema.org\",\"@graph\":[{\"@type\":\"WebPage\",\"@id\":\"https:\/\/ironsky.pl\/sklep\/produkt\/kontroler-dji-rc-2-2\/\",\"url\":\"https:\/\/ironsky.pl\/sklep\/produkt\/kontroler-dji-rc-2-2\/\",\"name\":\"Kontroler DJI RC 2 - IRONSKY.PL Sklep z Dronami\",\"isPartOf\":{\"@id\":\"https:\/\/ironsky.pl\/sklep\/#website\"},\"primaryImageOfPage\":{\"@id\":\"https:\/\/ironsky.pl\/sklep\/produkt\/kontroler-dji-rc-2-2\/#primaryimage\"},\"image\":{\"@id\":\"https:\/\/ironsky.pl\/sklep\/produkt\/kontroler-dji-rc-2-2\/#primaryimage\"},\"thumbnailUrl\":\"https:\/\/ironsky.pl\/sklep\/wp-content\/uploads\/2026\/04\/33262_2.jpg\",\"datePublished\":\"2026-04-15T08:23:24+00:00\",\"dateModified\":\"2026-04-15T08:23:30+00:00\",\"description\":\"Kontroler DJI RC 2 - \u2705 sklep z dronami i fachowym doradztwem. \u2705 Tutaj kupisz produkty DJI, Yuneec, Parrot, Syma i wiele innych, a tak\u017ce kursy i licencje na operatora drona.\",\"breadcrumb\":{\"@id\":\"https:\/\/ironsky.pl\/sklep\/produkt\/kontroler-dji-rc-2-2\/#breadcrumb\"},\"inLanguage\":\"pl-PL\",\"potentialAction\":[{\"@type\":\"ReadAction\",\"target\":[\"https:\/\/ironsky.pl\/sklep\/produkt\/kontroler-dji-rc-2-2\/\"]}]},{\"@type\":\"ImageObject\",\"inLanguage\":\"pl-PL\",\"@id\":\"https:\/\/ironsky.pl\/sklep\/produkt\/kontroler-dji-rc-2-2\/#primaryimage\",\"url\":\"https:\/\/ironsky.pl\/sklep\/wp-content\/uploads\/2026\/04\/33262_2.jpg\",\"contentUrl\":\"https:\/\/ironsky.pl\/sklep\/wp-content\/uploads\/2026\/04\/33262_2.jpg\",\"width\":800,\"height\":800},{\"@type\":\"BreadcrumbList\",\"@id\":\"https:\/\/ironsky.pl\/sklep\/produkt\/kontroler-dji-rc-2-2\/#breadcrumb\",\"itemListElement\":[{\"@type\":\"ListItem\",\"position\":1,\"name\":\"Strona g\u0142\u00f3wna\",\"item\":\"https:\/\/ironsky.pl\/sklep\/\"},{\"@type\":\"ListItem\",\"position\":2,\"name\":\"Wszystkie produkty\",\"item\":\"https:\/\/ironsky.pl\/sklep\/produkty\/\"},{\"@type\":\"ListItem\",\"position\":3,\"name\":\"Kontroler DJI RC 2\"}]},{\"@type\":\"WebSite\",\"@id\":\"https:\/\/ironsky.pl\/sklep\/#website\",\"url\":\"https:\/\/ironsky.pl\/sklep\/\",\"name\":\"IRONSKY.PL Sklep z Dronami\",\"description\":\"IRONSKY.PL Sklep z Dronami\",\"potentialAction\":[{\"@type\":\"SearchAction\",\"target\":{\"@type\":\"EntryPoint\",\"urlTemplate\":\"https:\/\/ironsky.pl\/sklep\/?s={search_term_string}\"},\"query-input\":{\"@type\":\"PropertyValueSpecification\",\"valueRequired\":true,\"valueName\":\"search_term_string\"}}],\"inLanguage\":\"pl-PL\"}]}<\/script>\n<!-- \/ Yoast SEO plugin. -->","yoast_head_json":{"title":"Kontroler DJI RC 2 - IRONSKY.PL Sklep z Dronami","description":"Kontroler DJI RC 2 - \u2705 sklep z dronami i fachowym doradztwem. \u2705 Tutaj kupisz produkty DJI, Yuneec, Parrot, Syma i wiele innych, a tak\u017ce kursy i licencje na operatora drona.","robots":{"index":"index","follow":"follow","max-snippet":"max-snippet:-1","max-image-preview":"max-image-preview:large","max-video-preview":"max-video-preview:-1"},"canonical":"https:\/\/ironsky.pl\/sklep\/produkt\/kontroler-dji-rc-2-2\/","og_locale":"pl_PL","og_type":"article","og_title":"Kontroler DJI RC 2 - IRONSKY.PL Sklep z Dronami","og_description":"Kontroler DJI RC 2 - \u2705 sklep z dronami i fachowym doradztwem. \u2705 Tutaj kupisz produkty DJI, Yuneec, Parrot, Syma i wiele innych, a tak\u017ce kursy i licencje na operatora drona.","og_url":"https:\/\/ironsky.pl\/sklep\/produkt\/kontroler-dji-rc-2-2\/","og_site_name":"IRONSKY.PL Sklep z Dronami","article_modified_time":"2026-04-15T08:23:30+00:00","og_image":[{"width":800,"height":800,"url":"https:\/\/ironsky.pl\/sklep\/wp-content\/uploads\/2026\/04\/33262_2.jpg","type":"image\/jpeg"}],"twitter_card":"summary_large_image","twitter_misc":{"Szacowany czas czytania":"3 minuty"},"schema":{"@context":"https:\/\/schema.org","@graph":[{"@type":"WebPage","@id":"https:\/\/ironsky.pl\/sklep\/produkt\/kontroler-dji-rc-2-2\/","url":"https:\/\/ironsky.pl\/sklep\/produkt\/kontroler-dji-rc-2-2\/","name":"Kontroler DJI RC 2 - IRONSKY.PL Sklep z Dronami","isPartOf":{"@id":"https:\/\/ironsky.pl\/sklep\/#website"},"primaryImageOfPage":{"@id":"https:\/\/ironsky.pl\/sklep\/produkt\/kontroler-dji-rc-2-2\/#primaryimage"},"image":{"@id":"https:\/\/ironsky.pl\/sklep\/produkt\/kontroler-dji-rc-2-2\/#primaryimage"},"thumbnailUrl":"https:\/\/ironsky.pl\/sklep\/wp-content\/uploads\/2026\/04\/33262_2.jpg","datePublished":"2026-04-15T08:23:24+00:00","dateModified":"2026-04-15T08:23:30+00:00","description":"Kontroler DJI RC 2 - \u2705 sklep z dronami i fachowym doradztwem. \u2705 Tutaj kupisz produkty DJI, Yuneec, Parrot, Syma i wiele innych, a tak\u017ce kursy i licencje na operatora drona.","breadcrumb":{"@id":"https:\/\/ironsky.pl\/sklep\/produkt\/kontroler-dji-rc-2-2\/#breadcrumb"},"inLanguage":"pl-PL","potentialAction":[{"@type":"ReadAction","target":["https:\/\/ironsky.pl\/sklep\/produkt\/kontroler-dji-rc-2-2\/"]}]},{"@type":"ImageObject","inLanguage":"pl-PL","@id":"https:\/\/ironsky.pl\/sklep\/produkt\/kontroler-dji-rc-2-2\/#primaryimage","url":"https:\/\/ironsky.pl\/sklep\/wp-content\/uploads\/2026\/04\/33262_2.jpg","contentUrl":"https:\/\/ironsky.pl\/sklep\/wp-content\/uploads\/2026\/04\/33262_2.jpg","width":800,"height":800},{"@type":"BreadcrumbList","@id":"https:\/\/ironsky.pl\/sklep\/produkt\/kontroler-dji-rc-2-2\/#breadcrumb","itemListElement":[{"@type":"ListItem","position":1,"name":"Strona g\u0142\u00f3wna","item":"https:\/\/ironsky.pl\/sklep\/"},{"@type":"ListItem","position":2,"name":"Wszystkie produkty","item":"https:\/\/ironsky.pl\/sklep\/produkty\/"},{"@type":"ListItem","position":3,"name":"Kontroler DJI RC 2"}]},{"@type":"WebSite","@id":"https:\/\/ironsky.pl\/sklep\/#website","url":"https:\/\/ironsky.pl\/sklep\/","name":"IRONSKY.PL Sklep z Dronami","description":"IRONSKY.PL Sklep z Dronami","potentialAction":[{"@type":"SearchAction","target":{"@type":"EntryPoint","urlTemplate":"https:\/\/ironsky.pl\/sklep\/?s={search_term_string}"},"query-input":{"@type":"PropertyValueSpecification","valueRequired":true,"valueName":"search_term_string"}}],"inLanguage":"pl-PL"}]}},"_links":{"self":[{"href":"https:\/\/ironsky.pl\/sklep\/wp-json\/wp\/v2\/product\/57179","targetHints":{"allow":["GET"]}}],"collection":[{"href":"https:\/\/ironsky.pl\/sklep\/wp-json\/wp\/v2\/product"}],"about":[{"href":"https:\/\/ironsky.pl\/sklep\/wp-json\/wp\/v2\/types\/product"}],"replies":[{"embeddable":true,"href":"https:\/\/ironsky.pl\/sklep\/wp-json\/wp\/v2\/comments?post=57179"}],"wp:featuredmedia":[{"embeddable":true,"href":"https:\/\/ironsky.pl\/sklep\/wp-json\/wp\/v2\/media\/57180"}],"wp:attachment":[{"href":"https:\/\/ironsky.pl\/sklep\/wp-json\/wp\/v2\/media?parent=57179"}],"wp:term":[{"taxonomy":"product_brand","embeddable":true,"href":"https:\/\/ironsky.pl\/sklep\/wp-json\/wp\/v2\/product_brand?post=57179"},{"taxonomy":"product_cat","embeddable":true,"href":"https:\/\/ironsky.pl\/sklep\/wp-json\/wp\/v2\/product_cat?post=57179"},{"taxonomy":"product_tag","embeddable":true,"href":"https:\/\/ironsky.pl\/sklep\/wp-json\/wp\/v2\/product_tag?post=57179"}],"curies":[{"name":"wp","href":"https:\/\/api.w.org\/{rel}","templated":true}]}}