{"id":57172,"date":"2026-04-15T10:23:24","date_gmt":"2026-04-15T08:23:24","guid":{"rendered":"https:\/\/ironsky.pl\/sklep\/produkt\/mini-wysiegnik-teleskopowy-dji-action-3-4-2\/"},"modified":"2026-04-15T10:23:27","modified_gmt":"2026-04-15T08:23:27","slug":"mini-wysiegnik-teleskopowy-dji-action-3-4-2","status":"publish","type":"product","link":"https:\/\/ironsky.pl\/sklep\/produkt\/mini-wysiegnik-teleskopowy-dji-action-3-4-2\/","title":{"rendered":"Mini wysi\u0119gnik teleskopowy DJI Action 3\/4"},"content":{"rendered":"<div id=\"Opisproduktu\" class=\"long-description\">\n<div class=\"long-description__description-wrapper\">\n<div class=\"description-item__wrapper-center\">\n<div class=\"description-item__body-center\">\n<div class=\"description-item__body-wrapper-center\">\n<div style=\"text-align: center;\" class=\"description-item__title\">Mini wysi\u0119gnik teleskopowy DJI Action<\/div>\n<div style=\"text-align: center;\" class=\"description-item__content\">\n<p>U\u0142atw sobie nagrywanie vlog\u00f3w, relacji z podr\u00f3\u017cy i innych materia\u0142\u00f3w wideo. Mini wysi\u0119gnik teleskopowy DJI Action umo\u017cliwia 4-stopniow\u0105 regulacj\u0119 d\u0142ugo\u015bci, mo\u017cesz wi\u0119c bez trudu dostosowa\u0107 go do swoich potrzeb. Ma r\u00f3wnie\u017c wbudowany statyw, kt\u00f3ry pozwoli Ci stabilnie ustawi\u0107 kamer\u0119 na wybranej powierzchni. Co wi\u0119cej, w g\u00f3rnej cz\u0119\u015bci akcesorium znajduje si\u0119 przegub kulowy, dzi\u0119ki czemu z \u0142atwo\u015bci\u0105 uzyskasz r\u00f3\u017cne k\u0105ty nagrywania. Wysi\u0119gnik DJI zapewnia te\u017c niezr\u00f3wnany komfort u\u017cytkowania, a po z\u0142o\u017ceniu jest na tyle niewielki, \u017ce jego przechowywanie czy transport nie sprawi Ci \u017cadnego problemu.<\/p>\n<\/div>\n<\/div>\n<\/div>\n<\/div>\n<div style=\"text-align: center;\" class=\"description-item\"><img decoding=\"async\" src=\"https:\/\/assets.innpro.pl\/1382\/1485\/6.jpg\" border=\"0\" alt=\"\" \/><\/div>\n<\/div>\n<div class=\"long-description__specification-wrapper\">\n<div id=\"Specyfikacja\" class=\"big_label --ops\" data-anchor-menu-name=\"Specyfikacja\">Specyfikacja<\/div>\n<div class=\"long-description__specification-menu\"><\/div>\n<div class=\"specification-boxes\" data-spec-name=\"\">\n<div class=\"specification-box\">\n<div class=\"table_container\">\n<div class=\"table1\">\n<table>\n<tbody>\n<tr>\n<th>Producent<\/th>\n<td>DJI<\/td>\n<\/tr>\n<tr>\n<th>Nazwa<\/th>\n<td>Osmo Action Mini Extension Rod<\/td>\n<\/tr>\n<tr>\n<th>Wymiary<\/th>\n<td>\u015arednica: 30,4 mm;<br \/>Wysoko\u015b\u0107 statywu: 139,5 mm;<br \/>D\u0142ugo\u015b\u0107 po roz\u0142o\u017ceniu: 429 mm;<\/td>\n<\/tr>\n<\/tbody>\n<\/table>\n<\/div>\n<div class=\"table2\">\n<table>\n<tbody>\n<tr>\n<th>Waga<\/th>\n<td>110,3 g<\/td>\n<\/tr>\n<tr>\n<th>Kompatybilno\u015b\u0107<\/th>\n<td>DJI Osmo Action 4, DJI Osmo Action 3<\/td>\n<\/tr>\n<\/tbody>\n<\/table>\n<\/div>\n<\/div>\n<\/div>\n<\/div>\n<\/div>\n<\/div>\n","protected":false},"excerpt":{"rendered":"<p>Mini wysi\u0119gnik teleskopowy DJI Action U\u0142atw sobie nagrywanie vlog\u00f3w, relacji z podr\u00f3\u017cy i innych materia\u0142\u00f3w wideo. Mini wysi\u0119gnik teleskopowy DJI<\/p>\n","protected":false},"featured_media":57173,"comment_status":"closed","ping_status":"open","template":"","meta":{"_acf_changed":false},"product_brand":[],"product_cat":[1130,1137,1128],"product_tag":[],"class_list":{"0":"post-57172","1":"product","2":"type-product","3":"status-publish","4":"has-post-thumbnail","6":"product_cat-akcesoria-foto","7":"product_cat-do-kamer-sportowych","8":"product_cat-foto-wideo","9":"pa_okres-gwarancji-5754","10":"pa_producent-dji","12":"first","13":"instock","14":"taxable","15":"shipping-taxable","16":"purchasable","17":"product-type-simple"},"acf":[],"yoast_head":"<!-- This site is optimized with the Yoast SEO plugin v27.2 - https:\/\/yoast.com\/product\/yoast-seo-wordpress\/ -->\n<title>Mini wysi\u0119gnik teleskopowy DJI Action 3\/4 - IRONSKY.PL Sklep z Dronami<\/title>\n<meta name=\"description\" content=\"Mini wysi\u0119gnik teleskopowy DJI Action 3\/4 - \u2705 sklep z dronami i fachowym doradztwem. \u2705 Tutaj kupisz produkty DJI, Yuneec, Parrot, Syma i wiele innych, a tak\u017ce kursy i licencje na operatora drona.\" \/>\n<meta name=\"robots\" content=\"index, follow, max-snippet:-1, max-image-preview:large, max-video-preview:-1\" \/>\n<link rel=\"canonical\" href=\"https:\/\/ironsky.pl\/sklep\/produkt\/mini-wysiegnik-teleskopowy-dji-action-3-4-2\/\" \/>\n<meta property=\"og:locale\" content=\"pl_PL\" \/>\n<meta property=\"og:type\" content=\"article\" \/>\n<meta property=\"og:title\" content=\"Mini wysi\u0119gnik teleskopowy DJI Action 3\/4 - IRONSKY.PL Sklep z Dronami\" \/>\n<meta property=\"og:description\" content=\"Mini wysi\u0119gnik teleskopowy DJI Action 3\/4 - \u2705 sklep z dronami i fachowym doradztwem. \u2705 Tutaj kupisz produkty DJI, Yuneec, Parrot, Syma i wiele innych, a tak\u017ce kursy i licencje na operatora drona.\" \/>\n<meta property=\"og:url\" content=\"https:\/\/ironsky.pl\/sklep\/produkt\/mini-wysiegnik-teleskopowy-dji-action-3-4-2\/\" \/>\n<meta property=\"og:site_name\" content=\"IRONSKY.PL Sklep z Dronami\" \/>\n<meta property=\"article:modified_time\" content=\"2026-04-15T08:23:27+00:00\" \/>\n<meta property=\"og:image\" content=\"https:\/\/ironsky.pl\/sklep\/wp-content\/uploads\/2026\/04\/33260_3.jpg\" \/>\n\t<meta property=\"og:image:width\" content=\"800\" \/>\n\t<meta property=\"og:image:height\" content=\"800\" \/>\n\t<meta property=\"og:image:type\" content=\"image\/jpeg\" \/>\n<meta name=\"twitter:card\" content=\"summary_large_image\" \/>\n<meta name=\"twitter:label1\" content=\"Szacowany czas czytania\" \/>\n\t<meta name=\"twitter:data1\" content=\"1 minuta\" \/>\n<script type=\"application\/ld+json\" class=\"yoast-schema-graph\">{\"@context\":\"https:\/\/schema.org\",\"@graph\":[{\"@type\":\"WebPage\",\"@id\":\"https:\/\/ironsky.pl\/sklep\/produkt\/mini-wysiegnik-teleskopowy-dji-action-3-4-2\/\",\"url\":\"https:\/\/ironsky.pl\/sklep\/produkt\/mini-wysiegnik-teleskopowy-dji-action-3-4-2\/\",\"name\":\"Mini wysi\u0119gnik teleskopowy DJI Action 3\/4 - IRONSKY.PL Sklep z Dronami\",\"isPartOf\":{\"@id\":\"https:\/\/ironsky.pl\/sklep\/#website\"},\"primaryImageOfPage\":{\"@id\":\"https:\/\/ironsky.pl\/sklep\/produkt\/mini-wysiegnik-teleskopowy-dji-action-3-4-2\/#primaryimage\"},\"image\":{\"@id\":\"https:\/\/ironsky.pl\/sklep\/produkt\/mini-wysiegnik-teleskopowy-dji-action-3-4-2\/#primaryimage\"},\"thumbnailUrl\":\"https:\/\/ironsky.pl\/sklep\/wp-content\/uploads\/2026\/04\/33260_3.jpg\",\"datePublished\":\"2026-04-15T08:23:24+00:00\",\"dateModified\":\"2026-04-15T08:23:27+00:00\",\"description\":\"Mini wysi\u0119gnik teleskopowy DJI Action 3\/4 - \u2705 sklep z dronami i fachowym doradztwem. \u2705 Tutaj kupisz produkty DJI, Yuneec, Parrot, Syma i wiele innych, a tak\u017ce kursy i licencje na operatora drona.\",\"breadcrumb\":{\"@id\":\"https:\/\/ironsky.pl\/sklep\/produkt\/mini-wysiegnik-teleskopowy-dji-action-3-4-2\/#breadcrumb\"},\"inLanguage\":\"pl-PL\",\"potentialAction\":[{\"@type\":\"ReadAction\",\"target\":[\"https:\/\/ironsky.pl\/sklep\/produkt\/mini-wysiegnik-teleskopowy-dji-action-3-4-2\/\"]}]},{\"@type\":\"ImageObject\",\"inLanguage\":\"pl-PL\",\"@id\":\"https:\/\/ironsky.pl\/sklep\/produkt\/mini-wysiegnik-teleskopowy-dji-action-3-4-2\/#primaryimage\",\"url\":\"https:\/\/ironsky.pl\/sklep\/wp-content\/uploads\/2026\/04\/33260_3.jpg\",\"contentUrl\":\"https:\/\/ironsky.pl\/sklep\/wp-content\/uploads\/2026\/04\/33260_3.jpg\",\"width\":800,\"height\":800},{\"@type\":\"BreadcrumbList\",\"@id\":\"https:\/\/ironsky.pl\/sklep\/produkt\/mini-wysiegnik-teleskopowy-dji-action-3-4-2\/#breadcrumb\",\"itemListElement\":[{\"@type\":\"ListItem\",\"position\":1,\"name\":\"Strona g\u0142\u00f3wna\",\"item\":\"https:\/\/ironsky.pl\/sklep\/\"},{\"@type\":\"ListItem\",\"position\":2,\"name\":\"Wszystkie produkty\",\"item\":\"https:\/\/ironsky.pl\/sklep\/produkty\/\"},{\"@type\":\"ListItem\",\"position\":3,\"name\":\"Mini wysi\u0119gnik teleskopowy DJI Action 3\/4\"}]},{\"@type\":\"WebSite\",\"@id\":\"https:\/\/ironsky.pl\/sklep\/#website\",\"url\":\"https:\/\/ironsky.pl\/sklep\/\",\"name\":\"IRONSKY.PL Sklep z Dronami\",\"description\":\"IRONSKY.PL Sklep z Dronami\",\"potentialAction\":[{\"@type\":\"SearchAction\",\"target\":{\"@type\":\"EntryPoint\",\"urlTemplate\":\"https:\/\/ironsky.pl\/sklep\/?s={search_term_string}\"},\"query-input\":{\"@type\":\"PropertyValueSpecification\",\"valueRequired\":true,\"valueName\":\"search_term_string\"}}],\"inLanguage\":\"pl-PL\"}]}<\/script>\n<!-- \/ Yoast SEO plugin. -->","yoast_head_json":{"title":"Mini wysi\u0119gnik teleskopowy DJI Action 3\/4 - IRONSKY.PL Sklep z Dronami","description":"Mini wysi\u0119gnik teleskopowy DJI Action 3\/4 - \u2705 sklep z dronami i fachowym doradztwem. \u2705 Tutaj kupisz produkty DJI, Yuneec, Parrot, Syma i wiele innych, a tak\u017ce kursy i licencje na operatora drona.","robots":{"index":"index","follow":"follow","max-snippet":"max-snippet:-1","max-image-preview":"max-image-preview:large","max-video-preview":"max-video-preview:-1"},"canonical":"https:\/\/ironsky.pl\/sklep\/produkt\/mini-wysiegnik-teleskopowy-dji-action-3-4-2\/","og_locale":"pl_PL","og_type":"article","og_title":"Mini wysi\u0119gnik teleskopowy DJI Action 3\/4 - IRONSKY.PL Sklep z Dronami","og_description":"Mini wysi\u0119gnik teleskopowy DJI Action 3\/4 - \u2705 sklep z dronami i fachowym doradztwem. \u2705 Tutaj kupisz produkty DJI, Yuneec, Parrot, Syma i wiele innych, a tak\u017ce kursy i licencje na operatora drona.","og_url":"https:\/\/ironsky.pl\/sklep\/produkt\/mini-wysiegnik-teleskopowy-dji-action-3-4-2\/","og_site_name":"IRONSKY.PL Sklep z Dronami","article_modified_time":"2026-04-15T08:23:27+00:00","og_image":[{"width":800,"height":800,"url":"https:\/\/ironsky.pl\/sklep\/wp-content\/uploads\/2026\/04\/33260_3.jpg","type":"image\/jpeg"}],"twitter_card":"summary_large_image","twitter_misc":{"Szacowany czas czytania":"1 minuta"},"schema":{"@context":"https:\/\/schema.org","@graph":[{"@type":"WebPage","@id":"https:\/\/ironsky.pl\/sklep\/produkt\/mini-wysiegnik-teleskopowy-dji-action-3-4-2\/","url":"https:\/\/ironsky.pl\/sklep\/produkt\/mini-wysiegnik-teleskopowy-dji-action-3-4-2\/","name":"Mini wysi\u0119gnik teleskopowy DJI Action 3\/4 - IRONSKY.PL Sklep z Dronami","isPartOf":{"@id":"https:\/\/ironsky.pl\/sklep\/#website"},"primaryImageOfPage":{"@id":"https:\/\/ironsky.pl\/sklep\/produkt\/mini-wysiegnik-teleskopowy-dji-action-3-4-2\/#primaryimage"},"image":{"@id":"https:\/\/ironsky.pl\/sklep\/produkt\/mini-wysiegnik-teleskopowy-dji-action-3-4-2\/#primaryimage"},"thumbnailUrl":"https:\/\/ironsky.pl\/sklep\/wp-content\/uploads\/2026\/04\/33260_3.jpg","datePublished":"2026-04-15T08:23:24+00:00","dateModified":"2026-04-15T08:23:27+00:00","description":"Mini wysi\u0119gnik teleskopowy DJI Action 3\/4 - \u2705 sklep z dronami i fachowym doradztwem. \u2705 Tutaj kupisz produkty DJI, Yuneec, Parrot, Syma i wiele innych, a tak\u017ce kursy i licencje na operatora drona.","breadcrumb":{"@id":"https:\/\/ironsky.pl\/sklep\/produkt\/mini-wysiegnik-teleskopowy-dji-action-3-4-2\/#breadcrumb"},"inLanguage":"pl-PL","potentialAction":[{"@type":"ReadAction","target":["https:\/\/ironsky.pl\/sklep\/produkt\/mini-wysiegnik-teleskopowy-dji-action-3-4-2\/"]}]},{"@type":"ImageObject","inLanguage":"pl-PL","@id":"https:\/\/ironsky.pl\/sklep\/produkt\/mini-wysiegnik-teleskopowy-dji-action-3-4-2\/#primaryimage","url":"https:\/\/ironsky.pl\/sklep\/wp-content\/uploads\/2026\/04\/33260_3.jpg","contentUrl":"https:\/\/ironsky.pl\/sklep\/wp-content\/uploads\/2026\/04\/33260_3.jpg","width":800,"height":800},{"@type":"BreadcrumbList","@id":"https:\/\/ironsky.pl\/sklep\/produkt\/mini-wysiegnik-teleskopowy-dji-action-3-4-2\/#breadcrumb","itemListElement":[{"@type":"ListItem","position":1,"name":"Strona g\u0142\u00f3wna","item":"https:\/\/ironsky.pl\/sklep\/"},{"@type":"ListItem","position":2,"name":"Wszystkie produkty","item":"https:\/\/ironsky.pl\/sklep\/produkty\/"},{"@type":"ListItem","position":3,"name":"Mini wysi\u0119gnik teleskopowy DJI Action 3\/4"}]},{"@type":"WebSite","@id":"https:\/\/ironsky.pl\/sklep\/#website","url":"https:\/\/ironsky.pl\/sklep\/","name":"IRONSKY.PL Sklep z Dronami","description":"IRONSKY.PL Sklep z Dronami","potentialAction":[{"@type":"SearchAction","target":{"@type":"EntryPoint","urlTemplate":"https:\/\/ironsky.pl\/sklep\/?s={search_term_string}"},"query-input":{"@type":"PropertyValueSpecification","valueRequired":true,"valueName":"search_term_string"}}],"inLanguage":"pl-PL"}]}},"_links":{"self":[{"href":"https:\/\/ironsky.pl\/sklep\/wp-json\/wp\/v2\/product\/57172","targetHints":{"allow":["GET"]}}],"collection":[{"href":"https:\/\/ironsky.pl\/sklep\/wp-json\/wp\/v2\/product"}],"about":[{"href":"https:\/\/ironsky.pl\/sklep\/wp-json\/wp\/v2\/types\/product"}],"replies":[{"embeddable":true,"href":"https:\/\/ironsky.pl\/sklep\/wp-json\/wp\/v2\/comments?post=57172"}],"wp:featuredmedia":[{"embeddable":true,"href":"https:\/\/ironsky.pl\/sklep\/wp-json\/wp\/v2\/media\/57173"}],"wp:attachment":[{"href":"https:\/\/ironsky.pl\/sklep\/wp-json\/wp\/v2\/media?parent=57172"}],"wp:term":[{"taxonomy":"product_brand","embeddable":true,"href":"https:\/\/ironsky.pl\/sklep\/wp-json\/wp\/v2\/product_brand?post=57172"},{"taxonomy":"product_cat","embeddable":true,"href":"https:\/\/ironsky.pl\/sklep\/wp-json\/wp\/v2\/product_cat?post=57172"},{"taxonomy":"product_tag","embeddable":true,"href":"https:\/\/ironsky.pl\/sklep\/wp-json\/wp\/v2\/product_tag?post=57172"}],"curies":[{"name":"wp","href":"https:\/\/api.w.org\/{rel}","templated":true}]}}