{"id":57165,"date":"2026-04-15T10:22:40","date_gmt":"2026-04-15T08:22:40","guid":{"rendered":"https:\/\/ironsky.pl\/sklep\/produkt\/ladowarka-skyrc-d200neo-2-kanalowa\/"},"modified":"2026-04-15T10:23:22","modified_gmt":"2026-04-15T08:23:22","slug":"ladowarka-skyrc-d200neo-2-kanalowa","status":"publish","type":"product","link":"https:\/\/ironsky.pl\/sklep\/produkt\/ladowarka-skyrc-d200neo-2-kanalowa\/","title":{"rendered":"\u0141adowarka SKYRC D200neo 2-kana\u0142owa"},"content":{"rendered":"<h3>\u0141adowarka SkyRC D200neo<\/h3>\n<p>Zapoznaj si\u0119 z D200neo &#8211; urz\u0105dzeniem, kt\u00f3re zapewnia b\u0142yskawiczne \u0142adowanie z pr\u0105dem do 35A. Zosta\u0142o zaprojektowane z my\u015bl\u0105 o oszcz\u0119dno\u015bci czasu u\u017cytkownik\u00f3w, poniewa\u017c zawsze jest gotowe do dzia\u0142ania. To zaawansowane urz\u0105dzenie jest komfortowe w u\u017cytkowaniu, dzi\u0119ki wbudowanemu, kolorowemu wy\u015bwietlaczowi. Ponadto, inteligentnie i dynamicznie dystrybuuje moc \u0142adowania. D200neo obs\u0142uguje r\u00f3wnie\u017c USB-C 3.0 Power Delivery (PD), umo\u017cliwiaj\u0105c szybsze i wydajniejsze \u0142adowanie.<\/p>\n<p><img decoding=\"async\" src=\"https:\/\/b2b.innpro.pl\/data\/include\/cms\/SkyRC\/SK-100196\/4.jpg\" alt=\"SkyRC\/SK-100196\/4\"><\/p>\n<h3>Szybkie i inteligentne \u0142adowanie<\/h3>\n<p>D200neo zapewnia dwuportowe \u0142adowanie r\u00f3wnoleg\u0142e z b\u0142yskawicznym pr\u0105dem \u0142adowania do 35A. Zosta\u0142 zaprojektowany, aby maksymalnie zaoszcz\u0119dzi\u0107 Tw\u00f3j czas. Urz\u0105dzenie to jest zawsze gotowe do dzia\u0142ania! Dzi\u0119ki innowacyjnemu po\u0142\u0105czeniu oprogramowania i MCU D200neo zapewnia super\u0142adowanie. Ponadto inteligentnie i dynamicznie dystrybuuje moc \u0142adowania, gdy oba porty dzia\u0142aj\u0105 jednocze\u015bnie. Gdy jest aktywny tylko jeden port, D200neo skieruje ca\u0142\u0105 swoj\u0105 moc do tego jednego portu, gwarantuj\u0105c optymalne i szybkie \u0142adowanie. Dodatkowo obs\u0142uguje tak\u017ce USB-C 3.0 Power Delivery (PD), co umo\u017cliwia jeszcze szybsze i wydajniejsze \u0142adowanie.<\/p>\n<p><img decoding=\"async\" src=\"https:\/\/b2b.innpro.pl\/data\/include\/cms\/SkyRC\/SK-100196\/8.jpg\" alt=\"SkyRC\/SK-100196\/8\"><\/p>\n<h3>Wi\u0119cej mo\u017cliwo\u015bci<\/h3>\n<p>Urz\u0105dzenie SkyRC zosta\u0142o wyposa\u017cone w podw\u00f3jne porty, kt\u00f3re dzia\u0142aj\u0105 niezale\u017cnie, zapewniaj\u0105c efektywne i r\u00f3wnoczesne \u0142adowanie dw\u00f3ch akumulator\u00f3w. Co wi\u0119cej, D200neo oferuje elastyczno\u015b\u0107 wyboru mi\u0119dzy wej\u015bciem AC i DC, dostosowuj\u0105c si\u0119 do r\u00f3\u017cnych scenariuszy. W trybie AC zapewnia on moc \u0142adowania do 200W, podczas gdy w trybie DC, wydajno\u015b\u0107 ro\u015bnie nawet do 800W. Dodatkowo mo\u017cesz wybiera\u0107 \u0142adowanie pr\u0105dem sta\u0142ym o mocy 800W dla najwi\u0119kszej wydajno\u015bci, lub skorzysta\u0107 z \u0142adowania pr\u0105dem zmiennym o mocy 200W, aby dostosowa\u0107 jego dzia\u0142anie do swoich specyficznych potrzeb. D200neo to absolutna rewolucja w \u015bwiecie \u0142adowarek RC.<\/p>\n<p><img decoding=\"async\" src=\"https:\/\/b2b.innpro.pl\/data\/include\/cms\/SkyRC\/SK-100196\/7.jpg\" alt=\"SkyRC\/SK-100196\/7\"><\/p>\n<h3>Profesjonalna \u0142adowarka<\/h3>\n<p>D200neo to nie tylko profesjonalna \u0142adowarka, ale tak\u017ce wysokiej jako\u015bci cyfrowy zasilacz. Za jednym klikni\u0119ciem menu, D200neo jest gotowy do dzia\u0142ania, oferuj\u0105c optymalne napi\u0119cie w zakresie 5-27V z przyrostem co 0,1V oraz regulowanym pr\u0105dem od 1 do 15A. Dodatkowe zabezpieczenia przed zwarciem, przeci\u0105\u017ceniem i odwrotn\u0105 polaryzacj\u0105 zapewniaj\u0105 bezpiecze\u0144stwo i spok\u00f3j umys\u0142u podczas u\u017cytkowania. Co wi\u0119cej, D200neo jest wyposa\u017cony w mikrokontroler ARM o cz\u0119stotliwo\u015bci 200 MHz, kt\u00f3ry dzi\u0119ki zastosowanej technologii nadpr\u00f3bkowania jest w stanie zwi\u0119kszy\u0107 rozdzielczo\u015b\u0107 przetwornika ADC do 16 bit\u00f3w. Wydajny mechanizm PID precyzyjnie dostosowuje pr\u0105d, zapewniaj\u0105c szybko\u015b\u0107 reakcji i dok\u0142adno\u015b\u0107 pr\u0105du \u0142adowania, kt\u00f3re s\u0105 nieosi\u0105galne dla wi\u0119kszo\u015bci standardowych urz\u0105dze\u0144 na rynku.<\/p>\n<p><img decoding=\"async\" src=\"https:\/\/b2b.innpro.pl\/data\/include\/cms\/SkyRC\/SK-100196\/9.jpg\" alt=\"SkyRC\/SK-100196\/9\"><\/p>\n<h3>Wszystkie informacje na wyci\u0105gni\u0119cie r\u0119ki <\/h3>\n<p>SkyRC posiada wbudowany wy\u015bwietlacz z interfejsem ColorX, kt\u00f3ry sprawia, \u017ce prezentowane informacje s\u0105 kolorowe, co znacznie u\u0142atwia obs\u0142ug\u0119 urz\u0105dzenia. Podczas pracy z BD350, \u0142adowarka D200neo mo\u017ce korzysta\u0107 z dostosowanej \u0142adowarki SkyRC Charger Master, umo\u017cliwiaj\u0105cej wy\u015bwietlanie lub eksportowanie krzywej roz\u0142adowania baterii w czasie rzeczywistym. Dzi\u0119ki temu mo\u017cliwe jest por\u00f3wnanie i analiza krzywych roz\u0142adowania r\u00f3\u017cnych akumulator\u00f3w, co pozwala na precyzyjne wykrycie uszkodzonych baterii. UWAGA: BD350 oraz SkyRC Charger Master nie s\u0105 cz\u0119\u015bci\u0105 zestawu.<\/p>\n<p><img decoding=\"async\" src=\"https:\/\/b2b.innpro.pl\/data\/include\/cms\/SkyRC\/SK-100196\/5.jpg\" alt=\"SkyRC\/SK-100196\/5\"><\/p>\n<h3>Przemy\u015blana konstrukcja <\/h3>\n<p>Dzi\u0119ki uniwersalnemu obwodowi napi\u0119cia wej\u015bciowego urz\u0105dzenie SkyRC mo\u017cesz bez obaw zabra\u0107 ze sob\u0105 w ka\u017cd\u0105 podr\u00f3\u017c, niezale\u017cnie od tego, gdzie si\u0119 wybierasz! Ponadto produkt ten zosta\u0142 zaprojektowany i zatwierdzany tak, aby spe\u0142nia\u0142 globalne standardy dotycz\u0105ce bezpiecze\u0144stwa, kompatybilno\u015bci elektromagnetycznej oraz innych obowi\u0105zkowych wymog\u00f3w regulacyjnych. Z SkyRC zawsze jeste\u015b gotowy do podr\u00f3\u017cy!<\/p>\n<p><img decoding=\"async\" src=\"https:\/\/b2b.innpro.pl\/data\/include\/cms\/SkyRC\/SK-100196\/1.jpg\" alt=\"SkyRC\/SK-100196\/1\"><\/p>\n<h3>\u0141atwe sterowanie<\/h3>\n<p>D200neo, pod\u0142\u0105czony do komputera PC lub Mac za po\u015brednictwem USB-C, pozwala na monitorowanie i sterowanie za pomoc\u0105 aplikacji SkyRC Charger Master. Mo\u017cna r\u00f3wnie\u017c aktualizowa\u0107 \u0142adowark\u0119 jak OTA i synchronizowa\u0107 najnowsze oprogramowanie w czasie rzeczywistym z dedykowan\u0105 chmur\u0105. Dane dotycz\u0105ce \u0142adowania i roz\u0142adowywania mog\u0105 by\u0107 analizowane i wy\u015bwietlane na wykresie. Interfejs jest aktualnie dost\u0119pny w j\u0119zykach: angielskim, holenderskim, chi\u0144skim, francuskim i japo\u0144skim. U\u017cytkownicy mog\u0105 \u0142atwo zmieni\u0107 go za pomoc\u0105 prostych klikni\u0119\u0107, dzi\u0119ki czemu u\u017cytkowanie SkyRC jest jeszcze bardziej komfortowe.<\/p>\n<p><img decoding=\"async\" src=\"https:\/\/b2b.innpro.pl\/data\/include\/cms\/SkyRC\/SK-100196\/3.jpg\" alt=\"SkyRC\/SK-100196\/3\"><\/p>\n<div class=\"table-wrapper\">\n<table>\n<tbody>\n<tr>\n<th>Producent <\/th>\n<td>SkyRC<\/td>\n<\/tr>\n<tr>\n<th>Model <\/th>\n<td>SK-100196<\/td>\n<\/tr>\n<tr>\n<th>Wymiary <\/th>\n<td>116 \u00d7 110 \u00d7 79 mm<\/td>\n<\/tr>\n<tr>\n<th>Materia\u0142 <\/th>\n<td>Tworzywo sztuczne <\/td>\n<\/tr>\n<tr>\n<th>Waga <\/th>\n<td>602 g<\/td>\n<\/tr>\n<tr>\n<th>Typ wy\u015bwietlacza <\/th>\n<td>TN<\/td>\n<\/tr>\n<tr>\n<th>Rozmiar wy\u015bwietlacza <\/th>\n<td>2,8-cala <\/td>\n<\/tr>\n<tr>\n<th>Rozdzielczo\u015b\u0107 <\/th>\n<td>240 x RGB x 320 pikseli<\/td>\n<\/tr>\n<tr>\n<th>Liczba kolor\u00f3w <\/th>\n<td>262 tys. <\/td>\n<\/tr>\n<tr>\n<th>Napi\u0119cie wej\u015bciowe DC<\/th>\n<td>10-30 V<\/td>\n<\/tr>\n<tr>\n<th>Napi\u0119cie wej\u015bciowe AC<\/th>\n<td>100-240 V<\/td>\n<\/tr>\n<tr>\n<th>Moc \u0142adowania<\/th>\n<td>AC: 100 W MAKS. * 2; DC: 400 W MAKS. * 2<\/td>\n<\/tr>\n<tr>\n<th>Port QC3.0<\/th>\n<td>5V\u23933A, 9V\u23932A, 12V\u23931,5A 18W<\/td>\n<\/tr>\n<tr>\n<th>Port PD<\/th>\n<td>5V\u23933A, 9V\u23932,2A, 12V\u23931,67A 20W<\/td>\n<\/tr>\n<\/tbody>\n<\/table>\n<\/div>\n","protected":false},"excerpt":{"rendered":"<p>\u0141adowarka SkyRC D200neo Zapoznaj si\u0119 z D200neo &#8211; urz\u0105dzeniem, kt\u00f3re zapewnia b\u0142yskawiczne \u0142adowanie z pr\u0105dem do 35A. Zosta\u0142o zaprojektowane z<\/p>\n","protected":false},"featured_media":57166,"comment_status":"closed","ping_status":"open","template":"","meta":{"_acf_changed":false},"product_brand":[],"product_cat":[1173,1174,1169],"product_tag":[],"class_list":{"0":"post-57165","1":"product","2":"type-product","3":"status-publish","4":"has-post-thumbnail","6":"product_cat-ladowanie","7":"product_cat-ladowarki","8":"product_cat-modele-rc","9":"pa_okres-gwarancji-5754","10":"pa_producent-skyrc","12":"first","13":"outofstock","14":"taxable","15":"shipping-taxable","16":"purchasable","17":"product-type-simple"},"acf":[],"yoast_head":"<!-- This site is optimized with the Yoast SEO plugin v27.2 - https:\/\/yoast.com\/product\/yoast-seo-wordpress\/ -->\n<title>\u0141adowarka SKYRC D200neo 2-kana\u0142owa - IRONSKY.PL Sklep z Dronami<\/title>\n<meta name=\"description\" content=\"\u0141adowarka SKYRC D200neo 2-kana\u0142owa - \u2705 sklep z dronami i fachowym doradztwem. \u2705 Tutaj kupisz produkty DJI, Yuneec, Parrot, Syma i wiele innych, a tak\u017ce kursy i licencje na operatora drona.\" \/>\n<meta name=\"robots\" content=\"index, follow, max-snippet:-1, max-image-preview:large, max-video-preview:-1\" \/>\n<link rel=\"canonical\" href=\"https:\/\/ironsky.pl\/sklep\/produkt\/ladowarka-skyrc-d200neo-2-kanalowa\/\" \/>\n<meta property=\"og:locale\" content=\"pl_PL\" \/>\n<meta property=\"og:type\" content=\"article\" \/>\n<meta property=\"og:title\" content=\"\u0141adowarka SKYRC D200neo 2-kana\u0142owa - IRONSKY.PL Sklep z Dronami\" \/>\n<meta property=\"og:description\" content=\"\u0141adowarka SKYRC D200neo 2-kana\u0142owa - \u2705 sklep z dronami i fachowym doradztwem. \u2705 Tutaj kupisz produkty DJI, Yuneec, Parrot, Syma i wiele innych, a tak\u017ce kursy i licencje na operatora drona.\" \/>\n<meta property=\"og:url\" content=\"https:\/\/ironsky.pl\/sklep\/produkt\/ladowarka-skyrc-d200neo-2-kanalowa\/\" \/>\n<meta property=\"og:site_name\" content=\"IRONSKY.PL Sklep z Dronami\" \/>\n<meta property=\"article:modified_time\" content=\"2026-04-15T08:23:22+00:00\" \/>\n<meta property=\"og:image\" content=\"https:\/\/ironsky.pl\/sklep\/wp-content\/uploads\/2026\/04\/33229_2.jpg\" \/>\n\t<meta property=\"og:image:width\" content=\"800\" \/>\n\t<meta property=\"og:image:height\" content=\"800\" \/>\n\t<meta property=\"og:image:type\" content=\"image\/jpeg\" \/>\n<meta name=\"twitter:card\" content=\"summary_large_image\" \/>\n<meta name=\"twitter:label1\" content=\"Szacowany czas czytania\" \/>\n\t<meta name=\"twitter:data1\" content=\"4 minuty\" \/>\n<script type=\"application\/ld+json\" class=\"yoast-schema-graph\">{\"@context\":\"https:\/\/schema.org\",\"@graph\":[{\"@type\":\"WebPage\",\"@id\":\"https:\/\/ironsky.pl\/sklep\/produkt\/ladowarka-skyrc-d200neo-2-kanalowa\/\",\"url\":\"https:\/\/ironsky.pl\/sklep\/produkt\/ladowarka-skyrc-d200neo-2-kanalowa\/\",\"name\":\"\u0141adowarka SKYRC D200neo 2-kana\u0142owa - IRONSKY.PL Sklep z Dronami\",\"isPartOf\":{\"@id\":\"https:\/\/ironsky.pl\/sklep\/#website\"},\"primaryImageOfPage\":{\"@id\":\"https:\/\/ironsky.pl\/sklep\/produkt\/ladowarka-skyrc-d200neo-2-kanalowa\/#primaryimage\"},\"image\":{\"@id\":\"https:\/\/ironsky.pl\/sklep\/produkt\/ladowarka-skyrc-d200neo-2-kanalowa\/#primaryimage\"},\"thumbnailUrl\":\"https:\/\/ironsky.pl\/sklep\/wp-content\/uploads\/2026\/04\/33229_2.jpg\",\"datePublished\":\"2026-04-15T08:22:40+00:00\",\"dateModified\":\"2026-04-15T08:23:22+00:00\",\"description\":\"\u0141adowarka SKYRC D200neo 2-kana\u0142owa - \u2705 sklep z dronami i fachowym doradztwem. \u2705 Tutaj kupisz produkty DJI, Yuneec, Parrot, Syma i wiele innych, a tak\u017ce kursy i licencje na operatora drona.\",\"breadcrumb\":{\"@id\":\"https:\/\/ironsky.pl\/sklep\/produkt\/ladowarka-skyrc-d200neo-2-kanalowa\/#breadcrumb\"},\"inLanguage\":\"pl-PL\",\"potentialAction\":[{\"@type\":\"ReadAction\",\"target\":[\"https:\/\/ironsky.pl\/sklep\/produkt\/ladowarka-skyrc-d200neo-2-kanalowa\/\"]}]},{\"@type\":\"ImageObject\",\"inLanguage\":\"pl-PL\",\"@id\":\"https:\/\/ironsky.pl\/sklep\/produkt\/ladowarka-skyrc-d200neo-2-kanalowa\/#primaryimage\",\"url\":\"https:\/\/ironsky.pl\/sklep\/wp-content\/uploads\/2026\/04\/33229_2.jpg\",\"contentUrl\":\"https:\/\/ironsky.pl\/sklep\/wp-content\/uploads\/2026\/04\/33229_2.jpg\",\"width\":800,\"height\":800},{\"@type\":\"BreadcrumbList\",\"@id\":\"https:\/\/ironsky.pl\/sklep\/produkt\/ladowarka-skyrc-d200neo-2-kanalowa\/#breadcrumb\",\"itemListElement\":[{\"@type\":\"ListItem\",\"position\":1,\"name\":\"Strona g\u0142\u00f3wna\",\"item\":\"https:\/\/ironsky.pl\/sklep\/\"},{\"@type\":\"ListItem\",\"position\":2,\"name\":\"Wszystkie produkty\",\"item\":\"https:\/\/ironsky.pl\/sklep\/produkty\/\"},{\"@type\":\"ListItem\",\"position\":3,\"name\":\"\u0141adowarka SKYRC D200neo 2-kana\u0142owa\"}]},{\"@type\":\"WebSite\",\"@id\":\"https:\/\/ironsky.pl\/sklep\/#website\",\"url\":\"https:\/\/ironsky.pl\/sklep\/\",\"name\":\"IRONSKY.PL Sklep z Dronami\",\"description\":\"IRONSKY.PL Sklep z Dronami\",\"potentialAction\":[{\"@type\":\"SearchAction\",\"target\":{\"@type\":\"EntryPoint\",\"urlTemplate\":\"https:\/\/ironsky.pl\/sklep\/?s={search_term_string}\"},\"query-input\":{\"@type\":\"PropertyValueSpecification\",\"valueRequired\":true,\"valueName\":\"search_term_string\"}}],\"inLanguage\":\"pl-PL\"}]}<\/script>\n<!-- \/ Yoast SEO plugin. -->","yoast_head_json":{"title":"\u0141adowarka SKYRC D200neo 2-kana\u0142owa - IRONSKY.PL Sklep z Dronami","description":"\u0141adowarka SKYRC D200neo 2-kana\u0142owa - \u2705 sklep z dronami i fachowym doradztwem. \u2705 Tutaj kupisz produkty DJI, Yuneec, Parrot, Syma i wiele innych, a tak\u017ce kursy i licencje na operatora drona.","robots":{"index":"index","follow":"follow","max-snippet":"max-snippet:-1","max-image-preview":"max-image-preview:large","max-video-preview":"max-video-preview:-1"},"canonical":"https:\/\/ironsky.pl\/sklep\/produkt\/ladowarka-skyrc-d200neo-2-kanalowa\/","og_locale":"pl_PL","og_type":"article","og_title":"\u0141adowarka SKYRC D200neo 2-kana\u0142owa - IRONSKY.PL Sklep z Dronami","og_description":"\u0141adowarka SKYRC D200neo 2-kana\u0142owa - \u2705 sklep z dronami i fachowym doradztwem. \u2705 Tutaj kupisz produkty DJI, Yuneec, Parrot, Syma i wiele innych, a tak\u017ce kursy i licencje na operatora drona.","og_url":"https:\/\/ironsky.pl\/sklep\/produkt\/ladowarka-skyrc-d200neo-2-kanalowa\/","og_site_name":"IRONSKY.PL Sklep z Dronami","article_modified_time":"2026-04-15T08:23:22+00:00","og_image":[{"width":800,"height":800,"url":"https:\/\/ironsky.pl\/sklep\/wp-content\/uploads\/2026\/04\/33229_2.jpg","type":"image\/jpeg"}],"twitter_card":"summary_large_image","twitter_misc":{"Szacowany czas czytania":"4 minuty"},"schema":{"@context":"https:\/\/schema.org","@graph":[{"@type":"WebPage","@id":"https:\/\/ironsky.pl\/sklep\/produkt\/ladowarka-skyrc-d200neo-2-kanalowa\/","url":"https:\/\/ironsky.pl\/sklep\/produkt\/ladowarka-skyrc-d200neo-2-kanalowa\/","name":"\u0141adowarka SKYRC D200neo 2-kana\u0142owa - IRONSKY.PL Sklep z Dronami","isPartOf":{"@id":"https:\/\/ironsky.pl\/sklep\/#website"},"primaryImageOfPage":{"@id":"https:\/\/ironsky.pl\/sklep\/produkt\/ladowarka-skyrc-d200neo-2-kanalowa\/#primaryimage"},"image":{"@id":"https:\/\/ironsky.pl\/sklep\/produkt\/ladowarka-skyrc-d200neo-2-kanalowa\/#primaryimage"},"thumbnailUrl":"https:\/\/ironsky.pl\/sklep\/wp-content\/uploads\/2026\/04\/33229_2.jpg","datePublished":"2026-04-15T08:22:40+00:00","dateModified":"2026-04-15T08:23:22+00:00","description":"\u0141adowarka SKYRC D200neo 2-kana\u0142owa - \u2705 sklep z dronami i fachowym doradztwem. \u2705 Tutaj kupisz produkty DJI, Yuneec, Parrot, Syma i wiele innych, a tak\u017ce kursy i licencje na operatora drona.","breadcrumb":{"@id":"https:\/\/ironsky.pl\/sklep\/produkt\/ladowarka-skyrc-d200neo-2-kanalowa\/#breadcrumb"},"inLanguage":"pl-PL","potentialAction":[{"@type":"ReadAction","target":["https:\/\/ironsky.pl\/sklep\/produkt\/ladowarka-skyrc-d200neo-2-kanalowa\/"]}]},{"@type":"ImageObject","inLanguage":"pl-PL","@id":"https:\/\/ironsky.pl\/sklep\/produkt\/ladowarka-skyrc-d200neo-2-kanalowa\/#primaryimage","url":"https:\/\/ironsky.pl\/sklep\/wp-content\/uploads\/2026\/04\/33229_2.jpg","contentUrl":"https:\/\/ironsky.pl\/sklep\/wp-content\/uploads\/2026\/04\/33229_2.jpg","width":800,"height":800},{"@type":"BreadcrumbList","@id":"https:\/\/ironsky.pl\/sklep\/produkt\/ladowarka-skyrc-d200neo-2-kanalowa\/#breadcrumb","itemListElement":[{"@type":"ListItem","position":1,"name":"Strona g\u0142\u00f3wna","item":"https:\/\/ironsky.pl\/sklep\/"},{"@type":"ListItem","position":2,"name":"Wszystkie produkty","item":"https:\/\/ironsky.pl\/sklep\/produkty\/"},{"@type":"ListItem","position":3,"name":"\u0141adowarka SKYRC D200neo 2-kana\u0142owa"}]},{"@type":"WebSite","@id":"https:\/\/ironsky.pl\/sklep\/#website","url":"https:\/\/ironsky.pl\/sklep\/","name":"IRONSKY.PL Sklep z Dronami","description":"IRONSKY.PL Sklep z Dronami","potentialAction":[{"@type":"SearchAction","target":{"@type":"EntryPoint","urlTemplate":"https:\/\/ironsky.pl\/sklep\/?s={search_term_string}"},"query-input":{"@type":"PropertyValueSpecification","valueRequired":true,"valueName":"search_term_string"}}],"inLanguage":"pl-PL"}]}},"_links":{"self":[{"href":"https:\/\/ironsky.pl\/sklep\/wp-json\/wp\/v2\/product\/57165","targetHints":{"allow":["GET"]}}],"collection":[{"href":"https:\/\/ironsky.pl\/sklep\/wp-json\/wp\/v2\/product"}],"about":[{"href":"https:\/\/ironsky.pl\/sklep\/wp-json\/wp\/v2\/types\/product"}],"replies":[{"embeddable":true,"href":"https:\/\/ironsky.pl\/sklep\/wp-json\/wp\/v2\/comments?post=57165"}],"wp:featuredmedia":[{"embeddable":true,"href":"https:\/\/ironsky.pl\/sklep\/wp-json\/wp\/v2\/media\/57166"}],"wp:attachment":[{"href":"https:\/\/ironsky.pl\/sklep\/wp-json\/wp\/v2\/media?parent=57165"}],"wp:term":[{"taxonomy":"product_brand","embeddable":true,"href":"https:\/\/ironsky.pl\/sklep\/wp-json\/wp\/v2\/product_brand?post=57165"},{"taxonomy":"product_cat","embeddable":true,"href":"https:\/\/ironsky.pl\/sklep\/wp-json\/wp\/v2\/product_cat?post=57165"},{"taxonomy":"product_tag","embeddable":true,"href":"https:\/\/ironsky.pl\/sklep\/wp-json\/wp\/v2\/product_tag?post=57165"}],"curies":[{"name":"wp","href":"https:\/\/api.w.org\/{rel}","templated":true}]}}