{"id":57134,"date":"2026-04-15T10:22:40","date_gmt":"2026-04-15T08:22:40","guid":{"rendered":"https:\/\/ironsky.pl\/sklep\/produkt\/zestaw-insta360-x3-creator-kit-2\/"},"modified":"2026-04-15T10:22:57","modified_gmt":"2026-04-15T08:22:57","slug":"zestaw-insta360-x3-creator-kit-2","status":"publish","type":"product","link":"https:\/\/ironsky.pl\/sklep\/produkt\/zestaw-insta360-x3-creator-kit-2\/","title":{"rendered":"Zestaw INSTA360 X3 Creator Kit"},"content":{"rendered":"<h3>Zestaw Insta360 X3 Creator Kit<\/h3>\n<p>Insta360 X3 oferuje rejestracj\u0119 film\u00f3w w 360-stopniowym zakresie w wysokiej jako\u015bci. B\u0119dzie idealnym wyborem dla entuzjast\u00f3w dynamicznych aktywno\u015bci, zapewniaj\u0105c doskona\u0142\u0105 stabilizacj\u0119 obrazu, wiele praktycznych tryb\u00f3w oraz mo\u017cliwo\u015bci b\u0142yskawicznej edycji materia\u0142\u00f3w. W zestawie z kamer\u0105 znajdziesz os\u0142ony obiektywu, zapasowy akumulator oraz wielofunkcyjny uchwyt Bullet Time Bundle, z kt\u00f3rym stworzysz zachwycaj\u0105ce uj\u0119cia z ciekawej perspektywy!<\/p>\n<p>\n  <img decoding=\"async\" src=\"https:\/\/assets.innpro.pl\/609\/19092\/1.jpg\" border=\"0\" alt=\"\">\n<\/p>\n<h3>Jako\u015b\u0107 przede wszystkim<\/h3>\n<p>Kamer\u0119 wyposa\u017cono w sensor 1\/2\u201c, dzi\u0119ki czemu jest w stanie nagrywa\u0107 ostre, p\u0142ynne uj\u0119cia w wysokiej jako\u015bci. Skorzystaj z ustawienia 5.7K 360\u00b0 i zapisz najlepsze momenty nie tylko we wspomnieniach! Dost\u0119pny jest r\u00f3wnie\u017c tryb zdj\u0119\u0107 72MP 360\u00b0. Sprawia to, \u017ce zachowasz ka\u017cd\u0105 wa\u017cn\u0105 chwil\u0119 \u2013 z realistycznym poziomem szczeg\u00f3\u0142\u00f3w!<\/p>\n<p>\n  <img decoding=\"async\" src=\"https:\/\/assets.innpro.pl\/609\/19092\/9.jpg\" border=\"0\" alt=\"\">\n<\/p>\n<h3>Wiele mo\u017cliwo\u015bci<\/h3>\n<p>Odkryj pe\u0142en potencja\u0142 kamery X3 z szeregiem dost\u0119pnych ustawie\u0144! Skorzystaj z trybu pojedynczego obiektywu, by nagrywa\u0107 w jako\u015bci 4K 30FPS lub w ekspozycji szerokok\u0105tnej (2.7K 170\u00b0). Mo\u017cesz r\u00f3wnie\u017c tworzy\u0107 uj\u0119cia w Slow Motion \u2013 4K 120FPS \/ 3K 180FPS. Eksperymentuj z r\u00f3\u017cnymi trybami, by wykrzesa\u0107 jak najwi\u0119cej jako\u015bci z prze\u017cywanych chwil! Wypr\u00f3buj te\u017c zjawiskowy Timelapse, kt\u00f3ry zapewnia klas\u0119 8K w 360\u00b0.<\/p>\n<p>\n  <img decoding=\"async\" src=\"https:\/\/assets.innpro.pl\/609\/19092\/8.jpg\" border=\"0\" alt=\"\">\n<\/p>\n<h3>Tryb ME<\/h3>\n<p>Zupe\u0142n\u0105 nowo\u015bci\u0105 jest r\u00f3wnie\u017c tryb Me. Wykorzystuje on zaawansowane algorytmy, kt\u00f3re s\u0105 w stanie <a href=\"http:\/\/m.in\">m.in<\/a>. zupe\u0142nie wyci\u0105\u0107 z uj\u0119\u0107 selfie sticka, zapewniaj\u0105c znakomicie oddan\u0105 perspektyw\u0119 z 3 osoby. To ustawienie potrafi rejestrowa\u0107 obraz w jako\u015bci 1080P 30\/60 FPS. Mo\u017cesz uruchomi\u0107 je na przyk\u0142ad na czas zjazdu na nartach \u2013 efekt ko\u0144cowy zachwyci wszystkich Twoich znajomych!<\/p>\n<p>\n  <img decoding=\"async\" src=\"https:\/\/assets.innpro.pl\/609\/19092\/5.jpg\" border=\"0\" alt=\"\">\n<\/p>\n<h3>Prawdziwa stabilno\u015b\u0107<\/h3>\n<p>Nad stabilno\u015bci\u0105 obrazu czuwaj\u0105 zaimplementowane technologie. Tryb Active HDR 360\u00b0 zapewnia rejestracj\u0119 wysokiej klasy film\u00f3w bez wstrz\u0105s\u00f3w \u2013 nawet podczas dynamicznych aktywno\u015bci. Wp\u0142ywa na to te\u017c wykorzystanie systemu FlowState Stabilization. Dost\u0119pny jest r\u00f3wnie\u017c tryb 360\u00b0 Horizon Lock, gwarantuj\u0105cy wyr\u00f3wnywanie obrazu do poziomu horyzontu w czasie rzeczywistym.<\/p>\n<p>\n  <img decoding=\"async\" src=\"https:\/\/assets.innpro.pl\/609\/19092\/6.jpg\" border=\"0\" alt=\"\">\n<\/p>\n<h3>Przemy\u015blana konstrukcja<\/h3>\n<p>Kamer\u0119 zaprojektowano z my\u015bl\u0105 o szerokim zastosowaniu. Klasa wodoodporno\u015bci IPX8 umo\u017cliwia u\u017cytkowanie nawet w niesprzyjaj\u0105cych warunkach lub nurkowa\u0107 na g\u0142\u0119boko\u015b\u0107 do 10 m (do 50 m z wykorzystaniem etui do nurkowania &#8211; w oddzielnej sprzeda\u017cy). Urz\u0105dzenie wyposa\u017cono w 2,29-calowy wy\u015bwietlacz z intuicyjnym interfejsem oraz wydajny akumulator o pojemno\u015bci 1800 mAh. Dzi\u0119ki temu mo\u017cesz cieszy\u0107 si\u0119 d\u0142ugim czasem pracy i wysokim komfortem obs\u0142ugi.<\/p>\n<p>\n  <img decoding=\"async\" src=\"https:\/\/assets.innpro.pl\/609\/19092\/2.jpg\" border=\"0\" alt=\"\">\n<\/p>\n<h3>Wysokiej klasy d\u017awi\u0119k<\/h3>\n<p>Insta360 X3 wykorzystuje 4 wbudowane mikrofony, kt\u00f3re rejestruj\u0105 wysokiej jako\u015bci, nasycony szczeg\u00f3\u0142ami d\u017awi\u0119k. Zaawansowane algorytmy audio pozwalaj\u0105 zachowa\u0107 naturalne tony d\u017awi\u0119k\u00f3w otoczenia \u2013 jeszcze dok\u0142adniej utrwalaj\u0105c najpi\u0119kniejsze momenty.<\/p>\n<p>\n  <img decoding=\"async\" src=\"https:\/\/assets.innpro.pl\/609\/19092\/4.jpg\" border=\"0\" alt=\"\">\n<\/p>\n<h3>Wi\u0119cej nowo\u015bci<\/h3>\n<p>To nie koniec innowacyjnych rozwi\u0105za\u0144 i dodatk\u00f3w! Kamera wyr\u00f3\u017cnia si\u0119 wykorzystaniem szeregu usprawnie\u0144, kt\u00f3re gwarantuj\u0105 po\u0142\u0105czenie funkcjonalno\u015bci i wygody. Funkcja Pre-recording umo\u017cliwia zapis 15 lub 30-sekundowych klip\u00f3w wstecz, dzi\u0119ki czemu nie pominiesz niczego wa\u017cnego. Tryb Loop Recording pozwala ustawi\u0107 nadpisywanie plik\u00f3w, je\u015bli chcesz skuteczniej zadba\u0107 o wolne miejsce na no\u015bniku. Voice Control 2.0 zapewnia wygodn\u0105 obs\u0142ug\u0119 g\u0142osow\u0105, a udoskonalony transfer Wi-Fi cechuje si\u0119 nawet 50% szybsz\u0105 transmisj\u0105 wzgl\u0119dem modelu X2.<\/p>\n<p>\n  <img decoding=\"async\" src=\"https:\/\/assets.innpro.pl\/609\/19092\/3.jpg\" border=\"0\" alt=\"\">\n<\/p>\n<h3>Edycja prostsza ni\u017c kiedykolwiek<\/h3>\n<p>Przygotuj materia\u0142y do publikacji z poziomu aplikacji Insta360. Jej algorytmy edycji AI w mgnieniu oka dostosuj\u0105 wszelkie parametry i style do Twoich wymaga\u0144. Wybieraj r\u00f3\u017cne efekty w Shot Lab, by znale\u017a\u0107 co\u015b dla siebie. Dost\u0119pny jest te\u017c tryb Photo Animator, za pomoc\u0105 kt\u00f3rego przekszta\u0142cisz statyczne uj\u0119cie 360\u00b0 w p\u0142ynn\u0105 animacj\u0119 filmow\u0105.<\/p>\n<p>\n  <img decoding=\"async\" src=\"https:\/\/assets.innpro.pl\/609\/19092\/7.jpg\" border=\"0\" alt=\"\">\n<\/p>\n<h3>W zestawie<\/h3>\n<ul>\n<li>Kamera Insta360 X3<\/li>\n<li>Przylepna os\u0142ona obiektywu x2<\/li>\n<li>Zapasowy akumulator do kamery Insta360 X3<\/li>\n<li>Pojemnik na akumulator<\/li>\n<li>Wysi\u0119gnik teleskopowy Invisible Selfie Stick 114cm<\/li>\n<li>Uchywt ze statywem Bullet Time Insta360<\/li>\n<li>Kabel USB do \u0142adowania kamery Insta360 X3<\/li>\n<li>Etui ochronne kamery Insta360 X3<\/li>\n<li>\u015aciereczka do obiektywu<\/li>\n<li>Instrukcja&nbsp;QuickStart Guide<\/li>\n<\/ul>\n<div class=\"table-wrapper\">\n<p>&nbsp;<\/p>\n<h3><\/h3>\n<table>\n<tbody>\n<tr>\n<th>Producent <\/th>\n<td>Insta360<\/td>\n<\/tr>\n<tr>\n<th>Model <\/th>\n<td>X3<\/td>\n<\/tr>\n<tr>\n<th>Przys\u0142ona <\/th>\n<td>F\/1.9<\/td>\n<\/tr>\n<tr>\n<th>Odpowiednik ogniskowej 35 mm <\/th>\n<td>6.7 mm<\/td>\n<\/tr>\n<tr>\n<th>Rozdzielczo\u015b\u0107 zdj\u0119\u0107 <\/th>\n<td>72MP (11968&#215;5984); 18MP(5952&#215;2976)<\/td>\n<\/tr>\n<tr>\n<th>Rozdzielczo\u015b\u0107 video <\/th>\n<td>360: 5.7K: 5760*2880@30\/25\/24; 4K: 3840*1920@60\/30; Tryb Single Lens 4K: 3840&#215;2160@30\/25\/24; 3.6K: 3584&#215;2016@60\/50\/30\/25\/24; 2.7K: 2720&#215;1530@60\/50\/30\/25\/24; 1080P: 1920&#215;1088@60\/50\/30\/25\/24<\/td>\n<\/tr>\n<tr>\n<th>Format zdj\u0119\u0107 <\/th>\n<td>insp (mo\u017cna wyeksportowa\u0107 przez aplikacj\u0119 lub Studio), PureShot (RAW dng, musi by\u0107 edytowane na komputerze)<\/td>\n<\/tr>\n<tr>\n<th>Format video <\/th>\n<td>Single Lens: MP4; 360: INSV (Low Res Video: LRV)<\/td>\n<\/tr>\n<tr>\n<th>Tryby zdj\u0119\u0107 <\/th>\n<td>Standard, HDR, Burst, Interval, Starlapse<\/td>\n<\/tr>\n<tr>\n<th>Tryby video <\/th>\n<td>Standard, Active HDR, Timelapse, TimeShift, Bullet Time, Loop Recording<\/td>\n<\/tr>\n<tr>\n<th>Profile kolor\u00f3w <\/th>\n<td>Vivid, Standard, LOG<\/td>\n<\/tr>\n<tr>\n<th>Waga <\/th>\n<td>180 g<\/td>\n<\/tr>\n<tr>\n<th>Wymiary <\/th>\n<td>114 x 46 x 22.5 mm<\/td>\n<\/tr>\n<tr>\n<th>Czas pracy <\/th>\n<td>Do 81 minut<\/td>\n<\/tr>\n<tr>\n<th>Maksymalny bitrate video <\/th>\n<td>120 Mbps<\/td>\n<\/tr>\n<tr>\n<th>\u017byroskop <\/th>\n<td>6-osiowy<\/td>\n<\/tr>\n<tr>\n<th>Transmisje na \u017cywo <\/th>\n<td>360 Live, Reframe Live<\/td>\n<\/tr>\n<tr>\n<th>Warto\u015b\u0107 ekspozycji <\/th>\n<td>\u00b14EV<\/td>\n<\/tr>\n<tr>\n<th>Zasi\u0119g ISO <\/th>\n<td>100\uff5e3200<\/td>\n<\/tr>\n<tr>\n<th>Szybko\u015b\u0107 migawki <\/th>\n<td>Photo: 1\/8000 &#8211; 120s; Video: 1\/8000 &#8211; do limitu klatek na sekund\u0119<\/td>\n<\/tr>\n<tr>\n<th>Balans bieli <\/th>\n<td>2000K-10000K<\/td>\n<\/tr>\n<tr>\n<th>Tryby audio <\/th>\n<td>Redukcja wiatru, Stereo, Skupienie kierunkowe 360\u00b0<\/td>\n<\/tr>\n<tr>\n<th>Format audio <\/th>\n<td>48 kHz, 16bits, AAC<\/td>\n<\/tr>\n<tr>\n<th>Bluetooth <\/th>\n<td>BLE 5.0<\/td>\n<\/tr>\n<tr>\n<th>WiFi <\/th>\n<td>2.4GHz, 5GHz 802.11a\/b\/g\/n\/ac<\/td>\n<\/tr>\n<tr>\n<th>USB <\/th>\n<td>Typ C (wspiera jedynie po\u0142\u0105czenia z urz\u0105dzeniami z systemem Android \u2013 USB-C \/ Micro USB)<\/td>\n<\/tr>\n<tr>\n<th>Karta MicroSD <\/th>\n<td>Klasa UHS-I V30, exFAT, maks. 1TB<\/td>\n<\/tr>\n<tr>\n<th>Pojemno\u015b\u0107 akumulatora <\/th>\n<td>1800 mAh<\/td>\n<\/tr>\n<tr>\n<th>Port \u0142adowania <\/th>\n<td>USB-C<\/td>\n<\/tr>\n<tr>\n<th>Czas \u0142adowania <\/th>\n<td>90 minut (5V\/3A)<\/td>\n<\/tr>\n<tr>\n<th>Temperatura robocza <\/th>\n<td>-4\u00b0F to 104\u00b0F (-20\u2103 to 40\u2103)<\/td>\n<\/tr>\n<\/tbody>\n<\/table>\n<\/div>\n","protected":false},"excerpt":{"rendered":"<p>Zestaw Insta360 X3 Creator Kit Insta360 X3 oferuje rejestracj\u0119 film\u00f3w w 360-stopniowym zakresie w wysokiej jako\u015bci. B\u0119dzie idealnym wyborem dla<\/p>\n","protected":false},"featured_media":57135,"comment_status":"closed","ping_status":"open","template":"","meta":{"_acf_changed":false},"product_brand":[],"product_cat":[1128,6213,6203],"product_tag":[],"class_list":{"0":"post-57134","1":"product","2":"type-product","3":"status-publish","4":"has-post-thumbnail","6":"product_cat-foto-wideo","7":"product_cat-insta","8":"product_cat-kamery-foto-wideo","9":"pa_okres-gwarancji-5757","10":"pa_producent-insta360","12":"first","13":"outofstock","14":"taxable","15":"shipping-taxable","16":"purchasable","17":"product-type-simple"},"acf":[],"yoast_head":"<!-- This site is optimized with the Yoast SEO plugin v27.2 - https:\/\/yoast.com\/product\/yoast-seo-wordpress\/ -->\n<title>Zestaw INSTA360 X3 Creator Kit - IRONSKY.PL Sklep z Dronami<\/title>\n<meta name=\"description\" content=\"Zestaw INSTA360 X3 Creator Kit - \u2705 sklep z dronami i fachowym doradztwem. \u2705 Tutaj kupisz produkty DJI, Yuneec, Parrot, Syma i wiele innych, a tak\u017ce kursy i licencje na operatora drona.\" \/>\n<meta name=\"robots\" content=\"index, follow, max-snippet:-1, max-image-preview:large, max-video-preview:-1\" \/>\n<link rel=\"canonical\" href=\"https:\/\/ironsky.pl\/sklep\/produkt\/zestaw-insta360-x3-creator-kit-2\/\" \/>\n<meta property=\"og:locale\" content=\"pl_PL\" \/>\n<meta property=\"og:type\" content=\"article\" \/>\n<meta property=\"og:title\" content=\"Zestaw INSTA360 X3 Creator Kit - IRONSKY.PL Sklep z Dronami\" \/>\n<meta property=\"og:description\" content=\"Zestaw INSTA360 X3 Creator Kit - \u2705 sklep z dronami i fachowym doradztwem. \u2705 Tutaj kupisz produkty DJI, Yuneec, Parrot, Syma i wiele innych, a tak\u017ce kursy i licencje na operatora drona.\" \/>\n<meta property=\"og:url\" content=\"https:\/\/ironsky.pl\/sklep\/produkt\/zestaw-insta360-x3-creator-kit-2\/\" \/>\n<meta property=\"og:site_name\" content=\"IRONSKY.PL Sklep z Dronami\" \/>\n<meta property=\"article:modified_time\" content=\"2026-04-15T08:22:57+00:00\" \/>\n<meta property=\"og:image\" content=\"https:\/\/ironsky.pl\/sklep\/wp-content\/uploads\/2026\/04\/32983_6.jpg\" \/>\n\t<meta property=\"og:image:width\" content=\"800\" \/>\n\t<meta property=\"og:image:height\" content=\"800\" \/>\n\t<meta property=\"og:image:type\" content=\"image\/jpeg\" \/>\n<meta name=\"twitter:card\" content=\"summary_large_image\" \/>\n<meta name=\"twitter:label1\" content=\"Szacowany czas czytania\" \/>\n\t<meta name=\"twitter:data1\" content=\"4 minuty\" \/>\n<script type=\"application\/ld+json\" class=\"yoast-schema-graph\">{\"@context\":\"https:\/\/schema.org\",\"@graph\":[{\"@type\":\"WebPage\",\"@id\":\"https:\/\/ironsky.pl\/sklep\/produkt\/zestaw-insta360-x3-creator-kit-2\/\",\"url\":\"https:\/\/ironsky.pl\/sklep\/produkt\/zestaw-insta360-x3-creator-kit-2\/\",\"name\":\"Zestaw INSTA360 X3 Creator Kit - IRONSKY.PL Sklep z Dronami\",\"isPartOf\":{\"@id\":\"https:\/\/ironsky.pl\/sklep\/#website\"},\"primaryImageOfPage\":{\"@id\":\"https:\/\/ironsky.pl\/sklep\/produkt\/zestaw-insta360-x3-creator-kit-2\/#primaryimage\"},\"image\":{\"@id\":\"https:\/\/ironsky.pl\/sklep\/produkt\/zestaw-insta360-x3-creator-kit-2\/#primaryimage\"},\"thumbnailUrl\":\"https:\/\/ironsky.pl\/sklep\/wp-content\/uploads\/2026\/04\/32983_6.jpg\",\"datePublished\":\"2026-04-15T08:22:40+00:00\",\"dateModified\":\"2026-04-15T08:22:57+00:00\",\"description\":\"Zestaw INSTA360 X3 Creator Kit - \u2705 sklep z dronami i fachowym doradztwem. \u2705 Tutaj kupisz produkty DJI, Yuneec, Parrot, Syma i wiele innych, a tak\u017ce kursy i licencje na operatora drona.\",\"breadcrumb\":{\"@id\":\"https:\/\/ironsky.pl\/sklep\/produkt\/zestaw-insta360-x3-creator-kit-2\/#breadcrumb\"},\"inLanguage\":\"pl-PL\",\"potentialAction\":[{\"@type\":\"ReadAction\",\"target\":[\"https:\/\/ironsky.pl\/sklep\/produkt\/zestaw-insta360-x3-creator-kit-2\/\"]}]},{\"@type\":\"ImageObject\",\"inLanguage\":\"pl-PL\",\"@id\":\"https:\/\/ironsky.pl\/sklep\/produkt\/zestaw-insta360-x3-creator-kit-2\/#primaryimage\",\"url\":\"https:\/\/ironsky.pl\/sklep\/wp-content\/uploads\/2026\/04\/32983_6.jpg\",\"contentUrl\":\"https:\/\/ironsky.pl\/sklep\/wp-content\/uploads\/2026\/04\/32983_6.jpg\",\"width\":800,\"height\":800},{\"@type\":\"BreadcrumbList\",\"@id\":\"https:\/\/ironsky.pl\/sklep\/produkt\/zestaw-insta360-x3-creator-kit-2\/#breadcrumb\",\"itemListElement\":[{\"@type\":\"ListItem\",\"position\":1,\"name\":\"Strona g\u0142\u00f3wna\",\"item\":\"https:\/\/ironsky.pl\/sklep\/\"},{\"@type\":\"ListItem\",\"position\":2,\"name\":\"Wszystkie produkty\",\"item\":\"https:\/\/ironsky.pl\/sklep\/produkty\/\"},{\"@type\":\"ListItem\",\"position\":3,\"name\":\"Zestaw INSTA360 X3 Creator Kit\"}]},{\"@type\":\"WebSite\",\"@id\":\"https:\/\/ironsky.pl\/sklep\/#website\",\"url\":\"https:\/\/ironsky.pl\/sklep\/\",\"name\":\"IRONSKY.PL Sklep z Dronami\",\"description\":\"IRONSKY.PL Sklep z Dronami\",\"potentialAction\":[{\"@type\":\"SearchAction\",\"target\":{\"@type\":\"EntryPoint\",\"urlTemplate\":\"https:\/\/ironsky.pl\/sklep\/?s={search_term_string}\"},\"query-input\":{\"@type\":\"PropertyValueSpecification\",\"valueRequired\":true,\"valueName\":\"search_term_string\"}}],\"inLanguage\":\"pl-PL\"}]}<\/script>\n<!-- \/ Yoast SEO plugin. -->","yoast_head_json":{"title":"Zestaw INSTA360 X3 Creator Kit - IRONSKY.PL Sklep z Dronami","description":"Zestaw INSTA360 X3 Creator Kit - \u2705 sklep z dronami i fachowym doradztwem. \u2705 Tutaj kupisz produkty DJI, Yuneec, Parrot, Syma i wiele innych, a tak\u017ce kursy i licencje na operatora drona.","robots":{"index":"index","follow":"follow","max-snippet":"max-snippet:-1","max-image-preview":"max-image-preview:large","max-video-preview":"max-video-preview:-1"},"canonical":"https:\/\/ironsky.pl\/sklep\/produkt\/zestaw-insta360-x3-creator-kit-2\/","og_locale":"pl_PL","og_type":"article","og_title":"Zestaw INSTA360 X3 Creator Kit - IRONSKY.PL Sklep z Dronami","og_description":"Zestaw INSTA360 X3 Creator Kit - \u2705 sklep z dronami i fachowym doradztwem. \u2705 Tutaj kupisz produkty DJI, Yuneec, Parrot, Syma i wiele innych, a tak\u017ce kursy i licencje na operatora drona.","og_url":"https:\/\/ironsky.pl\/sklep\/produkt\/zestaw-insta360-x3-creator-kit-2\/","og_site_name":"IRONSKY.PL Sklep z Dronami","article_modified_time":"2026-04-15T08:22:57+00:00","og_image":[{"width":800,"height":800,"url":"https:\/\/ironsky.pl\/sklep\/wp-content\/uploads\/2026\/04\/32983_6.jpg","type":"image\/jpeg"}],"twitter_card":"summary_large_image","twitter_misc":{"Szacowany czas czytania":"4 minuty"},"schema":{"@context":"https:\/\/schema.org","@graph":[{"@type":"WebPage","@id":"https:\/\/ironsky.pl\/sklep\/produkt\/zestaw-insta360-x3-creator-kit-2\/","url":"https:\/\/ironsky.pl\/sklep\/produkt\/zestaw-insta360-x3-creator-kit-2\/","name":"Zestaw INSTA360 X3 Creator Kit - IRONSKY.PL Sklep z Dronami","isPartOf":{"@id":"https:\/\/ironsky.pl\/sklep\/#website"},"primaryImageOfPage":{"@id":"https:\/\/ironsky.pl\/sklep\/produkt\/zestaw-insta360-x3-creator-kit-2\/#primaryimage"},"image":{"@id":"https:\/\/ironsky.pl\/sklep\/produkt\/zestaw-insta360-x3-creator-kit-2\/#primaryimage"},"thumbnailUrl":"https:\/\/ironsky.pl\/sklep\/wp-content\/uploads\/2026\/04\/32983_6.jpg","datePublished":"2026-04-15T08:22:40+00:00","dateModified":"2026-04-15T08:22:57+00:00","description":"Zestaw INSTA360 X3 Creator Kit - \u2705 sklep z dronami i fachowym doradztwem. \u2705 Tutaj kupisz produkty DJI, Yuneec, Parrot, Syma i wiele innych, a tak\u017ce kursy i licencje na operatora drona.","breadcrumb":{"@id":"https:\/\/ironsky.pl\/sklep\/produkt\/zestaw-insta360-x3-creator-kit-2\/#breadcrumb"},"inLanguage":"pl-PL","potentialAction":[{"@type":"ReadAction","target":["https:\/\/ironsky.pl\/sklep\/produkt\/zestaw-insta360-x3-creator-kit-2\/"]}]},{"@type":"ImageObject","inLanguage":"pl-PL","@id":"https:\/\/ironsky.pl\/sklep\/produkt\/zestaw-insta360-x3-creator-kit-2\/#primaryimage","url":"https:\/\/ironsky.pl\/sklep\/wp-content\/uploads\/2026\/04\/32983_6.jpg","contentUrl":"https:\/\/ironsky.pl\/sklep\/wp-content\/uploads\/2026\/04\/32983_6.jpg","width":800,"height":800},{"@type":"BreadcrumbList","@id":"https:\/\/ironsky.pl\/sklep\/produkt\/zestaw-insta360-x3-creator-kit-2\/#breadcrumb","itemListElement":[{"@type":"ListItem","position":1,"name":"Strona g\u0142\u00f3wna","item":"https:\/\/ironsky.pl\/sklep\/"},{"@type":"ListItem","position":2,"name":"Wszystkie produkty","item":"https:\/\/ironsky.pl\/sklep\/produkty\/"},{"@type":"ListItem","position":3,"name":"Zestaw INSTA360 X3 Creator Kit"}]},{"@type":"WebSite","@id":"https:\/\/ironsky.pl\/sklep\/#website","url":"https:\/\/ironsky.pl\/sklep\/","name":"IRONSKY.PL Sklep z Dronami","description":"IRONSKY.PL Sklep z Dronami","potentialAction":[{"@type":"SearchAction","target":{"@type":"EntryPoint","urlTemplate":"https:\/\/ironsky.pl\/sklep\/?s={search_term_string}"},"query-input":{"@type":"PropertyValueSpecification","valueRequired":true,"valueName":"search_term_string"}}],"inLanguage":"pl-PL"}]}},"_links":{"self":[{"href":"https:\/\/ironsky.pl\/sklep\/wp-json\/wp\/v2\/product\/57134","targetHints":{"allow":["GET"]}}],"collection":[{"href":"https:\/\/ironsky.pl\/sklep\/wp-json\/wp\/v2\/product"}],"about":[{"href":"https:\/\/ironsky.pl\/sklep\/wp-json\/wp\/v2\/types\/product"}],"replies":[{"embeddable":true,"href":"https:\/\/ironsky.pl\/sklep\/wp-json\/wp\/v2\/comments?post=57134"}],"wp:featuredmedia":[{"embeddable":true,"href":"https:\/\/ironsky.pl\/sklep\/wp-json\/wp\/v2\/media\/57135"}],"wp:attachment":[{"href":"https:\/\/ironsky.pl\/sklep\/wp-json\/wp\/v2\/media?parent=57134"}],"wp:term":[{"taxonomy":"product_brand","embeddable":true,"href":"https:\/\/ironsky.pl\/sklep\/wp-json\/wp\/v2\/product_brand?post=57134"},{"taxonomy":"product_cat","embeddable":true,"href":"https:\/\/ironsky.pl\/sklep\/wp-json\/wp\/v2\/product_cat?post=57134"},{"taxonomy":"product_tag","embeddable":true,"href":"https:\/\/ironsky.pl\/sklep\/wp-json\/wp\/v2\/product_tag?post=57134"}],"curies":[{"name":"wp","href":"https:\/\/api.w.org\/{rel}","templated":true}]}}